{"id":16281,"date":"2025-04-17T09:10:20","date_gmt":"2025-04-17T09:10:20","guid":{"rendered":"https:\/\/www.elementvape.de\/?post_type=product&#038;p=16281"},"modified":"2026-01-23T06:42:48","modified_gmt":"2026-01-23T06:42:48","slug":"bang-tornado-40000-double-apple-erfrischender-apfelgenuss-mit-intensiver-fruchtigkeit","status":"publish","type":"product","link":"https:\/\/www.elementvape.de\/ro\/produkt\/bang-tornado-40000-double-apple-erfrischender-apfelgenuss-mit-intensiver-fruchtigkeit\/","title":{"rendered":"Bang Tornado 40000 Double Apple Pl\u0103cere r\u0103coritoare de m\u0103r cu fructuozitate intens\u0103"},"content":{"rendered":"<h2 data-start=\"0\" data-end=\"81\">Bang Tornado 40000 Double Apple O Deliciu Proasp\u0103t de M\u0103r pentru Ziua Lung\u0103<\/h2>\n<p class=\"\" data-start=\"83\" data-end=\"711\">\u00cen lumea \u021bigaretelor electronice exist\u0103 numeroase op\u021biuni, dar Bang Tornado 40000 Double Apple se eviden\u021biaz\u0103 prin gustul s\u0103u inconfundabil \u0219i performan\u021ba excep\u021bional\u0103. Cu aroma sa fructat\u0103, dulce \u0219i \u00een acela\u0219i timp r\u0103coritoare de m\u0103r, acest model este alegerea perfect\u0103 pentru vapori care caut\u0103 o experien\u021b\u0103 de vapare de durat\u0103 \u0219i intens\u0103. Combina\u021bia dintre merele verzi \u0219i ro\u0219ii asigur\u0103 un parfum echilibrat \u0219i proasp\u0103t, care este at\u00e2t dulce, c\u00e2t \u0219i u\u0219or acri\u0219or. Fiecare inhalare a Bang Tornado 40000 Double Apple te va purta \u00eentr-o lume a prospe\u021bimii.<\/p>\n<h3 class=\"\" data-start=\"713\" data-end=\"782\">Re\u00eemprosp\u0103tare dubl\u0103 de m\u0103r Gustul merelor proaspete<\/h3>\n<p class=\"\" data-start=\"784\" data-end=\"1349\">Amestecul dintre merele verzi \u0219i ro\u0219ii din Bang Tornado 40000 Double Apple este o adev\u0103rat\u0103 capodoper\u0103 a compozi\u021biei de gusturi. Gustul proasp\u0103t \u0219i dulce al m\u0103rului ro\u0219u se \u00eembin\u0103 cu u\u0219oara aciditate a m\u0103rului verde, oferind o experien\u021b\u0103 unic\u0103 de vapare. \u00cen timp ce m\u0103rul verde asigur\u0103 un gust proasp\u0103t \u0219i spumant, m\u0103rul ro\u0219u aduce o not\u0103 dulce, aproape caramelizat\u0103. \u00cempreun\u0103, ofer\u0103 un echilibru armonios \u00eentre fructuozitate \u0219i prospe\u021bime, care va \u00eenc\u00e2nta at\u00e2t \u00eencep\u0103torii, c\u00e2t \u0219i vapori experimenta\u021bi.<\/p>\n<p class=\"\" data-start=\"1351\" data-end=\"1630\">Aromele sunt at\u00e2t de intense \u00eenc\u00e2t fiecare inhalare transmite o senza\u021bie imediat\u0103 de prospe\u021bime \u0219i r\u0103corire. Indiferent dac\u0103 preferi un gust de m\u0103r bl\u00e2nd \u0219i dulce sau ceva mai acri\u0219or, Bang Tornado 40000 Double Apple \u00ee\u021bi va oferi exact ceea ce cau\u021bi.<\/p>\n<h3 class=\"\" data-start=\"1632\" data-end=\"1678\">40.000 de inhal\u0103ri pentru pl\u0103cerea suprem\u0103<\/h3>\n<p class=\"\" data-start=\"1680\" data-end=\"2226\">Un aspect remarcabil al Bang Tornado 40000 Double Apple este durabilitatea sa. Cu o durat\u0103 de via\u021b\u0103 impresionant\u0103 de 40.000 de inhal\u0103ri, acest dispozitiv ofer\u0103 pl\u0103ceri de vapare excep\u021bional de lungi f\u0103r\u0103 a fi nevoie de reumplere sau \u00eenlocuire constant\u0103. Rezervorul de 40 ml pentru e-lichid asigur\u0103 func\u021bionarea uniform\u0103 \u0219i fiabil\u0103 a dispozitivului pe \u00eentreaga durat\u0103 de utilizare. Chiar \u0219i dup\u0103 multe inhal\u0103ri, gustul r\u0103m\u00e2ne viu \u0219i proasp\u0103t, f\u0103c\u00e2ndu-l o alegere excelent\u0103 pentru vapori care nu doresc s\u0103 reumple frecvent.<\/p>\n<p class=\"\" data-start=\"2228\" data-end=\"2468\">Datorit\u0103 acestei capacit\u0103\u021bi enorme, vapori nu trebuie s\u0103-\u0219i fac\u0103 griji c\u0103 vor trebui s\u0103 opreasc\u0103 vaparea pentru a reumple. Cu Bang Tornado 40000 Double Apple, se pot bucura de pl\u0103cerea vap\u0103rii f\u0103r\u0103 \u00eentreruperi.<\/p>\n<h3 class=\"\" data-start=\"2470\" data-end=\"2526\">Baterie puternic\u0103 pentru performan\u021b\u0103 de durat\u0103<\/h3>\n<p class=\"\" data-start=\"2528\" data-end=\"3048\">Bang Tornado 40000 Double Apple este echipat cu o baterie de 850mAh, care asigur\u0103 o performan\u021b\u0103 constant\u0103. Bateria garanteaz\u0103 c\u0103 \u021bigara electronic\u0103 va produce vapori uniformi pe tot parcursul zilei, f\u0103r\u0103 a pierde din performan\u021b\u0103. Aceast\u0103 durat\u0103 lung\u0103 de via\u021b\u0103 a bateriei este deosebit de practic\u0103, deoarece elimin\u0103 necesitatea \u00eenc\u0103rc\u0103rii frecvente a dispozitivului. Conectorul Type-C permite, de asemenea, \u00eenc\u0103rcare rapid\u0103, astfel \u00eenc\u00e2t dispozitivul s\u0103 fie gata de utilizare \u00een cel mai scurt timp dup\u0103 ce bateria se descarc\u0103.<\/p>\n<p class=\"\" data-start=\"3050\" data-end=\"3203\">Bateria puternic\u0103 asigur\u0103 ca fiecare inhalare s\u0103 fie intens\u0103 \u0219i satisf\u0103c\u0103toare, indiferent dac\u0103 preferi o sesiune rapid\u0103 sau vapare prelungit\u0103.<\/p>\n<h3 class=\"\" data-start=\"3205\" data-end=\"3259\">Performan\u021b\u0103 ajustabil\u0103 pentru gust personalizat<\/h3>\n<p class=\"\" data-start=\"3261\" data-end=\"3748\">Un alt aspect remarcabil al Bang Tornado 40000 Double Apple este performan\u021ba ajustabil\u0103. Vapori pot ajusta intensitatea vapori \u0219i gustul dup\u0103 preferin\u021bele lor. Aceasta \u00eenseamn\u0103 c\u0103 po\u021bi personaliza experien\u021ba de vapare \u2013 fie c\u0103 dore\u0219ti un gust mai intens \u0219i un vapori mai puternici, fie o inhalare mai bl\u00e2nd\u0103 \u0219i mai delicat\u0103. Aceast\u0103 flexibilitate face ca dispozitivul s\u0103 fie ideal pentru vapori de toate nivelurile de experien\u021b\u0103.<\/p>\n<h3 class=\"\" data-start=\"3750\" data-end=\"3791\">Design elegant \u0219i portabilitate<\/h3>\n<p class=\"\" data-start=\"3793\" data-end=\"4313\">\u00cen ciuda performan\u021bei impresionante \u0219i a capacit\u0103\u021bii, designul Bang Tornado 40000 Double Apple r\u0103m\u00e2ne simplu \u0219i elegant. Dispozitivul este compact \u0219i ergonomic, astfel \u00eenc\u00e2t se potrive\u0219te bine \u00een m\u00e2n\u0103 \u0219i este u\u0219or de transportat. Indiferent dac\u0103 \u00eel folose\u0219ti acas\u0103, la serviciu sau \u00een deplasare \u2013 Bang Tornado 40000 Double Apple poate fi depozitat \u0219i utilizat f\u0103r\u0103 probleme. Designul modern face ca dispozitivul s\u0103 fie un adev\u0103rat punct de atrac\u021bie \u0219i asigur\u0103 c\u0103 vei vapora nu doar cu gust, ci \u0219i cu stil.<\/p>\n<h3 class=\"\" data-start=\"4315\" data-end=\"4361\">Un gust care persist\u0103 mult timp<\/h3>\n<p class=\"\" data-start=\"4363\" data-end=\"5110\">Bang Tornado 40000 Double Apple este alegerea ideal\u0103 pentru vapori care caut\u0103 o experien\u021b\u0103 de vapare durabil\u0103 \u0219i fructat\u0103. Cu combina\u021bia sa proasp\u0103t\u0103 de mere verzi \u0219i ro\u0219ii, o capacitate mare de 40.000 de inhal\u0103ri \u0219i o baterie puternic\u0103, acest dispozitiv ofer\u0103 tot ce ai nevoie pentru o vapare pl\u0103cut\u0103 \u0219i de durat\u0103. Indiferent dac\u0103 e\u0219ti \u00een c\u0103utarea unui gust fructat pentru \u00eentreaga zi sau pur \u0219i simplu vrei s\u0103 te bucuri de combina\u021bia r\u0103coritoare de gust de m\u0103r \u2013 Bang Tornado 40000 Double Apple nu te va dezam\u0103gi. Este un dispozitiv care stabile\u0219te noi standarde at\u00e2t \u00een ceea ce prive\u0219te gustul, c\u00e2t \u0219i performan\u021ba, transform\u00e2nd vaparea \u00eentr-o adev\u0103rat\u0103 pl\u0103cere.<\/p>","protected":false},"excerpt":{"rendered":"<p>Bang Tornado 40000 Double Apple Ein Frischer Apfelgenuss f\u00fcr Den Langen Tag In der Welt der E-Zigaretten gibt es zahlreiche Optionen, aber der Bang Tornado 40000 Double Apple hebt sich durch seinen unverwechselbaren Geschmack und seine au\u00dfergew\u00f6hnliche Leistung von der Masse ab. Mit seinem fruchtigen, s\u00fc\u00dfen und gleichzeitig erfrischenden Apfelgeschmack ist dieses Modell die perfekte [&hellip;]<\/p>","protected":false},"featured_media":16258,"template":"","meta":{"inline_featured_image":false},"product_cat":[78],"product_tag":[777],"tiered_pricing_type":"fixed","tiered_pricing_fixed_rules":[],"tiered_pricing_percentage_rules":[],"tiered_pricing_minimum":1,"_administrator_tiered_pricing_type":"fixed","_administrator_tiered_pricing_fixed_rules":[],"_editor_tiered_pricing_type":"fixed","_editor_tiered_pricing_fixed_rules":[],"_author_tiered_pricing_type":"fixed","_author_tiered_pricing_fixed_rules":[],"_contributor_tiered_pricing_type":"fixed","_contributor_tiered_pricing_fixed_rules":[],"_subscriber_tiered_pricing_type":"fixed","_subscriber_tiered_pricing_fixed_rules":[],"_customer_tiered_pricing_type":"fixed","_customer_tiered_pricing_fixed_rules":[],"_shop_manager_tiered_pricing_type":"fixed","_shop_manager_tiered_pricing_fixed_rules":[],"_wpseo_manager_tiered_pricing_type":"fixed","_wpseo_manager_tiered_pricing_fixed_rules":[],"_wpseo_editor_tiered_pricing_type":"fixed","_wpseo_editor_tiered_pricing_fixed_rules":[],"_wholesale_customer_tiered_pricing_type":"fixed","_wholesale_customer_tiered_pricing_fixed_rules":[],"_marketer_tiered_pricing_type":"fixed","_marketer_tiered_pricing_fixed_rules":[],"_sales_manager_tiered_pricing_type":"fixed","_sales_manager_tiered_pricing_fixed_rules":[],"_sales_rep_tiered_pricing_type":"fixed","_sales_rep_tiered_pricing_fixed_rules":[],"yoast_head":"<!-- This site is optimized with the Yoast SEO plugin v23.3 - https:\/\/yoast.com\/wordpress\/plugins\/seo\/ -->\n<title>Bang Tornado 40000 Double Apple Erfrischender Apfelgenuss mit intensiver Fruchtigkeit | ElementVape.de<\/title>\n<meta name=\"description\" content=\"Bang Tornado 40000 Double Apple \u2013 Erlebe den intensiven Geschmack von frischen gr\u00fcnen und roten \u00c4pfeln in jedem Zug. 40000 Z\u00fcge f\u00fcr langanhaltenden Genuss\" \/>\n<meta name=\"robots\" content=\"index, follow, max-snippet:-1, max-image-preview:large, max-video-preview:-1\" \/>\n<link rel=\"canonical\" href=\"https:\/\/www.elementvape.de\/ro\/produkt\/bang-tornado-40000-double-apple-erfrischender-apfelgenuss-mit-intensiver-fruchtigkeit\/\" \/>\n<meta property=\"og:locale\" content=\"ro_RO\" \/>\n<meta property=\"og:type\" content=\"article\" \/>\n<meta property=\"og:title\" content=\"Bang Tornado 40000 Double Apple Erfrischender Apfelgenuss mit intensiver Fruchtigkeit | ElementVape.de\" \/>\n<meta property=\"og:description\" content=\"Bang Tornado 40000 Double Apple \u2013 Erlebe den intensiven Geschmack von frischen gr\u00fcnen und roten \u00c4pfeln in jedem Zug. 40000 Z\u00fcge f\u00fcr langanhaltenden Genuss\" \/>\n<meta property=\"og:url\" content=\"https:\/\/www.elementvape.de\/ro\/produkt\/bang-tornado-40000-double-apple-erfrischender-apfelgenuss-mit-intensiver-fruchtigkeit\/\" \/>\n<meta property=\"og:site_name\" content=\"ElementVape.de\" \/>\n<meta property=\"article:modified_time\" content=\"2026-01-23T06:42:48+00:00\" \/>\n<meta property=\"og:image\" content=\"https:\/\/www.elementvape.de\/wp-content\/uploads\/2025\/04\/40k-double-apple.png\" \/>\n\t<meta property=\"og:image:width\" content=\"600\" \/>\n\t<meta property=\"og:image:height\" content=\"562\" \/>\n\t<meta property=\"og:image:type\" content=\"image\/png\" \/>\n<meta name=\"twitter:card\" content=\"summary_large_image\" \/>\n<meta name=\"twitter:label1\" content=\"Est. reading time\" \/>\n\t<meta name=\"twitter:data1\" content=\"5 minute\" \/>\n<script type=\"application\/ld+json\" class=\"yoast-schema-graph\">{\"@context\":\"https:\/\/schema.org\",\"@graph\":[{\"@type\":\"WebPage\",\"@id\":\"https:\/\/www.elementvape.de\/produkt\/bang-tornado-40000-double-apple-erfrischender-apfelgenuss-mit-intensiver-fruchtigkeit\/\",\"url\":\"https:\/\/www.elementvape.de\/produkt\/bang-tornado-40000-double-apple-erfrischender-apfelgenuss-mit-intensiver-fruchtigkeit\/\",\"name\":\"Bang Tornado 40000 Double Apple Erfrischender Apfelgenuss mit intensiver Fruchtigkeit | ElementVape.de\",\"isPartOf\":{\"@id\":\"https:\/\/www.elementvape.de\/#website\"},\"primaryImageOfPage\":{\"@id\":\"https:\/\/www.elementvape.de\/produkt\/bang-tornado-40000-double-apple-erfrischender-apfelgenuss-mit-intensiver-fruchtigkeit\/#primaryimage\"},\"image\":{\"@id\":\"https:\/\/www.elementvape.de\/produkt\/bang-tornado-40000-double-apple-erfrischender-apfelgenuss-mit-intensiver-fruchtigkeit\/#primaryimage\"},\"thumbnailUrl\":\"https:\/\/www.elementvape.de\/wp-content\/uploads\/2025\/04\/40k-double-apple.png\",\"datePublished\":\"2025-04-17T09:10:20+00:00\",\"dateModified\":\"2026-01-23T06:42:48+00:00\",\"description\":\"Bang Tornado 40000 Double Apple \u2013 Erlebe den intensiven Geschmack von frischen gr\u00fcnen und roten \u00c4pfeln in jedem Zug. 40000 Z\u00fcge f\u00fcr langanhaltenden Genuss\",\"breadcrumb\":{\"@id\":\"https:\/\/www.elementvape.de\/produkt\/bang-tornado-40000-double-apple-erfrischender-apfelgenuss-mit-intensiver-fruchtigkeit\/#breadcrumb\"},\"inLanguage\":\"ro-RO\",\"potentialAction\":[{\"@type\":\"ReadAction\",\"target\":[\"https:\/\/www.elementvape.de\/produkt\/bang-tornado-40000-double-apple-erfrischender-apfelgenuss-mit-intensiver-fruchtigkeit\/\"]}]},{\"@type\":\"ImageObject\",\"inLanguage\":\"ro-RO\",\"@id\":\"https:\/\/www.elementvape.de\/produkt\/bang-tornado-40000-double-apple-erfrischender-apfelgenuss-mit-intensiver-fruchtigkeit\/#primaryimage\",\"url\":\"https:\/\/www.elementvape.de\/wp-content\/uploads\/2025\/04\/40k-double-apple.png\",\"contentUrl\":\"https:\/\/www.elementvape.de\/wp-content\/uploads\/2025\/04\/40k-double-apple.png\",\"width\":600,\"height\":562},{\"@type\":\"BreadcrumbList\",\"@id\":\"https:\/\/www.elementvape.de\/produkt\/bang-tornado-40000-double-apple-erfrischender-apfelgenuss-mit-intensiver-fruchtigkeit\/#breadcrumb\",\"itemListElement\":[{\"@type\":\"ListItem\",\"position\":1,\"name\":\"Home\",\"item\":\"https:\/\/www.elementvape.de\/\"},{\"@type\":\"ListItem\",\"position\":2,\"name\":\"Shop\",\"item\":\"https:\/\/www.elementvape.de\/shop\/\"},{\"@type\":\"ListItem\",\"position\":3,\"name\":\"Bang Tornado 40000 Double Apple Erfrischender Apfelgenuss mit intensiver Fruchtigkeit\"}]},{\"@type\":\"WebSite\",\"@id\":\"https:\/\/www.elementvape.de\/#website\",\"url\":\"https:\/\/www.elementvape.de\/\",\"name\":\"ElementVape.de\",\"description\":\"\",\"publisher\":{\"@id\":\"https:\/\/www.elementvape.de\/#organization\"},\"potentialAction\":[{\"@type\":\"SearchAction\",\"target\":{\"@type\":\"EntryPoint\",\"urlTemplate\":\"https:\/\/www.elementvape.de\/?s={search_term_string}\"},\"query-input\":\"required name=search_term_string\"}],\"inLanguage\":\"ro-RO\"},{\"@type\":\"Organization\",\"@id\":\"https:\/\/www.elementvape.de\/#organization\",\"name\":\"ElementVape.DE\",\"url\":\"https:\/\/www.elementvape.de\/\",\"logo\":{\"@type\":\"ImageObject\",\"inLanguage\":\"ro-RO\",\"@id\":\"https:\/\/www.elementvape.de\/#\/schema\/logo\/image\/\",\"url\":\"https:\/\/www.elementvape.de\/wp-content\/uploads\/2024\/09\/cropped-1elementvape-3.png\",\"contentUrl\":\"https:\/\/www.elementvape.de\/wp-content\/uploads\/2024\/09\/cropped-1elementvape-3.png\",\"width\":285,\"height\":228,\"caption\":\"ElementVape.DE\"},\"image\":{\"@id\":\"https:\/\/www.elementvape.de\/#\/schema\/logo\/image\/\"}}]}<\/script>\n<!-- \/ Yoast SEO plugin. -->","yoast_head_json":{"title":"Bang Tornado 40000 Double Apple Erfrischender Apfelgenuss mit intensiver Fruchtigkeit | ElementVape.de","description":"Bang Tornado 40000 Double Apple \u2013 Erlebe den intensiven Geschmack von frischen gr\u00fcnen und roten \u00c4pfeln in jedem Zug. 40000 Z\u00fcge f\u00fcr langanhaltenden Genuss","robots":{"index":"index","follow":"follow","max-snippet":"max-snippet:-1","max-image-preview":"max-image-preview:large","max-video-preview":"max-video-preview:-1"},"canonical":"https:\/\/www.elementvape.de\/ro\/produkt\/bang-tornado-40000-double-apple-erfrischender-apfelgenuss-mit-intensiver-fruchtigkeit\/","og_locale":"ro_RO","og_type":"article","og_title":"Bang Tornado 40000 Double Apple Erfrischender Apfelgenuss mit intensiver Fruchtigkeit | ElementVape.de","og_description":"Bang Tornado 40000 Double Apple \u2013 Erlebe den intensiven Geschmack von frischen gr\u00fcnen und roten \u00c4pfeln in jedem Zug. 40000 Z\u00fcge f\u00fcr langanhaltenden Genuss","og_url":"https:\/\/www.elementvape.de\/ro\/produkt\/bang-tornado-40000-double-apple-erfrischender-apfelgenuss-mit-intensiver-fruchtigkeit\/","og_site_name":"ElementVape.de","article_modified_time":"2026-01-23T06:42:48+00:00","og_image":[{"width":600,"height":562,"url":"https:\/\/www.elementvape.de\/wp-content\/uploads\/2025\/04\/40k-double-apple.png","type":"image\/png"}],"twitter_card":"summary_large_image","twitter_misc":{"Est. reading time":"5 minute"},"schema":{"@context":"https:\/\/schema.org","@graph":[{"@type":"WebPage","@id":"https:\/\/www.elementvape.de\/produkt\/bang-tornado-40000-double-apple-erfrischender-apfelgenuss-mit-intensiver-fruchtigkeit\/","url":"https:\/\/www.elementvape.de\/produkt\/bang-tornado-40000-double-apple-erfrischender-apfelgenuss-mit-intensiver-fruchtigkeit\/","name":"Bang Tornado 40000 Double Apple Erfrischender Apfelgenuss mit intensiver Fruchtigkeit | ElementVape.de","isPartOf":{"@id":"https:\/\/www.elementvape.de\/#website"},"primaryImageOfPage":{"@id":"https:\/\/www.elementvape.de\/produkt\/bang-tornado-40000-double-apple-erfrischender-apfelgenuss-mit-intensiver-fruchtigkeit\/#primaryimage"},"image":{"@id":"https:\/\/www.elementvape.de\/produkt\/bang-tornado-40000-double-apple-erfrischender-apfelgenuss-mit-intensiver-fruchtigkeit\/#primaryimage"},"thumbnailUrl":"https:\/\/www.elementvape.de\/wp-content\/uploads\/2025\/04\/40k-double-apple.png","datePublished":"2025-04-17T09:10:20+00:00","dateModified":"2026-01-23T06:42:48+00:00","description":"Bang Tornado 40000 Double Apple \u2013 Erlebe den intensiven Geschmack von frischen gr\u00fcnen und roten \u00c4pfeln in jedem Zug. 40000 Z\u00fcge f\u00fcr langanhaltenden Genuss","breadcrumb":{"@id":"https:\/\/www.elementvape.de\/produkt\/bang-tornado-40000-double-apple-erfrischender-apfelgenuss-mit-intensiver-fruchtigkeit\/#breadcrumb"},"inLanguage":"ro-RO","potentialAction":[{"@type":"ReadAction","target":["https:\/\/www.elementvape.de\/produkt\/bang-tornado-40000-double-apple-erfrischender-apfelgenuss-mit-intensiver-fruchtigkeit\/"]}]},{"@type":"ImageObject","inLanguage":"ro-RO","@id":"https:\/\/www.elementvape.de\/produkt\/bang-tornado-40000-double-apple-erfrischender-apfelgenuss-mit-intensiver-fruchtigkeit\/#primaryimage","url":"https:\/\/www.elementvape.de\/wp-content\/uploads\/2025\/04\/40k-double-apple.png","contentUrl":"https:\/\/www.elementvape.de\/wp-content\/uploads\/2025\/04\/40k-double-apple.png","width":600,"height":562},{"@type":"BreadcrumbList","@id":"https:\/\/www.elementvape.de\/produkt\/bang-tornado-40000-double-apple-erfrischender-apfelgenuss-mit-intensiver-fruchtigkeit\/#breadcrumb","itemListElement":[{"@type":"ListItem","position":1,"name":"Home","item":"https:\/\/www.elementvape.de\/"},{"@type":"ListItem","position":2,"name":"Shop","item":"https:\/\/www.elementvape.de\/shop\/"},{"@type":"ListItem","position":3,"name":"Bang Tornado 40000 Double Apple Erfrischender Apfelgenuss mit intensiver Fruchtigkeit"}]},{"@type":"WebSite","@id":"https:\/\/www.elementvape.de\/#website","url":"https:\/\/www.elementvape.de\/","name":"ElementVape.de","description":"","publisher":{"@id":"https:\/\/www.elementvape.de\/#organization"},"potentialAction":[{"@type":"SearchAction","target":{"@type":"EntryPoint","urlTemplate":"https:\/\/www.elementvape.de\/?s={search_term_string}"},"query-input":"required name=search_term_string"}],"inLanguage":"ro-RO"},{"@type":"Organization","@id":"https:\/\/www.elementvape.de\/#organization","name":"ElementVape.DE","url":"https:\/\/www.elementvape.de\/","logo":{"@type":"ImageObject","inLanguage":"ro-RO","@id":"https:\/\/www.elementvape.de\/#\/schema\/logo\/image\/","url":"https:\/\/www.elementvape.de\/wp-content\/uploads\/2024\/09\/cropped-1elementvape-3.png","contentUrl":"https:\/\/www.elementvape.de\/wp-content\/uploads\/2024\/09\/cropped-1elementvape-3.png","width":285,"height":228,"caption":"ElementVape.DE"},"image":{"@id":"https:\/\/www.elementvape.de\/#\/schema\/logo\/image\/"}}]}},"_links":{"self":[{"href":"https:\/\/www.elementvape.de\/ro\/wp-json\/wp\/v2\/product\/16281"}],"collection":[{"href":"https:\/\/www.elementvape.de\/ro\/wp-json\/wp\/v2\/product"}],"about":[{"href":"https:\/\/www.elementvape.de\/ro\/wp-json\/wp\/v2\/types\/product"}],"wp:featuredmedia":[{"embeddable":true,"href":"https:\/\/www.elementvape.de\/ro\/wp-json\/wp\/v2\/media\/16258"}],"wp:attachment":[{"href":"https:\/\/www.elementvape.de\/ro\/wp-json\/wp\/v2\/media?parent=16281"}],"wp:term":[{"taxonomy":"product_cat","embeddable":true,"href":"https:\/\/www.elementvape.de\/ro\/wp-json\/wp\/v2\/product_cat?post=16281"},{"taxonomy":"product_tag","embeddable":true,"href":"https:\/\/www.elementvape.de\/ro\/wp-json\/wp\/v2\/product_tag?post=16281"}],"curies":[{"name":"wp","href":"https:\/\/api.w.org\/{rel}","templated":true}]}}