{"id":15359,"date":"2024-11-25T08:25:23","date_gmt":"2024-11-25T08:25:23","guid":{"rendered":"https:\/\/www.elementvape.de\/?post_type=product&#038;p=15359"},"modified":"2024-11-25T09:56:58","modified_gmt":"2024-11-25T09:56:58","slug":"reiner-traubengenuss-bang-king-spannungsgesteuertes-traubeneis-bang-king-36000-puffs-grossbildspannung-36000-blasen-e-zigarette","status":"publish","type":"product","link":"https:\/\/www.elementvape.de\/ro\/produkt\/reiner-traubengenuss-bang-king-spannungsgesteuertes-traubeneis-bang-king-36000-puffs-grossbildspannung-36000-blasen-e-zigarette\/","title":{"rendered":"Savura\u021bi pl\u0103cerea pur\u0103 a strugurilor, BANG KING, traheea controlat\u0103 de tensiune, BANG KING 36000 PUFURI, tensiune pe ecran mare, 36000 de bule, \u021bigaret\u0103 electronic\u0103"},"content":{"rendered":"<h2>Savureaz\u0103 r\u0103coritorul gust de struguri cu BANG KING 36000 Puffs, \u021bigaret\u0103 electronic\u0103 controlat\u0103 de tensiune pentru o experien\u021b\u0103 glaciar\u0103<\/h2>\n<p>Tr\u0103ie\u0219te gustul pur de struguri cu inovatorul BANG KING 36000 Puffs \u00een aroma de ghea\u021b\u0103 de struguri. Aceasta <a href=\"https:\/\/www.elementvape.de\/ro\/\"><strong>E-Zigaret\u0103<\/strong><\/a> combin\u0103 gustul intens, fructat al aromelor proaspete de struguri cu o r\u0103ceal\u0103 glaciar\u0103 care \u00ee\u021bi r\u0103core\u0219te palatul. Cu reglare avansat\u0103 a tensiunii, un ecran mare \u0219i o durat\u0103 lung\u0103 de via\u021b\u0103 de <a href=\"https:\/\/www.elementvape.de\/ro\/p-tag\/vaep-36000-zuege\/\"><strong>36000 de pufuri<\/strong><\/a> face din BANG KING o alegere neegalat\u0103 pentru vaperii care caut\u0103 o experien\u021b\u0103 de vapare durabil\u0103 \u0219i personalizat\u0103.<\/p>\n<h3>Caracteristici principale ale BANG KING 36000 Puffs \u2013 Ghea\u021b\u0103 de struguri:<\/h3>\n<table>\n<thead>\n<tr>\n<th>Caracteristic\u0103<\/th>\n<th>Detalii<\/th>\n<\/tr>\n<\/thead>\n<tbody>\n<tr>\n<td>Pufuri<\/td>\n<td>36000 Pufuri<\/td>\n<\/tr>\n<tr>\n<td>Capacitate de lichid<\/td>\n<td>36 ml<\/td>\n<\/tr>\n<tr>\n<td>Rezisten\u021b\u0103<\/td>\n<td>1.0 Ohm (Bobin\u0103 Mesh)<\/td>\n<\/tr>\n<tr>\n<td>Baterie<\/td>\n<td>850mAh<\/td>\n<\/tr>\n<tr>\n<td>Port de \u00eenc\u0103rcare<\/td>\n<td>Type-C<\/td>\n<\/tr>\n<tr>\n<td>Gust<\/td>\n<td>Ghea\u021b\u0103 de struguri (fructat cu mentol glaciar)<\/td>\n<\/tr>\n<tr>\n<td>Greutate (bucat\u0103 individual\u0103)<\/td>\n<td>124,6 g<\/td>\n<\/tr>\n<tr>\n<td>Greutate (10 buc\u0103\u021bi)<\/td>\n<td>1290,6 g<\/td>\n<\/tr>\n<tr>\n<td>Unitate de ambalare<\/td>\n<td>160 buc\u0103\u021bi \/ cutie<\/td>\n<\/tr>\n<tr>\n<td>Greutate brut\u0103 (cutie)<\/td>\n<td>21,38 kg<\/td>\n<\/tr>\n<tr>\n<td>Dimensiune cutie<\/td>\n<td>49.6<em>36<\/em>27,7 cm<\/td>\n<\/tr>\n<\/tbody>\n<\/table>\n<h3>Func\u021bii importante:<\/h3>\n<ol>\n<li>36000 Puffs pentru o pl\u0103cere de durat\u0103<br \/>\nCu 36000 de pufuri, te bucuri de o pl\u0103cere de durat\u0103. Num\u0103rul mare de pufuri asigur\u0103 sesiuni lungi de vapare \u0219i garanteaz\u0103 c\u0103 po\u021bi exploata \u00eentregul poten\u021bial al dispozitivului t\u0103u.<\/li>\n<li>Gust de ghea\u021b\u0103 de struguri<br \/>\nGustul de ghea\u021b\u0103 de struguri combin\u0103 struguri dulci \u0219i suculente cu o not\u0103 r\u0103coritoare de ghea\u021b\u0103. Aceast\u0103 combina\u021bie ofer\u0103 un gust revigorant \u0219i totodat\u0103 intens fructat, perfect pentru vaperii care prefer\u0103 ceva proasp\u0103t \u0219i dulce.<\/li>\n<li>Rezisten\u021b\u0103 Mesh de 1,0 Ohm<br \/>\nCu spirala Mesh de 1,0 Ohm, aburul este distribuit uniform, ceea ce asigur\u0103 o experien\u021b\u0103 de gust mai intens\u0103. Spirala asigur\u0103, de asemenea, abur dens \u0219i o performan\u021b\u0103 constant\u0103 ridicat\u0103.<\/li>\n<li>Baterie de 850mAh<br \/>\nBateria de 850mAh garanteaz\u0103 c\u0103 po\u021bi folosi dispozitivul pentru perioade lungi f\u0103r\u0103 a fi nevoie s\u0103 \u00eel \u00eencarci constant. Acest lucru face vaparea \u00een mi\u0219care \u0219i \u00een sesiuni lungi pl\u0103cut\u0103 \u0219i f\u0103r\u0103 probleme.<\/li>\n<li>Conector de \u00eenc\u0103rcare Type-C<br \/>\nDatorit\u0103 conectorului modern Type-C de \u00eenc\u0103rcare, dispozitivul t\u0103u se va \u00eenc\u0103rca \u00een cel mai scurt timp, astfel \u00eenc\u00e2t s\u0103 te po\u021bi bucura rapid din nou de aburul fructat \u0219i glaciar.<\/li>\n<li>Ecran mare \u0219i experien\u021b\u0103 de vapare controlat\u0103 de tensiune<br \/>\nEcranul mare \u00ee\u021bi permite s\u0103 monitorizezi nivelul bateriei \u0219i num\u0103rul de pufuri r\u0103mase \u00een orice moment. Prin reglarea tensiunii, po\u021bi personaliza experien\u021ba de vapare \u0219i controla performan\u021ba dup\u0103 preferin\u021bele tale.<\/li>\n<\/ol>\n<h3>De ce BANG KING 36000 Puffs Ghea\u021b\u0103 de struguri este perfect pentru tine:<\/h3>\n<ul>\n<li>Gust de durat\u0103: Cu 36000 de pufuri, te po\u021bi bucura de gustul de ghea\u021b\u0103 de struguri pentru mult timp, f\u0103r\u0103 a fi nevoie s\u0103 \u00eencarci sau s\u0103 reumpli dispozitivul.<\/li>\n<li>Re\u00eemprosp\u0103t\u0103tor \u0219i fructat: Combina\u021bia de ghea\u021b\u0103 de struguri aduce dulcea\u021ba strugurilor proaspe\u021bi \u0219i nota r\u0103coritoare de ghea\u021b\u0103 \u00eentr-o experien\u021b\u0103 de gust unic\u0103.<\/li>\n<li>Personalizare individual\u0103: Cu reglarea tensiunii \u0219i spirala Mesh, po\u021bi ajusta experien\u021ba de vapare dup\u0103 dorin\u021bele tale, de la o vapare bl\u00e2nd\u0103 p\u00e2n\u0103 la una intens\u0103.<\/li>\n<li>Practic \u0219i rapid: Conectorul de \u00eenc\u0103rcare Type-C \u0219i capacitatea mare a bateriei fac dispozitivul extrem de prietenos cu utilizatorul \u0219i comod pentru utilizarea zilnic\u0103.<\/li>\n<\/ul>\n<p>\u021aigara electronic\u0103 BANG KING 36000 Puffs cu arom\u0103 de ghea\u021b\u0103 de struguri ofer\u0103 tot ce \u00ee\u0219i dore\u0219te un vaper exigent: pl\u0103cere de durat\u0103, gust intens \u0219i func\u021bii inovatoare. Cu spirala Mesh de 1,0 Ohm, capacitatea de 36 ml de lichid \u0219i reglarea tensiunii, ai un dispozitiv care impresioneaz\u0103 at\u00e2t din punct de vedere al gustului, c\u00e2t \u0219i func\u021bionalit\u0103\u021bii. Pentru to\u021bi cei \u00een c\u0103utarea unei experien\u021be de vapare proaspete \u0219i r\u0103coritoare, acesta este <a href=\"https:\/\/www.elementvape.de\/ro\/c\/bang-king\/\"><strong>BANG KING<\/strong><\/a> Ghea\u021ba de struguri, alegerea perfect\u0103<\/p>","protected":false},"excerpt":{"rendered":"<p>Erfrischender Traubengenuss mit BANG KING 36000 Puffs Spannungsgesteuerte E-Zigarette f\u00fcr ein eisiges Erlebnis Erlebe den puren Traubengenuss mit der innovativen BANG KING 36000 Puffs in der Traubeneis-Geschmacksrichtung. Diese E-Zigarette kombiniert den intensiven, fruchtigen Geschmack von traubenfrischen Aromen mit einer eisigen Frische, die deinen Gaumen erfrischt. Mit fortschrittlicher Spannungsregelung, einer gro\u00dfen Anzeige und einer langen Lebensdauer [&hellip;]<\/p>","protected":false},"featured_media":15372,"template":"","meta":{"inline_featured_image":false},"product_cat":[775],"product_tag":[710,761],"tiered_pricing_type":"fixed","tiered_pricing_fixed_rules":{"60":"11.11","110":"9.87","200":"8.64"},"tiered_pricing_percentage_rules":[],"tiered_pricing_minimum":1,"_administrator_tiered_pricing_type":"fixed","_administrator_tiered_pricing_fixed_rules":[],"_editor_tiered_pricing_type":"fixed","_editor_tiered_pricing_fixed_rules":[],"_author_tiered_pricing_type":"fixed","_author_tiered_pricing_fixed_rules":[],"_contributor_tiered_pricing_type":"fixed","_contributor_tiered_pricing_fixed_rules":[],"_subscriber_tiered_pricing_type":"fixed","_subscriber_tiered_pricing_fixed_rules":[],"_customer_tiered_pricing_type":"fixed","_customer_tiered_pricing_fixed_rules":[],"_shop_manager_tiered_pricing_type":"fixed","_shop_manager_tiered_pricing_fixed_rules":[],"_wpseo_manager_tiered_pricing_type":"fixed","_wpseo_manager_tiered_pricing_fixed_rules":[],"_wpseo_editor_tiered_pricing_type":"fixed","_wpseo_editor_tiered_pricing_fixed_rules":[],"_wholesale_customer_tiered_pricing_type":"fixed","_wholesale_customer_tiered_pricing_fixed_rules":[],"_marketer_tiered_pricing_type":"fixed","_marketer_tiered_pricing_fixed_rules":[],"_sales_manager_tiered_pricing_type":"fixed","_sales_manager_tiered_pricing_fixed_rules":[],"_sales_rep_tiered_pricing_type":"fixed","_sales_rep_tiered_pricing_fixed_rules":[],"yoast_head":"<!-- This site is optimized with the Yoast SEO plugin v23.3 - https:\/\/yoast.com\/wordpress\/plugins\/seo\/ -->\n<title>Reiner Traubengenuss BANG KING spannungsgesteuertes Traubeneis BANG KING 36000 PUFFS Gro\u00dfbildspannung 36000 Blasen E-Zigarette | ElementVape.de<\/title>\n<meta name=\"description\" content=\"Wir bieten Reiner Traubengenuss BANG KING spannungsgesteuertes Traubeneis BANG KING 36000 PUFFS Gro\u00dfbildspannung 36000 Blasen E-Zigarette , Elementvape.de akzeptieren Gro\u00df-und Einzelhandel Bestellungen.\" \/>\n<meta name=\"robots\" content=\"index, follow, max-snippet:-1, max-image-preview:large, max-video-preview:-1\" \/>\n<link rel=\"canonical\" href=\"https:\/\/www.elementvape.de\/ro\/produkt\/reiner-traubengenuss-bang-king-spannungsgesteuertes-traubeneis-bang-king-36000-puffs-grossbildspannung-36000-blasen-e-zigarette\/\" \/>\n<meta property=\"og:locale\" content=\"ro_RO\" \/>\n<meta property=\"og:type\" content=\"article\" \/>\n<meta property=\"og:title\" content=\"Reiner Traubengenuss BANG KING spannungsgesteuertes Traubeneis BANG KING 36000 PUFFS Gro\u00dfbildspannung 36000 Blasen E-Zigarette | ElementVape.de\" \/>\n<meta property=\"og:description\" content=\"Wir bieten Reiner Traubengenuss BANG KING spannungsgesteuertes Traubeneis BANG KING 36000 PUFFS Gro\u00dfbildspannung 36000 Blasen E-Zigarette , Elementvape.de akzeptieren Gro\u00df-und Einzelhandel Bestellungen.\" \/>\n<meta property=\"og:url\" content=\"https:\/\/www.elementvape.de\/ro\/produkt\/reiner-traubengenuss-bang-king-spannungsgesteuertes-traubeneis-bang-king-36000-puffs-grossbildspannung-36000-blasen-e-zigarette\/\" \/>\n<meta property=\"og:site_name\" content=\"ElementVape.de\" \/>\n<meta property=\"article:modified_time\" content=\"2024-11-25T09:56:58+00:00\" \/>\n<meta property=\"og:image\" content=\"https:\/\/www.elementvape.de\/wp-content\/uploads\/2024\/11\/Grape-ice-scaled.jpg\" \/>\n\t<meta property=\"og:image:width\" content=\"2560\" \/>\n\t<meta property=\"og:image:height\" content=\"1196\" \/>\n\t<meta property=\"og:image:type\" content=\"image\/jpeg\" \/>\n<meta name=\"twitter:card\" content=\"summary_large_image\" \/>\n<meta name=\"twitter:label1\" content=\"Est. reading time\" \/>\n\t<meta name=\"twitter:data1\" content=\"3 minute\" \/>\n<script type=\"application\/ld+json\" class=\"yoast-schema-graph\">{\"@context\":\"https:\/\/schema.org\",\"@graph\":[{\"@type\":\"WebPage\",\"@id\":\"https:\/\/www.elementvape.de\/produkt\/reiner-traubengenuss-bang-king-spannungsgesteuertes-traubeneis-bang-king-36000-puffs-grossbildspannung-36000-blasen-e-zigarette\/\",\"url\":\"https:\/\/www.elementvape.de\/produkt\/reiner-traubengenuss-bang-king-spannungsgesteuertes-traubeneis-bang-king-36000-puffs-grossbildspannung-36000-blasen-e-zigarette\/\",\"name\":\"Reiner Traubengenuss BANG KING spannungsgesteuertes Traubeneis BANG KING 36000 PUFFS Gro\u00dfbildspannung 36000 Blasen E-Zigarette | ElementVape.de\",\"isPartOf\":{\"@id\":\"https:\/\/www.elementvape.de\/#website\"},\"primaryImageOfPage\":{\"@id\":\"https:\/\/www.elementvape.de\/produkt\/reiner-traubengenuss-bang-king-spannungsgesteuertes-traubeneis-bang-king-36000-puffs-grossbildspannung-36000-blasen-e-zigarette\/#primaryimage\"},\"image\":{\"@id\":\"https:\/\/www.elementvape.de\/produkt\/reiner-traubengenuss-bang-king-spannungsgesteuertes-traubeneis-bang-king-36000-puffs-grossbildspannung-36000-blasen-e-zigarette\/#primaryimage\"},\"thumbnailUrl\":\"https:\/\/www.elementvape.de\/wp-content\/uploads\/2024\/11\/Grape-ice-scaled.jpg\",\"datePublished\":\"2024-11-25T08:25:23+00:00\",\"dateModified\":\"2024-11-25T09:56:58+00:00\",\"description\":\"Wir bieten Reiner Traubengenuss BANG KING spannungsgesteuertes Traubeneis BANG KING 36000 PUFFS Gro\u00dfbildspannung 36000 Blasen E-Zigarette , Elementvape.de akzeptieren Gro\u00df-und Einzelhandel Bestellungen.\",\"breadcrumb\":{\"@id\":\"https:\/\/www.elementvape.de\/produkt\/reiner-traubengenuss-bang-king-spannungsgesteuertes-traubeneis-bang-king-36000-puffs-grossbildspannung-36000-blasen-e-zigarette\/#breadcrumb\"},\"inLanguage\":\"ro-RO\",\"potentialAction\":[{\"@type\":\"ReadAction\",\"target\":[\"https:\/\/www.elementvape.de\/produkt\/reiner-traubengenuss-bang-king-spannungsgesteuertes-traubeneis-bang-king-36000-puffs-grossbildspannung-36000-blasen-e-zigarette\/\"]}]},{\"@type\":\"ImageObject\",\"inLanguage\":\"ro-RO\",\"@id\":\"https:\/\/www.elementvape.de\/produkt\/reiner-traubengenuss-bang-king-spannungsgesteuertes-traubeneis-bang-king-36000-puffs-grossbildspannung-36000-blasen-e-zigarette\/#primaryimage\",\"url\":\"https:\/\/www.elementvape.de\/wp-content\/uploads\/2024\/11\/Grape-ice-scaled.jpg\",\"contentUrl\":\"https:\/\/www.elementvape.de\/wp-content\/uploads\/2024\/11\/Grape-ice-scaled.jpg\",\"width\":2560,\"height\":1196,\"caption\":\"Reiner Traubengenuss BANG KING spannungsgesteuertes Traubeneis BANG KING 36000 PUFFS Gro\u00dfbildspannung 36000 Blasen E-Zigarette\"},{\"@type\":\"BreadcrumbList\",\"@id\":\"https:\/\/www.elementvape.de\/produkt\/reiner-traubengenuss-bang-king-spannungsgesteuertes-traubeneis-bang-king-36000-puffs-grossbildspannung-36000-blasen-e-zigarette\/#breadcrumb\",\"itemListElement\":[{\"@type\":\"ListItem\",\"position\":1,\"name\":\"Home\",\"item\":\"https:\/\/www.elementvape.de\/\"},{\"@type\":\"ListItem\",\"position\":2,\"name\":\"Shop\",\"item\":\"https:\/\/www.elementvape.de\/shop\/\"},{\"@type\":\"ListItem\",\"position\":3,\"name\":\"Reiner Traubengenuss BANG KING spannungsgesteuertes Traubeneis BANG KING 36000 PUFFS Gro\u00dfbildspannung 36000 Blasen E-Zigarette\"}]},{\"@type\":\"WebSite\",\"@id\":\"https:\/\/www.elementvape.de\/#website\",\"url\":\"https:\/\/www.elementvape.de\/\",\"name\":\"ElementVape.de\",\"description\":\"\",\"publisher\":{\"@id\":\"https:\/\/www.elementvape.de\/#organization\"},\"potentialAction\":[{\"@type\":\"SearchAction\",\"target\":{\"@type\":\"EntryPoint\",\"urlTemplate\":\"https:\/\/www.elementvape.de\/?s={search_term_string}\"},\"query-input\":\"required name=search_term_string\"}],\"inLanguage\":\"ro-RO\"},{\"@type\":\"Organization\",\"@id\":\"https:\/\/www.elementvape.de\/#organization\",\"name\":\"ElementVape.DE\",\"url\":\"https:\/\/www.elementvape.de\/\",\"logo\":{\"@type\":\"ImageObject\",\"inLanguage\":\"ro-RO\",\"@id\":\"https:\/\/www.elementvape.de\/#\/schema\/logo\/image\/\",\"url\":\"https:\/\/www.elementvape.de\/wp-content\/uploads\/2024\/09\/cropped-1elementvape-3.png\",\"contentUrl\":\"https:\/\/www.elementvape.de\/wp-content\/uploads\/2024\/09\/cropped-1elementvape-3.png\",\"width\":285,\"height\":228,\"caption\":\"ElementVape.DE\"},\"image\":{\"@id\":\"https:\/\/www.elementvape.de\/#\/schema\/logo\/image\/\"}}]}<\/script>\n<!-- \/ Yoast SEO plugin. -->","yoast_head_json":{"title":"Reiner Traubengenuss BANG KING spannungsgesteuertes Traubeneis BANG KING 36000 PUFFS Gro\u00dfbildspannung 36000 Blasen E-Zigarette | ElementVape.de","description":"Wir bieten Reiner Traubengenuss BANG KING spannungsgesteuertes Traubeneis BANG KING 36000 PUFFS Gro\u00dfbildspannung 36000 Blasen E-Zigarette , Elementvape.de akzeptieren Gro\u00df-und Einzelhandel Bestellungen.","robots":{"index":"index","follow":"follow","max-snippet":"max-snippet:-1","max-image-preview":"max-image-preview:large","max-video-preview":"max-video-preview:-1"},"canonical":"https:\/\/www.elementvape.de\/ro\/produkt\/reiner-traubengenuss-bang-king-spannungsgesteuertes-traubeneis-bang-king-36000-puffs-grossbildspannung-36000-blasen-e-zigarette\/","og_locale":"ro_RO","og_type":"article","og_title":"Reiner Traubengenuss BANG KING spannungsgesteuertes Traubeneis BANG KING 36000 PUFFS Gro\u00dfbildspannung 36000 Blasen E-Zigarette | ElementVape.de","og_description":"Wir bieten Reiner Traubengenuss BANG KING spannungsgesteuertes Traubeneis BANG KING 36000 PUFFS Gro\u00dfbildspannung 36000 Blasen E-Zigarette , Elementvape.de akzeptieren Gro\u00df-und Einzelhandel Bestellungen.","og_url":"https:\/\/www.elementvape.de\/ro\/produkt\/reiner-traubengenuss-bang-king-spannungsgesteuertes-traubeneis-bang-king-36000-puffs-grossbildspannung-36000-blasen-e-zigarette\/","og_site_name":"ElementVape.de","article_modified_time":"2024-11-25T09:56:58+00:00","og_image":[{"width":2560,"height":1196,"url":"https:\/\/www.elementvape.de\/wp-content\/uploads\/2024\/11\/Grape-ice-scaled.jpg","type":"image\/jpeg"}],"twitter_card":"summary_large_image","twitter_misc":{"Est. reading time":"3 minute"},"schema":{"@context":"https:\/\/schema.org","@graph":[{"@type":"WebPage","@id":"https:\/\/www.elementvape.de\/produkt\/reiner-traubengenuss-bang-king-spannungsgesteuertes-traubeneis-bang-king-36000-puffs-grossbildspannung-36000-blasen-e-zigarette\/","url":"https:\/\/www.elementvape.de\/produkt\/reiner-traubengenuss-bang-king-spannungsgesteuertes-traubeneis-bang-king-36000-puffs-grossbildspannung-36000-blasen-e-zigarette\/","name":"Reiner Traubengenuss BANG KING spannungsgesteuertes Traubeneis BANG KING 36000 PUFFS Gro\u00dfbildspannung 36000 Blasen E-Zigarette | ElementVape.de","isPartOf":{"@id":"https:\/\/www.elementvape.de\/#website"},"primaryImageOfPage":{"@id":"https:\/\/www.elementvape.de\/produkt\/reiner-traubengenuss-bang-king-spannungsgesteuertes-traubeneis-bang-king-36000-puffs-grossbildspannung-36000-blasen-e-zigarette\/#primaryimage"},"image":{"@id":"https:\/\/www.elementvape.de\/produkt\/reiner-traubengenuss-bang-king-spannungsgesteuertes-traubeneis-bang-king-36000-puffs-grossbildspannung-36000-blasen-e-zigarette\/#primaryimage"},"thumbnailUrl":"https:\/\/www.elementvape.de\/wp-content\/uploads\/2024\/11\/Grape-ice-scaled.jpg","datePublished":"2024-11-25T08:25:23+00:00","dateModified":"2024-11-25T09:56:58+00:00","description":"Wir bieten Reiner Traubengenuss BANG KING spannungsgesteuertes Traubeneis BANG KING 36000 PUFFS Gro\u00dfbildspannung 36000 Blasen E-Zigarette , Elementvape.de akzeptieren Gro\u00df-und Einzelhandel Bestellungen.","breadcrumb":{"@id":"https:\/\/www.elementvape.de\/produkt\/reiner-traubengenuss-bang-king-spannungsgesteuertes-traubeneis-bang-king-36000-puffs-grossbildspannung-36000-blasen-e-zigarette\/#breadcrumb"},"inLanguage":"ro-RO","potentialAction":[{"@type":"ReadAction","target":["https:\/\/www.elementvape.de\/produkt\/reiner-traubengenuss-bang-king-spannungsgesteuertes-traubeneis-bang-king-36000-puffs-grossbildspannung-36000-blasen-e-zigarette\/"]}]},{"@type":"ImageObject","inLanguage":"ro-RO","@id":"https:\/\/www.elementvape.de\/produkt\/reiner-traubengenuss-bang-king-spannungsgesteuertes-traubeneis-bang-king-36000-puffs-grossbildspannung-36000-blasen-e-zigarette\/#primaryimage","url":"https:\/\/www.elementvape.de\/wp-content\/uploads\/2024\/11\/Grape-ice-scaled.jpg","contentUrl":"https:\/\/www.elementvape.de\/wp-content\/uploads\/2024\/11\/Grape-ice-scaled.jpg","width":2560,"height":1196,"caption":"Reiner Traubengenuss BANG KING spannungsgesteuertes Traubeneis BANG KING 36000 PUFFS Gro\u00dfbildspannung 36000 Blasen E-Zigarette"},{"@type":"BreadcrumbList","@id":"https:\/\/www.elementvape.de\/produkt\/reiner-traubengenuss-bang-king-spannungsgesteuertes-traubeneis-bang-king-36000-puffs-grossbildspannung-36000-blasen-e-zigarette\/#breadcrumb","itemListElement":[{"@type":"ListItem","position":1,"name":"Home","item":"https:\/\/www.elementvape.de\/"},{"@type":"ListItem","position":2,"name":"Shop","item":"https:\/\/www.elementvape.de\/shop\/"},{"@type":"ListItem","position":3,"name":"Reiner Traubengenuss BANG KING spannungsgesteuertes Traubeneis BANG KING 36000 PUFFS Gro\u00dfbildspannung 36000 Blasen E-Zigarette"}]},{"@type":"WebSite","@id":"https:\/\/www.elementvape.de\/#website","url":"https:\/\/www.elementvape.de\/","name":"ElementVape.de","description":"","publisher":{"@id":"https:\/\/www.elementvape.de\/#organization"},"potentialAction":[{"@type":"SearchAction","target":{"@type":"EntryPoint","urlTemplate":"https:\/\/www.elementvape.de\/?s={search_term_string}"},"query-input":"required name=search_term_string"}],"inLanguage":"ro-RO"},{"@type":"Organization","@id":"https:\/\/www.elementvape.de\/#organization","name":"ElementVape.DE","url":"https:\/\/www.elementvape.de\/","logo":{"@type":"ImageObject","inLanguage":"ro-RO","@id":"https:\/\/www.elementvape.de\/#\/schema\/logo\/image\/","url":"https:\/\/www.elementvape.de\/wp-content\/uploads\/2024\/09\/cropped-1elementvape-3.png","contentUrl":"https:\/\/www.elementvape.de\/wp-content\/uploads\/2024\/09\/cropped-1elementvape-3.png","width":285,"height":228,"caption":"ElementVape.DE"},"image":{"@id":"https:\/\/www.elementvape.de\/#\/schema\/logo\/image\/"}}]}},"_links":{"self":[{"href":"https:\/\/www.elementvape.de\/ro\/wp-json\/wp\/v2\/product\/15359"}],"collection":[{"href":"https:\/\/www.elementvape.de\/ro\/wp-json\/wp\/v2\/product"}],"about":[{"href":"https:\/\/www.elementvape.de\/ro\/wp-json\/wp\/v2\/types\/product"}],"wp:featuredmedia":[{"embeddable":true,"href":"https:\/\/www.elementvape.de\/ro\/wp-json\/wp\/v2\/media\/15372"}],"wp:attachment":[{"href":"https:\/\/www.elementvape.de\/ro\/wp-json\/wp\/v2\/media?parent=15359"}],"wp:term":[{"taxonomy":"product_cat","embeddable":true,"href":"https:\/\/www.elementvape.de\/ro\/wp-json\/wp\/v2\/product_cat?post=15359"},{"taxonomy":"product_tag","embeddable":true,"href":"https:\/\/www.elementvape.de\/ro\/wp-json\/wp\/v2\/product_tag?post=15359"}],"curies":[{"name":"wp","href":"https:\/\/api.w.org\/{rel}","templated":true}]}}