{"id":14705,"date":"2024-09-26T02:43:34","date_gmt":"2024-09-26T02:43:34","guid":{"rendered":"https:\/\/www.elementvape.de\/?post_type=product&#038;p=14705"},"modified":"2024-10-09T06:27:31","modified_gmt":"2024-10-09T06:27:31","slug":"erleben-sie-die-perfekte-mischung-aus-suesser-litschi-und-eisiger-frische-mit-der-lush-ice-e-zigarette-9000-puffs-purer-genuss","status":"publish","type":"product","link":"https:\/\/www.elementvape.de\/ro\/produkt\/erleben-sie-die-perfekte-mischung-aus-suesser-litschi-und-eisiger-frische-mit-der-lush-ice-e-zigarette-9000-puffs-purer-genuss\/","title":{"rendered":"Tr\u0103ie\u0219te combina\u021bia perfect\u0103 \u00eentre litchi dulce \u0219i r\u0103ceala glaciar\u0103 cu E-Zigaret\u0103 Lush Ice, 9000 de pufuri de pl\u0103cere pur\u0103"},"content":{"rendered":"<h3>Lush Ice 9000 Pufuri \u021aigar\u0103 electronic\u0103: Caise dulci \u00eent\u00e2lnesc prospe\u021bimea \u00eenghe\u021bat\u0103<\/h3>\n<p>\u021aigara electronic\u0103 Lush Ice cu 9000 de pufuri ofer\u0103 o experien\u021b\u0103 de inhalare inegalabil\u0103, combin\u00e2nd nota dulce \u0219i fructat\u0103 de caise cu o briz\u0103 r\u0103coritoare \u0219i \u00eenghe\u021bat\u0103. Aceast\u0103 combina\u021bie asigur\u0103 o pl\u0103cere pur\u0103, care este at\u00e2t fructat\u0103, c\u00e2t \u0219i r\u0103coritoare. Ideal pentru to\u021bi cei \u00een c\u0103utarea unui gust dulce \u0219i palpitant, care face fiecare inhalare o experien\u021b\u0103 special\u0103.<\/p>\n<p>Cu o capacitate de <a href=\"https:\/\/www.elementvape.de\/ro\/p-tag\/groesser-oder-gleich-9000-zuege\/\" target=\"_blank\" rel=\"noopener\">9000 de inhal\u0103ri<\/a> po\u021bi fi sigur c\u0103 \u021bigara electronic\u0103 Lush Ice dureaz\u0103 mult timp. Indiferent dac\u0103 o folose\u0219ti zilnic sau ocazional, acest dispozitiv \u00ee\u021bi ofer\u0103 posibilitatea de a savura aroma delicioas\u0103 din bel\u0219ug.<\/p>\n<p>Lush Ice <strong><a href=\"https:\/\/www.elementvape.de\/ro\/\" target=\"_blank\" rel=\"noopener\">E-Zigaret\u0103<\/a><\/strong> este echipat\u0103 cu 14 ml de lichid electronic preumplut, gata de utilizare imediat. Nu trebuie s\u0103 te g\u00e2nde\u0219ti la reumplere sau alte \u00eentre\u021bineri \u2013 doar inhaleaz\u0103 \u0219i bucur\u0103-te.<\/p>\n<p>Pentru a satisface fiecare inhalator, \u021bigara electronic\u0103 Lush Ice este disponibil\u0103 \u00een mai multe niveluri de nicotin\u0103:<\/p>\n<ul>\n<li>0 mg Nicotin\u0103: Pentru cei care doresc s\u0103 experimenteze gustul f\u0103r\u0103 nicotin\u0103.<\/li>\n<li>2 mg Nicotin\u0103: O op\u021biune bl\u00e2nd\u0103 pentru o experien\u021b\u0103 de inhalare u\u0219oar\u0103.<\/li>\n<li>3 mg Nicotin\u0103: Pentru o experien\u021b\u0103 echilibrat\u0103 de inhalare cu con\u021binut mediu de nicotin\u0103.<\/li>\n<li>5 mg Nicotin\u0103: O doz\u0103 puternic\u0103 de nicotin\u0103 pentru o experien\u021b\u0103 intens\u0103.<\/li>\n<\/ul>\n<p>Bateria de 650 mAh asigur\u0103 posibilitatea de a fuma mult timp. C\u00e2nd bateria se descarc\u0103, o po\u021bi \u00eenc\u0103rca simplu prin portul de \u00eenc\u0103rcare Type-C \u0219i te po\u021bi bucura din nou rapid de r\u0103coarea caisei.<\/p>\n<p>Datorit\u0103 portului de \u00eenc\u0103rcare Type-C, \u00eenc\u0103rcarea bateriei este rapid\u0103 \u0219i simpl\u0103. Po\u021bi continua experien\u021ba de inhalare f\u0103r\u0103 a a\u0219tepta mult timp.<\/p>\n<p>Utilizarea unei bobine mesh asigur\u0103 o \u00eenc\u0103lzire uniform\u0103 a lichidului electronic \u0219i o exprimare optim\u0103 a gustului. Astfel, experimentezi aroma complet\u0103 a caisei \u0219i r\u0103coarea revigorant\u0103 la fiecare inhalare.<\/p>\n<p>Cu dimensiuni de 42 x 40,5 x 29,5 mm, \u021bigara electronic\u0103 Lush Ice este compact\u0103 \u0219i se potrive\u0219te \u00een orice buzunar. Este companionul ideal, indiferent unde te afli.<\/p>\n<hr \/>\n<h4>1. Experien\u021ba gustului: Caise dulci \u0219i prospe\u021bime \u00eenghe\u021bat\u0103<\/h4>\n<p>\u021aigara electronic\u0103 Lush Ice ofer\u0103 o combina\u021bie rafinat\u0103 \u00eentre nota dulce \u0219i fructat\u0103 de caise \u0219i o briz\u0103 r\u0103coritoare \u0219i \u00eenghe\u021bat\u0103. Fiecare inhalare este o s\u0103rb\u0103toare a aromelor, care \u00ee\u021bi revigoreaz\u0103 sim\u021burile \u0219i transmite o senza\u021bie de prospe\u021bime.<\/p>\n<p>Caise aduce o dulcea\u021b\u0103 inconfundabil\u0103, care aminte\u0219te de vara tropical\u0103. Aceast\u0103 not\u0103 fructat\u0103 este intens\u0103 \u0219i confer\u0103 experien\u021bei de inhalare o u\u0219urin\u021b\u0103 r\u0103coritoare.<\/p>\n<p>Briza \u00eenghe\u021bat\u0103 completeaz\u0103 perfect dulcea\u021ba caisei \u0219i asigur\u0103 o r\u0103corire pl\u0103cut\u0103. Aceast\u0103 efect r\u0103coritor face ca \u021bigara electronic\u0103 Lush Ice s\u0103 fie alegerea ideal\u0103 pentru zilele calde sau c\u00e2nd vrei doar s\u0103 te bucuri de o pauz\u0103 revigorant\u0103.<\/p>\n<hr \/>\n<h4>2. Avantajele \u021big\u0103rii electronice Lush Ice 9000 Pufuri<\/h4>\n<p>Cu 9000 de inhal\u0103ri, po\u021bi folosi \u021bigara electronic\u0103 pentru o perioad\u0103 mai lung\u0103, f\u0103r\u0103 a-\u021bi face griji pentru reumplere.<\/p>\n<p>Designul f\u0103r\u0103 \u00eentre\u021binere al \u021big\u0103rii electronice Lush Ice \u00ee\u021bi permite s\u0103 te bucuri de vaping f\u0103r\u0103 a-\u021bi face griji pentru reumplere sau alte lucr\u0103ri de \u00eentre\u021binere. Pur \u0219i simplu folose\u0219te \u0219i arunc\u0103 dup\u0103 aceea.<\/p>\n<p>Indiferent dac\u0103 vrei s\u0103 vapezi f\u0103r\u0103 nicotin\u0103 sau preferi o anumit\u0103 concentra\u021bie de nicotin\u0103, \u021bigara electronic\u0103 Lush Ice \u00ee\u021bi ofer\u0103 flexibilitatea de a-\u021bi personaliza experien\u021ba de vaping \u00een func\u021bie de nevoi.<\/p>\n<p>Designul u\u0219or \u0219i compact face ca \u021bigara electronic\u0103 Lush Ice s\u0103 fie ideal\u0103 pentru utilizarea zilnic\u0103 \u0219i \u00ee\u021bi permite s\u0103 o iei oriunde cu tine.<\/p>\n<p>Designul de unic\u0103 folosin\u021b\u0103 \u00ee\u021bi ofer\u0103 o experien\u021b\u0103 modern\u0103 de vaping, f\u0103r\u0103 eforturi. F\u0103r\u0103 reumplere sau a\u0219teptare pentru \u00eenc\u0103rcare \u2013 doar vapeaz\u0103 \u0219i bucur\u0103-te.<\/p>\n<p>\u021aigara electronic\u0103 Lush Ice 9000 Pufuri este alegerea perfect\u0103 pentru cei care caut\u0103 combina\u021bia dintre piersica dulce \u0219i r\u0103corirea revigorant\u0103. Cu o capacitate de 9000 de pufuri \u0219i 14 ml de e-lichid preumplut, ofer\u0103 o experien\u021b\u0103 de vaping de durat\u0103 \u0219i intens\u0103.<\/p>\n<p>Diferitele niveluri de nicotin\u0103 permit o ajustare personalizat\u0103, \u00een timp ce bateria de 650 mAh \u0219i portul de \u00eenc\u0103rcare Type-C asigur\u0103 c\u0103 po\u021bi vape din nou rapid. Spula din mesh garanteaz\u0103 o exprimare optim\u0103 a gustului, astfel \u00eenc\u00e2t fiecare inhalare s\u0103 fie o pl\u0103cere.<\/p>\n<p>Dac\u0103 vrei s\u0103 experimentezi o experien\u021b\u0103 de vaping r\u0103coritoare \u0219i fructat\u0103, \u021bigara electronic\u0103 Lush Ice 9000 Pufuri este exact ceea ce cau\u021bi. Las\u0103-te sedus de combina\u021bia perfect\u0103 dintre piersica dulce \u0219i r\u0103ceala \u00eenghe\u021bat\u0103 \u0219i bucur\u0103-te de fiecare respira\u021bie!<\/p>","protected":false},"excerpt":{"rendered":"<p>Lush Ice 9000 Puffs E-Zigarette: S\u00fc\u00dfe Litschi trifft auf eisige Frische Die Lush Ice E-Zigarette mit 9000 Puffs bietet ein unvergleichliches Dampferlebnis, das die s\u00fc\u00dfe, fruchtige Note von Litschi mit einer erfrischenden, eisigen Brise kombiniert. Diese Kombination sorgt f\u00fcr einen puren Genuss, der sowohl fruchtig als auch k\u00fchlend ist. Ideal f\u00fcr alle, die auf der [&hellip;]<\/p>","protected":false},"featured_media":14686,"template":"","meta":{"inline_featured_image":false},"product_cat":[771,739,743,744,755,738,751],"product_tag":[710,684],"tiered_pricing_type":"fixed","tiered_pricing_fixed_rules":{"60":"6.15","110":"5.46","200":"4.78"},"tiered_pricing_percentage_rules":[],"tiered_pricing_minimum":1,"_administrator_tiered_pricing_type":"fixed","_administrator_tiered_pricing_fixed_rules":[],"_editor_tiered_pricing_type":"fixed","_editor_tiered_pricing_fixed_rules":[],"_author_tiered_pricing_type":"fixed","_author_tiered_pricing_fixed_rules":[],"_contributor_tiered_pricing_type":"fixed","_contributor_tiered_pricing_fixed_rules":[],"_subscriber_tiered_pricing_type":"fixed","_subscriber_tiered_pricing_fixed_rules":[],"_customer_tiered_pricing_type":"fixed","_customer_tiered_pricing_fixed_rules":[],"_shop_manager_tiered_pricing_type":"fixed","_shop_manager_tiered_pricing_fixed_rules":[],"_wpseo_manager_tiered_pricing_type":"fixed","_wpseo_manager_tiered_pricing_fixed_rules":[],"_wpseo_editor_tiered_pricing_type":"fixed","_wpseo_editor_tiered_pricing_fixed_rules":[],"_wholesale_customer_tiered_pricing_type":"fixed","_wholesale_customer_tiered_pricing_fixed_rules":[],"_marketer_tiered_pricing_type":"fixed","_marketer_tiered_pricing_fixed_rules":[],"_sales_manager_tiered_pricing_type":"fixed","_sales_manager_tiered_pricing_fixed_rules":[],"_sales_rep_tiered_pricing_type":"fixed","_sales_rep_tiered_pricing_fixed_rules":[],"yoast_head":"<!-- This site is optimized with the Yoast SEO plugin v23.3 - https:\/\/yoast.com\/wordpress\/plugins\/seo\/ -->\n<title>Erleben Sie die perfekte Mischung aus s\u00fc\u00dfer Litschi und eisiger Frische mit der Lush Ice E-Zigarette 9000 Puffs purer Genuss | ElementVape.de<\/title>\n<meta name=\"description\" content=\"Wir bieten Erleben Sie die perfekte Mischung aus s\u00fc\u00dfer Litschi und eisiger Frische mit der Lush Ice E-Zigarette 9000 Puffs purer Genuss , Elementvape.de akzeptieren Gro\u00df-und Einzelhandel Bestellungen.\" \/>\n<meta name=\"robots\" content=\"index, follow, max-snippet:-1, max-image-preview:large, max-video-preview:-1\" \/>\n<link rel=\"canonical\" href=\"https:\/\/www.elementvape.de\/ro\/produkt\/erleben-sie-die-perfekte-mischung-aus-suesser-litschi-und-eisiger-frische-mit-der-lush-ice-e-zigarette-9000-puffs-purer-genuss\/\" \/>\n<meta property=\"og:locale\" content=\"ro_RO\" \/>\n<meta property=\"og:type\" content=\"article\" \/>\n<meta property=\"og:title\" content=\"Erleben Sie die perfekte Mischung aus s\u00fc\u00dfer Litschi und eisiger Frische mit der Lush Ice E-Zigarette 9000 Puffs purer Genuss | ElementVape.de\" \/>\n<meta property=\"og:description\" content=\"Wir bieten Erleben Sie die perfekte Mischung aus s\u00fc\u00dfer Litschi und eisiger Frische mit der Lush Ice E-Zigarette 9000 Puffs purer Genuss , Elementvape.de akzeptieren Gro\u00df-und Einzelhandel Bestellungen.\" \/>\n<meta property=\"og:url\" content=\"https:\/\/www.elementvape.de\/ro\/produkt\/erleben-sie-die-perfekte-mischung-aus-suesser-litschi-und-eisiger-frische-mit-der-lush-ice-e-zigarette-9000-puffs-purer-genuss\/\" \/>\n<meta property=\"og:site_name\" content=\"ElementVape.de\" \/>\n<meta property=\"article:modified_time\" content=\"2024-10-09T06:27:31+00:00\" \/>\n<meta property=\"og:image\" content=\"https:\/\/www.elementvape.de\/wp-content\/uploads\/2024\/09\/Lush-Ice-2.jpg\" \/>\n\t<meta property=\"og:image:width\" content=\"1920\" \/>\n\t<meta property=\"og:image:height\" content=\"1080\" \/>\n\t<meta property=\"og:image:type\" content=\"image\/jpeg\" \/>\n<meta name=\"twitter:card\" content=\"summary_large_image\" \/>\n<meta name=\"twitter:label1\" content=\"Est. reading time\" \/>\n\t<meta name=\"twitter:data1\" content=\"4 minute\" \/>\n<script type=\"application\/ld+json\" class=\"yoast-schema-graph\">{\"@context\":\"https:\/\/schema.org\",\"@graph\":[{\"@type\":\"WebPage\",\"@id\":\"https:\/\/www.elementvape.de\/pt\/produkt\/erleben-sie-die-perfekte-mischung-aus-suesser-litschi-und-eisiger-frische-mit-der-lush-ice-e-zigarette-9000-puffs-purer-genuss\/\",\"url\":\"https:\/\/www.elementvape.de\/pt\/produkt\/erleben-sie-die-perfekte-mischung-aus-suesser-litschi-und-eisiger-frische-mit-der-lush-ice-e-zigarette-9000-puffs-purer-genuss\/\",\"name\":\"Erleben Sie die perfekte Mischung aus s\u00fc\u00dfer Litschi und eisiger Frische mit der Lush Ice E-Zigarette 9000 Puffs purer Genuss | ElementVape.de\",\"isPartOf\":{\"@id\":\"https:\/\/www.elementvape.de\/#website\"},\"primaryImageOfPage\":{\"@id\":\"https:\/\/www.elementvape.de\/pt\/produkt\/erleben-sie-die-perfekte-mischung-aus-suesser-litschi-und-eisiger-frische-mit-der-lush-ice-e-zigarette-9000-puffs-purer-genuss\/#primaryimage\"},\"image\":{\"@id\":\"https:\/\/www.elementvape.de\/pt\/produkt\/erleben-sie-die-perfekte-mischung-aus-suesser-litschi-und-eisiger-frische-mit-der-lush-ice-e-zigarette-9000-puffs-purer-genuss\/#primaryimage\"},\"thumbnailUrl\":\"https:\/\/www.elementvape.de\/wp-content\/uploads\/2024\/09\/Lush-Ice-2.jpg\",\"datePublished\":\"2024-09-26T02:43:34+00:00\",\"dateModified\":\"2024-10-09T06:27:31+00:00\",\"description\":\"Wir bieten Erleben Sie die perfekte Mischung aus s\u00fc\u00dfer Litschi und eisiger Frische mit der Lush Ice E-Zigarette 9000 Puffs purer Genuss , Elementvape.de akzeptieren Gro\u00df-und Einzelhandel Bestellungen.\",\"breadcrumb\":{\"@id\":\"https:\/\/www.elementvape.de\/pt\/produkt\/erleben-sie-die-perfekte-mischung-aus-suesser-litschi-und-eisiger-frische-mit-der-lush-ice-e-zigarette-9000-puffs-purer-genuss\/#breadcrumb\"},\"inLanguage\":\"ro-RO\",\"potentialAction\":[{\"@type\":\"ReadAction\",\"target\":[\"https:\/\/www.elementvape.de\/pt\/produkt\/erleben-sie-die-perfekte-mischung-aus-suesser-litschi-und-eisiger-frische-mit-der-lush-ice-e-zigarette-9000-puffs-purer-genuss\/\"]}]},{\"@type\":\"ImageObject\",\"inLanguage\":\"ro-RO\",\"@id\":\"https:\/\/www.elementvape.de\/pt\/produkt\/erleben-sie-die-perfekte-mischung-aus-suesser-litschi-und-eisiger-frische-mit-der-lush-ice-e-zigarette-9000-puffs-purer-genuss\/#primaryimage\",\"url\":\"https:\/\/www.elementvape.de\/wp-content\/uploads\/2024\/09\/Lush-Ice-2.jpg\",\"contentUrl\":\"https:\/\/www.elementvape.de\/wp-content\/uploads\/2024\/09\/Lush-Ice-2.jpg\",\"width\":1920,\"height\":1080,\"caption\":\"Lush Ice\"},{\"@type\":\"BreadcrumbList\",\"@id\":\"https:\/\/www.elementvape.de\/pt\/produkt\/erleben-sie-die-perfekte-mischung-aus-suesser-litschi-und-eisiger-frische-mit-der-lush-ice-e-zigarette-9000-puffs-purer-genuss\/#breadcrumb\",\"itemListElement\":[{\"@type\":\"ListItem\",\"position\":1,\"name\":\"Home\",\"item\":\"https:\/\/www.elementvape.de\/\"},{\"@type\":\"ListItem\",\"position\":2,\"name\":\"Shop\",\"item\":\"https:\/\/www.elementvape.de\/shop\/\"},{\"@type\":\"ListItem\",\"position\":3,\"name\":\"Erleben Sie die perfekte Mischung aus s\u00fc\u00dfer Litschi und eisiger Frische mit der Lush Ice E-Zigarette 9000 Puffs purer Genuss\"}]},{\"@type\":\"WebSite\",\"@id\":\"https:\/\/www.elementvape.de\/#website\",\"url\":\"https:\/\/www.elementvape.de\/\",\"name\":\"ElementVape.de\",\"description\":\"\",\"publisher\":{\"@id\":\"https:\/\/www.elementvape.de\/#organization\"},\"potentialAction\":[{\"@type\":\"SearchAction\",\"target\":{\"@type\":\"EntryPoint\",\"urlTemplate\":\"https:\/\/www.elementvape.de\/?s={search_term_string}\"},\"query-input\":\"required name=search_term_string\"}],\"inLanguage\":\"ro-RO\"},{\"@type\":\"Organization\",\"@id\":\"https:\/\/www.elementvape.de\/#organization\",\"name\":\"ElementVape.DE\",\"url\":\"https:\/\/www.elementvape.de\/\",\"logo\":{\"@type\":\"ImageObject\",\"inLanguage\":\"ro-RO\",\"@id\":\"https:\/\/www.elementvape.de\/#\/schema\/logo\/image\/\",\"url\":\"https:\/\/www.elementvape.de\/wp-content\/uploads\/2024\/09\/cropped-1elementvape-3.png\",\"contentUrl\":\"https:\/\/www.elementvape.de\/wp-content\/uploads\/2024\/09\/cropped-1elementvape-3.png\",\"width\":285,\"height\":228,\"caption\":\"ElementVape.DE\"},\"image\":{\"@id\":\"https:\/\/www.elementvape.de\/#\/schema\/logo\/image\/\"}}]}<\/script>\n<!-- \/ Yoast SEO plugin. -->","yoast_head_json":{"title":"Erleben Sie die perfekte Mischung aus s\u00fc\u00dfer Litschi und eisiger Frische mit der Lush Ice E-Zigarette 9000 Puffs purer Genuss | ElementVape.de","description":"Wir bieten Erleben Sie die perfekte Mischung aus s\u00fc\u00dfer Litschi und eisiger Frische mit der Lush Ice E-Zigarette 9000 Puffs purer Genuss , Elementvape.de akzeptieren Gro\u00df-und Einzelhandel Bestellungen.","robots":{"index":"index","follow":"follow","max-snippet":"max-snippet:-1","max-image-preview":"max-image-preview:large","max-video-preview":"max-video-preview:-1"},"canonical":"https:\/\/www.elementvape.de\/ro\/produkt\/erleben-sie-die-perfekte-mischung-aus-suesser-litschi-und-eisiger-frische-mit-der-lush-ice-e-zigarette-9000-puffs-purer-genuss\/","og_locale":"ro_RO","og_type":"article","og_title":"Erleben Sie die perfekte Mischung aus s\u00fc\u00dfer Litschi und eisiger Frische mit der Lush Ice E-Zigarette 9000 Puffs purer Genuss | ElementVape.de","og_description":"Wir bieten Erleben Sie die perfekte Mischung aus s\u00fc\u00dfer Litschi und eisiger Frische mit der Lush Ice E-Zigarette 9000 Puffs purer Genuss , Elementvape.de akzeptieren Gro\u00df-und Einzelhandel Bestellungen.","og_url":"https:\/\/www.elementvape.de\/ro\/produkt\/erleben-sie-die-perfekte-mischung-aus-suesser-litschi-und-eisiger-frische-mit-der-lush-ice-e-zigarette-9000-puffs-purer-genuss\/","og_site_name":"ElementVape.de","article_modified_time":"2024-10-09T06:27:31+00:00","og_image":[{"width":1920,"height":1080,"url":"https:\/\/www.elementvape.de\/wp-content\/uploads\/2024\/09\/Lush-Ice-2.jpg","type":"image\/jpeg"}],"twitter_card":"summary_large_image","twitter_misc":{"Est. reading time":"4 minute"},"schema":{"@context":"https:\/\/schema.org","@graph":[{"@type":"WebPage","@id":"https:\/\/www.elementvape.de\/pt\/produkt\/erleben-sie-die-perfekte-mischung-aus-suesser-litschi-und-eisiger-frische-mit-der-lush-ice-e-zigarette-9000-puffs-purer-genuss\/","url":"https:\/\/www.elementvape.de\/pt\/produkt\/erleben-sie-die-perfekte-mischung-aus-suesser-litschi-und-eisiger-frische-mit-der-lush-ice-e-zigarette-9000-puffs-purer-genuss\/","name":"Erleben Sie die perfekte Mischung aus s\u00fc\u00dfer Litschi und eisiger Frische mit der Lush Ice E-Zigarette 9000 Puffs purer Genuss | ElementVape.de","isPartOf":{"@id":"https:\/\/www.elementvape.de\/#website"},"primaryImageOfPage":{"@id":"https:\/\/www.elementvape.de\/pt\/produkt\/erleben-sie-die-perfekte-mischung-aus-suesser-litschi-und-eisiger-frische-mit-der-lush-ice-e-zigarette-9000-puffs-purer-genuss\/#primaryimage"},"image":{"@id":"https:\/\/www.elementvape.de\/pt\/produkt\/erleben-sie-die-perfekte-mischung-aus-suesser-litschi-und-eisiger-frische-mit-der-lush-ice-e-zigarette-9000-puffs-purer-genuss\/#primaryimage"},"thumbnailUrl":"https:\/\/www.elementvape.de\/wp-content\/uploads\/2024\/09\/Lush-Ice-2.jpg","datePublished":"2024-09-26T02:43:34+00:00","dateModified":"2024-10-09T06:27:31+00:00","description":"Wir bieten Erleben Sie die perfekte Mischung aus s\u00fc\u00dfer Litschi und eisiger Frische mit der Lush Ice E-Zigarette 9000 Puffs purer Genuss , Elementvape.de akzeptieren Gro\u00df-und Einzelhandel Bestellungen.","breadcrumb":{"@id":"https:\/\/www.elementvape.de\/pt\/produkt\/erleben-sie-die-perfekte-mischung-aus-suesser-litschi-und-eisiger-frische-mit-der-lush-ice-e-zigarette-9000-puffs-purer-genuss\/#breadcrumb"},"inLanguage":"ro-RO","potentialAction":[{"@type":"ReadAction","target":["https:\/\/www.elementvape.de\/pt\/produkt\/erleben-sie-die-perfekte-mischung-aus-suesser-litschi-und-eisiger-frische-mit-der-lush-ice-e-zigarette-9000-puffs-purer-genuss\/"]}]},{"@type":"ImageObject","inLanguage":"ro-RO","@id":"https:\/\/www.elementvape.de\/pt\/produkt\/erleben-sie-die-perfekte-mischung-aus-suesser-litschi-und-eisiger-frische-mit-der-lush-ice-e-zigarette-9000-puffs-purer-genuss\/#primaryimage","url":"https:\/\/www.elementvape.de\/wp-content\/uploads\/2024\/09\/Lush-Ice-2.jpg","contentUrl":"https:\/\/www.elementvape.de\/wp-content\/uploads\/2024\/09\/Lush-Ice-2.jpg","width":1920,"height":1080,"caption":"Lush Ice"},{"@type":"BreadcrumbList","@id":"https:\/\/www.elementvape.de\/pt\/produkt\/erleben-sie-die-perfekte-mischung-aus-suesser-litschi-und-eisiger-frische-mit-der-lush-ice-e-zigarette-9000-puffs-purer-genuss\/#breadcrumb","itemListElement":[{"@type":"ListItem","position":1,"name":"Home","item":"https:\/\/www.elementvape.de\/"},{"@type":"ListItem","position":2,"name":"Shop","item":"https:\/\/www.elementvape.de\/shop\/"},{"@type":"ListItem","position":3,"name":"Erleben Sie die perfekte Mischung aus s\u00fc\u00dfer Litschi und eisiger Frische mit der Lush Ice E-Zigarette 9000 Puffs purer Genuss"}]},{"@type":"WebSite","@id":"https:\/\/www.elementvape.de\/#website","url":"https:\/\/www.elementvape.de\/","name":"ElementVape.de","description":"","publisher":{"@id":"https:\/\/www.elementvape.de\/#organization"},"potentialAction":[{"@type":"SearchAction","target":{"@type":"EntryPoint","urlTemplate":"https:\/\/www.elementvape.de\/?s={search_term_string}"},"query-input":"required name=search_term_string"}],"inLanguage":"ro-RO"},{"@type":"Organization","@id":"https:\/\/www.elementvape.de\/#organization","name":"ElementVape.DE","url":"https:\/\/www.elementvape.de\/","logo":{"@type":"ImageObject","inLanguage":"ro-RO","@id":"https:\/\/www.elementvape.de\/#\/schema\/logo\/image\/","url":"https:\/\/www.elementvape.de\/wp-content\/uploads\/2024\/09\/cropped-1elementvape-3.png","contentUrl":"https:\/\/www.elementvape.de\/wp-content\/uploads\/2024\/09\/cropped-1elementvape-3.png","width":285,"height":228,"caption":"ElementVape.DE"},"image":{"@id":"https:\/\/www.elementvape.de\/#\/schema\/logo\/image\/"}}]}},"_links":{"self":[{"href":"https:\/\/www.elementvape.de\/ro\/wp-json\/wp\/v2\/product\/14705"}],"collection":[{"href":"https:\/\/www.elementvape.de\/ro\/wp-json\/wp\/v2\/product"}],"about":[{"href":"https:\/\/www.elementvape.de\/ro\/wp-json\/wp\/v2\/types\/product"}],"wp:featuredmedia":[{"embeddable":true,"href":"https:\/\/www.elementvape.de\/ro\/wp-json\/wp\/v2\/media\/14686"}],"wp:attachment":[{"href":"https:\/\/www.elementvape.de\/ro\/wp-json\/wp\/v2\/media?parent=14705"}],"wp:term":[{"taxonomy":"product_cat","embeddable":true,"href":"https:\/\/www.elementvape.de\/ro\/wp-json\/wp\/v2\/product_cat?post=14705"},{"taxonomy":"product_tag","embeddable":true,"href":"https:\/\/www.elementvape.de\/ro\/wp-json\/wp\/v2\/product_tag?post=14705"}],"curies":[{"name":"wp","href":"https:\/\/api.w.org\/{rel}","templated":true}]}}