{"id":14703,"date":"2024-09-26T02:33:12","date_gmt":"2024-09-26T02:33:12","guid":{"rendered":"https:\/\/www.elementvape.de\/?post_type=product&#038;p=14703"},"modified":"2024-10-09T06:32:08","modified_gmt":"2024-10-09T06:32:08","slug":"strawberry-lychee-bietet-9000-puffs-e-zigarette-die-die-fruchtige-suesse-von-erdbeeren-mit-der-tropischen-frische-von-litschi-perfekt-kombinieren","status":"publish","type":"product","link":"https:\/\/www.elementvape.de\/ro\/produkt\/strawberry-lychee-bietet-9000-puffs-e-zigarette-die-die-fruchtige-suesse-von-erdbeeren-mit-der-tropischen-frische-von-litschi-perfekt-kombinieren\/","title":{"rendered":"Strawberry Lychee ofer\u0103 9000 Pufuri, o \u021bigar\u0103 electronic\u0103 care combin\u0103 perfect dulcea\u021ba fructelor de c\u0103p\u0219un\u0103 cu prospe\u021bimea tropical\u0103 a litchi-ului"},"content":{"rendered":"<h3>Strawberry Lychee 9000 Puffs E-\u021bigar\u0103: Dulcea\u021b\u0103 fructat\u0103 \u00eent\u00e2lne\u0219te prospe\u021bimea tropical\u0103<\/h3>\n<p>E-\u021bigara Strawberry Lychee 9000 Puffs combin\u0103 dou\u0103 arome irezistibile \u00eentr-o experien\u021b\u0103 unic\u0103 de inhalare. Dulcea\u021ba fructat\u0103 a c\u0103p\u0219unilor coapte se \u00eent\u00e2lne\u0219te cu nota exotic\u0103 \u0219i r\u0103coritoare a litchi-ului tropical, oferind o combina\u021bie perfect\u0103 de gust pentru to\u021bi cei care iubesc aromele fructate \u0219i r\u0103coritoare. Cu o capacitate impresionant\u0103 de 9000 de pufuri, acest dispozitiv este conceput pentru a te \u00eenso\u021bi pe parcursul multor zile, oferindu-\u021bi constant experien\u021be intense de gust.<\/p>\n<h5>1.1 9000 Pufuri \u2013 Durat\u0103 lung\u0103 de utilizare<\/h5>\n<p>Cu p\u00e2n\u0103 la <strong><a href=\"https:\/\/www.elementvape.de\/ro\/p-tag\/groesser-oder-gleich-9000-zuege\/\" target=\"_blank\" rel=\"noopener\">9000 de inhal\u0103ri<\/a><\/strong> ofer\u0103 \u021bie e-\u021bigara Strawberry Lychee o experien\u021b\u0103 de inhalare de durat\u0103, care te \u00eenso\u021be\u0219te \u00een via\u021ba de zi cu zi, f\u0103r\u0103 griji c\u0103 dispozitivul se va desc\u0103rca rapid.<\/p>\n<p>Dispozitivul vine cu 14 ml de e-lichid preumplut, gata de utilizare imediat dup\u0103 despachetare. Nu este nevoie de reumplere \u2013 porne\u0219te-l pur \u0219i simplu \u0219i bucur\u0103-te de combina\u021bia delicioas\u0103 de c\u0103p\u0219uni \u0219i litchi.<\/p>\n<h5>1.3 Con\u021binut de nicotin\u0103 0\/2\/3\/5 \u2013 Pentru toate preferin\u021bele<\/h5>\n<p>E-\u021bigara Strawberry Lychee <strong><a href=\"https:\/\/www.elementvape.de\/ro\/\" target=\"_blank\" rel=\"noopener\">E-Zigaret\u0103<\/a><\/strong> este disponibil\u0103 \u00een diferite niveluri de nicotin\u0103:<\/p>\n<ul>\n<li>0 % N-con\u021binut: Pentru cei care prefer\u0103 gustul f\u0103r\u0103 nicotin\u0103.<\/li>\n<li>2 % N-con\u021binut: Nicotin\u0103 u\u0219oar\u0103 pentru o experien\u021b\u0103 de inhalare bl\u00e2nd\u0103.<\/li>\n<li>3 % N-con\u021binut: Op\u021biune de intensitate medie pentru un echilibru \u00eentre gust \u0219i con\u021binut de nicotin\u0103.<\/li>\n<li>5 % N-con\u021binut: Nicotin\u0103 intens\u0103 pentru o experien\u021b\u0103 puternic\u0103 de inhalare.<\/li>\n<\/ul>\n<h5>1.4 Baterie re\u00eenc\u0103rcabil\u0103 de 650 mAh<\/h5>\n<p>Bateria puternic\u0103 de 650 mAh asigur\u0103 faptul c\u0103 po\u021bi savura multe pufuri \u00eenainte ca dispozitivul s\u0103 fie nevoie s\u0103 fie re\u00eenc\u0103rcat. \u0218i c\u00e2nd bateria se descarc\u0103, o po\u021bi re\u00eenc\u0103rca rapid \u0219i comod.<\/p>\n<h5>1.5 port Type-C pentru \u00eenc\u0103rcare rapid\u0103<\/h5>\n<p>Datorit\u0103 portului de \u00eenc\u0103rcare USB-C, po\u021bi \u00eenc\u0103rca dispozitivul \u00een cel mai scurt timp \u0219i te po\u021bi bucura din nou de dulcea\u021ba fructat\u0103 a c\u0103p\u0219unilor \u0219i litchi-ului.<\/p>\n<p>Spirala inovatoare din mesh asigur\u0103 o produc\u021bie uniform\u0103 \u0219i intens\u0103 de vapori, eviden\u021biind aromele de c\u0103p\u0219uni \u0219i litchi \u00eentr-un mod deosebit de intens. Fiecare inhalare devine o experien\u021b\u0103 gustativ\u0103 plin\u0103 de savoare.<\/p>\n<p>Cu dimensiuni de 42 x 40,5 x 29,5 mm, e-\u021bigara Strawberry Lychee este compact\u0103 \u0219i u\u0219or de transportat. Se potrive\u0219te \u00een orice buzunar \u0219i este mereu la \u00eendem\u00e2n\u0103, oriunde \u0219i oric\u00e2nd ai nevoie de ea.<\/p>\n<h4>2. Experien\u021ba de gust: Fructe de c\u0103p\u0219uni dulci \u00eent\u00e2lnesc litchi tropical<\/h4>\n<p>E-\u021bigara Strawberry Lychee 9000 Puffs ofer\u0103 o experien\u021b\u0103 de gust inconfundabil\u0103, \u00een care aromele fructate de c\u0103p\u0219uni se \u00eent\u00e2lnesc cu prospe\u021bimea tropical\u0103 a litchi-ului.<\/p>\n<h5>2.1 C\u0103p\u0219uni dulci \u0219i suculente<\/h5>\n<p>Nota de c\u0103p\u0219uni din aceast\u0103 e-\u021bigar\u0103 este dulce, suculent\u0103 \u0219i aminte\u0219te de fructe proasp\u0103t culese. Acest gust aduce o not\u0103 de var\u0103 \u00een fiecare inhalare \u0219i asigur\u0103 o experien\u021b\u0103 pl\u0103cut fructat\u0103 de inhalare.<\/p>\n<p>Componenta de Litchi adaug\u0103 o prospe\u021bime tropical\u0103, u\u0219or acri\u0219oar\u0103, \u00een amestecul de gusturi, care se potrive\u0219te perfect cu dulcea\u021ba c\u0103p\u0219unilor. Nota exotic\u0103 ofer\u0103 o schimbare interesant\u0103 \u0219i face ca inhalarea s\u0103 fie o experien\u021b\u0103 deosebit de r\u0103coritoare.<\/p>\n<hr \/>\n<h4>3. Avantajele \u021big\u0103rii electronice Strawberry Lychee 9000 Pufuri<\/h4>\n<h5>3.1 Capacitate lung\u0103 de puf pentru o pl\u0103cere durabil\u0103<\/h5>\n<p>Datorit\u0103 celor 9000 de pufuri, po\u021bi savura inhalarea pentru mult timp, f\u0103r\u0103 ca dispozitivul s\u0103 se goleasc\u0103 rapid. Indiferent dac\u0103 inhalezi ocazional sau regulat, num\u0103rul mare de pufuri asigur\u0103 satisfac\u021bie pe termen lung.<\/p>\n<h5>3.2 Nu este nevoie de reumplere<\/h5>\n<p>Cu cele 14 ml de lichid electronic preumplut, dispozitivul este gata de utilizare imediat \u0219i nu necesit\u0103 pa\u0219i complicati precum reumplerea. Doar inhaleaz\u0103 \u0219i bucur\u0103-te.<\/p>\n<p>Indiferent dac\u0103 preferi o experien\u021b\u0103 de inhalare f\u0103r\u0103 nicotin\u0103 sau cau\u021bi o doz\u0103 mai puternic\u0103 de nicotin\u0103 \u2013 cu diferitele niveluri de nicotin\u0103, po\u021bi ajusta inhalarea exact dup\u0103 nevoile tale.<\/p>\n<h5>3.3 Design simplu \u0219i practic<\/h5>\n<p>Designul compact \u0219i manevrabilitatea u\u0219oar\u0103 fac din \u021bigara electronic\u0103 Strawberry Lychee un companion ideal pentru deplasare. Se potrive\u0219te confortabil \u00een buzunar \u0219i poate fi luat\u0103 oriunde.<\/p>\n<p>Deoarece este un dispozitiv de unic\u0103 folosin\u021b\u0103, nu necesit\u0103 \u00eentre\u021binere. Nu trebuie s\u0103-\u021bi faci griji pentru cur\u0103\u021bare, schimbarea rezisten\u021bei sau reumpleri \u2013 doar inhaleaz\u0103 p\u00e2n\u0103 se termin\u0103 lichidul.<\/p>\n<p>\u021aigara electronic\u0103 Strawberry Lychee 9000 Pufuri \u00ee\u021bi ofer\u0103 o experien\u021b\u0103 de gust unic\u0103, cu amestecul perfect dintre c\u0103p\u0219uni dulci \u0219i fructoase \u0219i litchi exotic \u0219i proasp\u0103t. Cu 9000 de pufuri \u0219i 14 ml de lichid preumplut, acest dispozitiv este conceput pentru pl\u0103cere de lung\u0103 durat\u0103 \u0219i te va face s\u0103 te bucuri de aromele r\u0103coritoare pentru multe zile.<\/p>\n<p>Datorit\u0103 diferitelor niveluri de nicotin\u0103, po\u021bi personaliza experien\u021ba de inhalare, iar bateria re\u00eenc\u0103rcabil\u0103 de 650 mAh asigur\u0103 utilizarea pe termen lung. U\u0219urin\u021ba \u00een utilizare \u0219i designul compact fac din \u021bigara electronic\u0103 Strawberry Lychee alegerea ideal\u0103 pentru cei care doresc o experien\u021b\u0103 de inhalare simpl\u0103 \u0219i intens\u0103, fie acas\u0103, fie \u00een deplasare.<\/p>\n<p>Dac\u0103 iube\u0219ti aromele fructate \u0219i o not\u0103 r\u0103coritoare, atunci \u021bigara electronic\u0103 Strawberry Lychee 9000 Pufuri este alegerea perfect\u0103 pentru tine. \u00cembarc\u0103-te \u00een gustul inconfundabil al acestei combina\u021bii \u0219i bucur\u0103-te de fiecare inhalare din plin!<\/p>","protected":false},"excerpt":{"rendered":"<p>Strawberry Lychee 9000 Puffs E-Zigarette: Fruchtige S\u00fc\u00dfe trifft tropische Frische Die Strawberry Lychee 9000 Puffs E-Zigarette vereint zwei unwiderstehliche Aromen zu einem einzigartigen Dampferlebnis. Die fruchtige S\u00fc\u00dfe von reifen Erdbeeren trifft auf die exotische und erfrischende Note der tropischen Litschi und bietet so eine perfekte Geschmackskombination f\u00fcr alle, die fruchtige und erfrischende Aromen lieben. Mit [&hellip;]<\/p>","protected":false},"featured_media":14690,"template":"","meta":{"inline_featured_image":false},"product_cat":[771,739,743,744,755,738,751],"product_tag":[710,684],"tiered_pricing_type":"fixed","tiered_pricing_fixed_rules":{"60":"6.15","110":"5.46","200":"4.78"},"tiered_pricing_percentage_rules":[],"tiered_pricing_minimum":1,"_administrator_tiered_pricing_type":"fixed","_administrator_tiered_pricing_fixed_rules":[],"_editor_tiered_pricing_type":"fixed","_editor_tiered_pricing_fixed_rules":[],"_author_tiered_pricing_type":"fixed","_author_tiered_pricing_fixed_rules":[],"_contributor_tiered_pricing_type":"fixed","_contributor_tiered_pricing_fixed_rules":[],"_subscriber_tiered_pricing_type":"fixed","_subscriber_tiered_pricing_fixed_rules":[],"_customer_tiered_pricing_type":"fixed","_customer_tiered_pricing_fixed_rules":[],"_shop_manager_tiered_pricing_type":"fixed","_shop_manager_tiered_pricing_fixed_rules":[],"_wpseo_manager_tiered_pricing_type":"fixed","_wpseo_manager_tiered_pricing_fixed_rules":[],"_wpseo_editor_tiered_pricing_type":"fixed","_wpseo_editor_tiered_pricing_fixed_rules":[],"_wholesale_customer_tiered_pricing_type":"fixed","_wholesale_customer_tiered_pricing_fixed_rules":[],"_marketer_tiered_pricing_type":"fixed","_marketer_tiered_pricing_fixed_rules":[],"_sales_manager_tiered_pricing_type":"fixed","_sales_manager_tiered_pricing_fixed_rules":[],"_sales_rep_tiered_pricing_type":"fixed","_sales_rep_tiered_pricing_fixed_rules":[],"yoast_head":"<!-- This site is optimized with the Yoast SEO plugin v23.3 - https:\/\/yoast.com\/wordpress\/plugins\/seo\/ -->\n<title>Strawberry Lychee bietet 9000 Puffs E-Zigarette die die fruchtige S\u00fc\u00dfe von Erdbeeren mit der tropischen Frische von Litschi perfekt kombinieren | ElementVape.de<\/title>\n<meta name=\"description\" content=\"Wir bieten Strawberry Lychee bietet 9000 Puffs E-Zigarette die die fruchtige S\u00fc\u00dfe von Erdbeeren mit der tropischen Frische von Litschi perfekt kombinieren , Elementvape.de akzeptieren Gro\u00df-und Einzelhandel Bestellungen.\" \/>\n<meta name=\"robots\" content=\"index, follow, max-snippet:-1, max-image-preview:large, max-video-preview:-1\" \/>\n<link rel=\"canonical\" href=\"https:\/\/www.elementvape.de\/ro\/produkt\/strawberry-lychee-bietet-9000-puffs-e-zigarette-die-die-fruchtige-suesse-von-erdbeeren-mit-der-tropischen-frische-von-litschi-perfekt-kombinieren\/\" \/>\n<meta property=\"og:locale\" content=\"ro_RO\" \/>\n<meta property=\"og:type\" content=\"article\" \/>\n<meta property=\"og:title\" content=\"Strawberry Lychee bietet 9000 Puffs E-Zigarette die die fruchtige S\u00fc\u00dfe von Erdbeeren mit der tropischen Frische von Litschi perfekt kombinieren | ElementVape.de\" \/>\n<meta property=\"og:description\" content=\"Wir bieten Strawberry Lychee bietet 9000 Puffs E-Zigarette die die fruchtige S\u00fc\u00dfe von Erdbeeren mit der tropischen Frische von Litschi perfekt kombinieren , Elementvape.de akzeptieren Gro\u00df-und Einzelhandel Bestellungen.\" \/>\n<meta property=\"og:url\" content=\"https:\/\/www.elementvape.de\/ro\/produkt\/strawberry-lychee-bietet-9000-puffs-e-zigarette-die-die-fruchtige-suesse-von-erdbeeren-mit-der-tropischen-frische-von-litschi-perfekt-kombinieren\/\" \/>\n<meta property=\"og:site_name\" content=\"ElementVape.de\" \/>\n<meta property=\"article:modified_time\" content=\"2024-10-09T06:32:08+00:00\" \/>\n<meta property=\"og:image\" content=\"https:\/\/www.elementvape.de\/wp-content\/uploads\/2024\/09\/Strawberry-Lychee-4.jpg\" \/>\n\t<meta property=\"og:image:width\" content=\"1920\" \/>\n\t<meta property=\"og:image:height\" content=\"1080\" \/>\n\t<meta property=\"og:image:type\" content=\"image\/jpeg\" \/>\n<meta name=\"twitter:card\" content=\"summary_large_image\" \/>\n<meta name=\"twitter:label1\" content=\"Est. reading time\" \/>\n\t<meta name=\"twitter:data1\" content=\"5 minute\" \/>\n<script type=\"application\/ld+json\" class=\"yoast-schema-graph\">{\"@context\":\"https:\/\/schema.org\",\"@graph\":[{\"@type\":\"WebPage\",\"@id\":\"https:\/\/www.elementvape.de\/en\/produkt\/strawberry-lychee-bietet-9000-puffs-e-zigarette-die-die-fruchtige-suesse-von-erdbeeren-mit-der-tropischen-frische-von-litschi-perfekt-kombinieren\/\",\"url\":\"https:\/\/www.elementvape.de\/en\/produkt\/strawberry-lychee-bietet-9000-puffs-e-zigarette-die-die-fruchtige-suesse-von-erdbeeren-mit-der-tropischen-frische-von-litschi-perfekt-kombinieren\/\",\"name\":\"Strawberry Lychee bietet 9000 Puffs E-Zigarette die die fruchtige S\u00fc\u00dfe von Erdbeeren mit der tropischen Frische von Litschi perfekt kombinieren | ElementVape.de\",\"isPartOf\":{\"@id\":\"https:\/\/www.elementvape.de\/#website\"},\"primaryImageOfPage\":{\"@id\":\"https:\/\/www.elementvape.de\/en\/produkt\/strawberry-lychee-bietet-9000-puffs-e-zigarette-die-die-fruchtige-suesse-von-erdbeeren-mit-der-tropischen-frische-von-litschi-perfekt-kombinieren\/#primaryimage\"},\"image\":{\"@id\":\"https:\/\/www.elementvape.de\/en\/produkt\/strawberry-lychee-bietet-9000-puffs-e-zigarette-die-die-fruchtige-suesse-von-erdbeeren-mit-der-tropischen-frische-von-litschi-perfekt-kombinieren\/#primaryimage\"},\"thumbnailUrl\":\"https:\/\/www.elementvape.de\/wp-content\/uploads\/2024\/09\/Strawberry-Lychee-4.jpg\",\"datePublished\":\"2024-09-26T02:33:12+00:00\",\"dateModified\":\"2024-10-09T06:32:08+00:00\",\"description\":\"Wir bieten Strawberry Lychee bietet 9000 Puffs E-Zigarette die die fruchtige S\u00fc\u00dfe von Erdbeeren mit der tropischen Frische von Litschi perfekt kombinieren , Elementvape.de akzeptieren Gro\u00df-und Einzelhandel Bestellungen.\",\"breadcrumb\":{\"@id\":\"https:\/\/www.elementvape.de\/en\/produkt\/strawberry-lychee-bietet-9000-puffs-e-zigarette-die-die-fruchtige-suesse-von-erdbeeren-mit-der-tropischen-frische-von-litschi-perfekt-kombinieren\/#breadcrumb\"},\"inLanguage\":\"ro-RO\",\"potentialAction\":[{\"@type\":\"ReadAction\",\"target\":[\"https:\/\/www.elementvape.de\/en\/produkt\/strawberry-lychee-bietet-9000-puffs-e-zigarette-die-die-fruchtige-suesse-von-erdbeeren-mit-der-tropischen-frische-von-litschi-perfekt-kombinieren\/\"]}]},{\"@type\":\"ImageObject\",\"inLanguage\":\"ro-RO\",\"@id\":\"https:\/\/www.elementvape.de\/en\/produkt\/strawberry-lychee-bietet-9000-puffs-e-zigarette-die-die-fruchtige-suesse-von-erdbeeren-mit-der-tropischen-frische-von-litschi-perfekt-kombinieren\/#primaryimage\",\"url\":\"https:\/\/www.elementvape.de\/wp-content\/uploads\/2024\/09\/Strawberry-Lychee-4.jpg\",\"contentUrl\":\"https:\/\/www.elementvape.de\/wp-content\/uploads\/2024\/09\/Strawberry-Lychee-4.jpg\",\"width\":1920,\"height\":1080,\"caption\":\"Strawberry Lychee\"},{\"@type\":\"BreadcrumbList\",\"@id\":\"https:\/\/www.elementvape.de\/en\/produkt\/strawberry-lychee-bietet-9000-puffs-e-zigarette-die-die-fruchtige-suesse-von-erdbeeren-mit-der-tropischen-frische-von-litschi-perfekt-kombinieren\/#breadcrumb\",\"itemListElement\":[{\"@type\":\"ListItem\",\"position\":1,\"name\":\"Home\",\"item\":\"https:\/\/www.elementvape.de\/\"},{\"@type\":\"ListItem\",\"position\":2,\"name\":\"Shop\",\"item\":\"https:\/\/www.elementvape.de\/shop\/\"},{\"@type\":\"ListItem\",\"position\":3,\"name\":\"Strawberry Lychee bietet 9000 Puffs E-Zigarette die die fruchtige S\u00fc\u00dfe von Erdbeeren mit der tropischen Frische von Litschi perfekt kombinieren\"}]},{\"@type\":\"WebSite\",\"@id\":\"https:\/\/www.elementvape.de\/#website\",\"url\":\"https:\/\/www.elementvape.de\/\",\"name\":\"ElementVape.de\",\"description\":\"\",\"publisher\":{\"@id\":\"https:\/\/www.elementvape.de\/#organization\"},\"potentialAction\":[{\"@type\":\"SearchAction\",\"target\":{\"@type\":\"EntryPoint\",\"urlTemplate\":\"https:\/\/www.elementvape.de\/?s={search_term_string}\"},\"query-input\":\"required name=search_term_string\"}],\"inLanguage\":\"ro-RO\"},{\"@type\":\"Organization\",\"@id\":\"https:\/\/www.elementvape.de\/#organization\",\"name\":\"ElementVape.DE\",\"url\":\"https:\/\/www.elementvape.de\/\",\"logo\":{\"@type\":\"ImageObject\",\"inLanguage\":\"ro-RO\",\"@id\":\"https:\/\/www.elementvape.de\/#\/schema\/logo\/image\/\",\"url\":\"https:\/\/www.elementvape.de\/wp-content\/uploads\/2024\/09\/cropped-1elementvape-3.png\",\"contentUrl\":\"https:\/\/www.elementvape.de\/wp-content\/uploads\/2024\/09\/cropped-1elementvape-3.png\",\"width\":285,\"height\":228,\"caption\":\"ElementVape.DE\"},\"image\":{\"@id\":\"https:\/\/www.elementvape.de\/#\/schema\/logo\/image\/\"}}]}<\/script>\n<!-- \/ Yoast SEO plugin. -->","yoast_head_json":{"title":"Strawberry Lychee bietet 9000 Puffs E-Zigarette die die fruchtige S\u00fc\u00dfe von Erdbeeren mit der tropischen Frische von Litschi perfekt kombinieren | ElementVape.de","description":"Wir bieten Strawberry Lychee bietet 9000 Puffs E-Zigarette die die fruchtige S\u00fc\u00dfe von Erdbeeren mit der tropischen Frische von Litschi perfekt kombinieren , Elementvape.de akzeptieren Gro\u00df-und Einzelhandel Bestellungen.","robots":{"index":"index","follow":"follow","max-snippet":"max-snippet:-1","max-image-preview":"max-image-preview:large","max-video-preview":"max-video-preview:-1"},"canonical":"https:\/\/www.elementvape.de\/ro\/produkt\/strawberry-lychee-bietet-9000-puffs-e-zigarette-die-die-fruchtige-suesse-von-erdbeeren-mit-der-tropischen-frische-von-litschi-perfekt-kombinieren\/","og_locale":"ro_RO","og_type":"article","og_title":"Strawberry Lychee bietet 9000 Puffs E-Zigarette die die fruchtige S\u00fc\u00dfe von Erdbeeren mit der tropischen Frische von Litschi perfekt kombinieren | ElementVape.de","og_description":"Wir bieten Strawberry Lychee bietet 9000 Puffs E-Zigarette die die fruchtige S\u00fc\u00dfe von Erdbeeren mit der tropischen Frische von Litschi perfekt kombinieren , Elementvape.de akzeptieren Gro\u00df-und Einzelhandel Bestellungen.","og_url":"https:\/\/www.elementvape.de\/ro\/produkt\/strawberry-lychee-bietet-9000-puffs-e-zigarette-die-die-fruchtige-suesse-von-erdbeeren-mit-der-tropischen-frische-von-litschi-perfekt-kombinieren\/","og_site_name":"ElementVape.de","article_modified_time":"2024-10-09T06:32:08+00:00","og_image":[{"width":1920,"height":1080,"url":"https:\/\/www.elementvape.de\/wp-content\/uploads\/2024\/09\/Strawberry-Lychee-4.jpg","type":"image\/jpeg"}],"twitter_card":"summary_large_image","twitter_misc":{"Est. reading time":"5 minute"},"schema":{"@context":"https:\/\/schema.org","@graph":[{"@type":"WebPage","@id":"https:\/\/www.elementvape.de\/en\/produkt\/strawberry-lychee-bietet-9000-puffs-e-zigarette-die-die-fruchtige-suesse-von-erdbeeren-mit-der-tropischen-frische-von-litschi-perfekt-kombinieren\/","url":"https:\/\/www.elementvape.de\/en\/produkt\/strawberry-lychee-bietet-9000-puffs-e-zigarette-die-die-fruchtige-suesse-von-erdbeeren-mit-der-tropischen-frische-von-litschi-perfekt-kombinieren\/","name":"Strawberry Lychee bietet 9000 Puffs E-Zigarette die die fruchtige S\u00fc\u00dfe von Erdbeeren mit der tropischen Frische von Litschi perfekt kombinieren | ElementVape.de","isPartOf":{"@id":"https:\/\/www.elementvape.de\/#website"},"primaryImageOfPage":{"@id":"https:\/\/www.elementvape.de\/en\/produkt\/strawberry-lychee-bietet-9000-puffs-e-zigarette-die-die-fruchtige-suesse-von-erdbeeren-mit-der-tropischen-frische-von-litschi-perfekt-kombinieren\/#primaryimage"},"image":{"@id":"https:\/\/www.elementvape.de\/en\/produkt\/strawberry-lychee-bietet-9000-puffs-e-zigarette-die-die-fruchtige-suesse-von-erdbeeren-mit-der-tropischen-frische-von-litschi-perfekt-kombinieren\/#primaryimage"},"thumbnailUrl":"https:\/\/www.elementvape.de\/wp-content\/uploads\/2024\/09\/Strawberry-Lychee-4.jpg","datePublished":"2024-09-26T02:33:12+00:00","dateModified":"2024-10-09T06:32:08+00:00","description":"Wir bieten Strawberry Lychee bietet 9000 Puffs E-Zigarette die die fruchtige S\u00fc\u00dfe von Erdbeeren mit der tropischen Frische von Litschi perfekt kombinieren , Elementvape.de akzeptieren Gro\u00df-und Einzelhandel Bestellungen.","breadcrumb":{"@id":"https:\/\/www.elementvape.de\/en\/produkt\/strawberry-lychee-bietet-9000-puffs-e-zigarette-die-die-fruchtige-suesse-von-erdbeeren-mit-der-tropischen-frische-von-litschi-perfekt-kombinieren\/#breadcrumb"},"inLanguage":"ro-RO","potentialAction":[{"@type":"ReadAction","target":["https:\/\/www.elementvape.de\/en\/produkt\/strawberry-lychee-bietet-9000-puffs-e-zigarette-die-die-fruchtige-suesse-von-erdbeeren-mit-der-tropischen-frische-von-litschi-perfekt-kombinieren\/"]}]},{"@type":"ImageObject","inLanguage":"ro-RO","@id":"https:\/\/www.elementvape.de\/en\/produkt\/strawberry-lychee-bietet-9000-puffs-e-zigarette-die-die-fruchtige-suesse-von-erdbeeren-mit-der-tropischen-frische-von-litschi-perfekt-kombinieren\/#primaryimage","url":"https:\/\/www.elementvape.de\/wp-content\/uploads\/2024\/09\/Strawberry-Lychee-4.jpg","contentUrl":"https:\/\/www.elementvape.de\/wp-content\/uploads\/2024\/09\/Strawberry-Lychee-4.jpg","width":1920,"height":1080,"caption":"Strawberry Lychee"},{"@type":"BreadcrumbList","@id":"https:\/\/www.elementvape.de\/en\/produkt\/strawberry-lychee-bietet-9000-puffs-e-zigarette-die-die-fruchtige-suesse-von-erdbeeren-mit-der-tropischen-frische-von-litschi-perfekt-kombinieren\/#breadcrumb","itemListElement":[{"@type":"ListItem","position":1,"name":"Home","item":"https:\/\/www.elementvape.de\/"},{"@type":"ListItem","position":2,"name":"Shop","item":"https:\/\/www.elementvape.de\/shop\/"},{"@type":"ListItem","position":3,"name":"Strawberry Lychee bietet 9000 Puffs E-Zigarette die die fruchtige S\u00fc\u00dfe von Erdbeeren mit der tropischen Frische von Litschi perfekt kombinieren"}]},{"@type":"WebSite","@id":"https:\/\/www.elementvape.de\/#website","url":"https:\/\/www.elementvape.de\/","name":"ElementVape.de","description":"","publisher":{"@id":"https:\/\/www.elementvape.de\/#organization"},"potentialAction":[{"@type":"SearchAction","target":{"@type":"EntryPoint","urlTemplate":"https:\/\/www.elementvape.de\/?s={search_term_string}"},"query-input":"required name=search_term_string"}],"inLanguage":"ro-RO"},{"@type":"Organization","@id":"https:\/\/www.elementvape.de\/#organization","name":"ElementVape.DE","url":"https:\/\/www.elementvape.de\/","logo":{"@type":"ImageObject","inLanguage":"ro-RO","@id":"https:\/\/www.elementvape.de\/#\/schema\/logo\/image\/","url":"https:\/\/www.elementvape.de\/wp-content\/uploads\/2024\/09\/cropped-1elementvape-3.png","contentUrl":"https:\/\/www.elementvape.de\/wp-content\/uploads\/2024\/09\/cropped-1elementvape-3.png","width":285,"height":228,"caption":"ElementVape.DE"},"image":{"@id":"https:\/\/www.elementvape.de\/#\/schema\/logo\/image\/"}}]}},"_links":{"self":[{"href":"https:\/\/www.elementvape.de\/ro\/wp-json\/wp\/v2\/product\/14703"}],"collection":[{"href":"https:\/\/www.elementvape.de\/ro\/wp-json\/wp\/v2\/product"}],"about":[{"href":"https:\/\/www.elementvape.de\/ro\/wp-json\/wp\/v2\/types\/product"}],"wp:featuredmedia":[{"embeddable":true,"href":"https:\/\/www.elementvape.de\/ro\/wp-json\/wp\/v2\/media\/14690"}],"wp:attachment":[{"href":"https:\/\/www.elementvape.de\/ro\/wp-json\/wp\/v2\/media?parent=14703"}],"wp:term":[{"taxonomy":"product_cat","embeddable":true,"href":"https:\/\/www.elementvape.de\/ro\/wp-json\/wp\/v2\/product_cat?post=14703"},{"taxonomy":"product_tag","embeddable":true,"href":"https:\/\/www.elementvape.de\/ro\/wp-json\/wp\/v2\/product_tag?post=14703"}],"curies":[{"name":"wp","href":"https:\/\/api.w.org\/{rel}","templated":true}]}}