{"id":14664,"date":"2024-09-25T07:40:33","date_gmt":"2024-09-25T07:40:33","guid":{"rendered":"https:\/\/www.elementvape.de\/?post_type=product&#038;p=14664"},"modified":"2024-10-09T07:01:49","modified_gmt":"2024-10-09T07:01:49","slug":"erleben-sie-die-fruchtige-harmonie-von-kiwi-passionsfrucht-und-guave-mit-der-bang-king-digital-15000-puffs-fuer-tropisches-vaping","status":"publish","type":"product","link":"https:\/\/www.elementvape.de\/ro\/produkt\/erleben-sie-die-fruchtige-harmonie-von-kiwi-passionsfrucht-und-guave-mit-der-bang-king-digital-15000-puffs-fuer-tropisches-vaping\/","title":{"rendered":"Experimenteaz\u0103 armonia fructat\u0103 de kiwi, fructul pasiunii \u0219i guava cu BANG KING Digital 15000 PUFFS pentru vaping tropical"},"content":{"rendered":"<h2>http\/1.1 503 error<\/h2>\n<p>http\/1.1 503 error <strong><a href=\"https:\/\/www.elementvape.de\/ro\/p-tag\/groesser-oder-gleich-15000-zuege\/\" target=\"_blank\" rel=\"noopener\">15000 pufuri<\/a><\/strong> http\/1.1 503 error <strong><a href=\"https:\/\/www.elementvape.de\/ro\/\" target=\"_blank\" rel=\"noopener\">fum\u0103tori<\/a><\/strong> http\/1.1 503 error<\/p>\n<p>http\/1.1 503 error<\/p>\n<h3>1. Experien\u021ba gustului<\/h3>\n<h4>http\/1.1 503 error<\/h4>\n<p>http\/1.1 503 error<\/p>\n<h4>http\/1.1 503 error<\/h4>\n<p>http\/1.1 503 error<\/p>\n<h4>http\/1.1 503 error<\/h4>\n<p>http\/1.1 503 error<\/p>\n<h3>2. Specifica\u021bii tehnice<\/h3>\n<p>http\/1.1 503 error<\/p>\n<p>http\/1.1 503 error <strong><a href=\"https:\/\/www.elementvape.de\/ro\/c\/einweg-zigarette\/\" target=\"_blank\" rel=\"noopener\">\u021aig\u0103ri electronice de unic\u0103 folosin\u021b\u0103<\/a><\/strong> http\/1.1 503 error<\/p>\n<p>http\/1.1 503 error<\/p>\n<p>http\/1.1 503 error<\/p>\n<h3>3. Versatilitatea op\u021biunilor de nicotin\u0103<\/h3>\n<p>http\/1.1 503 error<\/p>\n<h4>3.1. Op\u021biune f\u0103r\u0103 nicotin\u0103<\/h4>\n<p>http\/1.1 503 error<\/p>\n<h4>3.2. Niveluri mai sc\u0103zute de nicotin\u0103<\/h4>\n<p>http\/1.1 503 error<\/p>\n<h4>3.3. Niveluri mai ridicate de nicotin\u0103<\/h4>\n<p>http\/1.1 503 error<\/p>\n<h3>4. Design \u0219i u\u0219urin\u021b\u0103 \u00een utilizare<\/h3>\n<h4>4.1. Dimensiune compact\u0103<\/h4>\n<p>http\/1.1 503 error<\/p>\n<h4>4.2. Utilizare simpl\u0103<\/h4>\n<p>http\/1.1 503 error<\/p>\n<h3>5. Considera\u021bii privind s\u0103n\u0103tatea<\/h3>\n<p>Vaporizarea este adesea considerat\u0103 o alternativ\u0103 mai pu\u021bin d\u0103un\u0103toare fa\u021b\u0103 de fumatul tradi\u021bional. BANG KING Digital 15000 PUFFS folose\u0219te ingrediente de \u00eenalt\u0103 calitate, care asigur\u0103 o experien\u021b\u0103 de vaping sigur\u0103.<\/p>\n<h4>5.1. Controlul calit\u0103\u021bii<\/h4>\n<p>Produc\u021bia BANG KING este supus\u0103 unor controale stricte de calitate pentru a asigura c\u0103 fiecare unitate respect\u0103 cele mai \u00eenalte standarde. Ingrediente sunt atent selectate \u0219i testate pentru a garanta puritatea \u0219i calitatea.<\/p>\n<h4>5.2. Mai pu\u021bine substan\u021be nocive<\/h4>\n<p>http\/1.1 503 error<\/p>\n<h3>6. Aspecte ecologice<\/h3>\n<p>Un alt aspect care diferen\u021biaz\u0103 BANG KING Digital 15000 PUFFS este preocuparea pentru mediu. De\u0219i produsele de unic\u0103 folosin\u021b\u0103 sunt adesea asociate cu impactul asupra mediului, BANG KING adopt\u0103 practici durabile.<\/p>\n<h4>6.1. Reciclare \u0219i eliminare<\/h4>\n<p>http\/1.1 503 error<\/p>\n<h4>6.2. Consumul con\u0219tient<\/h4>\n<p>Prin alegerea BANG KING Digital 15000 PUFFS, utilizatorii opteaz\u0103 pentru un produs care nu doar pune accent pe calitate \u0219i gust, ci \u0219i \u00ee\u0219i asum\u0103 responsabilitatea pentru mediu.<\/p>\n<h3>7. Feedback-ul clien\u021bilor \u0219i experien\u021bele<\/h3>\n<p>http\/1.1 503 error<\/p>\n<h4>http\/1.1 503 error<\/h4>\n<p>http\/1.1 503 error<\/p>\n<h4>7.2. Satisfac\u021bia fa\u021b\u0103 de performan\u021b\u0103<\/h4>\n<p>http\/1.1 503 error<\/p>\n<p>http\/1.1 503 error<\/p>\n<p>http\/1.1 503 error<\/p>\n<p>http\/1.1 503 error<\/p>","protected":false},"excerpt":{"rendered":"<p>BANG KING Digital 15000 PUFFS: Kiwi Passionsfrucht und Guave In der Welt der E-Zigaretten gibt es eine unendliche Vielfalt an Geschm\u00e4ckern und Aromen, die das Dampfen zu einem einzigartigen Erlebnis machen. Die BANG KING Digital 15000 PUFFS hebt dieses Erlebnis auf ein neues Level, indem sie eine exquisite Kombination aus Kiwi, Passionsfrucht und Guave bietet. [&hellip;]<\/p>","protected":false},"featured_media":14642,"template":"","meta":{"inline_featured_image":false},"product_cat":[770,739,743,744,755,738,751],"product_tag":[710,674],"tiered_pricing_type":"fixed","tiered_pricing_fixed_rules":{"60":"6.15","110":"5.46","200":"4.78"},"tiered_pricing_percentage_rules":[],"tiered_pricing_minimum":1,"_administrator_tiered_pricing_type":"fixed","_administrator_tiered_pricing_fixed_rules":[],"_editor_tiered_pricing_type":"fixed","_editor_tiered_pricing_fixed_rules":[],"_author_tiered_pricing_type":"fixed","_author_tiered_pricing_fixed_rules":[],"_contributor_tiered_pricing_type":"fixed","_contributor_tiered_pricing_fixed_rules":[],"_subscriber_tiered_pricing_type":"fixed","_subscriber_tiered_pricing_fixed_rules":[],"_customer_tiered_pricing_type":"fixed","_customer_tiered_pricing_fixed_rules":[],"_shop_manager_tiered_pricing_type":"fixed","_shop_manager_tiered_pricing_fixed_rules":[],"_wpseo_manager_tiered_pricing_type":"fixed","_wpseo_manager_tiered_pricing_fixed_rules":[],"_wpseo_editor_tiered_pricing_type":"fixed","_wpseo_editor_tiered_pricing_fixed_rules":[],"_wholesale_customer_tiered_pricing_type":"fixed","_wholesale_customer_tiered_pricing_fixed_rules":[],"_marketer_tiered_pricing_type":"fixed","_marketer_tiered_pricing_fixed_rules":[],"_sales_manager_tiered_pricing_type":"fixed","_sales_manager_tiered_pricing_fixed_rules":[],"_sales_rep_tiered_pricing_type":"fixed","_sales_rep_tiered_pricing_fixed_rules":[],"yoast_head":"<!-- This site is optimized with the Yoast SEO plugin v23.3 - https:\/\/yoast.com\/wordpress\/plugins\/seo\/ -->\n<title>Erleben Sie die fruchtige Harmonie von Kiwi Passionsfrucht und Guave mit der BANG KING Digital 15000 PUFFS f\u00fcr tropisches Vaping | ElementVape.de<\/title>\n<meta name=\"description\" content=\"Wir bieten Erleben Sie die fruchtige Harmonie von Kiwi Passionsfrucht und Guave mit der BANG KING Digital 15000 PUFFS f\u00fcr tropisches Vaping , Elementvape.de akzeptieren Gro\u00df-und Einzelhandel Bestellungen.\" \/>\n<meta name=\"robots\" content=\"index, follow, max-snippet:-1, max-image-preview:large, max-video-preview:-1\" \/>\n<link rel=\"canonical\" href=\"https:\/\/www.elementvape.de\/ro\/produkt\/erleben-sie-die-fruchtige-harmonie-von-kiwi-passionsfrucht-und-guave-mit-der-bang-king-digital-15000-puffs-fuer-tropisches-vaping\/\" \/>\n<meta property=\"og:locale\" content=\"ro_RO\" \/>\n<meta property=\"og:type\" content=\"article\" \/>\n<meta property=\"og:title\" content=\"Erleben Sie die fruchtige Harmonie von Kiwi Passionsfrucht und Guave mit der BANG KING Digital 15000 PUFFS f\u00fcr tropisches Vaping | ElementVape.de\" \/>\n<meta property=\"og:description\" content=\"Wir bieten Erleben Sie die fruchtige Harmonie von Kiwi Passionsfrucht und Guave mit der BANG KING Digital 15000 PUFFS f\u00fcr tropisches Vaping , Elementvape.de akzeptieren Gro\u00df-und Einzelhandel Bestellungen.\" \/>\n<meta property=\"og:url\" content=\"https:\/\/www.elementvape.de\/ro\/produkt\/erleben-sie-die-fruchtige-harmonie-von-kiwi-passionsfrucht-und-guave-mit-der-bang-king-digital-15000-puffs-fuer-tropisches-vaping\/\" \/>\n<meta property=\"og:site_name\" content=\"ElementVape.de\" \/>\n<meta property=\"article:modified_time\" content=\"2024-10-09T07:01:49+00:00\" \/>\n<meta property=\"og:image\" content=\"https:\/\/www.elementvape.de\/wp-content\/uploads\/2024\/09\/KIWI-Passion-Fruit-Guava.jpg\" \/>\n\t<meta property=\"og:image:width\" content=\"1440\" \/>\n\t<meta property=\"og:image:height\" content=\"980\" \/>\n\t<meta property=\"og:image:type\" content=\"image\/jpeg\" \/>\n<meta name=\"twitter:card\" content=\"summary_large_image\" \/>\n<meta name=\"twitter:label1\" content=\"Est. reading time\" \/>\n\t<meta name=\"twitter:data1\" content=\"7 minute\" \/>\n<script type=\"application\/ld+json\" class=\"yoast-schema-graph\">{\"@context\":\"https:\/\/schema.org\",\"@graph\":[{\"@type\":\"WebPage\",\"@id\":\"https:\/\/www.elementvape.de\/da\/produkt\/erleben-sie-die-fruchtige-harmonie-von-kiwi-passionsfrucht-und-guave-mit-der-bang-king-digital-15000-puffs-fuer-tropisches-vaping\/\",\"url\":\"https:\/\/www.elementvape.de\/da\/produkt\/erleben-sie-die-fruchtige-harmonie-von-kiwi-passionsfrucht-und-guave-mit-der-bang-king-digital-15000-puffs-fuer-tropisches-vaping\/\",\"name\":\"Erleben Sie die fruchtige Harmonie von Kiwi Passionsfrucht und Guave mit der BANG KING Digital 15000 PUFFS f\u00fcr tropisches Vaping | ElementVape.de\",\"isPartOf\":{\"@id\":\"https:\/\/www.elementvape.de\/#website\"},\"primaryImageOfPage\":{\"@id\":\"https:\/\/www.elementvape.de\/da\/produkt\/erleben-sie-die-fruchtige-harmonie-von-kiwi-passionsfrucht-und-guave-mit-der-bang-king-digital-15000-puffs-fuer-tropisches-vaping\/#primaryimage\"},\"image\":{\"@id\":\"https:\/\/www.elementvape.de\/da\/produkt\/erleben-sie-die-fruchtige-harmonie-von-kiwi-passionsfrucht-und-guave-mit-der-bang-king-digital-15000-puffs-fuer-tropisches-vaping\/#primaryimage\"},\"thumbnailUrl\":\"https:\/\/www.elementvape.de\/wp-content\/uploads\/2024\/09\/KIWI-Passion-Fruit-Guava.jpg\",\"datePublished\":\"2024-09-25T07:40:33+00:00\",\"dateModified\":\"2024-10-09T07:01:49+00:00\",\"description\":\"Wir bieten Erleben Sie die fruchtige Harmonie von Kiwi Passionsfrucht und Guave mit der BANG KING Digital 15000 PUFFS f\u00fcr tropisches Vaping , Elementvape.de akzeptieren Gro\u00df-und Einzelhandel Bestellungen.\",\"breadcrumb\":{\"@id\":\"https:\/\/www.elementvape.de\/da\/produkt\/erleben-sie-die-fruchtige-harmonie-von-kiwi-passionsfrucht-und-guave-mit-der-bang-king-digital-15000-puffs-fuer-tropisches-vaping\/#breadcrumb\"},\"inLanguage\":\"ro-RO\",\"potentialAction\":[{\"@type\":\"ReadAction\",\"target\":[\"https:\/\/www.elementvape.de\/da\/produkt\/erleben-sie-die-fruchtige-harmonie-von-kiwi-passionsfrucht-und-guave-mit-der-bang-king-digital-15000-puffs-fuer-tropisches-vaping\/\"]}]},{\"@type\":\"ImageObject\",\"inLanguage\":\"ro-RO\",\"@id\":\"https:\/\/www.elementvape.de\/da\/produkt\/erleben-sie-die-fruchtige-harmonie-von-kiwi-passionsfrucht-und-guave-mit-der-bang-king-digital-15000-puffs-fuer-tropisches-vaping\/#primaryimage\",\"url\":\"https:\/\/www.elementvape.de\/wp-content\/uploads\/2024\/09\/KIWI-Passion-Fruit-Guava.jpg\",\"contentUrl\":\"https:\/\/www.elementvape.de\/wp-content\/uploads\/2024\/09\/KIWI-Passion-Fruit-Guava.jpg\",\"width\":1440,\"height\":980,\"caption\":\"KIWI Passion Fruit Guava\"},{\"@type\":\"BreadcrumbList\",\"@id\":\"https:\/\/www.elementvape.de\/da\/produkt\/erleben-sie-die-fruchtige-harmonie-von-kiwi-passionsfrucht-und-guave-mit-der-bang-king-digital-15000-puffs-fuer-tropisches-vaping\/#breadcrumb\",\"itemListElement\":[{\"@type\":\"ListItem\",\"position\":1,\"name\":\"Home\",\"item\":\"https:\/\/www.elementvape.de\/\"},{\"@type\":\"ListItem\",\"position\":2,\"name\":\"Shop\",\"item\":\"https:\/\/www.elementvape.de\/shop\/\"},{\"@type\":\"ListItem\",\"position\":3,\"name\":\"Erleben Sie die fruchtige Harmonie von Kiwi Passionsfrucht und Guave mit der BANG KING Digital 15000 PUFFS f\u00fcr tropisches Vaping\"}]},{\"@type\":\"WebSite\",\"@id\":\"https:\/\/www.elementvape.de\/#website\",\"url\":\"https:\/\/www.elementvape.de\/\",\"name\":\"ElementVape.de\",\"description\":\"\",\"publisher\":{\"@id\":\"https:\/\/www.elementvape.de\/#organization\"},\"potentialAction\":[{\"@type\":\"SearchAction\",\"target\":{\"@type\":\"EntryPoint\",\"urlTemplate\":\"https:\/\/www.elementvape.de\/?s={search_term_string}\"},\"query-input\":\"required name=search_term_string\"}],\"inLanguage\":\"ro-RO\"},{\"@type\":\"Organization\",\"@id\":\"https:\/\/www.elementvape.de\/#organization\",\"name\":\"ElementVape.DE\",\"url\":\"https:\/\/www.elementvape.de\/\",\"logo\":{\"@type\":\"ImageObject\",\"inLanguage\":\"ro-RO\",\"@id\":\"https:\/\/www.elementvape.de\/#\/schema\/logo\/image\/\",\"url\":\"https:\/\/www.elementvape.de\/wp-content\/uploads\/2024\/09\/cropped-1elementvape-3.png\",\"contentUrl\":\"https:\/\/www.elementvape.de\/wp-content\/uploads\/2024\/09\/cropped-1elementvape-3.png\",\"width\":285,\"height\":228,\"caption\":\"ElementVape.DE\"},\"image\":{\"@id\":\"https:\/\/www.elementvape.de\/#\/schema\/logo\/image\/\"}}]}<\/script>\n<!-- \/ Yoast SEO plugin. -->","yoast_head_json":{"title":"Erleben Sie die fruchtige Harmonie von Kiwi Passionsfrucht und Guave mit der BANG KING Digital 15000 PUFFS f\u00fcr tropisches Vaping | ElementVape.de","description":"Wir bieten Erleben Sie die fruchtige Harmonie von Kiwi Passionsfrucht und Guave mit der BANG KING Digital 15000 PUFFS f\u00fcr tropisches Vaping , Elementvape.de akzeptieren Gro\u00df-und Einzelhandel Bestellungen.","robots":{"index":"index","follow":"follow","max-snippet":"max-snippet:-1","max-image-preview":"max-image-preview:large","max-video-preview":"max-video-preview:-1"},"canonical":"https:\/\/www.elementvape.de\/ro\/produkt\/erleben-sie-die-fruchtige-harmonie-von-kiwi-passionsfrucht-und-guave-mit-der-bang-king-digital-15000-puffs-fuer-tropisches-vaping\/","og_locale":"ro_RO","og_type":"article","og_title":"Erleben Sie die fruchtige Harmonie von Kiwi Passionsfrucht und Guave mit der BANG KING Digital 15000 PUFFS f\u00fcr tropisches Vaping | ElementVape.de","og_description":"Wir bieten Erleben Sie die fruchtige Harmonie von Kiwi Passionsfrucht und Guave mit der BANG KING Digital 15000 PUFFS f\u00fcr tropisches Vaping , Elementvape.de akzeptieren Gro\u00df-und Einzelhandel Bestellungen.","og_url":"https:\/\/www.elementvape.de\/ro\/produkt\/erleben-sie-die-fruchtige-harmonie-von-kiwi-passionsfrucht-und-guave-mit-der-bang-king-digital-15000-puffs-fuer-tropisches-vaping\/","og_site_name":"ElementVape.de","article_modified_time":"2024-10-09T07:01:49+00:00","og_image":[{"width":1440,"height":980,"url":"https:\/\/www.elementvape.de\/wp-content\/uploads\/2024\/09\/KIWI-Passion-Fruit-Guava.jpg","type":"image\/jpeg"}],"twitter_card":"summary_large_image","twitter_misc":{"Est. reading time":"7 minute"},"schema":{"@context":"https:\/\/schema.org","@graph":[{"@type":"WebPage","@id":"https:\/\/www.elementvape.de\/da\/produkt\/erleben-sie-die-fruchtige-harmonie-von-kiwi-passionsfrucht-und-guave-mit-der-bang-king-digital-15000-puffs-fuer-tropisches-vaping\/","url":"https:\/\/www.elementvape.de\/da\/produkt\/erleben-sie-die-fruchtige-harmonie-von-kiwi-passionsfrucht-und-guave-mit-der-bang-king-digital-15000-puffs-fuer-tropisches-vaping\/","name":"Erleben Sie die fruchtige Harmonie von Kiwi Passionsfrucht und Guave mit der BANG KING Digital 15000 PUFFS f\u00fcr tropisches Vaping | ElementVape.de","isPartOf":{"@id":"https:\/\/www.elementvape.de\/#website"},"primaryImageOfPage":{"@id":"https:\/\/www.elementvape.de\/da\/produkt\/erleben-sie-die-fruchtige-harmonie-von-kiwi-passionsfrucht-und-guave-mit-der-bang-king-digital-15000-puffs-fuer-tropisches-vaping\/#primaryimage"},"image":{"@id":"https:\/\/www.elementvape.de\/da\/produkt\/erleben-sie-die-fruchtige-harmonie-von-kiwi-passionsfrucht-und-guave-mit-der-bang-king-digital-15000-puffs-fuer-tropisches-vaping\/#primaryimage"},"thumbnailUrl":"https:\/\/www.elementvape.de\/wp-content\/uploads\/2024\/09\/KIWI-Passion-Fruit-Guava.jpg","datePublished":"2024-09-25T07:40:33+00:00","dateModified":"2024-10-09T07:01:49+00:00","description":"Wir bieten Erleben Sie die fruchtige Harmonie von Kiwi Passionsfrucht und Guave mit der BANG KING Digital 15000 PUFFS f\u00fcr tropisches Vaping , Elementvape.de akzeptieren Gro\u00df-und Einzelhandel Bestellungen.","breadcrumb":{"@id":"https:\/\/www.elementvape.de\/da\/produkt\/erleben-sie-die-fruchtige-harmonie-von-kiwi-passionsfrucht-und-guave-mit-der-bang-king-digital-15000-puffs-fuer-tropisches-vaping\/#breadcrumb"},"inLanguage":"ro-RO","potentialAction":[{"@type":"ReadAction","target":["https:\/\/www.elementvape.de\/da\/produkt\/erleben-sie-die-fruchtige-harmonie-von-kiwi-passionsfrucht-und-guave-mit-der-bang-king-digital-15000-puffs-fuer-tropisches-vaping\/"]}]},{"@type":"ImageObject","inLanguage":"ro-RO","@id":"https:\/\/www.elementvape.de\/da\/produkt\/erleben-sie-die-fruchtige-harmonie-von-kiwi-passionsfrucht-und-guave-mit-der-bang-king-digital-15000-puffs-fuer-tropisches-vaping\/#primaryimage","url":"https:\/\/www.elementvape.de\/wp-content\/uploads\/2024\/09\/KIWI-Passion-Fruit-Guava.jpg","contentUrl":"https:\/\/www.elementvape.de\/wp-content\/uploads\/2024\/09\/KIWI-Passion-Fruit-Guava.jpg","width":1440,"height":980,"caption":"KIWI Passion Fruit Guava"},{"@type":"BreadcrumbList","@id":"https:\/\/www.elementvape.de\/da\/produkt\/erleben-sie-die-fruchtige-harmonie-von-kiwi-passionsfrucht-und-guave-mit-der-bang-king-digital-15000-puffs-fuer-tropisches-vaping\/#breadcrumb","itemListElement":[{"@type":"ListItem","position":1,"name":"Home","item":"https:\/\/www.elementvape.de\/"},{"@type":"ListItem","position":2,"name":"Shop","item":"https:\/\/www.elementvape.de\/shop\/"},{"@type":"ListItem","position":3,"name":"Erleben Sie die fruchtige Harmonie von Kiwi Passionsfrucht und Guave mit der BANG KING Digital 15000 PUFFS f\u00fcr tropisches Vaping"}]},{"@type":"WebSite","@id":"https:\/\/www.elementvape.de\/#website","url":"https:\/\/www.elementvape.de\/","name":"ElementVape.de","description":"","publisher":{"@id":"https:\/\/www.elementvape.de\/#organization"},"potentialAction":[{"@type":"SearchAction","target":{"@type":"EntryPoint","urlTemplate":"https:\/\/www.elementvape.de\/?s={search_term_string}"},"query-input":"required name=search_term_string"}],"inLanguage":"ro-RO"},{"@type":"Organization","@id":"https:\/\/www.elementvape.de\/#organization","name":"ElementVape.DE","url":"https:\/\/www.elementvape.de\/","logo":{"@type":"ImageObject","inLanguage":"ro-RO","@id":"https:\/\/www.elementvape.de\/#\/schema\/logo\/image\/","url":"https:\/\/www.elementvape.de\/wp-content\/uploads\/2024\/09\/cropped-1elementvape-3.png","contentUrl":"https:\/\/www.elementvape.de\/wp-content\/uploads\/2024\/09\/cropped-1elementvape-3.png","width":285,"height":228,"caption":"ElementVape.DE"},"image":{"@id":"https:\/\/www.elementvape.de\/#\/schema\/logo\/image\/"}}]}},"_links":{"self":[{"href":"https:\/\/www.elementvape.de\/ro\/wp-json\/wp\/v2\/product\/14664"}],"collection":[{"href":"https:\/\/www.elementvape.de\/ro\/wp-json\/wp\/v2\/product"}],"about":[{"href":"https:\/\/www.elementvape.de\/ro\/wp-json\/wp\/v2\/types\/product"}],"wp:featuredmedia":[{"embeddable":true,"href":"https:\/\/www.elementvape.de\/ro\/wp-json\/wp\/v2\/media\/14642"}],"wp:attachment":[{"href":"https:\/\/www.elementvape.de\/ro\/wp-json\/wp\/v2\/media?parent=14664"}],"wp:term":[{"taxonomy":"product_cat","embeddable":true,"href":"https:\/\/www.elementvape.de\/ro\/wp-json\/wp\/v2\/product_cat?post=14664"},{"taxonomy":"product_tag","embeddable":true,"href":"https:\/\/www.elementvape.de\/ro\/wp-json\/wp\/v2\/product_tag?post=14664"}],"curies":[{"name":"wp","href":"https:\/\/api.w.org\/{rel}","templated":true}]}}