{"id":14658,"date":"2024-09-24T10:19:35","date_gmt":"2024-09-24T10:19:35","guid":{"rendered":"https:\/\/www.elementvape.de\/?post_type=product&#038;p=14658"},"modified":"2024-10-09T07:09:27","modified_gmt":"2024-10-09T07:09:27","slug":"bang-king-digital-15000-puffs-blue-razz-ice-eine-innovative-einweg-e-zigarette-die-ihnen-15000-zuege-voller-fruchtigem-genuss-bietet","status":"publish","type":"product","link":"https:\/\/www.elementvape.de\/ro\/produkt\/bang-king-digital-15000-puffs-blue-razz-ice-eine-innovative-einweg-e-zigarette-die-ihnen-15000-zuege-voller-fruchtigem-genuss-bietet\/","title":{"rendered":"BANG KING Digital 15000 PUFFS Blue Razz Ice O \u021bigar\u0103 electronic\u0103 de unic\u0103 folosin\u021b\u0103 inovatoare care \u00ee\u021bi ofer\u0103 15000 de tr\u0103g\u0103ri pline de savoare fructat\u0103"},"content":{"rendered":"<h2>BANG KING Digital 15000 PUFFS Blue Razz Ice O \u021bigar\u0103 electronic\u0103 de unic\u0103 folosin\u021b\u0103 inovatoare care \u00ee\u021bi ofer\u0103 15000 de tr\u0103g\u0103ri pline de savoare fructat\u0103<\/h2>\n<p>Descoperi\u021bi lumea captivant\u0103 a inhal\u0103rii cu BANG KING Digital 15000 PUFFS Blue Razz Ice <strong><a href=\"https:\/\/www.elementvape.de\/ro\/c\/einweg-zigarette\/\" target=\"_blank\" rel=\"noopener\">\u021aigar\u0103 electronic\u0103 de unic\u0103 folosin\u021b\u0103<\/a><\/strong>! Acest produs inovator v\u0103 ofer\u0103 p\u00e2n\u0103 la 15.000 de pufuri pline de savoare fructat\u0103 \u0219i o experien\u021b\u0103 revigorant\u0103 care r\u0103sfa\u021b\u0103 papilele gustative. Cu o combina\u021bie perfect\u0103 de afine dulci \u0219i o atingere r\u0103coritoare de mentol, \u021bigara electronic\u0103 de unic\u0103 folosin\u021b\u0103 Blue Razz Ice este alegerea ideal\u0103 pentru to\u021bi cei \u00een c\u0103utarea unei experien\u021be de inhalare palpitante \u0219i energizante.<\/p>\n<p>BANG KING Digital 15000 PUFFS Blue Razz Ice nu este doar un simplu dispozitiv de inhalare, ci o adev\u0103rat\u0103 experien\u021b\u0103 de gust. Aromele atent selectate asigur\u0103 ca fiecare puf s\u0103 fie unic \u0219i s\u0103 transmit\u0103 \u00een acela\u0219i timp un sentiment de prospe\u021bime \u0219i satisfac\u021bie. Indiferent dac\u0103 sunte\u021bi afar\u0103, relaxa\u021bi acas\u0103 sau \u00een mi\u0219care \u2013 Blue Razz Ice este companionul perfect.<\/p>\n<h4>Profil de gust: Blue Razz Ice<\/h4>\n<p>Profilul de gust al BANG KING Digital 15000 PUFFS Blue Razz Ice este o combina\u021bie delicioas\u0103 de arome fructate \u0219i r\u0103coritoare:<\/p>\n<ul>\n<li>Dulcea\u021b\u0103 fructat\u0103: Gustul dulce \u0219i suculent al afinelelor coapte creeaz\u0103 o baz\u0103 seduc\u0103toare, care stimuleaz\u0103 papilele gustative \u0219i te face s\u0103 vrei mai mult.<\/li>\n<li>Prospe\u021bime glaciar\u0103: Nota r\u0103coritoare de mentol adaug\u0103 o dimensiune revigorant\u0103 experien\u021bei de gust, care nu doar c\u0103 potole\u0219te setea, ci \u0219i are un efect energizant.<\/li>\n<\/ul>\n<p>Aceast\u0103 combina\u021bie face ca Blue Razz Ice s\u0103 fie o alegere perfect\u0103 pentru inhalatorii care apreciaz\u0103 at\u00e2t aromele fructate, c\u00e2t \u0219i cele r\u0103coritoare.<\/p>\n<p>BANG KING Digital 15000 PUFFS v\u0103 permite p\u00e2n\u0103 la 15.000 de pufuri, asigur\u00e2nd o experien\u021b\u0103 de inhalare de durat\u0103. Pute\u021bi savura aroma complet\u0103 f\u0103r\u0103 a v\u0103 face griji pentru reumpleri sau schimb\u0103ri frecvente.<\/p>\n<p>Cu bateria puternic\u0103 de 650 mAh <img loading=\"lazy\" decoding=\"async\" class=\"size-medium wp-image-14635 alignright\" src=\"https:\/\/www.elementvape.de\/wp-content\/uploads\/2024\/09\/1-6-300x251.jpg\" alt=\"\" width=\"300\" height=\"251\" srcset=\"https:\/\/www.elementvape.de\/wp-content\/uploads\/2024\/09\/1-6-300x251.jpg 300w, https:\/\/www.elementvape.de\/wp-content\/uploads\/2024\/09\/1-6-1024x858.jpg 1024w, https:\/\/www.elementvape.de\/wp-content\/uploads\/2024\/09\/1-6-768x643.jpg 768w, https:\/\/www.elementvape.de\/wp-content\/uploads\/2024\/09\/1-6-600x503.jpg 600w, https:\/\/www.elementvape.de\/wp-content\/uploads\/2024\/09\/1-6.jpg 1440w\" sizes=\"(max-width: 300px) 100vw, 300px\" \/>ave\u021bi certitudinea c\u0103 dispozitivul dvs. de inhalare este \u00eentotdeauna preg\u0103tit de utilizare. Aceast\u0103 performan\u021b\u0103 fiabil\u0103 asigur\u0103 c\u0103 pute\u021bi savura experien\u021ba p\u00e2n\u0103 \u00een ultima secund\u0103.<\/p>\n<p>BANG KING Digital 15000 PUFFS ofer\u0103 o varietate de niveluri de nicotin\u0103, permi\u021b\u00e2ndu-v\u0103 s\u0103 controla\u021bi consumul de nicotin\u0103 \u00een mod individual. Indiferent dac\u0103 prefera\u021bi o op\u021biune f\u0103r\u0103 nicotin\u0103 sau o doz\u0103 mai mare, ve\u021bi g\u0103si alegerea perfect\u0103 pentru nevoile dvs.<\/p>\n<p>Cu o capacitate generoas\u0103 de 25 ml de lichid pentru inhalare, ave\u021bi suficient lichid pentru a savura numeroase pufuri. Aceast\u0103 capacitate mare este deosebit de avantajoas\u0103 pentru <strong><a href=\"https:\/\/www.elementvape.de\/ro\/\" target=\"_blank\" rel=\"noopener\">fum\u0103tori<\/a><\/strong>, cei care sunt adesea \u00een mi\u0219care sau prefer\u0103 sesiuni lungi de inhalare.<\/p>\n<p>BANG KING Digital 15000 PUFFS c\u00e2nt\u0103re\u0219te doar 90 g, ceea ce \u00eel face u\u0219or \u0219i portabil. \u00cel pute\u021bi depozita cu u\u0219urin\u021b\u0103 \u00een geant\u0103 \u0219i \u00eel pute\u021bi lua oriunde.<\/p>\n<p>\u021aig\u0103rile electronice sunt livrate \u00een cutii practice cu 10 buc\u0103\u021bi, facilit\u00e2nd depozitarea \u0219i transportul. Aceast\u0103 ambalare este ideal\u0103 pentru comercian\u021bi cu am\u0103nuntul, precum \u0219i pentru inhalatorii care doresc s\u0103 achizi\u021bioneze o cantitate mai mare deodat\u0103.<\/p>\n<h4>U\u0219urin\u021ba \u00een utilizare<\/h4>\n<p>BANG KING Digital 15000 PUFFS Blue Razz Ice este extrem de prietenoas\u0103 cu utilizatorul. Vine gata de utilizare din cutie, astfel \u00eenc\u00e2t s\u0103 pute\u021bi doar s\u0103 o scoate\u021bi \u0219i s\u0103 \u00eencepe\u021bi inhalarea. Nu sunt necesare set\u0103ri complicate sau preg\u0103tiri \u2013 doar bucura\u021bi-v\u0103!<\/p>\n<h4>Func\u021bii inovatoare<\/h4>\n<p>BANG KING Digital 15000 PUFFS ofer\u0103 func\u021bii remarcabile:<\/p>\n<ul>\n<li>Combina\u021bie r\u0103coritoare de fructe: Echilibrul perfect \u00eentre afinele dulci \u0219i mentolul rece asigur\u0103 o experien\u021b\u0103 de inhalare palpitant\u0103.<\/li>\n<li>Design ergonomic: Designul ergonomic asigur\u0103 o priz\u0103 confortabil\u0103, astfel \u00eenc\u00e2t vaparea s\u0103 r\u0103m\u00e2n\u0103 pl\u0103cut\u0103 chiar \u0219i pe perioade lungi.<\/li>\n<li>Niveluri de nicotin\u0103 ajustabile: Diferitele niveluri de nicotin\u0103 permit utilizatorilor s\u0103-\u0219i controleze consumul de nicotin\u0103 dup\u0103 nevoi.<\/li>\n<\/ul>\n<h4>Gust \u0219i arom\u0103<\/h4>\n<p>Experien\u021ba de gust a BANG KING Digital 15000 PUFFS Blue Razz Ice este inegalabil\u0103. Fiecare puf este o s\u0103rb\u0103toare a aromelor, combin\u00e2nd afinele dulci cu prospe\u021bimea mentolului. Lichidele electronice de \u00eenalt\u0103 calitate garanteaz\u0103 c\u0103 fiecare puf este o pl\u0103cere gustativ\u0103, care devine at\u00e2t o dependen\u021b\u0103, c\u00e2t \u0219i o r\u0103corire.<\/p>\n<p>BANG KING Digital 15000 PUFFS Blue Razz Ice se adreseaz\u0103 inhalatorilor de toate nivelurile de experien\u021b\u0103. Indiferent dac\u0103 sunte\u021bi un inhalator ocazional sau un utilizator pasionat, acest produs ofer\u0103 o experien\u021b\u0103 unic\u0103 de gust, potrivit\u0103 pentru oricine. Op\u021biunile de personalizare ale nivelurilor de nicotin\u0103 \u00eel fac deosebit de atractiv pentru cei care doresc s\u0103 ajusteze sau s\u0103 reduc\u0103 aportul de nicotin\u0103.<\/p>\n<p>BANG KING Digital 15000 PUFFS Blue Razz Ice este mai mult dec\u00e2t un vaporizator \u2013 este o experien\u021b\u0103 plin\u0103 de arome fructate \u0219i r\u0103coritoare. Cu p\u00e2n\u0103 la 15.000 de pufuri pline de gust, este alegerea perfect\u0103 pentru to\u021bi cei care caut\u0103 o experien\u021b\u0103 de vapare de \u00eenalt\u0103 calitate.<\/p>\n<p>Combina\u021bia dintre u\u0219urin\u021ba \u00een utilizare, gust \u0219i calitate face ca acest dispozitiv de vaping de unic\u0103 folosin\u021b\u0103 s\u0103 fie o alegere excelent\u0103 pentru vaperii de toate nivelurile de experien\u021b\u0103. Bucur\u0103-te de 15.000 de inhal\u0103ri pline de savoare fructat\u0103 \u0219i descoper\u0103 cele mai bune aspecte ale vapingului!<\/p>","protected":false},"excerpt":{"rendered":"<p>BANG KING Digital 15000 PUFFS Blue Razz Ice Eine innovative Einweg-E-Zigarette die Ihnen 15000 Z\u00fcge voller fruchtigem Genuss bietet Entdecken Sie die aufregende Welt des Dampfens mit der BANG KING Digital 15000 PUFFS Blue Razz Ice Einweg-E-Zigarette! Dieses innovative Produkt bietet Ihnen bis zu 15.000 Z\u00fcge voller fruchtigem Genuss und ein erfrischendes Erlebnis, das Ihre [&hellip;]<\/p>","protected":false},"featured_media":14638,"template":"","meta":{"inline_featured_image":false},"product_cat":[770,739,743,744,755,738,751],"product_tag":[710,674],"tiered_pricing_type":"fixed","tiered_pricing_fixed_rules":{"60":"6.15","110":"5.46","200":"4.78"},"tiered_pricing_percentage_rules":[],"tiered_pricing_minimum":1,"_administrator_tiered_pricing_type":"fixed","_administrator_tiered_pricing_fixed_rules":[],"_editor_tiered_pricing_type":"fixed","_editor_tiered_pricing_fixed_rules":[],"_author_tiered_pricing_type":"fixed","_author_tiered_pricing_fixed_rules":[],"_contributor_tiered_pricing_type":"fixed","_contributor_tiered_pricing_fixed_rules":[],"_subscriber_tiered_pricing_type":"fixed","_subscriber_tiered_pricing_fixed_rules":[],"_customer_tiered_pricing_type":"fixed","_customer_tiered_pricing_fixed_rules":[],"_shop_manager_tiered_pricing_type":"fixed","_shop_manager_tiered_pricing_fixed_rules":[],"_wpseo_manager_tiered_pricing_type":"fixed","_wpseo_manager_tiered_pricing_fixed_rules":[],"_wpseo_editor_tiered_pricing_type":"fixed","_wpseo_editor_tiered_pricing_fixed_rules":[],"_wholesale_customer_tiered_pricing_type":"fixed","_wholesale_customer_tiered_pricing_fixed_rules":[],"_marketer_tiered_pricing_type":"fixed","_marketer_tiered_pricing_fixed_rules":[],"_sales_manager_tiered_pricing_type":"fixed","_sales_manager_tiered_pricing_fixed_rules":[],"_sales_rep_tiered_pricing_type":"fixed","_sales_rep_tiered_pricing_fixed_rules":[],"yoast_head":"<!-- This site is optimized with the Yoast SEO plugin v23.3 - https:\/\/yoast.com\/wordpress\/plugins\/seo\/ -->\n<title>BANG KING Digital 15000 PUFFS Blue Razz Ice Eine innovative Einweg-E-Zigarette die Ihnen 15000 Z\u00fcge voller fruchtigem Genuss bietet | ElementVape.de<\/title>\n<meta name=\"description\" content=\"Wir bieten BANG KING Digital 15000 PUFFS Blue Razz Ice Eine innovative Einweg-E-Zigarette die Ihnen 15000 Z\u00fcge voller fruchtigem Genuss bietet , Elementvape.de akzeptieren Gro\u00df-und Einzelhandel Bestellungen.\" \/>\n<meta name=\"robots\" content=\"index, follow, max-snippet:-1, max-image-preview:large, max-video-preview:-1\" \/>\n<link rel=\"canonical\" href=\"https:\/\/www.elementvape.de\/ro\/produkt\/bang-king-digital-15000-puffs-blue-razz-ice-eine-innovative-einweg-e-zigarette-die-ihnen-15000-zuege-voller-fruchtigem-genuss-bietet\/\" \/>\n<meta property=\"og:locale\" content=\"ro_RO\" \/>\n<meta property=\"og:type\" content=\"article\" \/>\n<meta property=\"og:title\" content=\"BANG KING Digital 15000 PUFFS Blue Razz Ice Eine innovative Einweg-E-Zigarette die Ihnen 15000 Z\u00fcge voller fruchtigem Genuss bietet | ElementVape.de\" \/>\n<meta property=\"og:description\" content=\"Wir bieten BANG KING Digital 15000 PUFFS Blue Razz Ice Eine innovative Einweg-E-Zigarette die Ihnen 15000 Z\u00fcge voller fruchtigem Genuss bietet , Elementvape.de akzeptieren Gro\u00df-und Einzelhandel Bestellungen.\" \/>\n<meta property=\"og:url\" content=\"https:\/\/www.elementvape.de\/ro\/produkt\/bang-king-digital-15000-puffs-blue-razz-ice-eine-innovative-einweg-e-zigarette-die-ihnen-15000-zuege-voller-fruchtigem-genuss-bietet\/\" \/>\n<meta property=\"og:site_name\" content=\"ElementVape.de\" \/>\n<meta property=\"article:modified_time\" content=\"2024-10-09T07:09:27+00:00\" \/>\n<meta property=\"og:image\" content=\"https:\/\/www.elementvape.de\/wp-content\/uploads\/2024\/09\/Blue-Razz-ICE-4.jpg\" \/>\n\t<meta property=\"og:image:width\" content=\"1440\" \/>\n\t<meta property=\"og:image:height\" content=\"980\" \/>\n\t<meta property=\"og:image:type\" content=\"image\/jpeg\" \/>\n<meta name=\"twitter:card\" content=\"summary_large_image\" \/>\n<meta name=\"twitter:label1\" content=\"Est. reading time\" \/>\n\t<meta name=\"twitter:data1\" content=\"5 minute\" \/>\n<script type=\"application\/ld+json\" class=\"yoast-schema-graph\">{\"@context\":\"https:\/\/schema.org\",\"@graph\":[{\"@type\":\"WebPage\",\"@id\":\"https:\/\/www.elementvape.de\/pt\/produkt\/bang-king-digital-15000-puffs-blue-razz-ice-eine-innovative-einweg-e-zigarette-die-ihnen-15000-zuege-voller-fruchtigem-genuss-bietet\/\",\"url\":\"https:\/\/www.elementvape.de\/pt\/produkt\/bang-king-digital-15000-puffs-blue-razz-ice-eine-innovative-einweg-e-zigarette-die-ihnen-15000-zuege-voller-fruchtigem-genuss-bietet\/\",\"name\":\"BANG KING Digital 15000 PUFFS Blue Razz Ice Eine innovative Einweg-E-Zigarette die Ihnen 15000 Z\u00fcge voller fruchtigem Genuss bietet | ElementVape.de\",\"isPartOf\":{\"@id\":\"https:\/\/www.elementvape.de\/#website\"},\"primaryImageOfPage\":{\"@id\":\"https:\/\/www.elementvape.de\/pt\/produkt\/bang-king-digital-15000-puffs-blue-razz-ice-eine-innovative-einweg-e-zigarette-die-ihnen-15000-zuege-voller-fruchtigem-genuss-bietet\/#primaryimage\"},\"image\":{\"@id\":\"https:\/\/www.elementvape.de\/pt\/produkt\/bang-king-digital-15000-puffs-blue-razz-ice-eine-innovative-einweg-e-zigarette-die-ihnen-15000-zuege-voller-fruchtigem-genuss-bietet\/#primaryimage\"},\"thumbnailUrl\":\"https:\/\/www.elementvape.de\/wp-content\/uploads\/2024\/09\/Blue-Razz-ICE-4.jpg\",\"datePublished\":\"2024-09-24T10:19:35+00:00\",\"dateModified\":\"2024-10-09T07:09:27+00:00\",\"description\":\"Wir bieten BANG KING Digital 15000 PUFFS Blue Razz Ice Eine innovative Einweg-E-Zigarette die Ihnen 15000 Z\u00fcge voller fruchtigem Genuss bietet , Elementvape.de akzeptieren Gro\u00df-und Einzelhandel Bestellungen.\",\"breadcrumb\":{\"@id\":\"https:\/\/www.elementvape.de\/pt\/produkt\/bang-king-digital-15000-puffs-blue-razz-ice-eine-innovative-einweg-e-zigarette-die-ihnen-15000-zuege-voller-fruchtigem-genuss-bietet\/#breadcrumb\"},\"inLanguage\":\"ro-RO\",\"potentialAction\":[{\"@type\":\"ReadAction\",\"target\":[\"https:\/\/www.elementvape.de\/pt\/produkt\/bang-king-digital-15000-puffs-blue-razz-ice-eine-innovative-einweg-e-zigarette-die-ihnen-15000-zuege-voller-fruchtigem-genuss-bietet\/\"]}]},{\"@type\":\"ImageObject\",\"inLanguage\":\"ro-RO\",\"@id\":\"https:\/\/www.elementvape.de\/pt\/produkt\/bang-king-digital-15000-puffs-blue-razz-ice-eine-innovative-einweg-e-zigarette-die-ihnen-15000-zuege-voller-fruchtigem-genuss-bietet\/#primaryimage\",\"url\":\"https:\/\/www.elementvape.de\/wp-content\/uploads\/2024\/09\/Blue-Razz-ICE-4.jpg\",\"contentUrl\":\"https:\/\/www.elementvape.de\/wp-content\/uploads\/2024\/09\/Blue-Razz-ICE-4.jpg\",\"width\":1440,\"height\":980,\"caption\":\"Blue Razz ICE\"},{\"@type\":\"BreadcrumbList\",\"@id\":\"https:\/\/www.elementvape.de\/pt\/produkt\/bang-king-digital-15000-puffs-blue-razz-ice-eine-innovative-einweg-e-zigarette-die-ihnen-15000-zuege-voller-fruchtigem-genuss-bietet\/#breadcrumb\",\"itemListElement\":[{\"@type\":\"ListItem\",\"position\":1,\"name\":\"Home\",\"item\":\"https:\/\/www.elementvape.de\/\"},{\"@type\":\"ListItem\",\"position\":2,\"name\":\"Shop\",\"item\":\"https:\/\/www.elementvape.de\/shop\/\"},{\"@type\":\"ListItem\",\"position\":3,\"name\":\"BANG KING Digital 15000 PUFFS Blue Razz Ice Eine innovative Einweg-E-Zigarette die Ihnen 15000 Z\u00fcge voller fruchtigem Genuss bietet\"}]},{\"@type\":\"WebSite\",\"@id\":\"https:\/\/www.elementvape.de\/#website\",\"url\":\"https:\/\/www.elementvape.de\/\",\"name\":\"ElementVape.de\",\"description\":\"\",\"publisher\":{\"@id\":\"https:\/\/www.elementvape.de\/#organization\"},\"potentialAction\":[{\"@type\":\"SearchAction\",\"target\":{\"@type\":\"EntryPoint\",\"urlTemplate\":\"https:\/\/www.elementvape.de\/?s={search_term_string}\"},\"query-input\":\"required name=search_term_string\"}],\"inLanguage\":\"ro-RO\"},{\"@type\":\"Organization\",\"@id\":\"https:\/\/www.elementvape.de\/#organization\",\"name\":\"ElementVape.DE\",\"url\":\"https:\/\/www.elementvape.de\/\",\"logo\":{\"@type\":\"ImageObject\",\"inLanguage\":\"ro-RO\",\"@id\":\"https:\/\/www.elementvape.de\/#\/schema\/logo\/image\/\",\"url\":\"https:\/\/www.elementvape.de\/wp-content\/uploads\/2024\/09\/cropped-1elementvape-3.png\",\"contentUrl\":\"https:\/\/www.elementvape.de\/wp-content\/uploads\/2024\/09\/cropped-1elementvape-3.png\",\"width\":285,\"height\":228,\"caption\":\"ElementVape.DE\"},\"image\":{\"@id\":\"https:\/\/www.elementvape.de\/#\/schema\/logo\/image\/\"}}]}<\/script>\n<!-- \/ Yoast SEO plugin. -->","yoast_head_json":{"title":"BANG KING Digital 15000 PUFFS Blue Razz Ice Eine innovative Einweg-E-Zigarette die Ihnen 15000 Z\u00fcge voller fruchtigem Genuss bietet | ElementVape.de","description":"Wir bieten BANG KING Digital 15000 PUFFS Blue Razz Ice Eine innovative Einweg-E-Zigarette die Ihnen 15000 Z\u00fcge voller fruchtigem Genuss bietet , Elementvape.de akzeptieren Gro\u00df-und Einzelhandel Bestellungen.","robots":{"index":"index","follow":"follow","max-snippet":"max-snippet:-1","max-image-preview":"max-image-preview:large","max-video-preview":"max-video-preview:-1"},"canonical":"https:\/\/www.elementvape.de\/ro\/produkt\/bang-king-digital-15000-puffs-blue-razz-ice-eine-innovative-einweg-e-zigarette-die-ihnen-15000-zuege-voller-fruchtigem-genuss-bietet\/","og_locale":"ro_RO","og_type":"article","og_title":"BANG KING Digital 15000 PUFFS Blue Razz Ice Eine innovative Einweg-E-Zigarette die Ihnen 15000 Z\u00fcge voller fruchtigem Genuss bietet | ElementVape.de","og_description":"Wir bieten BANG KING Digital 15000 PUFFS Blue Razz Ice Eine innovative Einweg-E-Zigarette die Ihnen 15000 Z\u00fcge voller fruchtigem Genuss bietet , Elementvape.de akzeptieren Gro\u00df-und Einzelhandel Bestellungen.","og_url":"https:\/\/www.elementvape.de\/ro\/produkt\/bang-king-digital-15000-puffs-blue-razz-ice-eine-innovative-einweg-e-zigarette-die-ihnen-15000-zuege-voller-fruchtigem-genuss-bietet\/","og_site_name":"ElementVape.de","article_modified_time":"2024-10-09T07:09:27+00:00","og_image":[{"width":1440,"height":980,"url":"https:\/\/www.elementvape.de\/wp-content\/uploads\/2024\/09\/Blue-Razz-ICE-4.jpg","type":"image\/jpeg"}],"twitter_card":"summary_large_image","twitter_misc":{"Est. reading time":"5 minute"},"schema":{"@context":"https:\/\/schema.org","@graph":[{"@type":"WebPage","@id":"https:\/\/www.elementvape.de\/pt\/produkt\/bang-king-digital-15000-puffs-blue-razz-ice-eine-innovative-einweg-e-zigarette-die-ihnen-15000-zuege-voller-fruchtigem-genuss-bietet\/","url":"https:\/\/www.elementvape.de\/pt\/produkt\/bang-king-digital-15000-puffs-blue-razz-ice-eine-innovative-einweg-e-zigarette-die-ihnen-15000-zuege-voller-fruchtigem-genuss-bietet\/","name":"BANG KING Digital 15000 PUFFS Blue Razz Ice Eine innovative Einweg-E-Zigarette die Ihnen 15000 Z\u00fcge voller fruchtigem Genuss bietet | ElementVape.de","isPartOf":{"@id":"https:\/\/www.elementvape.de\/#website"},"primaryImageOfPage":{"@id":"https:\/\/www.elementvape.de\/pt\/produkt\/bang-king-digital-15000-puffs-blue-razz-ice-eine-innovative-einweg-e-zigarette-die-ihnen-15000-zuege-voller-fruchtigem-genuss-bietet\/#primaryimage"},"image":{"@id":"https:\/\/www.elementvape.de\/pt\/produkt\/bang-king-digital-15000-puffs-blue-razz-ice-eine-innovative-einweg-e-zigarette-die-ihnen-15000-zuege-voller-fruchtigem-genuss-bietet\/#primaryimage"},"thumbnailUrl":"https:\/\/www.elementvape.de\/wp-content\/uploads\/2024\/09\/Blue-Razz-ICE-4.jpg","datePublished":"2024-09-24T10:19:35+00:00","dateModified":"2024-10-09T07:09:27+00:00","description":"Wir bieten BANG KING Digital 15000 PUFFS Blue Razz Ice Eine innovative Einweg-E-Zigarette die Ihnen 15000 Z\u00fcge voller fruchtigem Genuss bietet , Elementvape.de akzeptieren Gro\u00df-und Einzelhandel Bestellungen.","breadcrumb":{"@id":"https:\/\/www.elementvape.de\/pt\/produkt\/bang-king-digital-15000-puffs-blue-razz-ice-eine-innovative-einweg-e-zigarette-die-ihnen-15000-zuege-voller-fruchtigem-genuss-bietet\/#breadcrumb"},"inLanguage":"ro-RO","potentialAction":[{"@type":"ReadAction","target":["https:\/\/www.elementvape.de\/pt\/produkt\/bang-king-digital-15000-puffs-blue-razz-ice-eine-innovative-einweg-e-zigarette-die-ihnen-15000-zuege-voller-fruchtigem-genuss-bietet\/"]}]},{"@type":"ImageObject","inLanguage":"ro-RO","@id":"https:\/\/www.elementvape.de\/pt\/produkt\/bang-king-digital-15000-puffs-blue-razz-ice-eine-innovative-einweg-e-zigarette-die-ihnen-15000-zuege-voller-fruchtigem-genuss-bietet\/#primaryimage","url":"https:\/\/www.elementvape.de\/wp-content\/uploads\/2024\/09\/Blue-Razz-ICE-4.jpg","contentUrl":"https:\/\/www.elementvape.de\/wp-content\/uploads\/2024\/09\/Blue-Razz-ICE-4.jpg","width":1440,"height":980,"caption":"Blue Razz ICE"},{"@type":"BreadcrumbList","@id":"https:\/\/www.elementvape.de\/pt\/produkt\/bang-king-digital-15000-puffs-blue-razz-ice-eine-innovative-einweg-e-zigarette-die-ihnen-15000-zuege-voller-fruchtigem-genuss-bietet\/#breadcrumb","itemListElement":[{"@type":"ListItem","position":1,"name":"Home","item":"https:\/\/www.elementvape.de\/"},{"@type":"ListItem","position":2,"name":"Shop","item":"https:\/\/www.elementvape.de\/shop\/"},{"@type":"ListItem","position":3,"name":"BANG KING Digital 15000 PUFFS Blue Razz Ice Eine innovative Einweg-E-Zigarette die Ihnen 15000 Z\u00fcge voller fruchtigem Genuss bietet"}]},{"@type":"WebSite","@id":"https:\/\/www.elementvape.de\/#website","url":"https:\/\/www.elementvape.de\/","name":"ElementVape.de","description":"","publisher":{"@id":"https:\/\/www.elementvape.de\/#organization"},"potentialAction":[{"@type":"SearchAction","target":{"@type":"EntryPoint","urlTemplate":"https:\/\/www.elementvape.de\/?s={search_term_string}"},"query-input":"required name=search_term_string"}],"inLanguage":"ro-RO"},{"@type":"Organization","@id":"https:\/\/www.elementvape.de\/#organization","name":"ElementVape.DE","url":"https:\/\/www.elementvape.de\/","logo":{"@type":"ImageObject","inLanguage":"ro-RO","@id":"https:\/\/www.elementvape.de\/#\/schema\/logo\/image\/","url":"https:\/\/www.elementvape.de\/wp-content\/uploads\/2024\/09\/cropped-1elementvape-3.png","contentUrl":"https:\/\/www.elementvape.de\/wp-content\/uploads\/2024\/09\/cropped-1elementvape-3.png","width":285,"height":228,"caption":"ElementVape.DE"},"image":{"@id":"https:\/\/www.elementvape.de\/#\/schema\/logo\/image\/"}}]}},"_links":{"self":[{"href":"https:\/\/www.elementvape.de\/ro\/wp-json\/wp\/v2\/product\/14658"}],"collection":[{"href":"https:\/\/www.elementvape.de\/ro\/wp-json\/wp\/v2\/product"}],"about":[{"href":"https:\/\/www.elementvape.de\/ro\/wp-json\/wp\/v2\/types\/product"}],"wp:featuredmedia":[{"embeddable":true,"href":"https:\/\/www.elementvape.de\/ro\/wp-json\/wp\/v2\/media\/14638"}],"wp:attachment":[{"href":"https:\/\/www.elementvape.de\/ro\/wp-json\/wp\/v2\/media?parent=14658"}],"wp:term":[{"taxonomy":"product_cat","embeddable":true,"href":"https:\/\/www.elementvape.de\/ro\/wp-json\/wp\/v2\/product_cat?post=14658"},{"taxonomy":"product_tag","embeddable":true,"href":"https:\/\/www.elementvape.de\/ro\/wp-json\/wp\/v2\/product_tag?post=14658"}],"curies":[{"name":"wp","href":"https:\/\/api.w.org\/{rel}","templated":true}]}}