{"id":14655,"date":"2024-09-24T10:01:04","date_gmt":"2024-09-24T10:01:04","guid":{"rendered":"https:\/\/www.elementvape.de\/?post_type=product&#038;p=14655"},"modified":"2024-10-09T07:13:18","modified_gmt":"2024-10-09T07:13:18","slug":"bang-king-digital-15000-puffs-strawberry-watermelon-eine-koestliche-einweg-e-zigarette-die-ihnen-15000-zuege-voller-erfrischendem-geschmack-bietet","status":"publish","type":"product","link":"https:\/\/www.elementvape.de\/ro\/produkt\/bang-king-digital-15000-puffs-strawberry-watermelon-eine-koestliche-einweg-e-zigarette-die-ihnen-15000-zuege-voller-erfrischendem-geschmack-bietet\/","title":{"rendered":"BANG KING Digital 15000 PUFFS Strawberry Watermelon O \u021bigar\u0103 electronic\u0103 de unic\u0103 folosin\u021b\u0103 delicioas\u0103 care ofer\u0103 15000 de pufuri cu gust r\u0103coritor"},"content":{"rendered":"<h2>Lansare produs: BANG KING Digital 15000 PUFFS \u2013 C\u0103p\u0219uni Pepene Verde<\/h2>\n<p>C\u0103utarea unei experien\u021be de vapare r\u0103coritoare \u0219i delicioas\u0103 s-a \u00eencheiat. BANG KING Digital 15000 PUFFS C\u0103p\u0219uni Pepene Verde <strong><a href=\"https:\/\/www.elementvape.de\/ro\/c\/einweg-zigarette\/\" target=\"_blank\" rel=\"noopener\">\u021aigar\u0103 electronic\u0103 de unic\u0103 folosin\u021b\u0103<\/a><\/strong> o ofer\u0103 cea mai bun\u0103 experien\u021b\u0103 de gust cu p\u00e2n\u0103 la <strong><a href=\"https:\/\/www.elementvape.de\/ro\/p-tag\/groesser-oder-gleich-15000-zuege\/\" target=\"_blank\" rel=\"noopener\">15000 pufuri<\/a><\/strong> plin de dulciuni de c\u0103p\u0219uni \u0219i pepene verde suculent. Indiferent dac\u0103 e\u0219ti un vapori experimentat sau abia \u00eencepi, acest e-\u021bigar\u0103 este alegerea perfect\u0103 pentru to\u021bi cei care iubesc aromele fructate.<\/p>\n<h3>Prezentare general\u0103 a produsului<\/h3>\n<p>BANG KING Digital 15000 PUFFS C\u0103p\u0219uni Pepene Verde nu este doar un simplu <strong><a href=\"https:\/\/www.elementvape.de\/ro\/\" target=\"_blank\" rel=\"noopener\">fum\u0103tori<\/a><\/strong>, ci o experien\u021b\u0103 pentru sim\u021buri. Amestecul armonios dintre c\u0103p\u0219uni dulci \u0219i pepene verde r\u0103coritor asigur\u0103 un profil de gust care este at\u00e2t satisf\u0103c\u0103tor, c\u00e2t \u0219i revigorant. Fiecare inhalare este o invita\u021bie de a te cufunda \u00een lumea momentelor de pl\u0103cere fructat\u0103, care \u00ee\u021bi transmit senza\u021bia de var\u0103 \u0219i soare.<\/p>\n<h3>Profil de gust: C\u0103p\u0219uni Pepene Verde<\/h3>\n<p>Profilul de gust al BANG KING Digital 15000 PUFFS C\u0103p\u0219uni Pepene Verde este un amestec delicios din dou\u0103 fructe populare.<\/p>\n<ul>\n<li>C\u0103p\u0219uni: Dulci \u0219i suculente, aceste fructe aduc o dulcea\u021b\u0103 natural\u0103 care se potrive\u0219te perfect cu alte arome.<\/li>\n<li>Pepene verde: Nota r\u0103coritoare \u0219i spumoas\u0103 a pepenelui verde completeaz\u0103 c\u0103p\u0219unile \u0219i ofer\u0103 o experien\u021b\u0103 rece \u0219i revigorant\u0103, transform\u00e2nd fiecare inhalare \u00eentr-o pl\u0103cere.<\/li>\n<\/ul>\n<p>\u00cempreun\u0103, aceste dou\u0103 gusturi creeaz\u0103 o combina\u021bie echilibrat\u0103, care \u00eenc\u00e2nt\u0103 \u0219i r\u0103core\u0219te papilele gustative. Acest e-\u021bigar\u0103 este ideal\u0103 pentru zilele calde sau ori de c\u00e2te ori cau\u021bi o experien\u021b\u0103 de vapare r\u0103coritoare.<\/p>\n<h3>Detalii tehnice<\/h3>\n<p>Cu p\u00e2n\u0103 la 15000 de inhal\u0103ri, BANG KING Digital 15000 PUFFS este conceput pentru vapare \u00eendelungat\u0103. Acest num\u0103r mare de inhal\u0103ri \u00ee\u021bi permite s\u0103 te bucuri de aroma complet\u0103 pentru o perioad\u0103 mai lung\u0103, f\u0103r\u0103 a te g\u00e2ndi la reumplere sau schimbarea dispozitivului.<\/p>\n<p>Bateria integrat\u0103 de 650 mAh ofer\u0103 performan\u021b\u0103 fiabil\u0103 \u0219i asigur\u0103 men\u021binerea consisten\u021bei fiec\u0103rei inhal\u0103ri. Astfel, po\u021bi savura e-\u021bigara p\u00e2n\u0103 la ultima pic\u0103tur\u0103, f\u0103r\u0103 a pierde din performan\u021b\u0103.<\/p>\n<p>BANG KING Digital 15000 PUFFS \u00ee\u021bi ofer\u0103 flexibilitatea de a alege din diferite niveluri de nicotin\u0103. Indiferent dac\u0103 dore\u0219ti o op\u021biune f\u0103r\u0103 nicotin\u0103 sau ai nevoie de o doz\u0103 mai puternic\u0103, exist\u0103 o variant\u0103 potrivit\u0103 pentru fiecare gust.<\/p>\n<p>Cu o capacitate generoas\u0103 de 25 ml de lichid, ai suficient lichid pentru a savura numeroase inhal\u0103ri. Acest lucru este deosebit de practic pentru vapori care sunt mereu \u00een mi\u0219care sau doresc o experien\u021b\u0103 intens\u0103 de vapare.<\/p>\n<p>BANG KING Digital 15000 PUFFS c\u00e2nt\u0103re\u0219te doar 90 g, fiind u\u0219or \u0219i portabil. Designul compact \u00ee\u021bi permite s\u0103 \u00eel iei oriunde, f\u0103r\u0103 a ocupa mult spa\u021biu \u00een geant\u0103.<\/p>\n<p>Se livreaz\u0103 \u00een cutii practice cu 10 buc\u0103\u021bi, facilit\u00e2nd depozitarea \u0219i transportul. Acest lucru este deosebit de avantajos pentru comercian\u021bi \u0219i vapori care doresc s\u0103 achizi\u021bioneze o cantitate mai mare deodat\u0103.<\/p>\n<p>BANG KING Digital 15000 PUFFS C\u0103p\u0219uni Pepene Verde este extrem de prietenos cu utilizatorul. Este gata de utilizare imediat, astfel \u00eenc\u00e2t trebuie doar s\u0103 \u00eel sco\u021bi din ambalaj \u0219i s\u0103 \u00eencepi vaparea. Nu necesit\u0103 set\u0103ri complicate sau preg\u0103tiri, fiind alegerea ideal\u0103 pentru vapori de toate nivelurile de experien\u021b\u0103.<\/p>\n<h3>Func\u021bii inovatoare<\/h3>\n<p>BANG KING Digital 15000 PUFFS ofer\u0103 c\u00e2teva func\u021bii remarcabile:<\/p>\n<ul>\n<li>Combina\u021bie r\u0103coritoare de fructe: Echilibrul perfect \u00eentre c\u0103p\u0219uni dulci \u0219i pepene verde r\u0103coritor asigur\u0103 o experien\u021b\u0103 de vapare revigorant\u0103.<\/li>\n<li>Design ergonomic: Designul ergonomic asigur\u0103 o priz\u0103 confortabil\u0103, astfel \u00eenc\u00e2t vaparea s\u0103 r\u0103m\u00e2n\u0103 pl\u0103cut\u0103 chiar \u0219i pe perioade lungi.<\/li>\n<li>Niveluri de nicotin\u0103 ajustabile: Diferitele niveluri de nicotin\u0103 permit utilizatorilor s\u0103-\u0219i controleze consumul de nicotin\u0103 dup\u0103 nevoi.<\/li>\n<\/ul>\n<p>Experien\u021ba de gust a BANG KING Digital 15000 PUFFS C\u0103p\u0219uni Pepene Verde este inegalabil\u0103. Fiecare inhalare este o s\u0103rb\u0103toare plin\u0103 de arome, care combin\u0103 dulcea\u021ba c\u0103p\u0219unilor cu prospe\u021bimea pepenelui verde. Lichidele de \u00eenalt\u0103 calitate garanteaz\u0103 c\u0103 fiecare inhalare este o pl\u0103cere gustativ\u0103, care devine at\u00e2t o dependen\u021b\u0103, c\u00e2t \u0219i o r\u0103corire.<\/p>\n<p>BANG KING Digital 15000 PUFFS Lush Ice se adreseaz\u0103 unui public larg de vapori. Indiferent dac\u0103 e\u0219ti vapori ocazional sau pasionat, acest produs ofer\u0103 o experien\u021b\u0103 unic\u0103 de gust, potrivit\u0103 pentru oricine. Op\u021biunile de ajustare a nivelurilor de nicotin\u0103 \u00eel fac deosebit de atractiv pentru cei care doresc s\u0103-\u0219i ajusteze sau s\u0103 reduc\u0103 aportul de nicotin\u0103.<\/p>\n<p>BANG KING Digital 15000 PUFFS C\u0103p\u0219uni Pepene Verde este mai mult dec\u00e2t o vapare \u2013 este o experien\u021b\u0103 plin\u0103 de arome fructate \u0219i r\u0103coritoare. Cu p\u00e2n\u0103 la 15.000 de inhal\u0103ri pline de gust, este alegerea perfect\u0103 pentru to\u021bi cei care caut\u0103 o experien\u021b\u0103 de vapare de \u00eenalt\u0103 calitate.<\/p>\n<p>Combina\u021bia dintre u\u0219urin\u021ba \u00een utilizare, gust \u0219i calitate face ca acest dispozitiv de unic\u0103 folosin\u021b\u0103 s\u0103 fie o alegere excelent\u0103 pentru vaperii de toate nivelurile de experien\u021b\u0103. Bucura\u021bi-v\u0103 de 15.000 de pufuri pline de gust r\u0103coritor \u0219i experimenta\u021bi cele mai bune aspecte ale vaping-ului!<\/p>","protected":false},"excerpt":{"rendered":"<p>Produkteinf\u00fchrung: BANG KING Digital 15000 PUFFS \u2013 Strawberry Watermelon Die Suche nach einem erfrischenden und k\u00f6stlichen Dampferlebnis hat ein Ende. Die BANG KING Digital 15000 PUFFS Strawberry Watermelon Einweg-E-Zigarette bietet Ihnen das ultimative Geschmackserlebnis mit bis zu 15000 Z\u00fcgen voller s\u00fc\u00dfer Erdbeeren und saftiger Wassermelonen. Egal, ob Sie ein erfahrener Dampfer sind oder gerade erst [&hellip;]<\/p>","protected":false},"featured_media":14650,"template":"","meta":{"inline_featured_image":false},"product_cat":[770,739,743,744,755,738,751],"product_tag":[710,674],"tiered_pricing_type":"fixed","tiered_pricing_fixed_rules":{"60":"6.15","110":"5.46","200":"4.78"},"tiered_pricing_percentage_rules":[],"tiered_pricing_minimum":1,"_administrator_tiered_pricing_type":"fixed","_administrator_tiered_pricing_fixed_rules":[],"_editor_tiered_pricing_type":"fixed","_editor_tiered_pricing_fixed_rules":[],"_author_tiered_pricing_type":"fixed","_author_tiered_pricing_fixed_rules":[],"_contributor_tiered_pricing_type":"fixed","_contributor_tiered_pricing_fixed_rules":[],"_subscriber_tiered_pricing_type":"fixed","_subscriber_tiered_pricing_fixed_rules":[],"_customer_tiered_pricing_type":"fixed","_customer_tiered_pricing_fixed_rules":[],"_shop_manager_tiered_pricing_type":"fixed","_shop_manager_tiered_pricing_fixed_rules":[],"_wpseo_manager_tiered_pricing_type":"fixed","_wpseo_manager_tiered_pricing_fixed_rules":[],"_wpseo_editor_tiered_pricing_type":"fixed","_wpseo_editor_tiered_pricing_fixed_rules":[],"_wholesale_customer_tiered_pricing_type":"fixed","_wholesale_customer_tiered_pricing_fixed_rules":[],"_marketer_tiered_pricing_type":"fixed","_marketer_tiered_pricing_fixed_rules":[],"_sales_manager_tiered_pricing_type":"fixed","_sales_manager_tiered_pricing_fixed_rules":[],"_sales_rep_tiered_pricing_type":"fixed","_sales_rep_tiered_pricing_fixed_rules":[],"yoast_head":"<!-- This site is optimized with the Yoast SEO plugin v23.3 - https:\/\/yoast.com\/wordpress\/plugins\/seo\/ -->\n<title>BANG KING Digital 15000 PUFFS Strawberry Watermelon Eine k\u00f6stliche Einweg-E-Zigarette die Ihnen 15000 Z\u00fcge voller erfrischendem Geschmack bietet | ElementVape.de<\/title>\n<meta name=\"description\" content=\"Wir bieten BANG KING Digital 15000 PUFFS Strawberry Watermelon Eine k\u00f6stliche Einweg-E-Zigarette die Ihnen 15000 Z\u00fcge voller erfrischendem Geschmack bietet , Elementvape.de akzeptieren Gro\u00df-und Einzelhandel Bestellungen.\" \/>\n<meta name=\"robots\" content=\"index, follow, max-snippet:-1, max-image-preview:large, max-video-preview:-1\" \/>\n<link rel=\"canonical\" href=\"https:\/\/www.elementvape.de\/ro\/produkt\/bang-king-digital-15000-puffs-strawberry-watermelon-eine-koestliche-einweg-e-zigarette-die-ihnen-15000-zuege-voller-erfrischendem-geschmack-bietet\/\" \/>\n<meta property=\"og:locale\" content=\"ro_RO\" \/>\n<meta property=\"og:type\" content=\"article\" \/>\n<meta property=\"og:title\" content=\"BANG KING Digital 15000 PUFFS Strawberry Watermelon Eine k\u00f6stliche Einweg-E-Zigarette die Ihnen 15000 Z\u00fcge voller erfrischendem Geschmack bietet | ElementVape.de\" \/>\n<meta property=\"og:description\" content=\"Wir bieten BANG KING Digital 15000 PUFFS Strawberry Watermelon Eine k\u00f6stliche Einweg-E-Zigarette die Ihnen 15000 Z\u00fcge voller erfrischendem Geschmack bietet , Elementvape.de akzeptieren Gro\u00df-und Einzelhandel Bestellungen.\" \/>\n<meta property=\"og:url\" content=\"https:\/\/www.elementvape.de\/ro\/produkt\/bang-king-digital-15000-puffs-strawberry-watermelon-eine-koestliche-einweg-e-zigarette-die-ihnen-15000-zuege-voller-erfrischendem-geschmack-bietet\/\" \/>\n<meta property=\"og:site_name\" content=\"ElementVape.de\" \/>\n<meta property=\"article:modified_time\" content=\"2024-10-09T07:13:18+00:00\" \/>\n<meta property=\"og:image\" content=\"https:\/\/www.elementvape.de\/wp-content\/uploads\/2024\/09\/Strawberry-Watermelon-9.jpg\" \/>\n\t<meta property=\"og:image:width\" content=\"1440\" \/>\n\t<meta property=\"og:image:height\" content=\"980\" \/>\n\t<meta property=\"og:image:type\" content=\"image\/jpeg\" \/>\n<meta name=\"twitter:card\" content=\"summary_large_image\" \/>\n<meta name=\"twitter:label1\" content=\"Est. reading time\" \/>\n\t<meta name=\"twitter:data1\" content=\"5 minute\" \/>\n<script type=\"application\/ld+json\" class=\"yoast-schema-graph\">{\"@context\":\"https:\/\/schema.org\",\"@graph\":[{\"@type\":\"WebPage\",\"@id\":\"https:\/\/www.elementvape.de\/produkt\/bang-king-digital-15000-puffs-strawberry-watermelon-eine-koestliche-einweg-e-zigarette-die-ihnen-15000-zuege-voller-erfrischendem-geschmack-bietet\/\",\"url\":\"https:\/\/www.elementvape.de\/produkt\/bang-king-digital-15000-puffs-strawberry-watermelon-eine-koestliche-einweg-e-zigarette-die-ihnen-15000-zuege-voller-erfrischendem-geschmack-bietet\/\",\"name\":\"BANG KING Digital 15000 PUFFS Strawberry Watermelon Eine k\u00f6stliche Einweg-E-Zigarette die Ihnen 15000 Z\u00fcge voller erfrischendem Geschmack bietet | ElementVape.de\",\"isPartOf\":{\"@id\":\"https:\/\/www.elementvape.de\/#website\"},\"primaryImageOfPage\":{\"@id\":\"https:\/\/www.elementvape.de\/produkt\/bang-king-digital-15000-puffs-strawberry-watermelon-eine-koestliche-einweg-e-zigarette-die-ihnen-15000-zuege-voller-erfrischendem-geschmack-bietet\/#primaryimage\"},\"image\":{\"@id\":\"https:\/\/www.elementvape.de\/produkt\/bang-king-digital-15000-puffs-strawberry-watermelon-eine-koestliche-einweg-e-zigarette-die-ihnen-15000-zuege-voller-erfrischendem-geschmack-bietet\/#primaryimage\"},\"thumbnailUrl\":\"https:\/\/www.elementvape.de\/wp-content\/uploads\/2024\/09\/Strawberry-Watermelon-9.jpg\",\"datePublished\":\"2024-09-24T10:01:04+00:00\",\"dateModified\":\"2024-10-09T07:13:18+00:00\",\"description\":\"Wir bieten BANG KING Digital 15000 PUFFS Strawberry Watermelon Eine k\u00f6stliche Einweg-E-Zigarette die Ihnen 15000 Z\u00fcge voller erfrischendem Geschmack bietet , Elementvape.de akzeptieren Gro\u00df-und Einzelhandel Bestellungen.\",\"breadcrumb\":{\"@id\":\"https:\/\/www.elementvape.de\/produkt\/bang-king-digital-15000-puffs-strawberry-watermelon-eine-koestliche-einweg-e-zigarette-die-ihnen-15000-zuege-voller-erfrischendem-geschmack-bietet\/#breadcrumb\"},\"inLanguage\":\"ro-RO\",\"potentialAction\":[{\"@type\":\"ReadAction\",\"target\":[\"https:\/\/www.elementvape.de\/produkt\/bang-king-digital-15000-puffs-strawberry-watermelon-eine-koestliche-einweg-e-zigarette-die-ihnen-15000-zuege-voller-erfrischendem-geschmack-bietet\/\"]}]},{\"@type\":\"ImageObject\",\"inLanguage\":\"ro-RO\",\"@id\":\"https:\/\/www.elementvape.de\/produkt\/bang-king-digital-15000-puffs-strawberry-watermelon-eine-koestliche-einweg-e-zigarette-die-ihnen-15000-zuege-voller-erfrischendem-geschmack-bietet\/#primaryimage\",\"url\":\"https:\/\/www.elementvape.de\/wp-content\/uploads\/2024\/09\/Strawberry-Watermelon-9.jpg\",\"contentUrl\":\"https:\/\/www.elementvape.de\/wp-content\/uploads\/2024\/09\/Strawberry-Watermelon-9.jpg\",\"width\":1440,\"height\":980,\"caption\":\"Strawberry Watermelon\"},{\"@type\":\"BreadcrumbList\",\"@id\":\"https:\/\/www.elementvape.de\/produkt\/bang-king-digital-15000-puffs-strawberry-watermelon-eine-koestliche-einweg-e-zigarette-die-ihnen-15000-zuege-voller-erfrischendem-geschmack-bietet\/#breadcrumb\",\"itemListElement\":[{\"@type\":\"ListItem\",\"position\":1,\"name\":\"Home\",\"item\":\"https:\/\/www.elementvape.de\/\"},{\"@type\":\"ListItem\",\"position\":2,\"name\":\"Shop\",\"item\":\"https:\/\/www.elementvape.de\/shop\/\"},{\"@type\":\"ListItem\",\"position\":3,\"name\":\"BANG KING Digital 15000 PUFFS Strawberry Watermelon Eine k\u00f6stliche Einweg-E-Zigarette die Ihnen 15000 Z\u00fcge voller erfrischendem Geschmack bietet\"}]},{\"@type\":\"WebSite\",\"@id\":\"https:\/\/www.elementvape.de\/#website\",\"url\":\"https:\/\/www.elementvape.de\/\",\"name\":\"ElementVape.de\",\"description\":\"\",\"publisher\":{\"@id\":\"https:\/\/www.elementvape.de\/#organization\"},\"potentialAction\":[{\"@type\":\"SearchAction\",\"target\":{\"@type\":\"EntryPoint\",\"urlTemplate\":\"https:\/\/www.elementvape.de\/?s={search_term_string}\"},\"query-input\":\"required name=search_term_string\"}],\"inLanguage\":\"ro-RO\"},{\"@type\":\"Organization\",\"@id\":\"https:\/\/www.elementvape.de\/#organization\",\"name\":\"ElementVape.DE\",\"url\":\"https:\/\/www.elementvape.de\/\",\"logo\":{\"@type\":\"ImageObject\",\"inLanguage\":\"ro-RO\",\"@id\":\"https:\/\/www.elementvape.de\/#\/schema\/logo\/image\/\",\"url\":\"https:\/\/www.elementvape.de\/wp-content\/uploads\/2024\/09\/cropped-1elementvape-3.png\",\"contentUrl\":\"https:\/\/www.elementvape.de\/wp-content\/uploads\/2024\/09\/cropped-1elementvape-3.png\",\"width\":285,\"height\":228,\"caption\":\"ElementVape.DE\"},\"image\":{\"@id\":\"https:\/\/www.elementvape.de\/#\/schema\/logo\/image\/\"}}]}<\/script>\n<!-- \/ Yoast SEO plugin. -->","yoast_head_json":{"title":"BANG KING Digital 15000 PUFFS Strawberry Watermelon Eine k\u00f6stliche Einweg-E-Zigarette die Ihnen 15000 Z\u00fcge voller erfrischendem Geschmack bietet | ElementVape.de","description":"Wir bieten BANG KING Digital 15000 PUFFS Strawberry Watermelon Eine k\u00f6stliche Einweg-E-Zigarette die Ihnen 15000 Z\u00fcge voller erfrischendem Geschmack bietet , Elementvape.de akzeptieren Gro\u00df-und Einzelhandel Bestellungen.","robots":{"index":"index","follow":"follow","max-snippet":"max-snippet:-1","max-image-preview":"max-image-preview:large","max-video-preview":"max-video-preview:-1"},"canonical":"https:\/\/www.elementvape.de\/ro\/produkt\/bang-king-digital-15000-puffs-strawberry-watermelon-eine-koestliche-einweg-e-zigarette-die-ihnen-15000-zuege-voller-erfrischendem-geschmack-bietet\/","og_locale":"ro_RO","og_type":"article","og_title":"BANG KING Digital 15000 PUFFS Strawberry Watermelon Eine k\u00f6stliche Einweg-E-Zigarette die Ihnen 15000 Z\u00fcge voller erfrischendem Geschmack bietet | ElementVape.de","og_description":"Wir bieten BANG KING Digital 15000 PUFFS Strawberry Watermelon Eine k\u00f6stliche Einweg-E-Zigarette die Ihnen 15000 Z\u00fcge voller erfrischendem Geschmack bietet , Elementvape.de akzeptieren Gro\u00df-und Einzelhandel Bestellungen.","og_url":"https:\/\/www.elementvape.de\/ro\/produkt\/bang-king-digital-15000-puffs-strawberry-watermelon-eine-koestliche-einweg-e-zigarette-die-ihnen-15000-zuege-voller-erfrischendem-geschmack-bietet\/","og_site_name":"ElementVape.de","article_modified_time":"2024-10-09T07:13:18+00:00","og_image":[{"width":1440,"height":980,"url":"https:\/\/www.elementvape.de\/wp-content\/uploads\/2024\/09\/Strawberry-Watermelon-9.jpg","type":"image\/jpeg"}],"twitter_card":"summary_large_image","twitter_misc":{"Est. reading time":"5 minute"},"schema":{"@context":"https:\/\/schema.org","@graph":[{"@type":"WebPage","@id":"https:\/\/www.elementvape.de\/produkt\/bang-king-digital-15000-puffs-strawberry-watermelon-eine-koestliche-einweg-e-zigarette-die-ihnen-15000-zuege-voller-erfrischendem-geschmack-bietet\/","url":"https:\/\/www.elementvape.de\/produkt\/bang-king-digital-15000-puffs-strawberry-watermelon-eine-koestliche-einweg-e-zigarette-die-ihnen-15000-zuege-voller-erfrischendem-geschmack-bietet\/","name":"BANG KING Digital 15000 PUFFS Strawberry Watermelon Eine k\u00f6stliche Einweg-E-Zigarette die Ihnen 15000 Z\u00fcge voller erfrischendem Geschmack bietet | ElementVape.de","isPartOf":{"@id":"https:\/\/www.elementvape.de\/#website"},"primaryImageOfPage":{"@id":"https:\/\/www.elementvape.de\/produkt\/bang-king-digital-15000-puffs-strawberry-watermelon-eine-koestliche-einweg-e-zigarette-die-ihnen-15000-zuege-voller-erfrischendem-geschmack-bietet\/#primaryimage"},"image":{"@id":"https:\/\/www.elementvape.de\/produkt\/bang-king-digital-15000-puffs-strawberry-watermelon-eine-koestliche-einweg-e-zigarette-die-ihnen-15000-zuege-voller-erfrischendem-geschmack-bietet\/#primaryimage"},"thumbnailUrl":"https:\/\/www.elementvape.de\/wp-content\/uploads\/2024\/09\/Strawberry-Watermelon-9.jpg","datePublished":"2024-09-24T10:01:04+00:00","dateModified":"2024-10-09T07:13:18+00:00","description":"Wir bieten BANG KING Digital 15000 PUFFS Strawberry Watermelon Eine k\u00f6stliche Einweg-E-Zigarette die Ihnen 15000 Z\u00fcge voller erfrischendem Geschmack bietet , Elementvape.de akzeptieren Gro\u00df-und Einzelhandel Bestellungen.","breadcrumb":{"@id":"https:\/\/www.elementvape.de\/produkt\/bang-king-digital-15000-puffs-strawberry-watermelon-eine-koestliche-einweg-e-zigarette-die-ihnen-15000-zuege-voller-erfrischendem-geschmack-bietet\/#breadcrumb"},"inLanguage":"ro-RO","potentialAction":[{"@type":"ReadAction","target":["https:\/\/www.elementvape.de\/produkt\/bang-king-digital-15000-puffs-strawberry-watermelon-eine-koestliche-einweg-e-zigarette-die-ihnen-15000-zuege-voller-erfrischendem-geschmack-bietet\/"]}]},{"@type":"ImageObject","inLanguage":"ro-RO","@id":"https:\/\/www.elementvape.de\/produkt\/bang-king-digital-15000-puffs-strawberry-watermelon-eine-koestliche-einweg-e-zigarette-die-ihnen-15000-zuege-voller-erfrischendem-geschmack-bietet\/#primaryimage","url":"https:\/\/www.elementvape.de\/wp-content\/uploads\/2024\/09\/Strawberry-Watermelon-9.jpg","contentUrl":"https:\/\/www.elementvape.de\/wp-content\/uploads\/2024\/09\/Strawberry-Watermelon-9.jpg","width":1440,"height":980,"caption":"Strawberry Watermelon"},{"@type":"BreadcrumbList","@id":"https:\/\/www.elementvape.de\/produkt\/bang-king-digital-15000-puffs-strawberry-watermelon-eine-koestliche-einweg-e-zigarette-die-ihnen-15000-zuege-voller-erfrischendem-geschmack-bietet\/#breadcrumb","itemListElement":[{"@type":"ListItem","position":1,"name":"Home","item":"https:\/\/www.elementvape.de\/"},{"@type":"ListItem","position":2,"name":"Shop","item":"https:\/\/www.elementvape.de\/shop\/"},{"@type":"ListItem","position":3,"name":"BANG KING Digital 15000 PUFFS Strawberry Watermelon Eine k\u00f6stliche Einweg-E-Zigarette die Ihnen 15000 Z\u00fcge voller erfrischendem Geschmack bietet"}]},{"@type":"WebSite","@id":"https:\/\/www.elementvape.de\/#website","url":"https:\/\/www.elementvape.de\/","name":"ElementVape.de","description":"","publisher":{"@id":"https:\/\/www.elementvape.de\/#organization"},"potentialAction":[{"@type":"SearchAction","target":{"@type":"EntryPoint","urlTemplate":"https:\/\/www.elementvape.de\/?s={search_term_string}"},"query-input":"required name=search_term_string"}],"inLanguage":"ro-RO"},{"@type":"Organization","@id":"https:\/\/www.elementvape.de\/#organization","name":"ElementVape.DE","url":"https:\/\/www.elementvape.de\/","logo":{"@type":"ImageObject","inLanguage":"ro-RO","@id":"https:\/\/www.elementvape.de\/#\/schema\/logo\/image\/","url":"https:\/\/www.elementvape.de\/wp-content\/uploads\/2024\/09\/cropped-1elementvape-3.png","contentUrl":"https:\/\/www.elementvape.de\/wp-content\/uploads\/2024\/09\/cropped-1elementvape-3.png","width":285,"height":228,"caption":"ElementVape.DE"},"image":{"@id":"https:\/\/www.elementvape.de\/#\/schema\/logo\/image\/"}}]}},"_links":{"self":[{"href":"https:\/\/www.elementvape.de\/ro\/wp-json\/wp\/v2\/product\/14655"}],"collection":[{"href":"https:\/\/www.elementvape.de\/ro\/wp-json\/wp\/v2\/product"}],"about":[{"href":"https:\/\/www.elementvape.de\/ro\/wp-json\/wp\/v2\/types\/product"}],"wp:featuredmedia":[{"embeddable":true,"href":"https:\/\/www.elementvape.de\/ro\/wp-json\/wp\/v2\/media\/14650"}],"wp:attachment":[{"href":"https:\/\/www.elementvape.de\/ro\/wp-json\/wp\/v2\/media?parent=14655"}],"wp:term":[{"taxonomy":"product_cat","embeddable":true,"href":"https:\/\/www.elementvape.de\/ro\/wp-json\/wp\/v2\/product_cat?post=14655"},{"taxonomy":"product_tag","embeddable":true,"href":"https:\/\/www.elementvape.de\/ro\/wp-json\/wp\/v2\/product_tag?post=14655"}],"curies":[{"name":"wp","href":"https:\/\/api.w.org\/{rel}","templated":true}]}}