{"id":14605,"date":"2024-09-24T07:41:05","date_gmt":"2024-09-24T07:41:05","guid":{"rendered":"https:\/\/www.elementvape.de\/?post_type=product&#038;p=14605"},"modified":"2024-10-09T07:27:02","modified_gmt":"2024-10-09T07:27:02","slug":"erleben-sie-die-geheimnisvolle-frische-von-mr-blue-bang-tn12000-puffs-einweg-e-zigarette-mit-12000-zuegen-intensiver-beerenaromen","status":"publish","type":"product","link":"https:\/\/www.elementvape.de\/ro\/produkt\/erleben-sie-die-geheimnisvolle-frische-von-mr-blue-bang-tn12000-puffs-einweg-e-zigarette-mit-12000-zuegen-intensiver-beerenaromen\/","title":{"rendered":"Experimenta\u021bi prospe\u021bimea misterioas\u0103 a MR BLUE BANG TN12000 PUFFS, \u021bigar\u0103 electronic\u0103 de unic\u0103 folosin\u021b\u0103 cu 12000 de pufuri \u0219i arome intense de fructe de p\u0103dure"},"content":{"rendered":"<h3>1. Experien\u021b\u0103 de vapat inconfundabil\u0103 cu MR BLUE BANG TN12000 PUFFS<\/h3>\n<p>\u021aigareta electronic\u0103 de unic\u0103 folosin\u021b\u0103 MR BLUE BANG TN12000 PUFFS v\u0103 ofer\u0103 <strong><a href=\"https:\/\/www.elementvape.de\/ro\/p-tag\/groesser-oder-gleich-12000-zuege\/\" target=\"_blank\" rel=\"noopener\">12000 trenuri<\/a><\/strong> arome intense \u0219i pline de fructe de p\u0103dure, care dezv\u0103luie o prospe\u021bime misterioas\u0103 la fiecare puf. Acest amestec de diferite fructe de p\u0103dure asigur\u0103 o experien\u021b\u0103 gustativ\u0103 bogat\u0103 \u0219i complex\u0103, care variaz\u0103 de la dulce la revigorant.<\/p>\n<p>Datorit\u0103 combina\u021biei perfect echilibrate de arome de fructe de p\u0103dure, inclusiv afine, zmeur\u0103 \u0219i mure, v\u0103 bucura\u021bi de toat\u0103 puterea naturii cu fiecare inhalare. Nota r\u0103coroas\u0103 asigur\u0103 un finisaj revigorant, care v\u0103 revitalizeaz\u0103 sim\u021burile \u0219i completeaz\u0103 pl\u0103cerea \u2013 ideal pentru fiecare vaper care caut\u0103 prospe\u021bime fructat\u0103.<\/p>\n<hr \/>\n<h3>2. Specifica\u021bii tehnice pentru o pl\u0103cere de lung\u0103 durat\u0103<\/h3>\n<table>\n<thead>\n<tr>\n<th>Specifica\u021bii tehnice<\/th>\n<th>Detalii<\/th>\n<\/tr>\n<\/thead>\n<tbody>\n<tr>\n<td>Baterie<\/td>\n<td>650mAh (18250)<\/td>\n<\/tr>\n<tr>\n<td>Capacitate e-lichid<\/td>\n<td>22ml<\/td>\n<\/tr>\n<tr>\n<td>Pufuri<\/td>\n<td>12.000<\/td>\n<\/tr>\n<tr>\n<td>Rezisten\u021be<\/td>\n<td>Rezisten\u021b\u0103 din plas\u0103 de 1.0 Ohm<\/td>\n<\/tr>\n<tr>\n<td>Port de \u00eenc\u0103rcare<\/td>\n<td>Type-C<\/td>\n<\/tr>\n<tr>\n<td>Con\u021binut N<\/td>\n<td>2%, 5%<\/td>\n<\/tr>\n<tr>\n<td>Material<\/td>\n<td>PC<\/td>\n<\/tr>\n<tr>\n<td>Unitate de ambalare<\/td>\n<td>1 cutie (10 buc\u0103\u021bi)<\/td>\n<\/tr>\n<\/tbody>\n<\/table>\n<p>MR BLUE BANG TN<strong><a href=\"https:\/\/www.elementvape.de\/ro\/p-tag\/groesser-oder-gleich-12000-zuege\/\" target=\"_blank\" rel=\"noopener\">12000 PUFE<\/a><\/strong> nu este conving\u0103tor doar din punct de vedere al gustului, ci \u0219i din punct de vedere tehnic, la cel mai \u00eenalt nivel. Echipat cu o baterie de 650mAh, ofer\u0103 suficient\u0103 capacitate pentru o experien\u021b\u0103 de vapat lung\u0103 \u0219i continu\u0103. Bobina Mesh de 1.0 Ohm garanteaz\u0103 o vaporizare uniform\u0103 a e-lichidului de 22 ml, cre\u00e2nd astfel nori den\u0219i \u0219i un gust intens.<\/p>\n<p>Portul de \u00eenc\u0103rcare Type-C asigur\u0103 o \u00eenc\u0103rcare rapid\u0103 \u0219i simpl\u0103. Cu o selec\u021bie de con\u021binut de N \u00eentre 2% \u0219i 5%, ave\u021bi, de asemenea, posibilitatea de a v\u0103 personaliza experien\u021ba de vapat. Materialul PC robust confer\u0103 dispozitivului o rezisten\u021b\u0103 ridicat\u0103.<img loading=\"lazy\" decoding=\"async\" class=\"alignnone size-medium wp-image-14586\" src=\"https:\/\/www.elementvape.de\/wp-content\/uploads\/2024\/09\/mmexport1703904077212-300x186.png\" alt=\"\" width=\"300\" height=\"186\" srcset=\"https:\/\/www.elementvape.de\/wp-content\/uploads\/2024\/09\/mmexport1703904077212-300x186.png 300w, https:\/\/www.elementvape.de\/wp-content\/uploads\/2024\/09\/mmexport1703904077212-1024x636.png 1024w, https:\/\/www.elementvape.de\/wp-content\/uploads\/2024\/09\/mmexport1703904077212-768x477.png 768w, https:\/\/www.elementvape.de\/wp-content\/uploads\/2024\/09\/mmexport1703904077212-600x372.png 600w, https:\/\/www.elementvape.de\/wp-content\/uploads\/2024\/09\/mmexport1703904077212.png 1242w\" sizes=\"(max-width: 300px) 100vw, 300px\" \/><\/p>\n<h3>U\u0219urin\u021b\u0103 \u00een utilizare \u0219i experien\u021b\u0103 gustativ\u0103<\/h3>\n<p>Cu MR BLUE BANG TN12000 PUFFS v\u0103 pute\u021bi bucura de vapat f\u0103r\u0103 niciun efort. Datorit\u0103 func\u021biei de unic\u0103 folosin\u021b\u0103, este <strong><a href=\"https:\/\/www.elementvape.de\/ro\/\" target=\"_blank\" rel=\"noopener\">E-Zigaret\u0103<\/a><\/strong> imediat gata de utilizare \u2013 f\u0103r\u0103 reumplere, f\u0103r\u0103 \u00eentre\u021binere, f\u0103r\u0103 efort. Pur \u0219i simplu despacheta\u021bi \u0219i \u00eencepe\u021bi s\u0103 vapora\u021bi! Acest lucru o face ideal\u0103 pentru c\u0103l\u0103torii sau pentru utilizatorii care caut\u0103 o experien\u021b\u0103 de vapat simpl\u0103, dar de \u00eenalt\u0103 calitate.<\/p>\n<p>Din punct de vedere al gustului, amestecul de arome de fructe de p\u0103dure ofer\u0103 o experien\u021b\u0103 de vapat revigorant\u0103 \u0219i dulce. Fiecare inhalare aduce la iveal\u0103 prospe\u021bimea fructat\u0103 a afinelor \u0219i a altor fructe de p\u0103dure, \u00een timp ce prospe\u021bimea \u00eenghe\u021bat\u0103 ofer\u0103 un plus special. Acest dispozitiv este perfect pentru to\u021bi cei care doresc s\u0103 experimenteze arome intense \u00eentr-un design u\u0219or de utilizat.<\/p>","protected":false},"excerpt":{"rendered":"<p>1. Unverwechselbares Vaping-Erlebnis mit MR BLUE BANG TN12000 PUFFS Die MR BLUE BANG TN12000 PUFFS Einweg-E-Zigarette bietet Ihnen 12000 Z\u00fcge voller intensiver Beerenaromen, die in jedem Zug eine geheimnisvolle Frische entfalten. Diese Mischung aus verschiedenen Beeren sorgt f\u00fcr ein reichhaltiges und vielschichtiges Geschmackserlebnis, das von s\u00fc\u00df bis erfrischend reicht. Dank der perfekt abgestimmten Kombination aus [&hellip;]<\/p>","protected":false},"featured_media":14588,"template":"","meta":{"inline_featured_image":false},"product_cat":[15,728,739,743,744,755,738,751],"product_tag":[710,673],"tiered_pricing_type":"fixed","tiered_pricing_fixed_rules":{"60":"6.58","110":"5.85","200":"5.12"},"tiered_pricing_percentage_rules":[],"tiered_pricing_minimum":1,"_administrator_tiered_pricing_type":"fixed","_administrator_tiered_pricing_fixed_rules":[],"_editor_tiered_pricing_type":"fixed","_editor_tiered_pricing_fixed_rules":[],"_author_tiered_pricing_type":"fixed","_author_tiered_pricing_fixed_rules":[],"_contributor_tiered_pricing_type":"fixed","_contributor_tiered_pricing_fixed_rules":[],"_subscriber_tiered_pricing_type":"fixed","_subscriber_tiered_pricing_fixed_rules":[],"_customer_tiered_pricing_type":"fixed","_customer_tiered_pricing_fixed_rules":[],"_shop_manager_tiered_pricing_type":"fixed","_shop_manager_tiered_pricing_fixed_rules":[],"_wpseo_manager_tiered_pricing_type":"fixed","_wpseo_manager_tiered_pricing_fixed_rules":[],"_wpseo_editor_tiered_pricing_type":"fixed","_wpseo_editor_tiered_pricing_fixed_rules":[],"_wholesale_customer_tiered_pricing_type":"fixed","_wholesale_customer_tiered_pricing_fixed_rules":[],"_marketer_tiered_pricing_type":"fixed","_marketer_tiered_pricing_fixed_rules":[],"_sales_manager_tiered_pricing_type":"fixed","_sales_manager_tiered_pricing_fixed_rules":[],"_sales_rep_tiered_pricing_type":"fixed","_sales_rep_tiered_pricing_fixed_rules":[],"yoast_head":"<!-- This site is optimized with the Yoast SEO plugin v23.3 - https:\/\/yoast.com\/wordpress\/plugins\/seo\/ -->\n<title>Erleben Sie die geheimnisvolle Frische von MR BLUE BANG TN12000 PUFFS Einweg-E-Zigarette mit 12000 Z\u00fcgen intensiver Beerenaromen | ElementVape.de<\/title>\n<meta name=\"description\" content=\"Wir bieten Erleben Sie die geheimnisvolle Frische von MR BLUE BANG TN12000 PUFFS Einweg-E-Zigarette mit 12000 Z\u00fcgen intensiver Beerenaromen , Elementvape.de akzeptieren Gro\u00df-und Einzelhandel Bestellungen.\" \/>\n<meta name=\"robots\" content=\"index, follow, max-snippet:-1, max-image-preview:large, max-video-preview:-1\" \/>\n<link rel=\"canonical\" href=\"https:\/\/www.elementvape.de\/ro\/produkt\/erleben-sie-die-geheimnisvolle-frische-von-mr-blue-bang-tn12000-puffs-einweg-e-zigarette-mit-12000-zuegen-intensiver-beerenaromen\/\" \/>\n<meta property=\"og:locale\" content=\"ro_RO\" \/>\n<meta property=\"og:type\" content=\"article\" \/>\n<meta property=\"og:title\" content=\"Erleben Sie die geheimnisvolle Frische von MR BLUE BANG TN12000 PUFFS Einweg-E-Zigarette mit 12000 Z\u00fcgen intensiver Beerenaromen | ElementVape.de\" \/>\n<meta property=\"og:description\" content=\"Wir bieten Erleben Sie die geheimnisvolle Frische von MR BLUE BANG TN12000 PUFFS Einweg-E-Zigarette mit 12000 Z\u00fcgen intensiver Beerenaromen , Elementvape.de akzeptieren Gro\u00df-und Einzelhandel Bestellungen.\" \/>\n<meta property=\"og:url\" content=\"https:\/\/www.elementvape.de\/ro\/produkt\/erleben-sie-die-geheimnisvolle-frische-von-mr-blue-bang-tn12000-puffs-einweg-e-zigarette-mit-12000-zuegen-intensiver-beerenaromen\/\" \/>\n<meta property=\"og:site_name\" content=\"ElementVape.de\" \/>\n<meta property=\"article:modified_time\" content=\"2024-10-09T07:27:02+00:00\" \/>\n<meta property=\"og:image\" content=\"https:\/\/www.elementvape.de\/wp-content\/uploads\/2024\/09\/Mr-Blue-scaled.jpg\" \/>\n\t<meta property=\"og:image:width\" content=\"2560\" \/>\n\t<meta property=\"og:image:height\" content=\"1898\" \/>\n\t<meta property=\"og:image:type\" content=\"image\/jpeg\" \/>\n<meta name=\"twitter:card\" content=\"summary_large_image\" \/>\n<meta name=\"twitter:label1\" content=\"Est. reading time\" \/>\n\t<meta name=\"twitter:data1\" content=\"3 minute\" \/>\n<script type=\"application\/ld+json\" class=\"yoast-schema-graph\">{\"@context\":\"https:\/\/schema.org\",\"@graph\":[{\"@type\":\"WebPage\",\"@id\":\"https:\/\/www.elementvape.de\/da\/produkt\/erleben-sie-die-geheimnisvolle-frische-von-mr-blue-bang-tn12000-puffs-einweg-e-zigarette-mit-12000-zuegen-intensiver-beerenaromen\/\",\"url\":\"https:\/\/www.elementvape.de\/da\/produkt\/erleben-sie-die-geheimnisvolle-frische-von-mr-blue-bang-tn12000-puffs-einweg-e-zigarette-mit-12000-zuegen-intensiver-beerenaromen\/\",\"name\":\"Erleben Sie die geheimnisvolle Frische von MR BLUE BANG TN12000 PUFFS Einweg-E-Zigarette mit 12000 Z\u00fcgen intensiver Beerenaromen | ElementVape.de\",\"isPartOf\":{\"@id\":\"https:\/\/www.elementvape.de\/#website\"},\"primaryImageOfPage\":{\"@id\":\"https:\/\/www.elementvape.de\/da\/produkt\/erleben-sie-die-geheimnisvolle-frische-von-mr-blue-bang-tn12000-puffs-einweg-e-zigarette-mit-12000-zuegen-intensiver-beerenaromen\/#primaryimage\"},\"image\":{\"@id\":\"https:\/\/www.elementvape.de\/da\/produkt\/erleben-sie-die-geheimnisvolle-frische-von-mr-blue-bang-tn12000-puffs-einweg-e-zigarette-mit-12000-zuegen-intensiver-beerenaromen\/#primaryimage\"},\"thumbnailUrl\":\"https:\/\/www.elementvape.de\/wp-content\/uploads\/2024\/09\/Mr-Blue-scaled.jpg\",\"datePublished\":\"2024-09-24T07:41:05+00:00\",\"dateModified\":\"2024-10-09T07:27:02+00:00\",\"description\":\"Wir bieten Erleben Sie die geheimnisvolle Frische von MR BLUE BANG TN12000 PUFFS Einweg-E-Zigarette mit 12000 Z\u00fcgen intensiver Beerenaromen , Elementvape.de akzeptieren Gro\u00df-und Einzelhandel Bestellungen.\",\"breadcrumb\":{\"@id\":\"https:\/\/www.elementvape.de\/da\/produkt\/erleben-sie-die-geheimnisvolle-frische-von-mr-blue-bang-tn12000-puffs-einweg-e-zigarette-mit-12000-zuegen-intensiver-beerenaromen\/#breadcrumb\"},\"inLanguage\":\"ro-RO\",\"potentialAction\":[{\"@type\":\"ReadAction\",\"target\":[\"https:\/\/www.elementvape.de\/da\/produkt\/erleben-sie-die-geheimnisvolle-frische-von-mr-blue-bang-tn12000-puffs-einweg-e-zigarette-mit-12000-zuegen-intensiver-beerenaromen\/\"]}]},{\"@type\":\"ImageObject\",\"inLanguage\":\"ro-RO\",\"@id\":\"https:\/\/www.elementvape.de\/da\/produkt\/erleben-sie-die-geheimnisvolle-frische-von-mr-blue-bang-tn12000-puffs-einweg-e-zigarette-mit-12000-zuegen-intensiver-beerenaromen\/#primaryimage\",\"url\":\"https:\/\/www.elementvape.de\/wp-content\/uploads\/2024\/09\/Mr-Blue-scaled.jpg\",\"contentUrl\":\"https:\/\/www.elementvape.de\/wp-content\/uploads\/2024\/09\/Mr-Blue-scaled.jpg\",\"width\":2560,\"height\":1898,\"caption\":\"Mr Blue\"},{\"@type\":\"BreadcrumbList\",\"@id\":\"https:\/\/www.elementvape.de\/da\/produkt\/erleben-sie-die-geheimnisvolle-frische-von-mr-blue-bang-tn12000-puffs-einweg-e-zigarette-mit-12000-zuegen-intensiver-beerenaromen\/#breadcrumb\",\"itemListElement\":[{\"@type\":\"ListItem\",\"position\":1,\"name\":\"Home\",\"item\":\"https:\/\/www.elementvape.de\/\"},{\"@type\":\"ListItem\",\"position\":2,\"name\":\"Shop\",\"item\":\"https:\/\/www.elementvape.de\/shop\/\"},{\"@type\":\"ListItem\",\"position\":3,\"name\":\"Erleben Sie die geheimnisvolle Frische von MR BLUE BANG TN12000 PUFFS Einweg-E-Zigarette mit 12000 Z\u00fcgen intensiver Beerenaromen\"}]},{\"@type\":\"WebSite\",\"@id\":\"https:\/\/www.elementvape.de\/#website\",\"url\":\"https:\/\/www.elementvape.de\/\",\"name\":\"ElementVape.de\",\"description\":\"\",\"publisher\":{\"@id\":\"https:\/\/www.elementvape.de\/#organization\"},\"potentialAction\":[{\"@type\":\"SearchAction\",\"target\":{\"@type\":\"EntryPoint\",\"urlTemplate\":\"https:\/\/www.elementvape.de\/?s={search_term_string}\"},\"query-input\":\"required name=search_term_string\"}],\"inLanguage\":\"ro-RO\"},{\"@type\":\"Organization\",\"@id\":\"https:\/\/www.elementvape.de\/#organization\",\"name\":\"ElementVape.DE\",\"url\":\"https:\/\/www.elementvape.de\/\",\"logo\":{\"@type\":\"ImageObject\",\"inLanguage\":\"ro-RO\",\"@id\":\"https:\/\/www.elementvape.de\/#\/schema\/logo\/image\/\",\"url\":\"https:\/\/www.elementvape.de\/wp-content\/uploads\/2024\/09\/cropped-1elementvape-3.png\",\"contentUrl\":\"https:\/\/www.elementvape.de\/wp-content\/uploads\/2024\/09\/cropped-1elementvape-3.png\",\"width\":285,\"height\":228,\"caption\":\"ElementVape.DE\"},\"image\":{\"@id\":\"https:\/\/www.elementvape.de\/#\/schema\/logo\/image\/\"}}]}<\/script>\n<!-- \/ Yoast SEO plugin. -->","yoast_head_json":{"title":"Erleben Sie die geheimnisvolle Frische von MR BLUE BANG TN12000 PUFFS Einweg-E-Zigarette mit 12000 Z\u00fcgen intensiver Beerenaromen | ElementVape.de","description":"Wir bieten Erleben Sie die geheimnisvolle Frische von MR BLUE BANG TN12000 PUFFS Einweg-E-Zigarette mit 12000 Z\u00fcgen intensiver Beerenaromen , Elementvape.de akzeptieren Gro\u00df-und Einzelhandel Bestellungen.","robots":{"index":"index","follow":"follow","max-snippet":"max-snippet:-1","max-image-preview":"max-image-preview:large","max-video-preview":"max-video-preview:-1"},"canonical":"https:\/\/www.elementvape.de\/ro\/produkt\/erleben-sie-die-geheimnisvolle-frische-von-mr-blue-bang-tn12000-puffs-einweg-e-zigarette-mit-12000-zuegen-intensiver-beerenaromen\/","og_locale":"ro_RO","og_type":"article","og_title":"Erleben Sie die geheimnisvolle Frische von MR BLUE BANG TN12000 PUFFS Einweg-E-Zigarette mit 12000 Z\u00fcgen intensiver Beerenaromen | ElementVape.de","og_description":"Wir bieten Erleben Sie die geheimnisvolle Frische von MR BLUE BANG TN12000 PUFFS Einweg-E-Zigarette mit 12000 Z\u00fcgen intensiver Beerenaromen , Elementvape.de akzeptieren Gro\u00df-und Einzelhandel Bestellungen.","og_url":"https:\/\/www.elementvape.de\/ro\/produkt\/erleben-sie-die-geheimnisvolle-frische-von-mr-blue-bang-tn12000-puffs-einweg-e-zigarette-mit-12000-zuegen-intensiver-beerenaromen\/","og_site_name":"ElementVape.de","article_modified_time":"2024-10-09T07:27:02+00:00","og_image":[{"width":2560,"height":1898,"url":"https:\/\/www.elementvape.de\/wp-content\/uploads\/2024\/09\/Mr-Blue-scaled.jpg","type":"image\/jpeg"}],"twitter_card":"summary_large_image","twitter_misc":{"Est. reading time":"3 minute"},"schema":{"@context":"https:\/\/schema.org","@graph":[{"@type":"WebPage","@id":"https:\/\/www.elementvape.de\/da\/produkt\/erleben-sie-die-geheimnisvolle-frische-von-mr-blue-bang-tn12000-puffs-einweg-e-zigarette-mit-12000-zuegen-intensiver-beerenaromen\/","url":"https:\/\/www.elementvape.de\/da\/produkt\/erleben-sie-die-geheimnisvolle-frische-von-mr-blue-bang-tn12000-puffs-einweg-e-zigarette-mit-12000-zuegen-intensiver-beerenaromen\/","name":"Erleben Sie die geheimnisvolle Frische von MR BLUE BANG TN12000 PUFFS Einweg-E-Zigarette mit 12000 Z\u00fcgen intensiver Beerenaromen | ElementVape.de","isPartOf":{"@id":"https:\/\/www.elementvape.de\/#website"},"primaryImageOfPage":{"@id":"https:\/\/www.elementvape.de\/da\/produkt\/erleben-sie-die-geheimnisvolle-frische-von-mr-blue-bang-tn12000-puffs-einweg-e-zigarette-mit-12000-zuegen-intensiver-beerenaromen\/#primaryimage"},"image":{"@id":"https:\/\/www.elementvape.de\/da\/produkt\/erleben-sie-die-geheimnisvolle-frische-von-mr-blue-bang-tn12000-puffs-einweg-e-zigarette-mit-12000-zuegen-intensiver-beerenaromen\/#primaryimage"},"thumbnailUrl":"https:\/\/www.elementvape.de\/wp-content\/uploads\/2024\/09\/Mr-Blue-scaled.jpg","datePublished":"2024-09-24T07:41:05+00:00","dateModified":"2024-10-09T07:27:02+00:00","description":"Wir bieten Erleben Sie die geheimnisvolle Frische von MR BLUE BANG TN12000 PUFFS Einweg-E-Zigarette mit 12000 Z\u00fcgen intensiver Beerenaromen , Elementvape.de akzeptieren Gro\u00df-und Einzelhandel Bestellungen.","breadcrumb":{"@id":"https:\/\/www.elementvape.de\/da\/produkt\/erleben-sie-die-geheimnisvolle-frische-von-mr-blue-bang-tn12000-puffs-einweg-e-zigarette-mit-12000-zuegen-intensiver-beerenaromen\/#breadcrumb"},"inLanguage":"ro-RO","potentialAction":[{"@type":"ReadAction","target":["https:\/\/www.elementvape.de\/da\/produkt\/erleben-sie-die-geheimnisvolle-frische-von-mr-blue-bang-tn12000-puffs-einweg-e-zigarette-mit-12000-zuegen-intensiver-beerenaromen\/"]}]},{"@type":"ImageObject","inLanguage":"ro-RO","@id":"https:\/\/www.elementvape.de\/da\/produkt\/erleben-sie-die-geheimnisvolle-frische-von-mr-blue-bang-tn12000-puffs-einweg-e-zigarette-mit-12000-zuegen-intensiver-beerenaromen\/#primaryimage","url":"https:\/\/www.elementvape.de\/wp-content\/uploads\/2024\/09\/Mr-Blue-scaled.jpg","contentUrl":"https:\/\/www.elementvape.de\/wp-content\/uploads\/2024\/09\/Mr-Blue-scaled.jpg","width":2560,"height":1898,"caption":"Mr Blue"},{"@type":"BreadcrumbList","@id":"https:\/\/www.elementvape.de\/da\/produkt\/erleben-sie-die-geheimnisvolle-frische-von-mr-blue-bang-tn12000-puffs-einweg-e-zigarette-mit-12000-zuegen-intensiver-beerenaromen\/#breadcrumb","itemListElement":[{"@type":"ListItem","position":1,"name":"Home","item":"https:\/\/www.elementvape.de\/"},{"@type":"ListItem","position":2,"name":"Shop","item":"https:\/\/www.elementvape.de\/shop\/"},{"@type":"ListItem","position":3,"name":"Erleben Sie die geheimnisvolle Frische von MR BLUE BANG TN12000 PUFFS Einweg-E-Zigarette mit 12000 Z\u00fcgen intensiver Beerenaromen"}]},{"@type":"WebSite","@id":"https:\/\/www.elementvape.de\/#website","url":"https:\/\/www.elementvape.de\/","name":"ElementVape.de","description":"","publisher":{"@id":"https:\/\/www.elementvape.de\/#organization"},"potentialAction":[{"@type":"SearchAction","target":{"@type":"EntryPoint","urlTemplate":"https:\/\/www.elementvape.de\/?s={search_term_string}"},"query-input":"required name=search_term_string"}],"inLanguage":"ro-RO"},{"@type":"Organization","@id":"https:\/\/www.elementvape.de\/#organization","name":"ElementVape.DE","url":"https:\/\/www.elementvape.de\/","logo":{"@type":"ImageObject","inLanguage":"ro-RO","@id":"https:\/\/www.elementvape.de\/#\/schema\/logo\/image\/","url":"https:\/\/www.elementvape.de\/wp-content\/uploads\/2024\/09\/cropped-1elementvape-3.png","contentUrl":"https:\/\/www.elementvape.de\/wp-content\/uploads\/2024\/09\/cropped-1elementvape-3.png","width":285,"height":228,"caption":"ElementVape.DE"},"image":{"@id":"https:\/\/www.elementvape.de\/#\/schema\/logo\/image\/"}}]}},"_links":{"self":[{"href":"https:\/\/www.elementvape.de\/ro\/wp-json\/wp\/v2\/product\/14605"}],"collection":[{"href":"https:\/\/www.elementvape.de\/ro\/wp-json\/wp\/v2\/product"}],"about":[{"href":"https:\/\/www.elementvape.de\/ro\/wp-json\/wp\/v2\/types\/product"}],"wp:featuredmedia":[{"embeddable":true,"href":"https:\/\/www.elementvape.de\/ro\/wp-json\/wp\/v2\/media\/14588"}],"wp:attachment":[{"href":"https:\/\/www.elementvape.de\/ro\/wp-json\/wp\/v2\/media?parent=14605"}],"wp:term":[{"taxonomy":"product_cat","embeddable":true,"href":"https:\/\/www.elementvape.de\/ro\/wp-json\/wp\/v2\/product_cat?post=14605"},{"taxonomy":"product_tag","embeddable":true,"href":"https:\/\/www.elementvape.de\/ro\/wp-json\/wp\/v2\/product_tag?post=14605"}],"curies":[{"name":"wp","href":"https:\/\/api.w.org\/{rel}","templated":true}]}}