{"id":14599,"date":"2024-09-24T03:23:09","date_gmt":"2024-09-24T03:23:09","guid":{"rendered":"https:\/\/www.elementvape.de\/?post_type=product&#038;p=14599"},"modified":"2024-10-10T01:43:22","modified_gmt":"2024-10-10T01:43:22","slug":"die-cool-mint-bang-tn12000-puffs-einweg-e-zigarette-liefert-12000-zuege-mit-erfrischendem-reinem-minzaroma-fuer-ein-kuehlendes-vape-erlebnis","status":"publish","type":"product","link":"https:\/\/www.elementvape.de\/ro\/produkt\/die-cool-mint-bang-tn12000-puffs-einweg-e-zigarette-liefert-12000-zuege-mit-erfrischendem-reinem-minzaroma-fuer-ein-kuehlendes-vape-erlebnis\/","title":{"rendered":"E-\u021bigara de unic\u0103 folosin\u021b\u0103 COOL MINT BANG TN12000 PUFFS ofer\u0103 12000 de pufuri cu arom\u0103 revigorant\u0103 de ment\u0103 pur\u0103 pentru o experien\u021b\u0103 de vaping r\u0103coritoare"},"content":{"rendered":"<h2>Introducere \u00een COOL MINT BANG TN12000 PUFFS<\/h2>\n<p>Cool Mint Bang TN12000 Puffs \u021bigar\u0103 electronic\u0103 de unic\u0103 folosin\u021b\u0103 ofer\u0103 cu fiecare dintre ele <strong><a href=\"https:\/\/www.elementvape.de\/ro\/p-tag\/groesser-oder-gleich-12000-zuege\/\" target=\"_blank\" rel=\"noopener\">12000 trenuri<\/a><\/strong> o arom\u0103 r\u0103coritoare de ment\u0103 care creeaz\u0103 o experien\u021b\u0103 de vaping r\u0103coritoare \u0219i revigorant\u0103. Perfect pentru iubitorii de prospe\u021bime pur\u0103, ofer\u0103 aceast\u0103 <strong><a href=\"https:\/\/www.elementvape.de\/ro\/\" target=\"_blank\" rel=\"noopener\">E-Zigaret\u0103<\/a><\/strong> Arom\u0103 intens\u0103 care r\u0103core\u0219te palatul cu fiecare inhalare. Combina\u021bia dintre u\u0219urin\u021ba \u00een utilizare \u0219i un gust de ment\u0103 pur \u0219i de durat\u0103 face acest dispozitiv o alegere ideal\u0103 pentru to\u021bi cei care caut\u0103 o experien\u021b\u0103 de inhalare simpl\u0103 \u0219i plin\u0103 de savoare.<\/p>\n<p>Datorit\u0103 duratei lungi de via\u021b\u0103 \u0219i num\u0103rului mare de pufuri, COOL MINT BANG TN12000 PUFFS este deosebit de potrivit pentru vapori care prefer\u0103 un dispozitiv proasp\u0103t \u0219i \u00een acela\u0219i timp practic. Acest dispozitiv de tip cigaret\u0103 electronic\u0103 de unic\u0103 folosin\u021b\u0103 este conceput pentru utilizare direct\u0103, f\u0103r\u0103 a fi nevoie de \u00eentre\u021binere sau reumplere, ceea ce \u00eel face deosebit de prietenos cu utilizatorul.<\/p>\n<p>COOL MINT BANG TN12000 PUFFS impresioneaz\u0103 nu doar prin gustul s\u0103u, ci \u0219i prin detaliile tehnice. Este echipat cu o baterie de 650mAh, conceput\u0103 pentru o durat\u0103 lung\u0103 de utilizare. Prin intermediul portului de \u00eenc\u0103rcare Type-C, dispozitivul poate fi \u00eenc\u0103rcat rapid \u0219i eficient, permi\u021b\u00e2nd o experien\u021b\u0103 de vapare f\u0103r\u0103 perioade lungi de \u00eenc\u0103rcare.<\/p>\n<p>Cu o capacitate de 22ml pentru lichid, dispozitivul este potrivit pentru sesiuni lungi de inhalare, f\u0103r\u0103 a fi nevoie de \u00eenc\u0103rcare frecvent\u0103. Rezistenta din plas\u0103 de 1.0 Ohm asigur\u0103 o vaporizare uniform\u0103 \u0219i eficient\u0103 a lichidului, eviden\u021biind intens aroma de ment\u0103 la fiecare tras. Aceste caracteristici tehnice fac ca dispozitivul s\u0103 fie deosebit de performant \u0219i durabil.<\/p>\n<h3>Profil de gust: R\u0103corire pur\u0103<\/h3>\n<p>Profilul de gust al COOL MINT BANG TN12000 PUFFS se concentreaz\u0103 pe r\u0103ceala pur\u0103 \u0219i revigorant\u0103 a mentei. Acest gust autentic \u0219i simplu este perfect pentru vapori care prefer\u0103 savurarea unei mente pure, f\u0103r\u0103 arome suplimentare care ar putea afecta experien\u021ba. Aroma de ment\u0103 las\u0103 o senza\u021bie pl\u0103cut de r\u0103corire \u00een gur\u0103 \u0219i revigoreaz\u0103 mintea cu fiecare inhalare.<\/p>\n<p>Pe l\u00e2ng\u0103 gust, utilizatorii pot alege \u00eentre diferite niveluri de nicotin\u0103 cu sare: 2% \u0219i 5%. Aceast\u0103 gam\u0103 permite at\u00e2t \u00eencep\u0103torilor \u00een nicotin\u0103, c\u00e2t \u0219i vaperilor experimenta\u021bi s\u0103 aleag\u0103 nivelul potrivit pentru ei, \u00een func\u021bie de intensitatea dorit\u0103 a experien\u021bei. Cu aceast\u0103 flexibilitate, COOL MINT BANG TN12000 PUFFS ofer\u0103 fiec\u0103rui utilizator dozajul optim de nicotin\u0103.<\/p>\n<p>COOL MINT BANG TN12000 PUFFS se remarc\u0103 prin designul s\u0103u simplu \u0219i func\u021bional, care este at\u00e2t elegant, c\u00e2t \u0219i u\u0219or de utilizat. Fabricat din policarbonat (PC) de \u00eenalt\u0103 calitate, dispozitivul este u\u0219or \u0219i durabil, fiind ideal pentru utilizarea zilnic\u0103 \u0219i transport. Datorit\u0103 designului compact, poate fi purtat f\u0103r\u0103 probleme \u00een geant\u0103, f\u0103r\u0103 a ocupa spa\u021biu.<\/p>\n<p>Afi\u0219ajul LED al dispozitivului informeaz\u0103 utilizatorul despre starea bateriei, ceea ce asigur\u0103 un confort suplimentar. Aceast\u0103 func\u021bie contribuie la u\u0219urin\u021ba \u00een utilizare, asigur\u00e2nd c\u0103 utilizatorul \u0219tie \u00eentotdeauna c\u00e2nd trebuie \u00eenc\u0103rcat dispozitivul. Designul minimalist \u0219i func\u021biile practice fac din COOL MINT BANG TN12000 PUFFS o alegere perfect\u0103 pentru vaperi care apreciaz\u0103 simplitatea \u0219i eficien\u021ba.<\/p>\n<h3>Baterie puternic\u0103 pentru o experien\u021b\u0103 de durat\u0103<\/h3>\n<p>Bateria de 650mAh a COOL MINT BANG TN12000 PUFFS este special conceput\u0103 pentru a alimenta dispozitivul pe o perioad\u0103 lung\u0103 de timp. Aceast\u0103 baterie nu este doar durabil\u0103, ci \u0219i re\u00eenc\u0103rcabil\u0103, ceea ce prelunge\u0219te semnificativ durata de via\u021b\u0103 a dispozitivului. Datorit\u0103 conectorului de \u00eenc\u0103rcare Type-C, bateria poate fi \u00eenc\u0103rcat\u0103 rapid \u0219i convenabil, astfel \u00eenc\u00e2t dispozitivul s\u0103 fie din nou gata de utilizare \u00een cel mai scurt timp.<\/p>\n<p>\u00cen combina\u021bie cu capacitatea de 22ml a lichidului electronic, aceast\u0103 baterie asigur\u0103 func\u021bionarea fiabil\u0103 a dispozitivului pentru 12000 de pufuri, f\u0103r\u0103 a compromite performan\u021ba sau gustul. Aceast\u0103 capacitate este ideal\u0103 pentru vaperii care caut\u0103 o utilizare de durat\u0103 mai lung\u0103, f\u0103r\u0103 a fi nevoie s\u0103 schimbe frecvent dispozitivul.<\/p>\n<h3>solu\u021bie de unic\u0103 folosin\u021b\u0103 u\u0219or de utilizat<\/h3>\n<p>Un avantaj decisiv al COOL MINT BANG TN12000 PUFFS este u\u0219urin\u021ba \u00een utilizare. Ca \u021bigar\u0103 electronic\u0103 de unic\u0103 folosin\u021b\u0103, dispozitivul nu necesit\u0103 \u00eentre\u021binere sau set\u0103ri complicate. Odat\u0103 ce lichidul sau bateria se epuizeaz\u0103, dispozitivul poate fi aruncat pur \u0219i simplu. Astfel, este deosebit de potrivit pentru vapori care caut\u0103 o solu\u021bie simpl\u0103 \u0219i practic\u0103, f\u0103r\u0103 a compromite calitatea experien\u021bei de vaping.<\/p>\n<p>Unitatea de ambalare include 10 buc\u0103\u021bi pe carton, ceea ce o face o alegere ideal\u0103 at\u00e2t pentru uz personal, c\u00e2t \u0219i pentru retail. Ambalajele robuste din carton protejeaz\u0103 dispozitivele \u00een timpul transportului \u0219i asigur\u0103 c\u0103 ajung \u00een stare perfect\u0103 la utilizator.<\/p>\n<p>COOL MINT BANG TN12000 PUFFS \u021bigaret\u0103 electronic\u0103 de unic\u0103 folosin\u021b\u0103 ofer\u0103 o combina\u021bie perfect\u0103 \u00eentre gustul proasp\u0103t de ment\u0103 \u0219i tehnologia practic\u0103 \u0219i durabil\u0103. Cu 12000 de pufuri, o baterie de 650mAh \u0219i spirala din mesh, acest dispozitiv asigur\u0103 o experien\u021b\u0103 de vaping de durat\u0103 \u0219i intens\u0103, care poate fi personalizat\u0103 prin alegerea diferitelor niveluri de nicotin\u0103. Datorit\u0103 conectorului de \u00eenc\u0103rcare Type-C \u0219i a manevr\u0103rii simple, este o alegere ideal\u0103 pentru vaperii care caut\u0103 o experien\u021b\u0103 de vaping simpl\u0103 \u0219i plin\u0103 de savoare.<\/p>","protected":false},"excerpt":{"rendered":"<p>Einf\u00fchrung in die COOL MINT BANG TN12000 PUFFS Die COOL MINT BANG TN12000 PUFFS Einweg-E-Zigarette bietet mit jedem der 12000 Z\u00fcge ein erfrischendes Minzaroma, das ein k\u00fchlendes und belebendes Vape-Erlebnis schafft. Perfekt f\u00fcr Liebhaber von purer Frische, bietet diese E-Zigarette ein intensives Aroma, das den Gaumen mit jedem Zug k\u00fchlt. Die Kombination aus Benutzerfreundlichkeit und [&hellip;]<\/p>","protected":false},"featured_media":14597,"template":"","meta":{"inline_featured_image":false},"product_cat":[15,728,739,743,744,755,738,751],"product_tag":[710,673],"tiered_pricing_type":"fixed","tiered_pricing_fixed_rules":{"60":"6.58","110":"5.85","200":"5.12"},"tiered_pricing_percentage_rules":[],"tiered_pricing_minimum":1,"_administrator_tiered_pricing_type":"fixed","_administrator_tiered_pricing_fixed_rules":[],"_editor_tiered_pricing_type":"fixed","_editor_tiered_pricing_fixed_rules":[],"_author_tiered_pricing_type":"fixed","_author_tiered_pricing_fixed_rules":[],"_contributor_tiered_pricing_type":"fixed","_contributor_tiered_pricing_fixed_rules":[],"_subscriber_tiered_pricing_type":"fixed","_subscriber_tiered_pricing_fixed_rules":[],"_customer_tiered_pricing_type":"fixed","_customer_tiered_pricing_fixed_rules":[],"_shop_manager_tiered_pricing_type":"fixed","_shop_manager_tiered_pricing_fixed_rules":[],"_wpseo_manager_tiered_pricing_type":"fixed","_wpseo_manager_tiered_pricing_fixed_rules":[],"_wpseo_editor_tiered_pricing_type":"fixed","_wpseo_editor_tiered_pricing_fixed_rules":[],"_wholesale_customer_tiered_pricing_type":"fixed","_wholesale_customer_tiered_pricing_fixed_rules":[],"_marketer_tiered_pricing_type":"fixed","_marketer_tiered_pricing_fixed_rules":[],"_sales_manager_tiered_pricing_type":"fixed","_sales_manager_tiered_pricing_fixed_rules":[],"_sales_rep_tiered_pricing_type":"fixed","_sales_rep_tiered_pricing_fixed_rules":[],"yoast_head":"<!-- This site is optimized with the Yoast SEO plugin v23.3 - https:\/\/yoast.com\/wordpress\/plugins\/seo\/ -->\n<title>Die COOL MINT BANG TN12000 PUFFS Einweg-E-Zigarette liefert 12000 Z\u00fcge mit erfrischendem reinem Minzaroma f\u00fcr ein k\u00fchlendes Vape Erlebnis | ElementVape.de<\/title>\n<meta name=\"description\" content=\"Wir bieten Die COOL MINT BANG TN12000 PUFFS Einweg-E-Zigarette liefert 12000 Z\u00fcge mit erfrischendem reinem Minzaroma f\u00fcr ein k\u00fchlendes Vape Erlebnis , Elementvape.de akzeptieren Gro\u00df-und Einzelhandel Bestellungen.\" \/>\n<meta name=\"robots\" content=\"index, follow, max-snippet:-1, max-image-preview:large, max-video-preview:-1\" \/>\n<link rel=\"canonical\" href=\"https:\/\/www.elementvape.de\/ro\/produkt\/die-cool-mint-bang-tn12000-puffs-einweg-e-zigarette-liefert-12000-zuege-mit-erfrischendem-reinem-minzaroma-fuer-ein-kuehlendes-vape-erlebnis\/\" \/>\n<meta property=\"og:locale\" content=\"ro_RO\" \/>\n<meta property=\"og:type\" content=\"article\" \/>\n<meta property=\"og:title\" content=\"Die COOL MINT BANG TN12000 PUFFS Einweg-E-Zigarette liefert 12000 Z\u00fcge mit erfrischendem reinem Minzaroma f\u00fcr ein k\u00fchlendes Vape Erlebnis | ElementVape.de\" \/>\n<meta property=\"og:description\" content=\"Wir bieten Die COOL MINT BANG TN12000 PUFFS Einweg-E-Zigarette liefert 12000 Z\u00fcge mit erfrischendem reinem Minzaroma f\u00fcr ein k\u00fchlendes Vape Erlebnis , Elementvape.de akzeptieren Gro\u00df-und Einzelhandel Bestellungen.\" \/>\n<meta property=\"og:url\" content=\"https:\/\/www.elementvape.de\/ro\/produkt\/die-cool-mint-bang-tn12000-puffs-einweg-e-zigarette-liefert-12000-zuege-mit-erfrischendem-reinem-minzaroma-fuer-ein-kuehlendes-vape-erlebnis\/\" \/>\n<meta property=\"og:site_name\" content=\"ElementVape.de\" \/>\n<meta property=\"article:modified_time\" content=\"2024-10-10T01:43:22+00:00\" \/>\n<meta property=\"og:image\" content=\"https:\/\/www.elementvape.de\/wp-content\/uploads\/2024\/09\/COOL-MINT-1-scaled.jpg\" \/>\n\t<meta property=\"og:image:width\" content=\"2560\" \/>\n\t<meta property=\"og:image:height\" content=\"1898\" \/>\n\t<meta property=\"og:image:type\" content=\"image\/jpeg\" \/>\n<meta name=\"twitter:card\" content=\"summary_large_image\" \/>\n<meta name=\"twitter:label1\" content=\"Est. reading time\" \/>\n\t<meta name=\"twitter:data1\" content=\"5 minute\" \/>\n<script type=\"application\/ld+json\" class=\"yoast-schema-graph\">{\"@context\":\"https:\/\/schema.org\",\"@graph\":[{\"@type\":\"WebPage\",\"@id\":\"https:\/\/www.elementvape.de\/sk\/produkt\/die-cool-mint-bang-tn12000-puffs-einweg-e-zigarette-liefert-12000-zuege-mit-erfrischendem-reinem-minzaroma-fuer-ein-kuehlendes-vape-erlebnis\/\",\"url\":\"https:\/\/www.elementvape.de\/sk\/produkt\/die-cool-mint-bang-tn12000-puffs-einweg-e-zigarette-liefert-12000-zuege-mit-erfrischendem-reinem-minzaroma-fuer-ein-kuehlendes-vape-erlebnis\/\",\"name\":\"Die COOL MINT BANG TN12000 PUFFS Einweg-E-Zigarette liefert 12000 Z\u00fcge mit erfrischendem reinem Minzaroma f\u00fcr ein k\u00fchlendes Vape Erlebnis | ElementVape.de\",\"isPartOf\":{\"@id\":\"https:\/\/www.elementvape.de\/#website\"},\"primaryImageOfPage\":{\"@id\":\"https:\/\/www.elementvape.de\/sk\/produkt\/die-cool-mint-bang-tn12000-puffs-einweg-e-zigarette-liefert-12000-zuege-mit-erfrischendem-reinem-minzaroma-fuer-ein-kuehlendes-vape-erlebnis\/#primaryimage\"},\"image\":{\"@id\":\"https:\/\/www.elementvape.de\/sk\/produkt\/die-cool-mint-bang-tn12000-puffs-einweg-e-zigarette-liefert-12000-zuege-mit-erfrischendem-reinem-minzaroma-fuer-ein-kuehlendes-vape-erlebnis\/#primaryimage\"},\"thumbnailUrl\":\"https:\/\/www.elementvape.de\/wp-content\/uploads\/2024\/09\/COOL-MINT-1-scaled.jpg\",\"datePublished\":\"2024-09-24T03:23:09+00:00\",\"dateModified\":\"2024-10-10T01:43:22+00:00\",\"description\":\"Wir bieten Die COOL MINT BANG TN12000 PUFFS Einweg-E-Zigarette liefert 12000 Z\u00fcge mit erfrischendem reinem Minzaroma f\u00fcr ein k\u00fchlendes Vape Erlebnis , Elementvape.de akzeptieren Gro\u00df-und Einzelhandel Bestellungen.\",\"breadcrumb\":{\"@id\":\"https:\/\/www.elementvape.de\/sk\/produkt\/die-cool-mint-bang-tn12000-puffs-einweg-e-zigarette-liefert-12000-zuege-mit-erfrischendem-reinem-minzaroma-fuer-ein-kuehlendes-vape-erlebnis\/#breadcrumb\"},\"inLanguage\":\"ro-RO\",\"potentialAction\":[{\"@type\":\"ReadAction\",\"target\":[\"https:\/\/www.elementvape.de\/sk\/produkt\/die-cool-mint-bang-tn12000-puffs-einweg-e-zigarette-liefert-12000-zuege-mit-erfrischendem-reinem-minzaroma-fuer-ein-kuehlendes-vape-erlebnis\/\"]}]},{\"@type\":\"ImageObject\",\"inLanguage\":\"ro-RO\",\"@id\":\"https:\/\/www.elementvape.de\/sk\/produkt\/die-cool-mint-bang-tn12000-puffs-einweg-e-zigarette-liefert-12000-zuege-mit-erfrischendem-reinem-minzaroma-fuer-ein-kuehlendes-vape-erlebnis\/#primaryimage\",\"url\":\"https:\/\/www.elementvape.de\/wp-content\/uploads\/2024\/09\/COOL-MINT-1-scaled.jpg\",\"contentUrl\":\"https:\/\/www.elementvape.de\/wp-content\/uploads\/2024\/09\/COOL-MINT-1-scaled.jpg\",\"width\":2560,\"height\":1898,\"caption\":\"COOL MINT\"},{\"@type\":\"BreadcrumbList\",\"@id\":\"https:\/\/www.elementvape.de\/sk\/produkt\/die-cool-mint-bang-tn12000-puffs-einweg-e-zigarette-liefert-12000-zuege-mit-erfrischendem-reinem-minzaroma-fuer-ein-kuehlendes-vape-erlebnis\/#breadcrumb\",\"itemListElement\":[{\"@type\":\"ListItem\",\"position\":1,\"name\":\"Home\",\"item\":\"https:\/\/www.elementvape.de\/\"},{\"@type\":\"ListItem\",\"position\":2,\"name\":\"Shop\",\"item\":\"https:\/\/www.elementvape.de\/shop\/\"},{\"@type\":\"ListItem\",\"position\":3,\"name\":\"Die COOL MINT BANG TN12000 PUFFS Einweg-E-Zigarette liefert 12000 Z\u00fcge mit erfrischendem reinem Minzaroma f\u00fcr ein k\u00fchlendes Vape Erlebnis\"}]},{\"@type\":\"WebSite\",\"@id\":\"https:\/\/www.elementvape.de\/#website\",\"url\":\"https:\/\/www.elementvape.de\/\",\"name\":\"ElementVape.de\",\"description\":\"\",\"publisher\":{\"@id\":\"https:\/\/www.elementvape.de\/#organization\"},\"potentialAction\":[{\"@type\":\"SearchAction\",\"target\":{\"@type\":\"EntryPoint\",\"urlTemplate\":\"https:\/\/www.elementvape.de\/?s={search_term_string}\"},\"query-input\":\"required name=search_term_string\"}],\"inLanguage\":\"ro-RO\"},{\"@type\":\"Organization\",\"@id\":\"https:\/\/www.elementvape.de\/#organization\",\"name\":\"ElementVape.DE\",\"url\":\"https:\/\/www.elementvape.de\/\",\"logo\":{\"@type\":\"ImageObject\",\"inLanguage\":\"ro-RO\",\"@id\":\"https:\/\/www.elementvape.de\/#\/schema\/logo\/image\/\",\"url\":\"https:\/\/www.elementvape.de\/wp-content\/uploads\/2024\/09\/cropped-1elementvape-3.png\",\"contentUrl\":\"https:\/\/www.elementvape.de\/wp-content\/uploads\/2024\/09\/cropped-1elementvape-3.png\",\"width\":285,\"height\":228,\"caption\":\"ElementVape.DE\"},\"image\":{\"@id\":\"https:\/\/www.elementvape.de\/#\/schema\/logo\/image\/\"}}]}<\/script>\n<!-- \/ Yoast SEO plugin. -->","yoast_head_json":{"title":"Die COOL MINT BANG TN12000 PUFFS Einweg-E-Zigarette liefert 12000 Z\u00fcge mit erfrischendem reinem Minzaroma f\u00fcr ein k\u00fchlendes Vape Erlebnis | ElementVape.de","description":"Wir bieten Die COOL MINT BANG TN12000 PUFFS Einweg-E-Zigarette liefert 12000 Z\u00fcge mit erfrischendem reinem Minzaroma f\u00fcr ein k\u00fchlendes Vape Erlebnis , Elementvape.de akzeptieren Gro\u00df-und Einzelhandel Bestellungen.","robots":{"index":"index","follow":"follow","max-snippet":"max-snippet:-1","max-image-preview":"max-image-preview:large","max-video-preview":"max-video-preview:-1"},"canonical":"https:\/\/www.elementvape.de\/ro\/produkt\/die-cool-mint-bang-tn12000-puffs-einweg-e-zigarette-liefert-12000-zuege-mit-erfrischendem-reinem-minzaroma-fuer-ein-kuehlendes-vape-erlebnis\/","og_locale":"ro_RO","og_type":"article","og_title":"Die COOL MINT BANG TN12000 PUFFS Einweg-E-Zigarette liefert 12000 Z\u00fcge mit erfrischendem reinem Minzaroma f\u00fcr ein k\u00fchlendes Vape Erlebnis | ElementVape.de","og_description":"Wir bieten Die COOL MINT BANG TN12000 PUFFS Einweg-E-Zigarette liefert 12000 Z\u00fcge mit erfrischendem reinem Minzaroma f\u00fcr ein k\u00fchlendes Vape Erlebnis , Elementvape.de akzeptieren Gro\u00df-und Einzelhandel Bestellungen.","og_url":"https:\/\/www.elementvape.de\/ro\/produkt\/die-cool-mint-bang-tn12000-puffs-einweg-e-zigarette-liefert-12000-zuege-mit-erfrischendem-reinem-minzaroma-fuer-ein-kuehlendes-vape-erlebnis\/","og_site_name":"ElementVape.de","article_modified_time":"2024-10-10T01:43:22+00:00","og_image":[{"width":2560,"height":1898,"url":"https:\/\/www.elementvape.de\/wp-content\/uploads\/2024\/09\/COOL-MINT-1-scaled.jpg","type":"image\/jpeg"}],"twitter_card":"summary_large_image","twitter_misc":{"Est. reading time":"5 minute"},"schema":{"@context":"https:\/\/schema.org","@graph":[{"@type":"WebPage","@id":"https:\/\/www.elementvape.de\/sk\/produkt\/die-cool-mint-bang-tn12000-puffs-einweg-e-zigarette-liefert-12000-zuege-mit-erfrischendem-reinem-minzaroma-fuer-ein-kuehlendes-vape-erlebnis\/","url":"https:\/\/www.elementvape.de\/sk\/produkt\/die-cool-mint-bang-tn12000-puffs-einweg-e-zigarette-liefert-12000-zuege-mit-erfrischendem-reinem-minzaroma-fuer-ein-kuehlendes-vape-erlebnis\/","name":"Die COOL MINT BANG TN12000 PUFFS Einweg-E-Zigarette liefert 12000 Z\u00fcge mit erfrischendem reinem Minzaroma f\u00fcr ein k\u00fchlendes Vape Erlebnis | ElementVape.de","isPartOf":{"@id":"https:\/\/www.elementvape.de\/#website"},"primaryImageOfPage":{"@id":"https:\/\/www.elementvape.de\/sk\/produkt\/die-cool-mint-bang-tn12000-puffs-einweg-e-zigarette-liefert-12000-zuege-mit-erfrischendem-reinem-minzaroma-fuer-ein-kuehlendes-vape-erlebnis\/#primaryimage"},"image":{"@id":"https:\/\/www.elementvape.de\/sk\/produkt\/die-cool-mint-bang-tn12000-puffs-einweg-e-zigarette-liefert-12000-zuege-mit-erfrischendem-reinem-minzaroma-fuer-ein-kuehlendes-vape-erlebnis\/#primaryimage"},"thumbnailUrl":"https:\/\/www.elementvape.de\/wp-content\/uploads\/2024\/09\/COOL-MINT-1-scaled.jpg","datePublished":"2024-09-24T03:23:09+00:00","dateModified":"2024-10-10T01:43:22+00:00","description":"Wir bieten Die COOL MINT BANG TN12000 PUFFS Einweg-E-Zigarette liefert 12000 Z\u00fcge mit erfrischendem reinem Minzaroma f\u00fcr ein k\u00fchlendes Vape Erlebnis , Elementvape.de akzeptieren Gro\u00df-und Einzelhandel Bestellungen.","breadcrumb":{"@id":"https:\/\/www.elementvape.de\/sk\/produkt\/die-cool-mint-bang-tn12000-puffs-einweg-e-zigarette-liefert-12000-zuege-mit-erfrischendem-reinem-minzaroma-fuer-ein-kuehlendes-vape-erlebnis\/#breadcrumb"},"inLanguage":"ro-RO","potentialAction":[{"@type":"ReadAction","target":["https:\/\/www.elementvape.de\/sk\/produkt\/die-cool-mint-bang-tn12000-puffs-einweg-e-zigarette-liefert-12000-zuege-mit-erfrischendem-reinem-minzaroma-fuer-ein-kuehlendes-vape-erlebnis\/"]}]},{"@type":"ImageObject","inLanguage":"ro-RO","@id":"https:\/\/www.elementvape.de\/sk\/produkt\/die-cool-mint-bang-tn12000-puffs-einweg-e-zigarette-liefert-12000-zuege-mit-erfrischendem-reinem-minzaroma-fuer-ein-kuehlendes-vape-erlebnis\/#primaryimage","url":"https:\/\/www.elementvape.de\/wp-content\/uploads\/2024\/09\/COOL-MINT-1-scaled.jpg","contentUrl":"https:\/\/www.elementvape.de\/wp-content\/uploads\/2024\/09\/COOL-MINT-1-scaled.jpg","width":2560,"height":1898,"caption":"COOL MINT"},{"@type":"BreadcrumbList","@id":"https:\/\/www.elementvape.de\/sk\/produkt\/die-cool-mint-bang-tn12000-puffs-einweg-e-zigarette-liefert-12000-zuege-mit-erfrischendem-reinem-minzaroma-fuer-ein-kuehlendes-vape-erlebnis\/#breadcrumb","itemListElement":[{"@type":"ListItem","position":1,"name":"Home","item":"https:\/\/www.elementvape.de\/"},{"@type":"ListItem","position":2,"name":"Shop","item":"https:\/\/www.elementvape.de\/shop\/"},{"@type":"ListItem","position":3,"name":"Die COOL MINT BANG TN12000 PUFFS Einweg-E-Zigarette liefert 12000 Z\u00fcge mit erfrischendem reinem Minzaroma f\u00fcr ein k\u00fchlendes Vape Erlebnis"}]},{"@type":"WebSite","@id":"https:\/\/www.elementvape.de\/#website","url":"https:\/\/www.elementvape.de\/","name":"ElementVape.de","description":"","publisher":{"@id":"https:\/\/www.elementvape.de\/#organization"},"potentialAction":[{"@type":"SearchAction","target":{"@type":"EntryPoint","urlTemplate":"https:\/\/www.elementvape.de\/?s={search_term_string}"},"query-input":"required name=search_term_string"}],"inLanguage":"ro-RO"},{"@type":"Organization","@id":"https:\/\/www.elementvape.de\/#organization","name":"ElementVape.DE","url":"https:\/\/www.elementvape.de\/","logo":{"@type":"ImageObject","inLanguage":"ro-RO","@id":"https:\/\/www.elementvape.de\/#\/schema\/logo\/image\/","url":"https:\/\/www.elementvape.de\/wp-content\/uploads\/2024\/09\/cropped-1elementvape-3.png","contentUrl":"https:\/\/www.elementvape.de\/wp-content\/uploads\/2024\/09\/cropped-1elementvape-3.png","width":285,"height":228,"caption":"ElementVape.DE"},"image":{"@id":"https:\/\/www.elementvape.de\/#\/schema\/logo\/image\/"}}]}},"_links":{"self":[{"href":"https:\/\/www.elementvape.de\/ro\/wp-json\/wp\/v2\/product\/14599"}],"collection":[{"href":"https:\/\/www.elementvape.de\/ro\/wp-json\/wp\/v2\/product"}],"about":[{"href":"https:\/\/www.elementvape.de\/ro\/wp-json\/wp\/v2\/types\/product"}],"wp:featuredmedia":[{"embeddable":true,"href":"https:\/\/www.elementvape.de\/ro\/wp-json\/wp\/v2\/media\/14597"}],"wp:attachment":[{"href":"https:\/\/www.elementvape.de\/ro\/wp-json\/wp\/v2\/media?parent=14599"}],"wp:term":[{"taxonomy":"product_cat","embeddable":true,"href":"https:\/\/www.elementvape.de\/ro\/wp-json\/wp\/v2\/product_cat?post=14599"},{"taxonomy":"product_tag","embeddable":true,"href":"https:\/\/www.elementvape.de\/ro\/wp-json\/wp\/v2\/product_tag?post=14599"}],"curies":[{"name":"wp","href":"https:\/\/api.w.org\/{rel}","templated":true}]}}