{"id":14490,"date":"2024-09-21T09:39:50","date_gmt":"2024-09-21T09:39:50","guid":{"rendered":"https:\/\/www.elementvape.de\/?post_type=product&#038;p=14490"},"modified":"2024-10-10T03:17:14","modified_gmt":"2024-10-10T03:17:14","slug":"mit-der-tropical-fruit-bang-king-delphitreh-25000-puffs-erhalten-sie-25000-zuege-voller-fruchtiger-exotik-perfekt-fuer-ein-erfrischendes-dampferlebnis","status":"publish","type":"product","link":"https:\/\/www.elementvape.de\/ro\/produkt\/mit-der-tropical-fruit-bang-king-delphitreh-25000-puffs-erhalten-sie-25000-zuege-voller-fruchtiger-exotik-perfekt-fuer-ein-erfrischendes-dampferlebnis\/","title":{"rendered":"Cu Tropical Fruit Bang King DelphiTreh 25000 Puffs, primi\u021bi 25000 de pufuri pline de exotism fructat, perfect pentru o experien\u021b\u0103 r\u0103coritoare de vaping"},"content":{"rendered":"<h2>Fructe tropicale \u2013 Un amestec exotic<\/h2>\n<p>Tropical Fruit Bang King reune\u0219te o varietate de fructe tropicale pentru o experien\u021b\u0103 gustativ\u0103 inconfundabil\u0103 \u0219i revigorant\u0103. Fiecare fruct aduce propria sa not\u0103, iar \u00eempreun\u0103 creeaz\u0103 un profil armonios, fructat, de care v\u0103 pute\u021bi bucura la fiecare puf.<\/p>\n<h4>1. Ananas exotic: Dulce \u0219i revigorant<\/h4>\n<p>Ananasul confer\u0103 gustului o dulcea\u021b\u0103 proasp\u0103t\u0103 \u0219i efervescent\u0103. Aduce o not\u0103 de exotism tropical \u00een fiecare puf \u0219i creeaz\u0103 senza\u021bia c\u0103 mu\u0219ca\u021bi dintr-un ananas proasp\u0103t \u00een paradis.<\/p>\n<h4>2. Mango copt: Suculent \u0219i corpolent<\/h4>\n<p>Mango adaug\u0103 experien\u021bei gustative o not\u0103 bogat\u0103 \u0219i suculent\u0103. Dulcea\u021ba sa exotic\u0103 se armonizeaz\u0103 perfect cu celelalte fructe \u0219i asigur\u0103 o arom\u0103 echilibrat\u0103 \u0219i rotund\u0103.<\/p>\n<h4>3. Papaya proasp\u0103t\u0103: U\u0219oar\u0103 \u0219i dulceag\u0103<\/h4>\n<p>Papaya aduce o dulcea\u021b\u0103 u\u0219oar\u0103 \u00een mix, care rotunje\u0219te minunat aroma general\u0103. Ea confer\u0103 <strong><a href=\"https:\/\/www.elementvape.de\/ro\/\" target=\"_blank\" rel=\"noopener\">aburul<\/a><\/strong> o textur\u0103 catifelat\u0103, care este deosebit de fin\u0103 la final \u0219i intensific\u0103 flerul exotic.<\/p>\n<h4>4. Nuc\u0103 de cocos revigorant\u0103: Crem\u0103 \u0219i bl\u00e2nd\u0103<\/h4>\n<p>Nota discret\u0103 de nuc\u0103 de cocos ofer\u0103 o bl\u00e2nde\u021be pl\u0103cut\u0103, care completeaz\u0103 gustul tropical. Aduce o not\u0103 cremoas\u0103 \u00een profilul fructat \u0219i asigur\u0103 astfel o experien\u021b\u0103 unic\u0103 de vapat, care este at\u00e2t revigorant\u0103, c\u00e2t \u0219i relaxant\u0103.<\/p>\n<h3>Particularit\u0103\u021bi tehnice ale Tropical Fruit Bang King DelphiTreh 25000 Puffs<\/h3>\n<p>Pe l\u00e2ng\u0103 gustul inconfundabil, Tropical Fruit Bang King convinge prin dotarea sa tehnic\u0103 excelent\u0103. Este ideal pentru vaperii care caut\u0103 un dispozitiv simplu \u0219i, \u00een acela\u0219i timp, durabil.<\/p>\n<h4>1. 25.000 de pufuri \u2013 Performan\u021b\u0103 de lung\u0103 durat\u0103<\/h4>\n<p>Cu <strong><a href=\"https:\/\/www.elementvape.de\/ro\/p-tag\/vaep-25000-zuege\/\" target=\"_blank\" rel=\"noopener\">25.000 de pufuri<\/a><\/strong> Tropical Fruit Bang King se num\u0103r\u0103 printre cele mai durabile \u021big\u0103ri electronice de pe pia\u021b\u0103. Pute\u021bi utiliza dispozitivul pe o perioad\u0103 mai lung\u0103 de timp, f\u0103r\u0103 ca acesta s\u0103 piard\u0103 din performan\u021b\u0103 sau gust. Acest lucru \u00eel face deosebit de practic pentru utilizarea zilnic\u0103 \u0219i c\u0103l\u0103toriile mai lungi, deoarece nu trebuie s\u0103 v\u0103 face\u021bi griji \u00een mod constant cu privire la reumplere sau schimbarea dispozitivului.<\/p>\n<h4>2. 46 ml E-Liquid cu sistem Dual-Pod<\/h4>\n<p>Tehnologia Dual-Pod a Tropical Fruit Bang King ofer\u0103 \u00een total 46 ml de E-Liquid, ceea ce permite o durat\u0103 lung\u0103 de utilizare \u0219i asigur\u0103 c\u0103 gustul tropical este \u00eenc\u0103 proasp\u0103t \u0219i intens chiar \u0219i dup\u0103 multe pufuri. Dual-Pod-urile asigur\u0103, de asemenea, o distribu\u021bie uniform\u0103 a E-Liquid-ului \u0219i, prin urmare, o intensitate constant\u0103 a aromei pe toat\u0103 durata de via\u021b\u0103 a dispozitivului.<\/p>\n<h4>3. 1.0 Ohm Mesh-Coil pentru gust intens<\/h4>\n<p>1.0 Ohm Mesh-Coil este un alt punct culminant al acestui dispozitiv. Mesh-Coil-urile sunt cunoscute pentru \u00eenc\u0103lzirea lor uniform\u0103, ceea ce duce la o produc\u021bie \u00eembun\u0103t\u0103\u021bit\u0103 de vapori \u0219i un gust mai intens. Fiecare puf dezv\u0103luie aromele fructelor tropicale \u00een toat\u0103 intensitatea lor.<\/p>\n<h4>Baterie de 650mAh cu port de \u00eenc\u0103rcare Type-C<\/h4>\n<p>Bateria re\u00eenc\u0103rcabil\u0103 de 650mAh ofer\u0103 o capacitate suficient\u0103 pentru a alimenta dispozitivul pe \u00eentreaga sa durat\u0103 de via\u021b\u0103. Portul de \u00eenc\u0103rcare Type-C asigur\u0103 o \u00eenc\u0103rcare rapid\u0103 \u0219i eficient\u0103, astfel \u00eenc\u00e2t s\u0103 nu trebuiasc\u0103 s\u0103 a\u0219tepta\u021bi mult pentru urm\u0103torul experien\u021b\u0103 de vaping \u00een mi\u0219care.<\/p>\n<h3>U\u0219or de utilizat \u0219i design<\/h3>\n<p>Tropical Fruit Bang King impresioneaz\u0103 nu doar prin dot\u0103rile tehnice \u0219i gustul excelent, ci \u0219i prin u\u0219urin\u021ba \u00een utilizare \u0219i designul practic.<\/p>\n<h4>1. Operare simpl\u0103<\/h4>\n<p>Dispozitivul este gata de utilizare imediat \u2013 f\u0103r\u0103 set\u0103ri complicate sau \u00eentre\u021binere. Trebuie doar s\u0103 \u00eel scoate\u021bi din ambalaj, s\u0103 savura\u021bi primul inhalare \u0219i s\u0103 \u00eencepe\u021bi imediat experien\u021ba tropical\u0103 de vaping. Aceast\u0103 u\u0219urin\u021b\u0103 \u00een utilizare face ca dispozitivul s\u0103 fie deosebit de prietenos cu utilizatorul \u0219i ideal at\u00e2t pentru \u00eencep\u0103tori, c\u00e2t \u0219i pentru vapori experimenta\u021bi.<\/p>\n<h4>2. Design compact \u0219i u\u0219or<\/h4>\n<p>\u00cen ciuda capacit\u0103\u021bii impresionante de puff-uri, Tropical Fruit Bang King este compact \u0219i u\u0219or, astfel \u00eenc\u00e2t s\u0103 se potriveasc\u0103 f\u0103r\u0103 probleme \u00een orice buzunar \u0219i s\u0103 poat\u0103 fi luat oriunde. Designul sub\u021bire \u00eel face partenerul ideal pentru deplas\u0103ri, fie \u00een c\u0103l\u0103torii, fie \u00een via\u021ba de zi cu zi.<\/p>\n<h3>Avantaje ale Tropical Fruit Bang King DelphiTreh 25000 Puff-uri<\/h3>\n<h4>1. Arom\u0103 intens\u0103 pe o perioad\u0103 lung\u0103<\/h4>\n<p>Unul dintre cele mai mari avantaje ale acestui dispozitiv este capacitatea de a men\u021bine gustul tropical intens pe mii de inhal\u0103ri. Datorit\u0103 combina\u021biei dintre mesh-coil \u0219i sistemul dual de poduri, gustul r\u0103m\u00e2ne constant proasp\u0103t \u0219i intens \u2013 de la prima p\u00e2n\u0103 la ultima inhalare.<\/p>\n<h4>2. Durabilitate \u0219i capacitate mare<\/h4>\n<p>Cu o capacitate de 25.000 puff-uri \u0219i un rezervor de 46ml pentru e-lichid, Tropical Fruit Bang King este perfect pentru vapori care apreciaz\u0103 durabilitatea \u0219i performan\u021ba \u00eenalt\u0103. Economisi\u021bi nu doar bani, deoarece pute\u021bi folosi dispozitivul pe o perioad\u0103 lung\u0103, ci \u0219i timp, evit\u00e2nd re\u00eenc\u0103rc\u0103rile frecvente.<\/p>\n<h4>3. \u00cenc\u0103rcare rapid\u0103 \u0219i simpl\u0103<\/h4>\n<p>Portul de \u00eenc\u0103rcare Type-C permite re\u00eenc\u0103rcarea rapid\u0103 \u0219i eficient\u0103 a dispozitivului, fiind deosebit de practic atunci c\u00e2nd sunte\u021bi \u00een mi\u0219care. Timpul de \u00eenc\u0103rcare este scurt, astfel \u00eenc\u00e2t s\u0103 pute\u021bi reveni rapid la vaping.<\/p>\n<h4>3. Livrare f\u0103r\u0103 taxe vamale \u0219i livrare direct\u0103 \u00een \u021b\u0103rile UE<\/h4>\n<p>Un alt avantaj major al acestui produs este livrarea f\u0103r\u0103 taxe vamale \u00een \u021b\u0103rile UE. Aceasta \u00eenseamn\u0103 c\u0103 pute\u021bi comanda Tropical Fruit Bang King online cu u\u0219urin\u021b\u0103 \u0219i nu trebuie s\u0103 v\u0103 face\u021bi griji cu privire la taxe vamale suplimentare sau probleme de livrare. Dispozitivul este livrat direct la dumneavoastr\u0103 acas\u0103 \u2013 rapid, simplu \u0219i f\u0103r\u0103 costuri ascunse.<\/p>\n<h3>Sfaturi pentru vapare pentru o experien\u021b\u0103 optim\u0103<\/h3>\n<p>Pentru a ob\u021bine cele mai bune rezultate din Tropical Fruit Bang King, iat\u0103 c\u00e2teva sfaturi pentru a face experien\u021ba de vaping \u0219i mai pl\u0103cut\u0103:<\/p>\n<h4>1. Depozita\u021bi corect dispozitivul<\/h4>\n<p>P\u0103stra\u021bi \u021bigara electronic\u0103 \u00eentr-un loc r\u0103coros \u0219i uscat pentru a men\u021bine prospe\u021bimea e-lichidului. Expunerea direct\u0103 la soare sau la temperaturi extreme poate afecta gustul \u0219i trebuie evitat\u0103.<\/p>\n<h4>2. \u00cenc\u0103rcare regulat\u0103<\/h4>\n<p>Chiar dac\u0103 bateria are o durat\u0103 lung\u0103 de via\u021b\u0103, este recomandat s\u0103 \u00eenc\u0103rca\u021bi dispozitivul regulat. Astfel, v\u0103 asigura\u021bi c\u0103 este \u00eentotdeauna gata de utilizare, mai ales c\u00e2nd sunte\u021bi \u00een mi\u0219care.<\/p>\n<h4>3. Vaping moderat<\/h4>\n<p>Bucura\u021bi-v\u0103 de vaping \u00een mod moderat pentru a men\u021bine dispozitivul \u00een cea mai bun\u0103 stare c\u00e2t mai mult timp. Vaping excesiv poate duce la sc\u0103derea gustului sau la desc\u0103rcarea rapid\u0103 a dispozitivului.<\/p>\n<h3>Delicii tropicale de vaping cu Tropical Fruit Bang King DelphiTreh 25000 Puff-uri<\/h3>\n<p>Tropical Fruit Bang King DelphiTreh 25000 Puffs ofer\u0103 o experien\u021b\u0103 de vaping inegalabil\u0103, cu un profil de arom\u0103 fructat\u0103 \u0219i exotic\u0103, care \u00eenc\u00e2nt\u0103 la fiecare inhalare. Datorit\u0103 tehnologiei avansate, celor 25.000 de pufuri \u0219i capacit\u0103\u021bii mari de lichid, acest dispozitiv este ideal pentru to\u021bi cei care caut\u0103 o vaping intens\u0103, de durat\u0103 \u0219i f\u0103r\u0103 complica\u021bii.<\/p>\n<p>Amestecul de ananas, mango, papaya \u0219i o atingere de nuc\u0103 de cocos asigur\u0103 o experien\u021b\u0103 de gust exotic\u0103, care v\u0103 va r\u0103m\u00e2ne mult timp \u00een amintire. \u00cempreun\u0103 cu u\u0219urin\u021ba \u00een utilizare \u0219i avantajele practice, precum livrarea f\u0103r\u0103 taxe vamale \u00een UE, Tropical Fruit Bang King este alegerea perfect\u0103 pentru vapori care iubesc aromele tropicale \u0219i apreciaz\u0103 calitatea \u00eenalt\u0103 \u0219i durabilitatea.<\/p>","protected":false},"excerpt":{"rendered":"<p>Tropische Fr\u00fcchte \u2013 Eine exotische Mischung Die Tropical Fruit Bang King vereint eine Vielzahl tropischer Fr\u00fcchte zu einem unverwechselbaren und erfrischenden Geschmackserlebnis. Jede Frucht bringt ihre eigene Note mit, und gemeinsam erzeugen sie ein harmonisches, fruchtiges Profil, das Sie bei jedem Zug genie\u00dfen k\u00f6nnen. 1. Exotische Ananas: S\u00fc\u00df und erfrischend Die Ananas verleiht dem Geschmack [&hellip;]<\/p>","protected":false},"featured_media":14484,"template":"","meta":{"inline_featured_image":false},"product_cat":[15,767,739,743,744,755,738,751],"product_tag":[710,768],"tiered_pricing_type":"fixed","tiered_pricing_fixed_rules":{"60":"7.26","110":"6.46","200":"5.65"},"tiered_pricing_percentage_rules":[],"tiered_pricing_minimum":1,"_administrator_tiered_pricing_type":"fixed","_administrator_tiered_pricing_fixed_rules":[],"_editor_tiered_pricing_type":"fixed","_editor_tiered_pricing_fixed_rules":[],"_author_tiered_pricing_type":"fixed","_author_tiered_pricing_fixed_rules":[],"_contributor_tiered_pricing_type":"fixed","_contributor_tiered_pricing_fixed_rules":[],"_subscriber_tiered_pricing_type":"fixed","_subscriber_tiered_pricing_fixed_rules":[],"_customer_tiered_pricing_type":"fixed","_customer_tiered_pricing_fixed_rules":[],"_shop_manager_tiered_pricing_type":"fixed","_shop_manager_tiered_pricing_fixed_rules":[],"_wpseo_manager_tiered_pricing_type":"fixed","_wpseo_manager_tiered_pricing_fixed_rules":[],"_wpseo_editor_tiered_pricing_type":"fixed","_wpseo_editor_tiered_pricing_fixed_rules":[],"_wholesale_customer_tiered_pricing_type":"fixed","_wholesale_customer_tiered_pricing_fixed_rules":[],"_marketer_tiered_pricing_type":"fixed","_marketer_tiered_pricing_fixed_rules":[],"_sales_manager_tiered_pricing_type":"fixed","_sales_manager_tiered_pricing_fixed_rules":[],"_sales_rep_tiered_pricing_type":"fixed","_sales_rep_tiered_pricing_fixed_rules":[],"yoast_head":"<!-- This site is optimized with the Yoast SEO plugin v23.3 - https:\/\/yoast.com\/wordpress\/plugins\/seo\/ -->\n<title>Mit der Tropical Fruit Bang King DelphiTreh 25000 Puffs erhalten Sie 25000 Z\u00fcge voller fruchtiger Exotik perfekt f\u00fcr ein erfrischendes Dampferlebnis | ElementVape.de<\/title>\n<meta name=\"description\" content=\"Wir bieten Mit der Tropical Fruit Bang King DelphiTreh 25000 Puffs erhalten Sie 25000 Z\u00fcge voller fruchtiger Exotik perfekt f\u00fcr ein erfrischendes Dampferlebnis , Elementvape.de akzeptieren Gro\u00df-und Einzelhandel Bestellungen.\" \/>\n<meta name=\"robots\" content=\"index, follow, max-snippet:-1, max-image-preview:large, max-video-preview:-1\" \/>\n<link rel=\"canonical\" href=\"https:\/\/www.elementvape.de\/ro\/produkt\/mit-der-tropical-fruit-bang-king-delphitreh-25000-puffs-erhalten-sie-25000-zuege-voller-fruchtiger-exotik-perfekt-fuer-ein-erfrischendes-dampferlebnis\/\" \/>\n<meta property=\"og:locale\" content=\"ro_RO\" \/>\n<meta property=\"og:type\" content=\"article\" \/>\n<meta property=\"og:title\" content=\"Mit der Tropical Fruit Bang King DelphiTreh 25000 Puffs erhalten Sie 25000 Z\u00fcge voller fruchtiger Exotik perfekt f\u00fcr ein erfrischendes Dampferlebnis | ElementVape.de\" \/>\n<meta property=\"og:description\" content=\"Wir bieten Mit der Tropical Fruit Bang King DelphiTreh 25000 Puffs erhalten Sie 25000 Z\u00fcge voller fruchtiger Exotik perfekt f\u00fcr ein erfrischendes Dampferlebnis , Elementvape.de akzeptieren Gro\u00df-und Einzelhandel Bestellungen.\" \/>\n<meta property=\"og:url\" content=\"https:\/\/www.elementvape.de\/ro\/produkt\/mit-der-tropical-fruit-bang-king-delphitreh-25000-puffs-erhalten-sie-25000-zuege-voller-fruchtiger-exotik-perfekt-fuer-ein-erfrischendes-dampferlebnis\/\" \/>\n<meta property=\"og:site_name\" content=\"ElementVape.de\" \/>\n<meta property=\"article:modified_time\" content=\"2024-10-10T03:17:14+00:00\" \/>\n<meta property=\"og:image\" content=\"https:\/\/www.elementvape.de\/wp-content\/uploads\/2024\/09\/Tropical-Fruit-2-scaled.jpg\" \/>\n\t<meta property=\"og:image:width\" content=\"2560\" \/>\n\t<meta property=\"og:image:height\" content=\"1742\" \/>\n\t<meta property=\"og:image:type\" content=\"image\/jpeg\" \/>\n<meta name=\"twitter:card\" content=\"summary_large_image\" \/>\n<meta name=\"twitter:label1\" content=\"Est. reading time\" \/>\n\t<meta name=\"twitter:data1\" content=\"6 minute\" \/>\n<script type=\"application\/ld+json\" class=\"yoast-schema-graph\">{\"@context\":\"https:\/\/schema.org\",\"@graph\":[{\"@type\":\"WebPage\",\"@id\":\"https:\/\/www.elementvape.de\/ro\/produkt\/mit-der-tropical-fruit-bang-king-delphitreh-25000-puffs-erhalten-sie-25000-zuege-voller-fruchtiger-exotik-perfekt-fuer-ein-erfrischendes-dampferlebnis\/\",\"url\":\"https:\/\/www.elementvape.de\/ro\/produkt\/mit-der-tropical-fruit-bang-king-delphitreh-25000-puffs-erhalten-sie-25000-zuege-voller-fruchtiger-exotik-perfekt-fuer-ein-erfrischendes-dampferlebnis\/\",\"name\":\"Mit der Tropical Fruit Bang King DelphiTreh 25000 Puffs erhalten Sie 25000 Z\u00fcge voller fruchtiger Exotik perfekt f\u00fcr ein erfrischendes Dampferlebnis | ElementVape.de\",\"isPartOf\":{\"@id\":\"https:\/\/www.elementvape.de\/#website\"},\"primaryImageOfPage\":{\"@id\":\"https:\/\/www.elementvape.de\/ro\/produkt\/mit-der-tropical-fruit-bang-king-delphitreh-25000-puffs-erhalten-sie-25000-zuege-voller-fruchtiger-exotik-perfekt-fuer-ein-erfrischendes-dampferlebnis\/#primaryimage\"},\"image\":{\"@id\":\"https:\/\/www.elementvape.de\/ro\/produkt\/mit-der-tropical-fruit-bang-king-delphitreh-25000-puffs-erhalten-sie-25000-zuege-voller-fruchtiger-exotik-perfekt-fuer-ein-erfrischendes-dampferlebnis\/#primaryimage\"},\"thumbnailUrl\":\"https:\/\/www.elementvape.de\/wp-content\/uploads\/2024\/09\/Tropical-Fruit-2-scaled.jpg\",\"datePublished\":\"2024-09-21T09:39:50+00:00\",\"dateModified\":\"2024-10-10T03:17:14+00:00\",\"description\":\"Wir bieten Mit der Tropical Fruit Bang King DelphiTreh 25000 Puffs erhalten Sie 25000 Z\u00fcge voller fruchtiger Exotik perfekt f\u00fcr ein erfrischendes Dampferlebnis , Elementvape.de akzeptieren Gro\u00df-und Einzelhandel Bestellungen.\",\"breadcrumb\":{\"@id\":\"https:\/\/www.elementvape.de\/ro\/produkt\/mit-der-tropical-fruit-bang-king-delphitreh-25000-puffs-erhalten-sie-25000-zuege-voller-fruchtiger-exotik-perfekt-fuer-ein-erfrischendes-dampferlebnis\/#breadcrumb\"},\"inLanguage\":\"ro-RO\",\"potentialAction\":[{\"@type\":\"ReadAction\",\"target\":[\"https:\/\/www.elementvape.de\/ro\/produkt\/mit-der-tropical-fruit-bang-king-delphitreh-25000-puffs-erhalten-sie-25000-zuege-voller-fruchtiger-exotik-perfekt-fuer-ein-erfrischendes-dampferlebnis\/\"]}]},{\"@type\":\"ImageObject\",\"inLanguage\":\"ro-RO\",\"@id\":\"https:\/\/www.elementvape.de\/ro\/produkt\/mit-der-tropical-fruit-bang-king-delphitreh-25000-puffs-erhalten-sie-25000-zuege-voller-fruchtiger-exotik-perfekt-fuer-ein-erfrischendes-dampferlebnis\/#primaryimage\",\"url\":\"https:\/\/www.elementvape.de\/wp-content\/uploads\/2024\/09\/Tropical-Fruit-2-scaled.jpg\",\"contentUrl\":\"https:\/\/www.elementvape.de\/wp-content\/uploads\/2024\/09\/Tropical-Fruit-2-scaled.jpg\",\"width\":2560,\"height\":1742,\"caption\":\"Tropical Fruit\"},{\"@type\":\"BreadcrumbList\",\"@id\":\"https:\/\/www.elementvape.de\/ro\/produkt\/mit-der-tropical-fruit-bang-king-delphitreh-25000-puffs-erhalten-sie-25000-zuege-voller-fruchtiger-exotik-perfekt-fuer-ein-erfrischendes-dampferlebnis\/#breadcrumb\",\"itemListElement\":[{\"@type\":\"ListItem\",\"position\":1,\"name\":\"Home\",\"item\":\"https:\/\/www.elementvape.de\/\"},{\"@type\":\"ListItem\",\"position\":2,\"name\":\"Shop\",\"item\":\"https:\/\/www.elementvape.de\/shop\/\"},{\"@type\":\"ListItem\",\"position\":3,\"name\":\"Mit der Tropical Fruit Bang King DelphiTreh 25000 Puffs erhalten Sie 25000 Z\u00fcge voller fruchtiger Exotik perfekt f\u00fcr ein erfrischendes Dampferlebnis\"}]},{\"@type\":\"WebSite\",\"@id\":\"https:\/\/www.elementvape.de\/#website\",\"url\":\"https:\/\/www.elementvape.de\/\",\"name\":\"ElementVape.de\",\"description\":\"\",\"publisher\":{\"@id\":\"https:\/\/www.elementvape.de\/#organization\"},\"potentialAction\":[{\"@type\":\"SearchAction\",\"target\":{\"@type\":\"EntryPoint\",\"urlTemplate\":\"https:\/\/www.elementvape.de\/?s={search_term_string}\"},\"query-input\":\"required name=search_term_string\"}],\"inLanguage\":\"ro-RO\"},{\"@type\":\"Organization\",\"@id\":\"https:\/\/www.elementvape.de\/#organization\",\"name\":\"ElementVape.DE\",\"url\":\"https:\/\/www.elementvape.de\/\",\"logo\":{\"@type\":\"ImageObject\",\"inLanguage\":\"ro-RO\",\"@id\":\"https:\/\/www.elementvape.de\/#\/schema\/logo\/image\/\",\"url\":\"https:\/\/www.elementvape.de\/wp-content\/uploads\/2024\/09\/cropped-1elementvape-3.png\",\"contentUrl\":\"https:\/\/www.elementvape.de\/wp-content\/uploads\/2024\/09\/cropped-1elementvape-3.png\",\"width\":285,\"height\":228,\"caption\":\"ElementVape.DE\"},\"image\":{\"@id\":\"https:\/\/www.elementvape.de\/#\/schema\/logo\/image\/\"}}]}<\/script>\n<!-- \/ Yoast SEO plugin. -->","yoast_head_json":{"title":"Mit der Tropical Fruit Bang King DelphiTreh 25000 Puffs erhalten Sie 25000 Z\u00fcge voller fruchtiger Exotik perfekt f\u00fcr ein erfrischendes Dampferlebnis | ElementVape.de","description":"Wir bieten Mit der Tropical Fruit Bang King DelphiTreh 25000 Puffs erhalten Sie 25000 Z\u00fcge voller fruchtiger Exotik perfekt f\u00fcr ein erfrischendes Dampferlebnis , Elementvape.de akzeptieren Gro\u00df-und Einzelhandel Bestellungen.","robots":{"index":"index","follow":"follow","max-snippet":"max-snippet:-1","max-image-preview":"max-image-preview:large","max-video-preview":"max-video-preview:-1"},"canonical":"https:\/\/www.elementvape.de\/ro\/produkt\/mit-der-tropical-fruit-bang-king-delphitreh-25000-puffs-erhalten-sie-25000-zuege-voller-fruchtiger-exotik-perfekt-fuer-ein-erfrischendes-dampferlebnis\/","og_locale":"ro_RO","og_type":"article","og_title":"Mit der Tropical Fruit Bang King DelphiTreh 25000 Puffs erhalten Sie 25000 Z\u00fcge voller fruchtiger Exotik perfekt f\u00fcr ein erfrischendes Dampferlebnis | ElementVape.de","og_description":"Wir bieten Mit der Tropical Fruit Bang King DelphiTreh 25000 Puffs erhalten Sie 25000 Z\u00fcge voller fruchtiger Exotik perfekt f\u00fcr ein erfrischendes Dampferlebnis , Elementvape.de akzeptieren Gro\u00df-und Einzelhandel Bestellungen.","og_url":"https:\/\/www.elementvape.de\/ro\/produkt\/mit-der-tropical-fruit-bang-king-delphitreh-25000-puffs-erhalten-sie-25000-zuege-voller-fruchtiger-exotik-perfekt-fuer-ein-erfrischendes-dampferlebnis\/","og_site_name":"ElementVape.de","article_modified_time":"2024-10-10T03:17:14+00:00","og_image":[{"width":2560,"height":1742,"url":"https:\/\/www.elementvape.de\/wp-content\/uploads\/2024\/09\/Tropical-Fruit-2-scaled.jpg","type":"image\/jpeg"}],"twitter_card":"summary_large_image","twitter_misc":{"Est. reading time":"6 minute"},"schema":{"@context":"https:\/\/schema.org","@graph":[{"@type":"WebPage","@id":"https:\/\/www.elementvape.de\/ro\/produkt\/mit-der-tropical-fruit-bang-king-delphitreh-25000-puffs-erhalten-sie-25000-zuege-voller-fruchtiger-exotik-perfekt-fuer-ein-erfrischendes-dampferlebnis\/","url":"https:\/\/www.elementvape.de\/ro\/produkt\/mit-der-tropical-fruit-bang-king-delphitreh-25000-puffs-erhalten-sie-25000-zuege-voller-fruchtiger-exotik-perfekt-fuer-ein-erfrischendes-dampferlebnis\/","name":"Mit der Tropical Fruit Bang King DelphiTreh 25000 Puffs erhalten Sie 25000 Z\u00fcge voller fruchtiger Exotik perfekt f\u00fcr ein erfrischendes Dampferlebnis | ElementVape.de","isPartOf":{"@id":"https:\/\/www.elementvape.de\/#website"},"primaryImageOfPage":{"@id":"https:\/\/www.elementvape.de\/ro\/produkt\/mit-der-tropical-fruit-bang-king-delphitreh-25000-puffs-erhalten-sie-25000-zuege-voller-fruchtiger-exotik-perfekt-fuer-ein-erfrischendes-dampferlebnis\/#primaryimage"},"image":{"@id":"https:\/\/www.elementvape.de\/ro\/produkt\/mit-der-tropical-fruit-bang-king-delphitreh-25000-puffs-erhalten-sie-25000-zuege-voller-fruchtiger-exotik-perfekt-fuer-ein-erfrischendes-dampferlebnis\/#primaryimage"},"thumbnailUrl":"https:\/\/www.elementvape.de\/wp-content\/uploads\/2024\/09\/Tropical-Fruit-2-scaled.jpg","datePublished":"2024-09-21T09:39:50+00:00","dateModified":"2024-10-10T03:17:14+00:00","description":"Wir bieten Mit der Tropical Fruit Bang King DelphiTreh 25000 Puffs erhalten Sie 25000 Z\u00fcge voller fruchtiger Exotik perfekt f\u00fcr ein erfrischendes Dampferlebnis , Elementvape.de akzeptieren Gro\u00df-und Einzelhandel Bestellungen.","breadcrumb":{"@id":"https:\/\/www.elementvape.de\/ro\/produkt\/mit-der-tropical-fruit-bang-king-delphitreh-25000-puffs-erhalten-sie-25000-zuege-voller-fruchtiger-exotik-perfekt-fuer-ein-erfrischendes-dampferlebnis\/#breadcrumb"},"inLanguage":"ro-RO","potentialAction":[{"@type":"ReadAction","target":["https:\/\/www.elementvape.de\/ro\/produkt\/mit-der-tropical-fruit-bang-king-delphitreh-25000-puffs-erhalten-sie-25000-zuege-voller-fruchtiger-exotik-perfekt-fuer-ein-erfrischendes-dampferlebnis\/"]}]},{"@type":"ImageObject","inLanguage":"ro-RO","@id":"https:\/\/www.elementvape.de\/ro\/produkt\/mit-der-tropical-fruit-bang-king-delphitreh-25000-puffs-erhalten-sie-25000-zuege-voller-fruchtiger-exotik-perfekt-fuer-ein-erfrischendes-dampferlebnis\/#primaryimage","url":"https:\/\/www.elementvape.de\/wp-content\/uploads\/2024\/09\/Tropical-Fruit-2-scaled.jpg","contentUrl":"https:\/\/www.elementvape.de\/wp-content\/uploads\/2024\/09\/Tropical-Fruit-2-scaled.jpg","width":2560,"height":1742,"caption":"Tropical Fruit"},{"@type":"BreadcrumbList","@id":"https:\/\/www.elementvape.de\/ro\/produkt\/mit-der-tropical-fruit-bang-king-delphitreh-25000-puffs-erhalten-sie-25000-zuege-voller-fruchtiger-exotik-perfekt-fuer-ein-erfrischendes-dampferlebnis\/#breadcrumb","itemListElement":[{"@type":"ListItem","position":1,"name":"Home","item":"https:\/\/www.elementvape.de\/"},{"@type":"ListItem","position":2,"name":"Shop","item":"https:\/\/www.elementvape.de\/shop\/"},{"@type":"ListItem","position":3,"name":"Mit der Tropical Fruit Bang King DelphiTreh 25000 Puffs erhalten Sie 25000 Z\u00fcge voller fruchtiger Exotik perfekt f\u00fcr ein erfrischendes Dampferlebnis"}]},{"@type":"WebSite","@id":"https:\/\/www.elementvape.de\/#website","url":"https:\/\/www.elementvape.de\/","name":"ElementVape.de","description":"","publisher":{"@id":"https:\/\/www.elementvape.de\/#organization"},"potentialAction":[{"@type":"SearchAction","target":{"@type":"EntryPoint","urlTemplate":"https:\/\/www.elementvape.de\/?s={search_term_string}"},"query-input":"required name=search_term_string"}],"inLanguage":"ro-RO"},{"@type":"Organization","@id":"https:\/\/www.elementvape.de\/#organization","name":"ElementVape.DE","url":"https:\/\/www.elementvape.de\/","logo":{"@type":"ImageObject","inLanguage":"ro-RO","@id":"https:\/\/www.elementvape.de\/#\/schema\/logo\/image\/","url":"https:\/\/www.elementvape.de\/wp-content\/uploads\/2024\/09\/cropped-1elementvape-3.png","contentUrl":"https:\/\/www.elementvape.de\/wp-content\/uploads\/2024\/09\/cropped-1elementvape-3.png","width":285,"height":228,"caption":"ElementVape.DE"},"image":{"@id":"https:\/\/www.elementvape.de\/#\/schema\/logo\/image\/"}}]}},"_links":{"self":[{"href":"https:\/\/www.elementvape.de\/ro\/wp-json\/wp\/v2\/product\/14490"}],"collection":[{"href":"https:\/\/www.elementvape.de\/ro\/wp-json\/wp\/v2\/product"}],"about":[{"href":"https:\/\/www.elementvape.de\/ro\/wp-json\/wp\/v2\/types\/product"}],"wp:featuredmedia":[{"embeddable":true,"href":"https:\/\/www.elementvape.de\/ro\/wp-json\/wp\/v2\/media\/14484"}],"wp:attachment":[{"href":"https:\/\/www.elementvape.de\/ro\/wp-json\/wp\/v2\/media?parent=14490"}],"wp:term":[{"taxonomy":"product_cat","embeddable":true,"href":"https:\/\/www.elementvape.de\/ro\/wp-json\/wp\/v2\/product_cat?post=14490"},{"taxonomy":"product_tag","embeddable":true,"href":"https:\/\/www.elementvape.de\/ro\/wp-json\/wp\/v2\/product_tag?post=14490"}],"curies":[{"name":"wp","href":"https:\/\/api.w.org\/{rel}","templated":true}]}}