{"id":14488,"date":"2024-09-21T09:24:25","date_gmt":"2024-09-21T09:24:25","guid":{"rendered":"https:\/\/www.elementvape.de\/?post_type=product&#038;p=14488"},"modified":"2024-10-10T03:19:04","modified_gmt":"2024-10-10T03:19:04","slug":"geniessen-sie-das-intensive-pfirsicharoma-der-bang-king-delphitreh-25000-puffs-juicy-peach-ice-das-mit-einer-eisigen-frische-fuer-ein-perfektes-dampferlebnis-sorgt","status":"publish","type":"product","link":"https:\/\/www.elementvape.de\/ro\/produkt\/geniessen-sie-das-intensive-pfirsicharoma-der-bang-king-delphitreh-25000-puffs-juicy-peach-ice-das-mit-einer-eisigen-frische-fuer-ein-perfektes-dampferlebnis-sorgt\/","title":{"rendered":"Bucura\u021bi-v\u0103 de aroma intens\u0103 de piersic\u0103 a Bang King DelphiTreh 25000 Puffs Juicy Peach Ice, care ofer\u0103 o r\u0103corire glaciar\u0103 pentru o experien\u021b\u0103 de vaping perfect\u0103"},"content":{"rendered":"<p>Experimenta\u021bi aroma intens\u0103 de piersici a Bang King DelphiTreh 25000 Puffs Juicy Peach Ice, care este combinat\u0103 cu o not\u0103 r\u0103coritoare, \u00eenghe\u021bat\u0103, pentru a crea o experien\u021b\u0103 perfect\u0103 de vaping. Aceast\u0103 \u021bigar\u0103 electronic\u0103 combin\u0103 dulcea\u021ba suculent\u0103 a piersicilor coapte cu o not\u0103 de prospe\u021bime rece, f\u0103c\u00e2nd din fiecare puf o explozie de gust inegalabil\u0103. Cu o capacitate impresionant\u0103 de 25.000 de pufuri \u0219i o rezisten\u021b\u0103 mesh avansat\u0103, Juicy Peach Ice Bang King garanteaz\u0103 un vaping de lung\u0103 durat\u0103 \u0219i intens.<\/p>\n<h3>Profil de gust: Piersic\u0103 suculent\u0103 \u00eent\u00e2lne\u0219te prospe\u021bimea \u00eenghe\u021bat\u0103<\/h3>\n<p>Gustul principal al acestui dispozitiv este piersica dulce, suculent\u0103, care se \u00eembin\u0103 \u00een armonie perfect\u0103 cu o prospe\u021bime \u00eenghe\u021bat\u0103. Rezultatul este o experien\u021b\u0103 de vaping fructat\u0103, r\u0103coritoare, potrivit\u0103 at\u00e2t pentru zilele fierbin\u021bi de var\u0103, c\u00e2t \u0219i pentru cei care prefer\u0103 o r\u0103coare pl\u0103cut\u0103 \u00een timpul vapingului.<\/p>\n<p>Gustul piersicii coapte este suculent \u0219i dulce, una dintre cele mai populare arome de fructe din lumea vapingului. Gustul autentic de piersici din Bang King Juicy Peach Ice ofer\u0103 fiec\u0103rui puf o experien\u021b\u0103 fructat\u0103, aromat\u0103, care v\u0103 revigoreaz\u0103 papilele gustative.<\/p>\n<p>Elementul \u201eIce\u201d din Juicy Peach Ice ofer\u0103 o prospe\u021bime pl\u0103cut\u0103, rece, care completeaz\u0103 perfect gustul dulce de piersici. Aceast\u0103 combina\u021bie este ideal\u0103 pentru to\u021bi cei care caut\u0103 un echilibru \u00eentre dulcea\u021b\u0103 \u0219i prospe\u021bime. Nota \u00eenghe\u021bat\u0103 \u00eempiedic\u0103 gustul s\u0103 devin\u0103 prea dulce \u0219i asigur\u0103 un finisaj rece.<\/p>\n<h3>Repere tehnice ale Bang King DelphiTreh 25000 Puffs Juicy Peach Ice<\/h3>\n<p>Bang King DelphiTreh 25000 Puffs nu ofer\u0103 doar o experien\u021b\u0103 gustativ\u0103 de prim\u0103 clas\u0103, ci convinge \u0219i prin caracteristicile sale tehnice, care fac vapingul simplu \u0219i confortabil.<\/p>\n<p>Cu p\u00e2n\u0103 la 25.000 de pufuri, Juicy Peach Ice este unul dintre cele mai durabile dispozitive de pe pia\u021b\u0103. Aceast\u0103 capacitate asigur\u0103 o experien\u021b\u0103 de vaping continu\u0103, constant\u0103, f\u0103r\u0103 reumpleri sau \u00eenlocuiri frecvente ale dispozitivului. Acesta este un mare avantaj mai ales pentru vaperii obi\u0219nui\u021bi, deoarece pute\u021bi utiliza dispozitivul pe o perioad\u0103 lung\u0103 de timp.<\/p>\n<p>Cartu\u0219ul dublu cu un volum total de 46 ml de e-lichid ofer\u0103 o cantitate impresionant\u0103 de lichid, astfel \u00eenc\u00e2t vapingul nu numai c\u0103 dureaz\u0103 mult, dar r\u0103m\u00e2ne \u0219i constant intens. Tehnologia Dual-Pod asigur\u0103 o distribu\u021bie uniform\u0103 a lichidului \u0219i permite o experien\u021b\u0103 de vaping continu\u0103 de \u00eenalt\u0103 calitate.<\/p>\n<p>Rezisten\u021ba mesh de 1.0 Ohm asigur\u0103 o vaporizare excelent\u0103 a e-lichidului \u0219i garanteaz\u0103 c\u0103 gustul r\u0103m\u00e2ne intens \u0219i aromat. Datorit\u0103 tehnologiei mesh, lichidul este \u00eenc\u0103lzit uniform, ceea ce duce la o produc\u021bie \u00eembun\u0103t\u0103\u021bit\u0103 de vapori \u0219i la o dezvoltare optim\u0103 a aromei.<\/p>\n<p>Bateria de 650 mAh este re\u00eenc\u0103rcabil\u0103 \u0219i asigur\u0103 o durat\u0103 lung\u0103 de func\u021bionare a dispozitivului. Cu un port de \u00eenc\u0103rcare de tip C, dispozitivul poate fi \u00eenc\u0103rcat rapid \u0219i eficient, ceea ce este deosebit de practic atunci c\u00e2nd sunte\u021bi \u00een deplasare sau dori\u021bi s\u0103 continua\u021bi vapingul pentru o perioad\u0103 mai lung\u0103 de timp.<\/p>\n<h3>U\u0219urin\u021b\u0103 \u00een utilizare \u0219i mobilitate<\/h3>\n<p>Bang King Juicy Peach Ice a fost conceput cu g\u00e2ndul la u\u0219urin\u021ba \u00een utilizare. Dispozitivul este gata de utilizare imediat, f\u0103r\u0103 a fi necesare set\u0103ri complicate sau cuno\u0219tin\u021be tehnice.<\/p>\n<h4>1. Operare simpl\u0103<\/h4>\n<p>Cu manevrarea sa simpl\u0103, Juicy Peach Ice este potrivit at\u00e2t pentru \u00eencep\u0103tori, c\u00e2t \u0219i pentru cei experimenta\u021bi <strong><a href=\"https:\/\/www.elementvape.de\/ro\/\" target=\"_blank\" rel=\"noopener\">fum\u0103tori<\/a> <\/strong>potrivit. Cartu\u0219ul dublu este pur \u0219i simplu conectat la baterie \u0219i vapingul poate \u00eencepe. Nu sunt necesare set\u0103ri complicate - \u021bigara electronic\u0103 este gata de utilizare imediat.<\/p>\n<h4>2. Dimensiune compact\u0103 \u0219i design portabil<\/h4>\n<p>\u00cen ciuda capacit\u0103\u021bii mari \u0219i a bateriei puternice, Bang King Juicy Peach Ice r\u0103m\u00e2ne compact \u0219i u\u0219or de manevrat. Poate fi depozitat cu u\u0219urin\u021b\u0103 \u00een orice buzunar sau geant\u0103 de m\u00e2n\u0103, astfel \u00eenc\u00e2t s\u0103 \u00eel pute\u021bi lua cu dvs. oriunde. Ideal pentru c\u0103l\u0103torii, \u00een deplasare sau pur \u0219i simplu pentru utilizarea zilnic\u0103.<\/p>\n<h3>Avantajele Bang King DelphiTreh 25000 Puffs Juicy Peach Ice<\/h3>\n<h4>1. Gust intens \u0219i de durat\u0103 lung\u0103<\/h4>\n<p>Cel mai mare punct de atrac\u021bie al Juicy Peach Ice este f\u0103r\u0103 \u00eendoial\u0103 experien\u021ba intens\u0103 de gust. Prin combina\u021bia dintre piersica suculent\u0103 \u0219i r\u0103ceala glaciar\u0103, inhalarea devine o adev\u0103rat\u0103 pl\u0103cere. Datorit\u0103 capacit\u0103\u021bii mari de 25.000 de pufuri \u0219i a dopp-ului de cartu\u0219e, gustul r\u0103m\u00e2ne neschimbat \u0219i intens p\u00e2n\u0103 la ultima inhalare.<\/p>\n<h4>2. Utilizare de durat\u0103 f\u0103r\u0103 reumplere<\/h4>\n<p>Capacitatea enorm\u0103 de 25.000 de pufuri face ca Juicy Peach Ice s\u0103 fie alegerea ideal\u0103 pentru vapori care apreciaz\u0103 durabilitatea. Comparativ cu multe alte \u021big\u0103ri electronice, nu trebuie s\u0103 reumple\u021bi sau s\u0103 \u00eenlocui\u021bi constant dispozitivul, ceea ce \u00eel face deosebit de comod \u0219i economic.<\/p>\n<p>Datorit\u0103 portului de \u00eenc\u0103rcare tip-C, Bang King se poate \u00eenc\u0103rca rapid \u0219i eficient. O \u00eenc\u0103rcare scurt\u0103 este suficient\u0103 pentru a readuce dispozitivul la capacitatea maxim\u0103, astfel \u00eenc\u00e2t s\u0103 \u00eel pute\u021bi folosi oric\u00e2nd, f\u0103r\u0103 a a\u0219tepta mult timp.<\/p>\n<p>De asemenea, Bang King Juicy Peach Ice ofer\u0103 avantajul livr\u0103rii f\u0103r\u0103 taxe vamale \u00een \u021b\u0103rile UE. Aceasta \u00eenseamn\u0103 c\u0103 pute\u021bi comanda produsul online \u00een mod convenabil, f\u0103r\u0103 griji legate de taxe vamale suplimentare. Astfel, economisi\u021bi timp \u0219i bani \u0219i v\u0103 pute\u021bi bucura de experien\u021ba de vaping f\u0103r\u0103 costuri suplimentare.<\/p>\n<h3>Vaping cu stil: sfaturi \u0219i recomand\u0103ri<\/h3>\n<p>Pentru a ob\u021bine cea mai bun\u0103 experien\u021b\u0103 de vaping, ar trebui s\u0103 urma\u021bi c\u00e2teva sfaturi simple:<\/p>\n<h4>Depozitarea dispozitivului<\/h4>\n<p>P\u0103stra\u021bi Bang King DelphiTreh 25000 Puffs Juicy Peach Ice \u00eentr-un loc r\u0103coros \u0219i uscat pentru a p\u0103stra prospe\u021bimea lichidului. Temperaturile extreme sau expunerea direct\u0103 la soare pot afecta calitatea lichidului \u0219i pot influen\u021ba negativ experien\u021ba de gust.<\/p>\n<p>Chiar dac\u0103 bateria are o durat\u0103 lung\u0103 de via\u021b\u0103, trebuie s\u0103 o \u00eenc\u0103rca\u021bi regulat pentru a asigura disponibilitatea dispozitivului \u00een orice moment. Portul de \u00eenc\u0103rcare tip-C asigur\u0103 o \u00eenc\u0103rcare rapid\u0103, astfel \u00eenc\u00e2t s\u0103 pute\u021bi folosi dispozitivul dup\u0103 scurt timp.<\/p>\n<p>Chiar dac\u0103 Juicy Peach Ice este cunoscut pentru durabilitatea sa, este important s\u0103 v\u0103 bucura\u021bi de vaping cu modera\u021bie. Utilizarea excesiv\u0103 poate afecta gustul \u0219i poate reduce durata de via\u021b\u0103 a dispozitivului. Savura\u021bi notele dulci de piersic\u0103 \u0219i mentol \u00een lini\u0219te \u0219i lua\u021bi-v\u0103 timp pentru a experimenta aroma complet\u0103.<\/p>\n<h3>O experien\u021b\u0103 de vaping inegalabil\u0103<\/h3>\n<p>Bang King DelphiTreh 25000 Puffs Juicy Peach Ice este alegerea perfect\u0103 pentru to\u021bi cei care caut\u0103 o experien\u021b\u0103 intens\u0103 \u0219i fructat\u0103, \u00eenso\u021bit\u0103 de o not\u0103 r\u0103coritoare de ghea\u021b\u0103. Combina\u021bia dintre piersica suculent\u0103 \u0219i r\u0103ceala revigorant\u0103 ofer\u0103 o experien\u021b\u0103 de gust echilibrat\u0103 \u0219i pl\u0103cut\u0103, potrivit\u0103 at\u00e2t pentru \u00eencep\u0103tori, c\u00e2t \u0219i pentru vapori experimenta\u021bi.<\/p>\n<p>Durabilitatea de lung\u0103 durat\u0103 de 25.000 de pufuri, capacitatea mare de lichid \u0219i u\u0219urin\u021ba \u00een utilizare fac din Juicy Peach Ice unul dintre cele mai bune produse de pe pia\u021b\u0103. \u00cen plus, livrarea f\u0103r\u0103 taxe vamale \u00een \u021b\u0103rile UE adaug\u0103 confort, astfel \u00eenc\u00e2t s\u0103 primi\u021bi dispozitivul rapid \u0219i f\u0103r\u0103 costuri suplimentare.<\/p>\n<p>Bucura\u021bi-v\u0103 de aroma intens\u0103 de piersic\u0103 \u0219i r\u0103ceala glaciar\u0103 a Bang King Juicy Peach Ice \u0219i experimenta\u021bi o experien\u021b\u0103 de vaping inegalabil\u0103, care impresioneaz\u0103 p\u00e2n\u0103 la ultima inhalare!<\/p>","protected":false},"excerpt":{"rendered":"<p>Erleben Sie das intensive Pfirsicharoma der Bang King DelphiTreh 25000 Puffs Juicy Peach Ice, das mit einer erfrischenden, eisigen Note kombiniert wird, um ein perfektes Dampferlebnis zu schaffen. Diese E-Zigarette vereint die saftige S\u00fc\u00dfe von reifen Pfirsichen mit einem Hauch von k\u00fchler Frische, wodurch jeder Zug zu einer unvergleichlichen Geschmacksexplosion wird. Mit einer beeindruckenden Kapazit\u00e4t [&hellip;]<\/p>","protected":false},"featured_media":14478,"template":"","meta":{"inline_featured_image":false},"product_cat":[15,767,739,743,744,755,738,751],"product_tag":[710,768],"tiered_pricing_type":"fixed","tiered_pricing_fixed_rules":{"60":"7.26","110":"6.46","200":"5.65"},"tiered_pricing_percentage_rules":[],"tiered_pricing_minimum":1,"_administrator_tiered_pricing_type":"fixed","_administrator_tiered_pricing_fixed_rules":[],"_editor_tiered_pricing_type":"fixed","_editor_tiered_pricing_fixed_rules":[],"_author_tiered_pricing_type":"fixed","_author_tiered_pricing_fixed_rules":[],"_contributor_tiered_pricing_type":"fixed","_contributor_tiered_pricing_fixed_rules":[],"_subscriber_tiered_pricing_type":"fixed","_subscriber_tiered_pricing_fixed_rules":[],"_customer_tiered_pricing_type":"fixed","_customer_tiered_pricing_fixed_rules":[],"_shop_manager_tiered_pricing_type":"fixed","_shop_manager_tiered_pricing_fixed_rules":[],"_wpseo_manager_tiered_pricing_type":"fixed","_wpseo_manager_tiered_pricing_fixed_rules":[],"_wpseo_editor_tiered_pricing_type":"fixed","_wpseo_editor_tiered_pricing_fixed_rules":[],"_wholesale_customer_tiered_pricing_type":"fixed","_wholesale_customer_tiered_pricing_fixed_rules":[],"_marketer_tiered_pricing_type":"fixed","_marketer_tiered_pricing_fixed_rules":[],"_sales_manager_tiered_pricing_type":"fixed","_sales_manager_tiered_pricing_fixed_rules":[],"_sales_rep_tiered_pricing_type":"fixed","_sales_rep_tiered_pricing_fixed_rules":[],"yoast_head":"<!-- This site is optimized with the Yoast SEO plugin v23.3 - https:\/\/yoast.com\/wordpress\/plugins\/seo\/ -->\n<title>Genie\u00dfen Sie das intensive Pfirsicharoma der Bang King DelphiTreh 25000 Puffs Juicy Peach Ice das mit einer eisigen Frische f\u00fcr ein perfektes Dampferlebnis sorgt | ElementVape.de<\/title>\n<meta name=\"description\" content=\"Wir bieten Genie\u00dfen Sie das intensive Pfirsicharoma der Bang King DelphiTreh 25000 Puffs Juicy Peach Ice das mit einer eisigen Frische f\u00fcr ein perfektes Dampferlebnis sorgt , Elementvape.de akzeptieren Gro\u00df-und Einzelhandel Bestellungen.\" \/>\n<meta name=\"robots\" content=\"index, follow, max-snippet:-1, max-image-preview:large, max-video-preview:-1\" \/>\n<link rel=\"canonical\" href=\"https:\/\/www.elementvape.de\/ro\/produkt\/geniessen-sie-das-intensive-pfirsicharoma-der-bang-king-delphitreh-25000-puffs-juicy-peach-ice-das-mit-einer-eisigen-frische-fuer-ein-perfektes-dampferlebnis-sorgt\/\" \/>\n<meta property=\"og:locale\" content=\"ro_RO\" \/>\n<meta property=\"og:type\" content=\"article\" \/>\n<meta property=\"og:title\" content=\"Genie\u00dfen Sie das intensive Pfirsicharoma der Bang King DelphiTreh 25000 Puffs Juicy Peach Ice das mit einer eisigen Frische f\u00fcr ein perfektes Dampferlebnis sorgt | ElementVape.de\" \/>\n<meta property=\"og:description\" content=\"Wir bieten Genie\u00dfen Sie das intensive Pfirsicharoma der Bang King DelphiTreh 25000 Puffs Juicy Peach Ice das mit einer eisigen Frische f\u00fcr ein perfektes Dampferlebnis sorgt , Elementvape.de akzeptieren Gro\u00df-und Einzelhandel Bestellungen.\" \/>\n<meta property=\"og:url\" content=\"https:\/\/www.elementvape.de\/ro\/produkt\/geniessen-sie-das-intensive-pfirsicharoma-der-bang-king-delphitreh-25000-puffs-juicy-peach-ice-das-mit-einer-eisigen-frische-fuer-ein-perfektes-dampferlebnis-sorgt\/\" \/>\n<meta property=\"og:site_name\" content=\"ElementVape.de\" \/>\n<meta property=\"article:modified_time\" content=\"2024-10-10T03:19:04+00:00\" \/>\n<meta property=\"og:image\" content=\"https:\/\/www.elementvape.de\/wp-content\/uploads\/2024\/09\/Juicy-Peach-Ice-1-scaled.jpg\" \/>\n\t<meta property=\"og:image:width\" content=\"2560\" \/>\n\t<meta property=\"og:image:height\" content=\"1742\" \/>\n\t<meta property=\"og:image:type\" content=\"image\/jpeg\" \/>\n<meta name=\"twitter:card\" content=\"summary_large_image\" \/>\n<meta name=\"twitter:label1\" content=\"Est. reading time\" \/>\n\t<meta name=\"twitter:data1\" content=\"6 minute\" \/>\n<script type=\"application\/ld+json\" class=\"yoast-schema-graph\">{\"@context\":\"https:\/\/schema.org\",\"@graph\":[{\"@type\":\"WebPage\",\"@id\":\"https:\/\/www.elementvape.de\/produkt\/geniessen-sie-das-intensive-pfirsicharoma-der-bang-king-delphitreh-25000-puffs-juicy-peach-ice-das-mit-einer-eisigen-frische-fuer-ein-perfektes-dampferlebnis-sorgt\/\",\"url\":\"https:\/\/www.elementvape.de\/produkt\/geniessen-sie-das-intensive-pfirsicharoma-der-bang-king-delphitreh-25000-puffs-juicy-peach-ice-das-mit-einer-eisigen-frische-fuer-ein-perfektes-dampferlebnis-sorgt\/\",\"name\":\"Genie\u00dfen Sie das intensive Pfirsicharoma der Bang King DelphiTreh 25000 Puffs Juicy Peach Ice das mit einer eisigen Frische f\u00fcr ein perfektes Dampferlebnis sorgt | ElementVape.de\",\"isPartOf\":{\"@id\":\"https:\/\/www.elementvape.de\/#website\"},\"primaryImageOfPage\":{\"@id\":\"https:\/\/www.elementvape.de\/produkt\/geniessen-sie-das-intensive-pfirsicharoma-der-bang-king-delphitreh-25000-puffs-juicy-peach-ice-das-mit-einer-eisigen-frische-fuer-ein-perfektes-dampferlebnis-sorgt\/#primaryimage\"},\"image\":{\"@id\":\"https:\/\/www.elementvape.de\/produkt\/geniessen-sie-das-intensive-pfirsicharoma-der-bang-king-delphitreh-25000-puffs-juicy-peach-ice-das-mit-einer-eisigen-frische-fuer-ein-perfektes-dampferlebnis-sorgt\/#primaryimage\"},\"thumbnailUrl\":\"https:\/\/www.elementvape.de\/wp-content\/uploads\/2024\/09\/Juicy-Peach-Ice-1-scaled.jpg\",\"datePublished\":\"2024-09-21T09:24:25+00:00\",\"dateModified\":\"2024-10-10T03:19:04+00:00\",\"description\":\"Wir bieten Genie\u00dfen Sie das intensive Pfirsicharoma der Bang King DelphiTreh 25000 Puffs Juicy Peach Ice das mit einer eisigen Frische f\u00fcr ein perfektes Dampferlebnis sorgt , Elementvape.de akzeptieren Gro\u00df-und Einzelhandel Bestellungen.\",\"breadcrumb\":{\"@id\":\"https:\/\/www.elementvape.de\/produkt\/geniessen-sie-das-intensive-pfirsicharoma-der-bang-king-delphitreh-25000-puffs-juicy-peach-ice-das-mit-einer-eisigen-frische-fuer-ein-perfektes-dampferlebnis-sorgt\/#breadcrumb\"},\"inLanguage\":\"ro-RO\",\"potentialAction\":[{\"@type\":\"ReadAction\",\"target\":[\"https:\/\/www.elementvape.de\/produkt\/geniessen-sie-das-intensive-pfirsicharoma-der-bang-king-delphitreh-25000-puffs-juicy-peach-ice-das-mit-einer-eisigen-frische-fuer-ein-perfektes-dampferlebnis-sorgt\/\"]}]},{\"@type\":\"ImageObject\",\"inLanguage\":\"ro-RO\",\"@id\":\"https:\/\/www.elementvape.de\/produkt\/geniessen-sie-das-intensive-pfirsicharoma-der-bang-king-delphitreh-25000-puffs-juicy-peach-ice-das-mit-einer-eisigen-frische-fuer-ein-perfektes-dampferlebnis-sorgt\/#primaryimage\",\"url\":\"https:\/\/www.elementvape.de\/wp-content\/uploads\/2024\/09\/Juicy-Peach-Ice-1-scaled.jpg\",\"contentUrl\":\"https:\/\/www.elementvape.de\/wp-content\/uploads\/2024\/09\/Juicy-Peach-Ice-1-scaled.jpg\",\"width\":2560,\"height\":1742,\"caption\":\"Juicy Peach Ice\"},{\"@type\":\"BreadcrumbList\",\"@id\":\"https:\/\/www.elementvape.de\/produkt\/geniessen-sie-das-intensive-pfirsicharoma-der-bang-king-delphitreh-25000-puffs-juicy-peach-ice-das-mit-einer-eisigen-frische-fuer-ein-perfektes-dampferlebnis-sorgt\/#breadcrumb\",\"itemListElement\":[{\"@type\":\"ListItem\",\"position\":1,\"name\":\"Home\",\"item\":\"https:\/\/www.elementvape.de\/\"},{\"@type\":\"ListItem\",\"position\":2,\"name\":\"Shop\",\"item\":\"https:\/\/www.elementvape.de\/shop\/\"},{\"@type\":\"ListItem\",\"position\":3,\"name\":\"Genie\u00dfen Sie das intensive Pfirsicharoma der Bang King DelphiTreh 25000 Puffs Juicy Peach Ice das mit einer eisigen Frische f\u00fcr ein perfektes Dampferlebnis sorgt\"}]},{\"@type\":\"WebSite\",\"@id\":\"https:\/\/www.elementvape.de\/#website\",\"url\":\"https:\/\/www.elementvape.de\/\",\"name\":\"ElementVape.de\",\"description\":\"\",\"publisher\":{\"@id\":\"https:\/\/www.elementvape.de\/#organization\"},\"potentialAction\":[{\"@type\":\"SearchAction\",\"target\":{\"@type\":\"EntryPoint\",\"urlTemplate\":\"https:\/\/www.elementvape.de\/?s={search_term_string}\"},\"query-input\":\"required name=search_term_string\"}],\"inLanguage\":\"ro-RO\"},{\"@type\":\"Organization\",\"@id\":\"https:\/\/www.elementvape.de\/#organization\",\"name\":\"ElementVape.DE\",\"url\":\"https:\/\/www.elementvape.de\/\",\"logo\":{\"@type\":\"ImageObject\",\"inLanguage\":\"ro-RO\",\"@id\":\"https:\/\/www.elementvape.de\/#\/schema\/logo\/image\/\",\"url\":\"https:\/\/www.elementvape.de\/wp-content\/uploads\/2024\/09\/cropped-1elementvape-3.png\",\"contentUrl\":\"https:\/\/www.elementvape.de\/wp-content\/uploads\/2024\/09\/cropped-1elementvape-3.png\",\"width\":285,\"height\":228,\"caption\":\"ElementVape.DE\"},\"image\":{\"@id\":\"https:\/\/www.elementvape.de\/#\/schema\/logo\/image\/\"}}]}<\/script>\n<!-- \/ Yoast SEO plugin. -->","yoast_head_json":{"title":"Genie\u00dfen Sie das intensive Pfirsicharoma der Bang King DelphiTreh 25000 Puffs Juicy Peach Ice das mit einer eisigen Frische f\u00fcr ein perfektes Dampferlebnis sorgt | ElementVape.de","description":"Wir bieten Genie\u00dfen Sie das intensive Pfirsicharoma der Bang King DelphiTreh 25000 Puffs Juicy Peach Ice das mit einer eisigen Frische f\u00fcr ein perfektes Dampferlebnis sorgt , Elementvape.de akzeptieren Gro\u00df-und Einzelhandel Bestellungen.","robots":{"index":"index","follow":"follow","max-snippet":"max-snippet:-1","max-image-preview":"max-image-preview:large","max-video-preview":"max-video-preview:-1"},"canonical":"https:\/\/www.elementvape.de\/ro\/produkt\/geniessen-sie-das-intensive-pfirsicharoma-der-bang-king-delphitreh-25000-puffs-juicy-peach-ice-das-mit-einer-eisigen-frische-fuer-ein-perfektes-dampferlebnis-sorgt\/","og_locale":"ro_RO","og_type":"article","og_title":"Genie\u00dfen Sie das intensive Pfirsicharoma der Bang King DelphiTreh 25000 Puffs Juicy Peach Ice das mit einer eisigen Frische f\u00fcr ein perfektes Dampferlebnis sorgt | ElementVape.de","og_description":"Wir bieten Genie\u00dfen Sie das intensive Pfirsicharoma der Bang King DelphiTreh 25000 Puffs Juicy Peach Ice das mit einer eisigen Frische f\u00fcr ein perfektes Dampferlebnis sorgt , Elementvape.de akzeptieren Gro\u00df-und Einzelhandel Bestellungen.","og_url":"https:\/\/www.elementvape.de\/ro\/produkt\/geniessen-sie-das-intensive-pfirsicharoma-der-bang-king-delphitreh-25000-puffs-juicy-peach-ice-das-mit-einer-eisigen-frische-fuer-ein-perfektes-dampferlebnis-sorgt\/","og_site_name":"ElementVape.de","article_modified_time":"2024-10-10T03:19:04+00:00","og_image":[{"width":2560,"height":1742,"url":"https:\/\/www.elementvape.de\/wp-content\/uploads\/2024\/09\/Juicy-Peach-Ice-1-scaled.jpg","type":"image\/jpeg"}],"twitter_card":"summary_large_image","twitter_misc":{"Est. reading time":"6 minute"},"schema":{"@context":"https:\/\/schema.org","@graph":[{"@type":"WebPage","@id":"https:\/\/www.elementvape.de\/produkt\/geniessen-sie-das-intensive-pfirsicharoma-der-bang-king-delphitreh-25000-puffs-juicy-peach-ice-das-mit-einer-eisigen-frische-fuer-ein-perfektes-dampferlebnis-sorgt\/","url":"https:\/\/www.elementvape.de\/produkt\/geniessen-sie-das-intensive-pfirsicharoma-der-bang-king-delphitreh-25000-puffs-juicy-peach-ice-das-mit-einer-eisigen-frische-fuer-ein-perfektes-dampferlebnis-sorgt\/","name":"Genie\u00dfen Sie das intensive Pfirsicharoma der Bang King DelphiTreh 25000 Puffs Juicy Peach Ice das mit einer eisigen Frische f\u00fcr ein perfektes Dampferlebnis sorgt | ElementVape.de","isPartOf":{"@id":"https:\/\/www.elementvape.de\/#website"},"primaryImageOfPage":{"@id":"https:\/\/www.elementvape.de\/produkt\/geniessen-sie-das-intensive-pfirsicharoma-der-bang-king-delphitreh-25000-puffs-juicy-peach-ice-das-mit-einer-eisigen-frische-fuer-ein-perfektes-dampferlebnis-sorgt\/#primaryimage"},"image":{"@id":"https:\/\/www.elementvape.de\/produkt\/geniessen-sie-das-intensive-pfirsicharoma-der-bang-king-delphitreh-25000-puffs-juicy-peach-ice-das-mit-einer-eisigen-frische-fuer-ein-perfektes-dampferlebnis-sorgt\/#primaryimage"},"thumbnailUrl":"https:\/\/www.elementvape.de\/wp-content\/uploads\/2024\/09\/Juicy-Peach-Ice-1-scaled.jpg","datePublished":"2024-09-21T09:24:25+00:00","dateModified":"2024-10-10T03:19:04+00:00","description":"Wir bieten Genie\u00dfen Sie das intensive Pfirsicharoma der Bang King DelphiTreh 25000 Puffs Juicy Peach Ice das mit einer eisigen Frische f\u00fcr ein perfektes Dampferlebnis sorgt , Elementvape.de akzeptieren Gro\u00df-und Einzelhandel Bestellungen.","breadcrumb":{"@id":"https:\/\/www.elementvape.de\/produkt\/geniessen-sie-das-intensive-pfirsicharoma-der-bang-king-delphitreh-25000-puffs-juicy-peach-ice-das-mit-einer-eisigen-frische-fuer-ein-perfektes-dampferlebnis-sorgt\/#breadcrumb"},"inLanguage":"ro-RO","potentialAction":[{"@type":"ReadAction","target":["https:\/\/www.elementvape.de\/produkt\/geniessen-sie-das-intensive-pfirsicharoma-der-bang-king-delphitreh-25000-puffs-juicy-peach-ice-das-mit-einer-eisigen-frische-fuer-ein-perfektes-dampferlebnis-sorgt\/"]}]},{"@type":"ImageObject","inLanguage":"ro-RO","@id":"https:\/\/www.elementvape.de\/produkt\/geniessen-sie-das-intensive-pfirsicharoma-der-bang-king-delphitreh-25000-puffs-juicy-peach-ice-das-mit-einer-eisigen-frische-fuer-ein-perfektes-dampferlebnis-sorgt\/#primaryimage","url":"https:\/\/www.elementvape.de\/wp-content\/uploads\/2024\/09\/Juicy-Peach-Ice-1-scaled.jpg","contentUrl":"https:\/\/www.elementvape.de\/wp-content\/uploads\/2024\/09\/Juicy-Peach-Ice-1-scaled.jpg","width":2560,"height":1742,"caption":"Juicy Peach Ice"},{"@type":"BreadcrumbList","@id":"https:\/\/www.elementvape.de\/produkt\/geniessen-sie-das-intensive-pfirsicharoma-der-bang-king-delphitreh-25000-puffs-juicy-peach-ice-das-mit-einer-eisigen-frische-fuer-ein-perfektes-dampferlebnis-sorgt\/#breadcrumb","itemListElement":[{"@type":"ListItem","position":1,"name":"Home","item":"https:\/\/www.elementvape.de\/"},{"@type":"ListItem","position":2,"name":"Shop","item":"https:\/\/www.elementvape.de\/shop\/"},{"@type":"ListItem","position":3,"name":"Genie\u00dfen Sie das intensive Pfirsicharoma der Bang King DelphiTreh 25000 Puffs Juicy Peach Ice das mit einer eisigen Frische f\u00fcr ein perfektes Dampferlebnis sorgt"}]},{"@type":"WebSite","@id":"https:\/\/www.elementvape.de\/#website","url":"https:\/\/www.elementvape.de\/","name":"ElementVape.de","description":"","publisher":{"@id":"https:\/\/www.elementvape.de\/#organization"},"potentialAction":[{"@type":"SearchAction","target":{"@type":"EntryPoint","urlTemplate":"https:\/\/www.elementvape.de\/?s={search_term_string}"},"query-input":"required name=search_term_string"}],"inLanguage":"ro-RO"},{"@type":"Organization","@id":"https:\/\/www.elementvape.de\/#organization","name":"ElementVape.DE","url":"https:\/\/www.elementvape.de\/","logo":{"@type":"ImageObject","inLanguage":"ro-RO","@id":"https:\/\/www.elementvape.de\/#\/schema\/logo\/image\/","url":"https:\/\/www.elementvape.de\/wp-content\/uploads\/2024\/09\/cropped-1elementvape-3.png","contentUrl":"https:\/\/www.elementvape.de\/wp-content\/uploads\/2024\/09\/cropped-1elementvape-3.png","width":285,"height":228,"caption":"ElementVape.DE"},"image":{"@id":"https:\/\/www.elementvape.de\/#\/schema\/logo\/image\/"}}]}},"_links":{"self":[{"href":"https:\/\/www.elementvape.de\/ro\/wp-json\/wp\/v2\/product\/14488"}],"collection":[{"href":"https:\/\/www.elementvape.de\/ro\/wp-json\/wp\/v2\/product"}],"about":[{"href":"https:\/\/www.elementvape.de\/ro\/wp-json\/wp\/v2\/types\/product"}],"wp:featuredmedia":[{"embeddable":true,"href":"https:\/\/www.elementvape.de\/ro\/wp-json\/wp\/v2\/media\/14478"}],"wp:attachment":[{"href":"https:\/\/www.elementvape.de\/ro\/wp-json\/wp\/v2\/media?parent=14488"}],"wp:term":[{"taxonomy":"product_cat","embeddable":true,"href":"https:\/\/www.elementvape.de\/ro\/wp-json\/wp\/v2\/product_cat?post=14488"},{"taxonomy":"product_tag","embeddable":true,"href":"https:\/\/www.elementvape.de\/ro\/wp-json\/wp\/v2\/product_tag?post=14488"}],"curies":[{"name":"wp","href":"https:\/\/api.w.org\/{rel}","templated":true}]}}