{"id":14367,"date":"2024-09-17T07:50:05","date_gmt":"2024-09-17T07:50:05","guid":{"rendered":"https:\/\/www.elementvape.de\/?post_type=product&#038;p=14367"},"modified":"2024-10-09T08:19:02","modified_gmt":"2024-10-09T08:19:02","slug":"fruchtige-blaubeere-trifft-auf-eisige-kuehle-die-bang-36000-puffs-einweg-e-zigarette-mit-mesh-coil-fuer-ein-unvergessliches-blueberry-ice-erlebnis","status":"publish","type":"product","link":"https:\/\/www.elementvape.de\/ro\/produkt\/fruchtige-blaubeere-trifft-auf-eisige-kuehle-die-bang-36000-puffs-einweg-e-zigarette-mit-mesh-coil-fuer-ein-unvergessliches-blueberry-ice-erlebnis\/","title":{"rendered":"Afinele fructate \u00eent\u00e2lnesc r\u0103coarea ghe\u021bii \u2013 Bang 36000 Puffs E-\u021bigar\u0103 de unic\u0103 folosin\u021b\u0103 cu Mesh Coil pentru o experien\u021b\u0103 de neuitat Blueberry Ice"},"content":{"rendered":"<p>Experimenta\u021bi amestecul perfect de dulcea\u021b\u0103 fructat\u0103 \u0219i r\u0103corire revigorant\u0103 cu \u021bigara electronic\u0103 de unic\u0103 folosin\u021b\u0103 Bang 36000 Puffs. Aroma Blueberry Ice combin\u0103 dulcea\u021ba suculent\u0103 a afinelor coapte cu un efect de r\u0103cire glaciar\u0103, care face fiecare inhalare o experien\u021b\u0103 revigorant\u0103. Dotat\u0103 cu tehnologia avansat\u0103 Mesh Coil, acest dispozitiv garanteaz\u0103 nu doar un gust intens, ci \u0219i o calitate excep\u021bional\u0103 a aburului.<\/p>\n<h3>Blueberry Ice: O fuziune \u00eentre dulcea\u021ba fructat\u0103 \u0219i r\u0103coarea glaciar\u0103<\/h3>\n<p>Aroma Blueberry Ice ofer\u0103 o combina\u021bie unic\u0103 de:<\/p>\n<ul>\n<li>Afine suculente: Notele naturale de dulcea\u021b\u0103 ale afinelor coapte asigur\u0103 un punct culminant gustativ, care r\u0103sfa\u021b\u0103 papilele gustative. Dulcea\u021ba fructat\u0103 este plin\u0103 de corp \u0219i pl\u0103cut\u0103.<\/li>\n<li>R\u0103cire glaciar\u0103: Un efect r\u0103coritor adaug\u0103 o not\u0103 revigorant\u0103, conferind gustului dulce de afine un plus de prospe\u021bime. Aceast\u0103 component\u0103 glaciar\u0103 completeaz\u0103 perfect aroma \u0219i face fiecare inhalare o experien\u021b\u0103 revitalizant\u0103.<\/li>\n<\/ul>\n<p>Acest amestec armonios de dulcea\u021b\u0103 fructat\u0103 \u0219i r\u0103coare glaciar\u0103 ofer\u0103 o combina\u021bie de gust echilibrat\u0103, care este r\u0103coritoare at\u00e2t \u00een zilele calde, c\u00e2t \u0219i \u00een orice alt moment al anului.<\/p>\n<p>Cu o capacitate de 36000 de inhal\u0103ri, \u021bigara electronic\u0103 Bang <strong><a href=\"https:\/\/www.elementvape.de\/ro\/c\/einweg-zigarette\/\" target=\"_blank\" rel=\"noopener\">\u021aigar\u0103 electronic\u0103 de unic\u0103 folosin\u021b\u0103<\/a><\/strong> ofer\u0103 o experien\u021b\u0103 de vapare de durat\u0103 excep\u021bional\u0103. Acest num\u0103r impresionant de inhal\u0103ri asigur\u0103 c\u0103 pute\u021bi savura aroma Blueberry Ice pe parcursul s\u0103pt\u0103m\u00e2nilor, f\u0103r\u0103 a fi nevoie s\u0103 reumple\u021bi sau s\u0103 face\u021bi \u00eentre\u021binere. Ideal pentru vapori care caut\u0103 o experien\u021b\u0103 de vapare fiabil\u0103 \u0219i pe termen lung.<\/p>\n<h3>Mesh Coil \u2013 Intensitate maxim\u0103 a gustului \u0219i nori de vapori mari<\/h3>\n<p>Tehnologia Mesh Coil este inima modelului Bang 36.000 Puffs \u0219i asigur\u0103:<\/p>\n<ul>\n<li>Experien\u021b\u0103 gustativ\u0103 intens\u0103: Suprafa\u021ba mai mare de \u00eenc\u0103lzire a Mesh Coil permite o \u00eenc\u0103lzire uniform\u0103 \u0219i eficient\u0103 a lichidului, astfel \u00eenc\u00e2t notele fructate \u0219i r\u0103coritoare ale aromei Blueberry Ice s\u0103 fie eviden\u021biate intens.<\/li>\n<li>\u00cenc\u0103lzire rapid\u0103: Prin distribu\u021bia uniform\u0103 a c\u0103ldurii, lichidul este \u00eenc\u0103lzit uniform, ceea ce duce la un gust constant \u0219i intens.<\/li>\n<li>Nori de vapori densi: Mesh Coil produce nori de vapori mai mari \u0219i mai densi, care intensific\u0103 experien\u021ba vizual\u0103 \u0219i aroma.<\/li>\n<\/ul>\n<p>Chiar dac\u0103 modelul Bang 36.000 Puffs este conceput pentru o durat\u0103 lung\u0103 de via\u021b\u0103, poate fi necesar s\u0103 \u00eenc\u0103rca\u021bi bateria. Conectorul de \u00eenc\u0103rcare Type-C permite o \u00eenc\u0103rcare rapid\u0103 \u0219i simpl\u0103, astfel \u00eenc\u00e2t s\u0103 pute\u021bi utiliza capacitatea complet\u0103 a dispozitivului f\u0103r\u0103 a a\u0219tepta mult timp. Acest lucru cre\u0219te u\u0219urin\u021ba \u00een utilizare \u0219i asigur\u0103 o experien\u021b\u0103 de vapare f\u0103r\u0103 \u00eentreruperi.<\/p>\n<h3>Blueberry Ice \u2013 O experien\u021b\u0103 fructat\u0103 \u0219i glaciar\u0103 cu \u021bigara electronic\u0103 de unic\u0103 folosin\u021b\u0103 Bang 36000 Puffs<\/h3>\n<p>\u021aigara electronic\u0103 de unic\u0103 folosin\u021b\u0103 Bang 36.000 Puffs, cu aroma Blueberry Ice, ofer\u0103 o experien\u021b\u0103 de vapare de neuitat, eviden\u021biat\u0103 prin combina\u021bia de afine dulci \u0219i r\u0103coare revigorant\u0103. Tehnologia avansat\u0103 Mesh Coil asigur\u0103 ca gustul s\u0103 r\u0103m\u00e2n\u0103 intens \u0219i constant, \u00een timp ce nori de vapori densi \u00eembog\u0103\u021besc vizual experien\u021ba. Cu o capacitate impresionant\u0103 de <strong><a href=\"https:\/\/www.elementvape.de\/ro\/p-tag\/vaep-36000-zuege\/\" target=\"_blank\" rel=\"noopener\">36000 de pufuri<\/a><\/strong> \u0219i un conector de \u00eenc\u0103rcare Type-C practic, acest dispozitiv este o alegere excelent\u0103 pentru to\u021bi cei care caut\u0103 gust intens \u0219i performan\u021b\u0103 ridicat\u0103 \u00eentr-un singur aparat.<\/p>","protected":false},"excerpt":{"rendered":"<p>Erleben Sie den perfekten Mix aus fruchtiger S\u00fc\u00dfe und erfrischender K\u00fchle mit der Bang 36000 Puffs Einweg-E-Zigarette. Das Blueberry Ice-Aroma kombiniert die saftige S\u00fc\u00dfe von reifen Blaubeeren mit einem eisigen K\u00fchleffekt, der jeden Zug zu einem erfrischenden Erlebnis macht. Ausgestattet mit der fortschrittlichen Mesh Coil-Technologie, garantiert dieses Ger\u00e4t nicht nur intensiven Geschmack, sondern auch eine [&hellip;]<\/p>","protected":false},"featured_media":14351,"template":"","meta":{"inline_featured_image":false},"product_cat":[15,760,78,750,737,736,749,752,756],"product_tag":[710,761],"tiered_pricing_type":"fixed","tiered_pricing_fixed_rules":{"60":"9.4","110":"8.35","200":"7.31"},"tiered_pricing_percentage_rules":[],"tiered_pricing_minimum":1,"_administrator_tiered_pricing_type":"fixed","_administrator_tiered_pricing_fixed_rules":[],"_editor_tiered_pricing_type":"fixed","_editor_tiered_pricing_fixed_rules":[],"_author_tiered_pricing_type":"fixed","_author_tiered_pricing_fixed_rules":[],"_contributor_tiered_pricing_type":"fixed","_contributor_tiered_pricing_fixed_rules":[],"_subscriber_tiered_pricing_type":"fixed","_subscriber_tiered_pricing_fixed_rules":[],"_customer_tiered_pricing_type":"fixed","_customer_tiered_pricing_fixed_rules":[],"_shop_manager_tiered_pricing_type":"fixed","_shop_manager_tiered_pricing_fixed_rules":[],"_wpseo_manager_tiered_pricing_type":"fixed","_wpseo_manager_tiered_pricing_fixed_rules":[],"_wpseo_editor_tiered_pricing_type":"fixed","_wpseo_editor_tiered_pricing_fixed_rules":[],"_wholesale_customer_tiered_pricing_type":"fixed","_wholesale_customer_tiered_pricing_fixed_rules":[],"_marketer_tiered_pricing_type":"fixed","_marketer_tiered_pricing_fixed_rules":[],"_sales_manager_tiered_pricing_type":"fixed","_sales_manager_tiered_pricing_fixed_rules":[],"_sales_rep_tiered_pricing_type":"fixed","_sales_rep_tiered_pricing_fixed_rules":[],"yoast_head":"<!-- This site is optimized with the Yoast SEO plugin v23.3 - https:\/\/yoast.com\/wordpress\/plugins\/seo\/ -->\n<title>Fruchtige Blaubeere trifft auf eisige K\u00fchle Die Bang 36000 Puffs Einweg-E-Zigarette mit Mesh Coil f\u00fcr ein unvergessliches Blueberry Ice Erlebnis | ElementVape.de<\/title>\n<meta name=\"description\" content=\"Wir bieten Fruchtige Blaubeere trifft auf eisige K\u00fchle Die Bang 36000 Puffs Einweg-E-Zigarette mit Mesh Coil f\u00fcr ein unvergessliches Blueberry Ice Erlebnis , Elementvape.de akzeptieren Gro\u00df-und Einzelhandel Bestellungen.\" \/>\n<meta name=\"robots\" content=\"index, follow, max-snippet:-1, max-image-preview:large, max-video-preview:-1\" \/>\n<link rel=\"canonical\" href=\"https:\/\/www.elementvape.de\/ro\/produkt\/fruchtige-blaubeere-trifft-auf-eisige-kuehle-die-bang-36000-puffs-einweg-e-zigarette-mit-mesh-coil-fuer-ein-unvergessliches-blueberry-ice-erlebnis\/\" \/>\n<meta property=\"og:locale\" content=\"ro_RO\" \/>\n<meta property=\"og:type\" content=\"article\" \/>\n<meta property=\"og:title\" content=\"Fruchtige Blaubeere trifft auf eisige K\u00fchle Die Bang 36000 Puffs Einweg-E-Zigarette mit Mesh Coil f\u00fcr ein unvergessliches Blueberry Ice Erlebnis | ElementVape.de\" \/>\n<meta property=\"og:description\" content=\"Wir bieten Fruchtige Blaubeere trifft auf eisige K\u00fchle Die Bang 36000 Puffs Einweg-E-Zigarette mit Mesh Coil f\u00fcr ein unvergessliches Blueberry Ice Erlebnis , Elementvape.de akzeptieren Gro\u00df-und Einzelhandel Bestellungen.\" \/>\n<meta property=\"og:url\" content=\"https:\/\/www.elementvape.de\/ro\/produkt\/fruchtige-blaubeere-trifft-auf-eisige-kuehle-die-bang-36000-puffs-einweg-e-zigarette-mit-mesh-coil-fuer-ein-unvergessliches-blueberry-ice-erlebnis\/\" \/>\n<meta property=\"og:site_name\" content=\"ElementVape.de\" \/>\n<meta property=\"article:modified_time\" content=\"2024-10-09T08:19:02+00:00\" \/>\n<meta property=\"og:image\" content=\"https:\/\/www.elementvape.de\/wp-content\/uploads\/2024\/09\/BLUEBERRY-ICE-1-scaled.jpg\" \/>\n\t<meta property=\"og:image:width\" content=\"2560\" \/>\n\t<meta property=\"og:image:height\" content=\"2249\" \/>\n\t<meta property=\"og:image:type\" content=\"image\/jpeg\" \/>\n<meta name=\"twitter:card\" content=\"summary_large_image\" \/>\n<meta name=\"twitter:label1\" content=\"Est. reading time\" \/>\n\t<meta name=\"twitter:data1\" content=\"3 minute\" \/>\n<script type=\"application\/ld+json\" class=\"yoast-schema-graph\">{\"@context\":\"https:\/\/schema.org\",\"@graph\":[{\"@type\":\"WebPage\",\"@id\":\"https:\/\/www.elementvape.de\/pt\/produkt\/fruchtige-blaubeere-trifft-auf-eisige-kuehle-die-bang-36000-puffs-einweg-e-zigarette-mit-mesh-coil-fuer-ein-unvergessliches-blueberry-ice-erlebnis\/\",\"url\":\"https:\/\/www.elementvape.de\/pt\/produkt\/fruchtige-blaubeere-trifft-auf-eisige-kuehle-die-bang-36000-puffs-einweg-e-zigarette-mit-mesh-coil-fuer-ein-unvergessliches-blueberry-ice-erlebnis\/\",\"name\":\"Fruchtige Blaubeere trifft auf eisige K\u00fchle Die Bang 36000 Puffs Einweg-E-Zigarette mit Mesh Coil f\u00fcr ein unvergessliches Blueberry Ice Erlebnis | ElementVape.de\",\"isPartOf\":{\"@id\":\"https:\/\/www.elementvape.de\/#website\"},\"primaryImageOfPage\":{\"@id\":\"https:\/\/www.elementvape.de\/pt\/produkt\/fruchtige-blaubeere-trifft-auf-eisige-kuehle-die-bang-36000-puffs-einweg-e-zigarette-mit-mesh-coil-fuer-ein-unvergessliches-blueberry-ice-erlebnis\/#primaryimage\"},\"image\":{\"@id\":\"https:\/\/www.elementvape.de\/pt\/produkt\/fruchtige-blaubeere-trifft-auf-eisige-kuehle-die-bang-36000-puffs-einweg-e-zigarette-mit-mesh-coil-fuer-ein-unvergessliches-blueberry-ice-erlebnis\/#primaryimage\"},\"thumbnailUrl\":\"https:\/\/www.elementvape.de\/wp-content\/uploads\/2024\/09\/BLUEBERRY-ICE-1-scaled.jpg\",\"datePublished\":\"2024-09-17T07:50:05+00:00\",\"dateModified\":\"2024-10-09T08:19:02+00:00\",\"description\":\"Wir bieten Fruchtige Blaubeere trifft auf eisige K\u00fchle Die Bang 36000 Puffs Einweg-E-Zigarette mit Mesh Coil f\u00fcr ein unvergessliches Blueberry Ice Erlebnis , Elementvape.de akzeptieren Gro\u00df-und Einzelhandel Bestellungen.\",\"breadcrumb\":{\"@id\":\"https:\/\/www.elementvape.de\/pt\/produkt\/fruchtige-blaubeere-trifft-auf-eisige-kuehle-die-bang-36000-puffs-einweg-e-zigarette-mit-mesh-coil-fuer-ein-unvergessliches-blueberry-ice-erlebnis\/#breadcrumb\"},\"inLanguage\":\"ro-RO\",\"potentialAction\":[{\"@type\":\"ReadAction\",\"target\":[\"https:\/\/www.elementvape.de\/pt\/produkt\/fruchtige-blaubeere-trifft-auf-eisige-kuehle-die-bang-36000-puffs-einweg-e-zigarette-mit-mesh-coil-fuer-ein-unvergessliches-blueberry-ice-erlebnis\/\"]}]},{\"@type\":\"ImageObject\",\"inLanguage\":\"ro-RO\",\"@id\":\"https:\/\/www.elementvape.de\/pt\/produkt\/fruchtige-blaubeere-trifft-auf-eisige-kuehle-die-bang-36000-puffs-einweg-e-zigarette-mit-mesh-coil-fuer-ein-unvergessliches-blueberry-ice-erlebnis\/#primaryimage\",\"url\":\"https:\/\/www.elementvape.de\/wp-content\/uploads\/2024\/09\/BLUEBERRY-ICE-1-scaled.jpg\",\"contentUrl\":\"https:\/\/www.elementvape.de\/wp-content\/uploads\/2024\/09\/BLUEBERRY-ICE-1-scaled.jpg\",\"width\":2560,\"height\":2249,\"caption\":\"BLUEBERRY ICE\"},{\"@type\":\"BreadcrumbList\",\"@id\":\"https:\/\/www.elementvape.de\/pt\/produkt\/fruchtige-blaubeere-trifft-auf-eisige-kuehle-die-bang-36000-puffs-einweg-e-zigarette-mit-mesh-coil-fuer-ein-unvergessliches-blueberry-ice-erlebnis\/#breadcrumb\",\"itemListElement\":[{\"@type\":\"ListItem\",\"position\":1,\"name\":\"Home\",\"item\":\"https:\/\/www.elementvape.de\/\"},{\"@type\":\"ListItem\",\"position\":2,\"name\":\"Shop\",\"item\":\"https:\/\/www.elementvape.de\/shop\/\"},{\"@type\":\"ListItem\",\"position\":3,\"name\":\"Fruchtige Blaubeere trifft auf eisige K\u00fchle Die Bang 36000 Puffs Einweg-E-Zigarette mit Mesh Coil f\u00fcr ein unvergessliches Blueberry Ice Erlebnis\"}]},{\"@type\":\"WebSite\",\"@id\":\"https:\/\/www.elementvape.de\/#website\",\"url\":\"https:\/\/www.elementvape.de\/\",\"name\":\"ElementVape.de\",\"description\":\"\",\"publisher\":{\"@id\":\"https:\/\/www.elementvape.de\/#organization\"},\"potentialAction\":[{\"@type\":\"SearchAction\",\"target\":{\"@type\":\"EntryPoint\",\"urlTemplate\":\"https:\/\/www.elementvape.de\/?s={search_term_string}\"},\"query-input\":\"required name=search_term_string\"}],\"inLanguage\":\"ro-RO\"},{\"@type\":\"Organization\",\"@id\":\"https:\/\/www.elementvape.de\/#organization\",\"name\":\"ElementVape.DE\",\"url\":\"https:\/\/www.elementvape.de\/\",\"logo\":{\"@type\":\"ImageObject\",\"inLanguage\":\"ro-RO\",\"@id\":\"https:\/\/www.elementvape.de\/#\/schema\/logo\/image\/\",\"url\":\"https:\/\/www.elementvape.de\/wp-content\/uploads\/2024\/09\/cropped-1elementvape-3.png\",\"contentUrl\":\"https:\/\/www.elementvape.de\/wp-content\/uploads\/2024\/09\/cropped-1elementvape-3.png\",\"width\":285,\"height\":228,\"caption\":\"ElementVape.DE\"},\"image\":{\"@id\":\"https:\/\/www.elementvape.de\/#\/schema\/logo\/image\/\"}}]}<\/script>\n<!-- \/ Yoast SEO plugin. -->","yoast_head_json":{"title":"Fruchtige Blaubeere trifft auf eisige K\u00fchle Die Bang 36000 Puffs Einweg-E-Zigarette mit Mesh Coil f\u00fcr ein unvergessliches Blueberry Ice Erlebnis | ElementVape.de","description":"Wir bieten Fruchtige Blaubeere trifft auf eisige K\u00fchle Die Bang 36000 Puffs Einweg-E-Zigarette mit Mesh Coil f\u00fcr ein unvergessliches Blueberry Ice Erlebnis , Elementvape.de akzeptieren Gro\u00df-und Einzelhandel Bestellungen.","robots":{"index":"index","follow":"follow","max-snippet":"max-snippet:-1","max-image-preview":"max-image-preview:large","max-video-preview":"max-video-preview:-1"},"canonical":"https:\/\/www.elementvape.de\/ro\/produkt\/fruchtige-blaubeere-trifft-auf-eisige-kuehle-die-bang-36000-puffs-einweg-e-zigarette-mit-mesh-coil-fuer-ein-unvergessliches-blueberry-ice-erlebnis\/","og_locale":"ro_RO","og_type":"article","og_title":"Fruchtige Blaubeere trifft auf eisige K\u00fchle Die Bang 36000 Puffs Einweg-E-Zigarette mit Mesh Coil f\u00fcr ein unvergessliches Blueberry Ice Erlebnis | ElementVape.de","og_description":"Wir bieten Fruchtige Blaubeere trifft auf eisige K\u00fchle Die Bang 36000 Puffs Einweg-E-Zigarette mit Mesh Coil f\u00fcr ein unvergessliches Blueberry Ice Erlebnis , Elementvape.de akzeptieren Gro\u00df-und Einzelhandel Bestellungen.","og_url":"https:\/\/www.elementvape.de\/ro\/produkt\/fruchtige-blaubeere-trifft-auf-eisige-kuehle-die-bang-36000-puffs-einweg-e-zigarette-mit-mesh-coil-fuer-ein-unvergessliches-blueberry-ice-erlebnis\/","og_site_name":"ElementVape.de","article_modified_time":"2024-10-09T08:19:02+00:00","og_image":[{"width":2560,"height":2249,"url":"https:\/\/www.elementvape.de\/wp-content\/uploads\/2024\/09\/BLUEBERRY-ICE-1-scaled.jpg","type":"image\/jpeg"}],"twitter_card":"summary_large_image","twitter_misc":{"Est. reading time":"3 minute"},"schema":{"@context":"https:\/\/schema.org","@graph":[{"@type":"WebPage","@id":"https:\/\/www.elementvape.de\/pt\/produkt\/fruchtige-blaubeere-trifft-auf-eisige-kuehle-die-bang-36000-puffs-einweg-e-zigarette-mit-mesh-coil-fuer-ein-unvergessliches-blueberry-ice-erlebnis\/","url":"https:\/\/www.elementvape.de\/pt\/produkt\/fruchtige-blaubeere-trifft-auf-eisige-kuehle-die-bang-36000-puffs-einweg-e-zigarette-mit-mesh-coil-fuer-ein-unvergessliches-blueberry-ice-erlebnis\/","name":"Fruchtige Blaubeere trifft auf eisige K\u00fchle Die Bang 36000 Puffs Einweg-E-Zigarette mit Mesh Coil f\u00fcr ein unvergessliches Blueberry Ice Erlebnis | ElementVape.de","isPartOf":{"@id":"https:\/\/www.elementvape.de\/#website"},"primaryImageOfPage":{"@id":"https:\/\/www.elementvape.de\/pt\/produkt\/fruchtige-blaubeere-trifft-auf-eisige-kuehle-die-bang-36000-puffs-einweg-e-zigarette-mit-mesh-coil-fuer-ein-unvergessliches-blueberry-ice-erlebnis\/#primaryimage"},"image":{"@id":"https:\/\/www.elementvape.de\/pt\/produkt\/fruchtige-blaubeere-trifft-auf-eisige-kuehle-die-bang-36000-puffs-einweg-e-zigarette-mit-mesh-coil-fuer-ein-unvergessliches-blueberry-ice-erlebnis\/#primaryimage"},"thumbnailUrl":"https:\/\/www.elementvape.de\/wp-content\/uploads\/2024\/09\/BLUEBERRY-ICE-1-scaled.jpg","datePublished":"2024-09-17T07:50:05+00:00","dateModified":"2024-10-09T08:19:02+00:00","description":"Wir bieten Fruchtige Blaubeere trifft auf eisige K\u00fchle Die Bang 36000 Puffs Einweg-E-Zigarette mit Mesh Coil f\u00fcr ein unvergessliches Blueberry Ice Erlebnis , Elementvape.de akzeptieren Gro\u00df-und Einzelhandel Bestellungen.","breadcrumb":{"@id":"https:\/\/www.elementvape.de\/pt\/produkt\/fruchtige-blaubeere-trifft-auf-eisige-kuehle-die-bang-36000-puffs-einweg-e-zigarette-mit-mesh-coil-fuer-ein-unvergessliches-blueberry-ice-erlebnis\/#breadcrumb"},"inLanguage":"ro-RO","potentialAction":[{"@type":"ReadAction","target":["https:\/\/www.elementvape.de\/pt\/produkt\/fruchtige-blaubeere-trifft-auf-eisige-kuehle-die-bang-36000-puffs-einweg-e-zigarette-mit-mesh-coil-fuer-ein-unvergessliches-blueberry-ice-erlebnis\/"]}]},{"@type":"ImageObject","inLanguage":"ro-RO","@id":"https:\/\/www.elementvape.de\/pt\/produkt\/fruchtige-blaubeere-trifft-auf-eisige-kuehle-die-bang-36000-puffs-einweg-e-zigarette-mit-mesh-coil-fuer-ein-unvergessliches-blueberry-ice-erlebnis\/#primaryimage","url":"https:\/\/www.elementvape.de\/wp-content\/uploads\/2024\/09\/BLUEBERRY-ICE-1-scaled.jpg","contentUrl":"https:\/\/www.elementvape.de\/wp-content\/uploads\/2024\/09\/BLUEBERRY-ICE-1-scaled.jpg","width":2560,"height":2249,"caption":"BLUEBERRY ICE"},{"@type":"BreadcrumbList","@id":"https:\/\/www.elementvape.de\/pt\/produkt\/fruchtige-blaubeere-trifft-auf-eisige-kuehle-die-bang-36000-puffs-einweg-e-zigarette-mit-mesh-coil-fuer-ein-unvergessliches-blueberry-ice-erlebnis\/#breadcrumb","itemListElement":[{"@type":"ListItem","position":1,"name":"Home","item":"https:\/\/www.elementvape.de\/"},{"@type":"ListItem","position":2,"name":"Shop","item":"https:\/\/www.elementvape.de\/shop\/"},{"@type":"ListItem","position":3,"name":"Fruchtige Blaubeere trifft auf eisige K\u00fchle Die Bang 36000 Puffs Einweg-E-Zigarette mit Mesh Coil f\u00fcr ein unvergessliches Blueberry Ice Erlebnis"}]},{"@type":"WebSite","@id":"https:\/\/www.elementvape.de\/#website","url":"https:\/\/www.elementvape.de\/","name":"ElementVape.de","description":"","publisher":{"@id":"https:\/\/www.elementvape.de\/#organization"},"potentialAction":[{"@type":"SearchAction","target":{"@type":"EntryPoint","urlTemplate":"https:\/\/www.elementvape.de\/?s={search_term_string}"},"query-input":"required name=search_term_string"}],"inLanguage":"ro-RO"},{"@type":"Organization","@id":"https:\/\/www.elementvape.de\/#organization","name":"ElementVape.DE","url":"https:\/\/www.elementvape.de\/","logo":{"@type":"ImageObject","inLanguage":"ro-RO","@id":"https:\/\/www.elementvape.de\/#\/schema\/logo\/image\/","url":"https:\/\/www.elementvape.de\/wp-content\/uploads\/2024\/09\/cropped-1elementvape-3.png","contentUrl":"https:\/\/www.elementvape.de\/wp-content\/uploads\/2024\/09\/cropped-1elementvape-3.png","width":285,"height":228,"caption":"ElementVape.DE"},"image":{"@id":"https:\/\/www.elementvape.de\/#\/schema\/logo\/image\/"}}]}},"_links":{"self":[{"href":"https:\/\/www.elementvape.de\/ro\/wp-json\/wp\/v2\/product\/14367"}],"collection":[{"href":"https:\/\/www.elementvape.de\/ro\/wp-json\/wp\/v2\/product"}],"about":[{"href":"https:\/\/www.elementvape.de\/ro\/wp-json\/wp\/v2\/types\/product"}],"wp:featuredmedia":[{"embeddable":true,"href":"https:\/\/www.elementvape.de\/ro\/wp-json\/wp\/v2\/media\/14351"}],"wp:attachment":[{"href":"https:\/\/www.elementvape.de\/ro\/wp-json\/wp\/v2\/media?parent=14367"}],"wp:term":[{"taxonomy":"product_cat","embeddable":true,"href":"https:\/\/www.elementvape.de\/ro\/wp-json\/wp\/v2\/product_cat?post=14367"},{"taxonomy":"product_tag","embeddable":true,"href":"https:\/\/www.elementvape.de\/ro\/wp-json\/wp\/v2\/product_tag?post=14367"}],"curies":[{"name":"wp","href":"https:\/\/api.w.org\/{rel}","templated":true}]}}