{"id":14365,"date":"2024-09-17T07:06:43","date_gmt":"2024-09-17T07:06:43","guid":{"rendered":"https:\/\/www.elementvape.de\/?post_type=product&#038;p=14365"},"modified":"2024-10-09T08:14:59","modified_gmt":"2024-10-09T08:14:59","slug":"erleben-sie-den-doppelt-intensiven-apfelgeschmack-die-bang-36000-puffs-einweg-e-zigarette-mit-double-apples-und-mesh-coil-fuer-maximalen-genuss","status":"publish","type":"product","link":"https:\/\/www.elementvape.de\/ro\/produkt\/erleben-sie-den-doppelt-intensiven-apfelgeschmack-die-bang-36000-puffs-einweg-e-zigarette-mit-double-apples-und-mesh-coil-fuer-maximalen-genuss\/","title":{"rendered":"Experimenta\u021bi gustul dublu intens de m\u0103r \u2013 Bang 36000 Puffs E-\u021bigar\u0103 de unic\u0103 folosin\u021b\u0103 cu Double Apples \u0219i Mesh Coil pentru maximum de pl\u0103cere"},"content":{"rendered":"<h2>Experimenta\u021bi gustul dublu intens de mere. \u021aigara electronic\u0103 de unic\u0103 folosin\u021b\u0103 Bang 36.000 Puffs cu Double Apples \u0219i Mesh Coil pentru pl\u0103cere maxim\u0103<\/h2>\n<p>Pentru to\u021bi cei care iubesc gustul fructat al merelor, \u021bigara electronic\u0103 de unic\u0103 folosin\u021b\u0103 Bang 36000 Puffs ofer\u0103 experien\u021ba suprem\u0103 cu aroma sa Double Apples. Acest amestec unic de mere ro\u0219ii dulci \u0219i mere verzi r\u0103coritoare asigur\u0103 o experien\u021b\u0103 gustativ\u0103 intens\u0103 \u0219i echilibrat\u0103 la fiecare puf. \u00cen combina\u021bie cu tehnologia Mesh Coil, aceast\u0103 \u021bigar\u0103 electronic\u0103 ridic\u0103 vapingul la un nou nivel \u0219i ofer\u0103 o pl\u0103cere maxim\u0103, care dureaz\u0103 mult timp.<\/p>\n<h3>Double Apples Putere dubl\u0103 a fructelor pentru un gust intens<\/h3>\n<p>Aroma Double Apples este un echilibru perfect de note dulci \u0219i acri\u0219oare de mere, care se combin\u0103 armonios pentru a oferi o experien\u021b\u0103 fructat\u0103 intens\u0103:<\/p>\n<ul>\n<li>Mere ro\u0219ii: Gustul merelor ro\u0219ii coapte \u0219i dulci aduce o dulcea\u021b\u0103 suculent\u0103 \u00een amestec, care r\u0103sfa\u021b\u0103 palatul \u0219i asigur\u0103 o plenitudine pl\u0103cut\u0103 a gustului.<\/li>\n<li>Mere verzi: Aciditatea r\u0103coritoare a merelor verzi adaug\u0103 o not\u0103 revigorant\u0103 \u0219i creeaz\u0103 un contrast perfect cu dulcea\u021ba merelor ro\u0219ii, complet\u00e2nd astfel experien\u021ba gustativ\u0103.<\/li>\n<\/ul>\n<p>Aceast\u0103 combina\u021bie de note dulci \u0219i acri\u0219oare de mere face ca aroma Double Apples s\u0103 fie o alegere versatil\u0103, care \u00eei \u00eenc\u00e2nt\u0103 at\u00e2t pe iubitorii de arome dulci, c\u00e2t \u0219i pe cei de arome r\u0103coritoare-acri\u0219oare. Fiecare puf ofer\u0103 o arom\u0103 de mere echilibrat\u0103, dar puternic\u0103, care r\u0103m\u00e2ne revigorant\u0103 pe tot parcursul zilei.<\/p>\n<p>Cu o capacitate de 36.000 de pufuri, Bang ofer\u0103 <strong><a href=\"https:\/\/www.elementvape.de\/ro\/c\/einweg-zigarette\/\" target=\"_blank\" rel=\"noopener\">\u021aigar\u0103 electronic\u0103 de unic\u0103 folosin\u021b\u0103<\/a><\/strong> o durat\u0103 de via\u021b\u0103 impresionant\u0103, care permite s\u0103pt\u0103m\u00e2ni \u00eentregi de vaping f\u0103r\u0103 reumplere sau \u00eentre\u021binere. Aceast\u0103 \u021bigar\u0103 electronic\u0103 de unic\u0103 folosin\u021b\u0103, de lung\u0103 durat\u0103, este perfect\u0103 pentru to\u021bi cei care caut\u0103 o experien\u021b\u0103 de vaping f\u0103r\u0103 griji \u0219i, \u00een acela\u0219i timp, nu doresc s\u0103 renun\u021be la un gust intens. Indiferent dac\u0103 sunte\u021bi \u00een mi\u0219care sau pur \u0219i simplu prefera\u021bi un dispozitiv f\u0103r\u0103 \u00eentre\u021binere constant\u0103 \u2013 Bang 36.000 Puffs asigur\u0103 c\u0103 aroma Double Apples se p\u0103streaz\u0103 mult timp.<\/p>\n<h3>Mesh Coil \u2013 Gust intens la fiecare puf<\/h3>\n<p>Tehnologia Mesh Coil asigur\u0103 c\u0103 aroma Double Apples este pus\u0103 \u00een valoare \u00eentr-un mod deosebit de intens. Datorit\u0103 suprafe\u021bei de \u00eenc\u0103lzire mai mari a Mesh Coil, e-lichidul este \u00eenc\u0103lzit mai uniform, ceea ce duce la un gust bogat \u0219i la nori den\u0219i de vapori. Avantajele Mesh Coil dintr-o privire:<\/p>\n<ul>\n<li>\u00cenc\u0103lzire mai rapid\u0103 \u0219i mai uniform\u0103: Mesh Coil \u00eenc\u0103lze\u0219te e-lichidul mai eficient dec\u00e2t coil-urile conven\u021bionale, astfel \u00eenc\u00e2t gustul de mere r\u0103m\u00e2ne clar \u0219i intens la fiecare puf.<\/li>\n<li>Mai mult\u0103 profunzime a gustului: Datorit\u0103 \u00eenc\u0103lzirii uniforme, notele dulci \u0219i acri\u0219oare de mere r\u0103m\u00e2n \u00eentotdeauna perfect echilibrate, astfel \u00eenc\u00e2t fiecare puf ofer\u0103 gustul complet.<\/li>\n<li>Nori den\u0219i de vapori: Pe l\u00e2ng\u0103 gustul intens, Mesh Coil produce \u0219i nori de vapori mai mari \u0219i mai den\u0219i, ceea ce \u00eembun\u0103t\u0103\u021be\u0219te suplimentar experien\u021ba de vaping.<\/li>\n<\/ul>\n<p>\u021aigara electronic\u0103 de unic\u0103 folosin\u021b\u0103 Bang 36.000 Puffs este echipat\u0103 cu un port de \u00eenc\u0103rcare de tip C, ceea ce permite o \u00eenc\u0103rcare rapid\u0103 \u0219i u\u0219oar\u0103. De\u0219i <strong><a href=\"https:\/\/www.elementvape.de\/ro\/\" target=\"_blank\" rel=\"noopener\">E-Zigaret\u0103<\/a><\/strong> este proiectat\u0103 pentru o durat\u0103 de via\u021b\u0103 lung\u0103, bateria re\u00eenc\u0103rcabil\u0103 asigur\u0103 c\u0103 pute\u021bi utiliza \u00eentotdeauna puterea maxim\u0103, f\u0103r\u0103 a v\u0103 face griji cu privire la bateriile desc\u0103rcate. Acest lucru face ca dispozitivul s\u0103 fie deosebit de u\u0219or de utilizat \u0219i practic pentru utilizarea zilnic\u0103.<\/p>\n<h3>Pl\u0103cere dublu intens\u0103 a merelor cu \u021bigara electronic\u0103 de unic\u0103 folosin\u021b\u0103 Bang 36000 Puffs<\/h3>\n<p>\u021aigara electronic\u0103 de unic\u0103 folosin\u021b\u0103 Bang 36.000 Puffs cu arom\u0103 Double Apples ofer\u0103 o experien\u021b\u0103 de vaping unic\u0103, care \u00eei \u00eenc\u00e2nt\u0103 at\u00e2t pe iubitorii de dulciuri, c\u00e2t \u0219i pe fanii aromelor r\u0103coritoare, acri\u0219oare. Combina\u021bia de mere ro\u0219ii \u0219i verzi creeaz\u0103 o experien\u021b\u0103 gustativ\u0103 armonioas\u0103, fructat\u0103, care este intensificat\u0103 \u0219i mai mult de tehnologia Mesh Coil. Cu o capacitate enorm\u0103 de <strong><a href=\"https:\/\/www.elementvape.de\/ro\/p-tag\/vaep-36000-zuege\/\" target=\"_blank\" rel=\"noopener\">36000 de pufuri<\/a><\/strong> \u0219i un port de \u00eenc\u0103rcare de tip C, aceast\u0103 \u021bigar\u0103 electronic\u0103 este o alegere durabil\u0103 \u0219i practic\u0103 pentru to\u021bi cei care doresc s\u0103 se bucure de o arom\u0103 puternic\u0103, fructat\u0103, f\u0103r\u0103 compromisuri.<\/p>","protected":false},"excerpt":{"rendered":"<p>Erleben Sie den doppelt intensiven Apfelgeschmack Die Bang 36.000 Puffs Einweg-E-Zigarette mit Double Apples und Mesh Coil f\u00fcr maximalen Genuss F\u00fcr alle, die den fruchtigen Geschmack von \u00c4pfeln lieben, bietet die Bang 36000 Puffs Einweg-E-Zigarette das ultimative Erlebnis mit ihrem Double Apples-Geschmack. Diese einzigartige Mischung aus s\u00fc\u00dfen roten \u00c4pfeln und erfrischenden gr\u00fcnen \u00c4pfeln sorgt f\u00fcr [&hellip;]<\/p>","protected":false},"featured_media":14353,"template":"","meta":{"inline_featured_image":false},"product_cat":[15,760,78,750,737,736,749,752,756],"product_tag":[710,761],"tiered_pricing_type":"fixed","tiered_pricing_fixed_rules":{"60":"9.4","110":"8.35","200":"7.31"},"tiered_pricing_percentage_rules":[],"tiered_pricing_minimum":1,"_administrator_tiered_pricing_type":"fixed","_administrator_tiered_pricing_fixed_rules":[],"_editor_tiered_pricing_type":"fixed","_editor_tiered_pricing_fixed_rules":[],"_author_tiered_pricing_type":"fixed","_author_tiered_pricing_fixed_rules":[],"_contributor_tiered_pricing_type":"fixed","_contributor_tiered_pricing_fixed_rules":[],"_subscriber_tiered_pricing_type":"fixed","_subscriber_tiered_pricing_fixed_rules":[],"_customer_tiered_pricing_type":"fixed","_customer_tiered_pricing_fixed_rules":[],"_shop_manager_tiered_pricing_type":"fixed","_shop_manager_tiered_pricing_fixed_rules":[],"_wpseo_manager_tiered_pricing_type":"fixed","_wpseo_manager_tiered_pricing_fixed_rules":[],"_wpseo_editor_tiered_pricing_type":"fixed","_wpseo_editor_tiered_pricing_fixed_rules":[],"_wholesale_customer_tiered_pricing_type":"fixed","_wholesale_customer_tiered_pricing_fixed_rules":[],"_marketer_tiered_pricing_type":"fixed","_marketer_tiered_pricing_fixed_rules":[],"_sales_manager_tiered_pricing_type":"fixed","_sales_manager_tiered_pricing_fixed_rules":[],"_sales_rep_tiered_pricing_type":"fixed","_sales_rep_tiered_pricing_fixed_rules":[],"yoast_head":"<!-- This site is optimized with the Yoast SEO plugin v23.3 - https:\/\/yoast.com\/wordpress\/plugins\/seo\/ -->\n<title>Erleben Sie den doppelt intensiven Apfelgeschmack Die Bang 36000 Puffs Einweg-E-Zigarette mit Double Apples und Mesh Coil f\u00fcr maximalen Genuss | ElementVape.de<\/title>\n<meta name=\"description\" content=\"Wir bieten Erleben Sie den doppelt intensiven Apfelgeschmack Die Bang 36000 Puffs Einweg-E-Zigarette mit Double Apples und Mesh Coil f\u00fcr maximalen Genuss , Elementvape.de akzeptieren Gro\u00df-und Einzelhandel Bestellungen.\" \/>\n<meta name=\"robots\" content=\"index, follow, max-snippet:-1, max-image-preview:large, max-video-preview:-1\" \/>\n<link rel=\"canonical\" href=\"https:\/\/www.elementvape.de\/ro\/produkt\/erleben-sie-den-doppelt-intensiven-apfelgeschmack-die-bang-36000-puffs-einweg-e-zigarette-mit-double-apples-und-mesh-coil-fuer-maximalen-genuss\/\" \/>\n<meta property=\"og:locale\" content=\"ro_RO\" \/>\n<meta property=\"og:type\" content=\"article\" \/>\n<meta property=\"og:title\" content=\"Erleben Sie den doppelt intensiven Apfelgeschmack Die Bang 36000 Puffs Einweg-E-Zigarette mit Double Apples und Mesh Coil f\u00fcr maximalen Genuss | ElementVape.de\" \/>\n<meta property=\"og:description\" content=\"Wir bieten Erleben Sie den doppelt intensiven Apfelgeschmack Die Bang 36000 Puffs Einweg-E-Zigarette mit Double Apples und Mesh Coil f\u00fcr maximalen Genuss , Elementvape.de akzeptieren Gro\u00df-und Einzelhandel Bestellungen.\" \/>\n<meta property=\"og:url\" content=\"https:\/\/www.elementvape.de\/ro\/produkt\/erleben-sie-den-doppelt-intensiven-apfelgeschmack-die-bang-36000-puffs-einweg-e-zigarette-mit-double-apples-und-mesh-coil-fuer-maximalen-genuss\/\" \/>\n<meta property=\"og:site_name\" content=\"ElementVape.de\" \/>\n<meta property=\"article:modified_time\" content=\"2024-10-09T08:14:59+00:00\" \/>\n<meta property=\"og:image\" content=\"https:\/\/www.elementvape.de\/wp-content\/uploads\/2024\/09\/DOUBLE-APPLES-scaled.jpg\" \/>\n\t<meta property=\"og:image:width\" content=\"2560\" \/>\n\t<meta property=\"og:image:height\" content=\"2249\" \/>\n\t<meta property=\"og:image:type\" content=\"image\/jpeg\" \/>\n<meta name=\"twitter:card\" content=\"summary_large_image\" \/>\n<meta name=\"twitter:label1\" content=\"Est. reading time\" \/>\n\t<meta name=\"twitter:data1\" content=\"4 minute\" \/>\n<script type=\"application\/ld+json\" class=\"yoast-schema-graph\">{\"@context\":\"https:\/\/schema.org\",\"@graph\":[{\"@type\":\"WebPage\",\"@id\":\"https:\/\/www.elementvape.de\/es\/produkt\/erleben-sie-den-doppelt-intensiven-apfelgeschmack-die-bang-36000-puffs-einweg-e-zigarette-mit-double-apples-und-mesh-coil-fuer-maximalen-genuss\/\",\"url\":\"https:\/\/www.elementvape.de\/es\/produkt\/erleben-sie-den-doppelt-intensiven-apfelgeschmack-die-bang-36000-puffs-einweg-e-zigarette-mit-double-apples-und-mesh-coil-fuer-maximalen-genuss\/\",\"name\":\"Erleben Sie den doppelt intensiven Apfelgeschmack Die Bang 36000 Puffs Einweg-E-Zigarette mit Double Apples und Mesh Coil f\u00fcr maximalen Genuss | ElementVape.de\",\"isPartOf\":{\"@id\":\"https:\/\/www.elementvape.de\/#website\"},\"primaryImageOfPage\":{\"@id\":\"https:\/\/www.elementvape.de\/es\/produkt\/erleben-sie-den-doppelt-intensiven-apfelgeschmack-die-bang-36000-puffs-einweg-e-zigarette-mit-double-apples-und-mesh-coil-fuer-maximalen-genuss\/#primaryimage\"},\"image\":{\"@id\":\"https:\/\/www.elementvape.de\/es\/produkt\/erleben-sie-den-doppelt-intensiven-apfelgeschmack-die-bang-36000-puffs-einweg-e-zigarette-mit-double-apples-und-mesh-coil-fuer-maximalen-genuss\/#primaryimage\"},\"thumbnailUrl\":\"https:\/\/www.elementvape.de\/wp-content\/uploads\/2024\/09\/DOUBLE-APPLES-scaled.jpg\",\"datePublished\":\"2024-09-17T07:06:43+00:00\",\"dateModified\":\"2024-10-09T08:14:59+00:00\",\"description\":\"Wir bieten Erleben Sie den doppelt intensiven Apfelgeschmack Die Bang 36000 Puffs Einweg-E-Zigarette mit Double Apples und Mesh Coil f\u00fcr maximalen Genuss , Elementvape.de akzeptieren Gro\u00df-und Einzelhandel Bestellungen.\",\"breadcrumb\":{\"@id\":\"https:\/\/www.elementvape.de\/es\/produkt\/erleben-sie-den-doppelt-intensiven-apfelgeschmack-die-bang-36000-puffs-einweg-e-zigarette-mit-double-apples-und-mesh-coil-fuer-maximalen-genuss\/#breadcrumb\"},\"inLanguage\":\"ro-RO\",\"potentialAction\":[{\"@type\":\"ReadAction\",\"target\":[\"https:\/\/www.elementvape.de\/es\/produkt\/erleben-sie-den-doppelt-intensiven-apfelgeschmack-die-bang-36000-puffs-einweg-e-zigarette-mit-double-apples-und-mesh-coil-fuer-maximalen-genuss\/\"]}]},{\"@type\":\"ImageObject\",\"inLanguage\":\"ro-RO\",\"@id\":\"https:\/\/www.elementvape.de\/es\/produkt\/erleben-sie-den-doppelt-intensiven-apfelgeschmack-die-bang-36000-puffs-einweg-e-zigarette-mit-double-apples-und-mesh-coil-fuer-maximalen-genuss\/#primaryimage\",\"url\":\"https:\/\/www.elementvape.de\/wp-content\/uploads\/2024\/09\/DOUBLE-APPLES-scaled.jpg\",\"contentUrl\":\"https:\/\/www.elementvape.de\/wp-content\/uploads\/2024\/09\/DOUBLE-APPLES-scaled.jpg\",\"width\":2560,\"height\":2249,\"caption\":\"DOUBLE APPLES\"},{\"@type\":\"BreadcrumbList\",\"@id\":\"https:\/\/www.elementvape.de\/es\/produkt\/erleben-sie-den-doppelt-intensiven-apfelgeschmack-die-bang-36000-puffs-einweg-e-zigarette-mit-double-apples-und-mesh-coil-fuer-maximalen-genuss\/#breadcrumb\",\"itemListElement\":[{\"@type\":\"ListItem\",\"position\":1,\"name\":\"Home\",\"item\":\"https:\/\/www.elementvape.de\/\"},{\"@type\":\"ListItem\",\"position\":2,\"name\":\"Shop\",\"item\":\"https:\/\/www.elementvape.de\/shop\/\"},{\"@type\":\"ListItem\",\"position\":3,\"name\":\"Erleben Sie den doppelt intensiven Apfelgeschmack Die Bang 36000 Puffs Einweg-E-Zigarette mit Double Apples und Mesh Coil f\u00fcr maximalen Genuss\"}]},{\"@type\":\"WebSite\",\"@id\":\"https:\/\/www.elementvape.de\/#website\",\"url\":\"https:\/\/www.elementvape.de\/\",\"name\":\"ElementVape.de\",\"description\":\"\",\"publisher\":{\"@id\":\"https:\/\/www.elementvape.de\/#organization\"},\"potentialAction\":[{\"@type\":\"SearchAction\",\"target\":{\"@type\":\"EntryPoint\",\"urlTemplate\":\"https:\/\/www.elementvape.de\/?s={search_term_string}\"},\"query-input\":\"required name=search_term_string\"}],\"inLanguage\":\"ro-RO\"},{\"@type\":\"Organization\",\"@id\":\"https:\/\/www.elementvape.de\/#organization\",\"name\":\"ElementVape.DE\",\"url\":\"https:\/\/www.elementvape.de\/\",\"logo\":{\"@type\":\"ImageObject\",\"inLanguage\":\"ro-RO\",\"@id\":\"https:\/\/www.elementvape.de\/#\/schema\/logo\/image\/\",\"url\":\"https:\/\/www.elementvape.de\/wp-content\/uploads\/2024\/09\/cropped-1elementvape-3.png\",\"contentUrl\":\"https:\/\/www.elementvape.de\/wp-content\/uploads\/2024\/09\/cropped-1elementvape-3.png\",\"width\":285,\"height\":228,\"caption\":\"ElementVape.DE\"},\"image\":{\"@id\":\"https:\/\/www.elementvape.de\/#\/schema\/logo\/image\/\"}}]}<\/script>\n<!-- \/ Yoast SEO plugin. -->","yoast_head_json":{"title":"Erleben Sie den doppelt intensiven Apfelgeschmack Die Bang 36000 Puffs Einweg-E-Zigarette mit Double Apples und Mesh Coil f\u00fcr maximalen Genuss | ElementVape.de","description":"Wir bieten Erleben Sie den doppelt intensiven Apfelgeschmack Die Bang 36000 Puffs Einweg-E-Zigarette mit Double Apples und Mesh Coil f\u00fcr maximalen Genuss , Elementvape.de akzeptieren Gro\u00df-und Einzelhandel Bestellungen.","robots":{"index":"index","follow":"follow","max-snippet":"max-snippet:-1","max-image-preview":"max-image-preview:large","max-video-preview":"max-video-preview:-1"},"canonical":"https:\/\/www.elementvape.de\/ro\/produkt\/erleben-sie-den-doppelt-intensiven-apfelgeschmack-die-bang-36000-puffs-einweg-e-zigarette-mit-double-apples-und-mesh-coil-fuer-maximalen-genuss\/","og_locale":"ro_RO","og_type":"article","og_title":"Erleben Sie den doppelt intensiven Apfelgeschmack Die Bang 36000 Puffs Einweg-E-Zigarette mit Double Apples und Mesh Coil f\u00fcr maximalen Genuss | ElementVape.de","og_description":"Wir bieten Erleben Sie den doppelt intensiven Apfelgeschmack Die Bang 36000 Puffs Einweg-E-Zigarette mit Double Apples und Mesh Coil f\u00fcr maximalen Genuss , Elementvape.de akzeptieren Gro\u00df-und Einzelhandel Bestellungen.","og_url":"https:\/\/www.elementvape.de\/ro\/produkt\/erleben-sie-den-doppelt-intensiven-apfelgeschmack-die-bang-36000-puffs-einweg-e-zigarette-mit-double-apples-und-mesh-coil-fuer-maximalen-genuss\/","og_site_name":"ElementVape.de","article_modified_time":"2024-10-09T08:14:59+00:00","og_image":[{"width":2560,"height":2249,"url":"https:\/\/www.elementvape.de\/wp-content\/uploads\/2024\/09\/DOUBLE-APPLES-scaled.jpg","type":"image\/jpeg"}],"twitter_card":"summary_large_image","twitter_misc":{"Est. reading time":"4 minute"},"schema":{"@context":"https:\/\/schema.org","@graph":[{"@type":"WebPage","@id":"https:\/\/www.elementvape.de\/es\/produkt\/erleben-sie-den-doppelt-intensiven-apfelgeschmack-die-bang-36000-puffs-einweg-e-zigarette-mit-double-apples-und-mesh-coil-fuer-maximalen-genuss\/","url":"https:\/\/www.elementvape.de\/es\/produkt\/erleben-sie-den-doppelt-intensiven-apfelgeschmack-die-bang-36000-puffs-einweg-e-zigarette-mit-double-apples-und-mesh-coil-fuer-maximalen-genuss\/","name":"Erleben Sie den doppelt intensiven Apfelgeschmack Die Bang 36000 Puffs Einweg-E-Zigarette mit Double Apples und Mesh Coil f\u00fcr maximalen Genuss | ElementVape.de","isPartOf":{"@id":"https:\/\/www.elementvape.de\/#website"},"primaryImageOfPage":{"@id":"https:\/\/www.elementvape.de\/es\/produkt\/erleben-sie-den-doppelt-intensiven-apfelgeschmack-die-bang-36000-puffs-einweg-e-zigarette-mit-double-apples-und-mesh-coil-fuer-maximalen-genuss\/#primaryimage"},"image":{"@id":"https:\/\/www.elementvape.de\/es\/produkt\/erleben-sie-den-doppelt-intensiven-apfelgeschmack-die-bang-36000-puffs-einweg-e-zigarette-mit-double-apples-und-mesh-coil-fuer-maximalen-genuss\/#primaryimage"},"thumbnailUrl":"https:\/\/www.elementvape.de\/wp-content\/uploads\/2024\/09\/DOUBLE-APPLES-scaled.jpg","datePublished":"2024-09-17T07:06:43+00:00","dateModified":"2024-10-09T08:14:59+00:00","description":"Wir bieten Erleben Sie den doppelt intensiven Apfelgeschmack Die Bang 36000 Puffs Einweg-E-Zigarette mit Double Apples und Mesh Coil f\u00fcr maximalen Genuss , Elementvape.de akzeptieren Gro\u00df-und Einzelhandel Bestellungen.","breadcrumb":{"@id":"https:\/\/www.elementvape.de\/es\/produkt\/erleben-sie-den-doppelt-intensiven-apfelgeschmack-die-bang-36000-puffs-einweg-e-zigarette-mit-double-apples-und-mesh-coil-fuer-maximalen-genuss\/#breadcrumb"},"inLanguage":"ro-RO","potentialAction":[{"@type":"ReadAction","target":["https:\/\/www.elementvape.de\/es\/produkt\/erleben-sie-den-doppelt-intensiven-apfelgeschmack-die-bang-36000-puffs-einweg-e-zigarette-mit-double-apples-und-mesh-coil-fuer-maximalen-genuss\/"]}]},{"@type":"ImageObject","inLanguage":"ro-RO","@id":"https:\/\/www.elementvape.de\/es\/produkt\/erleben-sie-den-doppelt-intensiven-apfelgeschmack-die-bang-36000-puffs-einweg-e-zigarette-mit-double-apples-und-mesh-coil-fuer-maximalen-genuss\/#primaryimage","url":"https:\/\/www.elementvape.de\/wp-content\/uploads\/2024\/09\/DOUBLE-APPLES-scaled.jpg","contentUrl":"https:\/\/www.elementvape.de\/wp-content\/uploads\/2024\/09\/DOUBLE-APPLES-scaled.jpg","width":2560,"height":2249,"caption":"DOUBLE APPLES"},{"@type":"BreadcrumbList","@id":"https:\/\/www.elementvape.de\/es\/produkt\/erleben-sie-den-doppelt-intensiven-apfelgeschmack-die-bang-36000-puffs-einweg-e-zigarette-mit-double-apples-und-mesh-coil-fuer-maximalen-genuss\/#breadcrumb","itemListElement":[{"@type":"ListItem","position":1,"name":"Home","item":"https:\/\/www.elementvape.de\/"},{"@type":"ListItem","position":2,"name":"Shop","item":"https:\/\/www.elementvape.de\/shop\/"},{"@type":"ListItem","position":3,"name":"Erleben Sie den doppelt intensiven Apfelgeschmack Die Bang 36000 Puffs Einweg-E-Zigarette mit Double Apples und Mesh Coil f\u00fcr maximalen Genuss"}]},{"@type":"WebSite","@id":"https:\/\/www.elementvape.de\/#website","url":"https:\/\/www.elementvape.de\/","name":"ElementVape.de","description":"","publisher":{"@id":"https:\/\/www.elementvape.de\/#organization"},"potentialAction":[{"@type":"SearchAction","target":{"@type":"EntryPoint","urlTemplate":"https:\/\/www.elementvape.de\/?s={search_term_string}"},"query-input":"required name=search_term_string"}],"inLanguage":"ro-RO"},{"@type":"Organization","@id":"https:\/\/www.elementvape.de\/#organization","name":"ElementVape.DE","url":"https:\/\/www.elementvape.de\/","logo":{"@type":"ImageObject","inLanguage":"ro-RO","@id":"https:\/\/www.elementvape.de\/#\/schema\/logo\/image\/","url":"https:\/\/www.elementvape.de\/wp-content\/uploads\/2024\/09\/cropped-1elementvape-3.png","contentUrl":"https:\/\/www.elementvape.de\/wp-content\/uploads\/2024\/09\/cropped-1elementvape-3.png","width":285,"height":228,"caption":"ElementVape.DE"},"image":{"@id":"https:\/\/www.elementvape.de\/#\/schema\/logo\/image\/"}}]}},"_links":{"self":[{"href":"https:\/\/www.elementvape.de\/ro\/wp-json\/wp\/v2\/product\/14365"}],"collection":[{"href":"https:\/\/www.elementvape.de\/ro\/wp-json\/wp\/v2\/product"}],"about":[{"href":"https:\/\/www.elementvape.de\/ro\/wp-json\/wp\/v2\/types\/product"}],"wp:featuredmedia":[{"embeddable":true,"href":"https:\/\/www.elementvape.de\/ro\/wp-json\/wp\/v2\/media\/14353"}],"wp:attachment":[{"href":"https:\/\/www.elementvape.de\/ro\/wp-json\/wp\/v2\/media?parent=14365"}],"wp:term":[{"taxonomy":"product_cat","embeddable":true,"href":"https:\/\/www.elementvape.de\/ro\/wp-json\/wp\/v2\/product_cat?post=14365"},{"taxonomy":"product_tag","embeddable":true,"href":"https:\/\/www.elementvape.de\/ro\/wp-json\/wp\/v2\/product_tag?post=14365"}],"curies":[{"name":"wp","href":"https:\/\/api.w.org\/{rel}","templated":true}]}}