{"id":14364,"date":"2024-09-17T06:57:09","date_gmt":"2024-09-17T06:57:09","guid":{"rendered":"https:\/\/www.elementvape.de\/?post_type=product&#038;p=14364"},"modified":"2024-10-09T08:10:40","modified_gmt":"2024-10-09T08:10:40","slug":"kuehle-traubenfrische-in-jeder-zug-die-bang-einweg-e-zigarette-mit-36000-puffs-und-mesh-coil-fuer-ein-unvergessliches-grape-ice-erlebnis","status":"publish","type":"product","link":"https:\/\/www.elementvape.de\/ro\/produkt\/kuehle-traubenfrische-in-jeder-zug-die-bang-einweg-e-zigarette-mit-36000-puffs-und-mesh-coil-fuer-ein-unvergessliches-grape-ice-erlebnis\/","title":{"rendered":"R\u0103coare de struguri \u00een fiecare inhalare. \u021aigara electronic\u0103 de unic\u0103 folosin\u021b\u0103 Bang cu 36000 de pufuri \u0219i bobin\u0103 mesh pentru o experien\u021b\u0103 de Grape Ice de neuitat"},"content":{"rendered":"<h2>Prospe\u021bime r\u0103coritoare de struguri \u00een fiecare inhalare: \u021bigara electronic\u0103 de unic\u0103 folosin\u021b\u0103 Bang cu 36.000 de pufuri \u0219i Mesh Coil pentru o experien\u021b\u0103 de neuitat Grape Ice<\/h2>\n<p>\u021aigara electronic\u0103 de unic\u0103 folosin\u021b\u0103 Bang cu 36.000 de pufuri ofer\u0103 o experien\u021b\u0103 de vapare uimitoare, care va \u00eenc\u00e2nta iubitorii de arome proaspete \u0219i fructate. Cu gustul unic de Grape Ice, acest dispozitiv combin\u0103 dulcea\u021ba strugurilor coapte cu un impuls rece, care adaug\u0103 o not\u0103 r\u0103coritoare fiec\u0103rei inhal\u0103ri. Datorit\u0103 tehnologiei Mesh Coil, aroma este intensificat\u0103, iar vaparea devine o experien\u021b\u0103 de neuitat.<\/p>\n<p>Inima acestui <strong><a href=\"https:\/\/www.elementvape.de\/ro\/\" target=\"_blank\" rel=\"noopener\">E-Zigaret\u0103<\/a><\/strong> este gustul intens de Grape Ice, care ofer\u0103 un echilibru armonios \u00eentre dulcea\u021ba fructat\u0103 \u0219i r\u0103corirea rece. Aceast\u0103 combina\u021bie face ca fiecare inhalare s\u0103 fie revigorant\u0103 \u0219i energizant\u0103. Gustul de Grape Ice este deosebit de apreciat pentru:<\/p>\n<ul>\n<li>Intensitatea fructat\u0103: Strugurii sucul\u0219i \u0219i coapte aduc o dulcea\u021b\u0103 natural\u0103, care se a\u0219az\u0103 bl\u00e2nd \u0219i pl\u0103cut pe palat.<\/li>\n<li>R\u0103corirea revigorant\u0103: Nota rece, aproape de ghea\u021b\u0103, asigur\u0103 un contrast r\u0103coritor, f\u0103c\u00e2nd fiecare inhalare mai palpitant\u0103.<\/li>\n<li>Ad\u00e2ncimea gustului: Amestecul perfect \u00eentre dulcea\u021b\u0103 \u0219i prospe\u021bime asigur\u0103 un gust rotund, care se dezvolt\u0103 la fiecare inhalare \u0219i r\u0103m\u00e2ne pl\u0103cut pe tot parcursul zilei.<\/li>\n<\/ul>\n<p>Cu o capacitate incredibil\u0103 de 36.000 de pufuri, \u021bigara electronic\u0103 de unic\u0103 folosin\u021b\u0103 Bang ofer\u0103 o durabilitate f\u0103r\u0103 precedent. Po\u021bi fi sigur c\u0103 aroma fructat\u0103 \u0219i proasp\u0103t\u0103 de Grape Ice va r\u0103m\u00e2ne pentru s\u0103pt\u0103m\u00e2ni \u00eentregi, f\u0103r\u0103 a fi nevoie de reumplere sau \u00eentre\u021binere. Aceast\u0103 durabilitate face ca Bang 36.000 Puffs s\u0103 fie alegerea ideal\u0103 pentru to\u021bi cei care caut\u0103 o experien\u021b\u0103 de vapare simpl\u0103, care dureaz\u0103 mult timp.<\/p>\n<h3>Mesh Coil Experien\u021b\u0103 maxim\u0103 de gust \u0219i vapori mai densi<\/h3>\n<p>Tehnologia avansat\u0103 Mesh Coil din Bang 36.000 Puffs asigur\u0103 faptul c\u0103 gustul de Grape Ice r\u0103m\u00e2ne intens \u0219i autentic \u00een fiecare inhalare. Comparativ cu bobinele tradi\u021bionale, Mesh Coil ofer\u0103 o suprafa\u021b\u0103 de \u00eenc\u0103lzire mai mare, ceea ce duce la o \u00eenc\u0103lzire mai uniform\u0103 \u0219i mai rapid\u0103. Avantajele Mesh Coil includ:<\/p>\n<ul>\n<li>Gust mai intensificat: Mesh Coil asigur\u0103 c\u0103 notele dulci \u0219i r\u0103coritoare ale aromei Grape Ice sunt eviden\u021biate, permi\u021b\u00e2ndu-\u021bi s\u0103 experimentezi profunzimea complet\u0103 a gustului la fiecare inhalare.<\/li>\n<li>\u00cenc\u0103lzire mai rapid\u0103: Datorit\u0103 suprafe\u021bei mai mari a Mesh Coil, lichidul electronic se \u00eenc\u0103lze\u0219te mai uniform, garant\u00e2nd o calitate constant\u0103 a vapori\u0219ului.<\/li>\n<li>Vapori mai densi: Mesh Coil produce nori de vapori mai mari \u0219i mai densi, \u00eembog\u0103\u021bind experien\u021ba de vapare nu doar din punct de vedere al gustului, ci \u0219i vizual.<\/li>\n<\/ul>\n<p>Chiar dac\u0103 are o capacitate imens\u0103 de <strong><a href=\"https:\/\/www.elementvape.de\/ro\/p-tag\/vaep-36000-zuege\/\">36000 de pufuri<\/a><\/strong> bateria nu se \u00eencarc\u0103 la infinit. Dar, datorit\u0103 conectorului Type-C, \u00eenc\u0103rcarea este rapid\u0103 \u0219i simpl\u0103. Astfel, po\u021bi folosi \u00eentreaga capacitate a lichidului electronic f\u0103r\u0103 a-\u021bi face griji pentru timpi lungi de \u00eenc\u0103rcare. Conectorul Type-C asigur\u0103 ca dispozitivul s\u0103 fie gata de utilizare \u00een cel mai scurt timp.<\/p>\n<p>\u021aigara electronic\u0103 de unic\u0103 folosin\u021b\u0103 Bang cu 36.000 Puffs \u0219i Mesh Coil ofer\u0103 o experien\u021b\u0103 de Grape Ice inegalabil\u0103, perfect\u0103 pentru cei care caut\u0103 un gust r\u0103coritor \u0219i dulce. Combina\u021bia dintre aromele intense de struguri \u0219i prospe\u021bimea rece asigur\u0103 o experien\u021b\u0103 echilibrat\u0103 \u0219i pl\u0103cut\u0103 de vapare, intensificat\u0103 de tehnologia Mesh Coil \u0219i de durata lung\u0103 de via\u021b\u0103 a dispozitivului. Cu \u021bigara electronic\u0103 Bang cu 36.000 Puffs, nu prime\u0219ti doar un deliciu gustativ, ci \u0219i un companion de \u00eencredere pentru s\u0103pt\u0103m\u00e2ni.<\/p>","protected":false},"excerpt":{"rendered":"<p>K\u00fchle Traubenfrische in jeder Zug: Die Bang Einweg-E-Zigarette mit 36.000 Puffs und Mesh Coil f\u00fcr ein unvergessliches Grape Ice Erlebnis Die Bang Einweg-E-Zigarette mit 36000 Puffs bietet ein atemberaubendes Dampferlebnis, das Liebhaber von frischen, fruchtigen Aromen begeistern wird. Mit dem einzigartigen Grape Ice-Geschmack vereint dieses Ger\u00e4t die S\u00fc\u00dfe von reifen Trauben mit einem eiskalten Kick, [&hellip;]<\/p>","protected":false},"featured_media":14354,"template":"","meta":{"inline_featured_image":false},"product_cat":[15,760,731,750,737,736,749,752,756],"product_tag":[710,761],"tiered_pricing_type":"fixed","tiered_pricing_fixed_rules":{"60":"9.4","110":"8.35","200":"7.31"},"tiered_pricing_percentage_rules":[],"tiered_pricing_minimum":1,"_administrator_tiered_pricing_type":"fixed","_administrator_tiered_pricing_fixed_rules":[],"_editor_tiered_pricing_type":"fixed","_editor_tiered_pricing_fixed_rules":[],"_author_tiered_pricing_type":"fixed","_author_tiered_pricing_fixed_rules":[],"_contributor_tiered_pricing_type":"fixed","_contributor_tiered_pricing_fixed_rules":[],"_subscriber_tiered_pricing_type":"fixed","_subscriber_tiered_pricing_fixed_rules":[],"_customer_tiered_pricing_type":"fixed","_customer_tiered_pricing_fixed_rules":[],"_shop_manager_tiered_pricing_type":"fixed","_shop_manager_tiered_pricing_fixed_rules":[],"_wpseo_manager_tiered_pricing_type":"fixed","_wpseo_manager_tiered_pricing_fixed_rules":[],"_wpseo_editor_tiered_pricing_type":"fixed","_wpseo_editor_tiered_pricing_fixed_rules":[],"_wholesale_customer_tiered_pricing_type":"fixed","_wholesale_customer_tiered_pricing_fixed_rules":[],"_marketer_tiered_pricing_type":"fixed","_marketer_tiered_pricing_fixed_rules":[],"_sales_manager_tiered_pricing_type":"fixed","_sales_manager_tiered_pricing_fixed_rules":[],"_sales_rep_tiered_pricing_type":"fixed","_sales_rep_tiered_pricing_fixed_rules":[],"yoast_head":"<!-- This site is optimized with the Yoast SEO plugin v23.3 - https:\/\/yoast.com\/wordpress\/plugins\/seo\/ -->\n<title>K\u00fchle Traubenfrische in jeder Zug Die Bang Einweg-E-Zigarette mit 36000 Puffs und Mesh Coil f\u00fcr ein unvergessliches Grape Ice Erlebnis | ElementVape.de<\/title>\n<meta name=\"description\" content=\"Wir bieten K\u00fchle Traubenfrische in jeder Zug Die Bang Einweg-E-Zigarette mit 36000 Puffs und Mesh Coil f\u00fcr ein unvergessliches Grape Ice Erlebnis , Elementvape.de akzeptieren Gro\u00df-und Einzelhandel Bestellungen.\" \/>\n<meta name=\"robots\" content=\"index, follow, max-snippet:-1, max-image-preview:large, max-video-preview:-1\" \/>\n<link rel=\"canonical\" href=\"https:\/\/www.elementvape.de\/ro\/produkt\/kuehle-traubenfrische-in-jeder-zug-die-bang-einweg-e-zigarette-mit-36000-puffs-und-mesh-coil-fuer-ein-unvergessliches-grape-ice-erlebnis\/\" \/>\n<meta property=\"og:locale\" content=\"ro_RO\" \/>\n<meta property=\"og:type\" content=\"article\" \/>\n<meta property=\"og:title\" content=\"K\u00fchle Traubenfrische in jeder Zug Die Bang Einweg-E-Zigarette mit 36000 Puffs und Mesh Coil f\u00fcr ein unvergessliches Grape Ice Erlebnis | ElementVape.de\" \/>\n<meta property=\"og:description\" content=\"Wir bieten K\u00fchle Traubenfrische in jeder Zug Die Bang Einweg-E-Zigarette mit 36000 Puffs und Mesh Coil f\u00fcr ein unvergessliches Grape Ice Erlebnis , Elementvape.de akzeptieren Gro\u00df-und Einzelhandel Bestellungen.\" \/>\n<meta property=\"og:url\" content=\"https:\/\/www.elementvape.de\/ro\/produkt\/kuehle-traubenfrische-in-jeder-zug-die-bang-einweg-e-zigarette-mit-36000-puffs-und-mesh-coil-fuer-ein-unvergessliches-grape-ice-erlebnis\/\" \/>\n<meta property=\"og:site_name\" content=\"ElementVape.de\" \/>\n<meta property=\"article:modified_time\" content=\"2024-10-09T08:10:40+00:00\" \/>\n<meta property=\"og:image\" content=\"https:\/\/www.elementvape.de\/wp-content\/uploads\/2024\/09\/Grape-ice-scaled.jpg\" \/>\n\t<meta property=\"og:image:width\" content=\"2560\" \/>\n\t<meta property=\"og:image:height\" content=\"2248\" \/>\n\t<meta property=\"og:image:type\" content=\"image\/jpeg\" \/>\n<meta name=\"twitter:card\" content=\"summary_large_image\" \/>\n<meta name=\"twitter:label1\" content=\"Est. reading time\" \/>\n\t<meta name=\"twitter:data1\" content=\"3 minute\" \/>\n<script type=\"application\/ld+json\" class=\"yoast-schema-graph\">{\"@context\":\"https:\/\/schema.org\",\"@graph\":[{\"@type\":\"WebPage\",\"@id\":\"https:\/\/www.elementvape.de\/sk\/produkt\/kuehle-traubenfrische-in-jeder-zug-die-bang-einweg-e-zigarette-mit-36000-puffs-und-mesh-coil-fuer-ein-unvergessliches-grape-ice-erlebnis\/\",\"url\":\"https:\/\/www.elementvape.de\/sk\/produkt\/kuehle-traubenfrische-in-jeder-zug-die-bang-einweg-e-zigarette-mit-36000-puffs-und-mesh-coil-fuer-ein-unvergessliches-grape-ice-erlebnis\/\",\"name\":\"K\u00fchle Traubenfrische in jeder Zug Die Bang Einweg-E-Zigarette mit 36000 Puffs und Mesh Coil f\u00fcr ein unvergessliches Grape Ice Erlebnis | ElementVape.de\",\"isPartOf\":{\"@id\":\"https:\/\/www.elementvape.de\/#website\"},\"primaryImageOfPage\":{\"@id\":\"https:\/\/www.elementvape.de\/sk\/produkt\/kuehle-traubenfrische-in-jeder-zug-die-bang-einweg-e-zigarette-mit-36000-puffs-und-mesh-coil-fuer-ein-unvergessliches-grape-ice-erlebnis\/#primaryimage\"},\"image\":{\"@id\":\"https:\/\/www.elementvape.de\/sk\/produkt\/kuehle-traubenfrische-in-jeder-zug-die-bang-einweg-e-zigarette-mit-36000-puffs-und-mesh-coil-fuer-ein-unvergessliches-grape-ice-erlebnis\/#primaryimage\"},\"thumbnailUrl\":\"https:\/\/www.elementvape.de\/wp-content\/uploads\/2024\/09\/Grape-ice-scaled.jpg\",\"datePublished\":\"2024-09-17T06:57:09+00:00\",\"dateModified\":\"2024-10-09T08:10:40+00:00\",\"description\":\"Wir bieten K\u00fchle Traubenfrische in jeder Zug Die Bang Einweg-E-Zigarette mit 36000 Puffs und Mesh Coil f\u00fcr ein unvergessliches Grape Ice Erlebnis , Elementvape.de akzeptieren Gro\u00df-und Einzelhandel Bestellungen.\",\"breadcrumb\":{\"@id\":\"https:\/\/www.elementvape.de\/sk\/produkt\/kuehle-traubenfrische-in-jeder-zug-die-bang-einweg-e-zigarette-mit-36000-puffs-und-mesh-coil-fuer-ein-unvergessliches-grape-ice-erlebnis\/#breadcrumb\"},\"inLanguage\":\"ro-RO\",\"potentialAction\":[{\"@type\":\"ReadAction\",\"target\":[\"https:\/\/www.elementvape.de\/sk\/produkt\/kuehle-traubenfrische-in-jeder-zug-die-bang-einweg-e-zigarette-mit-36000-puffs-und-mesh-coil-fuer-ein-unvergessliches-grape-ice-erlebnis\/\"]}]},{\"@type\":\"ImageObject\",\"inLanguage\":\"ro-RO\",\"@id\":\"https:\/\/www.elementvape.de\/sk\/produkt\/kuehle-traubenfrische-in-jeder-zug-die-bang-einweg-e-zigarette-mit-36000-puffs-und-mesh-coil-fuer-ein-unvergessliches-grape-ice-erlebnis\/#primaryimage\",\"url\":\"https:\/\/www.elementvape.de\/wp-content\/uploads\/2024\/09\/Grape-ice-scaled.jpg\",\"contentUrl\":\"https:\/\/www.elementvape.de\/wp-content\/uploads\/2024\/09\/Grape-ice-scaled.jpg\",\"width\":2560,\"height\":2248,\"caption\":\"Grape ice\"},{\"@type\":\"BreadcrumbList\",\"@id\":\"https:\/\/www.elementvape.de\/sk\/produkt\/kuehle-traubenfrische-in-jeder-zug-die-bang-einweg-e-zigarette-mit-36000-puffs-und-mesh-coil-fuer-ein-unvergessliches-grape-ice-erlebnis\/#breadcrumb\",\"itemListElement\":[{\"@type\":\"ListItem\",\"position\":1,\"name\":\"Home\",\"item\":\"https:\/\/www.elementvape.de\/\"},{\"@type\":\"ListItem\",\"position\":2,\"name\":\"Shop\",\"item\":\"https:\/\/www.elementvape.de\/shop\/\"},{\"@type\":\"ListItem\",\"position\":3,\"name\":\"K\u00fchle Traubenfrische in jeder Zug Die Bang Einweg-E-Zigarette mit 36000 Puffs und Mesh Coil f\u00fcr ein unvergessliches Grape Ice Erlebnis\"}]},{\"@type\":\"WebSite\",\"@id\":\"https:\/\/www.elementvape.de\/#website\",\"url\":\"https:\/\/www.elementvape.de\/\",\"name\":\"ElementVape.de\",\"description\":\"\",\"publisher\":{\"@id\":\"https:\/\/www.elementvape.de\/#organization\"},\"potentialAction\":[{\"@type\":\"SearchAction\",\"target\":{\"@type\":\"EntryPoint\",\"urlTemplate\":\"https:\/\/www.elementvape.de\/?s={search_term_string}\"},\"query-input\":\"required name=search_term_string\"}],\"inLanguage\":\"ro-RO\"},{\"@type\":\"Organization\",\"@id\":\"https:\/\/www.elementvape.de\/#organization\",\"name\":\"ElementVape.DE\",\"url\":\"https:\/\/www.elementvape.de\/\",\"logo\":{\"@type\":\"ImageObject\",\"inLanguage\":\"ro-RO\",\"@id\":\"https:\/\/www.elementvape.de\/#\/schema\/logo\/image\/\",\"url\":\"https:\/\/www.elementvape.de\/wp-content\/uploads\/2024\/09\/cropped-1elementvape-3.png\",\"contentUrl\":\"https:\/\/www.elementvape.de\/wp-content\/uploads\/2024\/09\/cropped-1elementvape-3.png\",\"width\":285,\"height\":228,\"caption\":\"ElementVape.DE\"},\"image\":{\"@id\":\"https:\/\/www.elementvape.de\/#\/schema\/logo\/image\/\"}}]}<\/script>\n<!-- \/ Yoast SEO plugin. -->","yoast_head_json":{"title":"K\u00fchle Traubenfrische in jeder Zug Die Bang Einweg-E-Zigarette mit 36000 Puffs und Mesh Coil f\u00fcr ein unvergessliches Grape Ice Erlebnis | ElementVape.de","description":"Wir bieten K\u00fchle Traubenfrische in jeder Zug Die Bang Einweg-E-Zigarette mit 36000 Puffs und Mesh Coil f\u00fcr ein unvergessliches Grape Ice Erlebnis , Elementvape.de akzeptieren Gro\u00df-und Einzelhandel Bestellungen.","robots":{"index":"index","follow":"follow","max-snippet":"max-snippet:-1","max-image-preview":"max-image-preview:large","max-video-preview":"max-video-preview:-1"},"canonical":"https:\/\/www.elementvape.de\/ro\/produkt\/kuehle-traubenfrische-in-jeder-zug-die-bang-einweg-e-zigarette-mit-36000-puffs-und-mesh-coil-fuer-ein-unvergessliches-grape-ice-erlebnis\/","og_locale":"ro_RO","og_type":"article","og_title":"K\u00fchle Traubenfrische in jeder Zug Die Bang Einweg-E-Zigarette mit 36000 Puffs und Mesh Coil f\u00fcr ein unvergessliches Grape Ice Erlebnis | ElementVape.de","og_description":"Wir bieten K\u00fchle Traubenfrische in jeder Zug Die Bang Einweg-E-Zigarette mit 36000 Puffs und Mesh Coil f\u00fcr ein unvergessliches Grape Ice Erlebnis , Elementvape.de akzeptieren Gro\u00df-und Einzelhandel Bestellungen.","og_url":"https:\/\/www.elementvape.de\/ro\/produkt\/kuehle-traubenfrische-in-jeder-zug-die-bang-einweg-e-zigarette-mit-36000-puffs-und-mesh-coil-fuer-ein-unvergessliches-grape-ice-erlebnis\/","og_site_name":"ElementVape.de","article_modified_time":"2024-10-09T08:10:40+00:00","og_image":[{"width":2560,"height":2248,"url":"https:\/\/www.elementvape.de\/wp-content\/uploads\/2024\/09\/Grape-ice-scaled.jpg","type":"image\/jpeg"}],"twitter_card":"summary_large_image","twitter_misc":{"Est. reading time":"3 minute"},"schema":{"@context":"https:\/\/schema.org","@graph":[{"@type":"WebPage","@id":"https:\/\/www.elementvape.de\/sk\/produkt\/kuehle-traubenfrische-in-jeder-zug-die-bang-einweg-e-zigarette-mit-36000-puffs-und-mesh-coil-fuer-ein-unvergessliches-grape-ice-erlebnis\/","url":"https:\/\/www.elementvape.de\/sk\/produkt\/kuehle-traubenfrische-in-jeder-zug-die-bang-einweg-e-zigarette-mit-36000-puffs-und-mesh-coil-fuer-ein-unvergessliches-grape-ice-erlebnis\/","name":"K\u00fchle Traubenfrische in jeder Zug Die Bang Einweg-E-Zigarette mit 36000 Puffs und Mesh Coil f\u00fcr ein unvergessliches Grape Ice Erlebnis | ElementVape.de","isPartOf":{"@id":"https:\/\/www.elementvape.de\/#website"},"primaryImageOfPage":{"@id":"https:\/\/www.elementvape.de\/sk\/produkt\/kuehle-traubenfrische-in-jeder-zug-die-bang-einweg-e-zigarette-mit-36000-puffs-und-mesh-coil-fuer-ein-unvergessliches-grape-ice-erlebnis\/#primaryimage"},"image":{"@id":"https:\/\/www.elementvape.de\/sk\/produkt\/kuehle-traubenfrische-in-jeder-zug-die-bang-einweg-e-zigarette-mit-36000-puffs-und-mesh-coil-fuer-ein-unvergessliches-grape-ice-erlebnis\/#primaryimage"},"thumbnailUrl":"https:\/\/www.elementvape.de\/wp-content\/uploads\/2024\/09\/Grape-ice-scaled.jpg","datePublished":"2024-09-17T06:57:09+00:00","dateModified":"2024-10-09T08:10:40+00:00","description":"Wir bieten K\u00fchle Traubenfrische in jeder Zug Die Bang Einweg-E-Zigarette mit 36000 Puffs und Mesh Coil f\u00fcr ein unvergessliches Grape Ice Erlebnis , Elementvape.de akzeptieren Gro\u00df-und Einzelhandel Bestellungen.","breadcrumb":{"@id":"https:\/\/www.elementvape.de\/sk\/produkt\/kuehle-traubenfrische-in-jeder-zug-die-bang-einweg-e-zigarette-mit-36000-puffs-und-mesh-coil-fuer-ein-unvergessliches-grape-ice-erlebnis\/#breadcrumb"},"inLanguage":"ro-RO","potentialAction":[{"@type":"ReadAction","target":["https:\/\/www.elementvape.de\/sk\/produkt\/kuehle-traubenfrische-in-jeder-zug-die-bang-einweg-e-zigarette-mit-36000-puffs-und-mesh-coil-fuer-ein-unvergessliches-grape-ice-erlebnis\/"]}]},{"@type":"ImageObject","inLanguage":"ro-RO","@id":"https:\/\/www.elementvape.de\/sk\/produkt\/kuehle-traubenfrische-in-jeder-zug-die-bang-einweg-e-zigarette-mit-36000-puffs-und-mesh-coil-fuer-ein-unvergessliches-grape-ice-erlebnis\/#primaryimage","url":"https:\/\/www.elementvape.de\/wp-content\/uploads\/2024\/09\/Grape-ice-scaled.jpg","contentUrl":"https:\/\/www.elementvape.de\/wp-content\/uploads\/2024\/09\/Grape-ice-scaled.jpg","width":2560,"height":2248,"caption":"Grape ice"},{"@type":"BreadcrumbList","@id":"https:\/\/www.elementvape.de\/sk\/produkt\/kuehle-traubenfrische-in-jeder-zug-die-bang-einweg-e-zigarette-mit-36000-puffs-und-mesh-coil-fuer-ein-unvergessliches-grape-ice-erlebnis\/#breadcrumb","itemListElement":[{"@type":"ListItem","position":1,"name":"Home","item":"https:\/\/www.elementvape.de\/"},{"@type":"ListItem","position":2,"name":"Shop","item":"https:\/\/www.elementvape.de\/shop\/"},{"@type":"ListItem","position":3,"name":"K\u00fchle Traubenfrische in jeder Zug Die Bang Einweg-E-Zigarette mit 36000 Puffs und Mesh Coil f\u00fcr ein unvergessliches Grape Ice Erlebnis"}]},{"@type":"WebSite","@id":"https:\/\/www.elementvape.de\/#website","url":"https:\/\/www.elementvape.de\/","name":"ElementVape.de","description":"","publisher":{"@id":"https:\/\/www.elementvape.de\/#organization"},"potentialAction":[{"@type":"SearchAction","target":{"@type":"EntryPoint","urlTemplate":"https:\/\/www.elementvape.de\/?s={search_term_string}"},"query-input":"required name=search_term_string"}],"inLanguage":"ro-RO"},{"@type":"Organization","@id":"https:\/\/www.elementvape.de\/#organization","name":"ElementVape.DE","url":"https:\/\/www.elementvape.de\/","logo":{"@type":"ImageObject","inLanguage":"ro-RO","@id":"https:\/\/www.elementvape.de\/#\/schema\/logo\/image\/","url":"https:\/\/www.elementvape.de\/wp-content\/uploads\/2024\/09\/cropped-1elementvape-3.png","contentUrl":"https:\/\/www.elementvape.de\/wp-content\/uploads\/2024\/09\/cropped-1elementvape-3.png","width":285,"height":228,"caption":"ElementVape.DE"},"image":{"@id":"https:\/\/www.elementvape.de\/#\/schema\/logo\/image\/"}}]}},"_links":{"self":[{"href":"https:\/\/www.elementvape.de\/ro\/wp-json\/wp\/v2\/product\/14364"}],"collection":[{"href":"https:\/\/www.elementvape.de\/ro\/wp-json\/wp\/v2\/product"}],"about":[{"href":"https:\/\/www.elementvape.de\/ro\/wp-json\/wp\/v2\/types\/product"}],"wp:featuredmedia":[{"embeddable":true,"href":"https:\/\/www.elementvape.de\/ro\/wp-json\/wp\/v2\/media\/14354"}],"wp:attachment":[{"href":"https:\/\/www.elementvape.de\/ro\/wp-json\/wp\/v2\/media?parent=14364"}],"wp:term":[{"taxonomy":"product_cat","embeddable":true,"href":"https:\/\/www.elementvape.de\/ro\/wp-json\/wp\/v2\/product_cat?post=14364"},{"taxonomy":"product_tag","embeddable":true,"href":"https:\/\/www.elementvape.de\/ro\/wp-json\/wp\/v2\/product_tag?post=14364"}],"curies":[{"name":"wp","href":"https:\/\/api.w.org\/{rel}","templated":true}]}}