{"id":14349,"date":"2024-09-17T05:50:28","date_gmt":"2024-09-17T05:50:28","guid":{"rendered":"https:\/\/www.elementvape.de\/?post_type=product&#038;p=14349"},"modified":"2024-10-09T08:15:45","modified_gmt":"2024-10-09T08:15:45","slug":"erleben-sie-den-tropischen-genuss-von-pfirsich-mango-und-wassermelone-mit-der-bang-36-000-puffs-einweg-e-zigarette-und-mesh-coil","status":"publish","type":"product","link":"https:\/\/www.elementvape.de\/ro\/produkt\/erleben-sie-den-tropischen-genuss-von-pfirsich-mango-und-wassermelone-mit-der-bang-36-000-puffs-einweg-e-zigarette-und-mesh-coil\/","title":{"rendered":"Experimenta\u021bi pl\u0103cerea tropical\u0103 a piersicii, mango-ului \u0219i pepeneului cu Bang 36.000 Puffs E-\u021bigar\u0103 de unic\u0103 folosin\u021b\u0103 \u0219i Mesh Coil"},"content":{"rendered":"<h2>Experimenta\u021bi pl\u0103cerea tropical\u0103 a piersicii, mango-ului \u0219i pepeneului cu Bang 36.000 Puffs E-\u021bigar\u0103 de unic\u0103 folosin\u021b\u0103 \u0219i Mesh Coil<\/h2>\n<p>\u00cen lumea dinamic\u0103 a \u021bigaretelor electronice, arome exotice \u0219i tehnologii avansate sunt esen\u021biale pentru a oferi o experien\u021b\u0103 intens\u0103 \u0219i pl\u0103cut\u0103 de inhalare a vaporilor. Cu \u021bigara electronic\u0103 de unic\u0103 folosin\u021b\u0103 Bang 36000 Puffs, echipat\u0103 cu o bobin\u0103 din plas\u0103, inhalarea vaporilor este dus\u0103 la un nou nivel. Arome de piersic\u0103 tropical\u0103, mango \u0219i pepene verde \u00ee\u021bi poart\u0103 papilele gustative \u00eentr-un paradis \u0219i asigur\u0103 o pl\u0103cere de durat\u0103 \u2013 inhalare dup\u0103 inhalare.<\/p>\n<h3>Explozie de gust tropical: piersic\u0103 mango \u0219i pepene verde<\/h3>\n<p>Inima acestui produs este f\u0103r\u0103 \u00eendoial\u0103 gustul. Bang 36000 Puffs <strong><a href=\"https:\/\/www.elementvape.de\/ro\/c\/einweg-zigarette\/\" target=\"_blank\" rel=\"noopener\">\u021aigar\u0103 electronic\u0103 de unic\u0103 folosin\u021b\u0103<\/a><\/strong> combin\u0103 aromele suculase de mango \u0219i piersic\u0103 coapte cu dulcea\u021ba proasp\u0103t\u0103 a pepenelui verde. Acest trio de fructe tropicale nu este doar r\u0103coritor, ci \u0219i perfect echilibrat pentru a oferi fiec\u0103rei inhal\u0103ri o prospe\u021bime inegalabil\u0103.<\/p>\n<ul>\n<li>Piersic\u0103 mango: Piersica dulce, u\u0219or amar\u0103, se \u00eembin\u0103 armonios cu dulcea\u021ba tropical\u0103 a mango-ului \u0219i ofer\u0103 un gust plin de fructe.<\/li>\n<li>Pepene verde: Pepenele verde adaug\u0103 o not\u0103 efervescent\u0103 \u0219i r\u0103coritoare, complet\u00e2nd experien\u021ba gustativ\u0103 \u0219i fiind deosebit de popular \u00een timpul verii.<\/li>\n<\/ul>\n<h3>36.000 de inhal\u0103ri \u2013 Durabilitate maxim\u0103 pentru pl\u0103cere continu\u0103<\/h3>\n<p>Unul dintre cele mai mari avantaje ale Bang 36000 este capacitatea sa imens\u0103 de p\u00e2n\u0103 la 36.000 de inhal\u0103ri. Aceast\u0103 durabilitate \u00eenseamn\u0103 c\u0103 po\u021bi savura timp de s\u0103pt\u0103m\u00e2ni \u00eentregi, f\u0103r\u0103 griji c\u0103 dispozitivul se va termina prematur. Indiferent dac\u0103 e\u0219ti un inhalator frecvent sau folose\u0219ti dispozitivul ocazional \u2013 Bang 36000 ofer\u0103 o performan\u021b\u0103 excep\u021bional\u0103, suficient\u0103 pentru multe sesiuni de inhalare.<\/p>\n<h3>Bobin\u0103 din plas\u0103 \u2013 Gust mai intens \u0219i nori de vapori densi<\/h3>\n<p>Utilizarea unei bobine din plas\u0103 este un alt punct forte al acestei \u021big\u0103ri electronice de unic\u0103 folosin\u021b\u0103. Bobinele din plas\u0103 sunt cunoscute pentru a \u00eenc\u0103lzi vaporii eficient \u0219i uniform, ceea ce duce la un gust mai intens \u0219i nori de vapori mai mari. Cu Bang 36000 beneficiezi de:<\/p>\n<ul>\n<li>\u00cenc\u0103lzire mai rapid\u0103: Tehnologia bobinei din plas\u0103 asigur\u0103 o distribu\u021bie mai rapid\u0103 \u0219i mai uniform\u0103 a c\u0103ldurii.<\/li>\n<li>Reproducere mai fidel\u0103 a gustului: Gustul aromelor r\u0103m\u00e2ne autentic \u0219i plin de savoare \u2013 de la prima p\u00e2n\u0103 la ultima inhalare.<\/li>\n<li>Nori de vapori mai mari: Datorit\u0103 suprafe\u021bei de \u00eenc\u0103lzire \u00eembun\u0103t\u0103\u021bite, se formeaz\u0103 nori de vapori densi \u0219i volumino\u0219i, f\u0103c\u00e2nd experien\u021ba de inhalare \u0219i mai intens\u0103.<\/li>\n<\/ul>\n<h3>Exotic tropical \u00eent\u00e2lne\u0219te tehnologia avansat\u0103<\/h3>\n<p>\u021aigara electronic\u0103 de unic\u0103 folosin\u021b\u0103 Bang 36000 Puffs cu arome de piersic\u0103, mango \u0219i pepene verde este mai mult dec\u00e2t o \u021bigar\u0103 electronic\u0103 \u2013 este o invita\u021bie \u00een lumi de gust tropicale, \u00eenso\u021bit\u0103 de cea mai recent\u0103 tehnologie pentru o experien\u021b\u0103 intens\u0103 \u0219i de durat\u0103. Indiferent dac\u0103 e\u0219ti \u00eencep\u0103tor sau experimentat <strong><a href=\"https:\/\/www.elementvape.de\/ro\/\" target=\"_blank\" rel=\"noopener\">fum\u0103tori<\/a><\/strong> \u2013 cu acest dispozitiv prime\u0219ti combina\u021bia perfect\u0103 \u00eentre performan\u021b\u0103, gust \u0219i u\u0219urin\u021b\u0103 \u00een utilizare.<\/p>","protected":false},"excerpt":{"rendered":"<p>Erleben Sie den tropischen Genuss von Pfirsich Mango und Wassermelone mit der Bang 36000 Puffs Einweg-E-Zigarette und Mesh Coil In der dynamischen Welt der E-Zigarett en sind exotische Aromen und fortschrittliche Technologien entscheidend, um ein intensives und angenehmes Dampferlebnis zu bieten. Mit der Bang 36000 Puffs Einweg-E-Zigarette, die mit einer Mesh Coil ausgestattet ist, wird [&hellip;]<\/p>","protected":false},"featured_media":14350,"template":"","meta":{"inline_featured_image":false},"product_cat":[15,760,78,750,737,736,749,752,756],"product_tag":[710,761],"tiered_pricing_type":"fixed","tiered_pricing_fixed_rules":{"60":"9.4","110":"8.35","200":"7.31"},"tiered_pricing_percentage_rules":[],"tiered_pricing_minimum":1,"_administrator_tiered_pricing_type":"fixed","_administrator_tiered_pricing_fixed_rules":[],"_editor_tiered_pricing_type":"fixed","_editor_tiered_pricing_fixed_rules":[],"_author_tiered_pricing_type":"fixed","_author_tiered_pricing_fixed_rules":[],"_contributor_tiered_pricing_type":"fixed","_contributor_tiered_pricing_fixed_rules":[],"_subscriber_tiered_pricing_type":"fixed","_subscriber_tiered_pricing_fixed_rules":[],"_customer_tiered_pricing_type":"fixed","_customer_tiered_pricing_fixed_rules":[],"_shop_manager_tiered_pricing_type":"fixed","_shop_manager_tiered_pricing_fixed_rules":[],"_wpseo_manager_tiered_pricing_type":"fixed","_wpseo_manager_tiered_pricing_fixed_rules":[],"_wpseo_editor_tiered_pricing_type":"fixed","_wpseo_editor_tiered_pricing_fixed_rules":[],"_wholesale_customer_tiered_pricing_type":"fixed","_wholesale_customer_tiered_pricing_fixed_rules":[],"_marketer_tiered_pricing_type":"fixed","_marketer_tiered_pricing_fixed_rules":[],"_sales_manager_tiered_pricing_type":"fixed","_sales_manager_tiered_pricing_fixed_rules":[],"_sales_rep_tiered_pricing_type":"fixed","_sales_rep_tiered_pricing_fixed_rules":[],"yoast_head":"<!-- This site is optimized with the Yoast SEO plugin v23.3 - https:\/\/yoast.com\/wordpress\/plugins\/seo\/ -->\n<title>Erleben Sie den tropischen Genuss von Pfirsich Mango und Wassermelone mit der Bang 36.000 Puffs Einweg-E-Zigarette und Mesh Coil | ElementVape.de<\/title>\n<meta name=\"description\" content=\"Wir bieten Erleben Sie den tropischen Genuss von Pfirsich Mango und Wassermelone mit der Bang 36.000 Puffs Einweg-E-Zigarette und Mesh Coil , Elementvape.de akzeptieren Gro\u00df-und Einzelhandel Bestellungen.\" \/>\n<meta name=\"robots\" content=\"index, follow, max-snippet:-1, max-image-preview:large, max-video-preview:-1\" \/>\n<link rel=\"canonical\" href=\"https:\/\/www.elementvape.de\/ro\/produkt\/erleben-sie-den-tropischen-genuss-von-pfirsich-mango-und-wassermelone-mit-der-bang-36-000-puffs-einweg-e-zigarette-und-mesh-coil\/\" \/>\n<meta property=\"og:locale\" content=\"ro_RO\" \/>\n<meta property=\"og:type\" content=\"article\" \/>\n<meta property=\"og:title\" content=\"Erleben Sie den tropischen Genuss von Pfirsich Mango und Wassermelone mit der Bang 36.000 Puffs Einweg-E-Zigarette und Mesh Coil | ElementVape.de\" \/>\n<meta property=\"og:description\" content=\"Wir bieten Erleben Sie den tropischen Genuss von Pfirsich Mango und Wassermelone mit der Bang 36.000 Puffs Einweg-E-Zigarette und Mesh Coil , Elementvape.de akzeptieren Gro\u00df-und Einzelhandel Bestellungen.\" \/>\n<meta property=\"og:url\" content=\"https:\/\/www.elementvape.de\/ro\/produkt\/erleben-sie-den-tropischen-genuss-von-pfirsich-mango-und-wassermelone-mit-der-bang-36-000-puffs-einweg-e-zigarette-und-mesh-coil\/\" \/>\n<meta property=\"og:site_name\" content=\"ElementVape.de\" \/>\n<meta property=\"article:modified_time\" content=\"2024-10-09T08:15:45+00:00\" \/>\n<meta property=\"og:image\" content=\"https:\/\/www.elementvape.de\/wp-content\/uploads\/2024\/09\/PEACH-MANGO-WATERNTEION-scaled.jpg\" \/>\n\t<meta property=\"og:image:width\" content=\"2560\" \/>\n\t<meta property=\"og:image:height\" content=\"2249\" \/>\n\t<meta property=\"og:image:type\" content=\"image\/jpeg\" \/>\n<meta name=\"twitter:card\" content=\"summary_large_image\" \/>\n<meta name=\"twitter:label1\" content=\"Est. reading time\" \/>\n\t<meta name=\"twitter:data1\" content=\"3 minute\" \/>\n<script type=\"application\/ld+json\" class=\"yoast-schema-graph\">{\"@context\":\"https:\/\/schema.org\",\"@graph\":[{\"@type\":\"WebPage\",\"@id\":\"https:\/\/www.elementvape.de\/pl\/produkt\/erleben-sie-den-tropischen-genuss-von-pfirsich-mango-und-wassermelone-mit-der-bang-36-000-puffs-einweg-e-zigarette-und-mesh-coil\/\",\"url\":\"https:\/\/www.elementvape.de\/pl\/produkt\/erleben-sie-den-tropischen-genuss-von-pfirsich-mango-und-wassermelone-mit-der-bang-36-000-puffs-einweg-e-zigarette-und-mesh-coil\/\",\"name\":\"Erleben Sie den tropischen Genuss von Pfirsich Mango und Wassermelone mit der Bang 36.000 Puffs Einweg-E-Zigarette und Mesh Coil | ElementVape.de\",\"isPartOf\":{\"@id\":\"https:\/\/www.elementvape.de\/#website\"},\"primaryImageOfPage\":{\"@id\":\"https:\/\/www.elementvape.de\/pl\/produkt\/erleben-sie-den-tropischen-genuss-von-pfirsich-mango-und-wassermelone-mit-der-bang-36-000-puffs-einweg-e-zigarette-und-mesh-coil\/#primaryimage\"},\"image\":{\"@id\":\"https:\/\/www.elementvape.de\/pl\/produkt\/erleben-sie-den-tropischen-genuss-von-pfirsich-mango-und-wassermelone-mit-der-bang-36-000-puffs-einweg-e-zigarette-und-mesh-coil\/#primaryimage\"},\"thumbnailUrl\":\"https:\/\/www.elementvape.de\/wp-content\/uploads\/2024\/09\/PEACH-MANGO-WATERNTEION-scaled.jpg\",\"datePublished\":\"2024-09-17T05:50:28+00:00\",\"dateModified\":\"2024-10-09T08:15:45+00:00\",\"description\":\"Wir bieten Erleben Sie den tropischen Genuss von Pfirsich Mango und Wassermelone mit der Bang 36.000 Puffs Einweg-E-Zigarette und Mesh Coil , Elementvape.de akzeptieren Gro\u00df-und Einzelhandel Bestellungen.\",\"breadcrumb\":{\"@id\":\"https:\/\/www.elementvape.de\/pl\/produkt\/erleben-sie-den-tropischen-genuss-von-pfirsich-mango-und-wassermelone-mit-der-bang-36-000-puffs-einweg-e-zigarette-und-mesh-coil\/#breadcrumb\"},\"inLanguage\":\"ro-RO\",\"potentialAction\":[{\"@type\":\"ReadAction\",\"target\":[\"https:\/\/www.elementvape.de\/pl\/produkt\/erleben-sie-den-tropischen-genuss-von-pfirsich-mango-und-wassermelone-mit-der-bang-36-000-puffs-einweg-e-zigarette-und-mesh-coil\/\"]}]},{\"@type\":\"ImageObject\",\"inLanguage\":\"ro-RO\",\"@id\":\"https:\/\/www.elementvape.de\/pl\/produkt\/erleben-sie-den-tropischen-genuss-von-pfirsich-mango-und-wassermelone-mit-der-bang-36-000-puffs-einweg-e-zigarette-und-mesh-coil\/#primaryimage\",\"url\":\"https:\/\/www.elementvape.de\/wp-content\/uploads\/2024\/09\/PEACH-MANGO-WATERNTEION-scaled.jpg\",\"contentUrl\":\"https:\/\/www.elementvape.de\/wp-content\/uploads\/2024\/09\/PEACH-MANGO-WATERNTEION-scaled.jpg\",\"width\":2560,\"height\":2249,\"caption\":\"PEACH MANGO WATERNTEION\"},{\"@type\":\"BreadcrumbList\",\"@id\":\"https:\/\/www.elementvape.de\/pl\/produkt\/erleben-sie-den-tropischen-genuss-von-pfirsich-mango-und-wassermelone-mit-der-bang-36-000-puffs-einweg-e-zigarette-und-mesh-coil\/#breadcrumb\",\"itemListElement\":[{\"@type\":\"ListItem\",\"position\":1,\"name\":\"Home\",\"item\":\"https:\/\/www.elementvape.de\/\"},{\"@type\":\"ListItem\",\"position\":2,\"name\":\"Shop\",\"item\":\"https:\/\/www.elementvape.de\/shop\/\"},{\"@type\":\"ListItem\",\"position\":3,\"name\":\"Erleben Sie den tropischen Genuss von Pfirsich Mango und Wassermelone mit der Bang 36.000 Puffs Einweg-E-Zigarette und Mesh Coil\"}]},{\"@type\":\"WebSite\",\"@id\":\"https:\/\/www.elementvape.de\/#website\",\"url\":\"https:\/\/www.elementvape.de\/\",\"name\":\"ElementVape.de\",\"description\":\"\",\"publisher\":{\"@id\":\"https:\/\/www.elementvape.de\/#organization\"},\"potentialAction\":[{\"@type\":\"SearchAction\",\"target\":{\"@type\":\"EntryPoint\",\"urlTemplate\":\"https:\/\/www.elementvape.de\/?s={search_term_string}\"},\"query-input\":\"required name=search_term_string\"}],\"inLanguage\":\"ro-RO\"},{\"@type\":\"Organization\",\"@id\":\"https:\/\/www.elementvape.de\/#organization\",\"name\":\"ElementVape.DE\",\"url\":\"https:\/\/www.elementvape.de\/\",\"logo\":{\"@type\":\"ImageObject\",\"inLanguage\":\"ro-RO\",\"@id\":\"https:\/\/www.elementvape.de\/#\/schema\/logo\/image\/\",\"url\":\"https:\/\/www.elementvape.de\/wp-content\/uploads\/2024\/09\/cropped-1elementvape-3.png\",\"contentUrl\":\"https:\/\/www.elementvape.de\/wp-content\/uploads\/2024\/09\/cropped-1elementvape-3.png\",\"width\":285,\"height\":228,\"caption\":\"ElementVape.DE\"},\"image\":{\"@id\":\"https:\/\/www.elementvape.de\/#\/schema\/logo\/image\/\"}}]}<\/script>\n<!-- \/ Yoast SEO plugin. -->","yoast_head_json":{"title":"Erleben Sie den tropischen Genuss von Pfirsich Mango und Wassermelone mit der Bang 36.000 Puffs Einweg-E-Zigarette und Mesh Coil | ElementVape.de","description":"Wir bieten Erleben Sie den tropischen Genuss von Pfirsich Mango und Wassermelone mit der Bang 36.000 Puffs Einweg-E-Zigarette und Mesh Coil , Elementvape.de akzeptieren Gro\u00df-und Einzelhandel Bestellungen.","robots":{"index":"index","follow":"follow","max-snippet":"max-snippet:-1","max-image-preview":"max-image-preview:large","max-video-preview":"max-video-preview:-1"},"canonical":"https:\/\/www.elementvape.de\/ro\/produkt\/erleben-sie-den-tropischen-genuss-von-pfirsich-mango-und-wassermelone-mit-der-bang-36-000-puffs-einweg-e-zigarette-und-mesh-coil\/","og_locale":"ro_RO","og_type":"article","og_title":"Erleben Sie den tropischen Genuss von Pfirsich Mango und Wassermelone mit der Bang 36.000 Puffs Einweg-E-Zigarette und Mesh Coil | ElementVape.de","og_description":"Wir bieten Erleben Sie den tropischen Genuss von Pfirsich Mango und Wassermelone mit der Bang 36.000 Puffs Einweg-E-Zigarette und Mesh Coil , Elementvape.de akzeptieren Gro\u00df-und Einzelhandel Bestellungen.","og_url":"https:\/\/www.elementvape.de\/ro\/produkt\/erleben-sie-den-tropischen-genuss-von-pfirsich-mango-und-wassermelone-mit-der-bang-36-000-puffs-einweg-e-zigarette-und-mesh-coil\/","og_site_name":"ElementVape.de","article_modified_time":"2024-10-09T08:15:45+00:00","og_image":[{"width":2560,"height":2249,"url":"https:\/\/www.elementvape.de\/wp-content\/uploads\/2024\/09\/PEACH-MANGO-WATERNTEION-scaled.jpg","type":"image\/jpeg"}],"twitter_card":"summary_large_image","twitter_misc":{"Est. reading time":"3 minute"},"schema":{"@context":"https:\/\/schema.org","@graph":[{"@type":"WebPage","@id":"https:\/\/www.elementvape.de\/pl\/produkt\/erleben-sie-den-tropischen-genuss-von-pfirsich-mango-und-wassermelone-mit-der-bang-36-000-puffs-einweg-e-zigarette-und-mesh-coil\/","url":"https:\/\/www.elementvape.de\/pl\/produkt\/erleben-sie-den-tropischen-genuss-von-pfirsich-mango-und-wassermelone-mit-der-bang-36-000-puffs-einweg-e-zigarette-und-mesh-coil\/","name":"Erleben Sie den tropischen Genuss von Pfirsich Mango und Wassermelone mit der Bang 36.000 Puffs Einweg-E-Zigarette und Mesh Coil | ElementVape.de","isPartOf":{"@id":"https:\/\/www.elementvape.de\/#website"},"primaryImageOfPage":{"@id":"https:\/\/www.elementvape.de\/pl\/produkt\/erleben-sie-den-tropischen-genuss-von-pfirsich-mango-und-wassermelone-mit-der-bang-36-000-puffs-einweg-e-zigarette-und-mesh-coil\/#primaryimage"},"image":{"@id":"https:\/\/www.elementvape.de\/pl\/produkt\/erleben-sie-den-tropischen-genuss-von-pfirsich-mango-und-wassermelone-mit-der-bang-36-000-puffs-einweg-e-zigarette-und-mesh-coil\/#primaryimage"},"thumbnailUrl":"https:\/\/www.elementvape.de\/wp-content\/uploads\/2024\/09\/PEACH-MANGO-WATERNTEION-scaled.jpg","datePublished":"2024-09-17T05:50:28+00:00","dateModified":"2024-10-09T08:15:45+00:00","description":"Wir bieten Erleben Sie den tropischen Genuss von Pfirsich Mango und Wassermelone mit der Bang 36.000 Puffs Einweg-E-Zigarette und Mesh Coil , Elementvape.de akzeptieren Gro\u00df-und Einzelhandel Bestellungen.","breadcrumb":{"@id":"https:\/\/www.elementvape.de\/pl\/produkt\/erleben-sie-den-tropischen-genuss-von-pfirsich-mango-und-wassermelone-mit-der-bang-36-000-puffs-einweg-e-zigarette-und-mesh-coil\/#breadcrumb"},"inLanguage":"ro-RO","potentialAction":[{"@type":"ReadAction","target":["https:\/\/www.elementvape.de\/pl\/produkt\/erleben-sie-den-tropischen-genuss-von-pfirsich-mango-und-wassermelone-mit-der-bang-36-000-puffs-einweg-e-zigarette-und-mesh-coil\/"]}]},{"@type":"ImageObject","inLanguage":"ro-RO","@id":"https:\/\/www.elementvape.de\/pl\/produkt\/erleben-sie-den-tropischen-genuss-von-pfirsich-mango-und-wassermelone-mit-der-bang-36-000-puffs-einweg-e-zigarette-und-mesh-coil\/#primaryimage","url":"https:\/\/www.elementvape.de\/wp-content\/uploads\/2024\/09\/PEACH-MANGO-WATERNTEION-scaled.jpg","contentUrl":"https:\/\/www.elementvape.de\/wp-content\/uploads\/2024\/09\/PEACH-MANGO-WATERNTEION-scaled.jpg","width":2560,"height":2249,"caption":"PEACH MANGO WATERNTEION"},{"@type":"BreadcrumbList","@id":"https:\/\/www.elementvape.de\/pl\/produkt\/erleben-sie-den-tropischen-genuss-von-pfirsich-mango-und-wassermelone-mit-der-bang-36-000-puffs-einweg-e-zigarette-und-mesh-coil\/#breadcrumb","itemListElement":[{"@type":"ListItem","position":1,"name":"Home","item":"https:\/\/www.elementvape.de\/"},{"@type":"ListItem","position":2,"name":"Shop","item":"https:\/\/www.elementvape.de\/shop\/"},{"@type":"ListItem","position":3,"name":"Erleben Sie den tropischen Genuss von Pfirsich Mango und Wassermelone mit der Bang 36.000 Puffs Einweg-E-Zigarette und Mesh Coil"}]},{"@type":"WebSite","@id":"https:\/\/www.elementvape.de\/#website","url":"https:\/\/www.elementvape.de\/","name":"ElementVape.de","description":"","publisher":{"@id":"https:\/\/www.elementvape.de\/#organization"},"potentialAction":[{"@type":"SearchAction","target":{"@type":"EntryPoint","urlTemplate":"https:\/\/www.elementvape.de\/?s={search_term_string}"},"query-input":"required name=search_term_string"}],"inLanguage":"ro-RO"},{"@type":"Organization","@id":"https:\/\/www.elementvape.de\/#organization","name":"ElementVape.DE","url":"https:\/\/www.elementvape.de\/","logo":{"@type":"ImageObject","inLanguage":"ro-RO","@id":"https:\/\/www.elementvape.de\/#\/schema\/logo\/image\/","url":"https:\/\/www.elementvape.de\/wp-content\/uploads\/2024\/09\/cropped-1elementvape-3.png","contentUrl":"https:\/\/www.elementvape.de\/wp-content\/uploads\/2024\/09\/cropped-1elementvape-3.png","width":285,"height":228,"caption":"ElementVape.DE"},"image":{"@id":"https:\/\/www.elementvape.de\/#\/schema\/logo\/image\/"}}]}},"_links":{"self":[{"href":"https:\/\/www.elementvape.de\/ro\/wp-json\/wp\/v2\/product\/14349"}],"collection":[{"href":"https:\/\/www.elementvape.de\/ro\/wp-json\/wp\/v2\/product"}],"about":[{"href":"https:\/\/www.elementvape.de\/ro\/wp-json\/wp\/v2\/types\/product"}],"wp:featuredmedia":[{"embeddable":true,"href":"https:\/\/www.elementvape.de\/ro\/wp-json\/wp\/v2\/media\/14350"}],"wp:attachment":[{"href":"https:\/\/www.elementvape.de\/ro\/wp-json\/wp\/v2\/media?parent=14349"}],"wp:term":[{"taxonomy":"product_cat","embeddable":true,"href":"https:\/\/www.elementvape.de\/ro\/wp-json\/wp\/v2\/product_cat?post=14349"},{"taxonomy":"product_tag","embeddable":true,"href":"https:\/\/www.elementvape.de\/ro\/wp-json\/wp\/v2\/product_tag?post=14349"}],"curies":[{"name":"wp","href":"https:\/\/api.w.org\/{rel}","templated":true}]}}