{"id":14193,"date":"2024-09-06T08:52:27","date_gmt":"2024-09-06T08:52:27","guid":{"rendered":"https:\/\/www.elementvape.de\/?post_type=product&#038;p=14193"},"modified":"2024-10-15T02:36:50","modified_gmt":"2024-10-15T02:36:50","slug":"erleben-sie-12000-puffs-erfrischenden-watermelon-ice-geschmack-mit-der-bang-box-e-zigarette-hochwertige-einweg-e-zigaretten-fuer-maximalen-fruchtgenuss-und-frische","status":"publish","type":"product","link":"https:\/\/www.elementvape.de\/ro\/produkt\/erleben-sie-12000-puffs-erfrischenden-watermelon-ice-geschmack-mit-der-bang-box-e-zigarette-hochwertige-einweg-e-zigaretten-fuer-maximalen-fruchtgenuss-und-frische\/","title":{"rendered":"Experimenta\u021bi 12000 de pufuri cu gust r\u0103coritor de pepene ro\u0219u cu ghea\u021b\u0103 cu Bang Box E-\u021bigar\u0103 \u2013 \u021big\u0103ri electronice de unic\u0103 folosin\u021b\u0103 de \u00eenalt\u0103 calitate pentru maximum de pl\u0103cere fructat\u0103 \u0219i prospe\u021bime"},"content":{"rendered":"<p>\u021aigar\u0103 electronic\u0103 Bang Box 12000 Puff cu gust revigorant de Pepene Verde cu Ghea\u021b\u0103 pentru o pl\u0103cere maxim\u0103<\/p>\n<p>\u021aigara electronic\u0103 Bang Box 12000 Puff ofer\u0103 o experien\u021b\u0103 de vapat de neegalat cu gustul de Pepene Verde cu Ghea\u021b\u0103, care asigur\u0103 o pl\u0103cere intens\u0103 a fructelor \u0219i o r\u0103coare revigorant\u0103. Aceast\u0103 \u021bigar\u0103 electronic\u0103 de unic\u0103 folosin\u021b\u0103 de \u00eenalt\u0103 calitate este alegerea ideal\u0103 pentru vaperii care t\u00e2njesc dup\u0103 o experien\u021b\u0103 de vapat lung\u0103, fructat\u0103 \u0219i r\u0103coroas\u0103, f\u0103r\u0103 a fi nevoie s\u0103 renun\u021be la calitate \u0219i durabilitate.<\/p>\n<p>Iat\u0103 cele mai importante detalii despre Bang Box, pe scurt:<\/p>\n<table>\n<thead>\n<tr>\n<th>Caracteristic\u0103<\/th>\n<th>Specifica\u021bie<\/th>\n<\/tr>\n<\/thead>\n<tbody>\n<tr>\n<td>Gust<\/td>\n<td>Pepene Verde Ghea\u021b\u0103<\/td>\n<\/tr>\n<tr>\n<td>Capacitate puff-uri<\/td>\n<td>12000 de pufuri<\/td>\n<\/tr>\n<tr>\n<td>Baterie<\/td>\n<td>650mAh<\/td>\n<\/tr>\n<tr>\n<td>Capacitate e-lichid<\/td>\n<td>20ml<\/td>\n<\/tr>\n<tr>\n<td>Rezisten\u021b\u0103<\/td>\n<td>Mesh 0.8ohm<\/td>\n<\/tr>\n<tr>\n<td>Con\u021binut N<\/td>\n<td>2% sau 5%<\/td>\n<\/tr>\n<tr>\n<td>Greutatea produsului<\/td>\n<td>85g<\/td>\n<\/tr>\n<tr>\n<td>Dimensiunea produsului<\/td>\n<td>113mm x 32mm<\/td>\n<\/tr>\n<tr>\n<td>Conexiune de \u00eenc\u0103rcare<\/td>\n<td>Port de \u00eenc\u0103rcare Type-C<\/td>\n<\/tr>\n<tr>\n<td>Caracteristic\u0103 special\u0103<\/td>\n<td>Lumin\u0103 LED colorat\u0103<\/td>\n<\/tr>\n<\/tbody>\n<\/table>\n<h3>12000 de pufuri pentru o pl\u0103cere de lung\u0103 durat\u0103<\/h3>\n<p>Capacitate maxim\u0103 de pufuri pentru vapat ne\u00eentrerupt Cu p\u00e2n\u0103 la 12000 de pufuri, Bang Box permite o utilizare deosebit de lung\u0103, astfel \u00eenc\u00e2t s\u0103 v\u0103 pute\u021bi bucura de gustul de Pepene Verde cu Ghea\u021b\u0103 pe o perioad\u0103 extins\u0103 de timp. Aceast\u0103 capacitate mare de pufuri este ideal\u0103 pentru vaperii care caut\u0103 o \u021bigar\u0103 electronic\u0103 fiabil\u0103 \u0219i rezistent\u0103 <strong><a href=\"https:\/\/www.elementvape.de\/ro\/\" target=\"_blank\" rel=\"noopener\">E-Zigaret\u0103<\/a><\/strong> care s\u0103-i \u00eenso\u021beasc\u0103 zile sau s\u0103pt\u0103m\u00e2ni \u00eentregi.<\/p>\n<p>Baterie puternic\u0103 de 650mAh pentru performan\u021b\u0103 constant\u0103 Bateria puternic\u0103 de 650mAh asigur\u0103 c\u0103 pute\u021bi utiliza \u021bigara electronic\u0103 pentru perioade lungi de timp, f\u0103r\u0103 ca bateria s\u0103 se descarce rapid. Portul de \u00eenc\u0103rcare Type-C permite o \u00eenc\u0103rcare rapid\u0103 \u0219i u\u0219oar\u0103, astfel \u00eenc\u00e2t dispozitivul s\u0103 fie \u00eentotdeauna gata pentru urm\u0103toarea utilizare. Aceast\u0103 combina\u021bie garanteaz\u0103 c\u0103 v\u0103 pute\u021bi bucura pe deplin de gustul de Pepene Verde cu Ghea\u021b\u0103 f\u0103r\u0103 \u00eentreruperi.<\/p>\n<h3>Gust revigorant de Pepene Verde cu Ghea\u021b\u0103<\/h3>\n<p>Amestec fructat \u0219i r\u0103coros pentru o pl\u0103cere intens\u0103 Gustul de Pepene Verde cu Ghea\u021b\u0103 al Bang Box ofer\u0103 o combina\u021bie revigorant\u0103 de pepene verde suculent \u0219i un efect mentolat r\u0103coros. Acest amestec gustativ asigur\u0103 o experien\u021b\u0103 de vapat de neegalat, care este at\u00e2t fructat\u0103, c\u00e2t \u0219i revigorant\u0103. Fiecare puf aduce la iveal\u0103 dulcea\u021ba pepenelui verde \u0219i r\u0103coarea pl\u0103cut\u0103 a ghe\u021bii, ceea ce face ca vapatul s\u0103 fie o experien\u021b\u0103 special\u0103.<\/p>\n<p>Tehnologie Mesh-Coil pentru un gust uniform Tehnologia 0.8ohm Mesh-Coil a Bang Box asigur\u0103 o vaporizare uniform\u0103 \u0219i eficient\u0103 a e-lichidului. Acest lucru duce la o experien\u021b\u0103 gustativ\u0103 consistent\u0103 \u0219i intens\u0103, \u00een care gustul de Pepene Verde cu Ghea\u021b\u0103 este p\u0103strat p\u00e2n\u0103 la ultimul puf. Mesh-Coil produce nori den\u0219i de vapori \u0219i intensific\u0103 pl\u0103cerea fructat-r\u0103coroas\u0103 la fiecare puf.<\/p>\n<p>U\u0219oar\u0103 \u0219i compact\u0103 pentru o mobilitate u\u0219oar\u0103 Cu o greutate de doar 85g \u0219i dimensiunile de 113mm x 32mm, Bang Box este u\u0219oar\u0103 \u0219i compact\u0103. Acest lucru o face ideal\u0103 pentru utilizarea zilnic\u0103 \u0219i \u00een deplasare. \u021aigara electronic\u0103 \u00eencape cu u\u0219urin\u021b\u0103 \u00een orice buzunar sau geant\u0103 de m\u00e2n\u0103, astfel \u00eenc\u00e2t s\u0103 pute\u021bi avea \u00eentotdeauna cu dumneavoastr\u0103 gustul revigorant de Pepene Verde cu Ghea\u021b\u0103.<\/p>\n<p>Utilizare simpl\u0103, f\u0103r\u0103 pa\u0219i complica\u021bi Bang Box este u\u0219or de utilizat \u0219i nu necesit\u0103 o operare complicat\u0103. Pur \u0219i simplu \u00eenc\u0103rca\u021bi \u0219i trage\u021bi pentru a experimenta pl\u0103cerea imediat\u0103. Aceast\u0103 manevrare simpl\u0103 face ca \u021bigara electronic\u0103 s\u0103 fie atractiv\u0103 at\u00e2t pentru \u00eencep\u0103tori, c\u00e2t \u0219i pentru cei experimenta\u021bi <strong><a href=\"https:\/\/www.elementvape.de\/ro\/\" target=\"_blank\" rel=\"noopener\">fum\u0103tori<\/a><\/strong> care caut\u0103 o experien\u021b\u0103 de vapat pl\u0103cut\u0103 \u0219i f\u0103r\u0103 probleme.<\/p>\n<h3>Materiale de \u00eenalt\u0103 calitate \u0219i func\u021bii de siguran\u021b\u0103<\/h3>\n<p>Design robust pentru o durat\u0103 lung\u0103 de via\u021b\u0103 Bang Box este fabricat\u0103 din materiale robuste, de \u00eenalt\u0103 calitate, care garanteaz\u0103 o durat\u0103 lung\u0103 de via\u021b\u0103. Carcasa solid\u0103 protejeaz\u0103 dispozitivul de uzur\u0103 \u0219i influen\u021be externe, astfel \u00eenc\u00e2t s\u0103 v\u0103 pute\u021bi bucura de o performan\u021b\u0103 fiabil\u0103. Durabilitatea Bang Box o face o alegere valoroas\u0103 pentru to\u021bi vaperii care pun pre\u021b pe calitate.<\/p>\n<p>Func\u021bii de siguran\u021b\u0103 pentru o experien\u021b\u0103 de vapat f\u0103r\u0103 griji Echipat\u0103 cu func\u021bii importante de siguran\u021b\u0103, cum ar fi protec\u021bia la supra\u00eenc\u0103lzire \u0219i protec\u021bia la supra\u00eenc\u0103rcare, Bang Box asigur\u0103 un vapat sigur. Aceste mecanisme de protec\u021bie garanteaz\u0103 c\u0103 dispozitivul r\u0103m\u00e2ne stabil \u0219i sigur chiar \u0219i \u00een cazul unei utiliz\u0103ri intensive. Astfel, v\u0103 pute\u021bi bucura pe deplin de gustul de Pepene Verde cu Ghea\u021b\u0103 f\u0103r\u0103 griji.<\/p>","protected":false},"excerpt":{"rendered":"<p>Bang Box 12000 Puff E-Zigarette Erfrischender Watermelon Ice Geschmack f\u00fcr maximalen Genuss Die Bang Box 12000 Puff E-Zigarette bietet ein unvergleichliches Dampferlebnis mit dem Watermelon Ice Geschmack, der f\u00fcr einen intensiven Fruchtgenuss und eine erfrischende K\u00fchle sorgt. Diese hochwertige Einweg-E-Zigarette ist die ideale Wahl f\u00fcr Dampfer, die sich nach einem langen, fruchtigen und k\u00fchlen Dampferlebnis [&hellip;]<\/p>","protected":false},"featured_media":14194,"template":"","meta":{"inline_featured_image":false},"product_cat":[15,728,78,735,746,741,733,750,737,736,749,752,756,744,755,738,751],"product_tag":[710,673],"tiered_pricing_type":"fixed","tiered_pricing_fixed_rules":{"60":"6.58","110":"5.85","200":"5.12"},"tiered_pricing_percentage_rules":[],"tiered_pricing_minimum":1,"_administrator_tiered_pricing_type":"fixed","_administrator_tiered_pricing_fixed_rules":[],"_editor_tiered_pricing_type":"fixed","_editor_tiered_pricing_fixed_rules":[],"_author_tiered_pricing_type":"fixed","_author_tiered_pricing_fixed_rules":[],"_contributor_tiered_pricing_type":"fixed","_contributor_tiered_pricing_fixed_rules":[],"_subscriber_tiered_pricing_type":"fixed","_subscriber_tiered_pricing_fixed_rules":[],"_customer_tiered_pricing_type":"fixed","_customer_tiered_pricing_fixed_rules":[],"_shop_manager_tiered_pricing_type":"fixed","_shop_manager_tiered_pricing_fixed_rules":[],"_wpseo_manager_tiered_pricing_type":"fixed","_wpseo_manager_tiered_pricing_fixed_rules":[],"_wpseo_editor_tiered_pricing_type":"fixed","_wpseo_editor_tiered_pricing_fixed_rules":[],"_wholesale_customer_tiered_pricing_type":"fixed","_wholesale_customer_tiered_pricing_fixed_rules":[],"_marketer_tiered_pricing_type":"fixed","_marketer_tiered_pricing_fixed_rules":[],"_sales_manager_tiered_pricing_type":"fixed","_sales_manager_tiered_pricing_fixed_rules":[],"_sales_rep_tiered_pricing_type":"fixed","_sales_rep_tiered_pricing_fixed_rules":[],"yoast_head":"<!-- This site is optimized with the Yoast SEO plugin v23.3 - https:\/\/yoast.com\/wordpress\/plugins\/seo\/ -->\n<title>Erleben Sie 12000 Puffs erfrischenden Watermelon Ice Geschmack mit der Bang Box E-Zigarette Hochwertige Einweg-E-Zigaretten f\u00fcr maximalen Fruchtgenuss und Frische | ElementVape.de<\/title>\n<meta name=\"description\" content=\"Wir bieten Erleben Sie 12000 Puffs erfrischenden Watermelon Ice Geschmack mit der Bang Box E-Zigarette Hochwertige Einweg-E-Zigaretten f\u00fcr maximalen Fruchtgenuss und Frische , Elementvape.de akzeptieren Gro\u00df-und Einzelhandel Bestellungen.\" \/>\n<meta name=\"robots\" content=\"index, follow, max-snippet:-1, max-image-preview:large, max-video-preview:-1\" \/>\n<link rel=\"canonical\" href=\"https:\/\/www.elementvape.de\/ro\/produkt\/erleben-sie-12000-puffs-erfrischenden-watermelon-ice-geschmack-mit-der-bang-box-e-zigarette-hochwertige-einweg-e-zigaretten-fuer-maximalen-fruchtgenuss-und-frische\/\" \/>\n<meta property=\"og:locale\" content=\"ro_RO\" \/>\n<meta property=\"og:type\" content=\"article\" \/>\n<meta property=\"og:title\" content=\"Erleben Sie 12000 Puffs erfrischenden Watermelon Ice Geschmack mit der Bang Box E-Zigarette Hochwertige Einweg-E-Zigaretten f\u00fcr maximalen Fruchtgenuss und Frische | ElementVape.de\" \/>\n<meta property=\"og:description\" content=\"Wir bieten Erleben Sie 12000 Puffs erfrischenden Watermelon Ice Geschmack mit der Bang Box E-Zigarette Hochwertige Einweg-E-Zigaretten f\u00fcr maximalen Fruchtgenuss und Frische , Elementvape.de akzeptieren Gro\u00df-und Einzelhandel Bestellungen.\" \/>\n<meta property=\"og:url\" content=\"https:\/\/www.elementvape.de\/ro\/produkt\/erleben-sie-12000-puffs-erfrischenden-watermelon-ice-geschmack-mit-der-bang-box-e-zigarette-hochwertige-einweg-e-zigaretten-fuer-maximalen-fruchtgenuss-und-frische\/\" \/>\n<meta property=\"og:site_name\" content=\"ElementVape.de\" \/>\n<meta property=\"article:modified_time\" content=\"2024-10-15T02:36:50+00:00\" \/>\n<meta property=\"og:image\" content=\"https:\/\/www.elementvape.de\/wp-content\/uploads\/2024\/09\/Watermelon-Ice-2-1024x859.jpg\" \/>\n\t<meta property=\"og:image:width\" content=\"1024\" \/>\n\t<meta property=\"og:image:height\" content=\"859\" \/>\n\t<meta property=\"og:image:type\" content=\"image\/jpeg\" \/>\n<meta name=\"twitter:card\" content=\"summary_large_image\" \/>\n<meta name=\"twitter:label1\" content=\"Est. reading time\" \/>\n\t<meta name=\"twitter:data1\" content=\"4 minute\" \/>\n<script type=\"application\/ld+json\" class=\"yoast-schema-graph\">{\"@context\":\"https:\/\/schema.org\",\"@graph\":[{\"@type\":\"WebPage\",\"@id\":\"https:\/\/www.elementvape.de\/produkt\/erleben-sie-12000-puffs-erfrischenden-watermelon-ice-geschmack-mit-der-bang-box-e-zigarette-hochwertige-einweg-e-zigaretten-fuer-maximalen-fruchtgenuss-und-frische\/\",\"url\":\"https:\/\/www.elementvape.de\/produkt\/erleben-sie-12000-puffs-erfrischenden-watermelon-ice-geschmack-mit-der-bang-box-e-zigarette-hochwertige-einweg-e-zigaretten-fuer-maximalen-fruchtgenuss-und-frische\/\",\"name\":\"Erleben Sie 12000 Puffs erfrischenden Watermelon Ice Geschmack mit der Bang Box E-Zigarette Hochwertige Einweg-E-Zigaretten f\u00fcr maximalen Fruchtgenuss und Frische | ElementVape.de\",\"isPartOf\":{\"@id\":\"https:\/\/www.elementvape.de\/#website\"},\"primaryImageOfPage\":{\"@id\":\"https:\/\/www.elementvape.de\/produkt\/erleben-sie-12000-puffs-erfrischenden-watermelon-ice-geschmack-mit-der-bang-box-e-zigarette-hochwertige-einweg-e-zigaretten-fuer-maximalen-fruchtgenuss-und-frische\/#primaryimage\"},\"image\":{\"@id\":\"https:\/\/www.elementvape.de\/produkt\/erleben-sie-12000-puffs-erfrischenden-watermelon-ice-geschmack-mit-der-bang-box-e-zigarette-hochwertige-einweg-e-zigaretten-fuer-maximalen-fruchtgenuss-und-frische\/#primaryimage\"},\"thumbnailUrl\":\"https:\/\/www.elementvape.de\/wp-content\/uploads\/2024\/09\/Watermelon-Ice-2.jpg\",\"datePublished\":\"2024-09-06T08:52:27+00:00\",\"dateModified\":\"2024-10-15T02:36:50+00:00\",\"description\":\"Wir bieten Erleben Sie 12000 Puffs erfrischenden Watermelon Ice Geschmack mit der Bang Box E-Zigarette Hochwertige Einweg-E-Zigaretten f\u00fcr maximalen Fruchtgenuss und Frische , Elementvape.de akzeptieren Gro\u00df-und Einzelhandel Bestellungen.\",\"breadcrumb\":{\"@id\":\"https:\/\/www.elementvape.de\/produkt\/erleben-sie-12000-puffs-erfrischenden-watermelon-ice-geschmack-mit-der-bang-box-e-zigarette-hochwertige-einweg-e-zigaretten-fuer-maximalen-fruchtgenuss-und-frische\/#breadcrumb\"},\"inLanguage\":\"ro-RO\",\"potentialAction\":[{\"@type\":\"ReadAction\",\"target\":[\"https:\/\/www.elementvape.de\/produkt\/erleben-sie-12000-puffs-erfrischenden-watermelon-ice-geschmack-mit-der-bang-box-e-zigarette-hochwertige-einweg-e-zigaretten-fuer-maximalen-fruchtgenuss-und-frische\/\"]}]},{\"@type\":\"ImageObject\",\"inLanguage\":\"ro-RO\",\"@id\":\"https:\/\/www.elementvape.de\/produkt\/erleben-sie-12000-puffs-erfrischenden-watermelon-ice-geschmack-mit-der-bang-box-e-zigarette-hochwertige-einweg-e-zigaretten-fuer-maximalen-fruchtgenuss-und-frische\/#primaryimage\",\"url\":\"https:\/\/www.elementvape.de\/wp-content\/uploads\/2024\/09\/Watermelon-Ice-2.jpg\",\"contentUrl\":\"https:\/\/www.elementvape.de\/wp-content\/uploads\/2024\/09\/Watermelon-Ice-2.jpg\",\"width\":2442,\"height\":2048,\"caption\":\"Watermelon Ice\"},{\"@type\":\"BreadcrumbList\",\"@id\":\"https:\/\/www.elementvape.de\/produkt\/erleben-sie-12000-puffs-erfrischenden-watermelon-ice-geschmack-mit-der-bang-box-e-zigarette-hochwertige-einweg-e-zigaretten-fuer-maximalen-fruchtgenuss-und-frische\/#breadcrumb\",\"itemListElement\":[{\"@type\":\"ListItem\",\"position\":1,\"name\":\"Home\",\"item\":\"https:\/\/www.elementvape.de\/\"},{\"@type\":\"ListItem\",\"position\":2,\"name\":\"Shop\",\"item\":\"https:\/\/www.elementvape.de\/shop\/\"},{\"@type\":\"ListItem\",\"position\":3,\"name\":\"Erleben Sie 12000 Puffs erfrischenden Watermelon Ice Geschmack mit der Bang Box E-Zigarette Hochwertige Einweg-E-Zigaretten f\u00fcr maximalen Fruchtgenuss und Frische\"}]},{\"@type\":\"WebSite\",\"@id\":\"https:\/\/www.elementvape.de\/#website\",\"url\":\"https:\/\/www.elementvape.de\/\",\"name\":\"ElementVape.de\",\"description\":\"\",\"publisher\":{\"@id\":\"https:\/\/www.elementvape.de\/#organization\"},\"potentialAction\":[{\"@type\":\"SearchAction\",\"target\":{\"@type\":\"EntryPoint\",\"urlTemplate\":\"https:\/\/www.elementvape.de\/?s={search_term_string}\"},\"query-input\":\"required name=search_term_string\"}],\"inLanguage\":\"ro-RO\"},{\"@type\":\"Organization\",\"@id\":\"https:\/\/www.elementvape.de\/#organization\",\"name\":\"ElementVape.DE\",\"url\":\"https:\/\/www.elementvape.de\/\",\"logo\":{\"@type\":\"ImageObject\",\"inLanguage\":\"ro-RO\",\"@id\":\"https:\/\/www.elementvape.de\/#\/schema\/logo\/image\/\",\"url\":\"https:\/\/www.elementvape.de\/wp-content\/uploads\/2024\/09\/cropped-1elementvape-3.png\",\"contentUrl\":\"https:\/\/www.elementvape.de\/wp-content\/uploads\/2024\/09\/cropped-1elementvape-3.png\",\"width\":285,\"height\":228,\"caption\":\"ElementVape.DE\"},\"image\":{\"@id\":\"https:\/\/www.elementvape.de\/#\/schema\/logo\/image\/\"}}]}<\/script>\n<!-- \/ Yoast SEO plugin. -->","yoast_head_json":{"title":"Erleben Sie 12000 Puffs erfrischenden Watermelon Ice Geschmack mit der Bang Box E-Zigarette Hochwertige Einweg-E-Zigaretten f\u00fcr maximalen Fruchtgenuss und Frische | ElementVape.de","description":"Wir bieten Erleben Sie 12000 Puffs erfrischenden Watermelon Ice Geschmack mit der Bang Box E-Zigarette Hochwertige Einweg-E-Zigaretten f\u00fcr maximalen Fruchtgenuss und Frische , Elementvape.de akzeptieren Gro\u00df-und Einzelhandel Bestellungen.","robots":{"index":"index","follow":"follow","max-snippet":"max-snippet:-1","max-image-preview":"max-image-preview:large","max-video-preview":"max-video-preview:-1"},"canonical":"https:\/\/www.elementvape.de\/ro\/produkt\/erleben-sie-12000-puffs-erfrischenden-watermelon-ice-geschmack-mit-der-bang-box-e-zigarette-hochwertige-einweg-e-zigaretten-fuer-maximalen-fruchtgenuss-und-frische\/","og_locale":"ro_RO","og_type":"article","og_title":"Erleben Sie 12000 Puffs erfrischenden Watermelon Ice Geschmack mit der Bang Box E-Zigarette Hochwertige Einweg-E-Zigaretten f\u00fcr maximalen Fruchtgenuss und Frische | ElementVape.de","og_description":"Wir bieten Erleben Sie 12000 Puffs erfrischenden Watermelon Ice Geschmack mit der Bang Box E-Zigarette Hochwertige Einweg-E-Zigaretten f\u00fcr maximalen Fruchtgenuss und Frische , Elementvape.de akzeptieren Gro\u00df-und Einzelhandel Bestellungen.","og_url":"https:\/\/www.elementvape.de\/ro\/produkt\/erleben-sie-12000-puffs-erfrischenden-watermelon-ice-geschmack-mit-der-bang-box-e-zigarette-hochwertige-einweg-e-zigaretten-fuer-maximalen-fruchtgenuss-und-frische\/","og_site_name":"ElementVape.de","article_modified_time":"2024-10-15T02:36:50+00:00","og_image":[{"width":1024,"height":859,"url":"https:\/\/www.elementvape.de\/wp-content\/uploads\/2024\/09\/Watermelon-Ice-2-1024x859.jpg","type":"image\/jpeg"}],"twitter_card":"summary_large_image","twitter_misc":{"Est. reading time":"4 minute"},"schema":{"@context":"https:\/\/schema.org","@graph":[{"@type":"WebPage","@id":"https:\/\/www.elementvape.de\/produkt\/erleben-sie-12000-puffs-erfrischenden-watermelon-ice-geschmack-mit-der-bang-box-e-zigarette-hochwertige-einweg-e-zigaretten-fuer-maximalen-fruchtgenuss-und-frische\/","url":"https:\/\/www.elementvape.de\/produkt\/erleben-sie-12000-puffs-erfrischenden-watermelon-ice-geschmack-mit-der-bang-box-e-zigarette-hochwertige-einweg-e-zigaretten-fuer-maximalen-fruchtgenuss-und-frische\/","name":"Erleben Sie 12000 Puffs erfrischenden Watermelon Ice Geschmack mit der Bang Box E-Zigarette Hochwertige Einweg-E-Zigaretten f\u00fcr maximalen Fruchtgenuss und Frische | ElementVape.de","isPartOf":{"@id":"https:\/\/www.elementvape.de\/#website"},"primaryImageOfPage":{"@id":"https:\/\/www.elementvape.de\/produkt\/erleben-sie-12000-puffs-erfrischenden-watermelon-ice-geschmack-mit-der-bang-box-e-zigarette-hochwertige-einweg-e-zigaretten-fuer-maximalen-fruchtgenuss-und-frische\/#primaryimage"},"image":{"@id":"https:\/\/www.elementvape.de\/produkt\/erleben-sie-12000-puffs-erfrischenden-watermelon-ice-geschmack-mit-der-bang-box-e-zigarette-hochwertige-einweg-e-zigaretten-fuer-maximalen-fruchtgenuss-und-frische\/#primaryimage"},"thumbnailUrl":"https:\/\/www.elementvape.de\/wp-content\/uploads\/2024\/09\/Watermelon-Ice-2.jpg","datePublished":"2024-09-06T08:52:27+00:00","dateModified":"2024-10-15T02:36:50+00:00","description":"Wir bieten Erleben Sie 12000 Puffs erfrischenden Watermelon Ice Geschmack mit der Bang Box E-Zigarette Hochwertige Einweg-E-Zigaretten f\u00fcr maximalen Fruchtgenuss und Frische , Elementvape.de akzeptieren Gro\u00df-und Einzelhandel Bestellungen.","breadcrumb":{"@id":"https:\/\/www.elementvape.de\/produkt\/erleben-sie-12000-puffs-erfrischenden-watermelon-ice-geschmack-mit-der-bang-box-e-zigarette-hochwertige-einweg-e-zigaretten-fuer-maximalen-fruchtgenuss-und-frische\/#breadcrumb"},"inLanguage":"ro-RO","potentialAction":[{"@type":"ReadAction","target":["https:\/\/www.elementvape.de\/produkt\/erleben-sie-12000-puffs-erfrischenden-watermelon-ice-geschmack-mit-der-bang-box-e-zigarette-hochwertige-einweg-e-zigaretten-fuer-maximalen-fruchtgenuss-und-frische\/"]}]},{"@type":"ImageObject","inLanguage":"ro-RO","@id":"https:\/\/www.elementvape.de\/produkt\/erleben-sie-12000-puffs-erfrischenden-watermelon-ice-geschmack-mit-der-bang-box-e-zigarette-hochwertige-einweg-e-zigaretten-fuer-maximalen-fruchtgenuss-und-frische\/#primaryimage","url":"https:\/\/www.elementvape.de\/wp-content\/uploads\/2024\/09\/Watermelon-Ice-2.jpg","contentUrl":"https:\/\/www.elementvape.de\/wp-content\/uploads\/2024\/09\/Watermelon-Ice-2.jpg","width":2442,"height":2048,"caption":"Watermelon Ice"},{"@type":"BreadcrumbList","@id":"https:\/\/www.elementvape.de\/produkt\/erleben-sie-12000-puffs-erfrischenden-watermelon-ice-geschmack-mit-der-bang-box-e-zigarette-hochwertige-einweg-e-zigaretten-fuer-maximalen-fruchtgenuss-und-frische\/#breadcrumb","itemListElement":[{"@type":"ListItem","position":1,"name":"Home","item":"https:\/\/www.elementvape.de\/"},{"@type":"ListItem","position":2,"name":"Shop","item":"https:\/\/www.elementvape.de\/shop\/"},{"@type":"ListItem","position":3,"name":"Erleben Sie 12000 Puffs erfrischenden Watermelon Ice Geschmack mit der Bang Box E-Zigarette Hochwertige Einweg-E-Zigaretten f\u00fcr maximalen Fruchtgenuss und Frische"}]},{"@type":"WebSite","@id":"https:\/\/www.elementvape.de\/#website","url":"https:\/\/www.elementvape.de\/","name":"ElementVape.de","description":"","publisher":{"@id":"https:\/\/www.elementvape.de\/#organization"},"potentialAction":[{"@type":"SearchAction","target":{"@type":"EntryPoint","urlTemplate":"https:\/\/www.elementvape.de\/?s={search_term_string}"},"query-input":"required name=search_term_string"}],"inLanguage":"ro-RO"},{"@type":"Organization","@id":"https:\/\/www.elementvape.de\/#organization","name":"ElementVape.DE","url":"https:\/\/www.elementvape.de\/","logo":{"@type":"ImageObject","inLanguage":"ro-RO","@id":"https:\/\/www.elementvape.de\/#\/schema\/logo\/image\/","url":"https:\/\/www.elementvape.de\/wp-content\/uploads\/2024\/09\/cropped-1elementvape-3.png","contentUrl":"https:\/\/www.elementvape.de\/wp-content\/uploads\/2024\/09\/cropped-1elementvape-3.png","width":285,"height":228,"caption":"ElementVape.DE"},"image":{"@id":"https:\/\/www.elementvape.de\/#\/schema\/logo\/image\/"}}]}},"_links":{"self":[{"href":"https:\/\/www.elementvape.de\/ro\/wp-json\/wp\/v2\/product\/14193"}],"collection":[{"href":"https:\/\/www.elementvape.de\/ro\/wp-json\/wp\/v2\/product"}],"about":[{"href":"https:\/\/www.elementvape.de\/ro\/wp-json\/wp\/v2\/types\/product"}],"wp:featuredmedia":[{"embeddable":true,"href":"https:\/\/www.elementvape.de\/ro\/wp-json\/wp\/v2\/media\/14194"}],"wp:attachment":[{"href":"https:\/\/www.elementvape.de\/ro\/wp-json\/wp\/v2\/media?parent=14193"}],"wp:term":[{"taxonomy":"product_cat","embeddable":true,"href":"https:\/\/www.elementvape.de\/ro\/wp-json\/wp\/v2\/product_cat?post=14193"},{"taxonomy":"product_tag","embeddable":true,"href":"https:\/\/www.elementvape.de\/ro\/wp-json\/wp\/v2\/product_tag?post=14193"}],"curies":[{"name":"wp","href":"https:\/\/api.w.org\/{rel}","templated":true}]}}