{"id":14110,"date":"2024-09-02T09:51:56","date_gmt":"2024-09-02T09:51:56","guid":{"rendered":"https:\/\/www.elementvape.de\/?post_type=product&#038;p=14110"},"modified":"2024-10-15T03:05:46","modified_gmt":"2024-10-15T03:05:46","slug":"waspe-15000-puffs-mixed-berries-e-zigarette-zollfrei-und-zu-hervorragenden-grosshandelspreisen-fuer-den-perfekten-beerenmix","status":"publish","type":"product","link":"https:\/\/www.elementvape.de\/ro\/produkt\/waspe-15000-puffs-mixed-berries-e-zigarette-zollfrei-und-zu-hervorragenden-grosshandelspreisen-fuer-den-perfekten-beerenmix\/","title":{"rendered":"WASPE 15000 PUFFS Mixed Berries \u021aigaret\u0103 electronic\u0103 F\u0103r\u0103 taxe vamale \u0219i la pre\u021buri excelente de v\u00e2nzare cu ridicata pentru mixul perfect de fructe de p\u0103dure"},"content":{"rendered":"<div class=\"flex-shrink-0 flex flex-col relative items-end\">\n<div>\n<div class=\"pt-0\">\n<div class=\"gizmo-bot-avatar flex h-8 w-8 items-center justify-center overflow-hidden rounded-full\">\n<div class=\"relative p-1 rounded-sm flex items-center justify-center bg-token-main-surface-primary text-token-text-primary h-8 w-8\"><\/div>\n<\/div>\n<\/div>\n<\/div>\n<\/div>\n<div class=\"group\/conversation-turn relative flex w-full min-w-0 flex-col agent-turn\">\n<div class=\"flex-col gap-1 md:gap-3\">\n<div class=\"flex max-w-full flex-col flex-grow\">\n<div class=\"min-h-[20px] text-message flex w-full flex-col items-end gap-2 break-words [.text-message+&amp;]:mt-5 overflow-x-auto whitespace-normal\" dir=\"auto\" data-message-author-role=\"assistant\" data-message-id=\"60055b15-8105-4e42-b71b-cc0228dc23af\">\n<div class=\"flex w-full flex-col gap-1 empty:hidden first:pt-[3px]\">\n<div class=\"markdown prose w-full break-words dark:prose-invert light\">\n<h3>WASPE 15000 PUFFS \u021aigara electronic\u0103 Mixed Berries \u2013 F\u0103r\u0103 taxe vamale \u0219i la pre\u021buri excelente de gros pentru mixul perfect de fructe de p\u0103dure<\/h3>\n<p>\u021aigara electronic\u0103 WASPE 15000 PUFFS Mixed Berries este alegerea ideal\u0103 pentru to\u021bi cei care iubesc gustul deplin al unui mix suculent de fructe de p\u0103dure. Aceasta <strong><a href=\"https:\/\/www.elementvape.de\/ro\/c\/einweg-zigarette\/\" target=\"_blank\" rel=\"noopener\">\u021aigariet\u0103 electronic\u0103 de unic\u0103 folosin\u021b\u0103<\/a><\/strong> combin\u0103 aromele diferitelor fructe de p\u0103dure \u00eentr-o experien\u021b\u0103 de vapat armonioas\u0103 \u0219i intens\u0103, care \u00eei va \u00eenc\u00e2nta pe clien\u021bii dumneavoastr\u0103. Acum, disponibil\u0103 f\u0103r\u0103 taxe vamale \u0219i la pre\u021buri excelente de gros, acest produs ofer\u0103 o modalitate excelent\u0103 de a oferi clien\u021bilor dumneavoastr\u0103 o experien\u021b\u0103 de vapat de prim\u0103 clas\u0103 \u0219i, \u00een acela\u0219i timp, de a profita de marje de profit atractive.<\/p>\n<h3 style=\"text-align: center;\">Un mix bogat de fructe de p\u0103dure pentru o pl\u0103cere deplin\u0103<\/h3>\n<p><img loading=\"lazy\" decoding=\"async\" class=\"size-medium wp-image-14113 alignleft\" src=\"https:\/\/www.elementvape.de\/wp-content\/uploads\/2024\/09\/1-4-257x300.jpg\" alt=\"1 (4)\" width=\"257\" height=\"300\" srcset=\"https:\/\/www.elementvape.de\/wp-content\/uploads\/2024\/09\/1-4-257x300.jpg 257w, https:\/\/www.elementvape.de\/wp-content\/uploads\/2024\/09\/1-4-878x1024.jpg 878w, https:\/\/www.elementvape.de\/wp-content\/uploads\/2024\/09\/1-4-768x896.jpg 768w, https:\/\/www.elementvape.de\/wp-content\/uploads\/2024\/09\/1-4-1317x1536.jpg 1317w, https:\/\/www.elementvape.de\/wp-content\/uploads\/2024\/09\/1-4-1755x2048.jpg 1755w, https:\/\/www.elementvape.de\/wp-content\/uploads\/2024\/09\/1-4-600x700.jpg 600w\" sizes=\"(max-width: 257px) 100vw, 257px\" \/><\/p>\n<p>Mixul de gusturi al WASPE 15000 PUFFS Mixed Berries <strong><a href=\"https:\/\/www.elementvape.de\/ro\/\" target=\"_blank\" rel=\"noopener\">E-Zigaret\u0103<\/a><\/strong> une\u0219te aromele de c\u0103p\u0219uni, afine, zmeur\u0103 \u0219i alte fructe de p\u0103dure \u00eentr-o explozie fructat\u0103, care asigur\u0103 o experien\u021b\u0103 gustativ\u0103 intens\u0103 la fiecare puf. Diferitele arome de fructe de p\u0103dure se completeaz\u0103 perfect \u0219i ofer\u0103 un amestec echilibrat de dulce, acru \u0219i prospe\u021bime, ideal at\u00e2t pentru iubitorii de arome fructate, c\u00e2t \u0219i pentru vaperii care doresc s\u0103 \u00eencerce ceva nou.<\/p>\n<p>Cu o capacitate de 15.000 de pufuri impresionante, WASPE 15000 PUFFS ofer\u0103 o durabilitate remarcabil\u0103. Aceast\u0103 capacitate mare asigur\u0103 faptul c\u0103 clien\u021bii dumneavoastr\u0103 se vor bucura mult timp de achizi\u021bia lor, f\u0103r\u0103 a fi nevoie s\u0103 \u00ee\u0219i fac\u0103 griji cu privire la reumplerea frecvent\u0103 sau la \u00eenlocuirea dispozitivului. Datorit\u0103 celor 22 ml de e-lichid, aceast\u0103 \u021bigar\u0103 electronic\u0103 ofer\u0103 nu numai mult abur, ci \u0219i un gust constant \u0219i intens p\u00e2n\u0103 la ultimul puf.<\/p>\n<p>\u021aigara electronic\u0103 WASPE 15000 PUFFS Mixed Berries este disponibil\u0103 \u00een mai multe concentra\u021bii de N: 2% \u0219i 5%. Aceast\u0103 selec\u021bie permite utilizatorilor s\u0103 \u00ee\u0219i aleag\u0103 concentra\u021bia preferat\u0103 de N, astfel \u00eenc\u00e2t at\u00e2t cunosc\u0103torii f\u0103r\u0103 nicotin\u0103, c\u00e2t \u0219i cei care caut\u0103 o concentra\u021bie mai puternic\u0103 de N vor g\u0103si op\u021biunea potrivit\u0103. Flexibilitatea \u00een concentra\u021bia de N face ca acest produs s\u0103 fie deosebit de atractiv pentru un grup \u021bint\u0103 larg.<\/p>\n<h4 style=\"text-align: center;\">Tehnologie modern\u0103 \u0219i manevrare simpl\u0103<\/h4>\n<p><img loading=\"lazy\" decoding=\"async\" class=\"wp-image-14112 alignright\" src=\"https:\/\/www.elementvape.de\/wp-content\/uploads\/2024\/09\/1-3-257x300.jpg\" alt=\"1 (3)\" width=\"288\" height=\"336\" srcset=\"https:\/\/www.elementvape.de\/wp-content\/uploads\/2024\/09\/1-3-257x300.jpg 257w, https:\/\/www.elementvape.de\/wp-content\/uploads\/2024\/09\/1-3-878x1024.jpg 878w, https:\/\/www.elementvape.de\/wp-content\/uploads\/2024\/09\/1-3-768x896.jpg 768w, https:\/\/www.elementvape.de\/wp-content\/uploads\/2024\/09\/1-3-1317x1536.jpg 1317w, https:\/\/www.elementvape.de\/wp-content\/uploads\/2024\/09\/1-3-1755x2048.jpg 1755w, https:\/\/www.elementvape.de\/wp-content\/uploads\/2024\/09\/1-3-600x700.jpg 600w\" sizes=\"(max-width: 288px) 100vw, 288px\" \/><\/p>\n<p>Echipat\u0103 cu o baterie de 650mAh, care se \u00eencarc\u0103 printr-o conexiune Type-C, WASPE 15000 PUFFS ofer\u0103 nu numai o durat\u0103 lung\u0103 de func\u021bionare, ci \u0219i o op\u021biune de \u00eenc\u0103rcare rapid\u0103 \u0219i u\u0219oar\u0103. Ecranul integrat afi\u0219eaz\u0103 nivelul bateriei \u0219i cantitatea r\u0103mas\u0103 de e-lichid, ceea ce asigur\u0103 o utilizare convenabil\u0103. Designul compact \u0219i ergonomic face ca aceast\u0103 \u021bigar\u0103 electronic\u0103 s\u0103 fie o alegere ideal\u0103 pentru c\u0103l\u0103torii \u0219i utilizarea zilnic\u0103.<\/p>\n<p>Disponibilitatea f\u0103r\u0103 taxe vamale a \u021big\u0103rii electronice WASPE 15000 PUFFS Mixed Berries este un mare avantaj pentru comercian\u021bi, deoarece reduce semnificativ costurile de import. Acest lucru v\u0103 permite s\u0103 oferi\u021bi produsul la pre\u021buri foarte competitive \u0219i, \u00een acela\u0219i timp, s\u0103 v\u0103 maximiza\u021bi marjele de profit. Cu pre\u021burile excelente de gros, pute\u021bi oferi clien\u021bilor dumneavoastr\u0103 un produs de prim\u0103 clas\u0103 la un pre\u021b atractiv, ceea ce va cre\u0219te at\u00e2t cifrele de v\u00e2nz\u0103ri, c\u00e2t \u0219i satisfac\u021bia clien\u021bilor dumneavoastr\u0103.<\/p>\n<p>\u021aigara electronic\u0103 WASPE 15000 PUFFS Mixed Berries este alegerea perfect\u0103 pentru to\u021bi cei care iubesc gustul bogat \u0219i fructat al fructelor de p\u0103dure. Datorit\u0103 combina\u021biei dintre arome intense, performan\u021b\u0103 de lung\u0103 durat\u0103 \u0219i tehnologie u\u0219or de utilizat, acest produs ofer\u0103 o experien\u021b\u0103 de vapat remarcabil\u0103. Livrarea f\u0103r\u0103 taxe vamale \u0219i pre\u021burile atractive de gros o fac, de asemenea, o alegere de prim\u0103 clas\u0103 pentru comercian\u021bii care doresc s\u0103 \u00ee\u0219i extind\u0103 gama \u0219i s\u0103 ofere clien\u021bilor lor un produs premium.<\/p>\n<\/div>\n<\/div>\n<\/div>\n<\/div>\n<\/div>\n<\/div>","protected":false},"excerpt":{"rendered":"<p>WASPE 15000 PUFFS Mixed Berries E-Zigarette &#8211; Zollfrei und zu hervorragenden Gro\u00dfhandelspreisen f\u00fcr den perfekten Beerenmix Die WASPE 15000 PUFFS Mixed Berries E-Zigarette ist die ideale Wahl f\u00fcr alle, die den vollen Geschmack eines saftigen Beerenmixes lieben. Diese Einweg E-Zigarette kombiniert die Aromen verschiedener Beeren zu einem harmonischen und intensiven Dampferlebnis, das Ihre Kunden begeistern [&hellip;]<\/p>","protected":false},"featured_media":14111,"template":"","meta":{"inline_featured_image":false},"product_cat":[15,78,735,746,741,733,750,737,736,749,752,756,744,755,738,751,723],"product_tag":[710,674],"tiered_pricing_type":"fixed","tiered_pricing_fixed_rules":[],"tiered_pricing_percentage_rules":[],"tiered_pricing_minimum":1,"_administrator_tiered_pricing_type":"fixed","_administrator_tiered_pricing_fixed_rules":[],"_editor_tiered_pricing_type":"fixed","_editor_tiered_pricing_fixed_rules":[],"_author_tiered_pricing_type":"fixed","_author_tiered_pricing_fixed_rules":[],"_contributor_tiered_pricing_type":"fixed","_contributor_tiered_pricing_fixed_rules":[],"_subscriber_tiered_pricing_type":"fixed","_subscriber_tiered_pricing_fixed_rules":[],"_customer_tiered_pricing_type":"fixed","_customer_tiered_pricing_fixed_rules":[],"_shop_manager_tiered_pricing_type":"fixed","_shop_manager_tiered_pricing_fixed_rules":[],"_wpseo_manager_tiered_pricing_type":"fixed","_wpseo_manager_tiered_pricing_fixed_rules":[],"_wpseo_editor_tiered_pricing_type":"fixed","_wpseo_editor_tiered_pricing_fixed_rules":[],"_wholesale_customer_tiered_pricing_type":"fixed","_wholesale_customer_tiered_pricing_fixed_rules":[],"_marketer_tiered_pricing_type":"fixed","_marketer_tiered_pricing_fixed_rules":[],"_sales_manager_tiered_pricing_type":"fixed","_sales_manager_tiered_pricing_fixed_rules":[],"_sales_rep_tiered_pricing_type":"fixed","_sales_rep_tiered_pricing_fixed_rules":[],"yoast_head":"<!-- This site is optimized with the Yoast SEO plugin v23.3 - https:\/\/yoast.com\/wordpress\/plugins\/seo\/ -->\n<title>WASPE 15000 PUFFS Mixed Berries E-Zigarette Zollfrei und zu hervorragenden Gro\u00dfhandelspreisen f\u00fcr den perfekten Beerenmix | ElementVape.de<\/title>\n<meta name=\"description\" content=\"Wir bieten WASPE 15000 PUFFS Mixed Berries E-Zigarette Zollfrei und zu hervorragenden Gro\u00dfhandelspreisen f\u00fcr den perfekten Beerenmix , Elementvape.de akzeptieren Gro\u00df-und Einzelhandel Bestellungen.\" \/>\n<meta name=\"robots\" content=\"index, follow, max-snippet:-1, max-image-preview:large, max-video-preview:-1\" \/>\n<link rel=\"canonical\" href=\"https:\/\/www.elementvape.de\/ro\/produkt\/waspe-15000-puffs-mixed-berries-e-zigarette-zollfrei-und-zu-hervorragenden-grosshandelspreisen-fuer-den-perfekten-beerenmix\/\" \/>\n<meta property=\"og:locale\" content=\"ro_RO\" \/>\n<meta property=\"og:type\" content=\"article\" \/>\n<meta property=\"og:title\" content=\"WASPE 15000 PUFFS Mixed Berries E-Zigarette Zollfrei und zu hervorragenden Gro\u00dfhandelspreisen f\u00fcr den perfekten Beerenmix | ElementVape.de\" \/>\n<meta property=\"og:description\" content=\"Wir bieten WASPE 15000 PUFFS Mixed Berries E-Zigarette Zollfrei und zu hervorragenden Gro\u00dfhandelspreisen f\u00fcr den perfekten Beerenmix , Elementvape.de akzeptieren Gro\u00df-und Einzelhandel Bestellungen.\" \/>\n<meta property=\"og:url\" content=\"https:\/\/www.elementvape.de\/ro\/produkt\/waspe-15000-puffs-mixed-berries-e-zigarette-zollfrei-und-zu-hervorragenden-grosshandelspreisen-fuer-den-perfekten-beerenmix\/\" \/>\n<meta property=\"og:site_name\" content=\"ElementVape.de\" \/>\n<meta property=\"article:modified_time\" content=\"2024-10-15T03:05:46+00:00\" \/>\n<meta property=\"og:image\" content=\"https:\/\/www.elementvape.de\/wp-content\/uploads\/2024\/09\/green-apple-watermelon-ice.jpg\" \/>\n\t<meta property=\"og:image:width\" content=\"2000\" \/>\n\t<meta property=\"og:image:height\" content=\"2000\" \/>\n\t<meta property=\"og:image:type\" content=\"image\/jpeg\" \/>\n<meta name=\"twitter:card\" content=\"summary_large_image\" \/>\n<meta name=\"twitter:label1\" content=\"Est. reading time\" \/>\n\t<meta name=\"twitter:data1\" content=\"4 minute\" \/>\n<script type=\"application\/ld+json\" class=\"yoast-schema-graph\">{\"@context\":\"https:\/\/schema.org\",\"@graph\":[{\"@type\":\"WebPage\",\"@id\":\"https:\/\/www.elementvape.de\/pl\/produkt\/waspe-15000-puffs-mixed-berries-e-zigarette-zollfrei-und-zu-hervorragenden-grosshandelspreisen-fuer-den-perfekten-beerenmix\/\",\"url\":\"https:\/\/www.elementvape.de\/pl\/produkt\/waspe-15000-puffs-mixed-berries-e-zigarette-zollfrei-und-zu-hervorragenden-grosshandelspreisen-fuer-den-perfekten-beerenmix\/\",\"name\":\"WASPE 15000 PUFFS Mixed Berries E-Zigarette Zollfrei und zu hervorragenden Gro\u00dfhandelspreisen f\u00fcr den perfekten Beerenmix | ElementVape.de\",\"isPartOf\":{\"@id\":\"https:\/\/www.elementvape.de\/#website\"},\"primaryImageOfPage\":{\"@id\":\"https:\/\/www.elementvape.de\/pl\/produkt\/waspe-15000-puffs-mixed-berries-e-zigarette-zollfrei-und-zu-hervorragenden-grosshandelspreisen-fuer-den-perfekten-beerenmix\/#primaryimage\"},\"image\":{\"@id\":\"https:\/\/www.elementvape.de\/pl\/produkt\/waspe-15000-puffs-mixed-berries-e-zigarette-zollfrei-und-zu-hervorragenden-grosshandelspreisen-fuer-den-perfekten-beerenmix\/#primaryimage\"},\"thumbnailUrl\":\"https:\/\/www.elementvape.de\/wp-content\/uploads\/2024\/09\/green-apple-watermelon-ice.jpg\",\"datePublished\":\"2024-09-02T09:51:56+00:00\",\"dateModified\":\"2024-10-15T03:05:46+00:00\",\"description\":\"Wir bieten WASPE 15000 PUFFS Mixed Berries E-Zigarette Zollfrei und zu hervorragenden Gro\u00dfhandelspreisen f\u00fcr den perfekten Beerenmix , Elementvape.de akzeptieren Gro\u00df-und Einzelhandel Bestellungen.\",\"breadcrumb\":{\"@id\":\"https:\/\/www.elementvape.de\/pl\/produkt\/waspe-15000-puffs-mixed-berries-e-zigarette-zollfrei-und-zu-hervorragenden-grosshandelspreisen-fuer-den-perfekten-beerenmix\/#breadcrumb\"},\"inLanguage\":\"ro-RO\",\"potentialAction\":[{\"@type\":\"ReadAction\",\"target\":[\"https:\/\/www.elementvape.de\/pl\/produkt\/waspe-15000-puffs-mixed-berries-e-zigarette-zollfrei-und-zu-hervorragenden-grosshandelspreisen-fuer-den-perfekten-beerenmix\/\"]}]},{\"@type\":\"ImageObject\",\"inLanguage\":\"ro-RO\",\"@id\":\"https:\/\/www.elementvape.de\/pl\/produkt\/waspe-15000-puffs-mixed-berries-e-zigarette-zollfrei-und-zu-hervorragenden-grosshandelspreisen-fuer-den-perfekten-beerenmix\/#primaryimage\",\"url\":\"https:\/\/www.elementvape.de\/wp-content\/uploads\/2024\/09\/green-apple-watermelon-ice.jpg\",\"contentUrl\":\"https:\/\/www.elementvape.de\/wp-content\/uploads\/2024\/09\/green-apple-watermelon-ice.jpg\",\"width\":2000,\"height\":2000,\"caption\":\"green apple watermelon ice\"},{\"@type\":\"BreadcrumbList\",\"@id\":\"https:\/\/www.elementvape.de\/pl\/produkt\/waspe-15000-puffs-mixed-berries-e-zigarette-zollfrei-und-zu-hervorragenden-grosshandelspreisen-fuer-den-perfekten-beerenmix\/#breadcrumb\",\"itemListElement\":[{\"@type\":\"ListItem\",\"position\":1,\"name\":\"Home\",\"item\":\"https:\/\/www.elementvape.de\/\"},{\"@type\":\"ListItem\",\"position\":2,\"name\":\"Shop\",\"item\":\"https:\/\/www.elementvape.de\/shop\/\"},{\"@type\":\"ListItem\",\"position\":3,\"name\":\"WASPE 15000 PUFFS Mixed Berries E-Zigarette Zollfrei und zu hervorragenden Gro\u00dfhandelspreisen f\u00fcr den perfekten Beerenmix\"}]},{\"@type\":\"WebSite\",\"@id\":\"https:\/\/www.elementvape.de\/#website\",\"url\":\"https:\/\/www.elementvape.de\/\",\"name\":\"ElementVape.de\",\"description\":\"\",\"publisher\":{\"@id\":\"https:\/\/www.elementvape.de\/#organization\"},\"potentialAction\":[{\"@type\":\"SearchAction\",\"target\":{\"@type\":\"EntryPoint\",\"urlTemplate\":\"https:\/\/www.elementvape.de\/?s={search_term_string}\"},\"query-input\":\"required name=search_term_string\"}],\"inLanguage\":\"ro-RO\"},{\"@type\":\"Organization\",\"@id\":\"https:\/\/www.elementvape.de\/#organization\",\"name\":\"ElementVape.DE\",\"url\":\"https:\/\/www.elementvape.de\/\",\"logo\":{\"@type\":\"ImageObject\",\"inLanguage\":\"ro-RO\",\"@id\":\"https:\/\/www.elementvape.de\/#\/schema\/logo\/image\/\",\"url\":\"https:\/\/www.elementvape.de\/wp-content\/uploads\/2024\/09\/cropped-1elementvape-3.png\",\"contentUrl\":\"https:\/\/www.elementvape.de\/wp-content\/uploads\/2024\/09\/cropped-1elementvape-3.png\",\"width\":285,\"height\":228,\"caption\":\"ElementVape.DE\"},\"image\":{\"@id\":\"https:\/\/www.elementvape.de\/#\/schema\/logo\/image\/\"}}]}<\/script>\n<!-- \/ Yoast SEO plugin. -->","yoast_head_json":{"title":"WASPE 15000 PUFFS Mixed Berries E-Zigarette Zollfrei und zu hervorragenden Gro\u00dfhandelspreisen f\u00fcr den perfekten Beerenmix | ElementVape.de","description":"Wir bieten WASPE 15000 PUFFS Mixed Berries E-Zigarette Zollfrei und zu hervorragenden Gro\u00dfhandelspreisen f\u00fcr den perfekten Beerenmix , Elementvape.de akzeptieren Gro\u00df-und Einzelhandel Bestellungen.","robots":{"index":"index","follow":"follow","max-snippet":"max-snippet:-1","max-image-preview":"max-image-preview:large","max-video-preview":"max-video-preview:-1"},"canonical":"https:\/\/www.elementvape.de\/ro\/produkt\/waspe-15000-puffs-mixed-berries-e-zigarette-zollfrei-und-zu-hervorragenden-grosshandelspreisen-fuer-den-perfekten-beerenmix\/","og_locale":"ro_RO","og_type":"article","og_title":"WASPE 15000 PUFFS Mixed Berries E-Zigarette Zollfrei und zu hervorragenden Gro\u00dfhandelspreisen f\u00fcr den perfekten Beerenmix | ElementVape.de","og_description":"Wir bieten WASPE 15000 PUFFS Mixed Berries E-Zigarette Zollfrei und zu hervorragenden Gro\u00dfhandelspreisen f\u00fcr den perfekten Beerenmix , Elementvape.de akzeptieren Gro\u00df-und Einzelhandel Bestellungen.","og_url":"https:\/\/www.elementvape.de\/ro\/produkt\/waspe-15000-puffs-mixed-berries-e-zigarette-zollfrei-und-zu-hervorragenden-grosshandelspreisen-fuer-den-perfekten-beerenmix\/","og_site_name":"ElementVape.de","article_modified_time":"2024-10-15T03:05:46+00:00","og_image":[{"width":2000,"height":2000,"url":"https:\/\/www.elementvape.de\/wp-content\/uploads\/2024\/09\/green-apple-watermelon-ice.jpg","type":"image\/jpeg"}],"twitter_card":"summary_large_image","twitter_misc":{"Est. reading time":"4 minute"},"schema":{"@context":"https:\/\/schema.org","@graph":[{"@type":"WebPage","@id":"https:\/\/www.elementvape.de\/pl\/produkt\/waspe-15000-puffs-mixed-berries-e-zigarette-zollfrei-und-zu-hervorragenden-grosshandelspreisen-fuer-den-perfekten-beerenmix\/","url":"https:\/\/www.elementvape.de\/pl\/produkt\/waspe-15000-puffs-mixed-berries-e-zigarette-zollfrei-und-zu-hervorragenden-grosshandelspreisen-fuer-den-perfekten-beerenmix\/","name":"WASPE 15000 PUFFS Mixed Berries E-Zigarette Zollfrei und zu hervorragenden Gro\u00dfhandelspreisen f\u00fcr den perfekten Beerenmix | ElementVape.de","isPartOf":{"@id":"https:\/\/www.elementvape.de\/#website"},"primaryImageOfPage":{"@id":"https:\/\/www.elementvape.de\/pl\/produkt\/waspe-15000-puffs-mixed-berries-e-zigarette-zollfrei-und-zu-hervorragenden-grosshandelspreisen-fuer-den-perfekten-beerenmix\/#primaryimage"},"image":{"@id":"https:\/\/www.elementvape.de\/pl\/produkt\/waspe-15000-puffs-mixed-berries-e-zigarette-zollfrei-und-zu-hervorragenden-grosshandelspreisen-fuer-den-perfekten-beerenmix\/#primaryimage"},"thumbnailUrl":"https:\/\/www.elementvape.de\/wp-content\/uploads\/2024\/09\/green-apple-watermelon-ice.jpg","datePublished":"2024-09-02T09:51:56+00:00","dateModified":"2024-10-15T03:05:46+00:00","description":"Wir bieten WASPE 15000 PUFFS Mixed Berries E-Zigarette Zollfrei und zu hervorragenden Gro\u00dfhandelspreisen f\u00fcr den perfekten Beerenmix , Elementvape.de akzeptieren Gro\u00df-und Einzelhandel Bestellungen.","breadcrumb":{"@id":"https:\/\/www.elementvape.de\/pl\/produkt\/waspe-15000-puffs-mixed-berries-e-zigarette-zollfrei-und-zu-hervorragenden-grosshandelspreisen-fuer-den-perfekten-beerenmix\/#breadcrumb"},"inLanguage":"ro-RO","potentialAction":[{"@type":"ReadAction","target":["https:\/\/www.elementvape.de\/pl\/produkt\/waspe-15000-puffs-mixed-berries-e-zigarette-zollfrei-und-zu-hervorragenden-grosshandelspreisen-fuer-den-perfekten-beerenmix\/"]}]},{"@type":"ImageObject","inLanguage":"ro-RO","@id":"https:\/\/www.elementvape.de\/pl\/produkt\/waspe-15000-puffs-mixed-berries-e-zigarette-zollfrei-und-zu-hervorragenden-grosshandelspreisen-fuer-den-perfekten-beerenmix\/#primaryimage","url":"https:\/\/www.elementvape.de\/wp-content\/uploads\/2024\/09\/green-apple-watermelon-ice.jpg","contentUrl":"https:\/\/www.elementvape.de\/wp-content\/uploads\/2024\/09\/green-apple-watermelon-ice.jpg","width":2000,"height":2000,"caption":"green apple watermelon ice"},{"@type":"BreadcrumbList","@id":"https:\/\/www.elementvape.de\/pl\/produkt\/waspe-15000-puffs-mixed-berries-e-zigarette-zollfrei-und-zu-hervorragenden-grosshandelspreisen-fuer-den-perfekten-beerenmix\/#breadcrumb","itemListElement":[{"@type":"ListItem","position":1,"name":"Home","item":"https:\/\/www.elementvape.de\/"},{"@type":"ListItem","position":2,"name":"Shop","item":"https:\/\/www.elementvape.de\/shop\/"},{"@type":"ListItem","position":3,"name":"WASPE 15000 PUFFS Mixed Berries E-Zigarette Zollfrei und zu hervorragenden Gro\u00dfhandelspreisen f\u00fcr den perfekten Beerenmix"}]},{"@type":"WebSite","@id":"https:\/\/www.elementvape.de\/#website","url":"https:\/\/www.elementvape.de\/","name":"ElementVape.de","description":"","publisher":{"@id":"https:\/\/www.elementvape.de\/#organization"},"potentialAction":[{"@type":"SearchAction","target":{"@type":"EntryPoint","urlTemplate":"https:\/\/www.elementvape.de\/?s={search_term_string}"},"query-input":"required name=search_term_string"}],"inLanguage":"ro-RO"},{"@type":"Organization","@id":"https:\/\/www.elementvape.de\/#organization","name":"ElementVape.DE","url":"https:\/\/www.elementvape.de\/","logo":{"@type":"ImageObject","inLanguage":"ro-RO","@id":"https:\/\/www.elementvape.de\/#\/schema\/logo\/image\/","url":"https:\/\/www.elementvape.de\/wp-content\/uploads\/2024\/09\/cropped-1elementvape-3.png","contentUrl":"https:\/\/www.elementvape.de\/wp-content\/uploads\/2024\/09\/cropped-1elementvape-3.png","width":285,"height":228,"caption":"ElementVape.DE"},"image":{"@id":"https:\/\/www.elementvape.de\/#\/schema\/logo\/image\/"}}]}},"_links":{"self":[{"href":"https:\/\/www.elementvape.de\/ro\/wp-json\/wp\/v2\/product\/14110"}],"collection":[{"href":"https:\/\/www.elementvape.de\/ro\/wp-json\/wp\/v2\/product"}],"about":[{"href":"https:\/\/www.elementvape.de\/ro\/wp-json\/wp\/v2\/types\/product"}],"wp:featuredmedia":[{"embeddable":true,"href":"https:\/\/www.elementvape.de\/ro\/wp-json\/wp\/v2\/media\/14111"}],"wp:attachment":[{"href":"https:\/\/www.elementvape.de\/ro\/wp-json\/wp\/v2\/media?parent=14110"}],"wp:term":[{"taxonomy":"product_cat","embeddable":true,"href":"https:\/\/www.elementvape.de\/ro\/wp-json\/wp\/v2\/product_cat?post=14110"},{"taxonomy":"product_tag","embeddable":true,"href":"https:\/\/www.elementvape.de\/ro\/wp-json\/wp\/v2\/product_tag?post=14110"}],"curies":[{"name":"wp","href":"https:\/\/api.w.org\/{rel}","templated":true}]}}