{"id":14043,"date":"2024-08-28T02:25:57","date_gmt":"2024-08-28T02:25:57","guid":{"rendered":"https:\/\/www.elementvape.de\/?post_type=product&#038;p=14043"},"modified":"2024-10-15T03:28:03","modified_gmt":"2024-10-15T03:28:03","slug":"lychee-ice-waspe-5000-puffs-e-zigarette-jetzt-zollfrei-erhaeltlich-und-zu-grosshandelspreisen-eine-perfekte-mischung-aus-suesser-litschi-und-eisiger-frische","status":"publish","type":"product","link":"https:\/\/www.elementvape.de\/ro\/produkt\/lychee-ice-waspe-5000-puffs-e-zigarette-jetzt-zollfrei-erhaeltlich-und-zu-grosshandelspreisen-eine-perfekte-mischung-aus-suesser-litschi-und-eisiger-frische\/","title":{"rendered":"Lychee Ice WASPE 5000 PUFFS \u021aigaret\u0103 electronic\u0103 acum disponibil\u0103 f\u0103r\u0103 taxe \u0219i la pre\u021buri en-gros \u2013 O combina\u021bie perfect\u0103 \u00eentre dulcea\u021ba de lychee \u0219i r\u0103ceala de ghea\u021b\u0103"},"content":{"rendered":"<p>Lychee Ice WASPE 5000 PUFFS \u021aigaret\u0103 electronic\u0103 acum disponibil\u0103 f\u0103r\u0103 taxe \u0219i la pre\u021buri en-gros \u2013 O combina\u021bie perfect\u0103 \u00eentre dulcea\u021ba de lychee \u0219i r\u0103ceala de ghea\u021b\u0103<\/p>\n<p>\u00ceneca\u021bi-v\u0103 \u00eentr-o experien\u021b\u0103 de vaping de neuitat cu \u021bigara electronic\u0103 Lychee Ice WASPE 5000 PUFFS. Aceast\u0103 extraordinar\u0103 <strong><a href=\"https:\/\/www.elementvape.de\/ro\/\" target=\"_blank\" rel=\"noopener\">E-Zigaret\u0103<\/a><\/strong> combin\u0103 gustul exotic \u0219i dulce de Litchi cu o r\u0103corire revigorant\u0103, care transform\u0103 fiecare inhalare \u00eentr-o pl\u0103cere revitalizant\u0103. \u0218i cel mai bun: pute\u021bi achizi\u021biona acest produs premium acum f\u0103r\u0103 taxe vamale \u0219i la pre\u021buri en gros imbatabile.<\/p>\n<h3>De ce este \u021bigara electronic\u0103 Lychee Ice WASPE 5000 PUFFS un must-have<\/h3>\n<ol>\n<li>Gust exotic de Litchi: \u021aigara electronic\u0103 Lychee Ice WASPE 5000 PUFFS \u00eembin\u0103 dulcea\u021ba unic\u0103 a litchi-ului cu o r\u0103coare proasp\u0103t\u0103. Fiecare inhalare ofer\u0103 o experien\u021b\u0103 gustativ\u0103, care combin\u0103 notele delicate \u0219i dulci ale litchi-ului cu o r\u0103coare pl\u0103cut\u0103 de ghea\u021b\u0103 \u2013 perfect pentru o experien\u021b\u0103 de vaping r\u0103coritoare.<\/li>\n<li>5000 de inhal\u0103ri pentru o pl\u0103cere de durat\u0103: Cu un rezervor generos de 13ml de lichid \u0219i o baterie puternic\u0103 de 650mAh, aceast\u0103 \u021bigar\u0103 electronic\u0103 ofer\u0103 p\u00e2n\u0103 la 5000 de inhal\u0103ri. Asta \u00eenseamn\u0103 c\u0103 pute\u021bi savura gustul de Litchi cu ghea\u021b\u0103 de-a lungul unei perioade extinse, f\u0103r\u0103 a fi nevoie s\u0103 reumple\u021bi sau s\u0103 \u00eenc\u0103rca\u021bi frecvent.<\/li>\n<li>Design elegant \u0219i compact: Designul stilat \u0219i ergonomic al \u021big\u0103rii electronice Lychee Ice WASPE 5000 PUFFS o face nu doar o pl\u0103cere pentru papilele gustative, ci \u0219i un deliciu vizual. Cu dimensiuni compacte de 79mm x 41mm x 19mm \u0219i o greutate de doar 89g, se potrive\u0219te confortabil \u00een m\u00e2n\u0103 \u0219i poate fi luat\u0103 oriunde cu u\u0219urin\u021b\u0103.<\/li>\n<li>Manipulare simpl\u0103: Aceast\u0103 \u021bigar\u0103 electronic\u0103 este incredibil de prietenoas\u0103 cu utilizatorul. Nu sunt necesare butoane sau set\u0103ri complicate \u2013 trage\u021bi pur \u0219i simplu de capul de gur\u0103, iar \u021bigara electronic\u0103 se activeaz\u0103 automat, astfel \u00eenc\u00e2t s\u0103 pute\u021bi savura imediat combina\u021bia de dulcea\u021b\u0103 de litchi \u0219i r\u0103coare de ghea\u021b\u0103.<\/li>\n<li>Disponibil\u0103 f\u0103r\u0103 taxe vamale \u0219i la pre\u021buri en gros: Profita\u021bi de oportunitatea de a achizi\u021biona \u021bigara electronic\u0103 Lychee Ice WASPE 5000 PUFFS f\u0103r\u0103 taxe vamale \u0219i la pre\u021buri en gros imbatabile. Aceast\u0103 ofert\u0103 asigur\u0103 c\u0103 primi\u021bi un produs de \u00eenalt\u0103 calitate la un pre\u021b excelent.<\/li>\n<\/ol>\n<h3>Concluzie: O experien\u021b\u0103 gustativ\u0103 r\u0103coritoare care \u00eenc\u00e2nt\u0103<\/h3>\n<p>\u021aigara electronic\u0103 Lychee Ice WASPE 5000 PUFFS este alegerea perfect\u0103 pentru to\u021bi cei care doresc s\u0103 combine gustul exotic de litchi cu un efect r\u0103coritor de ghea\u021b\u0103. Cu timpul s\u0103u lung de vapare, designul elegant \u0219i manipularea simpl\u0103, ofer\u0103 o experien\u021b\u0103 de vaping remarcabil\u0103, care nu las\u0103 nimic de dorit. Profita\u021bi de ocazie pentru a achizi\u021biona acest produs premium f\u0103r\u0103 taxe vamale \u0219i la pre\u021buri en gros. Experimenta\u021bi combina\u021bia perfect\u0103 \u00eentre dulcea\u021ba de litchi \u0219i r\u0103coarea de ghea\u021b\u0103 \u2013 o pl\u0103cere care v\u0103 va \u00eenc\u00e2nta!<\/p>","protected":false},"excerpt":{"rendered":"<p>Lychee Ice WASPE 5000 PUFFS E-Zigarette \u2013 Jetzt zollfrei erh\u00e4ltlich und zu Gro\u00dfhandelspreisen \u2013 Die perfekte Mischung aus s\u00fc\u00dfer Litschi und eisiger Frische Tauchen Sie ein in ein unvergessliches Dampferlebnis mit der Lychee Ice WASPE 5000 PUFFS E-Zigarette. Diese au\u00dfergew\u00f6hnliche E-Zigarette kombiniert den exotischen, s\u00fc\u00dfen Geschmack von Litschi mit einer erfrischenden Eisk\u00e4lte, die jeden Zug [&hellip;]<\/p>","protected":false},"featured_media":14044,"template":"","meta":{"inline_featured_image":false},"product_cat":[15,78,735,746,741,733,744,755,738,751,726],"product_tag":[710,678],"tiered_pricing_type":"fixed","tiered_pricing_fixed_rules":[],"tiered_pricing_percentage_rules":[],"tiered_pricing_minimum":1,"_administrator_tiered_pricing_type":"fixed","_administrator_tiered_pricing_fixed_rules":[],"_editor_tiered_pricing_type":"fixed","_editor_tiered_pricing_fixed_rules":[],"_author_tiered_pricing_type":"fixed","_author_tiered_pricing_fixed_rules":[],"_contributor_tiered_pricing_type":"fixed","_contributor_tiered_pricing_fixed_rules":[],"_subscriber_tiered_pricing_type":"fixed","_subscriber_tiered_pricing_fixed_rules":[],"_customer_tiered_pricing_type":"fixed","_customer_tiered_pricing_fixed_rules":[],"_shop_manager_tiered_pricing_type":"fixed","_shop_manager_tiered_pricing_fixed_rules":[],"_wpseo_manager_tiered_pricing_type":"fixed","_wpseo_manager_tiered_pricing_fixed_rules":[],"_wpseo_editor_tiered_pricing_type":"fixed","_wpseo_editor_tiered_pricing_fixed_rules":[],"_wholesale_customer_tiered_pricing_type":"fixed","_wholesale_customer_tiered_pricing_fixed_rules":[],"_marketer_tiered_pricing_type":"fixed","_marketer_tiered_pricing_fixed_rules":[],"_sales_manager_tiered_pricing_type":"fixed","_sales_manager_tiered_pricing_fixed_rules":[],"_sales_rep_tiered_pricing_type":"fixed","_sales_rep_tiered_pricing_fixed_rules":[],"yoast_head":"<!-- This site is optimized with the Yoast SEO plugin v23.3 - https:\/\/yoast.com\/wordpress\/plugins\/seo\/ -->\n<title>Lychee Ice WASPE 5000 PUFFS E-Zigarette Jetzt zollfrei erh\u00e4ltlich und zu Gro\u00dfhandelspreisen \u2013 Eine perfekte Mischung aus s\u00fc\u00dfer Litschi und eisiger Frische | ElementVape.de<\/title>\n<meta name=\"description\" content=\"Wir bieten Lychee Ice WASPE 5000 PUFFS E-Zigarette Jetzt zollfrei erh\u00e4ltlich und zu Gro\u00dfhandelspreisen \u2013 Eine perfekte Mischung aus s\u00fc\u00dfer Litschi und eisiger Frische , Elementvape.de akzeptieren Gro\u00df-und Einzelhandel Bestellungen.\" \/>\n<meta name=\"robots\" content=\"index, follow, max-snippet:-1, max-image-preview:large, max-video-preview:-1\" \/>\n<link rel=\"canonical\" href=\"https:\/\/www.elementvape.de\/ro\/produkt\/lychee-ice-waspe-5000-puffs-e-zigarette-jetzt-zollfrei-erhaeltlich-und-zu-grosshandelspreisen-eine-perfekte-mischung-aus-suesser-litschi-und-eisiger-frische\/\" \/>\n<meta property=\"og:locale\" content=\"ro_RO\" \/>\n<meta property=\"og:type\" content=\"article\" \/>\n<meta property=\"og:title\" content=\"Lychee Ice WASPE 5000 PUFFS E-Zigarette Jetzt zollfrei erh\u00e4ltlich und zu Gro\u00dfhandelspreisen \u2013 Eine perfekte Mischung aus s\u00fc\u00dfer Litschi und eisiger Frische | ElementVape.de\" \/>\n<meta property=\"og:description\" content=\"Wir bieten Lychee Ice WASPE 5000 PUFFS E-Zigarette Jetzt zollfrei erh\u00e4ltlich und zu Gro\u00dfhandelspreisen \u2013 Eine perfekte Mischung aus s\u00fc\u00dfer Litschi und eisiger Frische , Elementvape.de akzeptieren Gro\u00df-und Einzelhandel Bestellungen.\" \/>\n<meta property=\"og:url\" content=\"https:\/\/www.elementvape.de\/ro\/produkt\/lychee-ice-waspe-5000-puffs-e-zigarette-jetzt-zollfrei-erhaeltlich-und-zu-grosshandelspreisen-eine-perfekte-mischung-aus-suesser-litschi-und-eisiger-frische\/\" \/>\n<meta property=\"og:site_name\" content=\"ElementVape.de\" \/>\n<meta property=\"article:modified_time\" content=\"2024-10-15T03:28:03+00:00\" \/>\n<meta property=\"og:image\" content=\"https:\/\/www.elementvape.de\/wp-content\/uploads\/2024\/08\/Lychee-Ice.webp\" \/>\n\t<meta property=\"og:image:width\" content=\"400\" \/>\n\t<meta property=\"og:image:height\" content=\"400\" \/>\n\t<meta property=\"og:image:type\" content=\"image\/webp\" \/>\n<meta name=\"twitter:card\" content=\"summary_large_image\" \/>\n<meta name=\"twitter:label1\" content=\"Est. reading time\" \/>\n\t<meta name=\"twitter:data1\" content=\"3 minute\" \/>\n<script type=\"application\/ld+json\" class=\"yoast-schema-graph\">{\"@context\":\"https:\/\/schema.org\",\"@graph\":[{\"@type\":\"WebPage\",\"@id\":\"https:\/\/www.elementvape.de\/produkt\/lychee-ice-waspe-5000-puffs-e-zigarette-jetzt-zollfrei-erhaeltlich-und-zu-grosshandelspreisen-eine-perfekte-mischung-aus-suesser-litschi-und-eisiger-frische\/\",\"url\":\"https:\/\/www.elementvape.de\/produkt\/lychee-ice-waspe-5000-puffs-e-zigarette-jetzt-zollfrei-erhaeltlich-und-zu-grosshandelspreisen-eine-perfekte-mischung-aus-suesser-litschi-und-eisiger-frische\/\",\"name\":\"Lychee Ice WASPE 5000 PUFFS E-Zigarette Jetzt zollfrei erh\u00e4ltlich und zu Gro\u00dfhandelspreisen \u2013 Eine perfekte Mischung aus s\u00fc\u00dfer Litschi und eisiger Frische | ElementVape.de\",\"isPartOf\":{\"@id\":\"https:\/\/www.elementvape.de\/#website\"},\"primaryImageOfPage\":{\"@id\":\"https:\/\/www.elementvape.de\/produkt\/lychee-ice-waspe-5000-puffs-e-zigarette-jetzt-zollfrei-erhaeltlich-und-zu-grosshandelspreisen-eine-perfekte-mischung-aus-suesser-litschi-und-eisiger-frische\/#primaryimage\"},\"image\":{\"@id\":\"https:\/\/www.elementvape.de\/produkt\/lychee-ice-waspe-5000-puffs-e-zigarette-jetzt-zollfrei-erhaeltlich-und-zu-grosshandelspreisen-eine-perfekte-mischung-aus-suesser-litschi-und-eisiger-frische\/#primaryimage\"},\"thumbnailUrl\":\"https:\/\/www.elementvape.de\/wp-content\/uploads\/2024\/08\/Lychee-Ice.webp\",\"datePublished\":\"2024-08-28T02:25:57+00:00\",\"dateModified\":\"2024-10-15T03:28:03+00:00\",\"description\":\"Wir bieten Lychee Ice WASPE 5000 PUFFS E-Zigarette Jetzt zollfrei erh\u00e4ltlich und zu Gro\u00dfhandelspreisen \u2013 Eine perfekte Mischung aus s\u00fc\u00dfer Litschi und eisiger Frische , Elementvape.de akzeptieren Gro\u00df-und Einzelhandel Bestellungen.\",\"breadcrumb\":{\"@id\":\"https:\/\/www.elementvape.de\/produkt\/lychee-ice-waspe-5000-puffs-e-zigarette-jetzt-zollfrei-erhaeltlich-und-zu-grosshandelspreisen-eine-perfekte-mischung-aus-suesser-litschi-und-eisiger-frische\/#breadcrumb\"},\"inLanguage\":\"ro-RO\",\"potentialAction\":[{\"@type\":\"ReadAction\",\"target\":[\"https:\/\/www.elementvape.de\/produkt\/lychee-ice-waspe-5000-puffs-e-zigarette-jetzt-zollfrei-erhaeltlich-und-zu-grosshandelspreisen-eine-perfekte-mischung-aus-suesser-litschi-und-eisiger-frische\/\"]}]},{\"@type\":\"ImageObject\",\"inLanguage\":\"ro-RO\",\"@id\":\"https:\/\/www.elementvape.de\/produkt\/lychee-ice-waspe-5000-puffs-e-zigarette-jetzt-zollfrei-erhaeltlich-und-zu-grosshandelspreisen-eine-perfekte-mischung-aus-suesser-litschi-und-eisiger-frische\/#primaryimage\",\"url\":\"https:\/\/www.elementvape.de\/wp-content\/uploads\/2024\/08\/Lychee-Ice.webp\",\"contentUrl\":\"https:\/\/www.elementvape.de\/wp-content\/uploads\/2024\/08\/Lychee-Ice.webp\",\"width\":400,\"height\":400,\"caption\":\"Lychee Ice\"},{\"@type\":\"BreadcrumbList\",\"@id\":\"https:\/\/www.elementvape.de\/produkt\/lychee-ice-waspe-5000-puffs-e-zigarette-jetzt-zollfrei-erhaeltlich-und-zu-grosshandelspreisen-eine-perfekte-mischung-aus-suesser-litschi-und-eisiger-frische\/#breadcrumb\",\"itemListElement\":[{\"@type\":\"ListItem\",\"position\":1,\"name\":\"Home\",\"item\":\"https:\/\/www.elementvape.de\/\"},{\"@type\":\"ListItem\",\"position\":2,\"name\":\"Shop\",\"item\":\"https:\/\/www.elementvape.de\/shop\/\"},{\"@type\":\"ListItem\",\"position\":3,\"name\":\"Lychee Ice WASPE 5000 PUFFS E-Zigarette Jetzt zollfrei erh\u00e4ltlich und zu Gro\u00dfhandelspreisen \u2013 Eine perfekte Mischung aus s\u00fc\u00dfer Litschi und eisiger Frische\"}]},{\"@type\":\"WebSite\",\"@id\":\"https:\/\/www.elementvape.de\/#website\",\"url\":\"https:\/\/www.elementvape.de\/\",\"name\":\"ElementVape.de\",\"description\":\"\",\"publisher\":{\"@id\":\"https:\/\/www.elementvape.de\/#organization\"},\"potentialAction\":[{\"@type\":\"SearchAction\",\"target\":{\"@type\":\"EntryPoint\",\"urlTemplate\":\"https:\/\/www.elementvape.de\/?s={search_term_string}\"},\"query-input\":\"required name=search_term_string\"}],\"inLanguage\":\"ro-RO\"},{\"@type\":\"Organization\",\"@id\":\"https:\/\/www.elementvape.de\/#organization\",\"name\":\"ElementVape.DE\",\"url\":\"https:\/\/www.elementvape.de\/\",\"logo\":{\"@type\":\"ImageObject\",\"inLanguage\":\"ro-RO\",\"@id\":\"https:\/\/www.elementvape.de\/#\/schema\/logo\/image\/\",\"url\":\"https:\/\/www.elementvape.de\/wp-content\/uploads\/2024\/09\/cropped-1elementvape-3.png\",\"contentUrl\":\"https:\/\/www.elementvape.de\/wp-content\/uploads\/2024\/09\/cropped-1elementvape-3.png\",\"width\":285,\"height\":228,\"caption\":\"ElementVape.DE\"},\"image\":{\"@id\":\"https:\/\/www.elementvape.de\/#\/schema\/logo\/image\/\"}}]}<\/script>\n<!-- \/ Yoast SEO plugin. -->","yoast_head_json":{"title":"Lychee Ice WASPE 5000 PUFFS E-Zigarette Jetzt zollfrei erh\u00e4ltlich und zu Gro\u00dfhandelspreisen \u2013 Eine perfekte Mischung aus s\u00fc\u00dfer Litschi und eisiger Frische | ElementVape.de","description":"Wir bieten Lychee Ice WASPE 5000 PUFFS E-Zigarette Jetzt zollfrei erh\u00e4ltlich und zu Gro\u00dfhandelspreisen \u2013 Eine perfekte Mischung aus s\u00fc\u00dfer Litschi und eisiger Frische , Elementvape.de akzeptieren Gro\u00df-und Einzelhandel Bestellungen.","robots":{"index":"index","follow":"follow","max-snippet":"max-snippet:-1","max-image-preview":"max-image-preview:large","max-video-preview":"max-video-preview:-1"},"canonical":"https:\/\/www.elementvape.de\/ro\/produkt\/lychee-ice-waspe-5000-puffs-e-zigarette-jetzt-zollfrei-erhaeltlich-und-zu-grosshandelspreisen-eine-perfekte-mischung-aus-suesser-litschi-und-eisiger-frische\/","og_locale":"ro_RO","og_type":"article","og_title":"Lychee Ice WASPE 5000 PUFFS E-Zigarette Jetzt zollfrei erh\u00e4ltlich und zu Gro\u00dfhandelspreisen \u2013 Eine perfekte Mischung aus s\u00fc\u00dfer Litschi und eisiger Frische | ElementVape.de","og_description":"Wir bieten Lychee Ice WASPE 5000 PUFFS E-Zigarette Jetzt zollfrei erh\u00e4ltlich und zu Gro\u00dfhandelspreisen \u2013 Eine perfekte Mischung aus s\u00fc\u00dfer Litschi und eisiger Frische , Elementvape.de akzeptieren Gro\u00df-und Einzelhandel Bestellungen.","og_url":"https:\/\/www.elementvape.de\/ro\/produkt\/lychee-ice-waspe-5000-puffs-e-zigarette-jetzt-zollfrei-erhaeltlich-und-zu-grosshandelspreisen-eine-perfekte-mischung-aus-suesser-litschi-und-eisiger-frische\/","og_site_name":"ElementVape.de","article_modified_time":"2024-10-15T03:28:03+00:00","og_image":[{"width":400,"height":400,"url":"https:\/\/www.elementvape.de\/wp-content\/uploads\/2024\/08\/Lychee-Ice.webp","type":"image\/webp"}],"twitter_card":"summary_large_image","twitter_misc":{"Est. reading time":"3 minute"},"schema":{"@context":"https:\/\/schema.org","@graph":[{"@type":"WebPage","@id":"https:\/\/www.elementvape.de\/produkt\/lychee-ice-waspe-5000-puffs-e-zigarette-jetzt-zollfrei-erhaeltlich-und-zu-grosshandelspreisen-eine-perfekte-mischung-aus-suesser-litschi-und-eisiger-frische\/","url":"https:\/\/www.elementvape.de\/produkt\/lychee-ice-waspe-5000-puffs-e-zigarette-jetzt-zollfrei-erhaeltlich-und-zu-grosshandelspreisen-eine-perfekte-mischung-aus-suesser-litschi-und-eisiger-frische\/","name":"Lychee Ice WASPE 5000 PUFFS E-Zigarette Jetzt zollfrei erh\u00e4ltlich und zu Gro\u00dfhandelspreisen \u2013 Eine perfekte Mischung aus s\u00fc\u00dfer Litschi und eisiger Frische | ElementVape.de","isPartOf":{"@id":"https:\/\/www.elementvape.de\/#website"},"primaryImageOfPage":{"@id":"https:\/\/www.elementvape.de\/produkt\/lychee-ice-waspe-5000-puffs-e-zigarette-jetzt-zollfrei-erhaeltlich-und-zu-grosshandelspreisen-eine-perfekte-mischung-aus-suesser-litschi-und-eisiger-frische\/#primaryimage"},"image":{"@id":"https:\/\/www.elementvape.de\/produkt\/lychee-ice-waspe-5000-puffs-e-zigarette-jetzt-zollfrei-erhaeltlich-und-zu-grosshandelspreisen-eine-perfekte-mischung-aus-suesser-litschi-und-eisiger-frische\/#primaryimage"},"thumbnailUrl":"https:\/\/www.elementvape.de\/wp-content\/uploads\/2024\/08\/Lychee-Ice.webp","datePublished":"2024-08-28T02:25:57+00:00","dateModified":"2024-10-15T03:28:03+00:00","description":"Wir bieten Lychee Ice WASPE 5000 PUFFS E-Zigarette Jetzt zollfrei erh\u00e4ltlich und zu Gro\u00dfhandelspreisen \u2013 Eine perfekte Mischung aus s\u00fc\u00dfer Litschi und eisiger Frische , Elementvape.de akzeptieren Gro\u00df-und Einzelhandel Bestellungen.","breadcrumb":{"@id":"https:\/\/www.elementvape.de\/produkt\/lychee-ice-waspe-5000-puffs-e-zigarette-jetzt-zollfrei-erhaeltlich-und-zu-grosshandelspreisen-eine-perfekte-mischung-aus-suesser-litschi-und-eisiger-frische\/#breadcrumb"},"inLanguage":"ro-RO","potentialAction":[{"@type":"ReadAction","target":["https:\/\/www.elementvape.de\/produkt\/lychee-ice-waspe-5000-puffs-e-zigarette-jetzt-zollfrei-erhaeltlich-und-zu-grosshandelspreisen-eine-perfekte-mischung-aus-suesser-litschi-und-eisiger-frische\/"]}]},{"@type":"ImageObject","inLanguage":"ro-RO","@id":"https:\/\/www.elementvape.de\/produkt\/lychee-ice-waspe-5000-puffs-e-zigarette-jetzt-zollfrei-erhaeltlich-und-zu-grosshandelspreisen-eine-perfekte-mischung-aus-suesser-litschi-und-eisiger-frische\/#primaryimage","url":"https:\/\/www.elementvape.de\/wp-content\/uploads\/2024\/08\/Lychee-Ice.webp","contentUrl":"https:\/\/www.elementvape.de\/wp-content\/uploads\/2024\/08\/Lychee-Ice.webp","width":400,"height":400,"caption":"Lychee Ice"},{"@type":"BreadcrumbList","@id":"https:\/\/www.elementvape.de\/produkt\/lychee-ice-waspe-5000-puffs-e-zigarette-jetzt-zollfrei-erhaeltlich-und-zu-grosshandelspreisen-eine-perfekte-mischung-aus-suesser-litschi-und-eisiger-frische\/#breadcrumb","itemListElement":[{"@type":"ListItem","position":1,"name":"Home","item":"https:\/\/www.elementvape.de\/"},{"@type":"ListItem","position":2,"name":"Shop","item":"https:\/\/www.elementvape.de\/shop\/"},{"@type":"ListItem","position":3,"name":"Lychee Ice WASPE 5000 PUFFS E-Zigarette Jetzt zollfrei erh\u00e4ltlich und zu Gro\u00dfhandelspreisen \u2013 Eine perfekte Mischung aus s\u00fc\u00dfer Litschi und eisiger Frische"}]},{"@type":"WebSite","@id":"https:\/\/www.elementvape.de\/#website","url":"https:\/\/www.elementvape.de\/","name":"ElementVape.de","description":"","publisher":{"@id":"https:\/\/www.elementvape.de\/#organization"},"potentialAction":[{"@type":"SearchAction","target":{"@type":"EntryPoint","urlTemplate":"https:\/\/www.elementvape.de\/?s={search_term_string}"},"query-input":"required name=search_term_string"}],"inLanguage":"ro-RO"},{"@type":"Organization","@id":"https:\/\/www.elementvape.de\/#organization","name":"ElementVape.DE","url":"https:\/\/www.elementvape.de\/","logo":{"@type":"ImageObject","inLanguage":"ro-RO","@id":"https:\/\/www.elementvape.de\/#\/schema\/logo\/image\/","url":"https:\/\/www.elementvape.de\/wp-content\/uploads\/2024\/09\/cropped-1elementvape-3.png","contentUrl":"https:\/\/www.elementvape.de\/wp-content\/uploads\/2024\/09\/cropped-1elementvape-3.png","width":285,"height":228,"caption":"ElementVape.DE"},"image":{"@id":"https:\/\/www.elementvape.de\/#\/schema\/logo\/image\/"}}]}},"_links":{"self":[{"href":"https:\/\/www.elementvape.de\/ro\/wp-json\/wp\/v2\/product\/14043"}],"collection":[{"href":"https:\/\/www.elementvape.de\/ro\/wp-json\/wp\/v2\/product"}],"about":[{"href":"https:\/\/www.elementvape.de\/ro\/wp-json\/wp\/v2\/types\/product"}],"wp:featuredmedia":[{"embeddable":true,"href":"https:\/\/www.elementvape.de\/ro\/wp-json\/wp\/v2\/media\/14044"}],"wp:attachment":[{"href":"https:\/\/www.elementvape.de\/ro\/wp-json\/wp\/v2\/media?parent=14043"}],"wp:term":[{"taxonomy":"product_cat","embeddable":true,"href":"https:\/\/www.elementvape.de\/ro\/wp-json\/wp\/v2\/product_cat?post=14043"},{"taxonomy":"product_tag","embeddable":true,"href":"https:\/\/www.elementvape.de\/ro\/wp-json\/wp\/v2\/product_tag?post=14043"}],"curies":[{"name":"wp","href":"https:\/\/api.w.org\/{rel}","templated":true}]}}