{"id":14035,"date":"2024-08-28T01:36:02","date_gmt":"2024-08-28T01:36:02","guid":{"rendered":"https:\/\/www.elementvape.de\/?post_type=product&#038;p=14035"},"modified":"2024-10-15T03:32:42","modified_gmt":"2024-10-15T03:32:42","slug":"erleben-sie-den-erfrischenden-cola-ice-geschmack-mit-der-waspe-5000-puffs-e-zigarette-zollfrei-und-zu-unschlagbaren-grosshandelspreisen","status":"publish","type":"product","link":"https:\/\/www.elementvape.de\/ro\/produkt\/erleben-sie-den-erfrischenden-cola-ice-geschmack-mit-der-waspe-5000-puffs-e-zigarette-zollfrei-und-zu-unschlagbaren-grosshandelspreisen\/","title":{"rendered":"Experimenta\u021bi gustul r\u0103coritor de Cola Ice cu \u021bigara electronic\u0103 WASPE 5000 PUFFS, f\u0103r\u0103 taxe vamale \u0219i la pre\u021buri en gros imbatabile"},"content":{"rendered":"<h2>Bucura\u021bi-v\u0103 de gustul r\u0103coritor Cola Ice cu \u021bigareta electronic\u0103 WASPE 5000 PUFFS \u2013 f\u0103r\u0103 taxe vamale \u0219i la pre\u021buri angro imbatabile<\/h2>\n<p>Dac\u0103 sunte\u021bi \u00een c\u0103utarea unei experien\u021be cu \u021big\u0103ri electronice care nu numai c\u0103 v\u0103 convinge prin gust, dar aduce \u0219i o not\u0103 r\u0103coritoare, atunci WASPE 5000 PUFFS <strong><a href=\"https:\/\/www.elementvape.de\/ro\/\" target=\"_blank\" rel=\"noopener\">E-Zigaret\u0103<\/a><\/strong> cu gust de Cola Ice este exact ceea ce v\u0103 trebuie. Aceast\u0103 \u021bigar\u0103 electronic\u0103 inovatoare combin\u0103 gustul clasic, dulce, de cola cu o prospe\u021bime rece, care face din fiecare puf o pl\u0103cere. \u0218i cel mai bun lucru? Pute\u021bi achizi\u021biona aceast\u0103 \u021bigar\u0103 electronic\u0103 de prim\u0103 clas\u0103 f\u0103r\u0103 taxe vamale \u0219i la pre\u021buri angro.<\/p>\n<h3>De ce \u021bigareta electronic\u0103 Cola Ice WASPE 5000 PUFFS este alegerea potrivit\u0103<\/h3>\n<ol>\n<li>Gust unic de Cola Ice: Combina\u021bia dintre gustul dulce, acidulat, de cola \u0219i un efect r\u0103coritor este pur \u0219i simplu imbatabil\u0103. La fiecare puf, papilele gustative sunt r\u0103sf\u0103\u021bate cu o arom\u0103 familiar\u0103 \u0219i totu\u0219i surprinz\u0103tor de proasp\u0103t\u0103.<\/li>\n<li>Pl\u0103cere de vapare de lung\u0103 durat\u0103: \u021aigareta electronic\u0103 WASPE 5000 PUFFS v\u0103 ofer\u0103 p\u00e2n\u0103 la 5000 de pufuri datorit\u0103 rezervorului s\u0103u generos de e-lichid de 13 ml \u0219i a bateriei puternice de 650 mAh. Asta \u00eenseamn\u0103 c\u0103 v\u0103 pute\u021bi bucura de o experien\u021b\u0103 de vapare extins\u0103, f\u0103r\u0103 a v\u0103 face griji cu privire la \u00eenc\u0103rcare sau reumplere.<\/li>\n<li>Design compact \u0219i elegant: Cu designul s\u0103u sub\u021bire, \u021bigareta electronic\u0103 WASPE 5000 PUFFS nu numai c\u0103 se simte confortabil \u00een m\u00e2n\u0103, dar \u0219i arat\u0103 bine. Este u\u0219oar\u0103 \u0219i u\u0219or de transportat, astfel \u00eenc\u00e2t s\u0103 pute\u021bi lua cu dvs. b\u0103utura preferat\u0103 sub form\u0103 de vapori oriunde merge\u021bi.<\/li>\n<li>Utilizare simpl\u0103: Utilizarea nu ar putea fi mai simpl\u0103 \u2013 f\u0103r\u0103 a ap\u0103sa butoane, f\u0103r\u0103 set\u0103ri complicate. Pur \u0219i simplu trage\u021bi de mu\u0219tiuc, iar \u021bigareta electronic\u0103 se activeaz\u0103 automat, astfel \u00eenc\u00e2t s\u0103 v\u0103 pute\u021bi bucura imediat de gustul de Cola Ice.<\/li>\n<li>Disponibil\u0103 f\u0103r\u0103 taxe vamale \u0219i la pre\u021buri angro: Posibilitatea de a achizi\u021biona \u021bigareta electronic\u0103 WASPE 5000 PUFFS f\u0103r\u0103 taxe vamale \u0219i de a beneficia de pre\u021buri angro imbatabile face ca acest produs s\u0103 fie atractiv nu numai din punct de vedere al gustului, ci \u0219i al pre\u021bului. Ob\u021bine\u021bi un produs de \u00eenalt\u0103 calitate, cunoscut pentru calitatea \u0219i durabilitatea sa, la un pre\u021b de neegalat.<\/li>\n<\/ol>\n<h3>Pl\u0103cere r\u0103coritoare, care convinge<\/h3>\n<p>\u021aigareta electronic\u0103 WASPE 5000 PUFFS cu gust de Cola Ice este alegerea ideal\u0103 pentru to\u021bi cei care iubesc gustul clasic de cola \u0219i doresc s\u0103 se bucure de el \u00eentr-un mod nou, r\u0103coritor. Cu un num\u0103r impresionant de pufuri, un design atractiv \u0219i o manevrare simpl\u0103, aceasta <strong><a href=\"https:\/\/www.elementvape.de\/ro\/\">E-Zigaret\u0103<\/a><\/strong> va deveni rapid preferata dumneavoastr\u0103. Profita\u021bi de ocazie pentru a achizi\u021biona acest produs premium f\u0103r\u0103 taxe vamale \u0219i la pre\u021buri angro imbatabile. R\u0103sf\u0103\u021ba\u021bi-v\u0103 cu gustul r\u0103coritor de Cola Ice \u2013 o pl\u0103cere care dureaz\u0103 mult!<\/p>","protected":false},"excerpt":{"rendered":"<p>Genie\u00dfen Sie den erfrischenden Cola Ice Geschmack mit der WASPE 5000 PUFFS E-Zigarette \u2013 Zollfrei und zu unschlagbaren Gro\u00dfhandelspreisen Wenn Sie auf der Suche nach einem E-Zigaretten-Erlebnis sind, das nicht nur geschmacklich \u00fcberzeugt, sondern auch eine erfrischende Note mitbringt, dann ist die WASPE 5000 PUFFS E-Zigarette mit Cola Ice Geschmack genau das Richtige f\u00fcr Sie. [&hellip;]<\/p>","protected":false},"featured_media":14036,"template":"","meta":{"inline_featured_image":false},"product_cat":[15,78,735,746,741,733,744,755,738,751,726],"product_tag":[710,678],"tiered_pricing_type":"fixed","tiered_pricing_fixed_rules":[],"tiered_pricing_percentage_rules":[],"tiered_pricing_minimum":1,"_administrator_tiered_pricing_type":"fixed","_administrator_tiered_pricing_fixed_rules":[],"_editor_tiered_pricing_type":"fixed","_editor_tiered_pricing_fixed_rules":[],"_author_tiered_pricing_type":"fixed","_author_tiered_pricing_fixed_rules":[],"_contributor_tiered_pricing_type":"fixed","_contributor_tiered_pricing_fixed_rules":[],"_subscriber_tiered_pricing_type":"fixed","_subscriber_tiered_pricing_fixed_rules":[],"_customer_tiered_pricing_type":"fixed","_customer_tiered_pricing_fixed_rules":[],"_shop_manager_tiered_pricing_type":"fixed","_shop_manager_tiered_pricing_fixed_rules":[],"_wpseo_manager_tiered_pricing_type":"fixed","_wpseo_manager_tiered_pricing_fixed_rules":[],"_wpseo_editor_tiered_pricing_type":"fixed","_wpseo_editor_tiered_pricing_fixed_rules":[],"_wholesale_customer_tiered_pricing_type":"fixed","_wholesale_customer_tiered_pricing_fixed_rules":[],"_marketer_tiered_pricing_type":"fixed","_marketer_tiered_pricing_fixed_rules":[],"_sales_manager_tiered_pricing_type":"fixed","_sales_manager_tiered_pricing_fixed_rules":[],"_sales_rep_tiered_pricing_type":"fixed","_sales_rep_tiered_pricing_fixed_rules":[],"yoast_head":"<!-- This site is optimized with the Yoast SEO plugin v23.3 - https:\/\/yoast.com\/wordpress\/plugins\/seo\/ -->\n<title>Erleben Sie den erfrischenden Cola Ice Geschmack mit der WASPE 5000 PUFFS E-Zigarette, zollfrei und zu unschlagbaren Gro\u00dfhandelspreisen | ElementVape.de<\/title>\n<meta name=\"description\" content=\"Wir bieten Erleben Sie den erfrischenden Cola Ice Geschmack mit der WASPE 5000 PUFFS E-Zigarette, zollfrei und zu unschlagbaren Gro\u00dfhandelspreisen , Elementvape.de akzeptieren Gro\u00df-und Einzelhandel Bestellungen.\" \/>\n<meta name=\"robots\" content=\"index, follow, max-snippet:-1, max-image-preview:large, max-video-preview:-1\" \/>\n<link rel=\"canonical\" href=\"https:\/\/www.elementvape.de\/ro\/produkt\/erleben-sie-den-erfrischenden-cola-ice-geschmack-mit-der-waspe-5000-puffs-e-zigarette-zollfrei-und-zu-unschlagbaren-grosshandelspreisen\/\" \/>\n<meta property=\"og:locale\" content=\"ro_RO\" \/>\n<meta property=\"og:type\" content=\"article\" \/>\n<meta property=\"og:title\" content=\"Erleben Sie den erfrischenden Cola Ice Geschmack mit der WASPE 5000 PUFFS E-Zigarette, zollfrei und zu unschlagbaren Gro\u00dfhandelspreisen | ElementVape.de\" \/>\n<meta property=\"og:description\" content=\"Wir bieten Erleben Sie den erfrischenden Cola Ice Geschmack mit der WASPE 5000 PUFFS E-Zigarette, zollfrei und zu unschlagbaren Gro\u00dfhandelspreisen , Elementvape.de akzeptieren Gro\u00df-und Einzelhandel Bestellungen.\" \/>\n<meta property=\"og:url\" content=\"https:\/\/www.elementvape.de\/ro\/produkt\/erleben-sie-den-erfrischenden-cola-ice-geschmack-mit-der-waspe-5000-puffs-e-zigarette-zollfrei-und-zu-unschlagbaren-grosshandelspreisen\/\" \/>\n<meta property=\"og:site_name\" content=\"ElementVape.de\" \/>\n<meta property=\"article:modified_time\" content=\"2024-10-15T03:32:42+00:00\" \/>\n<meta property=\"og:image\" content=\"https:\/\/www.elementvape.de\/wp-content\/uploads\/2024\/08\/Cola-lce.webp\" \/>\n\t<meta property=\"og:image:width\" content=\"400\" \/>\n\t<meta property=\"og:image:height\" content=\"400\" \/>\n\t<meta property=\"og:image:type\" content=\"image\/webp\" \/>\n<meta name=\"twitter:card\" content=\"summary_large_image\" \/>\n<meta name=\"twitter:label1\" content=\"Est. reading time\" \/>\n\t<meta name=\"twitter:data1\" content=\"3 minute\" \/>\n<script type=\"application\/ld+json\" class=\"yoast-schema-graph\">{\"@context\":\"https:\/\/schema.org\",\"@graph\":[{\"@type\":\"WebPage\",\"@id\":\"https:\/\/www.elementvape.de\/lt\/produkt\/erleben-sie-den-erfrischenden-cola-ice-geschmack-mit-der-waspe-5000-puffs-e-zigarette-zollfrei-und-zu-unschlagbaren-grosshandelspreisen\/\",\"url\":\"https:\/\/www.elementvape.de\/lt\/produkt\/erleben-sie-den-erfrischenden-cola-ice-geschmack-mit-der-waspe-5000-puffs-e-zigarette-zollfrei-und-zu-unschlagbaren-grosshandelspreisen\/\",\"name\":\"Erleben Sie den erfrischenden Cola Ice Geschmack mit der WASPE 5000 PUFFS E-Zigarette, zollfrei und zu unschlagbaren Gro\u00dfhandelspreisen | ElementVape.de\",\"isPartOf\":{\"@id\":\"https:\/\/www.elementvape.de\/#website\"},\"primaryImageOfPage\":{\"@id\":\"https:\/\/www.elementvape.de\/lt\/produkt\/erleben-sie-den-erfrischenden-cola-ice-geschmack-mit-der-waspe-5000-puffs-e-zigarette-zollfrei-und-zu-unschlagbaren-grosshandelspreisen\/#primaryimage\"},\"image\":{\"@id\":\"https:\/\/www.elementvape.de\/lt\/produkt\/erleben-sie-den-erfrischenden-cola-ice-geschmack-mit-der-waspe-5000-puffs-e-zigarette-zollfrei-und-zu-unschlagbaren-grosshandelspreisen\/#primaryimage\"},\"thumbnailUrl\":\"https:\/\/www.elementvape.de\/wp-content\/uploads\/2024\/08\/Cola-lce.webp\",\"datePublished\":\"2024-08-28T01:36:02+00:00\",\"dateModified\":\"2024-10-15T03:32:42+00:00\",\"description\":\"Wir bieten Erleben Sie den erfrischenden Cola Ice Geschmack mit der WASPE 5000 PUFFS E-Zigarette, zollfrei und zu unschlagbaren Gro\u00dfhandelspreisen , Elementvape.de akzeptieren Gro\u00df-und Einzelhandel Bestellungen.\",\"breadcrumb\":{\"@id\":\"https:\/\/www.elementvape.de\/lt\/produkt\/erleben-sie-den-erfrischenden-cola-ice-geschmack-mit-der-waspe-5000-puffs-e-zigarette-zollfrei-und-zu-unschlagbaren-grosshandelspreisen\/#breadcrumb\"},\"inLanguage\":\"ro-RO\",\"potentialAction\":[{\"@type\":\"ReadAction\",\"target\":[\"https:\/\/www.elementvape.de\/lt\/produkt\/erleben-sie-den-erfrischenden-cola-ice-geschmack-mit-der-waspe-5000-puffs-e-zigarette-zollfrei-und-zu-unschlagbaren-grosshandelspreisen\/\"]}]},{\"@type\":\"ImageObject\",\"inLanguage\":\"ro-RO\",\"@id\":\"https:\/\/www.elementvape.de\/lt\/produkt\/erleben-sie-den-erfrischenden-cola-ice-geschmack-mit-der-waspe-5000-puffs-e-zigarette-zollfrei-und-zu-unschlagbaren-grosshandelspreisen\/#primaryimage\",\"url\":\"https:\/\/www.elementvape.de\/wp-content\/uploads\/2024\/08\/Cola-lce.webp\",\"contentUrl\":\"https:\/\/www.elementvape.de\/wp-content\/uploads\/2024\/08\/Cola-lce.webp\",\"width\":400,\"height\":400,\"caption\":\"Cola lce\"},{\"@type\":\"BreadcrumbList\",\"@id\":\"https:\/\/www.elementvape.de\/lt\/produkt\/erleben-sie-den-erfrischenden-cola-ice-geschmack-mit-der-waspe-5000-puffs-e-zigarette-zollfrei-und-zu-unschlagbaren-grosshandelspreisen\/#breadcrumb\",\"itemListElement\":[{\"@type\":\"ListItem\",\"position\":1,\"name\":\"Home\",\"item\":\"https:\/\/www.elementvape.de\/\"},{\"@type\":\"ListItem\",\"position\":2,\"name\":\"Shop\",\"item\":\"https:\/\/www.elementvape.de\/shop\/\"},{\"@type\":\"ListItem\",\"position\":3,\"name\":\"Erleben Sie den erfrischenden Cola Ice Geschmack mit der WASPE 5000 PUFFS E-Zigarette, zollfrei und zu unschlagbaren Gro\u00dfhandelspreisen\"}]},{\"@type\":\"WebSite\",\"@id\":\"https:\/\/www.elementvape.de\/#website\",\"url\":\"https:\/\/www.elementvape.de\/\",\"name\":\"ElementVape.de\",\"description\":\"\",\"publisher\":{\"@id\":\"https:\/\/www.elementvape.de\/#organization\"},\"potentialAction\":[{\"@type\":\"SearchAction\",\"target\":{\"@type\":\"EntryPoint\",\"urlTemplate\":\"https:\/\/www.elementvape.de\/?s={search_term_string}\"},\"query-input\":\"required name=search_term_string\"}],\"inLanguage\":\"ro-RO\"},{\"@type\":\"Organization\",\"@id\":\"https:\/\/www.elementvape.de\/#organization\",\"name\":\"ElementVape.DE\",\"url\":\"https:\/\/www.elementvape.de\/\",\"logo\":{\"@type\":\"ImageObject\",\"inLanguage\":\"ro-RO\",\"@id\":\"https:\/\/www.elementvape.de\/#\/schema\/logo\/image\/\",\"url\":\"https:\/\/www.elementvape.de\/wp-content\/uploads\/2024\/09\/cropped-1elementvape-3.png\",\"contentUrl\":\"https:\/\/www.elementvape.de\/wp-content\/uploads\/2024\/09\/cropped-1elementvape-3.png\",\"width\":285,\"height\":228,\"caption\":\"ElementVape.DE\"},\"image\":{\"@id\":\"https:\/\/www.elementvape.de\/#\/schema\/logo\/image\/\"}}]}<\/script>\n<!-- \/ Yoast SEO plugin. -->","yoast_head_json":{"title":"Erleben Sie den erfrischenden Cola Ice Geschmack mit der WASPE 5000 PUFFS E-Zigarette, zollfrei und zu unschlagbaren Gro\u00dfhandelspreisen | ElementVape.de","description":"Wir bieten Erleben Sie den erfrischenden Cola Ice Geschmack mit der WASPE 5000 PUFFS E-Zigarette, zollfrei und zu unschlagbaren Gro\u00dfhandelspreisen , Elementvape.de akzeptieren Gro\u00df-und Einzelhandel Bestellungen.","robots":{"index":"index","follow":"follow","max-snippet":"max-snippet:-1","max-image-preview":"max-image-preview:large","max-video-preview":"max-video-preview:-1"},"canonical":"https:\/\/www.elementvape.de\/ro\/produkt\/erleben-sie-den-erfrischenden-cola-ice-geschmack-mit-der-waspe-5000-puffs-e-zigarette-zollfrei-und-zu-unschlagbaren-grosshandelspreisen\/","og_locale":"ro_RO","og_type":"article","og_title":"Erleben Sie den erfrischenden Cola Ice Geschmack mit der WASPE 5000 PUFFS E-Zigarette, zollfrei und zu unschlagbaren Gro\u00dfhandelspreisen | ElementVape.de","og_description":"Wir bieten Erleben Sie den erfrischenden Cola Ice Geschmack mit der WASPE 5000 PUFFS E-Zigarette, zollfrei und zu unschlagbaren Gro\u00dfhandelspreisen , Elementvape.de akzeptieren Gro\u00df-und Einzelhandel Bestellungen.","og_url":"https:\/\/www.elementvape.de\/ro\/produkt\/erleben-sie-den-erfrischenden-cola-ice-geschmack-mit-der-waspe-5000-puffs-e-zigarette-zollfrei-und-zu-unschlagbaren-grosshandelspreisen\/","og_site_name":"ElementVape.de","article_modified_time":"2024-10-15T03:32:42+00:00","og_image":[{"width":400,"height":400,"url":"https:\/\/www.elementvape.de\/wp-content\/uploads\/2024\/08\/Cola-lce.webp","type":"image\/webp"}],"twitter_card":"summary_large_image","twitter_misc":{"Est. reading time":"3 minute"},"schema":{"@context":"https:\/\/schema.org","@graph":[{"@type":"WebPage","@id":"https:\/\/www.elementvape.de\/lt\/produkt\/erleben-sie-den-erfrischenden-cola-ice-geschmack-mit-der-waspe-5000-puffs-e-zigarette-zollfrei-und-zu-unschlagbaren-grosshandelspreisen\/","url":"https:\/\/www.elementvape.de\/lt\/produkt\/erleben-sie-den-erfrischenden-cola-ice-geschmack-mit-der-waspe-5000-puffs-e-zigarette-zollfrei-und-zu-unschlagbaren-grosshandelspreisen\/","name":"Erleben Sie den erfrischenden Cola Ice Geschmack mit der WASPE 5000 PUFFS E-Zigarette, zollfrei und zu unschlagbaren Gro\u00dfhandelspreisen | ElementVape.de","isPartOf":{"@id":"https:\/\/www.elementvape.de\/#website"},"primaryImageOfPage":{"@id":"https:\/\/www.elementvape.de\/lt\/produkt\/erleben-sie-den-erfrischenden-cola-ice-geschmack-mit-der-waspe-5000-puffs-e-zigarette-zollfrei-und-zu-unschlagbaren-grosshandelspreisen\/#primaryimage"},"image":{"@id":"https:\/\/www.elementvape.de\/lt\/produkt\/erleben-sie-den-erfrischenden-cola-ice-geschmack-mit-der-waspe-5000-puffs-e-zigarette-zollfrei-und-zu-unschlagbaren-grosshandelspreisen\/#primaryimage"},"thumbnailUrl":"https:\/\/www.elementvape.de\/wp-content\/uploads\/2024\/08\/Cola-lce.webp","datePublished":"2024-08-28T01:36:02+00:00","dateModified":"2024-10-15T03:32:42+00:00","description":"Wir bieten Erleben Sie den erfrischenden Cola Ice Geschmack mit der WASPE 5000 PUFFS E-Zigarette, zollfrei und zu unschlagbaren Gro\u00dfhandelspreisen , Elementvape.de akzeptieren Gro\u00df-und Einzelhandel Bestellungen.","breadcrumb":{"@id":"https:\/\/www.elementvape.de\/lt\/produkt\/erleben-sie-den-erfrischenden-cola-ice-geschmack-mit-der-waspe-5000-puffs-e-zigarette-zollfrei-und-zu-unschlagbaren-grosshandelspreisen\/#breadcrumb"},"inLanguage":"ro-RO","potentialAction":[{"@type":"ReadAction","target":["https:\/\/www.elementvape.de\/lt\/produkt\/erleben-sie-den-erfrischenden-cola-ice-geschmack-mit-der-waspe-5000-puffs-e-zigarette-zollfrei-und-zu-unschlagbaren-grosshandelspreisen\/"]}]},{"@type":"ImageObject","inLanguage":"ro-RO","@id":"https:\/\/www.elementvape.de\/lt\/produkt\/erleben-sie-den-erfrischenden-cola-ice-geschmack-mit-der-waspe-5000-puffs-e-zigarette-zollfrei-und-zu-unschlagbaren-grosshandelspreisen\/#primaryimage","url":"https:\/\/www.elementvape.de\/wp-content\/uploads\/2024\/08\/Cola-lce.webp","contentUrl":"https:\/\/www.elementvape.de\/wp-content\/uploads\/2024\/08\/Cola-lce.webp","width":400,"height":400,"caption":"Cola lce"},{"@type":"BreadcrumbList","@id":"https:\/\/www.elementvape.de\/lt\/produkt\/erleben-sie-den-erfrischenden-cola-ice-geschmack-mit-der-waspe-5000-puffs-e-zigarette-zollfrei-und-zu-unschlagbaren-grosshandelspreisen\/#breadcrumb","itemListElement":[{"@type":"ListItem","position":1,"name":"Home","item":"https:\/\/www.elementvape.de\/"},{"@type":"ListItem","position":2,"name":"Shop","item":"https:\/\/www.elementvape.de\/shop\/"},{"@type":"ListItem","position":3,"name":"Erleben Sie den erfrischenden Cola Ice Geschmack mit der WASPE 5000 PUFFS E-Zigarette, zollfrei und zu unschlagbaren Gro\u00dfhandelspreisen"}]},{"@type":"WebSite","@id":"https:\/\/www.elementvape.de\/#website","url":"https:\/\/www.elementvape.de\/","name":"ElementVape.de","description":"","publisher":{"@id":"https:\/\/www.elementvape.de\/#organization"},"potentialAction":[{"@type":"SearchAction","target":{"@type":"EntryPoint","urlTemplate":"https:\/\/www.elementvape.de\/?s={search_term_string}"},"query-input":"required name=search_term_string"}],"inLanguage":"ro-RO"},{"@type":"Organization","@id":"https:\/\/www.elementvape.de\/#organization","name":"ElementVape.DE","url":"https:\/\/www.elementvape.de\/","logo":{"@type":"ImageObject","inLanguage":"ro-RO","@id":"https:\/\/www.elementvape.de\/#\/schema\/logo\/image\/","url":"https:\/\/www.elementvape.de\/wp-content\/uploads\/2024\/09\/cropped-1elementvape-3.png","contentUrl":"https:\/\/www.elementvape.de\/wp-content\/uploads\/2024\/09\/cropped-1elementvape-3.png","width":285,"height":228,"caption":"ElementVape.DE"},"image":{"@id":"https:\/\/www.elementvape.de\/#\/schema\/logo\/image\/"}}]}},"_links":{"self":[{"href":"https:\/\/www.elementvape.de\/ro\/wp-json\/wp\/v2\/product\/14035"}],"collection":[{"href":"https:\/\/www.elementvape.de\/ro\/wp-json\/wp\/v2\/product"}],"about":[{"href":"https:\/\/www.elementvape.de\/ro\/wp-json\/wp\/v2\/types\/product"}],"wp:featuredmedia":[{"embeddable":true,"href":"https:\/\/www.elementvape.de\/ro\/wp-json\/wp\/v2\/media\/14036"}],"wp:attachment":[{"href":"https:\/\/www.elementvape.de\/ro\/wp-json\/wp\/v2\/media?parent=14035"}],"wp:term":[{"taxonomy":"product_cat","embeddable":true,"href":"https:\/\/www.elementvape.de\/ro\/wp-json\/wp\/v2\/product_cat?post=14035"},{"taxonomy":"product_tag","embeddable":true,"href":"https:\/\/www.elementvape.de\/ro\/wp-json\/wp\/v2\/product_tag?post=14035"}],"curies":[{"name":"wp","href":"https:\/\/api.w.org\/{rel}","templated":true}]}}