{"id":14030,"date":"2024-08-27T03:26:07","date_gmt":"2024-08-27T03:26:07","guid":{"rendered":"https:\/\/www.elementvape.de\/?post_type=product&#038;p=14030"},"modified":"2024-10-15T03:34:40","modified_gmt":"2024-10-15T03:34:40","slug":"sichern-sie-sich-die-mint-waspe-5000-e-zigarette-zollfrei-und-profitieren-sie-von-unschlagbaren-grosshandelspreisen-fuer-hoechste-qualitaet-und-maximalen-genuss","status":"publish","type":"product","link":"https:\/\/www.elementvape.de\/ro\/produkt\/sichern-sie-sich-die-mint-waspe-5000-e-zigarette-zollfrei-und-profitieren-sie-von-unschlagbaren-grosshandelspreisen-fuer-hoechste-qualitaet-und-maximalen-genuss\/","title":{"rendered":"Asigur\u0103-\u021bi \u021bigara electronic\u0103 MINT WASPE 5000 f\u0103r\u0103 taxe vamale \u0219i profit\u0103 de pre\u021buri en gros imbatabile pentru cea mai \u00eenalt\u0103 calitate \u0219i pl\u0103cere maxim\u0103"},"content":{"rendered":"<h2>MINT WASPE 5000 Revolu\u021bionarul pl\u0103cerii \u021bigaretelor electronice<\/h2>\n<p>Lumea fumatului cu aburi este plin\u0103 de inova\u021bii, dar doar c\u00e2teva produse ies \u00een eviden\u021b\u0103 precum MINT WASPE 5000. Acesta <strong><a href=\"https:\/\/www.elementvape.de\/ro\/\" target=\"_blank\" rel=\"noopener\">E-Zigaret\u0103<\/a><\/strong> une\u0219te designul, func\u021bionalitatea \u0219i gustul \u0219i ofer\u0103 o experien\u021b\u0103 inegalabil\u0103, pe care chiar \u0219i ace\u0219ti oameni o jur\u0103. Cel mai exigent vaporizator. Descoperi\u021bi de ce \u021bigara electronic\u0103 MINT WASPE 5000 ar putea deveni noul dvs. favorit.<\/p>\n<h3>MINT WASPE 5000 Func\u021bii neegalate<\/h3>\n<p>MINT WASPE 5000 a fost dezvoltat pentru a \u00eendeplini cele mai \u00eenalte cerin\u021be \u0219i, \u00een acela\u0219i timp, pentru a oferi un maximum de pl\u0103cere. Cele mai importante caracteristici ale \u021bigaretelor electronice care le fac o alegere excelent\u0103:<\/p>\n<p>Capacitate de lichid: MINT WASPE 5000 are o capacitate de lichid de p\u00e2n\u0103 la 13 ml, asigur\u00e2nd o durat\u0103 de fumat peste medie. Pute\u021bi savura ore \u00eentregi de pl\u0103cere f\u0103r\u0103 a fi nevoie s\u0103 reumple\u021bi.<\/p>\n<p>Baterie puternic\u0103: MINT WASPE 5000 este echipat cu o baterie de 650 mAh, care poate fi \u00eenc\u0103rcat\u0103 rapid prin USB-C, f\u0103c\u00e2ndu-l nu doar durabil, ci \u0219i flexibil. O baterie complet \u00eenc\u0103rcat\u0103 dureaz\u0103 p\u00e2n\u0103 la 5.000 de pufuri, suficient pentru o zi \u00eentreag\u0103.<\/p>\n<p>Mai multe op\u021biuni de gust: Cu 10 arome diferite pentru orice preferin\u021b\u0103. Fie dulce, fie r\u0103coritor \u2013 aici fiecare g\u0103se\u0219te ceva pe gustul s\u0103u.<\/p>\n<p>Diferite niveluri de nicotin\u0103: \u00cen func\u021bie de preferin\u021be, pute\u021bi alege \u00eentre 0, 1, 2, 3 \u0219i 5 mg de nicotin\u0103. Aceast\u0103 flexibilitate v\u0103 permite s\u0103 g\u0103si\u021bi echilibrul perfect \u00eentre gust \u0219i nicotin\u0103.<\/p>\n<p>U\u0219or de utilizat: MINT WASPE 5000 nu necesit\u0103 set\u0103ri complicate sau butoane. Datorit\u0103 sistemului automat de inhalare, aburul \u00eencepe deja la primul puf \u2013 nu poate fi mai simplu.<\/p>\n<p>Design elegant: Designul compact (79 mm x 41 mm x 19 mm) \u0219i greutatea redus\u0103 de 89 g fac ca MINT WASPE 5000 s\u0103 fie nu doar practic, ci \u0219i stilat. Sub lumin\u0103 colorat\u0103, dispozitivul atrage privirea \u0219i las\u0103 o impresie de durat\u0103.<\/p>\n<h3>Calitate \u0219i pl\u0103cere de top<\/h3>\n<p><img loading=\"lazy\" decoding=\"async\" class=\"wp-image-14031\" src=\"https:\/\/www.elementvape.de\/wp-content\/uploads\/2024\/08\/1-1-250x300.jpg\" alt=\"1 (1)\" width=\"256\" height=\"307\" srcset=\"https:\/\/www.elementvape.de\/wp-content\/uploads\/2024\/08\/1-1-250x300.jpg 250w, https:\/\/www.elementvape.de\/wp-content\/uploads\/2024\/08\/1-1-853x1024.jpg 853w, https:\/\/www.elementvape.de\/wp-content\/uploads\/2024\/08\/1-1-768x922.jpg 768w, https:\/\/www.elementvape.de\/wp-content\/uploads\/2024\/08\/1-1-600x720.jpg 600w, https:\/\/www.elementvape.de\/wp-content\/uploads\/2024\/08\/1-1.jpg 1000w\" sizes=\"(max-width: 256px) 100vw, 256px\" \/><\/p>\n<p>\u021aigara electronic\u0103 MINT WASPE 5000 reprezint\u0103 nu doar tehnologie inovatoare, ci \u0219i cele mai \u00eenalte standarde de calitate. Fiecare detaliu a fost g\u00e2ndit cu aten\u021bie pentru a crea un produs care impresioneaz\u0103 at\u00e2t prin performan\u021b\u0103, c\u00e2t \u0219i prin gust. Rezervorul spa\u021bios de lichid asigur\u0103 c\u0103 pute\u021bi savura acela\u0219i gust bogat pentru mai mult timp, \u00een timp ce bateria puternic\u0103 asigur\u0103 o performan\u021b\u0103 stabil\u0103 a fumului.<\/p>\n<p>Un alt punct forte al MINT WASPE 5000 este posibilitatea de a cump\u0103ra aceast\u0103 \u021bigar\u0103 electronic\u0103 f\u0103r\u0103 taxe vamale \u0219i de a beneficia de pre\u021buri en-gros imbatabile. Acest lucru o face atractiv\u0103 nu doar pentru persoane fizice, ci \u0219i pentru comercian\u021bi. Calitatea nu trebuie s\u0103 fie scump\u0103 \u2013 dovad\u0103 fiind MINT WASPE 5000.<\/p>\n<p>Indiferent dac\u0103 sunte\u021bi un vaporizator experimentat sau abia \u00eencepe\u021bi s\u0103 descoperi\u021bi lumea fumatului cu aburi, MINT WASPE 5000 v\u0103 ofer\u0103 tot ce a\u0219tepta\u021bi de la un produs de \u00eenalt\u0103 calitate. Cu o durat\u0103 lung\u0103 de via\u021b\u0103 a bateriei, o varietate de arome \u0219i un design prietenos, aceast\u0103 \u021bigar\u0103 electronic\u0103 este alegerea perfect\u0103 pentru cei care apreciaz\u0103 calitatea \u0219i pl\u0103cerea. Prinde\u021bi-o \u0219i experimenta\u021bi fumatul la un nivel superior!<\/p>","protected":false},"excerpt":{"rendered":"<p>MINT WASPE 5000 Das revolution\u00e4re Vergn\u00fcgen elektronischer Zigaretten Die Welt des Dampfens ist voller Innovationen, aber nur wenige Produkte stechen so heraus wie der MINT WASPE 5000. Diese E-Zigarette vereint Design, Funktionalit\u00e4t und Geschmack und bietet ein unvergleichliches Erlebnis, auf das selbst diese Leute schw\u00f6ren. Der anspruchsvollste Dampfgarer. Finden Sie heraus, warum die E-Zigarette MINT [&hellip;]<\/p>","protected":false},"featured_media":14032,"template":"","meta":{"inline_featured_image":false},"product_cat":[15,78,735,746,741,733,744,755,738,751,726],"product_tag":[710,678],"tiered_pricing_type":"fixed","tiered_pricing_fixed_rules":[],"tiered_pricing_percentage_rules":[],"tiered_pricing_minimum":1,"_administrator_tiered_pricing_type":"fixed","_administrator_tiered_pricing_fixed_rules":[],"_editor_tiered_pricing_type":"fixed","_editor_tiered_pricing_fixed_rules":[],"_author_tiered_pricing_type":"fixed","_author_tiered_pricing_fixed_rules":[],"_contributor_tiered_pricing_type":"fixed","_contributor_tiered_pricing_fixed_rules":[],"_subscriber_tiered_pricing_type":"fixed","_subscriber_tiered_pricing_fixed_rules":[],"_customer_tiered_pricing_type":"fixed","_customer_tiered_pricing_fixed_rules":[],"_shop_manager_tiered_pricing_type":"fixed","_shop_manager_tiered_pricing_fixed_rules":[],"_wpseo_manager_tiered_pricing_type":"fixed","_wpseo_manager_tiered_pricing_fixed_rules":[],"_wpseo_editor_tiered_pricing_type":"fixed","_wpseo_editor_tiered_pricing_fixed_rules":[],"_wholesale_customer_tiered_pricing_type":"fixed","_wholesale_customer_tiered_pricing_fixed_rules":[],"_marketer_tiered_pricing_type":"fixed","_marketer_tiered_pricing_fixed_rules":[],"_sales_manager_tiered_pricing_type":"fixed","_sales_manager_tiered_pricing_fixed_rules":[],"_sales_rep_tiered_pricing_type":"fixed","_sales_rep_tiered_pricing_fixed_rules":[],"yoast_head":"<!-- This site is optimized with the Yoast SEO plugin v23.3 - https:\/\/yoast.com\/wordpress\/plugins\/seo\/ -->\n<title>Sichern Sie sich die MINT WASPE 5000 E-Zigarette zollfrei und profitieren Sie von unschlagbaren Gro\u00dfhandelspreisen f\u00fcr h\u00f6chste Qualit\u00e4t und maximalen Genuss | ElementVape.de<\/title>\n<meta name=\"description\" content=\"Wir bieten Sichern Sie sich die MINT WASPE 5000 E-Zigarette zollfrei und profitieren Sie von unschlagbaren Gro\u00dfhandelspreisen f\u00fcr h\u00f6chste Qualit\u00e4t und maximalen Genuss , Elementvape.de akzeptieren Gro\u00df-und Einzelhandel Bestellungen.\" \/>\n<meta name=\"robots\" content=\"index, follow, max-snippet:-1, max-image-preview:large, max-video-preview:-1\" \/>\n<link rel=\"canonical\" href=\"https:\/\/www.elementvape.de\/ro\/produkt\/sichern-sie-sich-die-mint-waspe-5000-e-zigarette-zollfrei-und-profitieren-sie-von-unschlagbaren-grosshandelspreisen-fuer-hoechste-qualitaet-und-maximalen-genuss\/\" \/>\n<meta property=\"og:locale\" content=\"ro_RO\" \/>\n<meta property=\"og:type\" content=\"article\" \/>\n<meta property=\"og:title\" content=\"Sichern Sie sich die MINT WASPE 5000 E-Zigarette zollfrei und profitieren Sie von unschlagbaren Gro\u00dfhandelspreisen f\u00fcr h\u00f6chste Qualit\u00e4t und maximalen Genuss | ElementVape.de\" \/>\n<meta property=\"og:description\" content=\"Wir bieten Sichern Sie sich die MINT WASPE 5000 E-Zigarette zollfrei und profitieren Sie von unschlagbaren Gro\u00dfhandelspreisen f\u00fcr h\u00f6chste Qualit\u00e4t und maximalen Genuss , Elementvape.de akzeptieren Gro\u00df-und Einzelhandel Bestellungen.\" \/>\n<meta property=\"og:url\" content=\"https:\/\/www.elementvape.de\/ro\/produkt\/sichern-sie-sich-die-mint-waspe-5000-e-zigarette-zollfrei-und-profitieren-sie-von-unschlagbaren-grosshandelspreisen-fuer-hoechste-qualitaet-und-maximalen-genuss\/\" \/>\n<meta property=\"og:site_name\" content=\"ElementVape.de\" \/>\n<meta property=\"article:modified_time\" content=\"2024-10-15T03:34:40+00:00\" \/>\n<meta property=\"og:image\" content=\"https:\/\/www.elementvape.de\/wp-content\/uploads\/2024\/08\/MINT.webp\" \/>\n\t<meta property=\"og:image:width\" content=\"400\" \/>\n\t<meta property=\"og:image:height\" content=\"400\" \/>\n\t<meta property=\"og:image:type\" content=\"image\/webp\" \/>\n<meta name=\"twitter:card\" content=\"summary_large_image\" \/>\n<meta name=\"twitter:label1\" content=\"Est. reading time\" \/>\n\t<meta name=\"twitter:data1\" content=\"4 minute\" \/>\n<script type=\"application\/ld+json\" class=\"yoast-schema-graph\">{\"@context\":\"https:\/\/schema.org\",\"@graph\":[{\"@type\":\"WebPage\",\"@id\":\"https:\/\/www.elementvape.de\/produkt\/sichern-sie-sich-die-mint-waspe-5000-e-zigarette-zollfrei-und-profitieren-sie-von-unschlagbaren-grosshandelspreisen-fuer-hoechste-qualitaet-und-maximalen-genuss\/\",\"url\":\"https:\/\/www.elementvape.de\/produkt\/sichern-sie-sich-die-mint-waspe-5000-e-zigarette-zollfrei-und-profitieren-sie-von-unschlagbaren-grosshandelspreisen-fuer-hoechste-qualitaet-und-maximalen-genuss\/\",\"name\":\"Sichern Sie sich die MINT WASPE 5000 E-Zigarette zollfrei und profitieren Sie von unschlagbaren Gro\u00dfhandelspreisen f\u00fcr h\u00f6chste Qualit\u00e4t und maximalen Genuss | ElementVape.de\",\"isPartOf\":{\"@id\":\"https:\/\/www.elementvape.de\/#website\"},\"primaryImageOfPage\":{\"@id\":\"https:\/\/www.elementvape.de\/produkt\/sichern-sie-sich-die-mint-waspe-5000-e-zigarette-zollfrei-und-profitieren-sie-von-unschlagbaren-grosshandelspreisen-fuer-hoechste-qualitaet-und-maximalen-genuss\/#primaryimage\"},\"image\":{\"@id\":\"https:\/\/www.elementvape.de\/produkt\/sichern-sie-sich-die-mint-waspe-5000-e-zigarette-zollfrei-und-profitieren-sie-von-unschlagbaren-grosshandelspreisen-fuer-hoechste-qualitaet-und-maximalen-genuss\/#primaryimage\"},\"thumbnailUrl\":\"https:\/\/www.elementvape.de\/wp-content\/uploads\/2024\/08\/MINT.webp\",\"datePublished\":\"2024-08-27T03:26:07+00:00\",\"dateModified\":\"2024-10-15T03:34:40+00:00\",\"description\":\"Wir bieten Sichern Sie sich die MINT WASPE 5000 E-Zigarette zollfrei und profitieren Sie von unschlagbaren Gro\u00dfhandelspreisen f\u00fcr h\u00f6chste Qualit\u00e4t und maximalen Genuss , Elementvape.de akzeptieren Gro\u00df-und Einzelhandel Bestellungen.\",\"breadcrumb\":{\"@id\":\"https:\/\/www.elementvape.de\/produkt\/sichern-sie-sich-die-mint-waspe-5000-e-zigarette-zollfrei-und-profitieren-sie-von-unschlagbaren-grosshandelspreisen-fuer-hoechste-qualitaet-und-maximalen-genuss\/#breadcrumb\"},\"inLanguage\":\"ro-RO\",\"potentialAction\":[{\"@type\":\"ReadAction\",\"target\":[\"https:\/\/www.elementvape.de\/produkt\/sichern-sie-sich-die-mint-waspe-5000-e-zigarette-zollfrei-und-profitieren-sie-von-unschlagbaren-grosshandelspreisen-fuer-hoechste-qualitaet-und-maximalen-genuss\/\"]}]},{\"@type\":\"ImageObject\",\"inLanguage\":\"ro-RO\",\"@id\":\"https:\/\/www.elementvape.de\/produkt\/sichern-sie-sich-die-mint-waspe-5000-e-zigarette-zollfrei-und-profitieren-sie-von-unschlagbaren-grosshandelspreisen-fuer-hoechste-qualitaet-und-maximalen-genuss\/#primaryimage\",\"url\":\"https:\/\/www.elementvape.de\/wp-content\/uploads\/2024\/08\/MINT.webp\",\"contentUrl\":\"https:\/\/www.elementvape.de\/wp-content\/uploads\/2024\/08\/MINT.webp\",\"width\":400,\"height\":400,\"caption\":\"MINT\"},{\"@type\":\"BreadcrumbList\",\"@id\":\"https:\/\/www.elementvape.de\/produkt\/sichern-sie-sich-die-mint-waspe-5000-e-zigarette-zollfrei-und-profitieren-sie-von-unschlagbaren-grosshandelspreisen-fuer-hoechste-qualitaet-und-maximalen-genuss\/#breadcrumb\",\"itemListElement\":[{\"@type\":\"ListItem\",\"position\":1,\"name\":\"Home\",\"item\":\"https:\/\/www.elementvape.de\/\"},{\"@type\":\"ListItem\",\"position\":2,\"name\":\"Shop\",\"item\":\"https:\/\/www.elementvape.de\/shop\/\"},{\"@type\":\"ListItem\",\"position\":3,\"name\":\"Sichern Sie sich die MINT WASPE 5000 E-Zigarette zollfrei und profitieren Sie von unschlagbaren Gro\u00dfhandelspreisen f\u00fcr h\u00f6chste Qualit\u00e4t und maximalen Genuss\"}]},{\"@type\":\"WebSite\",\"@id\":\"https:\/\/www.elementvape.de\/#website\",\"url\":\"https:\/\/www.elementvape.de\/\",\"name\":\"ElementVape.de\",\"description\":\"\",\"publisher\":{\"@id\":\"https:\/\/www.elementvape.de\/#organization\"},\"potentialAction\":[{\"@type\":\"SearchAction\",\"target\":{\"@type\":\"EntryPoint\",\"urlTemplate\":\"https:\/\/www.elementvape.de\/?s={search_term_string}\"},\"query-input\":\"required name=search_term_string\"}],\"inLanguage\":\"ro-RO\"},{\"@type\":\"Organization\",\"@id\":\"https:\/\/www.elementvape.de\/#organization\",\"name\":\"ElementVape.DE\",\"url\":\"https:\/\/www.elementvape.de\/\",\"logo\":{\"@type\":\"ImageObject\",\"inLanguage\":\"ro-RO\",\"@id\":\"https:\/\/www.elementvape.de\/#\/schema\/logo\/image\/\",\"url\":\"https:\/\/www.elementvape.de\/wp-content\/uploads\/2024\/09\/cropped-1elementvape-3.png\",\"contentUrl\":\"https:\/\/www.elementvape.de\/wp-content\/uploads\/2024\/09\/cropped-1elementvape-3.png\",\"width\":285,\"height\":228,\"caption\":\"ElementVape.DE\"},\"image\":{\"@id\":\"https:\/\/www.elementvape.de\/#\/schema\/logo\/image\/\"}}]}<\/script>\n<!-- \/ Yoast SEO plugin. -->","yoast_head_json":{"title":"Sichern Sie sich die MINT WASPE 5000 E-Zigarette zollfrei und profitieren Sie von unschlagbaren Gro\u00dfhandelspreisen f\u00fcr h\u00f6chste Qualit\u00e4t und maximalen Genuss | ElementVape.de","description":"Wir bieten Sichern Sie sich die MINT WASPE 5000 E-Zigarette zollfrei und profitieren Sie von unschlagbaren Gro\u00dfhandelspreisen f\u00fcr h\u00f6chste Qualit\u00e4t und maximalen Genuss , Elementvape.de akzeptieren Gro\u00df-und Einzelhandel Bestellungen.","robots":{"index":"index","follow":"follow","max-snippet":"max-snippet:-1","max-image-preview":"max-image-preview:large","max-video-preview":"max-video-preview:-1"},"canonical":"https:\/\/www.elementvape.de\/ro\/produkt\/sichern-sie-sich-die-mint-waspe-5000-e-zigarette-zollfrei-und-profitieren-sie-von-unschlagbaren-grosshandelspreisen-fuer-hoechste-qualitaet-und-maximalen-genuss\/","og_locale":"ro_RO","og_type":"article","og_title":"Sichern Sie sich die MINT WASPE 5000 E-Zigarette zollfrei und profitieren Sie von unschlagbaren Gro\u00dfhandelspreisen f\u00fcr h\u00f6chste Qualit\u00e4t und maximalen Genuss | ElementVape.de","og_description":"Wir bieten Sichern Sie sich die MINT WASPE 5000 E-Zigarette zollfrei und profitieren Sie von unschlagbaren Gro\u00dfhandelspreisen f\u00fcr h\u00f6chste Qualit\u00e4t und maximalen Genuss , Elementvape.de akzeptieren Gro\u00df-und Einzelhandel Bestellungen.","og_url":"https:\/\/www.elementvape.de\/ro\/produkt\/sichern-sie-sich-die-mint-waspe-5000-e-zigarette-zollfrei-und-profitieren-sie-von-unschlagbaren-grosshandelspreisen-fuer-hoechste-qualitaet-und-maximalen-genuss\/","og_site_name":"ElementVape.de","article_modified_time":"2024-10-15T03:34:40+00:00","og_image":[{"width":400,"height":400,"url":"https:\/\/www.elementvape.de\/wp-content\/uploads\/2024\/08\/MINT.webp","type":"image\/webp"}],"twitter_card":"summary_large_image","twitter_misc":{"Est. reading time":"4 minute"},"schema":{"@context":"https:\/\/schema.org","@graph":[{"@type":"WebPage","@id":"https:\/\/www.elementvape.de\/produkt\/sichern-sie-sich-die-mint-waspe-5000-e-zigarette-zollfrei-und-profitieren-sie-von-unschlagbaren-grosshandelspreisen-fuer-hoechste-qualitaet-und-maximalen-genuss\/","url":"https:\/\/www.elementvape.de\/produkt\/sichern-sie-sich-die-mint-waspe-5000-e-zigarette-zollfrei-und-profitieren-sie-von-unschlagbaren-grosshandelspreisen-fuer-hoechste-qualitaet-und-maximalen-genuss\/","name":"Sichern Sie sich die MINT WASPE 5000 E-Zigarette zollfrei und profitieren Sie von unschlagbaren Gro\u00dfhandelspreisen f\u00fcr h\u00f6chste Qualit\u00e4t und maximalen Genuss | ElementVape.de","isPartOf":{"@id":"https:\/\/www.elementvape.de\/#website"},"primaryImageOfPage":{"@id":"https:\/\/www.elementvape.de\/produkt\/sichern-sie-sich-die-mint-waspe-5000-e-zigarette-zollfrei-und-profitieren-sie-von-unschlagbaren-grosshandelspreisen-fuer-hoechste-qualitaet-und-maximalen-genuss\/#primaryimage"},"image":{"@id":"https:\/\/www.elementvape.de\/produkt\/sichern-sie-sich-die-mint-waspe-5000-e-zigarette-zollfrei-und-profitieren-sie-von-unschlagbaren-grosshandelspreisen-fuer-hoechste-qualitaet-und-maximalen-genuss\/#primaryimage"},"thumbnailUrl":"https:\/\/www.elementvape.de\/wp-content\/uploads\/2024\/08\/MINT.webp","datePublished":"2024-08-27T03:26:07+00:00","dateModified":"2024-10-15T03:34:40+00:00","description":"Wir bieten Sichern Sie sich die MINT WASPE 5000 E-Zigarette zollfrei und profitieren Sie von unschlagbaren Gro\u00dfhandelspreisen f\u00fcr h\u00f6chste Qualit\u00e4t und maximalen Genuss , Elementvape.de akzeptieren Gro\u00df-und Einzelhandel Bestellungen.","breadcrumb":{"@id":"https:\/\/www.elementvape.de\/produkt\/sichern-sie-sich-die-mint-waspe-5000-e-zigarette-zollfrei-und-profitieren-sie-von-unschlagbaren-grosshandelspreisen-fuer-hoechste-qualitaet-und-maximalen-genuss\/#breadcrumb"},"inLanguage":"ro-RO","potentialAction":[{"@type":"ReadAction","target":["https:\/\/www.elementvape.de\/produkt\/sichern-sie-sich-die-mint-waspe-5000-e-zigarette-zollfrei-und-profitieren-sie-von-unschlagbaren-grosshandelspreisen-fuer-hoechste-qualitaet-und-maximalen-genuss\/"]}]},{"@type":"ImageObject","inLanguage":"ro-RO","@id":"https:\/\/www.elementvape.de\/produkt\/sichern-sie-sich-die-mint-waspe-5000-e-zigarette-zollfrei-und-profitieren-sie-von-unschlagbaren-grosshandelspreisen-fuer-hoechste-qualitaet-und-maximalen-genuss\/#primaryimage","url":"https:\/\/www.elementvape.de\/wp-content\/uploads\/2024\/08\/MINT.webp","contentUrl":"https:\/\/www.elementvape.de\/wp-content\/uploads\/2024\/08\/MINT.webp","width":400,"height":400,"caption":"MINT"},{"@type":"BreadcrumbList","@id":"https:\/\/www.elementvape.de\/produkt\/sichern-sie-sich-die-mint-waspe-5000-e-zigarette-zollfrei-und-profitieren-sie-von-unschlagbaren-grosshandelspreisen-fuer-hoechste-qualitaet-und-maximalen-genuss\/#breadcrumb","itemListElement":[{"@type":"ListItem","position":1,"name":"Home","item":"https:\/\/www.elementvape.de\/"},{"@type":"ListItem","position":2,"name":"Shop","item":"https:\/\/www.elementvape.de\/shop\/"},{"@type":"ListItem","position":3,"name":"Sichern Sie sich die MINT WASPE 5000 E-Zigarette zollfrei und profitieren Sie von unschlagbaren Gro\u00dfhandelspreisen f\u00fcr h\u00f6chste Qualit\u00e4t und maximalen Genuss"}]},{"@type":"WebSite","@id":"https:\/\/www.elementvape.de\/#website","url":"https:\/\/www.elementvape.de\/","name":"ElementVape.de","description":"","publisher":{"@id":"https:\/\/www.elementvape.de\/#organization"},"potentialAction":[{"@type":"SearchAction","target":{"@type":"EntryPoint","urlTemplate":"https:\/\/www.elementvape.de\/?s={search_term_string}"},"query-input":"required name=search_term_string"}],"inLanguage":"ro-RO"},{"@type":"Organization","@id":"https:\/\/www.elementvape.de\/#organization","name":"ElementVape.DE","url":"https:\/\/www.elementvape.de\/","logo":{"@type":"ImageObject","inLanguage":"ro-RO","@id":"https:\/\/www.elementvape.de\/#\/schema\/logo\/image\/","url":"https:\/\/www.elementvape.de\/wp-content\/uploads\/2024\/09\/cropped-1elementvape-3.png","contentUrl":"https:\/\/www.elementvape.de\/wp-content\/uploads\/2024\/09\/cropped-1elementvape-3.png","width":285,"height":228,"caption":"ElementVape.DE"},"image":{"@id":"https:\/\/www.elementvape.de\/#\/schema\/logo\/image\/"}}]}},"_links":{"self":[{"href":"https:\/\/www.elementvape.de\/ro\/wp-json\/wp\/v2\/product\/14030"}],"collection":[{"href":"https:\/\/www.elementvape.de\/ro\/wp-json\/wp\/v2\/product"}],"about":[{"href":"https:\/\/www.elementvape.de\/ro\/wp-json\/wp\/v2\/types\/product"}],"wp:featuredmedia":[{"embeddable":true,"href":"https:\/\/www.elementvape.de\/ro\/wp-json\/wp\/v2\/media\/14032"}],"wp:attachment":[{"href":"https:\/\/www.elementvape.de\/ro\/wp-json\/wp\/v2\/media?parent=14030"}],"wp:term":[{"taxonomy":"product_cat","embeddable":true,"href":"https:\/\/www.elementvape.de\/ro\/wp-json\/wp\/v2\/product_cat?post=14030"},{"taxonomy":"product_tag","embeddable":true,"href":"https:\/\/www.elementvape.de\/ro\/wp-json\/wp\/v2\/product_tag?post=14030"}],"curies":[{"name":"wp","href":"https:\/\/api.w.org\/{rel}","templated":true}]}}