{"id":13963,"date":"2024-08-22T08:43:23","date_gmt":"2024-08-22T08:43:23","guid":{"rendered":"https:\/\/www.elementvape.de\/?post_type=product&#038;p=13963"},"modified":"2024-12-12T06:33:58","modified_gmt":"2024-12-12T06:33:58","slug":"fruchtig-erfrischende-fusion-blue-razz-lemon-waspe-15000-puffs-premium-e-zigaretten-im-grosshandel-fuer-den-unwiderstehlichen-mix-aus-blaubeeren-und-zitrone","status":"publish","type":"product","link":"https:\/\/www.elementvape.de\/ro\/produkt\/fruchtig-erfrischende-fusion-blue-razz-lemon-waspe-15000-puffs-premium-e-zigaretten-im-grosshandel-fuer-den-unwiderstehlichen-mix-aus-blaubeeren-und-zitrone\/","title":{"rendered":"Fuziune fructat\u0103 \u0219i revigorant\u0103 Blue Razz Lemon WASPE 15000 PUFFS \u021aigarete electronice premium en-gros pentru amestecul irezistibil de afine \u0219i l\u0103m\u00e2ie."},"content":{"rendered":"<h2><strong>Caracteristici principale ale \u021big\u0103rii electronice de unic\u0103 folosin\u021b\u0103 WASPE 15000 PUFFS<\/strong>:<\/h2>\n<ul>\n<li style=\"list-style-type: none;\">\n<ul>\n<li>Con\u021binut de N: Disponibil \u00een con\u021binut N personalizabil de 2%, respectiv 5%, pentru a satisface preferin\u021bele personale.<\/li>\n<li><strong>Capacitate de \u00eenc\u0103rcare<\/strong>: Ofer\u0103 o capacitate mare de p\u00e2n\u0103 la 15.000 de pufuri.<\/li>\n<li><strong>Capacitate e-lichid<\/strong>: Dispune de un recipient mare de 22 ml pentru e-lichid, pentru o utilizare de lung\u0103 durat\u0103.<\/li>\n<li><strong>Display LCD<\/strong>: Include un ecran LCD care afi\u0219eaz\u0103 informa\u021bii \u00een timp real despre starea dispozitivului.<\/li>\n<li><strong>Baterie re\u00eenc\u0103rcabil\u0103<\/strong>: Echipat cu o baterie re\u00eenc\u0103rcabil\u0103 de 850 mAh, care asigur\u0103 o durat\u0103 de utilizare prelungit\u0103.<\/li>\n<li><strong>Tehnologie Mesh-Coil<\/strong>: Utilizeaz\u0103 o rezisten\u021b\u0103 mesh de 0,8\u03a9, care \u00eembun\u0103t\u0103\u021be\u0219te produc\u021bia de vapori \u0219i intensific\u0103 aroma.<\/li>\n<li><strong>\u00cenc\u0103rcare Type-C<\/strong>: Echipat cu un port Type-C pentru \u00eenc\u0103rcare comod\u0103 \u0219i rapid\u0103.<\/li>\n<li><strong>Greutatea produsului<\/strong>: C\u00e2nt\u0103re\u0219te 90 g per unitate, ceea ce \u00eel face portabil \u0219i u\u0219or de transportat.<\/li>\n<\/ul>\n<\/li>\n<\/ul>\n<p>\u021aigareta electronic\u0103 de unic\u0103 folosin\u021b\u0103 WASPE 15000 PUFFS aduce pe pia\u021b\u0103 o fuziune fructat\u0103 \u0219i r\u0103coritoare cu aroma Blue Razz Lemon, care combin\u0103 perfect dulcea\u021ba afinelelor \u0219i aciditatea l\u0103m\u00e2ii. Aceast\u0103 arom\u0103 combin\u0103 dulcea\u021ba fructat\u0103 a afinelelor cu prospe\u021bimea revigorant\u0103 a l\u0103m\u00e2ii, oferind o experien\u021b\u0103 de vapat incomparabil de revigorant\u0103. Fiecare puf transmite echilibrul vibrant dintre dulcea\u021ba natural\u0103 a afinelelor \u0219i aciditatea acidulat\u0103 a l\u0103m\u00e2ii, care v\u0103 revigoreaz\u0103 papilele gustative \u0219i asigur\u0103 o prospe\u021bime pl\u0103cut\u0103.<\/p>\n<p>Datorit\u0103 tehnologiei avansate a rezisten\u021bei mesh de 0,8\u03a9, aroma Blue Razz Lemon este eliberat\u0103 intens \u0219i uniform. Aceast\u0103 tehnologie asigur\u0103 faptul c\u0103 v\u0103 pute\u021bi bucura de aroma complet\u0103 a fiec\u0103rei arome, ceea ce face ca vapatul s\u0103 fie o experien\u021b\u0103 deosebit de satisf\u0103c\u0103toare.<\/p>\n<p><img loading=\"lazy\" decoding=\"async\" class=\"size-medium wp-image-13965\" src=\"https:\/\/www.elementvape.de\/wp-content\/uploads\/2024\/08\/Blue-Razz-Lemon1-300x300.jpg\" alt=\"Blue Razz Lemon1\" width=\"300\" height=\"300\" srcset=\"https:\/\/www.elementvape.de\/wp-content\/uploads\/2024\/08\/Blue-Razz-Lemon1-300x300.jpg 300w, https:\/\/www.elementvape.de\/wp-content\/uploads\/2024\/08\/Blue-Razz-Lemon1-1024x1024.jpg 1024w, https:\/\/www.elementvape.de\/wp-content\/uploads\/2024\/08\/Blue-Razz-Lemon1-150x150.jpg 150w, https:\/\/www.elementvape.de\/wp-content\/uploads\/2024\/08\/Blue-Razz-Lemon1-768x768.jpg 768w, https:\/\/www.elementvape.de\/wp-content\/uploads\/2024\/08\/Blue-Razz-Lemon1-600x600.jpg 600w, https:\/\/www.elementvape.de\/wp-content\/uploads\/2024\/08\/Blue-Razz-Lemon1-100x100.jpg 100w, https:\/\/www.elementvape.de\/wp-content\/uploads\/2024\/08\/Blue-Razz-Lemon1-50x50.jpg 50w, https:\/\/www.elementvape.de\/wp-content\/uploads\/2024\/08\/Blue-Razz-Lemon1.jpg 1200w\" sizes=\"(max-width: 300px) 100vw, 300px\" \/><\/p>\n<h2><strong>\u021aig\u0103ri electronice premium pentru v\u00e2nzare cu ridicata<\/strong><\/h2>\n<p>WASPE 15000 PUFFS cu arom\u0103 Blue Razz Lemon este un produs premium <strong><a href=\"https:\/\/www.elementvape.de\/ro\/\" target=\"_blank\" rel=\"noopener\">E-Zigaret\u0103<\/a><\/strong>, care este perfect pentru v\u00e2nzarea cu ridicata. Cu o capacitate impresionant\u0103 de p\u00e2n\u0103 la 15.000 de pufuri \u0219i un rezervor mare de e-lichid de 22 ml, acest model ofer\u0103 nu numai o durat\u0103 lung\u0103 de utilizare, ci \u0219i o performan\u021b\u0103 excep\u021bional\u0103. Aceste caracteristici fac din WASPE 15000 PUFFS o alegere ideal\u0103 pentru angrosi\u0219tii care doresc s\u0103 ofere clien\u021bilor lor un produs de \u00eenalt\u0103 calitate \u0219i durabil.<\/p>\n<p>Calitatea premium a WASPE 15000 PUFFS este subliniat\u0103 de utilizarea materialelor de \u00eenalt\u0103 calitate \u0219i de prelucrarea precis\u0103. Combina\u021bia dintre capacitatea excep\u021bional\u0103 \u0219i aroma unic\u0103 Blue Razz Lemon ofer\u0103 clien\u021bilor dumneavoastr\u0103 o experien\u021b\u0103 de vapat incomparabil\u0103, care convinge at\u00e2t \u00een ceea ce prive\u0219te gustul, c\u00e2t \u0219i u\u0219urin\u021ba de utilizare.<\/p>\n<p>Aroma Blue Razz Lemon a WASPE 15000 PUFFS ofer\u0103 un mix irezistibil care combin\u0103 tot ce este mai bun din ambele lumi: dulcea\u021ba afinelor coapte \u0219i aciditatea revigorant\u0103 a l\u0103m\u00e2ilor. Aceast\u0103 combina\u021bie de gusturi nu este doar revigorant\u0103, ci \u0219i incredibil de versatil\u0103, deoarece poate fi savurat\u0103 at\u00e2t \u00een zilele fierbin\u021bi de var\u0103, c\u00e2t \u0219i \u00een lunile mai reci. Aroma atrage un grup \u021bint\u0103 larg \u0219i, prin urmare, este o op\u021biune atractiv\u0103 pentru v\u00e2nzarea cu ridicata.<\/p>\n<p>\u00cen plus fa\u021b\u0103 de combina\u021bia impresionant\u0103 de arome, WASPE 15000 PUFFS ofer\u0103 o serie de caracteristici moderne care fac ca <strong><a href=\"https:\/\/www.elementvape.de\/ro\/\" target=\"_blank\" rel=\"noopener\">Vaping-ul<\/a><\/strong> s\u0103 fie \u0219i mai pl\u0103cut. Portul de \u00eenc\u0103rcare Type-C permite o \u00eenc\u0103rcare rapid\u0103 \u0219i u\u0219oar\u0103, \u00een timp ce afi\u0219ajul LCD ofer\u0103 \u00eentotdeauna informa\u021bii actuale despre starea de \u00eenc\u0103rcare \u0219i nivelul de umplere r\u0103mas al e-lichidului. Aceast\u0103 combina\u021bie de arom\u0103 de prim\u0103 clas\u0103 \u0219i tehnologie avansat\u0103 face ca WASPE 15000 PUFFS s\u0103 fie un produs r\u00e2vnit \u00een comer\u021bul cu ridicata.<\/p>","protected":false},"excerpt":{"rendered":"<p>Hauptmerkmale der WASPE 15000 PUFFS Einweg-E-Zigarette: N-Gehalt: Erh\u00e4ltlich in individuell anpassbaren N-Gehalt von 2% und 5 %, um den pers\u00f6nlichen Vorlieben gerecht zu werden. Zugkapazit\u00e4t: Bietet eine hohe Zugkapazit\u00e4t von bis zu 15.000 Z\u00fcgen. E-Liquid-Kapazit\u00e4t: Verf\u00fcgt \u00fcber einen gro\u00dfen 22ml E-Liquid-Beh\u00e4lter f\u00fcr langanhaltende Nutzung. LCD-Display: Inklusive LCD-Bildschirm, der Echtzeitinformationen \u00fcber den Ger\u00e4testatus anzeigt. Wiederaufladbare Batterie: [&hellip;]<\/p>","protected":false},"featured_media":13964,"template":"","meta":{"inline_featured_image":false},"product_cat":[15,78,735,746,741,733,744,755,738,751,732,723],"product_tag":[710,674],"tiered_pricing_type":"fixed","tiered_pricing_fixed_rules":{"110":"7.91","200":"7.03","500":"6.15"},"tiered_pricing_percentage_rules":[],"tiered_pricing_minimum":1,"_administrator_tiered_pricing_type":"fixed","_administrator_tiered_pricing_fixed_rules":[],"_editor_tiered_pricing_type":"fixed","_editor_tiered_pricing_fixed_rules":[],"_author_tiered_pricing_type":"fixed","_author_tiered_pricing_fixed_rules":[],"_contributor_tiered_pricing_type":"fixed","_contributor_tiered_pricing_fixed_rules":[],"_subscriber_tiered_pricing_type":"fixed","_subscriber_tiered_pricing_fixed_rules":[],"_customer_tiered_pricing_type":"fixed","_customer_tiered_pricing_fixed_rules":[],"_shop_manager_tiered_pricing_type":"fixed","_shop_manager_tiered_pricing_fixed_rules":[],"_wpseo_manager_tiered_pricing_type":"fixed","_wpseo_manager_tiered_pricing_fixed_rules":[],"_wpseo_editor_tiered_pricing_type":"fixed","_wpseo_editor_tiered_pricing_fixed_rules":[],"_wholesale_customer_tiered_pricing_type":"fixed","_wholesale_customer_tiered_pricing_fixed_rules":[],"_marketer_tiered_pricing_type":"fixed","_marketer_tiered_pricing_fixed_rules":[],"_sales_manager_tiered_pricing_type":"fixed","_sales_manager_tiered_pricing_fixed_rules":[],"_sales_rep_tiered_pricing_type":"fixed","_sales_rep_tiered_pricing_fixed_rules":[],"yoast_head":"<!-- This site is optimized with the Yoast SEO plugin v23.3 - https:\/\/yoast.com\/wordpress\/plugins\/seo\/ -->\n<title>Fruchtig-erfrischende Fusion Blue Razz Lemon WASPE 15000 PUFFS Premium E-Zigaretten im Gro\u00dfhandel f\u00fcr den unwiderstehlichen Mix aus Blaubeeren und Zitrone. | ElementVape.de<\/title>\n<meta name=\"description\" content=\"Wir bieten Fruchtig-erfrischende Fusion Blue Razz Lemon WASPE 15000 PUFFS Premium E-Zigaretten im Gro\u00dfhandel f\u00fcr den unwiderstehlichen Mix aus Blaubeeren und Zitrone. , Elementvape.de akzeptieren Gro\u00df-und Einzelhandel Bestellungen.\" \/>\n<meta name=\"robots\" content=\"index, follow, max-snippet:-1, max-image-preview:large, max-video-preview:-1\" \/>\n<link rel=\"canonical\" href=\"https:\/\/www.elementvape.de\/ro\/produkt\/fruchtig-erfrischende-fusion-blue-razz-lemon-waspe-15000-puffs-premium-e-zigaretten-im-grosshandel-fuer-den-unwiderstehlichen-mix-aus-blaubeeren-und-zitrone\/\" \/>\n<meta property=\"og:locale\" content=\"ro_RO\" \/>\n<meta property=\"og:type\" content=\"article\" \/>\n<meta property=\"og:title\" content=\"Fruchtig-erfrischende Fusion Blue Razz Lemon WASPE 15000 PUFFS Premium E-Zigaretten im Gro\u00dfhandel f\u00fcr den unwiderstehlichen Mix aus Blaubeeren und Zitrone. | ElementVape.de\" \/>\n<meta property=\"og:description\" content=\"Wir bieten Fruchtig-erfrischende Fusion Blue Razz Lemon WASPE 15000 PUFFS Premium E-Zigaretten im Gro\u00dfhandel f\u00fcr den unwiderstehlichen Mix aus Blaubeeren und Zitrone. , Elementvape.de akzeptieren Gro\u00df-und Einzelhandel Bestellungen.\" \/>\n<meta property=\"og:url\" content=\"https:\/\/www.elementvape.de\/ro\/produkt\/fruchtig-erfrischende-fusion-blue-razz-lemon-waspe-15000-puffs-premium-e-zigaretten-im-grosshandel-fuer-den-unwiderstehlichen-mix-aus-blaubeeren-und-zitrone\/\" \/>\n<meta property=\"og:site_name\" content=\"ElementVape.de\" \/>\n<meta property=\"article:modified_time\" content=\"2024-12-12T06:33:58+00:00\" \/>\n<meta property=\"og:image\" content=\"https:\/\/www.elementvape.de\/wp-content\/uploads\/2024\/08\/Blue-Razz-Lemon.jpg\" \/>\n\t<meta property=\"og:image:width\" content=\"1920\" \/>\n\t<meta property=\"og:image:height\" content=\"1536\" \/>\n\t<meta property=\"og:image:type\" content=\"image\/jpeg\" \/>\n<meta name=\"twitter:card\" content=\"summary_large_image\" \/>\n<meta name=\"twitter:label1\" content=\"Est. reading time\" \/>\n\t<meta name=\"twitter:data1\" content=\"4 minute\" \/>\n<script type=\"application\/ld+json\" class=\"yoast-schema-graph\">{\"@context\":\"https:\/\/schema.org\",\"@graph\":[{\"@type\":\"WebPage\",\"@id\":\"https:\/\/www.elementvape.de\/el\/produkt\/fruchtig-erfrischende-fusion-blue-razz-lemon-waspe-15000-puffs-premium-e-zigaretten-im-grosshandel-fuer-den-unwiderstehlichen-mix-aus-blaubeeren-und-zitrone\/\",\"url\":\"https:\/\/www.elementvape.de\/el\/produkt\/fruchtig-erfrischende-fusion-blue-razz-lemon-waspe-15000-puffs-premium-e-zigaretten-im-grosshandel-fuer-den-unwiderstehlichen-mix-aus-blaubeeren-und-zitrone\/\",\"name\":\"Fruchtig-erfrischende Fusion Blue Razz Lemon WASPE 15000 PUFFS Premium E-Zigaretten im Gro\u00dfhandel f\u00fcr den unwiderstehlichen Mix aus Blaubeeren und Zitrone. | ElementVape.de\",\"isPartOf\":{\"@id\":\"https:\/\/www.elementvape.de\/#website\"},\"primaryImageOfPage\":{\"@id\":\"https:\/\/www.elementvape.de\/el\/produkt\/fruchtig-erfrischende-fusion-blue-razz-lemon-waspe-15000-puffs-premium-e-zigaretten-im-grosshandel-fuer-den-unwiderstehlichen-mix-aus-blaubeeren-und-zitrone\/#primaryimage\"},\"image\":{\"@id\":\"https:\/\/www.elementvape.de\/el\/produkt\/fruchtig-erfrischende-fusion-blue-razz-lemon-waspe-15000-puffs-premium-e-zigaretten-im-grosshandel-fuer-den-unwiderstehlichen-mix-aus-blaubeeren-und-zitrone\/#primaryimage\"},\"thumbnailUrl\":\"https:\/\/www.elementvape.de\/wp-content\/uploads\/2024\/08\/Blue-Razz-Lemon.jpg\",\"datePublished\":\"2024-08-22T08:43:23+00:00\",\"dateModified\":\"2024-12-12T06:33:58+00:00\",\"description\":\"Wir bieten Fruchtig-erfrischende Fusion Blue Razz Lemon WASPE 15000 PUFFS Premium E-Zigaretten im Gro\u00dfhandel f\u00fcr den unwiderstehlichen Mix aus Blaubeeren und Zitrone. , Elementvape.de akzeptieren Gro\u00df-und Einzelhandel Bestellungen.\",\"breadcrumb\":{\"@id\":\"https:\/\/www.elementvape.de\/el\/produkt\/fruchtig-erfrischende-fusion-blue-razz-lemon-waspe-15000-puffs-premium-e-zigaretten-im-grosshandel-fuer-den-unwiderstehlichen-mix-aus-blaubeeren-und-zitrone\/#breadcrumb\"},\"inLanguage\":\"ro-RO\",\"potentialAction\":[{\"@type\":\"ReadAction\",\"target\":[\"https:\/\/www.elementvape.de\/el\/produkt\/fruchtig-erfrischende-fusion-blue-razz-lemon-waspe-15000-puffs-premium-e-zigaretten-im-grosshandel-fuer-den-unwiderstehlichen-mix-aus-blaubeeren-und-zitrone\/\"]}]},{\"@type\":\"ImageObject\",\"inLanguage\":\"ro-RO\",\"@id\":\"https:\/\/www.elementvape.de\/el\/produkt\/fruchtig-erfrischende-fusion-blue-razz-lemon-waspe-15000-puffs-premium-e-zigaretten-im-grosshandel-fuer-den-unwiderstehlichen-mix-aus-blaubeeren-und-zitrone\/#primaryimage\",\"url\":\"https:\/\/www.elementvape.de\/wp-content\/uploads\/2024\/08\/Blue-Razz-Lemon.jpg\",\"contentUrl\":\"https:\/\/www.elementvape.de\/wp-content\/uploads\/2024\/08\/Blue-Razz-Lemon.jpg\",\"width\":1920,\"height\":1536,\"caption\":\"Blue Razz Lemon\"},{\"@type\":\"BreadcrumbList\",\"@id\":\"https:\/\/www.elementvape.de\/el\/produkt\/fruchtig-erfrischende-fusion-blue-razz-lemon-waspe-15000-puffs-premium-e-zigaretten-im-grosshandel-fuer-den-unwiderstehlichen-mix-aus-blaubeeren-und-zitrone\/#breadcrumb\",\"itemListElement\":[{\"@type\":\"ListItem\",\"position\":1,\"name\":\"Home\",\"item\":\"https:\/\/www.elementvape.de\/\"},{\"@type\":\"ListItem\",\"position\":2,\"name\":\"Shop\",\"item\":\"https:\/\/www.elementvape.de\/shop\/\"},{\"@type\":\"ListItem\",\"position\":3,\"name\":\"Fruchtig-erfrischende Fusion Blue Razz Lemon WASPE 15000 PUFFS Premium E-Zigaretten im Gro\u00dfhandel f\u00fcr den unwiderstehlichen Mix aus Blaubeeren und Zitrone.\"}]},{\"@type\":\"WebSite\",\"@id\":\"https:\/\/www.elementvape.de\/#website\",\"url\":\"https:\/\/www.elementvape.de\/\",\"name\":\"ElementVape.de\",\"description\":\"\",\"publisher\":{\"@id\":\"https:\/\/www.elementvape.de\/#organization\"},\"potentialAction\":[{\"@type\":\"SearchAction\",\"target\":{\"@type\":\"EntryPoint\",\"urlTemplate\":\"https:\/\/www.elementvape.de\/?s={search_term_string}\"},\"query-input\":\"required name=search_term_string\"}],\"inLanguage\":\"ro-RO\"},{\"@type\":\"Organization\",\"@id\":\"https:\/\/www.elementvape.de\/#organization\",\"name\":\"ElementVape.DE\",\"url\":\"https:\/\/www.elementvape.de\/\",\"logo\":{\"@type\":\"ImageObject\",\"inLanguage\":\"ro-RO\",\"@id\":\"https:\/\/www.elementvape.de\/#\/schema\/logo\/image\/\",\"url\":\"https:\/\/www.elementvape.de\/wp-content\/uploads\/2024\/09\/cropped-1elementvape-3.png\",\"contentUrl\":\"https:\/\/www.elementvape.de\/wp-content\/uploads\/2024\/09\/cropped-1elementvape-3.png\",\"width\":285,\"height\":228,\"caption\":\"ElementVape.DE\"},\"image\":{\"@id\":\"https:\/\/www.elementvape.de\/#\/schema\/logo\/image\/\"}}]}<\/script>\n<!-- \/ Yoast SEO plugin. -->","yoast_head_json":{"title":"Fruchtig-erfrischende Fusion Blue Razz Lemon WASPE 15000 PUFFS Premium E-Zigaretten im Gro\u00dfhandel f\u00fcr den unwiderstehlichen Mix aus Blaubeeren und Zitrone. | ElementVape.de","description":"Wir bieten Fruchtig-erfrischende Fusion Blue Razz Lemon WASPE 15000 PUFFS Premium E-Zigaretten im Gro\u00dfhandel f\u00fcr den unwiderstehlichen Mix aus Blaubeeren und Zitrone. , Elementvape.de akzeptieren Gro\u00df-und Einzelhandel Bestellungen.","robots":{"index":"index","follow":"follow","max-snippet":"max-snippet:-1","max-image-preview":"max-image-preview:large","max-video-preview":"max-video-preview:-1"},"canonical":"https:\/\/www.elementvape.de\/ro\/produkt\/fruchtig-erfrischende-fusion-blue-razz-lemon-waspe-15000-puffs-premium-e-zigaretten-im-grosshandel-fuer-den-unwiderstehlichen-mix-aus-blaubeeren-und-zitrone\/","og_locale":"ro_RO","og_type":"article","og_title":"Fruchtig-erfrischende Fusion Blue Razz Lemon WASPE 15000 PUFFS Premium E-Zigaretten im Gro\u00dfhandel f\u00fcr den unwiderstehlichen Mix aus Blaubeeren und Zitrone. | ElementVape.de","og_description":"Wir bieten Fruchtig-erfrischende Fusion Blue Razz Lemon WASPE 15000 PUFFS Premium E-Zigaretten im Gro\u00dfhandel f\u00fcr den unwiderstehlichen Mix aus Blaubeeren und Zitrone. , Elementvape.de akzeptieren Gro\u00df-und Einzelhandel Bestellungen.","og_url":"https:\/\/www.elementvape.de\/ro\/produkt\/fruchtig-erfrischende-fusion-blue-razz-lemon-waspe-15000-puffs-premium-e-zigaretten-im-grosshandel-fuer-den-unwiderstehlichen-mix-aus-blaubeeren-und-zitrone\/","og_site_name":"ElementVape.de","article_modified_time":"2024-12-12T06:33:58+00:00","og_image":[{"width":1920,"height":1536,"url":"https:\/\/www.elementvape.de\/wp-content\/uploads\/2024\/08\/Blue-Razz-Lemon.jpg","type":"image\/jpeg"}],"twitter_card":"summary_large_image","twitter_misc":{"Est. reading time":"4 minute"},"schema":{"@context":"https:\/\/schema.org","@graph":[{"@type":"WebPage","@id":"https:\/\/www.elementvape.de\/el\/produkt\/fruchtig-erfrischende-fusion-blue-razz-lemon-waspe-15000-puffs-premium-e-zigaretten-im-grosshandel-fuer-den-unwiderstehlichen-mix-aus-blaubeeren-und-zitrone\/","url":"https:\/\/www.elementvape.de\/el\/produkt\/fruchtig-erfrischende-fusion-blue-razz-lemon-waspe-15000-puffs-premium-e-zigaretten-im-grosshandel-fuer-den-unwiderstehlichen-mix-aus-blaubeeren-und-zitrone\/","name":"Fruchtig-erfrischende Fusion Blue Razz Lemon WASPE 15000 PUFFS Premium E-Zigaretten im Gro\u00dfhandel f\u00fcr den unwiderstehlichen Mix aus Blaubeeren und Zitrone. | ElementVape.de","isPartOf":{"@id":"https:\/\/www.elementvape.de\/#website"},"primaryImageOfPage":{"@id":"https:\/\/www.elementvape.de\/el\/produkt\/fruchtig-erfrischende-fusion-blue-razz-lemon-waspe-15000-puffs-premium-e-zigaretten-im-grosshandel-fuer-den-unwiderstehlichen-mix-aus-blaubeeren-und-zitrone\/#primaryimage"},"image":{"@id":"https:\/\/www.elementvape.de\/el\/produkt\/fruchtig-erfrischende-fusion-blue-razz-lemon-waspe-15000-puffs-premium-e-zigaretten-im-grosshandel-fuer-den-unwiderstehlichen-mix-aus-blaubeeren-und-zitrone\/#primaryimage"},"thumbnailUrl":"https:\/\/www.elementvape.de\/wp-content\/uploads\/2024\/08\/Blue-Razz-Lemon.jpg","datePublished":"2024-08-22T08:43:23+00:00","dateModified":"2024-12-12T06:33:58+00:00","description":"Wir bieten Fruchtig-erfrischende Fusion Blue Razz Lemon WASPE 15000 PUFFS Premium E-Zigaretten im Gro\u00dfhandel f\u00fcr den unwiderstehlichen Mix aus Blaubeeren und Zitrone. , Elementvape.de akzeptieren Gro\u00df-und Einzelhandel Bestellungen.","breadcrumb":{"@id":"https:\/\/www.elementvape.de\/el\/produkt\/fruchtig-erfrischende-fusion-blue-razz-lemon-waspe-15000-puffs-premium-e-zigaretten-im-grosshandel-fuer-den-unwiderstehlichen-mix-aus-blaubeeren-und-zitrone\/#breadcrumb"},"inLanguage":"ro-RO","potentialAction":[{"@type":"ReadAction","target":["https:\/\/www.elementvape.de\/el\/produkt\/fruchtig-erfrischende-fusion-blue-razz-lemon-waspe-15000-puffs-premium-e-zigaretten-im-grosshandel-fuer-den-unwiderstehlichen-mix-aus-blaubeeren-und-zitrone\/"]}]},{"@type":"ImageObject","inLanguage":"ro-RO","@id":"https:\/\/www.elementvape.de\/el\/produkt\/fruchtig-erfrischende-fusion-blue-razz-lemon-waspe-15000-puffs-premium-e-zigaretten-im-grosshandel-fuer-den-unwiderstehlichen-mix-aus-blaubeeren-und-zitrone\/#primaryimage","url":"https:\/\/www.elementvape.de\/wp-content\/uploads\/2024\/08\/Blue-Razz-Lemon.jpg","contentUrl":"https:\/\/www.elementvape.de\/wp-content\/uploads\/2024\/08\/Blue-Razz-Lemon.jpg","width":1920,"height":1536,"caption":"Blue Razz Lemon"},{"@type":"BreadcrumbList","@id":"https:\/\/www.elementvape.de\/el\/produkt\/fruchtig-erfrischende-fusion-blue-razz-lemon-waspe-15000-puffs-premium-e-zigaretten-im-grosshandel-fuer-den-unwiderstehlichen-mix-aus-blaubeeren-und-zitrone\/#breadcrumb","itemListElement":[{"@type":"ListItem","position":1,"name":"Home","item":"https:\/\/www.elementvape.de\/"},{"@type":"ListItem","position":2,"name":"Shop","item":"https:\/\/www.elementvape.de\/shop\/"},{"@type":"ListItem","position":3,"name":"Fruchtig-erfrischende Fusion Blue Razz Lemon WASPE 15000 PUFFS Premium E-Zigaretten im Gro\u00dfhandel f\u00fcr den unwiderstehlichen Mix aus Blaubeeren und Zitrone."}]},{"@type":"WebSite","@id":"https:\/\/www.elementvape.de\/#website","url":"https:\/\/www.elementvape.de\/","name":"ElementVape.de","description":"","publisher":{"@id":"https:\/\/www.elementvape.de\/#organization"},"potentialAction":[{"@type":"SearchAction","target":{"@type":"EntryPoint","urlTemplate":"https:\/\/www.elementvape.de\/?s={search_term_string}"},"query-input":"required name=search_term_string"}],"inLanguage":"ro-RO"},{"@type":"Organization","@id":"https:\/\/www.elementvape.de\/#organization","name":"ElementVape.DE","url":"https:\/\/www.elementvape.de\/","logo":{"@type":"ImageObject","inLanguage":"ro-RO","@id":"https:\/\/www.elementvape.de\/#\/schema\/logo\/image\/","url":"https:\/\/www.elementvape.de\/wp-content\/uploads\/2024\/09\/cropped-1elementvape-3.png","contentUrl":"https:\/\/www.elementvape.de\/wp-content\/uploads\/2024\/09\/cropped-1elementvape-3.png","width":285,"height":228,"caption":"ElementVape.DE"},"image":{"@id":"https:\/\/www.elementvape.de\/#\/schema\/logo\/image\/"}}]}},"_links":{"self":[{"href":"https:\/\/www.elementvape.de\/ro\/wp-json\/wp\/v2\/product\/13963"}],"collection":[{"href":"https:\/\/www.elementvape.de\/ro\/wp-json\/wp\/v2\/product"}],"about":[{"href":"https:\/\/www.elementvape.de\/ro\/wp-json\/wp\/v2\/types\/product"}],"wp:featuredmedia":[{"embeddable":true,"href":"https:\/\/www.elementvape.de\/ro\/wp-json\/wp\/v2\/media\/13964"}],"wp:attachment":[{"href":"https:\/\/www.elementvape.de\/ro\/wp-json\/wp\/v2\/media?parent=13963"}],"wp:term":[{"taxonomy":"product_cat","embeddable":true,"href":"https:\/\/www.elementvape.de\/ro\/wp-json\/wp\/v2\/product_cat?post=13963"},{"taxonomy":"product_tag","embeddable":true,"href":"https:\/\/www.elementvape.de\/ro\/wp-json\/wp\/v2\/product_tag?post=13963"}],"curies":[{"name":"wp","href":"https:\/\/api.w.org\/{rel}","templated":true}]}}