{"id":13945,"date":"2024-08-22T07:44:09","date_gmt":"2024-08-22T07:44:09","guid":{"rendered":"https:\/\/www.elementvape.de\/?post_type=product&#038;p=13945"},"modified":"2024-12-12T06:34:04","modified_gmt":"2024-12-12T06:34:04","slug":"fruchtige-fusion-die-perfekte-mischung-aus-strawberry-kiwi-fuer-ultimative-frische","status":"publish","type":"product","link":"https:\/\/www.elementvape.de\/ro\/produkt\/fruchtige-fusion-die-perfekte-mischung-aus-strawberry-kiwi-fuer-ultimative-frische\/","title":{"rendered":"Fuziune fructat\u0103 Amestecul perfect de Strawberry Kiwi pentru prospe\u021bime suprem\u0103"},"content":{"rendered":"<table style=\"font-size: 16px;\">\n<thead>\n<tr>\n<th><strong>Caracteristic\u0103<\/strong><\/th>\n<th><strong>Detalii<\/strong><\/th>\n<\/tr>\n<\/thead>\n<tbody>\n<tr>\n<td>Gust<\/td>\n<td>C\u0103p\u0219uni Kiwi<\/td>\n<\/tr>\n<tr>\n<td>Con\u021binut N<\/td>\n<td>2% , 5%<\/td>\n<\/tr>\n<tr>\n<td>Capacitate puff-uri<\/td>\n<td>P\u00e2n\u0103 la 15.000 de pufuri<\/td>\n<\/tr>\n<tr>\n<td>Capacitate e-lichid<\/td>\n<td>22ml<\/td>\n<\/tr>\n<tr>\n<td>Tehnologie Coil<\/td>\n<td>Bobin\u0103 Mesh de 0,8\u03a9 pentru un gust mai intens \u0219i mai mult abur<\/td>\n<\/tr>\n<tr>\n<td>Afi\u0219aj<\/td>\n<td>Display LCD pentru afi\u0219area informa\u021biilor \u00een timp real<\/td>\n<\/tr>\n<tr>\n<td>Baterie<\/td>\n<td>Baterie re\u00eenc\u0103rcabil\u0103 de 850mAh<\/td>\n<\/tr>\n<tr>\n<td>Port de \u00eenc\u0103rcare<\/td>\n<td>Port Type-C<\/td>\n<\/tr>\n<\/tbody>\n<\/table>\n<hr \/>\n<h3>Fuziune fructat\u0103: amestecul perfect de Strawberry Kiwi pentru prospe\u021bime maxim\u0103<\/h3>\n<h4>Experien\u021b\u0103 fructat\u0103 mai intens\u0103 la fiecare tras<\/h4>\n<p>Cel <strong>WASPE 15000 PUFE<\/strong> o ofer\u0103 o combina\u021bie inegalabil\u0103 de c\u0103p\u0219un\u0103 dulce \u0219i kiwi r\u0103coritor. Aceast\u0103 fuziune fructat\u0103 ofer\u0103 la fiecare tras o explozie intens\u0103 de gust, care stimuleaz\u0103 sim\u021burile. Echilibrul dintre dulcea\u021ba suculas\u0103 a c\u0103p\u0219unii \u0219i prospe\u021bimea efervescent\u0103 a kiwi-ului asigur\u0103 o experien\u021b\u0103 de vaping excep\u021bional\u0103, pe care vei dori s\u0103 o repe\u021bi mereu.<\/p>\n<p>Tehnologia Mesh Coil a dispozitivului maximizeaz\u0103 aromele \u0219i garanteaz\u0103 c\u0103 vei experimenta gustul complet de Strawberry Kiwi la fiecare tras. Tehnologia avansat\u0103 de vaporizare asigur\u0103 c\u0103 profilele de gust r\u0103m\u00e2n clare \u0219i intense, astfel \u00eenc\u00e2t s\u0103 te po\u021bi bucura de pl\u0103cerea fructat\u0103 \u00een cea mai bun\u0103 form\u0103.<\/p>\n<h4>Bucurie pe termen lung cu capacitate mare<\/h4>\n<p>Cu o capacitate de p\u00e2n\u0103 la 15.000 de tras\u0103ri, permite <strong>WASPE 15000 PUFE<\/strong> bucurie de durat\u0103 a gustului t\u0103u preferat, f\u0103r\u0103 a fi nevoie s\u0103 \u00eel reumpli frecvent. Rezervorul generos de 22ml pentru lichid asigur\u0103 o durat\u0103 extins\u0103 de vapare, astfel \u00eenc\u00e2t s\u0103 po\u021bi petrece mai mult timp savur\u00e2nd gustul r\u0103coritor de Strawberry Kiwi.<\/p>\n<p>Bateria puternic\u0103 de 850mAh se \u00eencarc\u0103 rapid prin portul Type-C, ceea ce permite o re\u00eenc\u0103rcare simpl\u0103 \u0219i rapid\u0103 a energiei. Acest lucru asigur\u0103 c\u0103 e\u0219ti mereu preg\u0103tit pentru o nou\u0103 rund\u0103 de vaping fructat \u0219i nu trebuie s\u0103 a\u0219tep\u021bi mult pentru urm\u0103torul vaporiu.<\/p>\n<p><img loading=\"lazy\" decoding=\"async\" class=\"size-medium wp-image-13947\" src=\"https:\/\/www.elementvape.de\/wp-content\/uploads\/2024\/08\/Strawberry-Kiwi1-300x300.jpg\" alt=\"C\u0103p\u0219un\u0103 Kiwi1\" width=\"300\" height=\"300\" srcset=\"https:\/\/www.elementvape.de\/wp-content\/uploads\/2024\/08\/Strawberry-Kiwi1-300x300.jpg 300w, https:\/\/www.elementvape.de\/wp-content\/uploads\/2024\/08\/Strawberry-Kiwi1-1024x1024.jpg 1024w, https:\/\/www.elementvape.de\/wp-content\/uploads\/2024\/08\/Strawberry-Kiwi1-150x150.jpg 150w, https:\/\/www.elementvape.de\/wp-content\/uploads\/2024\/08\/Strawberry-Kiwi1-768x768.jpg 768w, https:\/\/www.elementvape.de\/wp-content\/uploads\/2024\/08\/Strawberry-Kiwi1-600x600.jpg 600w, https:\/\/www.elementvape.de\/wp-content\/uploads\/2024\/08\/Strawberry-Kiwi1-100x100.jpg 100w, https:\/\/www.elementvape.de\/wp-content\/uploads\/2024\/08\/Strawberry-Kiwi1-50x50.jpg 50w, https:\/\/www.elementvape.de\/wp-content\/uploads\/2024\/08\/Strawberry-Kiwi1.jpg 1200w\" sizes=\"(max-width: 300px) 100vw, 300px\" \/><\/p>","protected":false},"excerpt":{"rendered":"<p>Merkmal Details Geschmack Strawberry Kiwi N-Gehalt 2% , 5% Puff-Kapazit\u00e4t Bis zu 15.000 Z\u00fcge E-Liquid-Kapazit\u00e4t 22ml Coil-Technologie 0,8\u03a9 Mesh Coil f\u00fcr intensiveren Geschmack und mehr Dampf Display LCD-Display zur Anzeige von Echtzeitinformationen Batterie Wiederaufladbarer 850mAh Akku Ladeanschluss Type-C Port Fruchtige Fusion: Die perfekte Mischung aus Strawberry Kiwi f\u00fcr ultimative Frische Intensiver Fruchtgenuss bei jedem Zug [&hellip;]<\/p>","protected":false},"featured_media":13946,"template":"","meta":{"inline_featured_image":false},"product_cat":[15,78,735,746,741,733,744,755,738,751,732,723],"product_tag":[710,674],"tiered_pricing_type":"fixed","tiered_pricing_fixed_rules":{"110":"7.91","200":"7.03","500":"6.15"},"tiered_pricing_percentage_rules":[],"tiered_pricing_minimum":1,"_administrator_tiered_pricing_type":"fixed","_administrator_tiered_pricing_fixed_rules":[],"_editor_tiered_pricing_type":"fixed","_editor_tiered_pricing_fixed_rules":[],"_author_tiered_pricing_type":"fixed","_author_tiered_pricing_fixed_rules":[],"_contributor_tiered_pricing_type":"fixed","_contributor_tiered_pricing_fixed_rules":[],"_subscriber_tiered_pricing_type":"fixed","_subscriber_tiered_pricing_fixed_rules":[],"_customer_tiered_pricing_type":"fixed","_customer_tiered_pricing_fixed_rules":[],"_shop_manager_tiered_pricing_type":"fixed","_shop_manager_tiered_pricing_fixed_rules":[],"_wpseo_manager_tiered_pricing_type":"fixed","_wpseo_manager_tiered_pricing_fixed_rules":[],"_wpseo_editor_tiered_pricing_type":"fixed","_wpseo_editor_tiered_pricing_fixed_rules":[],"_wholesale_customer_tiered_pricing_type":"fixed","_wholesale_customer_tiered_pricing_fixed_rules":[],"_marketer_tiered_pricing_type":"fixed","_marketer_tiered_pricing_fixed_rules":[],"_sales_manager_tiered_pricing_type":"fixed","_sales_manager_tiered_pricing_fixed_rules":[],"_sales_rep_tiered_pricing_type":"fixed","_sales_rep_tiered_pricing_fixed_rules":[],"yoast_head":"<!-- This site is optimized with the Yoast SEO plugin v23.3 - https:\/\/yoast.com\/wordpress\/plugins\/seo\/ -->\n<title>Fruchtige Fusion Die perfekte Mischung aus Strawberry Kiwi f\u00fcr ultimative Frische | ElementVape.de<\/title>\n<meta name=\"description\" content=\"Wir bieten Fruchtige Fusion Die perfekte Mischung aus Strawberry Kiwi f\u00fcr ultimative Frische , Elementvape.de akzeptieren Gro\u00df-und Einzelhandel Bestellungen.\" \/>\n<meta name=\"robots\" content=\"index, follow, max-snippet:-1, max-image-preview:large, max-video-preview:-1\" \/>\n<link rel=\"canonical\" href=\"https:\/\/www.elementvape.de\/ro\/produkt\/fruchtige-fusion-die-perfekte-mischung-aus-strawberry-kiwi-fuer-ultimative-frische\/\" \/>\n<meta property=\"og:locale\" content=\"ro_RO\" \/>\n<meta property=\"og:type\" content=\"article\" \/>\n<meta property=\"og:title\" content=\"Fruchtige Fusion Die perfekte Mischung aus Strawberry Kiwi f\u00fcr ultimative Frische | ElementVape.de\" \/>\n<meta property=\"og:description\" content=\"Wir bieten Fruchtige Fusion Die perfekte Mischung aus Strawberry Kiwi f\u00fcr ultimative Frische , Elementvape.de akzeptieren Gro\u00df-und Einzelhandel Bestellungen.\" \/>\n<meta property=\"og:url\" content=\"https:\/\/www.elementvape.de\/ro\/produkt\/fruchtige-fusion-die-perfekte-mischung-aus-strawberry-kiwi-fuer-ultimative-frische\/\" \/>\n<meta property=\"og:site_name\" content=\"ElementVape.de\" \/>\n<meta property=\"article:modified_time\" content=\"2024-12-12T06:34:04+00:00\" \/>\n<meta property=\"og:image\" content=\"https:\/\/www.elementvape.de\/wp-content\/uploads\/2024\/08\/Strawberry-Kiwi-1.jpg\" \/>\n\t<meta property=\"og:image:width\" content=\"1920\" \/>\n\t<meta property=\"og:image:height\" content=\"1536\" \/>\n\t<meta property=\"og:image:type\" content=\"image\/jpeg\" \/>\n<meta name=\"twitter:card\" content=\"summary_large_image\" \/>\n<meta name=\"twitter:label1\" content=\"Est. reading time\" \/>\n\t<meta name=\"twitter:data1\" content=\"2 minute\" \/>\n<script type=\"application\/ld+json\" class=\"yoast-schema-graph\">{\"@context\":\"https:\/\/schema.org\",\"@graph\":[{\"@type\":\"WebPage\",\"@id\":\"https:\/\/www.elementvape.de\/produkt\/fruchtige-fusion-die-perfekte-mischung-aus-strawberry-kiwi-fuer-ultimative-frische\/\",\"url\":\"https:\/\/www.elementvape.de\/produkt\/fruchtige-fusion-die-perfekte-mischung-aus-strawberry-kiwi-fuer-ultimative-frische\/\",\"name\":\"Fruchtige Fusion Die perfekte Mischung aus Strawberry Kiwi f\u00fcr ultimative Frische | ElementVape.de\",\"isPartOf\":{\"@id\":\"https:\/\/www.elementvape.de\/#website\"},\"primaryImageOfPage\":{\"@id\":\"https:\/\/www.elementvape.de\/produkt\/fruchtige-fusion-die-perfekte-mischung-aus-strawberry-kiwi-fuer-ultimative-frische\/#primaryimage\"},\"image\":{\"@id\":\"https:\/\/www.elementvape.de\/produkt\/fruchtige-fusion-die-perfekte-mischung-aus-strawberry-kiwi-fuer-ultimative-frische\/#primaryimage\"},\"thumbnailUrl\":\"https:\/\/www.elementvape.de\/wp-content\/uploads\/2024\/08\/Strawberry-Kiwi-1.jpg\",\"datePublished\":\"2024-08-22T07:44:09+00:00\",\"dateModified\":\"2024-12-12T06:34:04+00:00\",\"description\":\"Wir bieten Fruchtige Fusion Die perfekte Mischung aus Strawberry Kiwi f\u00fcr ultimative Frische , Elementvape.de akzeptieren Gro\u00df-und Einzelhandel Bestellungen.\",\"breadcrumb\":{\"@id\":\"https:\/\/www.elementvape.de\/produkt\/fruchtige-fusion-die-perfekte-mischung-aus-strawberry-kiwi-fuer-ultimative-frische\/#breadcrumb\"},\"inLanguage\":\"ro-RO\",\"potentialAction\":[{\"@type\":\"ReadAction\",\"target\":[\"https:\/\/www.elementvape.de\/produkt\/fruchtige-fusion-die-perfekte-mischung-aus-strawberry-kiwi-fuer-ultimative-frische\/\"]}]},{\"@type\":\"ImageObject\",\"inLanguage\":\"ro-RO\",\"@id\":\"https:\/\/www.elementvape.de\/produkt\/fruchtige-fusion-die-perfekte-mischung-aus-strawberry-kiwi-fuer-ultimative-frische\/#primaryimage\",\"url\":\"https:\/\/www.elementvape.de\/wp-content\/uploads\/2024\/08\/Strawberry-Kiwi-1.jpg\",\"contentUrl\":\"https:\/\/www.elementvape.de\/wp-content\/uploads\/2024\/08\/Strawberry-Kiwi-1.jpg\",\"width\":1920,\"height\":1536,\"caption\":\"Strawberry Kiwi\"},{\"@type\":\"BreadcrumbList\",\"@id\":\"https:\/\/www.elementvape.de\/produkt\/fruchtige-fusion-die-perfekte-mischung-aus-strawberry-kiwi-fuer-ultimative-frische\/#breadcrumb\",\"itemListElement\":[{\"@type\":\"ListItem\",\"position\":1,\"name\":\"Home\",\"item\":\"https:\/\/www.elementvape.de\/\"},{\"@type\":\"ListItem\",\"position\":2,\"name\":\"Shop\",\"item\":\"https:\/\/www.elementvape.de\/shop\/\"},{\"@type\":\"ListItem\",\"position\":3,\"name\":\"Fruchtige Fusion Die perfekte Mischung aus Strawberry Kiwi f\u00fcr ultimative Frische\"}]},{\"@type\":\"WebSite\",\"@id\":\"https:\/\/www.elementvape.de\/#website\",\"url\":\"https:\/\/www.elementvape.de\/\",\"name\":\"ElementVape.de\",\"description\":\"\",\"publisher\":{\"@id\":\"https:\/\/www.elementvape.de\/#organization\"},\"potentialAction\":[{\"@type\":\"SearchAction\",\"target\":{\"@type\":\"EntryPoint\",\"urlTemplate\":\"https:\/\/www.elementvape.de\/?s={search_term_string}\"},\"query-input\":\"required name=search_term_string\"}],\"inLanguage\":\"ro-RO\"},{\"@type\":\"Organization\",\"@id\":\"https:\/\/www.elementvape.de\/#organization\",\"name\":\"ElementVape.DE\",\"url\":\"https:\/\/www.elementvape.de\/\",\"logo\":{\"@type\":\"ImageObject\",\"inLanguage\":\"ro-RO\",\"@id\":\"https:\/\/www.elementvape.de\/#\/schema\/logo\/image\/\",\"url\":\"https:\/\/www.elementvape.de\/wp-content\/uploads\/2024\/09\/cropped-1elementvape-3.png\",\"contentUrl\":\"https:\/\/www.elementvape.de\/wp-content\/uploads\/2024\/09\/cropped-1elementvape-3.png\",\"width\":285,\"height\":228,\"caption\":\"ElementVape.DE\"},\"image\":{\"@id\":\"https:\/\/www.elementvape.de\/#\/schema\/logo\/image\/\"}}]}<\/script>\n<!-- \/ Yoast SEO plugin. -->","yoast_head_json":{"title":"Fruchtige Fusion Die perfekte Mischung aus Strawberry Kiwi f\u00fcr ultimative Frische | ElementVape.de","description":"Wir bieten Fruchtige Fusion Die perfekte Mischung aus Strawberry Kiwi f\u00fcr ultimative Frische , Elementvape.de akzeptieren Gro\u00df-und Einzelhandel Bestellungen.","robots":{"index":"index","follow":"follow","max-snippet":"max-snippet:-1","max-image-preview":"max-image-preview:large","max-video-preview":"max-video-preview:-1"},"canonical":"https:\/\/www.elementvape.de\/ro\/produkt\/fruchtige-fusion-die-perfekte-mischung-aus-strawberry-kiwi-fuer-ultimative-frische\/","og_locale":"ro_RO","og_type":"article","og_title":"Fruchtige Fusion Die perfekte Mischung aus Strawberry Kiwi f\u00fcr ultimative Frische | ElementVape.de","og_description":"Wir bieten Fruchtige Fusion Die perfekte Mischung aus Strawberry Kiwi f\u00fcr ultimative Frische , Elementvape.de akzeptieren Gro\u00df-und Einzelhandel Bestellungen.","og_url":"https:\/\/www.elementvape.de\/ro\/produkt\/fruchtige-fusion-die-perfekte-mischung-aus-strawberry-kiwi-fuer-ultimative-frische\/","og_site_name":"ElementVape.de","article_modified_time":"2024-12-12T06:34:04+00:00","og_image":[{"width":1920,"height":1536,"url":"https:\/\/www.elementvape.de\/wp-content\/uploads\/2024\/08\/Strawberry-Kiwi-1.jpg","type":"image\/jpeg"}],"twitter_card":"summary_large_image","twitter_misc":{"Est. reading time":"2 minute"},"schema":{"@context":"https:\/\/schema.org","@graph":[{"@type":"WebPage","@id":"https:\/\/www.elementvape.de\/produkt\/fruchtige-fusion-die-perfekte-mischung-aus-strawberry-kiwi-fuer-ultimative-frische\/","url":"https:\/\/www.elementvape.de\/produkt\/fruchtige-fusion-die-perfekte-mischung-aus-strawberry-kiwi-fuer-ultimative-frische\/","name":"Fruchtige Fusion Die perfekte Mischung aus Strawberry Kiwi f\u00fcr ultimative Frische | ElementVape.de","isPartOf":{"@id":"https:\/\/www.elementvape.de\/#website"},"primaryImageOfPage":{"@id":"https:\/\/www.elementvape.de\/produkt\/fruchtige-fusion-die-perfekte-mischung-aus-strawberry-kiwi-fuer-ultimative-frische\/#primaryimage"},"image":{"@id":"https:\/\/www.elementvape.de\/produkt\/fruchtige-fusion-die-perfekte-mischung-aus-strawberry-kiwi-fuer-ultimative-frische\/#primaryimage"},"thumbnailUrl":"https:\/\/www.elementvape.de\/wp-content\/uploads\/2024\/08\/Strawberry-Kiwi-1.jpg","datePublished":"2024-08-22T07:44:09+00:00","dateModified":"2024-12-12T06:34:04+00:00","description":"Wir bieten Fruchtige Fusion Die perfekte Mischung aus Strawberry Kiwi f\u00fcr ultimative Frische , Elementvape.de akzeptieren Gro\u00df-und Einzelhandel Bestellungen.","breadcrumb":{"@id":"https:\/\/www.elementvape.de\/produkt\/fruchtige-fusion-die-perfekte-mischung-aus-strawberry-kiwi-fuer-ultimative-frische\/#breadcrumb"},"inLanguage":"ro-RO","potentialAction":[{"@type":"ReadAction","target":["https:\/\/www.elementvape.de\/produkt\/fruchtige-fusion-die-perfekte-mischung-aus-strawberry-kiwi-fuer-ultimative-frische\/"]}]},{"@type":"ImageObject","inLanguage":"ro-RO","@id":"https:\/\/www.elementvape.de\/produkt\/fruchtige-fusion-die-perfekte-mischung-aus-strawberry-kiwi-fuer-ultimative-frische\/#primaryimage","url":"https:\/\/www.elementvape.de\/wp-content\/uploads\/2024\/08\/Strawberry-Kiwi-1.jpg","contentUrl":"https:\/\/www.elementvape.de\/wp-content\/uploads\/2024\/08\/Strawberry-Kiwi-1.jpg","width":1920,"height":1536,"caption":"Strawberry Kiwi"},{"@type":"BreadcrumbList","@id":"https:\/\/www.elementvape.de\/produkt\/fruchtige-fusion-die-perfekte-mischung-aus-strawberry-kiwi-fuer-ultimative-frische\/#breadcrumb","itemListElement":[{"@type":"ListItem","position":1,"name":"Home","item":"https:\/\/www.elementvape.de\/"},{"@type":"ListItem","position":2,"name":"Shop","item":"https:\/\/www.elementvape.de\/shop\/"},{"@type":"ListItem","position":3,"name":"Fruchtige Fusion Die perfekte Mischung aus Strawberry Kiwi f\u00fcr ultimative Frische"}]},{"@type":"WebSite","@id":"https:\/\/www.elementvape.de\/#website","url":"https:\/\/www.elementvape.de\/","name":"ElementVape.de","description":"","publisher":{"@id":"https:\/\/www.elementvape.de\/#organization"},"potentialAction":[{"@type":"SearchAction","target":{"@type":"EntryPoint","urlTemplate":"https:\/\/www.elementvape.de\/?s={search_term_string}"},"query-input":"required name=search_term_string"}],"inLanguage":"ro-RO"},{"@type":"Organization","@id":"https:\/\/www.elementvape.de\/#organization","name":"ElementVape.DE","url":"https:\/\/www.elementvape.de\/","logo":{"@type":"ImageObject","inLanguage":"ro-RO","@id":"https:\/\/www.elementvape.de\/#\/schema\/logo\/image\/","url":"https:\/\/www.elementvape.de\/wp-content\/uploads\/2024\/09\/cropped-1elementvape-3.png","contentUrl":"https:\/\/www.elementvape.de\/wp-content\/uploads\/2024\/09\/cropped-1elementvape-3.png","width":285,"height":228,"caption":"ElementVape.DE"},"image":{"@id":"https:\/\/www.elementvape.de\/#\/schema\/logo\/image\/"}}]}},"_links":{"self":[{"href":"https:\/\/www.elementvape.de\/ro\/wp-json\/wp\/v2\/product\/13945"}],"collection":[{"href":"https:\/\/www.elementvape.de\/ro\/wp-json\/wp\/v2\/product"}],"about":[{"href":"https:\/\/www.elementvape.de\/ro\/wp-json\/wp\/v2\/types\/product"}],"wp:featuredmedia":[{"embeddable":true,"href":"https:\/\/www.elementvape.de\/ro\/wp-json\/wp\/v2\/media\/13946"}],"wp:attachment":[{"href":"https:\/\/www.elementvape.de\/ro\/wp-json\/wp\/v2\/media?parent=13945"}],"wp:term":[{"taxonomy":"product_cat","embeddable":true,"href":"https:\/\/www.elementvape.de\/ro\/wp-json\/wp\/v2\/product_cat?post=13945"},{"taxonomy":"product_tag","embeddable":true,"href":"https:\/\/www.elementvape.de\/ro\/wp-json\/wp\/v2\/product_tag?post=13945"}],"curies":[{"name":"wp","href":"https:\/\/api.w.org\/{rel}","templated":true}]}}