{"id":13940,"date":"2024-08-22T07:09:54","date_gmt":"2024-08-22T07:09:54","guid":{"rendered":"https:\/\/www.elementvape.de\/?post_type=product&#038;p=13940"},"modified":"2024-12-12T06:34:06","modified_gmt":"2024-12-12T06:34:06","slug":"sprudelnde-begeisterung-geniessen-sie-den-unvergleichlichen-geschmack-von-orange-soda","status":"publish","type":"product","link":"https:\/\/www.elementvape.de\/ro\/produkt\/sprudelnde-begeisterung-geniessen-sie-den-unvergleichlichen-geschmack-von-orange-soda\/","title":{"rendered":"Entuziasm efervescent Bucura\u021bi-v\u0103 de gustul inegalabil al Orange Soda"},"content":{"rendered":"<h3>Entuziasm spumant: Bucura\u021bi-v\u0103 de gustul inegalabil al Orange Soda<\/h3>\n<p>Apropie-te de o experien\u021b\u0103 efervescent\u0103 de vaping cu WASPE 15000 PUFFS \u0219i savureaz\u0103 gustul r\u0103coritor de Orange Soda. Acest gust fructat-dulce aduce echilibrul perfect \u00eentre prospe\u021bimea vibrant\u0103 a citricelor \u0219i dulcea\u021ba efervescent\u0103 direct \u00een inhal\u0103ri. Fiecare inhalare dezv\u0103luie gustul complet al Orange Soda, care \u00ee\u021bi r\u0103core\u0219te \u0219i \u00eenc\u00e2nt\u0103 papilele gustative.<\/p>\n<figure id=\"attachment_13942\" aria-describedby=\"caption-attachment-13942\" style=\"width: 300px\" class=\"wp-caption alignnone\"><img loading=\"lazy\" decoding=\"async\" class=\"size-medium wp-image-13942\" src=\"https:\/\/www.elementvape.de\/wp-content\/uploads\/2024\/08\/Orange-Soda1-300x300.jpg\" alt=\"Cola cu portocale1\" width=\"300\" height=\"300\" srcset=\"https:\/\/www.elementvape.de\/wp-content\/uploads\/2024\/08\/Orange-Soda1-300x300.jpg 300w, https:\/\/www.elementvape.de\/wp-content\/uploads\/2024\/08\/Orange-Soda1-1024x1024.jpg 1024w, https:\/\/www.elementvape.de\/wp-content\/uploads\/2024\/08\/Orange-Soda1-150x150.jpg 150w, https:\/\/www.elementvape.de\/wp-content\/uploads\/2024\/08\/Orange-Soda1-768x768.jpg 768w, https:\/\/www.elementvape.de\/wp-content\/uploads\/2024\/08\/Orange-Soda1-600x600.jpg 600w, https:\/\/www.elementvape.de\/wp-content\/uploads\/2024\/08\/Orange-Soda1-100x100.jpg 100w, https:\/\/www.elementvape.de\/wp-content\/uploads\/2024\/08\/Orange-Soda1-50x50.jpg 50w, https:\/\/www.elementvape.de\/wp-content\/uploads\/2024\/08\/Orange-Soda1.jpg 1200w\" sizes=\"(max-width: 300px) 100vw, 300px\" \/><figcaption id=\"caption-attachment-13942\" class=\"wp-caption-text\">Cola cu portocale1<\/figcaption><\/figure>\n<p>WASPE 15000 PUFFS nu ofer\u0103 doar un gust unic, ci \u0219i performan\u021b\u0103 dovedit\u0103 \u0219i durabilitate pe care le a\u0219tep\u021bi de la un dispozitiv premium. Cu tehnologia avansat\u0103 Mesh Coil, fiecare inhalare devine o experien\u021b\u0103 intens\u0103 pe care vei dori s\u0103 o repe\u021bi. Combina\u021bia dintre gust \u0219i tehnologie face ca acest dispozitiv s\u0103 fie un companion indispensabil pentru to\u021bi cei care caut\u0103 o experien\u021b\u0103 efervescent\u0103 de vaping. <strong><a href=\"https:\/\/www.elementvape.de\/ro\/\" target=\"_blank\" rel=\"noopener\">Experien\u021b\u0103 de vaping<\/a><\/strong> caut\u0103.<\/p>\n<hr \/>\n<h3>Date produs: WASPE 15000 PUFFS<\/h3>\n<table>\n<thead>\n<tr>\n<th><strong>Caracteristic\u0103<\/strong><\/th>\n<th><strong>Detalii<\/strong><\/th>\n<\/tr>\n<\/thead>\n<tbody>\n<tr>\n<td>Gust<\/td>\n<td>Portocal\u0103 Soda<\/td>\n<\/tr>\n<tr>\n<td>Con\u021binut N<\/td>\n<td>\u00a02% , 5%<\/td>\n<\/tr>\n<tr>\n<td>Capacitate puff-uri<\/td>\n<td>P\u00e2n\u0103 la 15.000 de pufuri<\/td>\n<\/tr>\n<tr>\n<td>Capacitate e-lichid<\/td>\n<td>22ml<\/td>\n<\/tr>\n<tr>\n<td>Tehnologie Coil<\/td>\n<td>Bobin\u0103 Mesh de 0,8\u03a9 pentru un gust mai intens \u0219i mai mult abur<\/td>\n<\/tr>\n<tr>\n<td>Afi\u0219aj<\/td>\n<td>Display LCD pentru afi\u0219area informa\u021biilor \u00een timp real<\/td>\n<\/tr>\n<tr>\n<td>Baterie<\/td>\n<td>Baterie re\u00eenc\u0103rcabil\u0103 de 850mAh<\/td>\n<\/tr>\n<tr>\n<td>Port de \u00eenc\u0103rcare<\/td>\n<td>Port Type-C<\/td>\n<\/tr>\n<\/tbody>\n<\/table>\n<hr \/>\n<p>Cu WASPE 15000 PUFFS \u0219i gustul s\u0103u inegalabil de Orange Soda, nu doar c\u0103 te bucuri de prospe\u021bimea fructat\u0103, ci \u0219i de o entuziasmare efervescent\u0103 care face din fiecare sesiune de vaping o experien\u021b\u0103 deosebit\u0103.<\/p>","protected":false},"excerpt":{"rendered":"<p>Sprudelnde Begeisterung: Genie\u00dfen Sie den unvergleichlichen Geschmack von Orange Soda Tauchen Sie ein in ein spritziges Dampferlebnis mit dem WASPE 15000 PUFFS und genie\u00dfen Sie den erfrischenden Geschmack von Orange Soda. Dieser fruchtig-s\u00fc\u00dfe Geschmack bringt die perfekte Balance aus lebhafter Zitrusfrische und prickelnder S\u00fc\u00dfe direkt in Ihre Z\u00fcge. Jeder Zug entfaltet den vollen Geschmack von [&hellip;]<\/p>","protected":false},"featured_media":13941,"template":"","meta":{"inline_featured_image":false},"product_cat":[15,78,735,746,741,733,744,755,738,751,732,723],"product_tag":[710,674],"tiered_pricing_type":"fixed","tiered_pricing_fixed_rules":{"110":"7.91","200":"7.03","500":"6.15"},"tiered_pricing_percentage_rules":[],"tiered_pricing_minimum":1,"_administrator_tiered_pricing_type":"fixed","_administrator_tiered_pricing_fixed_rules":[],"_editor_tiered_pricing_type":"fixed","_editor_tiered_pricing_fixed_rules":[],"_author_tiered_pricing_type":"fixed","_author_tiered_pricing_fixed_rules":[],"_contributor_tiered_pricing_type":"fixed","_contributor_tiered_pricing_fixed_rules":[],"_subscriber_tiered_pricing_type":"fixed","_subscriber_tiered_pricing_fixed_rules":[],"_customer_tiered_pricing_type":"fixed","_customer_tiered_pricing_fixed_rules":[],"_shop_manager_tiered_pricing_type":"fixed","_shop_manager_tiered_pricing_fixed_rules":[],"_wpseo_manager_tiered_pricing_type":"fixed","_wpseo_manager_tiered_pricing_fixed_rules":[],"_wpseo_editor_tiered_pricing_type":"fixed","_wpseo_editor_tiered_pricing_fixed_rules":[],"_wholesale_customer_tiered_pricing_type":"fixed","_wholesale_customer_tiered_pricing_fixed_rules":[],"_marketer_tiered_pricing_type":"fixed","_marketer_tiered_pricing_fixed_rules":[],"_sales_manager_tiered_pricing_type":"fixed","_sales_manager_tiered_pricing_fixed_rules":[],"_sales_rep_tiered_pricing_type":"fixed","_sales_rep_tiered_pricing_fixed_rules":[],"yoast_head":"<!-- This site is optimized with the Yoast SEO plugin v23.3 - https:\/\/yoast.com\/wordpress\/plugins\/seo\/ -->\n<title>Sprudelnde Begeisterung Genie\u00dfen Sie den unvergleichlichen Geschmack von Orange Soda | ElementVape.de<\/title>\n<meta name=\"description\" content=\"Wir bieten Sprudelnde Begeisterung Genie\u00dfen Sie den unvergleichlichen Geschmack von Orange Soda , Elementvape.de akzeptieren Gro\u00df-und Einzelhandel Bestellungen.\" \/>\n<meta name=\"robots\" content=\"index, follow, max-snippet:-1, max-image-preview:large, max-video-preview:-1\" \/>\n<link rel=\"canonical\" href=\"https:\/\/www.elementvape.de\/ro\/produkt\/sprudelnde-begeisterung-geniessen-sie-den-unvergleichlichen-geschmack-von-orange-soda\/\" \/>\n<meta property=\"og:locale\" content=\"ro_RO\" \/>\n<meta property=\"og:type\" content=\"article\" \/>\n<meta property=\"og:title\" content=\"Sprudelnde Begeisterung Genie\u00dfen Sie den unvergleichlichen Geschmack von Orange Soda | ElementVape.de\" \/>\n<meta property=\"og:description\" content=\"Wir bieten Sprudelnde Begeisterung Genie\u00dfen Sie den unvergleichlichen Geschmack von Orange Soda , Elementvape.de akzeptieren Gro\u00df-und Einzelhandel Bestellungen.\" \/>\n<meta property=\"og:url\" content=\"https:\/\/www.elementvape.de\/ro\/produkt\/sprudelnde-begeisterung-geniessen-sie-den-unvergleichlichen-geschmack-von-orange-soda\/\" \/>\n<meta property=\"og:site_name\" content=\"ElementVape.de\" \/>\n<meta property=\"article:modified_time\" content=\"2024-12-12T06:34:06+00:00\" \/>\n<meta property=\"og:image\" content=\"https:\/\/www.elementvape.de\/wp-content\/uploads\/2024\/08\/Orange-Soda.jpg\" \/>\n\t<meta property=\"og:image:width\" content=\"1920\" \/>\n\t<meta property=\"og:image:height\" content=\"1536\" \/>\n\t<meta property=\"og:image:type\" content=\"image\/jpeg\" \/>\n<meta name=\"twitter:card\" content=\"summary_large_image\" \/>\n<meta name=\"twitter:label1\" content=\"Est. reading time\" \/>\n\t<meta name=\"twitter:data1\" content=\"2 minute\" \/>\n<script type=\"application\/ld+json\" class=\"yoast-schema-graph\">{\"@context\":\"https:\/\/schema.org\",\"@graph\":[{\"@type\":\"WebPage\",\"@id\":\"https:\/\/www.elementvape.de\/el\/produkt\/sprudelnde-begeisterung-geniessen-sie-den-unvergleichlichen-geschmack-von-orange-soda\/\",\"url\":\"https:\/\/www.elementvape.de\/el\/produkt\/sprudelnde-begeisterung-geniessen-sie-den-unvergleichlichen-geschmack-von-orange-soda\/\",\"name\":\"Sprudelnde Begeisterung Genie\u00dfen Sie den unvergleichlichen Geschmack von Orange Soda | ElementVape.de\",\"isPartOf\":{\"@id\":\"https:\/\/www.elementvape.de\/#website\"},\"primaryImageOfPage\":{\"@id\":\"https:\/\/www.elementvape.de\/el\/produkt\/sprudelnde-begeisterung-geniessen-sie-den-unvergleichlichen-geschmack-von-orange-soda\/#primaryimage\"},\"image\":{\"@id\":\"https:\/\/www.elementvape.de\/el\/produkt\/sprudelnde-begeisterung-geniessen-sie-den-unvergleichlichen-geschmack-von-orange-soda\/#primaryimage\"},\"thumbnailUrl\":\"https:\/\/www.elementvape.de\/wp-content\/uploads\/2024\/08\/Orange-Soda.jpg\",\"datePublished\":\"2024-08-22T07:09:54+00:00\",\"dateModified\":\"2024-12-12T06:34:06+00:00\",\"description\":\"Wir bieten Sprudelnde Begeisterung Genie\u00dfen Sie den unvergleichlichen Geschmack von Orange Soda , Elementvape.de akzeptieren Gro\u00df-und Einzelhandel Bestellungen.\",\"breadcrumb\":{\"@id\":\"https:\/\/www.elementvape.de\/el\/produkt\/sprudelnde-begeisterung-geniessen-sie-den-unvergleichlichen-geschmack-von-orange-soda\/#breadcrumb\"},\"inLanguage\":\"ro-RO\",\"potentialAction\":[{\"@type\":\"ReadAction\",\"target\":[\"https:\/\/www.elementvape.de\/el\/produkt\/sprudelnde-begeisterung-geniessen-sie-den-unvergleichlichen-geschmack-von-orange-soda\/\"]}]},{\"@type\":\"ImageObject\",\"inLanguage\":\"ro-RO\",\"@id\":\"https:\/\/www.elementvape.de\/el\/produkt\/sprudelnde-begeisterung-geniessen-sie-den-unvergleichlichen-geschmack-von-orange-soda\/#primaryimage\",\"url\":\"https:\/\/www.elementvape.de\/wp-content\/uploads\/2024\/08\/Orange-Soda.jpg\",\"contentUrl\":\"https:\/\/www.elementvape.de\/wp-content\/uploads\/2024\/08\/Orange-Soda.jpg\",\"width\":1920,\"height\":1536,\"caption\":\"Orange Soda\"},{\"@type\":\"BreadcrumbList\",\"@id\":\"https:\/\/www.elementvape.de\/el\/produkt\/sprudelnde-begeisterung-geniessen-sie-den-unvergleichlichen-geschmack-von-orange-soda\/#breadcrumb\",\"itemListElement\":[{\"@type\":\"ListItem\",\"position\":1,\"name\":\"Home\",\"item\":\"https:\/\/www.elementvape.de\/\"},{\"@type\":\"ListItem\",\"position\":2,\"name\":\"Shop\",\"item\":\"https:\/\/www.elementvape.de\/shop\/\"},{\"@type\":\"ListItem\",\"position\":3,\"name\":\"Sprudelnde Begeisterung Genie\u00dfen Sie den unvergleichlichen Geschmack von Orange Soda\"}]},{\"@type\":\"WebSite\",\"@id\":\"https:\/\/www.elementvape.de\/#website\",\"url\":\"https:\/\/www.elementvape.de\/\",\"name\":\"ElementVape.de\",\"description\":\"\",\"publisher\":{\"@id\":\"https:\/\/www.elementvape.de\/#organization\"},\"potentialAction\":[{\"@type\":\"SearchAction\",\"target\":{\"@type\":\"EntryPoint\",\"urlTemplate\":\"https:\/\/www.elementvape.de\/?s={search_term_string}\"},\"query-input\":\"required name=search_term_string\"}],\"inLanguage\":\"ro-RO\"},{\"@type\":\"Organization\",\"@id\":\"https:\/\/www.elementvape.de\/#organization\",\"name\":\"ElementVape.DE\",\"url\":\"https:\/\/www.elementvape.de\/\",\"logo\":{\"@type\":\"ImageObject\",\"inLanguage\":\"ro-RO\",\"@id\":\"https:\/\/www.elementvape.de\/#\/schema\/logo\/image\/\",\"url\":\"https:\/\/www.elementvape.de\/wp-content\/uploads\/2024\/09\/cropped-1elementvape-3.png\",\"contentUrl\":\"https:\/\/www.elementvape.de\/wp-content\/uploads\/2024\/09\/cropped-1elementvape-3.png\",\"width\":285,\"height\":228,\"caption\":\"ElementVape.DE\"},\"image\":{\"@id\":\"https:\/\/www.elementvape.de\/#\/schema\/logo\/image\/\"}}]}<\/script>\n<!-- \/ Yoast SEO plugin. -->","yoast_head_json":{"title":"Sprudelnde Begeisterung Genie\u00dfen Sie den unvergleichlichen Geschmack von Orange Soda | ElementVape.de","description":"Wir bieten Sprudelnde Begeisterung Genie\u00dfen Sie den unvergleichlichen Geschmack von Orange Soda , Elementvape.de akzeptieren Gro\u00df-und Einzelhandel Bestellungen.","robots":{"index":"index","follow":"follow","max-snippet":"max-snippet:-1","max-image-preview":"max-image-preview:large","max-video-preview":"max-video-preview:-1"},"canonical":"https:\/\/www.elementvape.de\/ro\/produkt\/sprudelnde-begeisterung-geniessen-sie-den-unvergleichlichen-geschmack-von-orange-soda\/","og_locale":"ro_RO","og_type":"article","og_title":"Sprudelnde Begeisterung Genie\u00dfen Sie den unvergleichlichen Geschmack von Orange Soda | ElementVape.de","og_description":"Wir bieten Sprudelnde Begeisterung Genie\u00dfen Sie den unvergleichlichen Geschmack von Orange Soda , Elementvape.de akzeptieren Gro\u00df-und Einzelhandel Bestellungen.","og_url":"https:\/\/www.elementvape.de\/ro\/produkt\/sprudelnde-begeisterung-geniessen-sie-den-unvergleichlichen-geschmack-von-orange-soda\/","og_site_name":"ElementVape.de","article_modified_time":"2024-12-12T06:34:06+00:00","og_image":[{"width":1920,"height":1536,"url":"https:\/\/www.elementvape.de\/wp-content\/uploads\/2024\/08\/Orange-Soda.jpg","type":"image\/jpeg"}],"twitter_card":"summary_large_image","twitter_misc":{"Est. reading time":"2 minute"},"schema":{"@context":"https:\/\/schema.org","@graph":[{"@type":"WebPage","@id":"https:\/\/www.elementvape.de\/el\/produkt\/sprudelnde-begeisterung-geniessen-sie-den-unvergleichlichen-geschmack-von-orange-soda\/","url":"https:\/\/www.elementvape.de\/el\/produkt\/sprudelnde-begeisterung-geniessen-sie-den-unvergleichlichen-geschmack-von-orange-soda\/","name":"Sprudelnde Begeisterung Genie\u00dfen Sie den unvergleichlichen Geschmack von Orange Soda | ElementVape.de","isPartOf":{"@id":"https:\/\/www.elementvape.de\/#website"},"primaryImageOfPage":{"@id":"https:\/\/www.elementvape.de\/el\/produkt\/sprudelnde-begeisterung-geniessen-sie-den-unvergleichlichen-geschmack-von-orange-soda\/#primaryimage"},"image":{"@id":"https:\/\/www.elementvape.de\/el\/produkt\/sprudelnde-begeisterung-geniessen-sie-den-unvergleichlichen-geschmack-von-orange-soda\/#primaryimage"},"thumbnailUrl":"https:\/\/www.elementvape.de\/wp-content\/uploads\/2024\/08\/Orange-Soda.jpg","datePublished":"2024-08-22T07:09:54+00:00","dateModified":"2024-12-12T06:34:06+00:00","description":"Wir bieten Sprudelnde Begeisterung Genie\u00dfen Sie den unvergleichlichen Geschmack von Orange Soda , Elementvape.de akzeptieren Gro\u00df-und Einzelhandel Bestellungen.","breadcrumb":{"@id":"https:\/\/www.elementvape.de\/el\/produkt\/sprudelnde-begeisterung-geniessen-sie-den-unvergleichlichen-geschmack-von-orange-soda\/#breadcrumb"},"inLanguage":"ro-RO","potentialAction":[{"@type":"ReadAction","target":["https:\/\/www.elementvape.de\/el\/produkt\/sprudelnde-begeisterung-geniessen-sie-den-unvergleichlichen-geschmack-von-orange-soda\/"]}]},{"@type":"ImageObject","inLanguage":"ro-RO","@id":"https:\/\/www.elementvape.de\/el\/produkt\/sprudelnde-begeisterung-geniessen-sie-den-unvergleichlichen-geschmack-von-orange-soda\/#primaryimage","url":"https:\/\/www.elementvape.de\/wp-content\/uploads\/2024\/08\/Orange-Soda.jpg","contentUrl":"https:\/\/www.elementvape.de\/wp-content\/uploads\/2024\/08\/Orange-Soda.jpg","width":1920,"height":1536,"caption":"Orange Soda"},{"@type":"BreadcrumbList","@id":"https:\/\/www.elementvape.de\/el\/produkt\/sprudelnde-begeisterung-geniessen-sie-den-unvergleichlichen-geschmack-von-orange-soda\/#breadcrumb","itemListElement":[{"@type":"ListItem","position":1,"name":"Home","item":"https:\/\/www.elementvape.de\/"},{"@type":"ListItem","position":2,"name":"Shop","item":"https:\/\/www.elementvape.de\/shop\/"},{"@type":"ListItem","position":3,"name":"Sprudelnde Begeisterung Genie\u00dfen Sie den unvergleichlichen Geschmack von Orange Soda"}]},{"@type":"WebSite","@id":"https:\/\/www.elementvape.de\/#website","url":"https:\/\/www.elementvape.de\/","name":"ElementVape.de","description":"","publisher":{"@id":"https:\/\/www.elementvape.de\/#organization"},"potentialAction":[{"@type":"SearchAction","target":{"@type":"EntryPoint","urlTemplate":"https:\/\/www.elementvape.de\/?s={search_term_string}"},"query-input":"required name=search_term_string"}],"inLanguage":"ro-RO"},{"@type":"Organization","@id":"https:\/\/www.elementvape.de\/#organization","name":"ElementVape.DE","url":"https:\/\/www.elementvape.de\/","logo":{"@type":"ImageObject","inLanguage":"ro-RO","@id":"https:\/\/www.elementvape.de\/#\/schema\/logo\/image\/","url":"https:\/\/www.elementvape.de\/wp-content\/uploads\/2024\/09\/cropped-1elementvape-3.png","contentUrl":"https:\/\/www.elementvape.de\/wp-content\/uploads\/2024\/09\/cropped-1elementvape-3.png","width":285,"height":228,"caption":"ElementVape.DE"},"image":{"@id":"https:\/\/www.elementvape.de\/#\/schema\/logo\/image\/"}}]}},"_links":{"self":[{"href":"https:\/\/www.elementvape.de\/ro\/wp-json\/wp\/v2\/product\/13940"}],"collection":[{"href":"https:\/\/www.elementvape.de\/ro\/wp-json\/wp\/v2\/product"}],"about":[{"href":"https:\/\/www.elementvape.de\/ro\/wp-json\/wp\/v2\/types\/product"}],"wp:featuredmedia":[{"embeddable":true,"href":"https:\/\/www.elementvape.de\/ro\/wp-json\/wp\/v2\/media\/13941"}],"wp:attachment":[{"href":"https:\/\/www.elementvape.de\/ro\/wp-json\/wp\/v2\/media?parent=13940"}],"wp:term":[{"taxonomy":"product_cat","embeddable":true,"href":"https:\/\/www.elementvape.de\/ro\/wp-json\/wp\/v2\/product_cat?post=13940"},{"taxonomy":"product_tag","embeddable":true,"href":"https:\/\/www.elementvape.de\/ro\/wp-json\/wp\/v2\/product_tag?post=13940"}],"curies":[{"name":"wp","href":"https:\/\/api.w.org\/{rel}","templated":true}]}}