{"id":13876,"date":"2024-08-20T06:02:23","date_gmt":"2024-08-20T06:02:23","guid":{"rendered":"https:\/\/www.elementvape.de\/?post_type=product&#038;p=13876"},"modified":"2024-12-12T06:34:29","modified_gmt":"2024-12-12T06:34:29","slug":"double-apple-elf-shisha-16000-16000-puffs-der-zollfreie-vape-fuer-den-klassischen-apfelgeschmack","status":"publish","type":"product","link":"https:\/\/www.elementvape.de\/ro\/produkt\/double-apple-elf-shisha-16000-16000-puffs-der-zollfreie-vape-fuer-den-klassischen-apfelgeschmack\/","title":{"rendered":"Double Apple ELF SHISHA 16000, 16000 Puffs, vape f\u0103r\u0103 taxe pentru gustul clasic de m\u0103r"},"content":{"rendered":"<h3>Experien\u021b\u0103 de gust: Dublu M\u0103r<\/h3>\n<p>Double Apple ELF SHISHA 16000 ofer\u0103 o experien\u021b\u0103 de gust clasic\u0103 \u0219i inconfundabil\u0103, care combin\u0103 dulcea\u021ba intens\u0103 \u0219i u\u0219or acri\u0219oarea a dou\u0103 soiuri de mere \u00eentr-un echilibru perfect. Acest arom\u0103 este ideal\u0103 pentru to\u021bi cei care apreciaz\u0103 gustul tradi\u021bional de dublu m\u0103r, foarte popular \u00een lumea shishas. Cu fiecare inhalare, experimenta\u021bi prospe\u021bimea suculent\u0103 a m\u0103rului verde \u0219i ro\u0219u, care \u00eempreun\u0103 formeaz\u0103 o compozi\u021bie de gust armonioas\u0103 \u0219i plin\u0103 de savoare.<\/p>\n<p>Gustul de Double Apple este atemporal \u0219i este apreciat \u00een special de iubitorii aromelor autentice. ELF SHISHA 16000 asigur\u0103 ca gustul s\u0103 fie puternic \u0219i de durat\u0103, astfel \u00eenc\u00e2t la fiecare inhalare s\u0103 pute\u021bi experimenta pl\u0103cerea pur\u0103 a m\u0103rului pe care o dori\u021bi.<\/p>\n<p>Double Apple ELF SHISHA 16000 combin\u0103 arome clasice cu tehnologie de ultim\u0103 genera\u021bie pentru a v\u0103 oferi o experien\u021b\u0103 de inhalare inegalabil\u0103. Cu o capacitate de 16.000 de fumuri, acest dispozitiv este ideal pentru utilizatori care doresc o rezisten\u021b\u0103 \u00eendelungat\u0103. <strong><a href=\"https:\/\/www.elementvape.de\/ro\/\" target=\"_blank\" rel=\"noopener\">fum\u0103tori<\/a><\/strong>, care pun accent pe fiabilitate \u0219i durabilitate. Bobina din plas\u0103 cu 0,6 ohmi asigur\u0103 o produc\u021bie de vapori uniform\u0103 \u0219i bogat\u0103, eviden\u021biind pe deplin aroma intens\u0103 de m\u0103r.<\/p>\n<p>Bateria re\u00eenc\u0103rcabil\u0103 18250\u2013600 mAh, \u00eenc\u0103rcat\u0103 prin intermediul portului practic Type-C, asigur\u0103 faptul c\u0103 ELF SHISHA 16000 este \u00eentotdeauna preg\u0103tit de utilizare. Indicatorul LED v\u0103 informeaz\u0103 \u00een orice moment despre nivelul actual al bateriei, \u00een timp ce setarea ajustabil\u0103 a fluxului de aer v\u0103 permite s\u0103 personaliza\u021bi rezisten\u021ba la inhalare. Aceste caracteristici tehnice fac din Double Apple ELF SHISHA 16000 un dispozitiv de prim\u0103 clas\u0103 pentru to\u021bi cei care apreciaz\u0103 calitatea \u0219i u\u0219urin\u021ba \u00een utilizare.<\/p>\n<p>Cu Double Apple ELF SHISHA 16000 beneficia\u021bi de avantajele achizi\u021biei f\u0103r\u0103 taxe. Acest produs de \u00eenalt\u0103 calitate v\u0103 ofer\u0103 nu doar gustul clasic de dublu m\u0103r, pe care \u00eel iubi\u021bi, ci \u0219i un raport calitate-pre\u021b excelent, deoarece este disponibil f\u0103r\u0103 taxe vamale. Acest lucru \u00eel face o alegere deosebit de atractiv\u0103 pentru vaperii cu buget redus \u0219i c\u0103l\u0103torii care apreciaz\u0103 calitatea \u0219i economiile.<\/p>\n<p>Ambalajul Double Apple ELF SHISHA 16000 este conceput pentru a facilita transportul \u0219i depozitarea. Cu 200 de buc\u0103\u021bi pe cutie \u0219i o greutate total\u0103 de 18,3 kg, totul este practic \u0219i clar. Dimensiunea compact\u0103 (30 x 125,5 mm) \u0219i greutatea u\u0219oar\u0103 de 85 g pe dispozitiv \u00eel fac un companion ideal pentru deplas\u0103ri. Bucura\u021bi-v\u0103 de gustul clasic de m\u0103r oriunde \u0219i oric\u00e2nd cu Double Apple ELF SHISHA 16000.<\/p>\n<hr \/>\n<table>\n<thead>\n<tr>\n<th><strong>Caracteristic\u0103<\/strong><\/th>\n<th><strong>Detalii<\/strong><\/th>\n<\/tr>\n<\/thead>\n<tbody>\n<tr>\n<td>Gust<\/td>\n<td>M\u0103r Double<\/td>\n<\/tr>\n<tr>\n<td>Inhal\u0103ri (Pufuri)<\/td>\n<td>16.000 de pufuri<\/td>\n<\/tr>\n<tr>\n<td>Rezisten\u021b\u0103<\/td>\n<td>Spul\u0103 din plas\u0103, 0,6 Ohmi<\/td>\n<\/tr>\n<tr>\n<td>Capacitate de lichid<\/td>\n<td>28 ml<\/td>\n<\/tr>\n<tr>\n<td>Con\u021binut N<\/td>\n<td>2 %, 5 %<\/td>\n<\/tr>\n<tr>\n<td>Baterie<\/td>\n<td>18250\u2013600 mAh, re\u00eenc\u0103rcabil\u0103 (Tip C)<\/td>\n<\/tr>\n<tr>\n<td>Afi\u0219aj LED<\/td>\n<td>Ja<\/td>\n<\/tr>\n<tr>\n<td>Ajustare a fluxului de aer<\/td>\n<td>Ja<\/td>\n<\/tr>\n<tr>\n<td>Greutatea produsului<\/td>\n<td>85 g pe bucat\u0103<\/td>\n<\/tr>\n<tr>\n<td>Dimensiunea produsului<\/td>\n<td>30 x 125,5 mm<\/td>\n<\/tr>\n<\/tbody>\n<\/table>\n<p>&nbsp;<\/p>","protected":false},"excerpt":{"rendered":"<p>Geschmackserlebnis: Double Apple Die Double Apple ELF SHISHA 16000 bietet ein klassisches und unverwechselbares Geschmackserlebnis, das die intensive S\u00fc\u00dfe und den leicht s\u00e4uerlichen Biss von zwei Apfelsorten in einer perfekten Balance kombiniert. Dieses Aroma ist ideal f\u00fcr alle, die den traditionellen Doppelapfel-Geschmack sch\u00e4tzen, der in der Shisha-Welt besonders beliebt ist. Mit jedem Zug erleben Sie [&hellip;]<\/p>","protected":false},"featured_media":13877,"template":"","meta":{"inline_featured_image":false},"product_cat":[15,78,747,740,734,753,719,732],"product_tag":[710,720],"tiered_pricing_type":"fixed","tiered_pricing_fixed_rules":{"110":"8.47","200":"7.53","500":"6.59"},"tiered_pricing_percentage_rules":[],"tiered_pricing_minimum":1,"_administrator_tiered_pricing_type":"fixed","_administrator_tiered_pricing_fixed_rules":[],"_editor_tiered_pricing_type":"fixed","_editor_tiered_pricing_fixed_rules":[],"_author_tiered_pricing_type":"fixed","_author_tiered_pricing_fixed_rules":[],"_contributor_tiered_pricing_type":"fixed","_contributor_tiered_pricing_fixed_rules":[],"_subscriber_tiered_pricing_type":"fixed","_subscriber_tiered_pricing_fixed_rules":[],"_customer_tiered_pricing_type":"fixed","_customer_tiered_pricing_fixed_rules":[],"_shop_manager_tiered_pricing_type":"fixed","_shop_manager_tiered_pricing_fixed_rules":[],"_wpseo_manager_tiered_pricing_type":"fixed","_wpseo_manager_tiered_pricing_fixed_rules":[],"_wpseo_editor_tiered_pricing_type":"fixed","_wpseo_editor_tiered_pricing_fixed_rules":[],"_wholesale_customer_tiered_pricing_type":"fixed","_wholesale_customer_tiered_pricing_fixed_rules":[],"_marketer_tiered_pricing_type":"fixed","_marketer_tiered_pricing_fixed_rules":[],"_sales_manager_tiered_pricing_type":"fixed","_sales_manager_tiered_pricing_fixed_rules":[],"_sales_rep_tiered_pricing_type":"fixed","_sales_rep_tiered_pricing_fixed_rules":[],"yoast_head":"<!-- This site is optimized with the Yoast SEO plugin v23.3 - https:\/\/yoast.com\/wordpress\/plugins\/seo\/ -->\n<title>Double Apple ELF SHISHA 16000 16000 Puffs Der zollfreie Vape f\u00fcr den klassischen Apfelgeschmack | ElementVape.de<\/title>\n<meta name=\"description\" content=\"Wir bieten Double Apple ELF SHISHA 16000 16000 Puffs Der zollfreie Vape f\u00fcr den klassischen Apfelgeschmack , Elementvape.de akzeptieren Gro\u00df-und Einzelhandel Bestellungen.\" \/>\n<meta name=\"robots\" content=\"index, follow, max-snippet:-1, max-image-preview:large, max-video-preview:-1\" \/>\n<link rel=\"canonical\" href=\"https:\/\/www.elementvape.de\/ro\/produkt\/double-apple-elf-shisha-16000-16000-puffs-der-zollfreie-vape-fuer-den-klassischen-apfelgeschmack\/\" \/>\n<meta property=\"og:locale\" content=\"ro_RO\" \/>\n<meta property=\"og:type\" content=\"article\" \/>\n<meta property=\"og:title\" content=\"Double Apple ELF SHISHA 16000 16000 Puffs Der zollfreie Vape f\u00fcr den klassischen Apfelgeschmack | ElementVape.de\" \/>\n<meta property=\"og:description\" content=\"Wir bieten Double Apple ELF SHISHA 16000 16000 Puffs Der zollfreie Vape f\u00fcr den klassischen Apfelgeschmack , Elementvape.de akzeptieren Gro\u00df-und Einzelhandel Bestellungen.\" \/>\n<meta property=\"og:url\" content=\"https:\/\/www.elementvape.de\/ro\/produkt\/double-apple-elf-shisha-16000-16000-puffs-der-zollfreie-vape-fuer-den-klassischen-apfelgeschmack\/\" \/>\n<meta property=\"og:site_name\" content=\"ElementVape.de\" \/>\n<meta property=\"article:modified_time\" content=\"2024-12-12T06:34:29+00:00\" \/>\n<meta property=\"og:image\" content=\"https:\/\/www.elementvape.de\/wp-content\/uploads\/2024\/08\/\u53cc\u82f9\u679c2220000.png\" \/>\n\t<meta property=\"og:image:width\" content=\"1000\" \/>\n\t<meta property=\"og:image:height\" content=\"1000\" \/>\n\t<meta property=\"og:image:type\" content=\"image\/png\" \/>\n<meta name=\"twitter:card\" content=\"summary_large_image\" \/>\n<meta name=\"twitter:label1\" content=\"Est. reading time\" \/>\n\t<meta name=\"twitter:data1\" content=\"3 minute\" \/>\n<script type=\"application\/ld+json\" class=\"yoast-schema-graph\">{\"@context\":\"https:\/\/schema.org\",\"@graph\":[{\"@type\":\"WebPage\",\"@id\":\"https:\/\/www.elementvape.de\/produkt\/double-apple-elf-shisha-16000-16000-puffs-der-zollfreie-vape-fuer-den-klassischen-apfelgeschmack\/\",\"url\":\"https:\/\/www.elementvape.de\/produkt\/double-apple-elf-shisha-16000-16000-puffs-der-zollfreie-vape-fuer-den-klassischen-apfelgeschmack\/\",\"name\":\"Double Apple ELF SHISHA 16000 16000 Puffs Der zollfreie Vape f\u00fcr den klassischen Apfelgeschmack | ElementVape.de\",\"isPartOf\":{\"@id\":\"https:\/\/www.elementvape.de\/#website\"},\"primaryImageOfPage\":{\"@id\":\"https:\/\/www.elementvape.de\/produkt\/double-apple-elf-shisha-16000-16000-puffs-der-zollfreie-vape-fuer-den-klassischen-apfelgeschmack\/#primaryimage\"},\"image\":{\"@id\":\"https:\/\/www.elementvape.de\/produkt\/double-apple-elf-shisha-16000-16000-puffs-der-zollfreie-vape-fuer-den-klassischen-apfelgeschmack\/#primaryimage\"},\"thumbnailUrl\":\"https:\/\/www.elementvape.de\/wp-content\/uploads\/2024\/08\/\u53cc\u82f9\u679c2220000.png\",\"datePublished\":\"2024-08-20T06:02:23+00:00\",\"dateModified\":\"2024-12-12T06:34:29+00:00\",\"description\":\"Wir bieten Double Apple ELF SHISHA 16000 16000 Puffs Der zollfreie Vape f\u00fcr den klassischen Apfelgeschmack , Elementvape.de akzeptieren Gro\u00df-und Einzelhandel Bestellungen.\",\"breadcrumb\":{\"@id\":\"https:\/\/www.elementvape.de\/produkt\/double-apple-elf-shisha-16000-16000-puffs-der-zollfreie-vape-fuer-den-klassischen-apfelgeschmack\/#breadcrumb\"},\"inLanguage\":\"ro-RO\",\"potentialAction\":[{\"@type\":\"ReadAction\",\"target\":[\"https:\/\/www.elementvape.de\/produkt\/double-apple-elf-shisha-16000-16000-puffs-der-zollfreie-vape-fuer-den-klassischen-apfelgeschmack\/\"]}]},{\"@type\":\"ImageObject\",\"inLanguage\":\"ro-RO\",\"@id\":\"https:\/\/www.elementvape.de\/produkt\/double-apple-elf-shisha-16000-16000-puffs-der-zollfreie-vape-fuer-den-klassischen-apfelgeschmack\/#primaryimage\",\"url\":\"https:\/\/www.elementvape.de\/wp-content\/uploads\/2024\/08\/\u53cc\u82f9\u679c2220000.png\",\"contentUrl\":\"https:\/\/www.elementvape.de\/wp-content\/uploads\/2024\/08\/\u53cc\u82f9\u679c2220000.png\",\"width\":1000,\"height\":1000,\"caption\":\"Double Apple\"},{\"@type\":\"BreadcrumbList\",\"@id\":\"https:\/\/www.elementvape.de\/produkt\/double-apple-elf-shisha-16000-16000-puffs-der-zollfreie-vape-fuer-den-klassischen-apfelgeschmack\/#breadcrumb\",\"itemListElement\":[{\"@type\":\"ListItem\",\"position\":1,\"name\":\"Home\",\"item\":\"https:\/\/www.elementvape.de\/\"},{\"@type\":\"ListItem\",\"position\":2,\"name\":\"Shop\",\"item\":\"https:\/\/www.elementvape.de\/shop\/\"},{\"@type\":\"ListItem\",\"position\":3,\"name\":\"Double Apple ELF SHISHA 16000 16000 Puffs Der zollfreie Vape f\u00fcr den klassischen Apfelgeschmack\"}]},{\"@type\":\"WebSite\",\"@id\":\"https:\/\/www.elementvape.de\/#website\",\"url\":\"https:\/\/www.elementvape.de\/\",\"name\":\"ElementVape.de\",\"description\":\"\",\"publisher\":{\"@id\":\"https:\/\/www.elementvape.de\/#organization\"},\"potentialAction\":[{\"@type\":\"SearchAction\",\"target\":{\"@type\":\"EntryPoint\",\"urlTemplate\":\"https:\/\/www.elementvape.de\/?s={search_term_string}\"},\"query-input\":\"required name=search_term_string\"}],\"inLanguage\":\"ro-RO\"},{\"@type\":\"Organization\",\"@id\":\"https:\/\/www.elementvape.de\/#organization\",\"name\":\"ElementVape.DE\",\"url\":\"https:\/\/www.elementvape.de\/\",\"logo\":{\"@type\":\"ImageObject\",\"inLanguage\":\"ro-RO\",\"@id\":\"https:\/\/www.elementvape.de\/#\/schema\/logo\/image\/\",\"url\":\"https:\/\/www.elementvape.de\/wp-content\/uploads\/2024\/09\/cropped-1elementvape-3.png\",\"contentUrl\":\"https:\/\/www.elementvape.de\/wp-content\/uploads\/2024\/09\/cropped-1elementvape-3.png\",\"width\":285,\"height\":228,\"caption\":\"ElementVape.DE\"},\"image\":{\"@id\":\"https:\/\/www.elementvape.de\/#\/schema\/logo\/image\/\"}}]}<\/script>\n<!-- \/ Yoast SEO plugin. -->","yoast_head_json":{"title":"Double Apple ELF SHISHA 16000 16000 Puffs Der zollfreie Vape f\u00fcr den klassischen Apfelgeschmack | ElementVape.de","description":"Wir bieten Double Apple ELF SHISHA 16000 16000 Puffs Der zollfreie Vape f\u00fcr den klassischen Apfelgeschmack , Elementvape.de akzeptieren Gro\u00df-und Einzelhandel Bestellungen.","robots":{"index":"index","follow":"follow","max-snippet":"max-snippet:-1","max-image-preview":"max-image-preview:large","max-video-preview":"max-video-preview:-1"},"canonical":"https:\/\/www.elementvape.de\/ro\/produkt\/double-apple-elf-shisha-16000-16000-puffs-der-zollfreie-vape-fuer-den-klassischen-apfelgeschmack\/","og_locale":"ro_RO","og_type":"article","og_title":"Double Apple ELF SHISHA 16000 16000 Puffs Der zollfreie Vape f\u00fcr den klassischen Apfelgeschmack | ElementVape.de","og_description":"Wir bieten Double Apple ELF SHISHA 16000 16000 Puffs Der zollfreie Vape f\u00fcr den klassischen Apfelgeschmack , Elementvape.de akzeptieren Gro\u00df-und Einzelhandel Bestellungen.","og_url":"https:\/\/www.elementvape.de\/ro\/produkt\/double-apple-elf-shisha-16000-16000-puffs-der-zollfreie-vape-fuer-den-klassischen-apfelgeschmack\/","og_site_name":"ElementVape.de","article_modified_time":"2024-12-12T06:34:29+00:00","og_image":[{"width":1000,"height":1000,"url":"https:\/\/www.elementvape.de\/wp-content\/uploads\/2024\/08\/\u53cc\u82f9\u679c2220000.png","type":"image\/png"}],"twitter_card":"summary_large_image","twitter_misc":{"Est. reading time":"3 minute"},"schema":{"@context":"https:\/\/schema.org","@graph":[{"@type":"WebPage","@id":"https:\/\/www.elementvape.de\/produkt\/double-apple-elf-shisha-16000-16000-puffs-der-zollfreie-vape-fuer-den-klassischen-apfelgeschmack\/","url":"https:\/\/www.elementvape.de\/produkt\/double-apple-elf-shisha-16000-16000-puffs-der-zollfreie-vape-fuer-den-klassischen-apfelgeschmack\/","name":"Double Apple ELF SHISHA 16000 16000 Puffs Der zollfreie Vape f\u00fcr den klassischen Apfelgeschmack | ElementVape.de","isPartOf":{"@id":"https:\/\/www.elementvape.de\/#website"},"primaryImageOfPage":{"@id":"https:\/\/www.elementvape.de\/produkt\/double-apple-elf-shisha-16000-16000-puffs-der-zollfreie-vape-fuer-den-klassischen-apfelgeschmack\/#primaryimage"},"image":{"@id":"https:\/\/www.elementvape.de\/produkt\/double-apple-elf-shisha-16000-16000-puffs-der-zollfreie-vape-fuer-den-klassischen-apfelgeschmack\/#primaryimage"},"thumbnailUrl":"https:\/\/www.elementvape.de\/wp-content\/uploads\/2024\/08\/\u53cc\u82f9\u679c2220000.png","datePublished":"2024-08-20T06:02:23+00:00","dateModified":"2024-12-12T06:34:29+00:00","description":"Wir bieten Double Apple ELF SHISHA 16000 16000 Puffs Der zollfreie Vape f\u00fcr den klassischen Apfelgeschmack , Elementvape.de akzeptieren Gro\u00df-und Einzelhandel Bestellungen.","breadcrumb":{"@id":"https:\/\/www.elementvape.de\/produkt\/double-apple-elf-shisha-16000-16000-puffs-der-zollfreie-vape-fuer-den-klassischen-apfelgeschmack\/#breadcrumb"},"inLanguage":"ro-RO","potentialAction":[{"@type":"ReadAction","target":["https:\/\/www.elementvape.de\/produkt\/double-apple-elf-shisha-16000-16000-puffs-der-zollfreie-vape-fuer-den-klassischen-apfelgeschmack\/"]}]},{"@type":"ImageObject","inLanguage":"ro-RO","@id":"https:\/\/www.elementvape.de\/produkt\/double-apple-elf-shisha-16000-16000-puffs-der-zollfreie-vape-fuer-den-klassischen-apfelgeschmack\/#primaryimage","url":"https:\/\/www.elementvape.de\/wp-content\/uploads\/2024\/08\/\u53cc\u82f9\u679c2220000.png","contentUrl":"https:\/\/www.elementvape.de\/wp-content\/uploads\/2024\/08\/\u53cc\u82f9\u679c2220000.png","width":1000,"height":1000,"caption":"Double Apple"},{"@type":"BreadcrumbList","@id":"https:\/\/www.elementvape.de\/produkt\/double-apple-elf-shisha-16000-16000-puffs-der-zollfreie-vape-fuer-den-klassischen-apfelgeschmack\/#breadcrumb","itemListElement":[{"@type":"ListItem","position":1,"name":"Home","item":"https:\/\/www.elementvape.de\/"},{"@type":"ListItem","position":2,"name":"Shop","item":"https:\/\/www.elementvape.de\/shop\/"},{"@type":"ListItem","position":3,"name":"Double Apple ELF SHISHA 16000 16000 Puffs Der zollfreie Vape f\u00fcr den klassischen Apfelgeschmack"}]},{"@type":"WebSite","@id":"https:\/\/www.elementvape.de\/#website","url":"https:\/\/www.elementvape.de\/","name":"ElementVape.de","description":"","publisher":{"@id":"https:\/\/www.elementvape.de\/#organization"},"potentialAction":[{"@type":"SearchAction","target":{"@type":"EntryPoint","urlTemplate":"https:\/\/www.elementvape.de\/?s={search_term_string}"},"query-input":"required name=search_term_string"}],"inLanguage":"ro-RO"},{"@type":"Organization","@id":"https:\/\/www.elementvape.de\/#organization","name":"ElementVape.DE","url":"https:\/\/www.elementvape.de\/","logo":{"@type":"ImageObject","inLanguage":"ro-RO","@id":"https:\/\/www.elementvape.de\/#\/schema\/logo\/image\/","url":"https:\/\/www.elementvape.de\/wp-content\/uploads\/2024\/09\/cropped-1elementvape-3.png","contentUrl":"https:\/\/www.elementvape.de\/wp-content\/uploads\/2024\/09\/cropped-1elementvape-3.png","width":285,"height":228,"caption":"ElementVape.DE"},"image":{"@id":"https:\/\/www.elementvape.de\/#\/schema\/logo\/image\/"}}]}},"_links":{"self":[{"href":"https:\/\/www.elementvape.de\/ro\/wp-json\/wp\/v2\/product\/13876"}],"collection":[{"href":"https:\/\/www.elementvape.de\/ro\/wp-json\/wp\/v2\/product"}],"about":[{"href":"https:\/\/www.elementvape.de\/ro\/wp-json\/wp\/v2\/types\/product"}],"wp:featuredmedia":[{"embeddable":true,"href":"https:\/\/www.elementvape.de\/ro\/wp-json\/wp\/v2\/media\/13877"}],"wp:attachment":[{"href":"https:\/\/www.elementvape.de\/ro\/wp-json\/wp\/v2\/media?parent=13876"}],"wp:term":[{"taxonomy":"product_cat","embeddable":true,"href":"https:\/\/www.elementvape.de\/ro\/wp-json\/wp\/v2\/product_cat?post=13876"},{"taxonomy":"product_tag","embeddable":true,"href":"https:\/\/www.elementvape.de\/ro\/wp-json\/wp\/v2\/product_tag?post=13876"}],"curies":[{"name":"wp","href":"https:\/\/api.w.org\/{rel}","templated":true}]}}