{"id":13859,"date":"2024-08-19T06:57:51","date_gmt":"2024-08-19T06:57:51","guid":{"rendered":"https:\/\/www.elementvape.de\/?post_type=product&#038;p=13859"},"modified":"2024-12-12T06:34:37","modified_gmt":"2024-12-12T06:34:37","slug":"lush-ice-14000-puffs-e-zigarette-der-zollfreie-frischekick-fuer-dein-vaping-erlebnis","status":"publish","type":"product","link":"https:\/\/www.elementvape.de\/ro\/produkt\/lush-ice-14000-puffs-e-zigarette-der-zollfreie-frischekick-fuer-dein-vaping-erlebnis\/","title":{"rendered":"Lush Ice 14000 Puffs, \u021bigar\u0103 electronic\u0103, r\u0103corirea f\u0103r\u0103 taxe pentru experien\u021ba ta de vaping"},"content":{"rendered":"<div class=\"flex-shrink-0 flex flex-col relative items-end\">\n<div>\n<div class=\"pt-0\">\n<div class=\"gizmo-bot-avatar flex h-8 w-8 items-center justify-center overflow-hidden rounded-full\">\n<div class=\"relative p-1 rounded-sm flex items-center justify-center bg-token-main-surface-primary text-token-text-primary h-8 w-8\">Tr\u0103ie\u0219te senza\u021bia suprem\u0103 de prospe\u021bime cu ELF BOX RGB14000 \u00een gustul revigorant Lush Ice. Acest dispozitiv \u00ee\u021bi ofer\u0103 14.000 de pufuri de prospe\u021bime inegalabil\u0103 \u0219i este perfect pentru experien\u021ba ta de vaping.<\/div>\n<\/div>\n<\/div>\n<\/div>\n<\/div>\n<div class=\"group\/conversation-turn relative flex w-full min-w-0 flex-col agent-turn\">\n<div class=\"flex-col gap-1 md:gap-3\">\n<div class=\"flex max-w-full flex-col flex-grow\">\n<div class=\"min-h-[20px] text-message flex w-full flex-col items-end gap-2 whitespace-pre-wrap break-words [.text-message+&amp;]:mt-5 overflow-x-auto\" dir=\"auto\" data-message-author-role=\"assistant\" data-message-id=\"a4170d36-3144-4ca9-b054-4c9e486afb2d\">\n<div class=\"flex w-full flex-col gap-1 empty:hidden first:pt-[3px]\">\n<div class=\"markdown prose w-full break-words dark:prose-invert light\">\n<hr \/>\n<h3><strong>ELF BOX RGB14000 \u2013 Vape Lush Ice pentru savurarea prospe\u021bimii f\u0103r\u0103 taxe vamale<\/strong><\/h3>\n<p>Bucur\u0103-te de gustul Lush Ice f\u0103r\u0103 taxe vamale cu ELF BOX RGB14000. Cu 14.000 de pufuri \u0219i tehnologie de ultim\u0103 genera\u021bie, acest dispozitiv de vaping asigur\u0103 o experien\u021b\u0103 r\u0103coritoare de inhalare, garant\u00e2ndu-\u021bi senza\u021bia perfect\u0103 de prospe\u021bime.<\/p>\n<hr \/>\n<h4><strong>Deliciul Lush Ice \u2013 ELF BOX RGB14000 pentru prospe\u021bime inegalabil\u0103<\/strong><\/h4>\n<p>ELF BOX RGB14000 \u00ee\u021bi ofer\u0103, cu aroma sa Lush Ice, o doz\u0103 de prospe\u021bime f\u0103r\u0103 taxe vamale \u0219i 14.000 de pufuri de pl\u0103cere intens\u0103. Experimenteaz\u0103 prospe\u021bimea fructat\u0103 \u0219i designul elegant \u00eentr-un dispozitiv de vaping puternic.<\/p>\n<hr \/>\n<h3>Specifica\u021bii tehnice<\/h3>\n<table>\n<thead>\n<tr>\n<th><strong>Caracteristic\u0103<\/strong><\/th>\n<th><strong>Detalii<\/strong><\/th>\n<\/tr>\n<\/thead>\n<tbody>\n<tr>\n<td>Pufuri<\/td>\n<td>14.000 de pufuri<\/td>\n<\/tr>\n<tr>\n<td>Baterie<\/td>\n<td>Bobin\u0103 din plas\u0103, 1,0 Ohm<\/td>\n<\/tr>\n<tr>\n<td>E-Lichid<\/td>\n<td>25ml<\/td>\n<\/tr>\n<tr>\n<td>Niveluri N<\/td>\n<td>2%, 5%<\/td>\n<\/tr>\n<tr>\n<td>Baterie<\/td>\n<td>18250, 600mAh<\/td>\n<\/tr>\n<tr>\n<td>Re\u00eenc\u0103rcabil\u0103<\/td>\n<td>Type-C<\/td>\n<\/tr>\n<tr>\n<td>Reclam\u0103<\/td>\n<td>Display LED<\/td>\n<\/tr>\n<tr>\n<td>Iluminare<\/td>\n<td>Lumin\u0103 RGB + lan\u021b colorat<\/td>\n<\/tr>\n<tr>\n<td>Greutate<\/td>\n<td>105g<\/td>\n<\/tr>\n<tr>\n<td>Dimensiune<\/td>\n<td>35 x 36 x 133,5 mm<\/td>\n<\/tr>\n<\/tbody>\n<\/table>\n<\/div>\n<\/div>\n<\/div>\n<\/div>\n<\/div>\n<\/div>","protected":false},"excerpt":{"rendered":"<p>Erlebe den ultimativen Frischekick mit der ELF BOX RGB14000 im erfrischenden Lush Ice Geschmack. Dieses Ger\u00e4t liefert dir 14.000 Z\u00fcge unvergleichlicher Frische und ist perfekt f\u00fcr dein Vaping-Erlebnis. ELF BOX RGB14000 \u2013 Lush Ice Vape f\u00fcr zollfreien Frischegenuss Genie\u00dfe den zollfreien Lush Ice Geschmack mit der ELF BOX RGB14000. Mit 14.000 Z\u00fcgen und modernster Technologie [&hellip;]<\/p>","protected":false},"featured_media":13860,"template":"","meta":{"inline_featured_image":false},"product_cat":[15,78,747,740,734,753,718,732],"product_tag":[710,674],"tiered_pricing_type":"fixed","tiered_pricing_fixed_rules":{"110":"7.95","200":"7.06","500":"6.18"},"tiered_pricing_percentage_rules":[],"tiered_pricing_minimum":1,"_administrator_tiered_pricing_type":"fixed","_administrator_tiered_pricing_fixed_rules":[],"_editor_tiered_pricing_type":"fixed","_editor_tiered_pricing_fixed_rules":[],"_author_tiered_pricing_type":"fixed","_author_tiered_pricing_fixed_rules":[],"_contributor_tiered_pricing_type":"fixed","_contributor_tiered_pricing_fixed_rules":[],"_subscriber_tiered_pricing_type":"fixed","_subscriber_tiered_pricing_fixed_rules":[],"_customer_tiered_pricing_type":"fixed","_customer_tiered_pricing_fixed_rules":[],"_shop_manager_tiered_pricing_type":"fixed","_shop_manager_tiered_pricing_fixed_rules":[],"_wpseo_manager_tiered_pricing_type":"fixed","_wpseo_manager_tiered_pricing_fixed_rules":[],"_wpseo_editor_tiered_pricing_type":"fixed","_wpseo_editor_tiered_pricing_fixed_rules":[],"_wholesale_customer_tiered_pricing_type":"fixed","_wholesale_customer_tiered_pricing_fixed_rules":[],"_marketer_tiered_pricing_type":"fixed","_marketer_tiered_pricing_fixed_rules":[],"_sales_manager_tiered_pricing_type":"fixed","_sales_manager_tiered_pricing_fixed_rules":[],"_sales_rep_tiered_pricing_type":"fixed","_sales_rep_tiered_pricing_fixed_rules":[],"yoast_head":"<!-- This site is optimized with the Yoast SEO plugin v23.3 - https:\/\/yoast.com\/wordpress\/plugins\/seo\/ -->\n<title>Lush Ice 14000 Puffs E-Zigarette der zollfreie Frischekick f\u00fcr dein Vaping-Erlebnis | ElementVape.de<\/title>\n<meta name=\"description\" content=\"Wir bieten Lush Ice 14000 Puffs E-Zigarette der zollfreie Frischekick f\u00fcr dein Vaping-Erlebnis , Elementvape.de akzeptieren Gro\u00df-und Einzelhandel Bestellungen.\" \/>\n<meta name=\"robots\" content=\"index, follow, max-snippet:-1, max-image-preview:large, max-video-preview:-1\" \/>\n<link rel=\"canonical\" href=\"https:\/\/www.elementvape.de\/ro\/produkt\/lush-ice-14000-puffs-e-zigarette-der-zollfreie-frischekick-fuer-dein-vaping-erlebnis\/\" \/>\n<meta property=\"og:locale\" content=\"ro_RO\" \/>\n<meta property=\"og:type\" content=\"article\" \/>\n<meta property=\"og:title\" content=\"Lush Ice 14000 Puffs E-Zigarette der zollfreie Frischekick f\u00fcr dein Vaping-Erlebnis | ElementVape.de\" \/>\n<meta property=\"og:description\" content=\"Wir bieten Lush Ice 14000 Puffs E-Zigarette der zollfreie Frischekick f\u00fcr dein Vaping-Erlebnis , Elementvape.de akzeptieren Gro\u00df-und Einzelhandel Bestellungen.\" \/>\n<meta property=\"og:url\" content=\"https:\/\/www.elementvape.de\/ro\/produkt\/lush-ice-14000-puffs-e-zigarette-der-zollfreie-frischekick-fuer-dein-vaping-erlebnis\/\" \/>\n<meta property=\"og:site_name\" content=\"ElementVape.de\" \/>\n<meta property=\"article:modified_time\" content=\"2024-12-12T06:34:37+00:00\" \/>\n<meta property=\"og:image\" content=\"https:\/\/www.elementvape.de\/wp-content\/uploads\/2024\/08\/\u897f\u74dc\u51b00000.png\" \/>\n\t<meta property=\"og:image:width\" content=\"1000\" \/>\n\t<meta property=\"og:image:height\" content=\"1000\" \/>\n\t<meta property=\"og:image:type\" content=\"image\/png\" \/>\n<meta name=\"twitter:card\" content=\"summary_large_image\" \/>\n<meta name=\"twitter:label1\" content=\"Est. reading time\" \/>\n\t<meta name=\"twitter:data1\" content=\"1 minut\" \/>\n<script type=\"application\/ld+json\" class=\"yoast-schema-graph\">{\"@context\":\"https:\/\/schema.org\",\"@graph\":[{\"@type\":\"WebPage\",\"@id\":\"https:\/\/www.elementvape.de\/fi\/produkt\/lush-ice-14000-puffs-e-zigarette-der-zollfreie-frischekick-fuer-dein-vaping-erlebnis\/\",\"url\":\"https:\/\/www.elementvape.de\/fi\/produkt\/lush-ice-14000-puffs-e-zigarette-der-zollfreie-frischekick-fuer-dein-vaping-erlebnis\/\",\"name\":\"Lush Ice 14000 Puffs E-Zigarette der zollfreie Frischekick f\u00fcr dein Vaping-Erlebnis | ElementVape.de\",\"isPartOf\":{\"@id\":\"https:\/\/www.elementvape.de\/#website\"},\"primaryImageOfPage\":{\"@id\":\"https:\/\/www.elementvape.de\/fi\/produkt\/lush-ice-14000-puffs-e-zigarette-der-zollfreie-frischekick-fuer-dein-vaping-erlebnis\/#primaryimage\"},\"image\":{\"@id\":\"https:\/\/www.elementvape.de\/fi\/produkt\/lush-ice-14000-puffs-e-zigarette-der-zollfreie-frischekick-fuer-dein-vaping-erlebnis\/#primaryimage\"},\"thumbnailUrl\":\"https:\/\/www.elementvape.de\/wp-content\/uploads\/2024\/08\/\u897f\u74dc\u51b00000.png\",\"datePublished\":\"2024-08-19T06:57:51+00:00\",\"dateModified\":\"2024-12-12T06:34:37+00:00\",\"description\":\"Wir bieten Lush Ice 14000 Puffs E-Zigarette der zollfreie Frischekick f\u00fcr dein Vaping-Erlebnis , Elementvape.de akzeptieren Gro\u00df-und Einzelhandel Bestellungen.\",\"breadcrumb\":{\"@id\":\"https:\/\/www.elementvape.de\/fi\/produkt\/lush-ice-14000-puffs-e-zigarette-der-zollfreie-frischekick-fuer-dein-vaping-erlebnis\/#breadcrumb\"},\"inLanguage\":\"ro-RO\",\"potentialAction\":[{\"@type\":\"ReadAction\",\"target\":[\"https:\/\/www.elementvape.de\/fi\/produkt\/lush-ice-14000-puffs-e-zigarette-der-zollfreie-frischekick-fuer-dein-vaping-erlebnis\/\"]}]},{\"@type\":\"ImageObject\",\"inLanguage\":\"ro-RO\",\"@id\":\"https:\/\/www.elementvape.de\/fi\/produkt\/lush-ice-14000-puffs-e-zigarette-der-zollfreie-frischekick-fuer-dein-vaping-erlebnis\/#primaryimage\",\"url\":\"https:\/\/www.elementvape.de\/wp-content\/uploads\/2024\/08\/\u897f\u74dc\u51b00000.png\",\"contentUrl\":\"https:\/\/www.elementvape.de\/wp-content\/uploads\/2024\/08\/\u897f\u74dc\u51b00000.png\",\"width\":1000,\"height\":1000,\"caption\":\"Lush Ice\"},{\"@type\":\"BreadcrumbList\",\"@id\":\"https:\/\/www.elementvape.de\/fi\/produkt\/lush-ice-14000-puffs-e-zigarette-der-zollfreie-frischekick-fuer-dein-vaping-erlebnis\/#breadcrumb\",\"itemListElement\":[{\"@type\":\"ListItem\",\"position\":1,\"name\":\"Home\",\"item\":\"https:\/\/www.elementvape.de\/\"},{\"@type\":\"ListItem\",\"position\":2,\"name\":\"Shop\",\"item\":\"https:\/\/www.elementvape.de\/shop\/\"},{\"@type\":\"ListItem\",\"position\":3,\"name\":\"Lush Ice 14000 Puffs E-Zigarette der zollfreie Frischekick f\u00fcr dein Vaping-Erlebnis\"}]},{\"@type\":\"WebSite\",\"@id\":\"https:\/\/www.elementvape.de\/#website\",\"url\":\"https:\/\/www.elementvape.de\/\",\"name\":\"ElementVape.de\",\"description\":\"\",\"publisher\":{\"@id\":\"https:\/\/www.elementvape.de\/#organization\"},\"potentialAction\":[{\"@type\":\"SearchAction\",\"target\":{\"@type\":\"EntryPoint\",\"urlTemplate\":\"https:\/\/www.elementvape.de\/?s={search_term_string}\"},\"query-input\":\"required name=search_term_string\"}],\"inLanguage\":\"ro-RO\"},{\"@type\":\"Organization\",\"@id\":\"https:\/\/www.elementvape.de\/#organization\",\"name\":\"ElementVape.DE\",\"url\":\"https:\/\/www.elementvape.de\/\",\"logo\":{\"@type\":\"ImageObject\",\"inLanguage\":\"ro-RO\",\"@id\":\"https:\/\/www.elementvape.de\/#\/schema\/logo\/image\/\",\"url\":\"https:\/\/www.elementvape.de\/wp-content\/uploads\/2024\/09\/cropped-1elementvape-3.png\",\"contentUrl\":\"https:\/\/www.elementvape.de\/wp-content\/uploads\/2024\/09\/cropped-1elementvape-3.png\",\"width\":285,\"height\":228,\"caption\":\"ElementVape.DE\"},\"image\":{\"@id\":\"https:\/\/www.elementvape.de\/#\/schema\/logo\/image\/\"}}]}<\/script>\n<!-- \/ Yoast SEO plugin. -->","yoast_head_json":{"title":"Lush Ice 14000 Puffs E-Zigarette der zollfreie Frischekick f\u00fcr dein Vaping-Erlebnis | ElementVape.de","description":"Wir bieten Lush Ice 14000 Puffs E-Zigarette der zollfreie Frischekick f\u00fcr dein Vaping-Erlebnis , Elementvape.de akzeptieren Gro\u00df-und Einzelhandel Bestellungen.","robots":{"index":"index","follow":"follow","max-snippet":"max-snippet:-1","max-image-preview":"max-image-preview:large","max-video-preview":"max-video-preview:-1"},"canonical":"https:\/\/www.elementvape.de\/ro\/produkt\/lush-ice-14000-puffs-e-zigarette-der-zollfreie-frischekick-fuer-dein-vaping-erlebnis\/","og_locale":"ro_RO","og_type":"article","og_title":"Lush Ice 14000 Puffs E-Zigarette der zollfreie Frischekick f\u00fcr dein Vaping-Erlebnis | ElementVape.de","og_description":"Wir bieten Lush Ice 14000 Puffs E-Zigarette der zollfreie Frischekick f\u00fcr dein Vaping-Erlebnis , Elementvape.de akzeptieren Gro\u00df-und Einzelhandel Bestellungen.","og_url":"https:\/\/www.elementvape.de\/ro\/produkt\/lush-ice-14000-puffs-e-zigarette-der-zollfreie-frischekick-fuer-dein-vaping-erlebnis\/","og_site_name":"ElementVape.de","article_modified_time":"2024-12-12T06:34:37+00:00","og_image":[{"width":1000,"height":1000,"url":"https:\/\/www.elementvape.de\/wp-content\/uploads\/2024\/08\/\u897f\u74dc\u51b00000.png","type":"image\/png"}],"twitter_card":"summary_large_image","twitter_misc":{"Est. reading time":"1 minut"},"schema":{"@context":"https:\/\/schema.org","@graph":[{"@type":"WebPage","@id":"https:\/\/www.elementvape.de\/fi\/produkt\/lush-ice-14000-puffs-e-zigarette-der-zollfreie-frischekick-fuer-dein-vaping-erlebnis\/","url":"https:\/\/www.elementvape.de\/fi\/produkt\/lush-ice-14000-puffs-e-zigarette-der-zollfreie-frischekick-fuer-dein-vaping-erlebnis\/","name":"Lush Ice 14000 Puffs E-Zigarette der zollfreie Frischekick f\u00fcr dein Vaping-Erlebnis | ElementVape.de","isPartOf":{"@id":"https:\/\/www.elementvape.de\/#website"},"primaryImageOfPage":{"@id":"https:\/\/www.elementvape.de\/fi\/produkt\/lush-ice-14000-puffs-e-zigarette-der-zollfreie-frischekick-fuer-dein-vaping-erlebnis\/#primaryimage"},"image":{"@id":"https:\/\/www.elementvape.de\/fi\/produkt\/lush-ice-14000-puffs-e-zigarette-der-zollfreie-frischekick-fuer-dein-vaping-erlebnis\/#primaryimage"},"thumbnailUrl":"https:\/\/www.elementvape.de\/wp-content\/uploads\/2024\/08\/\u897f\u74dc\u51b00000.png","datePublished":"2024-08-19T06:57:51+00:00","dateModified":"2024-12-12T06:34:37+00:00","description":"Wir bieten Lush Ice 14000 Puffs E-Zigarette der zollfreie Frischekick f\u00fcr dein Vaping-Erlebnis , Elementvape.de akzeptieren Gro\u00df-und Einzelhandel Bestellungen.","breadcrumb":{"@id":"https:\/\/www.elementvape.de\/fi\/produkt\/lush-ice-14000-puffs-e-zigarette-der-zollfreie-frischekick-fuer-dein-vaping-erlebnis\/#breadcrumb"},"inLanguage":"ro-RO","potentialAction":[{"@type":"ReadAction","target":["https:\/\/www.elementvape.de\/fi\/produkt\/lush-ice-14000-puffs-e-zigarette-der-zollfreie-frischekick-fuer-dein-vaping-erlebnis\/"]}]},{"@type":"ImageObject","inLanguage":"ro-RO","@id":"https:\/\/www.elementvape.de\/fi\/produkt\/lush-ice-14000-puffs-e-zigarette-der-zollfreie-frischekick-fuer-dein-vaping-erlebnis\/#primaryimage","url":"https:\/\/www.elementvape.de\/wp-content\/uploads\/2024\/08\/\u897f\u74dc\u51b00000.png","contentUrl":"https:\/\/www.elementvape.de\/wp-content\/uploads\/2024\/08\/\u897f\u74dc\u51b00000.png","width":1000,"height":1000,"caption":"Lush Ice"},{"@type":"BreadcrumbList","@id":"https:\/\/www.elementvape.de\/fi\/produkt\/lush-ice-14000-puffs-e-zigarette-der-zollfreie-frischekick-fuer-dein-vaping-erlebnis\/#breadcrumb","itemListElement":[{"@type":"ListItem","position":1,"name":"Home","item":"https:\/\/www.elementvape.de\/"},{"@type":"ListItem","position":2,"name":"Shop","item":"https:\/\/www.elementvape.de\/shop\/"},{"@type":"ListItem","position":3,"name":"Lush Ice 14000 Puffs E-Zigarette der zollfreie Frischekick f\u00fcr dein Vaping-Erlebnis"}]},{"@type":"WebSite","@id":"https:\/\/www.elementvape.de\/#website","url":"https:\/\/www.elementvape.de\/","name":"ElementVape.de","description":"","publisher":{"@id":"https:\/\/www.elementvape.de\/#organization"},"potentialAction":[{"@type":"SearchAction","target":{"@type":"EntryPoint","urlTemplate":"https:\/\/www.elementvape.de\/?s={search_term_string}"},"query-input":"required name=search_term_string"}],"inLanguage":"ro-RO"},{"@type":"Organization","@id":"https:\/\/www.elementvape.de\/#organization","name":"ElementVape.DE","url":"https:\/\/www.elementvape.de\/","logo":{"@type":"ImageObject","inLanguage":"ro-RO","@id":"https:\/\/www.elementvape.de\/#\/schema\/logo\/image\/","url":"https:\/\/www.elementvape.de\/wp-content\/uploads\/2024\/09\/cropped-1elementvape-3.png","contentUrl":"https:\/\/www.elementvape.de\/wp-content\/uploads\/2024\/09\/cropped-1elementvape-3.png","width":285,"height":228,"caption":"ElementVape.DE"},"image":{"@id":"https:\/\/www.elementvape.de\/#\/schema\/logo\/image\/"}}]}},"_links":{"self":[{"href":"https:\/\/www.elementvape.de\/ro\/wp-json\/wp\/v2\/product\/13859"}],"collection":[{"href":"https:\/\/www.elementvape.de\/ro\/wp-json\/wp\/v2\/product"}],"about":[{"href":"https:\/\/www.elementvape.de\/ro\/wp-json\/wp\/v2\/types\/product"}],"wp:featuredmedia":[{"embeddable":true,"href":"https:\/\/www.elementvape.de\/ro\/wp-json\/wp\/v2\/media\/13860"}],"wp:attachment":[{"href":"https:\/\/www.elementvape.de\/ro\/wp-json\/wp\/v2\/media?parent=13859"}],"wp:term":[{"taxonomy":"product_cat","embeddable":true,"href":"https:\/\/www.elementvape.de\/ro\/wp-json\/wp\/v2\/product_cat?post=13859"},{"taxonomy":"product_tag","embeddable":true,"href":"https:\/\/www.elementvape.de\/ro\/wp-json\/wp\/v2\/product_tag?post=13859"}],"curies":[{"name":"wp","href":"https:\/\/api.w.org\/{rel}","templated":true}]}}