{"id":13823,"date":"2024-08-17T07:14:27","date_gmt":"2024-08-17T07:14:27","guid":{"rendered":"https:\/\/www.elementvape.de\/?post_type=product&#038;p=13823"},"modified":"2024-12-12T06:34:50","modified_gmt":"2024-12-12T06:34:50","slug":"blue-razz-ice-der-ultimative-kick-aus-blaubeere-und-himbeere-mit-eisiger-frische-elf-box-rgb14000-15000-puffs","status":"publish","type":"product","link":"https:\/\/www.elementvape.de\/ro\/produkt\/blue-razz-ice-der-ultimative-kick-aus-blaubeere-und-himbeere-mit-eisiger-frische-elf-box-rgb14000-15000-puffs\/","title":{"rendered":"Blue Razz Ice Ultima doz\u0103 de energie din afine \u0219i zmeur\u0103 cu r\u0103corire glaciar\u0103 ELF BOX RGB14000 15000 PUFFS"},"content":{"rendered":"<div class=\"flex-shrink-0 flex flex-col relative items-end\">\n<div>\n<div class=\"pt-0\">\n<div class=\"gizmo-bot-avatar flex h-8 w-8 items-center justify-center overflow-hidden rounded-full\">\n<div class=\"relative p-1 rounded-sm flex items-center justify-center bg-token-main-surface-primary text-token-text-primary h-8 w-8\"><\/div>\n<\/div>\n<\/div>\n<\/div>\n<\/div>\n<div class=\"group\/conversation-turn relative flex w-full min-w-0 flex-col agent-turn\">\n<div class=\"flex-col gap-1 md:gap-3\">\n<div class=\"flex max-w-full flex-col flex-grow\">\n<div class=\"min-h-[20px] text-message flex w-full flex-col items-end gap-2 whitespace-pre-wrap break-words [.text-message+&amp;]:mt-5 overflow-x-auto\" dir=\"auto\" data-message-author-role=\"assistant\" data-message-id=\"8654471f-634f-482b-b738-73c50a5afabb\">\n<div class=\"flex w-full flex-col gap-1 empty:hidden first:pt-[3px]\">\n<div class=\"markdown prose w-full break-words dark:prose-invert light\">\n<h3><strong>ELF BOX RGB14000 \u2013 Specifica\u021bii tehnice \u00een privin\u021ba general\u0103<\/strong><\/h3>\n<p>ELF BOX RGB14000 este un dispozitiv modern de vaping, special conceput pentru o experien\u021b\u0103 de inhalare durabil\u0103 \u0219i intens\u0103. Cu un num\u0103r maxim de 14.000 de pufuri \u0219i un coil inovator din plas\u0103 cu rezisten\u021ba de 1,0 Ohm, acest dispozitiv ofer\u0103 o exprimare excelent\u0103 a gustului \u0219i o produc\u021bie dens\u0103 de vapori. Capacitatea generoas\u0103 de 25 ml pentru lichid electronic v\u0103 permite o utilizare \u00eendelungat\u0103, \u00een timp ce pute\u021bi alege \u00eentre diferite niveluri de nicotin\u0103 de 2% \u0219i 5% pentru a personaliza experien\u021ba de vaping conform preferin\u021belor dumneavoastr\u0103.<\/p>\n<p>Datorit\u0103 bateriei puternice de 18.250-600mAh, care poate fi re\u00eenc\u0103rcat\u0103 rapid printr-un port modern Type-C, ELF BOX RGB14000 este \u00eentotdeauna preg\u0103tit atunci c\u00e2nd sunte\u021bi dumneavoastr\u0103. \u00cen plus, dispozitivul este echipat cu o lumin\u0103 RGB stilizat\u0103, care adaug\u0103 accente vizuale, \u0219i vine cu un lanyard colorat, at\u00e2t practic, c\u00e2t \u0219i la mod\u0103. \u00cen ciuda performan\u021bei sale puternice, ELF BOX r\u0103m\u00e2ne u\u0219or de manevrat \u0219i portabil, av\u00e2nd o greutate de doar 100 g \u0219i dimensiuni compacte de 35 x 36 x 133,5 mm, astfel \u00eenc\u00e2t \u00eel pute\u021bi lua cu u\u0219urin\u021b\u0103 oriunde.<\/p>\n<h3><strong>Experien\u021ba de gust \u2013 Blue Razz Ice<\/strong><\/h3>\n<p>ELF BOX RGB14000 \u00een aroma Blue Razz Ice ofer\u0103 o pl\u0103cere de inhalare inegalabil\u0103. Amestecul special combin\u0103 notele dulci \u0219i u\u0219or acri\u0219oare de afine \u0219i zmeur\u0103, completate de o r\u0103coare revigorant\u0103 \u0219i \u00eenghe\u021bat\u0103. Fiecare inhalare aduce o combina\u021bie armonioas\u0103 de fructe \u0219i prospe\u021bime, ideal\u0103 pentru vapori care prefer\u0103 arome fructate \u0219i energizante \u00een acela\u0219i timp.<\/p>\n<p>Cu o capacitate mare \u0219i tehnologie avansat\u0103, ELF BOX RGB14000 asigur\u0103 c\u0103 pute\u021bi savura aceast\u0103 arom\u0103 intens\u0103 pentru o perioad\u0103 lung\u0103 de timp. Dispozitivul nu ofer\u0103 doar performan\u021b\u0103 remarcabil\u0103 \u00een produc\u021bia de vapori, ci stabile\u0219te \u0219i noi standarde \u00een ceea ce prive\u0219te designul \u0219i u\u0219urin\u021ba \u00een utilizare. L\u0103sa\u021bi-v\u0103 impresionat de echilibrul perfect \u00eentre dulcea\u021ba fructat\u0103 \u0219i r\u0103coarea revigorant\u0103, resim\u021bit la fiecare inhalare.<\/p>\n<hr \/>\n<h3><strong>ELF BOX RGB14000 \u2013 Specifica\u021bii tehnice<\/strong><\/h3>\n<table>\n<thead>\n<tr>\n<th><strong>Caracteristic\u0103<\/strong><\/th>\n<th><strong>Detalii<\/strong><\/th>\n<\/tr>\n<\/thead>\n<tbody>\n<tr>\n<td>Num\u0103r maxim de pufuri<\/td>\n<td>P\u00e2n\u0103 la 14.000 de puf\u0103ri<\/td>\n<\/tr>\n<tr>\n<td>Tip de rezisten\u021b\u0103<\/td>\n<td>Coil din plas\u0103 cu rezisten\u021ba de 1,0 Ohm<\/td>\n<\/tr>\n<tr>\n<td>Capacitate e-lichid<\/td>\n<td>25 ml<\/td>\n<\/tr>\n<tr>\n<td>N<\/td>\n<td>2%, 5%<\/td>\n<\/tr>\n<tr>\n<td>Baterie<\/td>\n<td>18.250-600mAh (re\u00eenc\u0103rcabil)<\/td>\n<\/tr>\n<tr>\n<td>\u00cenc\u0103rcare<\/td>\n<td>Portul modern<\/td>\n<\/tr>\n<tr>\n<td>Func\u021bii speciale<\/td>\n<td>Lumin\u0103 RGB, lanyard colorat<\/td>\n<\/tr>\n<tr>\n<td>Greutatea produsului<\/td>\n<td>100 g<\/td>\n<\/tr>\n<tr>\n<td>Dimensiunea produsului<\/td>\n<td>35 x 36 x 133,5 mm<\/td>\n<\/tr>\n<\/tbody>\n<\/table>\n<\/div>\n<\/div>\n<\/div>\n<\/div>\n<\/div>\n<\/div>","protected":false},"excerpt":{"rendered":"<p>ELF BOX RGB14000 &#8211; Technische Daten im \u00dcberblick Die ELF BOX RGB14000 ist ein modernes Vape-Ger\u00e4t, das speziell f\u00fcr ein langanhaltendes und intensives Dampferlebnis entwickelt wurde. Mit einer maximalen Puffanzahl von 14.000 Z\u00fcgen und einem innovativen Mesh-Coil mit 1,0 Ohm Widerstand bietet dieses Ger\u00e4t eine hervorragende Geschmacksentfaltung und eine dichte Dampfproduktion. Die gro\u00dfz\u00fcgige E-Liquid-Kapazit\u00e4t von [&hellip;]<\/p>","protected":false},"featured_media":13792,"template":"","meta":{"inline_featured_image":false},"product_cat":[15,78,747,740,734,753,718,732],"product_tag":[710,674],"tiered_pricing_type":"fixed","tiered_pricing_fixed_rules":{"110":"7.54","200":"6.68","500":"5.85"},"tiered_pricing_percentage_rules":[],"tiered_pricing_minimum":1,"_administrator_tiered_pricing_type":"fixed","_administrator_tiered_pricing_fixed_rules":[],"_editor_tiered_pricing_type":"fixed","_editor_tiered_pricing_fixed_rules":[],"_author_tiered_pricing_type":"fixed","_author_tiered_pricing_fixed_rules":[],"_contributor_tiered_pricing_type":"fixed","_contributor_tiered_pricing_fixed_rules":[],"_subscriber_tiered_pricing_type":"fixed","_subscriber_tiered_pricing_fixed_rules":[],"_customer_tiered_pricing_type":"fixed","_customer_tiered_pricing_fixed_rules":[],"_shop_manager_tiered_pricing_type":"fixed","_shop_manager_tiered_pricing_fixed_rules":[],"_wpseo_manager_tiered_pricing_type":"fixed","_wpseo_manager_tiered_pricing_fixed_rules":[],"_wpseo_editor_tiered_pricing_type":"fixed","_wpseo_editor_tiered_pricing_fixed_rules":[],"_wholesale_customer_tiered_pricing_type":"fixed","_wholesale_customer_tiered_pricing_fixed_rules":[],"_marketer_tiered_pricing_type":"fixed","_marketer_tiered_pricing_fixed_rules":[],"_sales_manager_tiered_pricing_type":"fixed","_sales_manager_tiered_pricing_fixed_rules":[],"_sales_rep_tiered_pricing_type":"fixed","_sales_rep_tiered_pricing_fixed_rules":[],"yoast_head":"<!-- This site is optimized with the Yoast SEO plugin v23.3 - https:\/\/yoast.com\/wordpress\/plugins\/seo\/ -->\n<title>Blue Razz Ice Der ultimative Kick aus Blaubeere und Himbeere mit eisiger Frische ELF BOX RGB14000 15000 PUFFS | ElementVape.de<\/title>\n<meta name=\"description\" content=\"Wir bieten Blue Razz Ice Der ultimative Kick aus Blaubeere und Himbeere mit eisiger Frische ELF BOX RGB14000 15000 PUFFS , Elementvape.de akzeptieren Gro\u00df-und Einzelhandel Bestellungen.\" \/>\n<meta name=\"robots\" content=\"index, follow, max-snippet:-1, max-image-preview:large, max-video-preview:-1\" \/>\n<link rel=\"canonical\" href=\"https:\/\/www.elementvape.de\/ro\/produkt\/blue-razz-ice-der-ultimative-kick-aus-blaubeere-und-himbeere-mit-eisiger-frische-elf-box-rgb14000-15000-puffs\/\" \/>\n<meta property=\"og:locale\" content=\"ro_RO\" \/>\n<meta property=\"og:type\" content=\"article\" \/>\n<meta property=\"og:title\" content=\"Blue Razz Ice Der ultimative Kick aus Blaubeere und Himbeere mit eisiger Frische ELF BOX RGB14000 15000 PUFFS | ElementVape.de\" \/>\n<meta property=\"og:description\" content=\"Wir bieten Blue Razz Ice Der ultimative Kick aus Blaubeere und Himbeere mit eisiger Frische ELF BOX RGB14000 15000 PUFFS , Elementvape.de akzeptieren Gro\u00df-und Einzelhandel Bestellungen.\" \/>\n<meta property=\"og:url\" content=\"https:\/\/www.elementvape.de\/ro\/produkt\/blue-razz-ice-der-ultimative-kick-aus-blaubeere-und-himbeere-mit-eisiger-frische-elf-box-rgb14000-15000-puffs\/\" \/>\n<meta property=\"og:site_name\" content=\"ElementVape.de\" \/>\n<meta property=\"article:modified_time\" content=\"2024-12-12T06:34:50+00:00\" \/>\n<meta property=\"og:image\" content=\"https:\/\/www.elementvape.de\/wp-content\/uploads\/2024\/08\/Blue-Raz-Ice_.png\" \/>\n\t<meta property=\"og:image:width\" content=\"1000\" \/>\n\t<meta property=\"og:image:height\" content=\"1000\" \/>\n\t<meta property=\"og:image:type\" content=\"image\/png\" \/>\n<meta name=\"twitter:card\" content=\"summary_large_image\" \/>\n<meta name=\"twitter:label1\" content=\"Est. reading time\" \/>\n\t<meta name=\"twitter:data1\" content=\"3 minute\" \/>\n<script type=\"application\/ld+json\" class=\"yoast-schema-graph\">{\"@context\":\"https:\/\/schema.org\",\"@graph\":[{\"@type\":\"WebPage\",\"@id\":\"https:\/\/www.elementvape.de\/produkt\/blue-razz-ice-der-ultimative-kick-aus-blaubeere-und-himbeere-mit-eisiger-frische-elf-box-rgb14000-15000-puffs\/\",\"url\":\"https:\/\/www.elementvape.de\/produkt\/blue-razz-ice-der-ultimative-kick-aus-blaubeere-und-himbeere-mit-eisiger-frische-elf-box-rgb14000-15000-puffs\/\",\"name\":\"Blue Razz Ice Der ultimative Kick aus Blaubeere und Himbeere mit eisiger Frische ELF BOX RGB14000 15000 PUFFS | ElementVape.de\",\"isPartOf\":{\"@id\":\"https:\/\/www.elementvape.de\/#website\"},\"primaryImageOfPage\":{\"@id\":\"https:\/\/www.elementvape.de\/produkt\/blue-razz-ice-der-ultimative-kick-aus-blaubeere-und-himbeere-mit-eisiger-frische-elf-box-rgb14000-15000-puffs\/#primaryimage\"},\"image\":{\"@id\":\"https:\/\/www.elementvape.de\/produkt\/blue-razz-ice-der-ultimative-kick-aus-blaubeere-und-himbeere-mit-eisiger-frische-elf-box-rgb14000-15000-puffs\/#primaryimage\"},\"thumbnailUrl\":\"https:\/\/www.elementvape.de\/wp-content\/uploads\/2024\/08\/Blue-Raz-Ice_.png\",\"datePublished\":\"2024-08-17T07:14:27+00:00\",\"dateModified\":\"2024-12-12T06:34:50+00:00\",\"description\":\"Wir bieten Blue Razz Ice Der ultimative Kick aus Blaubeere und Himbeere mit eisiger Frische ELF BOX RGB14000 15000 PUFFS , Elementvape.de akzeptieren Gro\u00df-und Einzelhandel Bestellungen.\",\"breadcrumb\":{\"@id\":\"https:\/\/www.elementvape.de\/produkt\/blue-razz-ice-der-ultimative-kick-aus-blaubeere-und-himbeere-mit-eisiger-frische-elf-box-rgb14000-15000-puffs\/#breadcrumb\"},\"inLanguage\":\"ro-RO\",\"potentialAction\":[{\"@type\":\"ReadAction\",\"target\":[\"https:\/\/www.elementvape.de\/produkt\/blue-razz-ice-der-ultimative-kick-aus-blaubeere-und-himbeere-mit-eisiger-frische-elf-box-rgb14000-15000-puffs\/\"]}]},{\"@type\":\"ImageObject\",\"inLanguage\":\"ro-RO\",\"@id\":\"https:\/\/www.elementvape.de\/produkt\/blue-razz-ice-der-ultimative-kick-aus-blaubeere-und-himbeere-mit-eisiger-frische-elf-box-rgb14000-15000-puffs\/#primaryimage\",\"url\":\"https:\/\/www.elementvape.de\/wp-content\/uploads\/2024\/08\/Blue-Raz-Ice_.png\",\"contentUrl\":\"https:\/\/www.elementvape.de\/wp-content\/uploads\/2024\/08\/Blue-Raz-Ice_.png\",\"width\":1000,\"height\":1000,\"caption\":\"Blue Raz Ice\"},{\"@type\":\"BreadcrumbList\",\"@id\":\"https:\/\/www.elementvape.de\/produkt\/blue-razz-ice-der-ultimative-kick-aus-blaubeere-und-himbeere-mit-eisiger-frische-elf-box-rgb14000-15000-puffs\/#breadcrumb\",\"itemListElement\":[{\"@type\":\"ListItem\",\"position\":1,\"name\":\"Home\",\"item\":\"https:\/\/www.elementvape.de\/\"},{\"@type\":\"ListItem\",\"position\":2,\"name\":\"Shop\",\"item\":\"https:\/\/www.elementvape.de\/shop\/\"},{\"@type\":\"ListItem\",\"position\":3,\"name\":\"Blue Razz Ice Der ultimative Kick aus Blaubeere und Himbeere mit eisiger Frische ELF BOX RGB14000 15000 PUFFS\"}]},{\"@type\":\"WebSite\",\"@id\":\"https:\/\/www.elementvape.de\/#website\",\"url\":\"https:\/\/www.elementvape.de\/\",\"name\":\"ElementVape.de\",\"description\":\"\",\"publisher\":{\"@id\":\"https:\/\/www.elementvape.de\/#organization\"},\"potentialAction\":[{\"@type\":\"SearchAction\",\"target\":{\"@type\":\"EntryPoint\",\"urlTemplate\":\"https:\/\/www.elementvape.de\/?s={search_term_string}\"},\"query-input\":\"required name=search_term_string\"}],\"inLanguage\":\"ro-RO\"},{\"@type\":\"Organization\",\"@id\":\"https:\/\/www.elementvape.de\/#organization\",\"name\":\"ElementVape.DE\",\"url\":\"https:\/\/www.elementvape.de\/\",\"logo\":{\"@type\":\"ImageObject\",\"inLanguage\":\"ro-RO\",\"@id\":\"https:\/\/www.elementvape.de\/#\/schema\/logo\/image\/\",\"url\":\"https:\/\/www.elementvape.de\/wp-content\/uploads\/2024\/09\/cropped-1elementvape-3.png\",\"contentUrl\":\"https:\/\/www.elementvape.de\/wp-content\/uploads\/2024\/09\/cropped-1elementvape-3.png\",\"width\":285,\"height\":228,\"caption\":\"ElementVape.DE\"},\"image\":{\"@id\":\"https:\/\/www.elementvape.de\/#\/schema\/logo\/image\/\"}}]}<\/script>\n<!-- \/ Yoast SEO plugin. -->","yoast_head_json":{"title":"Blue Razz Ice Der ultimative Kick aus Blaubeere und Himbeere mit eisiger Frische ELF BOX RGB14000 15000 PUFFS | ElementVape.de","description":"Wir bieten Blue Razz Ice Der ultimative Kick aus Blaubeere und Himbeere mit eisiger Frische ELF BOX RGB14000 15000 PUFFS , Elementvape.de akzeptieren Gro\u00df-und Einzelhandel Bestellungen.","robots":{"index":"index","follow":"follow","max-snippet":"max-snippet:-1","max-image-preview":"max-image-preview:large","max-video-preview":"max-video-preview:-1"},"canonical":"https:\/\/www.elementvape.de\/ro\/produkt\/blue-razz-ice-der-ultimative-kick-aus-blaubeere-und-himbeere-mit-eisiger-frische-elf-box-rgb14000-15000-puffs\/","og_locale":"ro_RO","og_type":"article","og_title":"Blue Razz Ice Der ultimative Kick aus Blaubeere und Himbeere mit eisiger Frische ELF BOX RGB14000 15000 PUFFS | ElementVape.de","og_description":"Wir bieten Blue Razz Ice Der ultimative Kick aus Blaubeere und Himbeere mit eisiger Frische ELF BOX RGB14000 15000 PUFFS , Elementvape.de akzeptieren Gro\u00df-und Einzelhandel Bestellungen.","og_url":"https:\/\/www.elementvape.de\/ro\/produkt\/blue-razz-ice-der-ultimative-kick-aus-blaubeere-und-himbeere-mit-eisiger-frische-elf-box-rgb14000-15000-puffs\/","og_site_name":"ElementVape.de","article_modified_time":"2024-12-12T06:34:50+00:00","og_image":[{"width":1000,"height":1000,"url":"https:\/\/www.elementvape.de\/wp-content\/uploads\/2024\/08\/Blue-Raz-Ice_.png","type":"image\/png"}],"twitter_card":"summary_large_image","twitter_misc":{"Est. reading time":"3 minute"},"schema":{"@context":"https:\/\/schema.org","@graph":[{"@type":"WebPage","@id":"https:\/\/www.elementvape.de\/produkt\/blue-razz-ice-der-ultimative-kick-aus-blaubeere-und-himbeere-mit-eisiger-frische-elf-box-rgb14000-15000-puffs\/","url":"https:\/\/www.elementvape.de\/produkt\/blue-razz-ice-der-ultimative-kick-aus-blaubeere-und-himbeere-mit-eisiger-frische-elf-box-rgb14000-15000-puffs\/","name":"Blue Razz Ice Der ultimative Kick aus Blaubeere und Himbeere mit eisiger Frische ELF BOX RGB14000 15000 PUFFS | ElementVape.de","isPartOf":{"@id":"https:\/\/www.elementvape.de\/#website"},"primaryImageOfPage":{"@id":"https:\/\/www.elementvape.de\/produkt\/blue-razz-ice-der-ultimative-kick-aus-blaubeere-und-himbeere-mit-eisiger-frische-elf-box-rgb14000-15000-puffs\/#primaryimage"},"image":{"@id":"https:\/\/www.elementvape.de\/produkt\/blue-razz-ice-der-ultimative-kick-aus-blaubeere-und-himbeere-mit-eisiger-frische-elf-box-rgb14000-15000-puffs\/#primaryimage"},"thumbnailUrl":"https:\/\/www.elementvape.de\/wp-content\/uploads\/2024\/08\/Blue-Raz-Ice_.png","datePublished":"2024-08-17T07:14:27+00:00","dateModified":"2024-12-12T06:34:50+00:00","description":"Wir bieten Blue Razz Ice Der ultimative Kick aus Blaubeere und Himbeere mit eisiger Frische ELF BOX RGB14000 15000 PUFFS , Elementvape.de akzeptieren Gro\u00df-und Einzelhandel Bestellungen.","breadcrumb":{"@id":"https:\/\/www.elementvape.de\/produkt\/blue-razz-ice-der-ultimative-kick-aus-blaubeere-und-himbeere-mit-eisiger-frische-elf-box-rgb14000-15000-puffs\/#breadcrumb"},"inLanguage":"ro-RO","potentialAction":[{"@type":"ReadAction","target":["https:\/\/www.elementvape.de\/produkt\/blue-razz-ice-der-ultimative-kick-aus-blaubeere-und-himbeere-mit-eisiger-frische-elf-box-rgb14000-15000-puffs\/"]}]},{"@type":"ImageObject","inLanguage":"ro-RO","@id":"https:\/\/www.elementvape.de\/produkt\/blue-razz-ice-der-ultimative-kick-aus-blaubeere-und-himbeere-mit-eisiger-frische-elf-box-rgb14000-15000-puffs\/#primaryimage","url":"https:\/\/www.elementvape.de\/wp-content\/uploads\/2024\/08\/Blue-Raz-Ice_.png","contentUrl":"https:\/\/www.elementvape.de\/wp-content\/uploads\/2024\/08\/Blue-Raz-Ice_.png","width":1000,"height":1000,"caption":"Blue Raz Ice"},{"@type":"BreadcrumbList","@id":"https:\/\/www.elementvape.de\/produkt\/blue-razz-ice-der-ultimative-kick-aus-blaubeere-und-himbeere-mit-eisiger-frische-elf-box-rgb14000-15000-puffs\/#breadcrumb","itemListElement":[{"@type":"ListItem","position":1,"name":"Home","item":"https:\/\/www.elementvape.de\/"},{"@type":"ListItem","position":2,"name":"Shop","item":"https:\/\/www.elementvape.de\/shop\/"},{"@type":"ListItem","position":3,"name":"Blue Razz Ice Der ultimative Kick aus Blaubeere und Himbeere mit eisiger Frische ELF BOX RGB14000 15000 PUFFS"}]},{"@type":"WebSite","@id":"https:\/\/www.elementvape.de\/#website","url":"https:\/\/www.elementvape.de\/","name":"ElementVape.de","description":"","publisher":{"@id":"https:\/\/www.elementvape.de\/#organization"},"potentialAction":[{"@type":"SearchAction","target":{"@type":"EntryPoint","urlTemplate":"https:\/\/www.elementvape.de\/?s={search_term_string}"},"query-input":"required name=search_term_string"}],"inLanguage":"ro-RO"},{"@type":"Organization","@id":"https:\/\/www.elementvape.de\/#organization","name":"ElementVape.DE","url":"https:\/\/www.elementvape.de\/","logo":{"@type":"ImageObject","inLanguage":"ro-RO","@id":"https:\/\/www.elementvape.de\/#\/schema\/logo\/image\/","url":"https:\/\/www.elementvape.de\/wp-content\/uploads\/2024\/09\/cropped-1elementvape-3.png","contentUrl":"https:\/\/www.elementvape.de\/wp-content\/uploads\/2024\/09\/cropped-1elementvape-3.png","width":285,"height":228,"caption":"ElementVape.DE"},"image":{"@id":"https:\/\/www.elementvape.de\/#\/schema\/logo\/image\/"}}]}},"_links":{"self":[{"href":"https:\/\/www.elementvape.de\/ro\/wp-json\/wp\/v2\/product\/13823"}],"collection":[{"href":"https:\/\/www.elementvape.de\/ro\/wp-json\/wp\/v2\/product"}],"about":[{"href":"https:\/\/www.elementvape.de\/ro\/wp-json\/wp\/v2\/types\/product"}],"wp:featuredmedia":[{"embeddable":true,"href":"https:\/\/www.elementvape.de\/ro\/wp-json\/wp\/v2\/media\/13792"}],"wp:attachment":[{"href":"https:\/\/www.elementvape.de\/ro\/wp-json\/wp\/v2\/media?parent=13823"}],"wp:term":[{"taxonomy":"product_cat","embeddable":true,"href":"https:\/\/www.elementvape.de\/ro\/wp-json\/wp\/v2\/product_cat?post=13823"},{"taxonomy":"product_tag","embeddable":true,"href":"https:\/\/www.elementvape.de\/ro\/wp-json\/wp\/v2\/product_tag?post=13823"}],"curies":[{"name":"wp","href":"https:\/\/api.w.org\/{rel}","templated":true}]}}