{"id":13673,"date":"2024-08-06T09:17:31","date_gmt":"2024-08-06T09:17:31","guid":{"rendered":"https:\/\/www.elementvape.de\/?post_type=product&#038;p=13673"},"modified":"2024-12-12T06:35:09","modified_gmt":"2024-12-12T06:35:09","slug":"elf-box-digital-12000-grosshandel-elektronische-einwegzigarette-12000-zuege-blueberry-sour-raspberry","status":"publish","type":"product","link":"https:\/\/www.elementvape.de\/ro\/produkt\/elf-box-digital-12000-grosshandel-elektronische-einwegzigarette-12000-zuege-blueberry-sour-raspberry\/","title":{"rendered":"ELF BOX Digital 12000 de \u021big\u0103ri electronice de unic\u0103 folosin\u021b\u0103 en-gros, 12000 de pufuri Blueberry Sour Raspberry"},"content":{"rendered":"<h2 style=\"text-align: center;\">ELF BOX Digital 12000 Comer\u021b en gros: \u021bigaret\u0103 electronic\u0103 de unic\u0103 folosin\u021b\u0103 cu 12000 de pufuri \u00een gust Blueberry Sour Raspberry<\/h2>\n<p>&nbsp;<\/p>\n<table style=\"font-size: 16px;\" data-immersive-translate-walked=\"3a5baa44-603f-41c0-bb94-c8ef0385e903\">\n<thead data-immersive-translate-walked=\"3a5baa44-603f-41c0-bb94-c8ef0385e903\">\n<tr data-immersive-translate-walked=\"3a5baa44-603f-41c0-bb94-c8ef0385e903\">\n<th data-immersive-translate-walked=\"3a5baa44-603f-41c0-bb94-c8ef0385e903\">Specifica\u021bie<\/th>\n<th data-immersive-translate-walked=\"3a5baa44-603f-41c0-bb94-c8ef0385e903\">Detalii<\/th>\n<\/tr>\n<\/thead>\n<tbody data-immersive-translate-walked=\"3a5baa44-603f-41c0-bb94-c8ef0385e903\">\n<tr data-immersive-translate-walked=\"3a5baa44-603f-41c0-bb94-c8ef0385e903\">\n<td data-immersive-translate-walked=\"3a5baa44-603f-41c0-bb94-c8ef0385e903\"><strong data-immersive-translate-walked=\"3a5baa44-603f-41c0-bb94-c8ef0385e903\">Pufuri<\/strong><\/td>\n<td data-immersive-translate-walked=\"3a5baa44-603f-41c0-bb94-c8ef0385e903\">12000 trenuri<\/td>\n<\/tr>\n<tr data-immersive-translate-walked=\"3a5baa44-603f-41c0-bb94-c8ef0385e903\">\n<td data-immersive-translate-walked=\"3a5baa44-603f-41c0-bb94-c8ef0385e903\"><strong data-immersive-translate-walked=\"3a5baa44-603f-41c0-bb94-c8ef0385e903\">Nucleu<\/strong><\/td>\n<td data-immersive-translate-walked=\"3a5baa44-603f-41c0-bb94-c8ef0385e903\">Bobin\u0103 din plas\u0103, 0,8 Ohm<\/td>\n<\/tr>\n<tr data-immersive-translate-walked=\"3a5baa44-603f-41c0-bb94-c8ef0385e903\">\n<td data-immersive-translate-walked=\"3a5baa44-603f-41c0-bb94-c8ef0385e903\"><strong data-immersive-translate-walked=\"3a5baa44-603f-41c0-bb94-c8ef0385e903\">Capacitate de lichid<\/strong><\/td>\n<td data-immersive-translate-walked=\"3a5baa44-603f-41c0-bb94-c8ef0385e903\">25 ml<\/td>\n<\/tr>\n<tr>\n<td><strong>N<\/strong><\/td>\n<td>2%, 5%<\/td>\n<\/tr>\n<tr>\n<td><strong>Baterie<\/strong><\/td>\n<td>13350-500mAh, re\u00eenc\u0103rcabil prin Type-C<\/td>\n<\/tr>\n<tr>\n<td><strong>Reclam\u0103<\/strong><\/td>\n<td>Digital, afi\u0219eaz\u0103 nivelul uleiului \u0219i al bateriei<\/td>\n<\/tr>\n<tr>\n<td><strong>Greutatea produsului<\/strong><\/td>\n<td>82 grame<\/td>\n<\/tr>\n<tr>\n<td><strong>Dimensiunea produsului<\/strong><\/td>\n<td>30 mm x 57 mm x 101 mm<\/td>\n<\/tr>\n<\/tbody>\n<\/table>\n<h3 style=\"text-align: center;\">Tehnologie \u0219i gust de excep\u021bie<\/h3>\n<p>ELF BOX Digital 12000 Comer\u021b en gros: \u021bigaret\u0103 electronic\u0103 de unic\u0103 folosin\u021b\u0103 cu 12000 de pufuri \u00een gust Blueberry Sour Raspberry ofer\u0103 o experien\u021b\u0103 de vapare de prim\u0103 clas\u0103. Acest dispozitiv combin\u0103 tehnologia de ultim\u0103 genera\u021bie cu un gust fructat \u0219i r\u0103coritor, care r\u0103sfa\u021b\u0103 sim\u021burile. Cu o capacitate impresionant\u0103 de 12000 de pufuri pe dispozitiv, este alegerea ideal\u0103 pentru entuzia\u0219tii de vaping care prefer\u0103 utilizarea \u00eendelungat\u0103 \u0219i intens\u0103.<\/p>\n<p>Vape-ul ELF BOX Digital 12000 utilizeaz\u0103 un Mesh-Coil de 0,8 Ohm, care asigur\u0103 o vaporizare uniform\u0103 \u0219i eficient\u0103 a E-Lichidului. Capacitatea generoas\u0103 de 25 ml \u0219i diferitele N (2%, 5%) permit personalizarea \u00een func\u021bie de preferin\u021bele fiec\u0103rui utilizator. Bateria re\u00eenc\u0103rcabil\u0103 de 13350-500mAh cu op\u021biune de \u00eenc\u0103rcare Type-C asigur\u0103 o \u00eenc\u0103rcare rapid\u0103 \u0219i simpl\u0103. Afi\u0219ajul digital, care indic\u0103 nivelul de ulei \u0219i baterie, faciliteaz\u0103 utilizarea \u0219i asigur\u0103 c\u0103 sunte\u021bi mereu informa\u021bi.<\/p>\n<h3 style=\"text-align: center;\">U\u0219or \u0219i portabil pentru utilizarea zilnic\u0103<\/h3>\n<p>Cu o greutate de doar 82 de grame \u0219i dimensiuni compacte de 30 mm x 57 mm x 101 mm, ELF BOX Digital 12000 este u\u0219or \u0219i u\u0219or de transportat, fiind alegerea perfect\u0103 pentru deplasare. Ambalajul robust din carton cu 200 de buc\u0103\u021bi \u0219i o greutate total\u0103 de 17,5 kg garanteaz\u0103 c\u0103 produsul ajunge \u00een condi\u021bii excelente, at\u00e2t pentru cump\u0103r\u0103torii individuali, c\u00e2t \u0219i pentru comercian\u021bi en gros.<\/p>\n<p>Gustul Blueberry Sour Raspberry ofer\u0103 o combina\u021bie r\u0103coritoare de afine dulci \u0219i zmeur\u0103 acr\u0103, transform\u00e2nd fiecare puf \u00eentr-o experien\u021b\u0103 intens\u0103 \u0219i pl\u0103cut\u0103. Aceast\u0103 combina\u021bie de performan\u021b\u0103 excelent\u0103 \u0219i gust delicios face din ELF BOX Digital 12000 cea mai bun\u0103 alegere pentru to\u021bi cei care doresc s\u0103 ob\u021bin\u0103 maximum din experien\u021ba lor de vapare. Indiferent dac\u0103 e\u0219ti \u00eencep\u0103tor sau vaporer experimentat, acest dispozitiv \u00ee\u021bi va dep\u0103\u0219i a\u0219tept\u0103rile \u0219i \u00ee\u021bi va oferi o experien\u021b\u0103 de vapare de neuitat.<\/p>","protected":false},"excerpt":{"rendered":"<p>ELF BOX Digital 12000 Gro\u00dfhandel: Elektronische Einwegzigarette mit 12000 Z\u00fcgen im Geschmack Blueberry Sour Raspberry &nbsp; Spezifikation Details Puffs 12000 Z\u00fcge Core Mesh-Coil, 0,8 Ohm E-Liquid Kapazit\u00e4t 25 ml N 2%, 5% Batterie 13350-500mAh, wiederaufladbar via Type-C Anzeige Digital, zeigt \u00d6l- und Batteriestand Produktgewicht 82 Gramm Produktgr\u00f6\u00dfe 30 mm x 57 mm x 101 mm [&hellip;]<\/p>","protected":false},"featured_media":13674,"template":"","meta":{"inline_featured_image":false},"product_cat":[15,78,747,740,734,753,715,732],"product_tag":[710,673],"tiered_pricing_type":"fixed","tiered_pricing_fixed_rules":{"110":"7.00","200":"6.22","500":"5.45"},"tiered_pricing_percentage_rules":[],"tiered_pricing_minimum":1,"_administrator_tiered_pricing_type":"fixed","_administrator_tiered_pricing_fixed_rules":[],"_editor_tiered_pricing_type":"fixed","_editor_tiered_pricing_fixed_rules":[],"_author_tiered_pricing_type":"fixed","_author_tiered_pricing_fixed_rules":[],"_contributor_tiered_pricing_type":"fixed","_contributor_tiered_pricing_fixed_rules":[],"_subscriber_tiered_pricing_type":"fixed","_subscriber_tiered_pricing_fixed_rules":[],"_customer_tiered_pricing_type":"fixed","_customer_tiered_pricing_fixed_rules":[],"_shop_manager_tiered_pricing_type":"fixed","_shop_manager_tiered_pricing_fixed_rules":[],"_wpseo_manager_tiered_pricing_type":"fixed","_wpseo_manager_tiered_pricing_fixed_rules":[],"_wpseo_editor_tiered_pricing_type":"fixed","_wpseo_editor_tiered_pricing_fixed_rules":[],"_wholesale_customer_tiered_pricing_type":"fixed","_wholesale_customer_tiered_pricing_fixed_rules":[],"_marketer_tiered_pricing_type":"fixed","_marketer_tiered_pricing_fixed_rules":[],"_sales_manager_tiered_pricing_type":"fixed","_sales_manager_tiered_pricing_fixed_rules":[],"_sales_rep_tiered_pricing_type":"fixed","_sales_rep_tiered_pricing_fixed_rules":[],"yoast_head":"<!-- This site is optimized with the Yoast SEO plugin v23.3 - https:\/\/yoast.com\/wordpress\/plugins\/seo\/ -->\n<title>ELF BOX Digital 12000 Gro\u00dfhandel elektronische Einwegzigarette 12000 Z\u00fcge Blueberry Sour Raspberry | ElementVape.de<\/title>\n<meta name=\"description\" content=\"Wir bieten ELF BOX Digital 12000 Gro\u00dfhandel elektronische Einwegzigarette 12000 Z\u00fcge Blueberry Sour Raspberry , Elementvape.de akzeptieren Gro\u00df-und Einzelhandel Bestellungen.\" \/>\n<meta name=\"robots\" content=\"index, follow, max-snippet:-1, max-image-preview:large, max-video-preview:-1\" \/>\n<link rel=\"canonical\" href=\"https:\/\/www.elementvape.de\/ro\/produkt\/elf-box-digital-12000-grosshandel-elektronische-einwegzigarette-12000-zuege-blueberry-sour-raspberry\/\" \/>\n<meta property=\"og:locale\" content=\"ro_RO\" \/>\n<meta property=\"og:type\" content=\"article\" \/>\n<meta property=\"og:title\" content=\"ELF BOX Digital 12000 Gro\u00dfhandel elektronische Einwegzigarette 12000 Z\u00fcge Blueberry Sour Raspberry | ElementVape.de\" \/>\n<meta property=\"og:description\" content=\"Wir bieten ELF BOX Digital 12000 Gro\u00dfhandel elektronische Einwegzigarette 12000 Z\u00fcge Blueberry Sour Raspberry , Elementvape.de akzeptieren Gro\u00df-und Einzelhandel Bestellungen.\" \/>\n<meta property=\"og:url\" content=\"https:\/\/www.elementvape.de\/ro\/produkt\/elf-box-digital-12000-grosshandel-elektronische-einwegzigarette-12000-zuege-blueberry-sour-raspberry\/\" \/>\n<meta property=\"og:site_name\" content=\"ElementVape.de\" \/>\n<meta property=\"article:modified_time\" content=\"2024-12-12T06:35:09+00:00\" \/>\n<meta property=\"og:image\" content=\"https:\/\/www.elementvape.de\/wp-content\/uploads\/2024\/08\/Blueberry-Sour-Raspberry-\u84dd\u8393\u9178\u6885.jpg\" \/>\n\t<meta property=\"og:image:width\" content=\"1000\" \/>\n\t<meta property=\"og:image:height\" content=\"1000\" \/>\n\t<meta property=\"og:image:type\" content=\"image\/jpeg\" \/>\n<meta name=\"twitter:card\" content=\"summary_large_image\" \/>\n<meta name=\"twitter:label1\" content=\"Est. reading time\" \/>\n\t<meta name=\"twitter:data1\" content=\"3 minute\" \/>\n<script type=\"application\/ld+json\" class=\"yoast-schema-graph\">{\"@context\":\"https:\/\/schema.org\",\"@graph\":[{\"@type\":\"WebPage\",\"@id\":\"https:\/\/www.elementvape.de\/produkt\/elf-box-digital-12000-grosshandel-elektronische-einwegzigarette-12000-zuege-blueberry-sour-raspberry\/\",\"url\":\"https:\/\/www.elementvape.de\/produkt\/elf-box-digital-12000-grosshandel-elektronische-einwegzigarette-12000-zuege-blueberry-sour-raspberry\/\",\"name\":\"ELF BOX Digital 12000 Gro\u00dfhandel elektronische Einwegzigarette 12000 Z\u00fcge Blueberry Sour Raspberry | ElementVape.de\",\"isPartOf\":{\"@id\":\"https:\/\/www.elementvape.de\/#website\"},\"primaryImageOfPage\":{\"@id\":\"https:\/\/www.elementvape.de\/produkt\/elf-box-digital-12000-grosshandel-elektronische-einwegzigarette-12000-zuege-blueberry-sour-raspberry\/#primaryimage\"},\"image\":{\"@id\":\"https:\/\/www.elementvape.de\/produkt\/elf-box-digital-12000-grosshandel-elektronische-einwegzigarette-12000-zuege-blueberry-sour-raspberry\/#primaryimage\"},\"thumbnailUrl\":\"https:\/\/www.elementvape.de\/wp-content\/uploads\/2024\/08\/Blueberry-Sour-Raspberry-\u84dd\u8393\u9178\u6885.jpg\",\"datePublished\":\"2024-08-06T09:17:31+00:00\",\"dateModified\":\"2024-12-12T06:35:09+00:00\",\"description\":\"Wir bieten ELF BOX Digital 12000 Gro\u00dfhandel elektronische Einwegzigarette 12000 Z\u00fcge Blueberry Sour Raspberry , Elementvape.de akzeptieren Gro\u00df-und Einzelhandel Bestellungen.\",\"breadcrumb\":{\"@id\":\"https:\/\/www.elementvape.de\/produkt\/elf-box-digital-12000-grosshandel-elektronische-einwegzigarette-12000-zuege-blueberry-sour-raspberry\/#breadcrumb\"},\"inLanguage\":\"ro-RO\",\"potentialAction\":[{\"@type\":\"ReadAction\",\"target\":[\"https:\/\/www.elementvape.de\/produkt\/elf-box-digital-12000-grosshandel-elektronische-einwegzigarette-12000-zuege-blueberry-sour-raspberry\/\"]}]},{\"@type\":\"ImageObject\",\"inLanguage\":\"ro-RO\",\"@id\":\"https:\/\/www.elementvape.de\/produkt\/elf-box-digital-12000-grosshandel-elektronische-einwegzigarette-12000-zuege-blueberry-sour-raspberry\/#primaryimage\",\"url\":\"https:\/\/www.elementvape.de\/wp-content\/uploads\/2024\/08\/Blueberry-Sour-Raspberry-\u84dd\u8393\u9178\u6885.jpg\",\"contentUrl\":\"https:\/\/www.elementvape.de\/wp-content\/uploads\/2024\/08\/Blueberry-Sour-Raspberry-\u84dd\u8393\u9178\u6885.jpg\",\"width\":1000,\"height\":1000,\"caption\":\"Blueberry Sour Raspberry\"},{\"@type\":\"BreadcrumbList\",\"@id\":\"https:\/\/www.elementvape.de\/produkt\/elf-box-digital-12000-grosshandel-elektronische-einwegzigarette-12000-zuege-blueberry-sour-raspberry\/#breadcrumb\",\"itemListElement\":[{\"@type\":\"ListItem\",\"position\":1,\"name\":\"Home\",\"item\":\"https:\/\/www.elementvape.de\/\"},{\"@type\":\"ListItem\",\"position\":2,\"name\":\"Shop\",\"item\":\"https:\/\/www.elementvape.de\/shop\/\"},{\"@type\":\"ListItem\",\"position\":3,\"name\":\"ELF BOX Digital 12000 Gro\u00dfhandel elektronische Einwegzigarette 12000 Z\u00fcge Blueberry Sour Raspberry\"}]},{\"@type\":\"WebSite\",\"@id\":\"https:\/\/www.elementvape.de\/#website\",\"url\":\"https:\/\/www.elementvape.de\/\",\"name\":\"ElementVape.de\",\"description\":\"\",\"publisher\":{\"@id\":\"https:\/\/www.elementvape.de\/#organization\"},\"potentialAction\":[{\"@type\":\"SearchAction\",\"target\":{\"@type\":\"EntryPoint\",\"urlTemplate\":\"https:\/\/www.elementvape.de\/?s={search_term_string}\"},\"query-input\":\"required name=search_term_string\"}],\"inLanguage\":\"ro-RO\"},{\"@type\":\"Organization\",\"@id\":\"https:\/\/www.elementvape.de\/#organization\",\"name\":\"ElementVape.DE\",\"url\":\"https:\/\/www.elementvape.de\/\",\"logo\":{\"@type\":\"ImageObject\",\"inLanguage\":\"ro-RO\",\"@id\":\"https:\/\/www.elementvape.de\/#\/schema\/logo\/image\/\",\"url\":\"https:\/\/www.elementvape.de\/wp-content\/uploads\/2024\/09\/cropped-1elementvape-3.png\",\"contentUrl\":\"https:\/\/www.elementvape.de\/wp-content\/uploads\/2024\/09\/cropped-1elementvape-3.png\",\"width\":285,\"height\":228,\"caption\":\"ElementVape.DE\"},\"image\":{\"@id\":\"https:\/\/www.elementvape.de\/#\/schema\/logo\/image\/\"}}]}<\/script>\n<!-- \/ Yoast SEO plugin. -->","yoast_head_json":{"title":"ELF BOX Digital 12000 Gro\u00dfhandel elektronische Einwegzigarette 12000 Z\u00fcge Blueberry Sour Raspberry | ElementVape.de","description":"Wir bieten ELF BOX Digital 12000 Gro\u00dfhandel elektronische Einwegzigarette 12000 Z\u00fcge Blueberry Sour Raspberry , Elementvape.de akzeptieren Gro\u00df-und Einzelhandel Bestellungen.","robots":{"index":"index","follow":"follow","max-snippet":"max-snippet:-1","max-image-preview":"max-image-preview:large","max-video-preview":"max-video-preview:-1"},"canonical":"https:\/\/www.elementvape.de\/ro\/produkt\/elf-box-digital-12000-grosshandel-elektronische-einwegzigarette-12000-zuege-blueberry-sour-raspberry\/","og_locale":"ro_RO","og_type":"article","og_title":"ELF BOX Digital 12000 Gro\u00dfhandel elektronische Einwegzigarette 12000 Z\u00fcge Blueberry Sour Raspberry | ElementVape.de","og_description":"Wir bieten ELF BOX Digital 12000 Gro\u00dfhandel elektronische Einwegzigarette 12000 Z\u00fcge Blueberry Sour Raspberry , Elementvape.de akzeptieren Gro\u00df-und Einzelhandel Bestellungen.","og_url":"https:\/\/www.elementvape.de\/ro\/produkt\/elf-box-digital-12000-grosshandel-elektronische-einwegzigarette-12000-zuege-blueberry-sour-raspberry\/","og_site_name":"ElementVape.de","article_modified_time":"2024-12-12T06:35:09+00:00","og_image":[{"width":1000,"height":1000,"url":"https:\/\/www.elementvape.de\/wp-content\/uploads\/2024\/08\/Blueberry-Sour-Raspberry-\u84dd\u8393\u9178\u6885.jpg","type":"image\/jpeg"}],"twitter_card":"summary_large_image","twitter_misc":{"Est. reading time":"3 minute"},"schema":{"@context":"https:\/\/schema.org","@graph":[{"@type":"WebPage","@id":"https:\/\/www.elementvape.de\/produkt\/elf-box-digital-12000-grosshandel-elektronische-einwegzigarette-12000-zuege-blueberry-sour-raspberry\/","url":"https:\/\/www.elementvape.de\/produkt\/elf-box-digital-12000-grosshandel-elektronische-einwegzigarette-12000-zuege-blueberry-sour-raspberry\/","name":"ELF BOX Digital 12000 Gro\u00dfhandel elektronische Einwegzigarette 12000 Z\u00fcge Blueberry Sour Raspberry | ElementVape.de","isPartOf":{"@id":"https:\/\/www.elementvape.de\/#website"},"primaryImageOfPage":{"@id":"https:\/\/www.elementvape.de\/produkt\/elf-box-digital-12000-grosshandel-elektronische-einwegzigarette-12000-zuege-blueberry-sour-raspberry\/#primaryimage"},"image":{"@id":"https:\/\/www.elementvape.de\/produkt\/elf-box-digital-12000-grosshandel-elektronische-einwegzigarette-12000-zuege-blueberry-sour-raspberry\/#primaryimage"},"thumbnailUrl":"https:\/\/www.elementvape.de\/wp-content\/uploads\/2024\/08\/Blueberry-Sour-Raspberry-\u84dd\u8393\u9178\u6885.jpg","datePublished":"2024-08-06T09:17:31+00:00","dateModified":"2024-12-12T06:35:09+00:00","description":"Wir bieten ELF BOX Digital 12000 Gro\u00dfhandel elektronische Einwegzigarette 12000 Z\u00fcge Blueberry Sour Raspberry , Elementvape.de akzeptieren Gro\u00df-und Einzelhandel Bestellungen.","breadcrumb":{"@id":"https:\/\/www.elementvape.de\/produkt\/elf-box-digital-12000-grosshandel-elektronische-einwegzigarette-12000-zuege-blueberry-sour-raspberry\/#breadcrumb"},"inLanguage":"ro-RO","potentialAction":[{"@type":"ReadAction","target":["https:\/\/www.elementvape.de\/produkt\/elf-box-digital-12000-grosshandel-elektronische-einwegzigarette-12000-zuege-blueberry-sour-raspberry\/"]}]},{"@type":"ImageObject","inLanguage":"ro-RO","@id":"https:\/\/www.elementvape.de\/produkt\/elf-box-digital-12000-grosshandel-elektronische-einwegzigarette-12000-zuege-blueberry-sour-raspberry\/#primaryimage","url":"https:\/\/www.elementvape.de\/wp-content\/uploads\/2024\/08\/Blueberry-Sour-Raspberry-\u84dd\u8393\u9178\u6885.jpg","contentUrl":"https:\/\/www.elementvape.de\/wp-content\/uploads\/2024\/08\/Blueberry-Sour-Raspberry-\u84dd\u8393\u9178\u6885.jpg","width":1000,"height":1000,"caption":"Blueberry Sour Raspberry"},{"@type":"BreadcrumbList","@id":"https:\/\/www.elementvape.de\/produkt\/elf-box-digital-12000-grosshandel-elektronische-einwegzigarette-12000-zuege-blueberry-sour-raspberry\/#breadcrumb","itemListElement":[{"@type":"ListItem","position":1,"name":"Home","item":"https:\/\/www.elementvape.de\/"},{"@type":"ListItem","position":2,"name":"Shop","item":"https:\/\/www.elementvape.de\/shop\/"},{"@type":"ListItem","position":3,"name":"ELF BOX Digital 12000 Gro\u00dfhandel elektronische Einwegzigarette 12000 Z\u00fcge Blueberry Sour Raspberry"}]},{"@type":"WebSite","@id":"https:\/\/www.elementvape.de\/#website","url":"https:\/\/www.elementvape.de\/","name":"ElementVape.de","description":"","publisher":{"@id":"https:\/\/www.elementvape.de\/#organization"},"potentialAction":[{"@type":"SearchAction","target":{"@type":"EntryPoint","urlTemplate":"https:\/\/www.elementvape.de\/?s={search_term_string}"},"query-input":"required name=search_term_string"}],"inLanguage":"ro-RO"},{"@type":"Organization","@id":"https:\/\/www.elementvape.de\/#organization","name":"ElementVape.DE","url":"https:\/\/www.elementvape.de\/","logo":{"@type":"ImageObject","inLanguage":"ro-RO","@id":"https:\/\/www.elementvape.de\/#\/schema\/logo\/image\/","url":"https:\/\/www.elementvape.de\/wp-content\/uploads\/2024\/09\/cropped-1elementvape-3.png","contentUrl":"https:\/\/www.elementvape.de\/wp-content\/uploads\/2024\/09\/cropped-1elementvape-3.png","width":285,"height":228,"caption":"ElementVape.DE"},"image":{"@id":"https:\/\/www.elementvape.de\/#\/schema\/logo\/image\/"}}]}},"_links":{"self":[{"href":"https:\/\/www.elementvape.de\/ro\/wp-json\/wp\/v2\/product\/13673"}],"collection":[{"href":"https:\/\/www.elementvape.de\/ro\/wp-json\/wp\/v2\/product"}],"about":[{"href":"https:\/\/www.elementvape.de\/ro\/wp-json\/wp\/v2\/types\/product"}],"wp:featuredmedia":[{"embeddable":true,"href":"https:\/\/www.elementvape.de\/ro\/wp-json\/wp\/v2\/media\/13674"}],"wp:attachment":[{"href":"https:\/\/www.elementvape.de\/ro\/wp-json\/wp\/v2\/media?parent=13673"}],"wp:term":[{"taxonomy":"product_cat","embeddable":true,"href":"https:\/\/www.elementvape.de\/ro\/wp-json\/wp\/v2\/product_cat?post=13673"},{"taxonomy":"product_tag","embeddable":true,"href":"https:\/\/www.elementvape.de\/ro\/wp-json\/wp\/v2\/product_tag?post=13673"}],"curies":[{"name":"wp","href":"https:\/\/api.w.org\/{rel}","templated":true}]}}