{"id":13336,"date":"2024-06-27T07:33:41","date_gmt":"2024-06-27T07:33:41","guid":{"rendered":"https:\/\/www.elementvape.de\/?post_type=product&#038;p=13336"},"modified":"2024-09-12T10:28:45","modified_gmt":"2024-09-12T10:28:45","slug":"uwell-tripod-pcc-pod-kit-2ml","status":"publish","type":"product","link":"https:\/\/www.elementvape.de\/ro\/produkt\/uwell-tripod-pcc-pod-kit-2ml\/","title":{"rendered":"Kit de rezervor Uwell Tripod PCC 2ml"},"content":{"rendered":"<div class=\"flex-shrink-0 flex flex-col relative items-end\">\n<div>\n<div class=\"pt-0.5 juice:pt-0\">\n<div class=\"gizmo-bot-avatar flex h-6 w-6 items-center justify-center overflow-hidden rounded-full juice:h-8 juice:w-8\"><\/div>\n<\/div>\n<\/div>\n<\/div>\n<div class=\"group\/conversation-turn relative flex w-full min-w-0 flex-col agent-turn\">\n<div class=\"flex-col gap-1 md:gap-3\">\n<div class=\"flex flex-grow flex-col max-w-full\">\n<div class=\"min-h-[20px] text-message flex flex-col items-start whitespace-pre-wrap break-words [.text-message+&amp;]:mt-5 juice:w-full juice:items-end overflow-x-auto gap-2\" dir=\"auto\" data-message-author-role=\"assistant\" data-message-id=\"4d090b36-4971-4208-a91d-3cdd29b57a03\">\n<div class=\"flex w-full flex-col gap-1 juice:empty:hidden juice:first:pt-[3px]\">\n<div class=\"markdown prose w-full break-words dark:prose-invert light\">\n<h3><strong>Kit de Baterie Uwell Tripod PCC<\/strong><\/h3>\n<p>Kitul de Baterie Uwell Tripod PCC este o combina\u021bie \u00eentre un sistem elegant <strong><a href=\"https:\/\/www.elementvape.de\/ro\/c\/pod\/\">Pod<\/a><\/strong>- \u0219i o cutie de \u00eenc\u0103rcare practic\u0103, special conceput\u0103 pentru vaperi care sunt mereu \u00een mi\u0219care. Acest kit ofer\u0103 nu doar o calitate excelent\u0103 a gustului, ci \u0219i o utilizare u\u0219oar\u0103.<\/p>\n<h4><strong>Func\u021bii principale:<\/strong><\/h4>\n<ol>\n<li><strong>Cartu\u0219 re\u00eenc\u0103rcabil\u0103 de 2 ml \u0219i bobin\u0103 integrat\u0103 de 1,2 \u03a9<\/strong>: Aceast\u0103 combina\u021bie asigur\u0103 un gust plin \u0219i o senza\u021bie de g\u00e2t lin\u0103.<\/li>\n<li><strong>Baterie \u00eencorporat\u0103 de 370 mAh<\/strong>: Pod-modul are o putere maxim\u0103 de ie\u0219ire de 11 W \u0219i este echipat cu un indicator LED care afi\u0219eaz\u0103 nivelul bateriei.<\/li>\n<li><strong>Cutie de \u00eenc\u0103rcare de 1000 mAh<\/strong>: Aceast\u0103 cutie compact\u0103 \u0219i portabil\u0103 permite transportul \u0219i \u00eenc\u0103rcarea a p\u00e2n\u0103 la trei poduri simultan, ideal pentru c\u0103l\u0103torii.<\/li>\n<li><strong>Material de \u00eenalt\u0103 calitate<\/strong>: Fabricat din aluminiu anodizat, kitul ofer\u0103 un aspect elegant \u0219i discret.<\/li>\n<\/ol>\n<h4><strong>Parametri fizici:<\/strong><\/h4>\n<ul>\n<li><strong>Dimensiune<\/strong>: 21,5 \u00d7 10,4 \u00d7 78 mm<\/li>\n<li><strong>Capacitate<\/strong>: 2 ml<\/li>\n<li><strong>Rezisten\u021b\u0103<\/strong>: 1,2 \u03a9<\/li>\n<li><strong>Baterie<\/strong>: 370 mAh pentru pod, 1000 mAh pentru cutia de \u00eenc\u0103rcare<\/li>\n<li><strong>Culori<\/strong>: Negru, Verde Metalizat, Negru \u0219i Auriu<\/li>\n<\/ul>\n<h4><strong>Lista de ambalare:<\/strong><\/h4>\n<ul>\n<li>1 x Pod mod Tripod PCC<\/li>\n<li>3 x Cartu\u0219 pentru stativ<\/li>\n<li>1 x cablu Tip-C<\/li>\n<li>1 x Manual de utilizare<\/li>\n<li>1 x Cutie de \u00eenc\u0103rcare<\/li>\n<\/ul>\n<h3><strong>Avantajele kit-ului Uwell Tripod PCC Pod:<\/strong><\/h3>\n<ul>\n<li><strong>Durat\u0103 de via\u021b\u0103 a bateriei mai lung\u0103<\/strong>: Datorit\u0103 cutiei de \u00eenc\u0103rcare, pute\u021bi re\u00eenc\u0103rca pod-ul ori de c\u00e2te ori dori\u021bi \u00een timpul deplas\u0103rii, ceea ce prelunge\u0219te semnificativ durata total\u0103 a bateriei.<\/li>\n<li><strong>Versatilitate<\/strong>: Cu trei pod-uri, pute\u021bi purta diferite lichide electronice \u0219i le pute\u021bi schimba \u00een func\u021bie de dispozi\u021bie.<\/li>\n<li><strong>Portabilitate<\/strong>: Designul compact \u0219i cutia de \u00eenc\u0103rcare u\u0219oar\u0103 fac kit-ul ideal pentru c\u0103l\u0103torii \u0219i utilizare zilnic\u0103.<\/li>\n<li><strong>Design de \u00eenalt\u0103 calitate<\/strong>: Designul elegant din aluminiu anodizat asigur\u0103 un aspect stilat \u0219i discret.<\/li>\n<\/ul>\n<p>Kit-ul Uwell Tripod PCC Pod este alegerea perfect\u0103 pentru vaperi care caut\u0103 o solu\u021bie practic\u0103, elegant\u0103 \u0219i puternic\u0103. Comanda\u021bi acum de la <strong>elementvape<\/strong> \u0219i asigura\u021bi-v\u0103 cele mai bune pre\u021buri en-gros pentru acest produs remarcabil.<\/p>\n<\/div>\n<\/div>\n<\/div>\n<\/div>\n<\/div>\n<\/div>","protected":false},"excerpt":{"rendered":"<p>Uwell Tripod PCC Pod Kit Das Uwell Tripod PCC Pod Kit ist eine Kombination aus einem eleganten Pod-System und einer praktischen Ladebox, die speziell f\u00fcr Dampfer entwickelt wurde, die viel unterwegs sind. Dieses Kit bietet nicht nur hervorragende Geschmacksqualit\u00e4t, sondern auch eine benutzerfreundliche Handhabung. Hauptfunktionen: Nachf\u00fcllbare 2-ml-Kartusche und integrierte 1,2-\u03a9-Spule: Diese Kombination sorgt f\u00fcr einen [&hellip;]<\/p>","protected":false},"featured_media":13337,"template":"","meta":{"inline_featured_image":false},"product_cat":[747,740,734,753,76],"product_tag":[],"tiered_pricing_type":"fixed","tiered_pricing_fixed_rules":[],"tiered_pricing_percentage_rules":[],"tiered_pricing_minimum":1,"_administrator_tiered_pricing_type":"fixed","_administrator_tiered_pricing_fixed_rules":[],"_editor_tiered_pricing_type":"fixed","_editor_tiered_pricing_fixed_rules":[],"_author_tiered_pricing_type":"fixed","_author_tiered_pricing_fixed_rules":[],"_contributor_tiered_pricing_type":"fixed","_contributor_tiered_pricing_fixed_rules":[],"_subscriber_tiered_pricing_type":"fixed","_subscriber_tiered_pricing_fixed_rules":[],"_customer_tiered_pricing_type":"fixed","_customer_tiered_pricing_fixed_rules":[],"_shop_manager_tiered_pricing_type":"fixed","_shop_manager_tiered_pricing_fixed_rules":[],"_wpseo_manager_tiered_pricing_type":"fixed","_wpseo_manager_tiered_pricing_fixed_rules":[],"_wpseo_editor_tiered_pricing_type":"fixed","_wpseo_editor_tiered_pricing_fixed_rules":[],"_wholesale_customer_tiered_pricing_type":"fixed","_wholesale_customer_tiered_pricing_fixed_rules":[],"_marketer_tiered_pricing_type":"fixed","_marketer_tiered_pricing_fixed_rules":[],"_sales_manager_tiered_pricing_type":"fixed","_sales_manager_tiered_pricing_fixed_rules":[],"_sales_rep_tiered_pricing_type":"fixed","_sales_rep_tiered_pricing_fixed_rules":[],"yoast_head":"<!-- This site is optimized with the Yoast SEO plugin v23.3 - https:\/\/yoast.com\/wordpress\/plugins\/seo\/ -->\n<title>Uwell Tripod PCC Pod Kit 2ml | ElementVape.de<\/title>\n<meta name=\"description\" content=\"Wir bieten Uwell Tripod PCC Pod Kit 2ml , Elementvape.de akzeptieren Gro\u00df-und Einzelhandel Bestellungen.\" \/>\n<meta name=\"robots\" content=\"index, follow, max-snippet:-1, max-image-preview:large, max-video-preview:-1\" \/>\n<link rel=\"canonical\" href=\"https:\/\/www.elementvape.de\/ro\/produkt\/uwell-tripod-pcc-pod-kit-2ml\/\" \/>\n<meta property=\"og:locale\" content=\"ro_RO\" \/>\n<meta property=\"og:type\" content=\"article\" \/>\n<meta property=\"og:title\" content=\"Uwell Tripod PCC Pod Kit 2ml | ElementVape.de\" \/>\n<meta property=\"og:description\" content=\"Wir bieten Uwell Tripod PCC Pod Kit 2ml , Elementvape.de akzeptieren Gro\u00df-und Einzelhandel Bestellungen.\" \/>\n<meta property=\"og:url\" content=\"https:\/\/www.elementvape.de\/ro\/produkt\/uwell-tripod-pcc-pod-kit-2ml\/\" \/>\n<meta property=\"og:site_name\" content=\"ElementVape.de\" \/>\n<meta property=\"article:modified_time\" content=\"2024-09-12T10:28:45+00:00\" \/>\n<meta property=\"og:image\" content=\"https:\/\/www.elementvape.de\/wp-content\/uploads\/2024\/06\/Uwell-Tripod-PCC-Pod-Kit-370mAh-1000mAh-2.webp\" \/>\n\t<meta property=\"og:image:width\" content=\"600\" \/>\n\t<meta property=\"og:image:height\" content=\"600\" \/>\n\t<meta property=\"og:image:type\" content=\"image\/webp\" \/>\n<meta name=\"twitter:card\" content=\"summary_large_image\" \/>\n<meta name=\"twitter:label1\" content=\"Est. reading time\" \/>\n\t<meta name=\"twitter:data1\" content=\"2 minute\" \/>\n<script type=\"application\/ld+json\" class=\"yoast-schema-graph\">{\"@context\":\"https:\/\/schema.org\",\"@graph\":[{\"@type\":\"WebPage\",\"@id\":\"https:\/\/www.elementvape.de\/pt\/produkt\/uwell-tripod-pcc-pod-kit-2ml\/\",\"url\":\"https:\/\/www.elementvape.de\/pt\/produkt\/uwell-tripod-pcc-pod-kit-2ml\/\",\"name\":\"Uwell Tripod PCC Pod Kit 2ml | ElementVape.de\",\"isPartOf\":{\"@id\":\"https:\/\/www.elementvape.de\/#website\"},\"primaryImageOfPage\":{\"@id\":\"https:\/\/www.elementvape.de\/pt\/produkt\/uwell-tripod-pcc-pod-kit-2ml\/#primaryimage\"},\"image\":{\"@id\":\"https:\/\/www.elementvape.de\/pt\/produkt\/uwell-tripod-pcc-pod-kit-2ml\/#primaryimage\"},\"thumbnailUrl\":\"https:\/\/www.elementvape.de\/wp-content\/uploads\/2024\/06\/Uwell-Tripod-PCC-Pod-Kit-370mAh-1000mAh-2.webp\",\"datePublished\":\"2024-06-27T07:33:41+00:00\",\"dateModified\":\"2024-09-12T10:28:45+00:00\",\"description\":\"Wir bieten Uwell Tripod PCC Pod Kit 2ml , Elementvape.de akzeptieren Gro\u00df-und Einzelhandel Bestellungen.\",\"breadcrumb\":{\"@id\":\"https:\/\/www.elementvape.de\/pt\/produkt\/uwell-tripod-pcc-pod-kit-2ml\/#breadcrumb\"},\"inLanguage\":\"ro-RO\",\"potentialAction\":[{\"@type\":\"ReadAction\",\"target\":[\"https:\/\/www.elementvape.de\/pt\/produkt\/uwell-tripod-pcc-pod-kit-2ml\/\"]}]},{\"@type\":\"ImageObject\",\"inLanguage\":\"ro-RO\",\"@id\":\"https:\/\/www.elementvape.de\/pt\/produkt\/uwell-tripod-pcc-pod-kit-2ml\/#primaryimage\",\"url\":\"https:\/\/www.elementvape.de\/wp-content\/uploads\/2024\/06\/Uwell-Tripod-PCC-Pod-Kit-370mAh-1000mAh-2.webp\",\"contentUrl\":\"https:\/\/www.elementvape.de\/wp-content\/uploads\/2024\/06\/Uwell-Tripod-PCC-Pod-Kit-370mAh-1000mAh-2.webp\",\"width\":600,\"height\":600,\"caption\":\"Uwell-Tripod-PCC-Pod-Kit-370mAh-1000mAh-2\"},{\"@type\":\"BreadcrumbList\",\"@id\":\"https:\/\/www.elementvape.de\/pt\/produkt\/uwell-tripod-pcc-pod-kit-2ml\/#breadcrumb\",\"itemListElement\":[{\"@type\":\"ListItem\",\"position\":1,\"name\":\"Home\",\"item\":\"https:\/\/www.elementvape.de\/\"},{\"@type\":\"ListItem\",\"position\":2,\"name\":\"Shop\",\"item\":\"https:\/\/www.elementvape.de\/shop\/\"},{\"@type\":\"ListItem\",\"position\":3,\"name\":\"Uwell Tripod PCC Pod Kit 2ml\"}]},{\"@type\":\"WebSite\",\"@id\":\"https:\/\/www.elementvape.de\/#website\",\"url\":\"https:\/\/www.elementvape.de\/\",\"name\":\"ElementVape.de\",\"description\":\"\",\"publisher\":{\"@id\":\"https:\/\/www.elementvape.de\/#organization\"},\"potentialAction\":[{\"@type\":\"SearchAction\",\"target\":{\"@type\":\"EntryPoint\",\"urlTemplate\":\"https:\/\/www.elementvape.de\/?s={search_term_string}\"},\"query-input\":\"required name=search_term_string\"}],\"inLanguage\":\"ro-RO\"},{\"@type\":\"Organization\",\"@id\":\"https:\/\/www.elementvape.de\/#organization\",\"name\":\"ElementVape.DE\",\"url\":\"https:\/\/www.elementvape.de\/\",\"logo\":{\"@type\":\"ImageObject\",\"inLanguage\":\"ro-RO\",\"@id\":\"https:\/\/www.elementvape.de\/#\/schema\/logo\/image\/\",\"url\":\"https:\/\/www.elementvape.de\/wp-content\/uploads\/2024\/09\/cropped-1elementvape-3.png\",\"contentUrl\":\"https:\/\/www.elementvape.de\/wp-content\/uploads\/2024\/09\/cropped-1elementvape-3.png\",\"width\":285,\"height\":228,\"caption\":\"ElementVape.DE\"},\"image\":{\"@id\":\"https:\/\/www.elementvape.de\/#\/schema\/logo\/image\/\"}}]}<\/script>\n<!-- \/ Yoast SEO plugin. -->","yoast_head_json":{"title":"Uwell Tripod PCC Pod Kit 2ml | ElementVape.de","description":"Wir bieten Uwell Tripod PCC Pod Kit 2ml , Elementvape.de akzeptieren Gro\u00df-und Einzelhandel Bestellungen.","robots":{"index":"index","follow":"follow","max-snippet":"max-snippet:-1","max-image-preview":"max-image-preview:large","max-video-preview":"max-video-preview:-1"},"canonical":"https:\/\/www.elementvape.de\/ro\/produkt\/uwell-tripod-pcc-pod-kit-2ml\/","og_locale":"ro_RO","og_type":"article","og_title":"Uwell Tripod PCC Pod Kit 2ml | ElementVape.de","og_description":"Wir bieten Uwell Tripod PCC Pod Kit 2ml , Elementvape.de akzeptieren Gro\u00df-und Einzelhandel Bestellungen.","og_url":"https:\/\/www.elementvape.de\/ro\/produkt\/uwell-tripod-pcc-pod-kit-2ml\/","og_site_name":"ElementVape.de","article_modified_time":"2024-09-12T10:28:45+00:00","og_image":[{"width":600,"height":600,"url":"https:\/\/www.elementvape.de\/wp-content\/uploads\/2024\/06\/Uwell-Tripod-PCC-Pod-Kit-370mAh-1000mAh-2.webp","type":"image\/webp"}],"twitter_card":"summary_large_image","twitter_misc":{"Est. reading time":"2 minute"},"schema":{"@context":"https:\/\/schema.org","@graph":[{"@type":"WebPage","@id":"https:\/\/www.elementvape.de\/pt\/produkt\/uwell-tripod-pcc-pod-kit-2ml\/","url":"https:\/\/www.elementvape.de\/pt\/produkt\/uwell-tripod-pcc-pod-kit-2ml\/","name":"Uwell Tripod PCC Pod Kit 2ml | ElementVape.de","isPartOf":{"@id":"https:\/\/www.elementvape.de\/#website"},"primaryImageOfPage":{"@id":"https:\/\/www.elementvape.de\/pt\/produkt\/uwell-tripod-pcc-pod-kit-2ml\/#primaryimage"},"image":{"@id":"https:\/\/www.elementvape.de\/pt\/produkt\/uwell-tripod-pcc-pod-kit-2ml\/#primaryimage"},"thumbnailUrl":"https:\/\/www.elementvape.de\/wp-content\/uploads\/2024\/06\/Uwell-Tripod-PCC-Pod-Kit-370mAh-1000mAh-2.webp","datePublished":"2024-06-27T07:33:41+00:00","dateModified":"2024-09-12T10:28:45+00:00","description":"Wir bieten Uwell Tripod PCC Pod Kit 2ml , Elementvape.de akzeptieren Gro\u00df-und Einzelhandel Bestellungen.","breadcrumb":{"@id":"https:\/\/www.elementvape.de\/pt\/produkt\/uwell-tripod-pcc-pod-kit-2ml\/#breadcrumb"},"inLanguage":"ro-RO","potentialAction":[{"@type":"ReadAction","target":["https:\/\/www.elementvape.de\/pt\/produkt\/uwell-tripod-pcc-pod-kit-2ml\/"]}]},{"@type":"ImageObject","inLanguage":"ro-RO","@id":"https:\/\/www.elementvape.de\/pt\/produkt\/uwell-tripod-pcc-pod-kit-2ml\/#primaryimage","url":"https:\/\/www.elementvape.de\/wp-content\/uploads\/2024\/06\/Uwell-Tripod-PCC-Pod-Kit-370mAh-1000mAh-2.webp","contentUrl":"https:\/\/www.elementvape.de\/wp-content\/uploads\/2024\/06\/Uwell-Tripod-PCC-Pod-Kit-370mAh-1000mAh-2.webp","width":600,"height":600,"caption":"Uwell-Tripod-PCC-Pod-Kit-370mAh-1000mAh-2"},{"@type":"BreadcrumbList","@id":"https:\/\/www.elementvape.de\/pt\/produkt\/uwell-tripod-pcc-pod-kit-2ml\/#breadcrumb","itemListElement":[{"@type":"ListItem","position":1,"name":"Home","item":"https:\/\/www.elementvape.de\/"},{"@type":"ListItem","position":2,"name":"Shop","item":"https:\/\/www.elementvape.de\/shop\/"},{"@type":"ListItem","position":3,"name":"Uwell Tripod PCC Pod Kit 2ml"}]},{"@type":"WebSite","@id":"https:\/\/www.elementvape.de\/#website","url":"https:\/\/www.elementvape.de\/","name":"ElementVape.de","description":"","publisher":{"@id":"https:\/\/www.elementvape.de\/#organization"},"potentialAction":[{"@type":"SearchAction","target":{"@type":"EntryPoint","urlTemplate":"https:\/\/www.elementvape.de\/?s={search_term_string}"},"query-input":"required name=search_term_string"}],"inLanguage":"ro-RO"},{"@type":"Organization","@id":"https:\/\/www.elementvape.de\/#organization","name":"ElementVape.DE","url":"https:\/\/www.elementvape.de\/","logo":{"@type":"ImageObject","inLanguage":"ro-RO","@id":"https:\/\/www.elementvape.de\/#\/schema\/logo\/image\/","url":"https:\/\/www.elementvape.de\/wp-content\/uploads\/2024\/09\/cropped-1elementvape-3.png","contentUrl":"https:\/\/www.elementvape.de\/wp-content\/uploads\/2024\/09\/cropped-1elementvape-3.png","width":285,"height":228,"caption":"ElementVape.DE"},"image":{"@id":"https:\/\/www.elementvape.de\/#\/schema\/logo\/image\/"}}]}},"_links":{"self":[{"href":"https:\/\/www.elementvape.de\/ro\/wp-json\/wp\/v2\/product\/13336"}],"collection":[{"href":"https:\/\/www.elementvape.de\/ro\/wp-json\/wp\/v2\/product"}],"about":[{"href":"https:\/\/www.elementvape.de\/ro\/wp-json\/wp\/v2\/types\/product"}],"wp:featuredmedia":[{"embeddable":true,"href":"https:\/\/www.elementvape.de\/ro\/wp-json\/wp\/v2\/media\/13337"}],"wp:attachment":[{"href":"https:\/\/www.elementvape.de\/ro\/wp-json\/wp\/v2\/media?parent=13336"}],"wp:term":[{"taxonomy":"product_cat","embeddable":true,"href":"https:\/\/www.elementvape.de\/ro\/wp-json\/wp\/v2\/product_cat?post=13336"},{"taxonomy":"product_tag","embeddable":true,"href":"https:\/\/www.elementvape.de\/ro\/wp-json\/wp\/v2\/product_tag?post=13336"}],"curies":[{"name":"wp","href":"https:\/\/api.w.org\/{rel}","templated":true}]}}