{"id":13177,"date":"2024-06-26T07:44:28","date_gmt":"2024-06-26T07:44:28","guid":{"rendered":"https:\/\/www.elementvape.de\/?post_type=product&#038;p=13177"},"modified":"2024-09-12T10:28:49","modified_gmt":"2024-09-12T10:28:49","slug":"uwell-caliburn-portable-system-kit-520mah","status":"publish","type":"product","link":"https:\/\/www.elementvape.de\/ro\/produkt\/uwell-caliburn-portable-system-kit-520mah\/","title":{"rendered":"Uwell Caliburn Kit Portabil 520mAh"},"content":{"rendered":"<div class=\"flex-shrink-0 flex flex-col relative items-end\">\n<div>\n<div class=\"pt-0.5 juice:pt-0\">\n<div class=\"gizmo-bot-avatar flex h-6 w-6 items-center justify-center overflow-hidden rounded-full juice:h-8 juice:w-8\">\n<div class=\"relative p-1 rounded-sm flex items-center justify-center bg-token-main-surface-primary text-token-text-primary h-8 w-8\"><\/div>\n<\/div>\n<\/div>\n<\/div>\n<\/div>\n<div class=\"group\/conversation-turn relative flex w-full min-w-0 flex-col agent-turn\">\n<div class=\"flex-col gap-1 md:gap-3\">\n<div class=\"flex flex-grow flex-col max-w-full\">\n<div class=\"min-h-[20px] text-message flex flex-col items-start whitespace-pre-wrap break-words [.text-message+&amp;]:mt-5 juice:w-full juice:items-end overflow-x-auto gap-2\" dir=\"auto\" data-message-author-role=\"assistant\" data-message-id=\"cac1c625-debf-4d61-bba1-2d02612821d2\">\n<div class=\"flex w-full flex-col gap-1 juice:empty:hidden juice:first:pt-[3px]\">\n<div class=\"markdown prose w-full break-words dark:prose-invert light\">\n<h3>Kit Sistem Uwell Caliburn<\/h3>\n<p><strong>Elementvape<\/strong> este unul dintre cei mai mari distribuitori \u0219i furnizori en gros de produse pentru vaping din China. Livr\u0103m \u021bigarete electronice Uwell, kituri de vaping Uwell \u0219i accesorii pentru vaping Uwell de cea mai \u00eenalt\u0103 calitate. Al\u0103tura\u021bi-v\u0103 \u201eElementvape\u201d \u0219i cump\u0103ra\u021bi kitul de sistem pod Uwell CALIBURN AK3 la cele mai bune pre\u021buri en gros.<\/p>\n<h4>Descrierea produsului:<\/h4>\n<p>Kitul Sistem Uwell Caliburn este un sistem compact \u0219i portabil de tip pod, ideal pentru \u00eencep\u0103tori \u0219i vapori experimenta\u021bi deopotriv\u0103. Cu u\u0219urin\u021ba sa \u00een utilizare \u0219i tehnologia exclusiv\u0103 Pro-FOCS\u00ae pentru testarea gustului, ofer\u0103 o experien\u021b\u0103 de vapare excep\u021bional\u0103. Cartu\u0219ele cu umplere superioar\u0103 fac reumplerea simpl\u0103, \u00een timp ce bateria de 520 mAh asigur\u0103 o durat\u0103 lung\u0103 de func\u021bionare.<\/p>\n<h4>Specifica\u021bii de baz\u0103:<\/h4>\n<ul>\n<li><strong>Dimensiune<\/strong>: 110 \u00d7 21,2 \u00d7 11,6 mm<\/li>\n<li><strong>Greutate net\u0103<\/strong>: 30 g<\/li>\n<li><strong>Capacitate de lichid<\/strong>: 2 ml<\/li>\n<li><strong>Puterea maxim\u0103 \u00een wa\u021bi<\/strong>: 11 W<\/li>\n<li><strong>Capacitate baterie<\/strong>: 520 mAh<\/li>\n<\/ul>\n<h4>Caracteristici principale:<\/h4>\n<ol>\n<li><strong>Dou\u0103 op\u021biuni de vapare<\/strong>: Vapare direct\u0103 sau vapare cu buton.<\/li>\n<li><strong>Siguran\u021b\u0103<\/strong>: 5 ap\u0103s\u0103ri pentru blocare\/deblocare, sigur pentru copii.<\/li>\n<li><strong>Func\u021bie de diagnosticare a erorilor<\/strong>: Pentru mecanismul de vapare direct\u0103.<\/li>\n<li><strong>Cartu\u0219e cu umplere superioar\u0103<\/strong>: U\u0219or de utilizat \u0219i de reumplut.<\/li>\n<li><strong>Perfect pentru s\u0103ruri de nicotin\u0103<\/strong>: Optimizat pentru lichide e-liquid cu s\u0103ruri de nicotin\u0103.<\/li>\n<li><strong>Potrivit pentru \u00eencep\u0103tori<\/strong>: U\u0219or de utilizat, ideal pentru \u00eencep\u0103tori.<\/li>\n<li><strong>Tehnologia exclusiv\u0103 Pro-FOCS\u00ae pentru testarea gustului<\/strong>: Tehnologie exclusiv\u0103 Uwell pentru gust optim.<\/li>\n<li><strong>Durat\u0103 lung\u0103 de via\u021b\u0103 a bateriei<\/strong>: Cu o baterie de 520 mAh pentru vaping mai lung.<\/li>\n<li><strong>Protec\u021bie multipl\u0103<\/strong>:\n<ul>\n<li>Diagnosticul de defect pentru mecanismul activat prin tragere.<\/li>\n<li>Protec\u021bie \u00eempotriva scurtcircuitului.<\/li>\n<li>Indicator pentru nivel sc\u0103zut al bateriei.<\/li>\n<li>Indicator pentru supra-vaping.<\/li>\n<\/ul>\n<\/li>\n<li><strong>Compact \u0219i portabil<\/strong>: U\u0219or \u0219i simplu de luat cu tine.<\/li>\n<\/ol>\n<h4>Con\u021binutul pachetului:<\/h4>\n<ul>\n<li>1 \u00d7 Kit sistem Uwell Caliburn<\/li>\n<li>1 \u00d7 Pod de 1,4 \u03a9 (preinstalat)<\/li>\n<li>1 \u00d7 Pod de rezerv\u0103 (1,4 \u03a9)<\/li>\n<li>1 \u00d7 Cablu Micro-USB<\/li>\n<li>1 \u00d7 Manual de utilizare<\/li>\n<\/ul>\n<p>Beneficia\u021bi de cele mai bune pre\u021buri en-gros la Elementvape \u0219i extinde\u021bi-v\u0103 gama cu acest sistem de cartu\u0219e de \u00eenalt\u0103 calitate.<\/p>\n<\/div>\n<\/div>\n<\/div>\n<\/div>\n<\/div>\n<\/div>","protected":false},"excerpt":{"rendered":"<p>Uwell Caliburn System Kit Elementvape ist einer der gr\u00f6\u00dften Uwell-Gro\u00dfh\u00e4ndler und -Lieferanten von Vape-Produkten in China. Wir liefern Uwell E-Zigaretten, Uwell Vape-Kits und Uwell Vape-Zubeh\u00f6r in h\u00f6chster Qualit\u00e4t. Werden Sie Mitglied bei \u201eElementvape\u201c und kaufen Sie das tragbare Uwell Caliburn-System-Kit zu den besten Gro\u00dfhandelspreisen. Produktbeschreibung: Das Uwell Caliburn System Kit ist ein kompaktes und tragbares [&hellip;]<\/p>","protected":false},"featured_media":13181,"template":"","meta":{"inline_featured_image":false},"product_cat":[747,740,734,753,76],"product_tag":[],"tiered_pricing_type":"fixed","tiered_pricing_fixed_rules":[],"tiered_pricing_percentage_rules":[],"tiered_pricing_minimum":1,"_administrator_tiered_pricing_type":"fixed","_administrator_tiered_pricing_fixed_rules":[],"_editor_tiered_pricing_type":"fixed","_editor_tiered_pricing_fixed_rules":[],"_author_tiered_pricing_type":"fixed","_author_tiered_pricing_fixed_rules":[],"_contributor_tiered_pricing_type":"fixed","_contributor_tiered_pricing_fixed_rules":[],"_subscriber_tiered_pricing_type":"fixed","_subscriber_tiered_pricing_fixed_rules":[],"_customer_tiered_pricing_type":"fixed","_customer_tiered_pricing_fixed_rules":[],"_shop_manager_tiered_pricing_type":"fixed","_shop_manager_tiered_pricing_fixed_rules":[],"_wpseo_manager_tiered_pricing_type":"fixed","_wpseo_manager_tiered_pricing_fixed_rules":[],"_wpseo_editor_tiered_pricing_type":"fixed","_wpseo_editor_tiered_pricing_fixed_rules":[],"_wholesale_customer_tiered_pricing_type":"fixed","_wholesale_customer_tiered_pricing_fixed_rules":[],"_marketer_tiered_pricing_type":"fixed","_marketer_tiered_pricing_fixed_rules":[],"_sales_manager_tiered_pricing_type":"fixed","_sales_manager_tiered_pricing_fixed_rules":[],"_sales_rep_tiered_pricing_type":"fixed","_sales_rep_tiered_pricing_fixed_rules":[],"yoast_head":"<!-- This site is optimized with the Yoast SEO plugin v23.3 - https:\/\/yoast.com\/wordpress\/plugins\/seo\/ -->\n<title>Uwell Caliburn Portable System Kit 520mAh | ElementVape.de<\/title>\n<meta name=\"description\" content=\"Wir bieten Uwell Caliburn Portable System Kit 520mAh , Elementvape.de akzeptieren Gro\u00df-und Einzelhandel Bestellungen.\" \/>\n<meta name=\"robots\" content=\"index, follow, max-snippet:-1, max-image-preview:large, max-video-preview:-1\" \/>\n<link rel=\"canonical\" href=\"https:\/\/www.elementvape.de\/ro\/produkt\/uwell-caliburn-portable-system-kit-520mah\/\" \/>\n<meta property=\"og:locale\" content=\"ro_RO\" \/>\n<meta property=\"og:type\" content=\"article\" \/>\n<meta property=\"og:title\" content=\"Uwell Caliburn Portable System Kit 520mAh | ElementVape.de\" \/>\n<meta property=\"og:description\" content=\"Wir bieten Uwell Caliburn Portable System Kit 520mAh , Elementvape.de akzeptieren Gro\u00df-und Einzelhandel Bestellungen.\" \/>\n<meta property=\"og:url\" content=\"https:\/\/www.elementvape.de\/ro\/produkt\/uwell-caliburn-portable-system-kit-520mah\/\" \/>\n<meta property=\"og:site_name\" content=\"ElementVape.de\" \/>\n<meta property=\"article:modified_time\" content=\"2024-09-12T10:28:49+00:00\" \/>\n<meta property=\"og:image\" content=\"https:\/\/www.elementvape.de\/wp-content\/uploads\/2024\/06\/Uwell-Caliburn-Portable-System-Kit-520mAh-6.webp\" \/>\n\t<meta property=\"og:image:width\" content=\"600\" \/>\n\t<meta property=\"og:image:height\" content=\"600\" \/>\n\t<meta property=\"og:image:type\" content=\"image\/webp\" \/>\n<meta name=\"twitter:card\" content=\"summary_large_image\" \/>\n<meta name=\"twitter:label1\" content=\"Est. reading time\" \/>\n\t<meta name=\"twitter:data1\" content=\"2 minute\" \/>\n<script type=\"application\/ld+json\" class=\"yoast-schema-graph\">{\"@context\":\"https:\/\/schema.org\",\"@graph\":[{\"@type\":\"WebPage\",\"@id\":\"https:\/\/www.elementvape.de\/fi\/produkt\/uwell-caliburn-portable-system-kit-520mah\/\",\"url\":\"https:\/\/www.elementvape.de\/fi\/produkt\/uwell-caliburn-portable-system-kit-520mah\/\",\"name\":\"Uwell Caliburn Portable System Kit 520mAh | ElementVape.de\",\"isPartOf\":{\"@id\":\"https:\/\/www.elementvape.de\/#website\"},\"primaryImageOfPage\":{\"@id\":\"https:\/\/www.elementvape.de\/fi\/produkt\/uwell-caliburn-portable-system-kit-520mah\/#primaryimage\"},\"image\":{\"@id\":\"https:\/\/www.elementvape.de\/fi\/produkt\/uwell-caliburn-portable-system-kit-520mah\/#primaryimage\"},\"thumbnailUrl\":\"https:\/\/www.elementvape.de\/wp-content\/uploads\/2024\/06\/Uwell-Caliburn-Portable-System-Kit-520mAh-6.webp\",\"datePublished\":\"2024-06-26T07:44:28+00:00\",\"dateModified\":\"2024-09-12T10:28:49+00:00\",\"description\":\"Wir bieten Uwell Caliburn Portable System Kit 520mAh , Elementvape.de akzeptieren Gro\u00df-und Einzelhandel Bestellungen.\",\"breadcrumb\":{\"@id\":\"https:\/\/www.elementvape.de\/fi\/produkt\/uwell-caliburn-portable-system-kit-520mah\/#breadcrumb\"},\"inLanguage\":\"ro-RO\",\"potentialAction\":[{\"@type\":\"ReadAction\",\"target\":[\"https:\/\/www.elementvape.de\/fi\/produkt\/uwell-caliburn-portable-system-kit-520mah\/\"]}]},{\"@type\":\"ImageObject\",\"inLanguage\":\"ro-RO\",\"@id\":\"https:\/\/www.elementvape.de\/fi\/produkt\/uwell-caliburn-portable-system-kit-520mah\/#primaryimage\",\"url\":\"https:\/\/www.elementvape.de\/wp-content\/uploads\/2024\/06\/Uwell-Caliburn-Portable-System-Kit-520mAh-6.webp\",\"contentUrl\":\"https:\/\/www.elementvape.de\/wp-content\/uploads\/2024\/06\/Uwell-Caliburn-Portable-System-Kit-520mAh-6.webp\",\"width\":600,\"height\":600,\"caption\":\"Uwell-Caliburn-Portable-System-Kit-520mAh-6\"},{\"@type\":\"BreadcrumbList\",\"@id\":\"https:\/\/www.elementvape.de\/fi\/produkt\/uwell-caliburn-portable-system-kit-520mah\/#breadcrumb\",\"itemListElement\":[{\"@type\":\"ListItem\",\"position\":1,\"name\":\"Home\",\"item\":\"https:\/\/www.elementvape.de\/\"},{\"@type\":\"ListItem\",\"position\":2,\"name\":\"Shop\",\"item\":\"https:\/\/www.elementvape.de\/shop\/\"},{\"@type\":\"ListItem\",\"position\":3,\"name\":\"Uwell Caliburn Portable System Kit 520mAh\"}]},{\"@type\":\"WebSite\",\"@id\":\"https:\/\/www.elementvape.de\/#website\",\"url\":\"https:\/\/www.elementvape.de\/\",\"name\":\"ElementVape.de\",\"description\":\"\",\"publisher\":{\"@id\":\"https:\/\/www.elementvape.de\/#organization\"},\"potentialAction\":[{\"@type\":\"SearchAction\",\"target\":{\"@type\":\"EntryPoint\",\"urlTemplate\":\"https:\/\/www.elementvape.de\/?s={search_term_string}\"},\"query-input\":\"required name=search_term_string\"}],\"inLanguage\":\"ro-RO\"},{\"@type\":\"Organization\",\"@id\":\"https:\/\/www.elementvape.de\/#organization\",\"name\":\"ElementVape.DE\",\"url\":\"https:\/\/www.elementvape.de\/\",\"logo\":{\"@type\":\"ImageObject\",\"inLanguage\":\"ro-RO\",\"@id\":\"https:\/\/www.elementvape.de\/#\/schema\/logo\/image\/\",\"url\":\"https:\/\/www.elementvape.de\/wp-content\/uploads\/2024\/09\/cropped-1elementvape-3.png\",\"contentUrl\":\"https:\/\/www.elementvape.de\/wp-content\/uploads\/2024\/09\/cropped-1elementvape-3.png\",\"width\":285,\"height\":228,\"caption\":\"ElementVape.DE\"},\"image\":{\"@id\":\"https:\/\/www.elementvape.de\/#\/schema\/logo\/image\/\"}}]}<\/script>\n<!-- \/ Yoast SEO plugin. -->","yoast_head_json":{"title":"Uwell Caliburn Portable System Kit 520mAh | ElementVape.de","description":"Wir bieten Uwell Caliburn Portable System Kit 520mAh , Elementvape.de akzeptieren Gro\u00df-und Einzelhandel Bestellungen.","robots":{"index":"index","follow":"follow","max-snippet":"max-snippet:-1","max-image-preview":"max-image-preview:large","max-video-preview":"max-video-preview:-1"},"canonical":"https:\/\/www.elementvape.de\/ro\/produkt\/uwell-caliburn-portable-system-kit-520mah\/","og_locale":"ro_RO","og_type":"article","og_title":"Uwell Caliburn Portable System Kit 520mAh | ElementVape.de","og_description":"Wir bieten Uwell Caliburn Portable System Kit 520mAh , Elementvape.de akzeptieren Gro\u00df-und Einzelhandel Bestellungen.","og_url":"https:\/\/www.elementvape.de\/ro\/produkt\/uwell-caliburn-portable-system-kit-520mah\/","og_site_name":"ElementVape.de","article_modified_time":"2024-09-12T10:28:49+00:00","og_image":[{"width":600,"height":600,"url":"https:\/\/www.elementvape.de\/wp-content\/uploads\/2024\/06\/Uwell-Caliburn-Portable-System-Kit-520mAh-6.webp","type":"image\/webp"}],"twitter_card":"summary_large_image","twitter_misc":{"Est. reading time":"2 minute"},"schema":{"@context":"https:\/\/schema.org","@graph":[{"@type":"WebPage","@id":"https:\/\/www.elementvape.de\/fi\/produkt\/uwell-caliburn-portable-system-kit-520mah\/","url":"https:\/\/www.elementvape.de\/fi\/produkt\/uwell-caliburn-portable-system-kit-520mah\/","name":"Uwell Caliburn Portable System Kit 520mAh | ElementVape.de","isPartOf":{"@id":"https:\/\/www.elementvape.de\/#website"},"primaryImageOfPage":{"@id":"https:\/\/www.elementvape.de\/fi\/produkt\/uwell-caliburn-portable-system-kit-520mah\/#primaryimage"},"image":{"@id":"https:\/\/www.elementvape.de\/fi\/produkt\/uwell-caliburn-portable-system-kit-520mah\/#primaryimage"},"thumbnailUrl":"https:\/\/www.elementvape.de\/wp-content\/uploads\/2024\/06\/Uwell-Caliburn-Portable-System-Kit-520mAh-6.webp","datePublished":"2024-06-26T07:44:28+00:00","dateModified":"2024-09-12T10:28:49+00:00","description":"Wir bieten Uwell Caliburn Portable System Kit 520mAh , Elementvape.de akzeptieren Gro\u00df-und Einzelhandel Bestellungen.","breadcrumb":{"@id":"https:\/\/www.elementvape.de\/fi\/produkt\/uwell-caliburn-portable-system-kit-520mah\/#breadcrumb"},"inLanguage":"ro-RO","potentialAction":[{"@type":"ReadAction","target":["https:\/\/www.elementvape.de\/fi\/produkt\/uwell-caliburn-portable-system-kit-520mah\/"]}]},{"@type":"ImageObject","inLanguage":"ro-RO","@id":"https:\/\/www.elementvape.de\/fi\/produkt\/uwell-caliburn-portable-system-kit-520mah\/#primaryimage","url":"https:\/\/www.elementvape.de\/wp-content\/uploads\/2024\/06\/Uwell-Caliburn-Portable-System-Kit-520mAh-6.webp","contentUrl":"https:\/\/www.elementvape.de\/wp-content\/uploads\/2024\/06\/Uwell-Caliburn-Portable-System-Kit-520mAh-6.webp","width":600,"height":600,"caption":"Uwell-Caliburn-Portable-System-Kit-520mAh-6"},{"@type":"BreadcrumbList","@id":"https:\/\/www.elementvape.de\/fi\/produkt\/uwell-caliburn-portable-system-kit-520mah\/#breadcrumb","itemListElement":[{"@type":"ListItem","position":1,"name":"Home","item":"https:\/\/www.elementvape.de\/"},{"@type":"ListItem","position":2,"name":"Shop","item":"https:\/\/www.elementvape.de\/shop\/"},{"@type":"ListItem","position":3,"name":"Uwell Caliburn Portable System Kit 520mAh"}]},{"@type":"WebSite","@id":"https:\/\/www.elementvape.de\/#website","url":"https:\/\/www.elementvape.de\/","name":"ElementVape.de","description":"","publisher":{"@id":"https:\/\/www.elementvape.de\/#organization"},"potentialAction":[{"@type":"SearchAction","target":{"@type":"EntryPoint","urlTemplate":"https:\/\/www.elementvape.de\/?s={search_term_string}"},"query-input":"required name=search_term_string"}],"inLanguage":"ro-RO"},{"@type":"Organization","@id":"https:\/\/www.elementvape.de\/#organization","name":"ElementVape.DE","url":"https:\/\/www.elementvape.de\/","logo":{"@type":"ImageObject","inLanguage":"ro-RO","@id":"https:\/\/www.elementvape.de\/#\/schema\/logo\/image\/","url":"https:\/\/www.elementvape.de\/wp-content\/uploads\/2024\/09\/cropped-1elementvape-3.png","contentUrl":"https:\/\/www.elementvape.de\/wp-content\/uploads\/2024\/09\/cropped-1elementvape-3.png","width":285,"height":228,"caption":"ElementVape.DE"},"image":{"@id":"https:\/\/www.elementvape.de\/#\/schema\/logo\/image\/"}}]}},"_links":{"self":[{"href":"https:\/\/www.elementvape.de\/ro\/wp-json\/wp\/v2\/product\/13177"}],"collection":[{"href":"https:\/\/www.elementvape.de\/ro\/wp-json\/wp\/v2\/product"}],"about":[{"href":"https:\/\/www.elementvape.de\/ro\/wp-json\/wp\/v2\/types\/product"}],"wp:featuredmedia":[{"embeddable":true,"href":"https:\/\/www.elementvape.de\/ro\/wp-json\/wp\/v2\/media\/13181"}],"wp:attachment":[{"href":"https:\/\/www.elementvape.de\/ro\/wp-json\/wp\/v2\/media?parent=13177"}],"wp:term":[{"taxonomy":"product_cat","embeddable":true,"href":"https:\/\/www.elementvape.de\/ro\/wp-json\/wp\/v2\/product_cat?post=13177"},{"taxonomy":"product_tag","embeddable":true,"href":"https:\/\/www.elementvape.de\/ro\/wp-json\/wp\/v2\/product_tag?post=13177"}],"curies":[{"name":"wp","href":"https:\/\/api.w.org\/{rel}","templated":true}]}}