{"id":12501,"date":"2024-06-18T09:42:37","date_gmt":"2024-06-18T09:42:37","guid":{"rendered":"https:\/\/www.elementvape.de\/?post_type=product&#038;p=12501"},"modified":"2024-09-12T10:35:56","modified_gmt":"2024-09-12T10:35:56","slug":"horizontech-binaries-6k-einweg-e-zigarette-6000-zuege","status":"publish","type":"product","link":"https:\/\/www.elementvape.de\/ro\/produkt\/horizontech-binaries-6k-einweg-e-zigarette-6000-zuege\/","title":{"rendered":"HorizonTech Binaries 6K \u021aigarete electronice de unic\u0103 folosin\u021b\u0103 6000 Trasee"},"content":{"rendered":"<div class=\"flex-shrink-0 flex flex-col relative items-end\">\n<div>\n<div class=\"pt-0.5 juice:pt-0\">\n<div class=\"gizmo-bot-avatar flex h-6 w-6 items-center justify-center overflow-hidden rounded-full juice:h-8 juice:w-8\">\n<h2 class=\"relative p-1 rounded-sm flex items-center justify-center bg-token-main-surface-primary text-token-text-primary h-8 w-8\"><span style=\"font-size: 1.618em;\">Descrierea produsului HorizonTech Binaries 6K Vape de unic\u0103 folosin\u021b\u0103<\/span><\/h2>\n<\/div>\n<\/div>\n<\/div>\n<\/div>\n<div class=\"group\/conversation-turn relative flex w-full min-w-0 flex-col agent-turn\">\n<div class=\"flex-col gap-1 md:gap-3\">\n<div class=\"flex flex-grow flex-col max-w-full\">\n<div class=\"min-h-[20px] text-message flex flex-col items-start whitespace-pre-wrap break-words [.text-message+&amp;]:mt-5 juice:w-full juice:items-end overflow-x-auto gap-2\" dir=\"auto\" data-message-author-role=\"assistant\" data-message-id=\"dc791423-500b-4598-b8ee-1c402d1c8afa\">\n<div class=\"flex w-full flex-col gap-1 juice:empty:hidden juice:first:pt-[3px]\">\n<div class=\"markdown prose w-full break-words dark:prose-invert light\">\n<p>Cel <strong>HorizonTech Binaries 6K Vape de unic\u0103 folosin\u021b\u0103<\/strong> este kitul ideal pentru vaping pentru persoanele care sunt mereu \u00een mi\u0219care. Este compact, u\u0219or \u0219i u\u0219or de utilizat, ceea ce \u00eel face perfect pentru un stil de via\u021b\u0103 activ. Dotat cu o baterie de 650 mAh \u0219i o capacitate generoas\u0103 de 15 ml de lichid electronic, acest dispozitiv ofer\u0103 p\u00e2n\u0103 la 6000 de pufuri, f\u0103r\u0103 a fi nevoie de reumplere sau \u00eenc\u0103rcare frecvent\u0103.<\/p>\n<h3>Caracteristici principale<\/h3>\n<ol>\n<li><strong>Capacitate E-Lichid:<\/strong> 15 ml de lichid electronic preumplut pentru vapare de durat\u0103 lung\u0103<\/li>\n<li><strong>Puterea nicotinei:<\/strong> Nikotin 5 % (50 mg) pentru o experien\u021b\u0103 intens\u0103 de vaping<\/li>\n<li><strong>Re\u00eenc\u0103rcabil:<\/strong> Conector Type-C pentru \u00eenc\u0103rcare rapid\u0103 \u0219i u\u0219oar\u0103<\/li>\n<li><strong>Capacitate mare de pufuri:<\/strong> P\u00e2n\u0103 la 6000 de pufuri pe dispozitiv<\/li>\n<li><strong>Capacitatea bateriei:<\/strong> Baterie integrat\u0103 de 650 mAh pentru vapare de durat\u0103<\/li>\n<li><strong>Rezisten\u021b\u0103 din plas\u0103:<\/strong> 1,0 Ohm pentru vapare bl\u00e2nd\u0103 \u0219i intens\u0103<\/li>\n<li><strong>Activare prin inhalare:<\/strong> U\u0219or de utilizat f\u0103r\u0103 butoane, simpla inhalare activeaz\u0103 dispozitivul<\/li>\n<li><strong>Vaping MTL:<\/strong> Potrivit pentru vapare din gur\u0103 \u00een pl\u0103m\u00e2n<\/li>\n<li><strong>Sigilare \u00eempotriva scurgerilor:<\/strong> Previne scurgerea lichidului electronic<\/li>\n<\/ol>\n<h3>Parametri fizici<\/h3>\n<ul>\n<li><strong>Capacitate E-Lichid:<\/strong> 15 ml<\/li>\n<li><strong>Puterea nicotinei:<\/strong> 5% (50 mg\/ml)<\/li>\n<li><strong>Trenuri:<\/strong> Cam aproximativ 6000 de pufuri<\/li>\n<li><strong>Capacitatea bateriei:<\/strong> 650 mAh<\/li>\n<li><strong>Rezisten\u021b\u0103:<\/strong> Rezisten\u021b\u0103 de 1,0 Ohm cu s\u00e2rm\u0103 de plas\u0103<\/li>\n<li><strong>\u00cenc\u0103rcare:<\/strong> Conector Tip-C<\/li>\n<li><strong>Activare:<\/strong> Activat prin inhalare<\/li>\n<\/ul>\n<h3>Selec\u021bie de arome<\/h3>\n<ul>\n<li>Strugure cu Aloe<\/li>\n<li>Ghea\u021b\u0103 Aperol Spritz<\/li>\n<li>Tort de mere<\/li>\n<li>Gum\u0103 de mestecat cu zmeur\u0103<\/li>\n<li>Margarita cu fructe de p\u0103dure<\/li>\n<li>Limonad\u0103 albastr\u0103 cu zmeur\u0103 roz<\/li>\n<li>Razz albastru<\/li>\n<li>Brio\u0219e cu l\u0103m\u00e2ie \u0219i zmeur\u0103 albastr\u0103<\/li>\n<li>Gogo\u0219i cu afine coapte<\/li>\n<li>Caramel de unt<\/li>\n<li>Tort cu cire\u0219e<\/li>\n<li>Clar<\/li>\n<li>Caramele cremoase<\/li>\n<li>Mini pr\u0103jituri portugheze cu fructe<\/li>\n<li>Om de turt\u0103 dulce<\/li>\n<li>Tort cu l\u0103m\u00e2ie \u0219i bezea<\/li>\n<li>\u00cenghe\u021bat\u0103 Mango-Colada<\/li>\n<li>Marshmallow<\/li>\n<li>Ment\u0103<\/li>\n<li>\u00cenghe\u021bat\u0103 cu portocale, pepene galben \u0219i ananas<\/li>\n<li>\u00cenghe\u021bat\u0103 cu piersici, mango \u0219i caise<\/li>\n<li>Tort de ananas r\u0103sturnat<\/li>\n<li>Bomboane curcubeu<\/li>\n<li>\u00cenghe\u021bat\u0103 cu mere Red Fuji<\/li>\n<li>C\u0103p\u0219un\u0103<\/li>\n<li>\u00cenghe\u021bat\u0103 cu c\u0103p\u0219uni \u0219i banane<\/li>\n<li>Tort cu br\u00e2nz\u0103 \u0219i c\u0103p\u0219uni<\/li>\n<li>C\u0103p\u0219uni \u0219i struguri<\/li>\n<li>Iaurt cu c\u0103p\u0219uni \u0219i piersici<\/li>\n<li>Crisp de fructe de p\u0103dure triple<\/li>\n<li>Budinc\u0103 de vanilie<\/li>\n<li>Ghea\u021b\u0103 de pepene<\/li>\n<li>Smoothie cu pepene verde<\/li>\n<\/ul>\n<h3>List\u0103 de ambalare<\/h3>\n<ul>\n<li>1 x HorizonTech Binaries 6000 Vape de unic\u0103 folosin\u021b\u0103 6000 Pufuri<\/li>\n<\/ul>\n<h3>Rezumat<\/h3>\n<p>Cel <strong>HorizonTech Binaries 6K Vape de unic\u0103 folosin\u021b\u0103<\/strong> este perfect pentru vaperii care caut\u0103 o experien\u021b\u0103 de vaping simpl\u0103 \u0219i eficient\u0103. Cu o gam\u0103 larg\u0103 de arome, o capacitate mare de pufuri \u0219i un design prietenos, acest dispozitiv de unic\u0103 folosin\u021b\u0103 ofer\u0103 tot ce ai nevoie pentru o experien\u021b\u0103 pl\u0103cut\u0103 de vaping.<\/p>\n<\/div>\n<\/div>\n<\/div>\n<\/div>\n<\/div>\n<\/div>","protected":false},"excerpt":{"rendered":"<p>HorizonTech Binaries 6K Disposable Vape Produktbeschreibung Der HorizonTech Binaries 6K Disposable Vape ist das ideale Vaping-Kit f\u00fcr Menschen, die viel unterwegs sind. Es ist kompakt, leicht und einfach zu bedienen, was es perfekt f\u00fcr einen aktiven Lebensstil macht. Ausgestattet mit einem 650-mAh-Akku und einer gro\u00dfz\u00fcgigen 15-ml-E-Liquid-Kapazit\u00e4t, bietet dieses Ger\u00e4t bis zu 6000 Z\u00fcge, ohne dass [&hellip;]<\/p>","protected":false},"featured_media":12502,"template":"","meta":{"inline_featured_image":false},"product_cat":[78,754,745,742,748,744,755,738,751],"product_tag":[],"tiered_pricing_type":"fixed","tiered_pricing_fixed_rules":[],"tiered_pricing_percentage_rules":[],"tiered_pricing_minimum":1,"_administrator_tiered_pricing_type":"fixed","_administrator_tiered_pricing_fixed_rules":[],"_editor_tiered_pricing_type":"fixed","_editor_tiered_pricing_fixed_rules":[],"_author_tiered_pricing_type":"fixed","_author_tiered_pricing_fixed_rules":[],"_contributor_tiered_pricing_type":"fixed","_contributor_tiered_pricing_fixed_rules":[],"_subscriber_tiered_pricing_type":"fixed","_subscriber_tiered_pricing_fixed_rules":[],"_customer_tiered_pricing_type":"fixed","_customer_tiered_pricing_fixed_rules":[],"_shop_manager_tiered_pricing_type":"fixed","_shop_manager_tiered_pricing_fixed_rules":[],"_wpseo_manager_tiered_pricing_type":"fixed","_wpseo_manager_tiered_pricing_fixed_rules":[],"_wpseo_editor_tiered_pricing_type":"fixed","_wpseo_editor_tiered_pricing_fixed_rules":[],"_wholesale_customer_tiered_pricing_type":"fixed","_wholesale_customer_tiered_pricing_fixed_rules":[],"_marketer_tiered_pricing_type":"fixed","_marketer_tiered_pricing_fixed_rules":[],"_sales_manager_tiered_pricing_type":"fixed","_sales_manager_tiered_pricing_fixed_rules":[],"_sales_rep_tiered_pricing_type":"fixed","_sales_rep_tiered_pricing_fixed_rules":[],"yoast_head":"<!-- This site is optimized with the Yoast SEO plugin v23.3 - https:\/\/yoast.com\/wordpress\/plugins\/seo\/ -->\n<title>HorizonTech Binaries 6K Einweg-E-Zigarette 6000 Z\u00fcge | ElementVape.de<\/title>\n<meta name=\"description\" content=\"Wir bieten HorizonTech Binaries 6K Einweg-E-Zigarette 6000 Z\u00fcge , Elementvape.de akzeptieren Gro\u00df-und Einzelhandel Bestellungen.\" \/>\n<meta name=\"robots\" content=\"index, follow, max-snippet:-1, max-image-preview:large, max-video-preview:-1\" \/>\n<link rel=\"canonical\" href=\"https:\/\/www.elementvape.de\/ro\/produkt\/horizontech-binaries-6k-einweg-e-zigarette-6000-zuege\/\" \/>\n<meta property=\"og:locale\" content=\"ro_RO\" \/>\n<meta property=\"og:type\" content=\"article\" \/>\n<meta property=\"og:title\" content=\"HorizonTech Binaries 6K Einweg-E-Zigarette 6000 Z\u00fcge | ElementVape.de\" \/>\n<meta property=\"og:description\" content=\"Wir bieten HorizonTech Binaries 6K Einweg-E-Zigarette 6000 Z\u00fcge , Elementvape.de akzeptieren Gro\u00df-und Einzelhandel Bestellungen.\" \/>\n<meta property=\"og:url\" content=\"https:\/\/www.elementvape.de\/ro\/produkt\/horizontech-binaries-6k-einweg-e-zigarette-6000-zuege\/\" \/>\n<meta property=\"og:site_name\" content=\"ElementVape.de\" \/>\n<meta property=\"article:modified_time\" content=\"2024-09-12T10:35:56+00:00\" \/>\n<meta property=\"og:image\" content=\"https:\/\/www.elementvape.de\/wp-content\/uploads\/2024\/06\/HorizonBinaries6KDisposableVapeKit6000Puffs__1.webp\" \/>\n\t<meta property=\"og:image:width\" content=\"800\" \/>\n\t<meta property=\"og:image:height\" content=\"800\" \/>\n\t<meta property=\"og:image:type\" content=\"image\/webp\" \/>\n<meta name=\"twitter:card\" content=\"summary_large_image\" \/>\n<meta name=\"twitter:label1\" content=\"Est. reading time\" \/>\n\t<meta name=\"twitter:data1\" content=\"2 minute\" \/>\n<script type=\"application\/ld+json\" class=\"yoast-schema-graph\">{\"@context\":\"https:\/\/schema.org\",\"@graph\":[{\"@type\":\"WebPage\",\"@id\":\"https:\/\/www.elementvape.de\/fi\/produkt\/horizontech-binaries-6k-einweg-e-zigarette-6000-zuege\/\",\"url\":\"https:\/\/www.elementvape.de\/fi\/produkt\/horizontech-binaries-6k-einweg-e-zigarette-6000-zuege\/\",\"name\":\"HorizonTech Binaries 6K Einweg-E-Zigarette 6000 Z\u00fcge | ElementVape.de\",\"isPartOf\":{\"@id\":\"https:\/\/www.elementvape.de\/#website\"},\"primaryImageOfPage\":{\"@id\":\"https:\/\/www.elementvape.de\/fi\/produkt\/horizontech-binaries-6k-einweg-e-zigarette-6000-zuege\/#primaryimage\"},\"image\":{\"@id\":\"https:\/\/www.elementvape.de\/fi\/produkt\/horizontech-binaries-6k-einweg-e-zigarette-6000-zuege\/#primaryimage\"},\"thumbnailUrl\":\"https:\/\/www.elementvape.de\/wp-content\/uploads\/2024\/06\/HorizonBinaries6KDisposableVapeKit6000Puffs__1.webp\",\"datePublished\":\"2024-06-18T09:42:37+00:00\",\"dateModified\":\"2024-09-12T10:35:56+00:00\",\"description\":\"Wir bieten HorizonTech Binaries 6K Einweg-E-Zigarette 6000 Z\u00fcge , Elementvape.de akzeptieren Gro\u00df-und Einzelhandel Bestellungen.\",\"breadcrumb\":{\"@id\":\"https:\/\/www.elementvape.de\/fi\/produkt\/horizontech-binaries-6k-einweg-e-zigarette-6000-zuege\/#breadcrumb\"},\"inLanguage\":\"ro-RO\",\"potentialAction\":[{\"@type\":\"ReadAction\",\"target\":[\"https:\/\/www.elementvape.de\/fi\/produkt\/horizontech-binaries-6k-einweg-e-zigarette-6000-zuege\/\"]}]},{\"@type\":\"ImageObject\",\"inLanguage\":\"ro-RO\",\"@id\":\"https:\/\/www.elementvape.de\/fi\/produkt\/horizontech-binaries-6k-einweg-e-zigarette-6000-zuege\/#primaryimage\",\"url\":\"https:\/\/www.elementvape.de\/wp-content\/uploads\/2024\/06\/HorizonBinaries6KDisposableVapeKit6000Puffs__1.webp\",\"contentUrl\":\"https:\/\/www.elementvape.de\/wp-content\/uploads\/2024\/06\/HorizonBinaries6KDisposableVapeKit6000Puffs__1.webp\",\"width\":800,\"height\":800,\"caption\":\"HorizonBinaries6KDisposableVapeKit6000Puffs__1\"},{\"@type\":\"BreadcrumbList\",\"@id\":\"https:\/\/www.elementvape.de\/fi\/produkt\/horizontech-binaries-6k-einweg-e-zigarette-6000-zuege\/#breadcrumb\",\"itemListElement\":[{\"@type\":\"ListItem\",\"position\":1,\"name\":\"Home\",\"item\":\"https:\/\/www.elementvape.de\/\"},{\"@type\":\"ListItem\",\"position\":2,\"name\":\"Shop\",\"item\":\"https:\/\/www.elementvape.de\/shop\/\"},{\"@type\":\"ListItem\",\"position\":3,\"name\":\"HorizonTech Binaries 6K Einweg-E-Zigarette 6000 Z\u00fcge\"}]},{\"@type\":\"WebSite\",\"@id\":\"https:\/\/www.elementvape.de\/#website\",\"url\":\"https:\/\/www.elementvape.de\/\",\"name\":\"ElementVape.de\",\"description\":\"\",\"publisher\":{\"@id\":\"https:\/\/www.elementvape.de\/#organization\"},\"potentialAction\":[{\"@type\":\"SearchAction\",\"target\":{\"@type\":\"EntryPoint\",\"urlTemplate\":\"https:\/\/www.elementvape.de\/?s={search_term_string}\"},\"query-input\":\"required name=search_term_string\"}],\"inLanguage\":\"ro-RO\"},{\"@type\":\"Organization\",\"@id\":\"https:\/\/www.elementvape.de\/#organization\",\"name\":\"ElementVape.DE\",\"url\":\"https:\/\/www.elementvape.de\/\",\"logo\":{\"@type\":\"ImageObject\",\"inLanguage\":\"ro-RO\",\"@id\":\"https:\/\/www.elementvape.de\/#\/schema\/logo\/image\/\",\"url\":\"https:\/\/www.elementvape.de\/wp-content\/uploads\/2024\/09\/cropped-1elementvape-3.png\",\"contentUrl\":\"https:\/\/www.elementvape.de\/wp-content\/uploads\/2024\/09\/cropped-1elementvape-3.png\",\"width\":285,\"height\":228,\"caption\":\"ElementVape.DE\"},\"image\":{\"@id\":\"https:\/\/www.elementvape.de\/#\/schema\/logo\/image\/\"}}]}<\/script>\n<!-- \/ Yoast SEO plugin. -->","yoast_head_json":{"title":"HorizonTech Binaries 6K Einweg-E-Zigarette 6000 Z\u00fcge | ElementVape.de","description":"Wir bieten HorizonTech Binaries 6K Einweg-E-Zigarette 6000 Z\u00fcge , Elementvape.de akzeptieren Gro\u00df-und Einzelhandel Bestellungen.","robots":{"index":"index","follow":"follow","max-snippet":"max-snippet:-1","max-image-preview":"max-image-preview:large","max-video-preview":"max-video-preview:-1"},"canonical":"https:\/\/www.elementvape.de\/ro\/produkt\/horizontech-binaries-6k-einweg-e-zigarette-6000-zuege\/","og_locale":"ro_RO","og_type":"article","og_title":"HorizonTech Binaries 6K Einweg-E-Zigarette 6000 Z\u00fcge | ElementVape.de","og_description":"Wir bieten HorizonTech Binaries 6K Einweg-E-Zigarette 6000 Z\u00fcge , Elementvape.de akzeptieren Gro\u00df-und Einzelhandel Bestellungen.","og_url":"https:\/\/www.elementvape.de\/ro\/produkt\/horizontech-binaries-6k-einweg-e-zigarette-6000-zuege\/","og_site_name":"ElementVape.de","article_modified_time":"2024-09-12T10:35:56+00:00","og_image":[{"width":800,"height":800,"url":"https:\/\/www.elementvape.de\/wp-content\/uploads\/2024\/06\/HorizonBinaries6KDisposableVapeKit6000Puffs__1.webp","type":"image\/webp"}],"twitter_card":"summary_large_image","twitter_misc":{"Est. reading time":"2 minute"},"schema":{"@context":"https:\/\/schema.org","@graph":[{"@type":"WebPage","@id":"https:\/\/www.elementvape.de\/fi\/produkt\/horizontech-binaries-6k-einweg-e-zigarette-6000-zuege\/","url":"https:\/\/www.elementvape.de\/fi\/produkt\/horizontech-binaries-6k-einweg-e-zigarette-6000-zuege\/","name":"HorizonTech Binaries 6K Einweg-E-Zigarette 6000 Z\u00fcge | ElementVape.de","isPartOf":{"@id":"https:\/\/www.elementvape.de\/#website"},"primaryImageOfPage":{"@id":"https:\/\/www.elementvape.de\/fi\/produkt\/horizontech-binaries-6k-einweg-e-zigarette-6000-zuege\/#primaryimage"},"image":{"@id":"https:\/\/www.elementvape.de\/fi\/produkt\/horizontech-binaries-6k-einweg-e-zigarette-6000-zuege\/#primaryimage"},"thumbnailUrl":"https:\/\/www.elementvape.de\/wp-content\/uploads\/2024\/06\/HorizonBinaries6KDisposableVapeKit6000Puffs__1.webp","datePublished":"2024-06-18T09:42:37+00:00","dateModified":"2024-09-12T10:35:56+00:00","description":"Wir bieten HorizonTech Binaries 6K Einweg-E-Zigarette 6000 Z\u00fcge , Elementvape.de akzeptieren Gro\u00df-und Einzelhandel Bestellungen.","breadcrumb":{"@id":"https:\/\/www.elementvape.de\/fi\/produkt\/horizontech-binaries-6k-einweg-e-zigarette-6000-zuege\/#breadcrumb"},"inLanguage":"ro-RO","potentialAction":[{"@type":"ReadAction","target":["https:\/\/www.elementvape.de\/fi\/produkt\/horizontech-binaries-6k-einweg-e-zigarette-6000-zuege\/"]}]},{"@type":"ImageObject","inLanguage":"ro-RO","@id":"https:\/\/www.elementvape.de\/fi\/produkt\/horizontech-binaries-6k-einweg-e-zigarette-6000-zuege\/#primaryimage","url":"https:\/\/www.elementvape.de\/wp-content\/uploads\/2024\/06\/HorizonBinaries6KDisposableVapeKit6000Puffs__1.webp","contentUrl":"https:\/\/www.elementvape.de\/wp-content\/uploads\/2024\/06\/HorizonBinaries6KDisposableVapeKit6000Puffs__1.webp","width":800,"height":800,"caption":"HorizonBinaries6KDisposableVapeKit6000Puffs__1"},{"@type":"BreadcrumbList","@id":"https:\/\/www.elementvape.de\/fi\/produkt\/horizontech-binaries-6k-einweg-e-zigarette-6000-zuege\/#breadcrumb","itemListElement":[{"@type":"ListItem","position":1,"name":"Home","item":"https:\/\/www.elementvape.de\/"},{"@type":"ListItem","position":2,"name":"Shop","item":"https:\/\/www.elementvape.de\/shop\/"},{"@type":"ListItem","position":3,"name":"HorizonTech Binaries 6K Einweg-E-Zigarette 6000 Z\u00fcge"}]},{"@type":"WebSite","@id":"https:\/\/www.elementvape.de\/#website","url":"https:\/\/www.elementvape.de\/","name":"ElementVape.de","description":"","publisher":{"@id":"https:\/\/www.elementvape.de\/#organization"},"potentialAction":[{"@type":"SearchAction","target":{"@type":"EntryPoint","urlTemplate":"https:\/\/www.elementvape.de\/?s={search_term_string}"},"query-input":"required name=search_term_string"}],"inLanguage":"ro-RO"},{"@type":"Organization","@id":"https:\/\/www.elementvape.de\/#organization","name":"ElementVape.DE","url":"https:\/\/www.elementvape.de\/","logo":{"@type":"ImageObject","inLanguage":"ro-RO","@id":"https:\/\/www.elementvape.de\/#\/schema\/logo\/image\/","url":"https:\/\/www.elementvape.de\/wp-content\/uploads\/2024\/09\/cropped-1elementvape-3.png","contentUrl":"https:\/\/www.elementvape.de\/wp-content\/uploads\/2024\/09\/cropped-1elementvape-3.png","width":285,"height":228,"caption":"ElementVape.DE"},"image":{"@id":"https:\/\/www.elementvape.de\/#\/schema\/logo\/image\/"}}]}},"_links":{"self":[{"href":"https:\/\/www.elementvape.de\/ro\/wp-json\/wp\/v2\/product\/12501"}],"collection":[{"href":"https:\/\/www.elementvape.de\/ro\/wp-json\/wp\/v2\/product"}],"about":[{"href":"https:\/\/www.elementvape.de\/ro\/wp-json\/wp\/v2\/types\/product"}],"wp:featuredmedia":[{"embeddable":true,"href":"https:\/\/www.elementvape.de\/ro\/wp-json\/wp\/v2\/media\/12502"}],"wp:attachment":[{"href":"https:\/\/www.elementvape.de\/ro\/wp-json\/wp\/v2\/media?parent=12501"}],"wp:term":[{"taxonomy":"product_cat","embeddable":true,"href":"https:\/\/www.elementvape.de\/ro\/wp-json\/wp\/v2\/product_cat?post=12501"},{"taxonomy":"product_tag","embeddable":true,"href":"https:\/\/www.elementvape.de\/ro\/wp-json\/wp\/v2\/product_tag?post=12501"}],"curies":[{"name":"wp","href":"https:\/\/api.w.org\/{rel}","templated":true}]}}