{"id":12362,"date":"2024-06-18T03:49:30","date_gmt":"2024-06-18T03:49:30","guid":{"rendered":"https:\/\/www.elementvape.de\/?post_type=product&#038;p=12362"},"modified":"2024-09-12T10:36:01","modified_gmt":"2024-09-12T10:36:01","slug":"voopoo-vmate-max-pod-system-kit-1200mah-3ml","status":"publish","type":"product","link":"https:\/\/www.elementvape.de\/ro\/produkt\/voopoo-vmate-max-pod-system-kit-1200mah-3ml\/","title":{"rendered":"Sistem de capsule VOOPOO Vmate Max 1200mAh 3ml"},"content":{"rendered":"<h2>Descrierea Produsului VOOPOO VMATE MAX Vape<\/h2>\n<p>VOOPOO VMATE MAX este un sistem POD emblematic, care impresioneaz\u0103 prin durata sa lung\u0103 de via\u021b\u0103 de 90 ml \u0219i un nou ecran Hidden Horizon. Acest ecran aduce o estetic\u0103 subtil\u0103 \u0219i asigur\u0103 un aspect curat \u0219i elegant. Cu noua cartu\u0219\u0103 \u201e3X\u201d upgrade VMATE Top-Fill, dispozitivul ofer\u0103 durabilitate, protec\u021bie \u00eempotriva scurgerilor \u0219i gust excelente. Este proiectat pentru cartu\u0219ul cu cea mai mic\u0103 rezisten\u021b\u0103 de 0,4 ohmi (doar pentru Vmate Max <strong><a href=\"https:\/\/www.elementvape.de\/ro\/c\/pod\/\">Pod<\/a><\/strong> potrivit) \u0219i o putere maxim\u0103 de ie\u0219ire de 30 W, pentru a oferi vapori den\u0219i \u0219i o experien\u021b\u0103 RDL lin\u0103. Bateria \u00eencorporat\u0103 de 1200 mAh accept\u0103 p\u00e2n\u0103 la 3 zile de vapat \u0219i ofer\u0103 o experien\u021b\u0103 de vapat stabil\u0103 \u0219i de lung\u0103 durat\u0103. Datorit\u0103 \u00eenc\u0103rc\u0103rii rapide cu 5 V\/2 A, grija pentru baterie apar\u021bine trecutului.<\/p>\n<h3>Func\u021bii<\/h3>\n<ol>\n<li>Baterie \u00eencorporat\u0103 de 1200mAh<\/li>\n<li>Capacitate de 3 ml E-lichid<\/li>\n<li>\u00cenc\u0103rcare rapid\u0103 Type-C<\/li>\n<li>Sistem de umplere superioar\u0103<\/li>\n<li>Putere maxim\u0103 de ie\u0219ire de 30 W<\/li>\n<li>Ecran interactiv \u0219i lumini<\/li>\n<li>Flux de aer reglabil<\/li>\n<\/ol>\n<h3>Parametri fizici<\/h3>\n<ul>\n<li><strong>Marc\u0103:<\/strong> VOOPOO<\/li>\n<li><strong>Dimensiune:<\/strong> 103 x 29 x 18,7 mm<\/li>\n<li><strong>Capacitate E-Lichid:<\/strong> 3 ml \/ 2 ml (TPD)<\/li>\n<li><strong>Interval de wa\u021bi:<\/strong> 5-30 W reglabil<\/li>\n<li><strong>E-lichid recomandat:<\/strong> \u226450 mg (Freebase \/ Sare de nicotin\u0103)<\/li>\n<li><strong>Umplere cu E-lichid:<\/strong> Umplere superioar\u0103<\/li>\n<li><strong>Compatibilitate:<\/strong> Toate cartu\u0219ele VMATE<\/li>\n<li><strong>Capacitate baterie:<\/strong> 1200 mAh<\/li>\n<li><strong>Tensiune de ie\u0219ire:<\/strong> 3,2-4,2 V<\/li>\n<li><strong>Interval de rezisten\u021b\u0103:<\/strong> 0,4-3,0 Ohm<\/li>\n<li><strong>\u00cenc\u0103rcare:<\/strong> Tip-C 5 V \/ 2 A<\/li>\n<li><strong>Flux de aer:<\/strong> Flux de aer reglabil continuu<\/li>\n<li><strong>Ecran:<\/strong> Ecran Horizon ascuns + band\u0103 LED cu 256 de culori duale<\/li>\n<li><strong>Material:<\/strong> Aliaj de zinc<\/li>\n<\/ul>\n<h3>Con\u021binutul pachetului<\/h3>\n<ul>\n<li>1 x dispozitiv VMATE MAX<\/li>\n<li>1 x cartu\u0219 de umplere superioar\u0103 VMATE 0,4 Ohm (3 ml)<\/li>\n<li>1 x cartu\u0219 de umplere superioar\u0103 VMATE 0,7 Ohm (3 ml)<\/li>\n<li>1 x cablu Tip-C<\/li>\n<li>1 x Manual de utilizare<\/li>\n<\/ul>\n<h3>Descriere func\u021bionalitate<\/h3>\n<ul>\n<li><strong>Pornirea dispozitivului:<\/strong> Ap\u0103sa\u021bi butonul de 5 ori consecutiv.<\/li>\n<li><strong>Activare:<\/strong> Tragere automat\u0103, activat\u0103 la tragerea din POD.<\/li>\n<li><strong>Ecran ON\/OFF:<\/strong> Ap\u0103sa\u021bi butonul de foc de 2 ori rapid consecutiv.<\/li>\n<li><strong>Reglarea puterii:<\/strong> Ap\u0103sa\u021bi butonul de 3 ori consecutiv.<\/li>\n<li><strong>Acceseaz\u0103 meniul:<\/strong> Apas\u0103 de 5 ori rapid, apas\u0103 scurt pentru selectare, apas\u0103 lung pentru confirmare.<\/li>\n<\/ul>\n<h4>Op\u021biuni de meniu:<\/h4>\n<ol>\n<li>\u0218tergere puff<\/li>\n<li>Comutare \u00eentre 2 moduri de ie\u0219ire: Mod Shift\/Mod Power\n<ul>\n<li><strong>Mod Shift:<\/strong> Ofer\u0103 3 op\u021biuni de ie\u0219ire (SPT, NOR, ECO)<\/li>\n<li><strong>Mod Power:<\/strong> Ajustare manual\u0103 a puterii de ie\u0219ire (max. 30 W)<\/li>\n<\/ul>\n<\/li>\n<li>Opre\u0219te dispozitivul<\/li>\n<li>Ie\u0219i din interfa\u021ba meniului<\/li>\n<\/ol>\n<h3>Avertismente:<\/h3>\n<ul>\n<li><strong>Scurgere pod:<\/strong> La c\u0103l\u0103torii cu avionul, lichidul electronic poate scurge sub presiune ridicat\u0103. Podoabele p\u0103strate separat de obiecte importante.<\/li>\n<li><strong>Manipularea condensului:<\/strong> Se poate forma condens u\u0219or de lichid \u00een cazul diferen\u021belor de temperatur\u0103. Scoate podul \u0219i scutur\u0103 \u00een jos pentru a elimina condensul.<\/li>\n<\/ul>\n<p>Cel <strong>VOOPOO VMATE MAX<\/strong> ofer\u0103 o experien\u021b\u0103 de vapare de \u00eenalt\u0103 calitate \u0219i personalizabil\u0103, ideal\u0103 pentru vapori care apreciaz\u0103 durabilitatea \u0219i performan\u021ba.<\/p>","protected":false},"excerpt":{"rendered":"<p>VOOPOO VMATE MAX Vape-Produktbeschreibung Der VOOPOO VMATE MAX ist ein Flaggschiff-POD-System, das mit seiner langen Lebensdauer von 90 ml und einem neuen Hidden Horizon-Bildschirm \u00fcberzeugt. Dieser Bildschirm bringt eine dezente \u00c4sthetik und sorgt f\u00fcr ein sauberes, elegantes Erscheinungsbild. Mit der neuen \u201e3X\u201c-Upgrade-VMATE-Top-Fill-Kartusche bietet das Ger\u00e4t hervorragende Langlebigkeit, Auslaufschutz und Geschmack. Es ist f\u00fcr die Kartusche [&hellip;]<\/p>","protected":false},"featured_media":12370,"template":"","meta":{"inline_featured_image":false},"product_cat":[754,745,742,748,744,755,738,751,76],"product_tag":[],"tiered_pricing_type":"fixed","tiered_pricing_fixed_rules":[],"tiered_pricing_percentage_rules":[],"tiered_pricing_minimum":1,"_administrator_tiered_pricing_type":"fixed","_administrator_tiered_pricing_fixed_rules":[],"_editor_tiered_pricing_type":"fixed","_editor_tiered_pricing_fixed_rules":[],"_author_tiered_pricing_type":"fixed","_author_tiered_pricing_fixed_rules":[],"_contributor_tiered_pricing_type":"fixed","_contributor_tiered_pricing_fixed_rules":[],"_subscriber_tiered_pricing_type":"fixed","_subscriber_tiered_pricing_fixed_rules":[],"_customer_tiered_pricing_type":"fixed","_customer_tiered_pricing_fixed_rules":[],"_shop_manager_tiered_pricing_type":"fixed","_shop_manager_tiered_pricing_fixed_rules":[],"_wpseo_manager_tiered_pricing_type":"fixed","_wpseo_manager_tiered_pricing_fixed_rules":[],"_wpseo_editor_tiered_pricing_type":"fixed","_wpseo_editor_tiered_pricing_fixed_rules":[],"_wholesale_customer_tiered_pricing_type":"fixed","_wholesale_customer_tiered_pricing_fixed_rules":[],"_marketer_tiered_pricing_type":"fixed","_marketer_tiered_pricing_fixed_rules":[],"_sales_manager_tiered_pricing_type":"fixed","_sales_manager_tiered_pricing_fixed_rules":[],"_sales_rep_tiered_pricing_type":"fixed","_sales_rep_tiered_pricing_fixed_rules":[],"yoast_head":"<!-- This site is optimized with the Yoast SEO plugin v23.3 - https:\/\/yoast.com\/wordpress\/plugins\/seo\/ -->\n<title>VOOPOO Vmate Max Pod System Kit 1200mAh 3ml | ElementVape.de<\/title>\n<meta name=\"description\" content=\"Wir bieten VOOPOO Vmate Max Pod System Kit 1200mAh 3ml , Elementvape.de akzeptieren Gro\u00df-und Einzelhandel Bestellungen.\" \/>\n<meta name=\"robots\" content=\"index, follow, max-snippet:-1, max-image-preview:large, max-video-preview:-1\" \/>\n<link rel=\"canonical\" href=\"https:\/\/www.elementvape.de\/ro\/produkt\/voopoo-vmate-max-pod-system-kit-1200mah-3ml\/\" \/>\n<meta property=\"og:locale\" content=\"ro_RO\" \/>\n<meta property=\"og:type\" content=\"article\" \/>\n<meta property=\"og:title\" content=\"VOOPOO Vmate Max Pod System Kit 1200mAh 3ml | ElementVape.de\" \/>\n<meta property=\"og:description\" content=\"Wir bieten VOOPOO Vmate Max Pod System Kit 1200mAh 3ml , Elementvape.de akzeptieren Gro\u00df-und Einzelhandel Bestellungen.\" \/>\n<meta property=\"og:url\" content=\"https:\/\/www.elementvape.de\/ro\/produkt\/voopoo-vmate-max-pod-system-kit-1200mah-3ml\/\" \/>\n<meta property=\"og:site_name\" content=\"ElementVape.de\" \/>\n<meta property=\"article:modified_time\" content=\"2024-09-12T10:36:01+00:00\" \/>\n<meta property=\"og:image\" content=\"https:\/\/www.elementvape.de\/wp-content\/uploads\/2024\/06\/voopoo-vmate-max-pod-1.webp\" \/>\n\t<meta property=\"og:image:width\" content=\"800\" \/>\n\t<meta property=\"og:image:height\" content=\"800\" \/>\n\t<meta property=\"og:image:type\" content=\"image\/webp\" \/>\n<meta name=\"twitter:card\" content=\"summary_large_image\" \/>\n<meta name=\"twitter:label1\" content=\"Est. reading time\" \/>\n\t<meta name=\"twitter:data1\" content=\"3 minute\" \/>\n<script type=\"application\/ld+json\" class=\"yoast-schema-graph\">{\"@context\":\"https:\/\/schema.org\",\"@graph\":[{\"@type\":\"WebPage\",\"@id\":\"https:\/\/www.elementvape.de\/en\/produkt\/voopoo-vmate-max-pod-system-kit-1200mah-3ml\/\",\"url\":\"https:\/\/www.elementvape.de\/en\/produkt\/voopoo-vmate-max-pod-system-kit-1200mah-3ml\/\",\"name\":\"VOOPOO Vmate Max Pod System Kit 1200mAh 3ml | ElementVape.de\",\"isPartOf\":{\"@id\":\"https:\/\/www.elementvape.de\/#website\"},\"primaryImageOfPage\":{\"@id\":\"https:\/\/www.elementvape.de\/en\/produkt\/voopoo-vmate-max-pod-system-kit-1200mah-3ml\/#primaryimage\"},\"image\":{\"@id\":\"https:\/\/www.elementvape.de\/en\/produkt\/voopoo-vmate-max-pod-system-kit-1200mah-3ml\/#primaryimage\"},\"thumbnailUrl\":\"https:\/\/www.elementvape.de\/wp-content\/uploads\/2024\/06\/voopoo-vmate-max-pod-1.webp\",\"datePublished\":\"2024-06-18T03:49:30+00:00\",\"dateModified\":\"2024-09-12T10:36:01+00:00\",\"description\":\"Wir bieten VOOPOO Vmate Max Pod System Kit 1200mAh 3ml , Elementvape.de akzeptieren Gro\u00df-und Einzelhandel Bestellungen.\",\"breadcrumb\":{\"@id\":\"https:\/\/www.elementvape.de\/en\/produkt\/voopoo-vmate-max-pod-system-kit-1200mah-3ml\/#breadcrumb\"},\"inLanguage\":\"ro-RO\",\"potentialAction\":[{\"@type\":\"ReadAction\",\"target\":[\"https:\/\/www.elementvape.de\/en\/produkt\/voopoo-vmate-max-pod-system-kit-1200mah-3ml\/\"]}]},{\"@type\":\"ImageObject\",\"inLanguage\":\"ro-RO\",\"@id\":\"https:\/\/www.elementvape.de\/en\/produkt\/voopoo-vmate-max-pod-system-kit-1200mah-3ml\/#primaryimage\",\"url\":\"https:\/\/www.elementvape.de\/wp-content\/uploads\/2024\/06\/voopoo-vmate-max-pod-1.webp\",\"contentUrl\":\"https:\/\/www.elementvape.de\/wp-content\/uploads\/2024\/06\/voopoo-vmate-max-pod-1.webp\",\"width\":800,\"height\":800,\"caption\":\"voopoo-vmate-max-pod-1\"},{\"@type\":\"BreadcrumbList\",\"@id\":\"https:\/\/www.elementvape.de\/en\/produkt\/voopoo-vmate-max-pod-system-kit-1200mah-3ml\/#breadcrumb\",\"itemListElement\":[{\"@type\":\"ListItem\",\"position\":1,\"name\":\"Home\",\"item\":\"https:\/\/www.elementvape.de\/\"},{\"@type\":\"ListItem\",\"position\":2,\"name\":\"Shop\",\"item\":\"https:\/\/www.elementvape.de\/shop\/\"},{\"@type\":\"ListItem\",\"position\":3,\"name\":\"VOOPOO Vmate Max Pod System Kit 1200mAh 3ml\"}]},{\"@type\":\"WebSite\",\"@id\":\"https:\/\/www.elementvape.de\/#website\",\"url\":\"https:\/\/www.elementvape.de\/\",\"name\":\"ElementVape.de\",\"description\":\"\",\"publisher\":{\"@id\":\"https:\/\/www.elementvape.de\/#organization\"},\"potentialAction\":[{\"@type\":\"SearchAction\",\"target\":{\"@type\":\"EntryPoint\",\"urlTemplate\":\"https:\/\/www.elementvape.de\/?s={search_term_string}\"},\"query-input\":\"required name=search_term_string\"}],\"inLanguage\":\"ro-RO\"},{\"@type\":\"Organization\",\"@id\":\"https:\/\/www.elementvape.de\/#organization\",\"name\":\"ElementVape.DE\",\"url\":\"https:\/\/www.elementvape.de\/\",\"logo\":{\"@type\":\"ImageObject\",\"inLanguage\":\"ro-RO\",\"@id\":\"https:\/\/www.elementvape.de\/#\/schema\/logo\/image\/\",\"url\":\"https:\/\/www.elementvape.de\/wp-content\/uploads\/2024\/09\/cropped-1elementvape-3.png\",\"contentUrl\":\"https:\/\/www.elementvape.de\/wp-content\/uploads\/2024\/09\/cropped-1elementvape-3.png\",\"width\":285,\"height\":228,\"caption\":\"ElementVape.DE\"},\"image\":{\"@id\":\"https:\/\/www.elementvape.de\/#\/schema\/logo\/image\/\"}}]}<\/script>\n<!-- \/ Yoast SEO plugin. -->","yoast_head_json":{"title":"VOOPOO Vmate Max Pod System Kit 1200mAh 3ml | ElementVape.de","description":"Wir bieten VOOPOO Vmate Max Pod System Kit 1200mAh 3ml , Elementvape.de akzeptieren Gro\u00df-und Einzelhandel Bestellungen.","robots":{"index":"index","follow":"follow","max-snippet":"max-snippet:-1","max-image-preview":"max-image-preview:large","max-video-preview":"max-video-preview:-1"},"canonical":"https:\/\/www.elementvape.de\/ro\/produkt\/voopoo-vmate-max-pod-system-kit-1200mah-3ml\/","og_locale":"ro_RO","og_type":"article","og_title":"VOOPOO Vmate Max Pod System Kit 1200mAh 3ml | ElementVape.de","og_description":"Wir bieten VOOPOO Vmate Max Pod System Kit 1200mAh 3ml , Elementvape.de akzeptieren Gro\u00df-und Einzelhandel Bestellungen.","og_url":"https:\/\/www.elementvape.de\/ro\/produkt\/voopoo-vmate-max-pod-system-kit-1200mah-3ml\/","og_site_name":"ElementVape.de","article_modified_time":"2024-09-12T10:36:01+00:00","og_image":[{"width":800,"height":800,"url":"https:\/\/www.elementvape.de\/wp-content\/uploads\/2024\/06\/voopoo-vmate-max-pod-1.webp","type":"image\/webp"}],"twitter_card":"summary_large_image","twitter_misc":{"Est. reading time":"3 minute"},"schema":{"@context":"https:\/\/schema.org","@graph":[{"@type":"WebPage","@id":"https:\/\/www.elementvape.de\/en\/produkt\/voopoo-vmate-max-pod-system-kit-1200mah-3ml\/","url":"https:\/\/www.elementvape.de\/en\/produkt\/voopoo-vmate-max-pod-system-kit-1200mah-3ml\/","name":"VOOPOO Vmate Max Pod System Kit 1200mAh 3ml | ElementVape.de","isPartOf":{"@id":"https:\/\/www.elementvape.de\/#website"},"primaryImageOfPage":{"@id":"https:\/\/www.elementvape.de\/en\/produkt\/voopoo-vmate-max-pod-system-kit-1200mah-3ml\/#primaryimage"},"image":{"@id":"https:\/\/www.elementvape.de\/en\/produkt\/voopoo-vmate-max-pod-system-kit-1200mah-3ml\/#primaryimage"},"thumbnailUrl":"https:\/\/www.elementvape.de\/wp-content\/uploads\/2024\/06\/voopoo-vmate-max-pod-1.webp","datePublished":"2024-06-18T03:49:30+00:00","dateModified":"2024-09-12T10:36:01+00:00","description":"Wir bieten VOOPOO Vmate Max Pod System Kit 1200mAh 3ml , Elementvape.de akzeptieren Gro\u00df-und Einzelhandel Bestellungen.","breadcrumb":{"@id":"https:\/\/www.elementvape.de\/en\/produkt\/voopoo-vmate-max-pod-system-kit-1200mah-3ml\/#breadcrumb"},"inLanguage":"ro-RO","potentialAction":[{"@type":"ReadAction","target":["https:\/\/www.elementvape.de\/en\/produkt\/voopoo-vmate-max-pod-system-kit-1200mah-3ml\/"]}]},{"@type":"ImageObject","inLanguage":"ro-RO","@id":"https:\/\/www.elementvape.de\/en\/produkt\/voopoo-vmate-max-pod-system-kit-1200mah-3ml\/#primaryimage","url":"https:\/\/www.elementvape.de\/wp-content\/uploads\/2024\/06\/voopoo-vmate-max-pod-1.webp","contentUrl":"https:\/\/www.elementvape.de\/wp-content\/uploads\/2024\/06\/voopoo-vmate-max-pod-1.webp","width":800,"height":800,"caption":"voopoo-vmate-max-pod-1"},{"@type":"BreadcrumbList","@id":"https:\/\/www.elementvape.de\/en\/produkt\/voopoo-vmate-max-pod-system-kit-1200mah-3ml\/#breadcrumb","itemListElement":[{"@type":"ListItem","position":1,"name":"Home","item":"https:\/\/www.elementvape.de\/"},{"@type":"ListItem","position":2,"name":"Shop","item":"https:\/\/www.elementvape.de\/shop\/"},{"@type":"ListItem","position":3,"name":"VOOPOO Vmate Max Pod System Kit 1200mAh 3ml"}]},{"@type":"WebSite","@id":"https:\/\/www.elementvape.de\/#website","url":"https:\/\/www.elementvape.de\/","name":"ElementVape.de","description":"","publisher":{"@id":"https:\/\/www.elementvape.de\/#organization"},"potentialAction":[{"@type":"SearchAction","target":{"@type":"EntryPoint","urlTemplate":"https:\/\/www.elementvape.de\/?s={search_term_string}"},"query-input":"required name=search_term_string"}],"inLanguage":"ro-RO"},{"@type":"Organization","@id":"https:\/\/www.elementvape.de\/#organization","name":"ElementVape.DE","url":"https:\/\/www.elementvape.de\/","logo":{"@type":"ImageObject","inLanguage":"ro-RO","@id":"https:\/\/www.elementvape.de\/#\/schema\/logo\/image\/","url":"https:\/\/www.elementvape.de\/wp-content\/uploads\/2024\/09\/cropped-1elementvape-3.png","contentUrl":"https:\/\/www.elementvape.de\/wp-content\/uploads\/2024\/09\/cropped-1elementvape-3.png","width":285,"height":228,"caption":"ElementVape.DE"},"image":{"@id":"https:\/\/www.elementvape.de\/#\/schema\/logo\/image\/"}}]}},"_links":{"self":[{"href":"https:\/\/www.elementvape.de\/ro\/wp-json\/wp\/v2\/product\/12362"}],"collection":[{"href":"https:\/\/www.elementvape.de\/ro\/wp-json\/wp\/v2\/product"}],"about":[{"href":"https:\/\/www.elementvape.de\/ro\/wp-json\/wp\/v2\/types\/product"}],"wp:featuredmedia":[{"embeddable":true,"href":"https:\/\/www.elementvape.de\/ro\/wp-json\/wp\/v2\/media\/12370"}],"wp:attachment":[{"href":"https:\/\/www.elementvape.de\/ro\/wp-json\/wp\/v2\/media?parent=12362"}],"wp:term":[{"taxonomy":"product_cat","embeddable":true,"href":"https:\/\/www.elementvape.de\/ro\/wp-json\/wp\/v2\/product_cat?post=12362"},{"taxonomy":"product_tag","embeddable":true,"href":"https:\/\/www.elementvape.de\/ro\/wp-json\/wp\/v2\/product_tag?post=12362"}],"curies":[{"name":"wp","href":"https:\/\/api.w.org\/{rel}","templated":true}]}}