{"id":11526,"date":"2024-06-03T10:01:36","date_gmt":"2024-06-03T10:01:36","guid":{"rendered":"https:\/\/www.elementvape.de\/?post_type=product&#038;p=11526"},"modified":"2024-09-12T10:36:31","modified_gmt":"2024-09-12T10:36:31","slug":"randm-max-pro-3600-puffs-cartoon-stil-einweg-vape","status":"publish","type":"product","link":"https:\/\/www.elementvape.de\/ro\/produkt\/randm-max-pro-3600-puffs-cartoon-stil-einweg-vape\/","title":{"rendered":"RandM Max Pro 3600 Pufuri Vape de unic\u0103 folosin\u021b\u0103 \u00een stil desen animat"},"content":{"rendered":"<h2>Descriere RandM Max Pro 3600 Pufuri<\/h2>\n<p>RandM Max Pro este un dispozitiv de vaping de unic\u0103 folosin\u021b\u0103 cu un cartu\u0219 de vaping de unic\u0103 folosin\u021b\u0103 \u00een designul popular de desene animate. Con\u021bine 10 ml de lichid electronic cu sare de nicotin\u0103 0\/2\/3\/5 % \u0219i permite p\u00e2n\u0103 la 3600 de pufuri. Ave\u021bi de ales \u00eentre 8 arome. Designul animat cu lumina LED intermitent\u0103 de pe buton \u00eel face cel mai cool dispozitiv de unic\u0103 folosin\u021b\u0103. De asemenea, dispune de o conexiune USB re\u00eenc\u0103rcabil\u0103 \u00een partea de jos a dispozitivului, garant\u00e2nd utilizarea ultimei pic\u0103turi de lichid electronic.<\/p>\n<h3>Caracteristici ale RandM Max Pro Vape de unic\u0103 folosin\u021b\u0103:<\/h3>\n<p>0\/2\/3\/5 % sare de nicotin\u0103.<br \/>\n10 ml lichid electronic.<br \/>\n3600 pufuri pe dispozitiv.<br \/>\nDesign de desen animat.<br \/>\nRe\u00eenc\u0103rcabil cu conexiune USB<br \/>\nDisponibil \u00een 8 arome.<br \/>\nBobin\u0103 din plas\u0103 (Mesh Coil)<br \/>\nDispozitiv de unic\u0103 folosin\u021b\u0103 (re\u00eenc\u0103rcabil \u0219i nereumplibil)<\/p>\n<h3>Arome:<\/h3>\n<p>1. Ghea\u021b\u0103 de ananas<br \/>\n2. Limonad\u0103 roz<br \/>\n3. Ghea\u021b\u0103 de mango<br \/>\n4. Ghea\u021b\u0103 Blue Razz<br \/>\n5. Aloe strugure<br \/>\n6. C\u0103p\u0219uni banan\u0103<br \/>\n7. Fructe de p\u0103dure mixte<br \/>\n8. Ghea\u021b\u0103 luxuriant\u0103<\/p>\n<h3>Detalii despre produs:<\/h3>\n<p>1 x RandM Max Pro Stil desen animat Vape de unic\u0103 folosin\u021b\u0103 3600 pufuri<\/p>","protected":false},"excerpt":{"rendered":"<p>RandM Max Pro 3600 Puffs Beschreibung RandM Max Pro ist ein Einweg-Vape-Ger\u00e4t mit einem Einweg-Vape-Pod im beliebten Cartoon-Design. Es enth\u00e4lt 10 ml 0\/2\/3\/5 % Nikotinsalz-E-Liquid und erm\u00f6glicht bis zu 3600 Z\u00fcge. Sie haben die Wahl zwischen 8 Geschmacksrichtungen. Das Animationsdesign mit dem blinkenden LED-Licht am Knopf macht es zum coolsten Einwegger\u00e4t. Au\u00dferdem verf\u00fcgt es \u00fcber [&hellip;]<\/p>","protected":false},"featured_media":11527,"template":"","meta":{"inline_featured_image":false},"product_cat":[78,754,745,742,748,744,755,738,751],"product_tag":[677],"tiered_pricing_type":"fixed","tiered_pricing_fixed_rules":[],"tiered_pricing_percentage_rules":[],"tiered_pricing_minimum":1,"_administrator_tiered_pricing_type":"fixed","_administrator_tiered_pricing_fixed_rules":[],"_editor_tiered_pricing_type":"fixed","_editor_tiered_pricing_fixed_rules":[],"_author_tiered_pricing_type":"fixed","_author_tiered_pricing_fixed_rules":[],"_contributor_tiered_pricing_type":"fixed","_contributor_tiered_pricing_fixed_rules":[],"_subscriber_tiered_pricing_type":"fixed","_subscriber_tiered_pricing_fixed_rules":[],"_customer_tiered_pricing_type":"fixed","_customer_tiered_pricing_fixed_rules":[],"_shop_manager_tiered_pricing_type":"fixed","_shop_manager_tiered_pricing_fixed_rules":[],"_wpseo_manager_tiered_pricing_type":"fixed","_wpseo_manager_tiered_pricing_fixed_rules":[],"_wpseo_editor_tiered_pricing_type":"fixed","_wpseo_editor_tiered_pricing_fixed_rules":[],"_wholesale_customer_tiered_pricing_type":"fixed","_wholesale_customer_tiered_pricing_fixed_rules":[],"_marketer_tiered_pricing_type":"fixed","_marketer_tiered_pricing_fixed_rules":[],"_sales_manager_tiered_pricing_type":"fixed","_sales_manager_tiered_pricing_fixed_rules":[],"_sales_rep_tiered_pricing_type":"fixed","_sales_rep_tiered_pricing_fixed_rules":[],"yoast_head":"<!-- This site is optimized with the Yoast SEO plugin v23.3 - https:\/\/yoast.com\/wordpress\/plugins\/seo\/ -->\n<title>RandM Max Pro 3600 Puffs Cartoon-Stil Einweg-Vape | ElementVape.de<\/title>\n<meta name=\"description\" content=\"Wir bieten RandM Max Pro 3600 Puffs Cartoon-Stil Einweg-Vape , Elementvape.de akzeptieren Gro\u00df-und Einzelhandel Bestellungen.\" \/>\n<meta name=\"robots\" content=\"index, follow, max-snippet:-1, max-image-preview:large, max-video-preview:-1\" \/>\n<link rel=\"canonical\" href=\"https:\/\/www.elementvape.de\/ro\/produkt\/randm-max-pro-3600-puffs-cartoon-stil-einweg-vape\/\" \/>\n<meta property=\"og:locale\" content=\"ro_RO\" \/>\n<meta property=\"og:type\" content=\"article\" \/>\n<meta property=\"og:title\" content=\"RandM Max Pro 3600 Puffs Cartoon-Stil Einweg-Vape | ElementVape.de\" \/>\n<meta property=\"og:description\" content=\"Wir bieten RandM Max Pro 3600 Puffs Cartoon-Stil Einweg-Vape , Elementvape.de akzeptieren Gro\u00df-und Einzelhandel Bestellungen.\" \/>\n<meta property=\"og:url\" content=\"https:\/\/www.elementvape.de\/ro\/produkt\/randm-max-pro-3600-puffs-cartoon-stil-einweg-vape\/\" \/>\n<meta property=\"og:site_name\" content=\"ElementVape.de\" \/>\n<meta property=\"article:modified_time\" content=\"2024-09-12T10:36:31+00:00\" \/>\n<meta property=\"og:image\" content=\"https:\/\/www.elementvape.de\/wp-content\/uploads\/2024\/06\/RandMMaxProCartoonStyleDisposableVape_1.webp\" \/>\n\t<meta property=\"og:image:width\" content=\"800\" \/>\n\t<meta property=\"og:image:height\" content=\"831\" \/>\n\t<meta property=\"og:image:type\" content=\"image\/webp\" \/>\n<meta name=\"twitter:card\" content=\"summary_large_image\" \/>\n<meta name=\"twitter:label1\" content=\"Est. reading time\" \/>\n\t<meta name=\"twitter:data1\" content=\"1 minut\" \/>\n<script type=\"application\/ld+json\" class=\"yoast-schema-graph\">{\"@context\":\"https:\/\/schema.org\",\"@graph\":[{\"@type\":\"WebPage\",\"@id\":\"https:\/\/www.elementvape.de\/produkt\/randm-max-pro-3600-puffs-cartoon-stil-einweg-vape\/\",\"url\":\"https:\/\/www.elementvape.de\/produkt\/randm-max-pro-3600-puffs-cartoon-stil-einweg-vape\/\",\"name\":\"RandM Max Pro 3600 Puffs Cartoon-Stil Einweg-Vape | ElementVape.de\",\"isPartOf\":{\"@id\":\"https:\/\/www.elementvape.de\/#website\"},\"primaryImageOfPage\":{\"@id\":\"https:\/\/www.elementvape.de\/produkt\/randm-max-pro-3600-puffs-cartoon-stil-einweg-vape\/#primaryimage\"},\"image\":{\"@id\":\"https:\/\/www.elementvape.de\/produkt\/randm-max-pro-3600-puffs-cartoon-stil-einweg-vape\/#primaryimage\"},\"thumbnailUrl\":\"https:\/\/www.elementvape.de\/wp-content\/uploads\/2024\/06\/RandMMaxProCartoonStyleDisposableVape_1.webp\",\"datePublished\":\"2024-06-03T10:01:36+00:00\",\"dateModified\":\"2024-09-12T10:36:31+00:00\",\"description\":\"Wir bieten RandM Max Pro 3600 Puffs Cartoon-Stil Einweg-Vape , Elementvape.de akzeptieren Gro\u00df-und Einzelhandel Bestellungen.\",\"breadcrumb\":{\"@id\":\"https:\/\/www.elementvape.de\/produkt\/randm-max-pro-3600-puffs-cartoon-stil-einweg-vape\/#breadcrumb\"},\"inLanguage\":\"ro-RO\",\"potentialAction\":[{\"@type\":\"ReadAction\",\"target\":[\"https:\/\/www.elementvape.de\/produkt\/randm-max-pro-3600-puffs-cartoon-stil-einweg-vape\/\"]}]},{\"@type\":\"ImageObject\",\"inLanguage\":\"ro-RO\",\"@id\":\"https:\/\/www.elementvape.de\/produkt\/randm-max-pro-3600-puffs-cartoon-stil-einweg-vape\/#primaryimage\",\"url\":\"https:\/\/www.elementvape.de\/wp-content\/uploads\/2024\/06\/RandMMaxProCartoonStyleDisposableVape_1.webp\",\"contentUrl\":\"https:\/\/www.elementvape.de\/wp-content\/uploads\/2024\/06\/RandMMaxProCartoonStyleDisposableVape_1.webp\",\"width\":800,\"height\":831,\"caption\":\"RandMMaxProCartoonStyleDisposableVape_1\"},{\"@type\":\"BreadcrumbList\",\"@id\":\"https:\/\/www.elementvape.de\/produkt\/randm-max-pro-3600-puffs-cartoon-stil-einweg-vape\/#breadcrumb\",\"itemListElement\":[{\"@type\":\"ListItem\",\"position\":1,\"name\":\"Home\",\"item\":\"https:\/\/www.elementvape.de\/\"},{\"@type\":\"ListItem\",\"position\":2,\"name\":\"Shop\",\"item\":\"https:\/\/www.elementvape.de\/shop\/\"},{\"@type\":\"ListItem\",\"position\":3,\"name\":\"RandM Max Pro 3600 Puffs Cartoon-Stil Einweg-Vape\"}]},{\"@type\":\"WebSite\",\"@id\":\"https:\/\/www.elementvape.de\/#website\",\"url\":\"https:\/\/www.elementvape.de\/\",\"name\":\"ElementVape.de\",\"description\":\"\",\"publisher\":{\"@id\":\"https:\/\/www.elementvape.de\/#organization\"},\"potentialAction\":[{\"@type\":\"SearchAction\",\"target\":{\"@type\":\"EntryPoint\",\"urlTemplate\":\"https:\/\/www.elementvape.de\/?s={search_term_string}\"},\"query-input\":\"required name=search_term_string\"}],\"inLanguage\":\"ro-RO\"},{\"@type\":\"Organization\",\"@id\":\"https:\/\/www.elementvape.de\/#organization\",\"name\":\"ElementVape.DE\",\"url\":\"https:\/\/www.elementvape.de\/\",\"logo\":{\"@type\":\"ImageObject\",\"inLanguage\":\"ro-RO\",\"@id\":\"https:\/\/www.elementvape.de\/#\/schema\/logo\/image\/\",\"url\":\"https:\/\/www.elementvape.de\/wp-content\/uploads\/2024\/09\/cropped-1elementvape-3.png\",\"contentUrl\":\"https:\/\/www.elementvape.de\/wp-content\/uploads\/2024\/09\/cropped-1elementvape-3.png\",\"width\":285,\"height\":228,\"caption\":\"ElementVape.DE\"},\"image\":{\"@id\":\"https:\/\/www.elementvape.de\/#\/schema\/logo\/image\/\"}}]}<\/script>\n<!-- \/ Yoast SEO plugin. -->","yoast_head_json":{"title":"RandM Max Pro 3600 Puffs Cartoon-Stil Einweg-Vape | ElementVape.de","description":"Wir bieten RandM Max Pro 3600 Puffs Cartoon-Stil Einweg-Vape , Elementvape.de akzeptieren Gro\u00df-und Einzelhandel Bestellungen.","robots":{"index":"index","follow":"follow","max-snippet":"max-snippet:-1","max-image-preview":"max-image-preview:large","max-video-preview":"max-video-preview:-1"},"canonical":"https:\/\/www.elementvape.de\/ro\/produkt\/randm-max-pro-3600-puffs-cartoon-stil-einweg-vape\/","og_locale":"ro_RO","og_type":"article","og_title":"RandM Max Pro 3600 Puffs Cartoon-Stil Einweg-Vape | ElementVape.de","og_description":"Wir bieten RandM Max Pro 3600 Puffs Cartoon-Stil Einweg-Vape , Elementvape.de akzeptieren Gro\u00df-und Einzelhandel Bestellungen.","og_url":"https:\/\/www.elementvape.de\/ro\/produkt\/randm-max-pro-3600-puffs-cartoon-stil-einweg-vape\/","og_site_name":"ElementVape.de","article_modified_time":"2024-09-12T10:36:31+00:00","og_image":[{"width":800,"height":831,"url":"https:\/\/www.elementvape.de\/wp-content\/uploads\/2024\/06\/RandMMaxProCartoonStyleDisposableVape_1.webp","type":"image\/webp"}],"twitter_card":"summary_large_image","twitter_misc":{"Est. reading time":"1 minut"},"schema":{"@context":"https:\/\/schema.org","@graph":[{"@type":"WebPage","@id":"https:\/\/www.elementvape.de\/produkt\/randm-max-pro-3600-puffs-cartoon-stil-einweg-vape\/","url":"https:\/\/www.elementvape.de\/produkt\/randm-max-pro-3600-puffs-cartoon-stil-einweg-vape\/","name":"RandM Max Pro 3600 Puffs Cartoon-Stil Einweg-Vape | ElementVape.de","isPartOf":{"@id":"https:\/\/www.elementvape.de\/#website"},"primaryImageOfPage":{"@id":"https:\/\/www.elementvape.de\/produkt\/randm-max-pro-3600-puffs-cartoon-stil-einweg-vape\/#primaryimage"},"image":{"@id":"https:\/\/www.elementvape.de\/produkt\/randm-max-pro-3600-puffs-cartoon-stil-einweg-vape\/#primaryimage"},"thumbnailUrl":"https:\/\/www.elementvape.de\/wp-content\/uploads\/2024\/06\/RandMMaxProCartoonStyleDisposableVape_1.webp","datePublished":"2024-06-03T10:01:36+00:00","dateModified":"2024-09-12T10:36:31+00:00","description":"Wir bieten RandM Max Pro 3600 Puffs Cartoon-Stil Einweg-Vape , Elementvape.de akzeptieren Gro\u00df-und Einzelhandel Bestellungen.","breadcrumb":{"@id":"https:\/\/www.elementvape.de\/produkt\/randm-max-pro-3600-puffs-cartoon-stil-einweg-vape\/#breadcrumb"},"inLanguage":"ro-RO","potentialAction":[{"@type":"ReadAction","target":["https:\/\/www.elementvape.de\/produkt\/randm-max-pro-3600-puffs-cartoon-stil-einweg-vape\/"]}]},{"@type":"ImageObject","inLanguage":"ro-RO","@id":"https:\/\/www.elementvape.de\/produkt\/randm-max-pro-3600-puffs-cartoon-stil-einweg-vape\/#primaryimage","url":"https:\/\/www.elementvape.de\/wp-content\/uploads\/2024\/06\/RandMMaxProCartoonStyleDisposableVape_1.webp","contentUrl":"https:\/\/www.elementvape.de\/wp-content\/uploads\/2024\/06\/RandMMaxProCartoonStyleDisposableVape_1.webp","width":800,"height":831,"caption":"RandMMaxProCartoonStyleDisposableVape_1"},{"@type":"BreadcrumbList","@id":"https:\/\/www.elementvape.de\/produkt\/randm-max-pro-3600-puffs-cartoon-stil-einweg-vape\/#breadcrumb","itemListElement":[{"@type":"ListItem","position":1,"name":"Home","item":"https:\/\/www.elementvape.de\/"},{"@type":"ListItem","position":2,"name":"Shop","item":"https:\/\/www.elementvape.de\/shop\/"},{"@type":"ListItem","position":3,"name":"RandM Max Pro 3600 Puffs Cartoon-Stil Einweg-Vape"}]},{"@type":"WebSite","@id":"https:\/\/www.elementvape.de\/#website","url":"https:\/\/www.elementvape.de\/","name":"ElementVape.de","description":"","publisher":{"@id":"https:\/\/www.elementvape.de\/#organization"},"potentialAction":[{"@type":"SearchAction","target":{"@type":"EntryPoint","urlTemplate":"https:\/\/www.elementvape.de\/?s={search_term_string}"},"query-input":"required name=search_term_string"}],"inLanguage":"ro-RO"},{"@type":"Organization","@id":"https:\/\/www.elementvape.de\/#organization","name":"ElementVape.DE","url":"https:\/\/www.elementvape.de\/","logo":{"@type":"ImageObject","inLanguage":"ro-RO","@id":"https:\/\/www.elementvape.de\/#\/schema\/logo\/image\/","url":"https:\/\/www.elementvape.de\/wp-content\/uploads\/2024\/09\/cropped-1elementvape-3.png","contentUrl":"https:\/\/www.elementvape.de\/wp-content\/uploads\/2024\/09\/cropped-1elementvape-3.png","width":285,"height":228,"caption":"ElementVape.DE"},"image":{"@id":"https:\/\/www.elementvape.de\/#\/schema\/logo\/image\/"}}]}},"_links":{"self":[{"href":"https:\/\/www.elementvape.de\/ro\/wp-json\/wp\/v2\/product\/11526"}],"collection":[{"href":"https:\/\/www.elementvape.de\/ro\/wp-json\/wp\/v2\/product"}],"about":[{"href":"https:\/\/www.elementvape.de\/ro\/wp-json\/wp\/v2\/types\/product"}],"wp:featuredmedia":[{"embeddable":true,"href":"https:\/\/www.elementvape.de\/ro\/wp-json\/wp\/v2\/media\/11527"}],"wp:attachment":[{"href":"https:\/\/www.elementvape.de\/ro\/wp-json\/wp\/v2\/media?parent=11526"}],"wp:term":[{"taxonomy":"product_cat","embeddable":true,"href":"https:\/\/www.elementvape.de\/ro\/wp-json\/wp\/v2\/product_cat?post=11526"},{"taxonomy":"product_tag","embeddable":true,"href":"https:\/\/www.elementvape.de\/ro\/wp-json\/wp\/v2\/product_tag?post=11526"}],"curies":[{"name":"wp","href":"https:\/\/api.w.org\/{rel}","templated":true}]}}