{"id":11496,"date":"2024-06-03T08:24:55","date_gmt":"2024-06-03T08:24:55","guid":{"rendered":"https:\/\/www.elementvape.de\/?post_type=product&#038;p=11496"},"modified":"2024-09-12T10:36:33","modified_gmt":"2024-09-12T10:36:33","slug":"squidz-kaufen-einweg-e-zigarette-700-zuege","status":"publish","type":"product","link":"https:\/\/www.elementvape.de\/ro\/produkt\/squidz-kaufen-einweg-e-zigarette-700-zuege\/","title":{"rendered":"SQUIDZ Cump\u0103r\u0103 \u021bigar\u0103 electronic\u0103 de unic\u0103 folosin\u021b\u0103 700 de pufuri"},"content":{"rendered":"<h2>Squidz 700 Angro:<\/h2>\n<p>E-Shisha de unic\u0103 folosin\u021b\u0103<br \/>\nGust intens<br \/>\nComportament optim de fumat<br \/>\nDiferite sortimente<br \/>\n700 pufuri<br \/>\n20mg\/0mg Nicotin\u0103<\/p>\n<h3>Experien\u021b\u0103 delicioas\u0103:<\/h3>\n<p>Mixberry<br \/>\nPiersic\u0103 Ice<br \/>\nPepene Verde Ghea\u021b\u0103<br \/>\nStrugure Ice<br \/>\nGhea\u021b\u0103 de Ananas<\/p>\n<h3>Complet automat:<\/h3>\n<p>Mecanismul de vaporizare a lichidului pentru vape este activat prin tragerea uniform\u0103 de c\u0103tre utilizator pe \u021bigara SQUIDZ E.<\/p>\n<p>E-Shisha cu Nicotin\u0103:<\/p>\n<p>\u00cen lichidul pentru vape de unic\u0103 folosin\u021b\u0103 SQUIDZ se afl\u0103 20mg Nicotin\u0103 per 1ml.<\/p>","protected":false},"excerpt":{"rendered":"<p>Squidz 700 Gro\u00dfhandel\uff1a Einweg E-Shisha Intensiver Geschmack Optimales Rauchverhalten Verschiedene Sorten 700 Z\u00fcge 20mg\/0mg Nikotin LECKERES ERLEBNIS\uff1a Mixberry Peach lce Watermelon Ice Grape lce Pineapple lce VOLLAUTOMATISCH\uff1a Der Mechanismus zum Verdampfen des Vape Liquids wird aktiviert, indem Sie gleichm\u00e4\u00dfig an der SQUIDZ E Zigarette ziehen. E-SHISHA MIT NIKOTIN\uff1a Im Liquid der SQUIDZ Einweg Vape befinden [&hellip;]<\/p>","protected":false},"featured_media":11497,"template":"","meta":{"inline_featured_image":false},"product_cat":[78,754,745,742,748,744,755,738,751],"product_tag":[682],"tiered_pricing_type":"fixed","tiered_pricing_fixed_rules":[],"tiered_pricing_percentage_rules":[],"tiered_pricing_minimum":1,"_administrator_tiered_pricing_type":"fixed","_administrator_tiered_pricing_fixed_rules":[],"_editor_tiered_pricing_type":"fixed","_editor_tiered_pricing_fixed_rules":[],"_author_tiered_pricing_type":"fixed","_author_tiered_pricing_fixed_rules":[],"_contributor_tiered_pricing_type":"fixed","_contributor_tiered_pricing_fixed_rules":[],"_subscriber_tiered_pricing_type":"fixed","_subscriber_tiered_pricing_fixed_rules":[],"_customer_tiered_pricing_type":"fixed","_customer_tiered_pricing_fixed_rules":[],"_shop_manager_tiered_pricing_type":"fixed","_shop_manager_tiered_pricing_fixed_rules":[],"_wpseo_manager_tiered_pricing_type":"fixed","_wpseo_manager_tiered_pricing_fixed_rules":[],"_wpseo_editor_tiered_pricing_type":"fixed","_wpseo_editor_tiered_pricing_fixed_rules":[],"_wholesale_customer_tiered_pricing_type":"fixed","_wholesale_customer_tiered_pricing_fixed_rules":[],"_marketer_tiered_pricing_type":"fixed","_marketer_tiered_pricing_fixed_rules":[],"_sales_manager_tiered_pricing_type":"fixed","_sales_manager_tiered_pricing_fixed_rules":[],"_sales_rep_tiered_pricing_type":"fixed","_sales_rep_tiered_pricing_fixed_rules":[],"yoast_head":"<!-- This site is optimized with the Yoast SEO plugin v23.3 - https:\/\/yoast.com\/wordpress\/plugins\/seo\/ -->\n<title>SQUIDZ Kaufen Einweg E-Zigarette 700 Z\u00dcGE | ElementVape.de<\/title>\n<meta name=\"description\" content=\"Wir bieten SQUIDZ Kaufen Einweg E-Zigarette 700 Z\u00dcGE , Elementvape.de akzeptieren Gro\u00df-und Einzelhandel Bestellungen.\" \/>\n<meta name=\"robots\" content=\"index, follow, max-snippet:-1, max-image-preview:large, max-video-preview:-1\" \/>\n<link rel=\"canonical\" href=\"https:\/\/www.elementvape.de\/ro\/produkt\/squidz-kaufen-einweg-e-zigarette-700-zuege\/\" \/>\n<meta property=\"og:locale\" content=\"ro_RO\" \/>\n<meta property=\"og:type\" content=\"article\" \/>\n<meta property=\"og:title\" content=\"SQUIDZ Kaufen Einweg E-Zigarette 700 Z\u00dcGE | ElementVape.de\" \/>\n<meta property=\"og:description\" content=\"Wir bieten SQUIDZ Kaufen Einweg E-Zigarette 700 Z\u00dcGE , Elementvape.de akzeptieren Gro\u00df-und Einzelhandel Bestellungen.\" \/>\n<meta property=\"og:url\" content=\"https:\/\/www.elementvape.de\/ro\/produkt\/squidz-kaufen-einweg-e-zigarette-700-zuege\/\" \/>\n<meta property=\"og:site_name\" content=\"ElementVape.de\" \/>\n<meta property=\"article:modified_time\" content=\"2024-09-12T10:36:33+00:00\" \/>\n<meta property=\"og:image\" content=\"https:\/\/www.elementvape.de\/wp-content\/uploads\/2024\/06\/SQUIDZ-GrapeIce_1000x.progressive.webp\" \/>\n\t<meta property=\"og:image:width\" content=\"1000\" \/>\n\t<meta property=\"og:image:height\" content=\"1200\" \/>\n\t<meta property=\"og:image:type\" content=\"image\/webp\" \/>\n<meta name=\"twitter:card\" content=\"summary_large_image\" \/>\n<meta name=\"twitter:label1\" content=\"Est. reading time\" \/>\n\t<meta name=\"twitter:data1\" content=\"1 minut\" \/>\n<script type=\"application\/ld+json\" class=\"yoast-schema-graph\">{\"@context\":\"https:\/\/schema.org\",\"@graph\":[{\"@type\":\"WebPage\",\"@id\":\"https:\/\/www.elementvape.de\/fi\/produkt\/squidz-kaufen-einweg-e-zigarette-700-zuege\/\",\"url\":\"https:\/\/www.elementvape.de\/fi\/produkt\/squidz-kaufen-einweg-e-zigarette-700-zuege\/\",\"name\":\"SQUIDZ Kaufen Einweg E-Zigarette 700 Z\u00dcGE | ElementVape.de\",\"isPartOf\":{\"@id\":\"https:\/\/www.elementvape.de\/#website\"},\"primaryImageOfPage\":{\"@id\":\"https:\/\/www.elementvape.de\/fi\/produkt\/squidz-kaufen-einweg-e-zigarette-700-zuege\/#primaryimage\"},\"image\":{\"@id\":\"https:\/\/www.elementvape.de\/fi\/produkt\/squidz-kaufen-einweg-e-zigarette-700-zuege\/#primaryimage\"},\"thumbnailUrl\":\"https:\/\/www.elementvape.de\/wp-content\/uploads\/2024\/06\/SQUIDZ-GrapeIce_1000x.progressive.webp\",\"datePublished\":\"2024-06-03T08:24:55+00:00\",\"dateModified\":\"2024-09-12T10:36:33+00:00\",\"description\":\"Wir bieten SQUIDZ Kaufen Einweg E-Zigarette 700 Z\u00dcGE , Elementvape.de akzeptieren Gro\u00df-und Einzelhandel Bestellungen.\",\"breadcrumb\":{\"@id\":\"https:\/\/www.elementvape.de\/fi\/produkt\/squidz-kaufen-einweg-e-zigarette-700-zuege\/#breadcrumb\"},\"inLanguage\":\"ro-RO\",\"potentialAction\":[{\"@type\":\"ReadAction\",\"target\":[\"https:\/\/www.elementvape.de\/fi\/produkt\/squidz-kaufen-einweg-e-zigarette-700-zuege\/\"]}]},{\"@type\":\"ImageObject\",\"inLanguage\":\"ro-RO\",\"@id\":\"https:\/\/www.elementvape.de\/fi\/produkt\/squidz-kaufen-einweg-e-zigarette-700-zuege\/#primaryimage\",\"url\":\"https:\/\/www.elementvape.de\/wp-content\/uploads\/2024\/06\/SQUIDZ-GrapeIce_1000x.progressive.webp\",\"contentUrl\":\"https:\/\/www.elementvape.de\/wp-content\/uploads\/2024\/06\/SQUIDZ-GrapeIce_1000x.progressive.webp\",\"width\":1000,\"height\":1200,\"caption\":\"SQUIDZ-GrapeIce_1000x.progressive\"},{\"@type\":\"BreadcrumbList\",\"@id\":\"https:\/\/www.elementvape.de\/fi\/produkt\/squidz-kaufen-einweg-e-zigarette-700-zuege\/#breadcrumb\",\"itemListElement\":[{\"@type\":\"ListItem\",\"position\":1,\"name\":\"Home\",\"item\":\"https:\/\/www.elementvape.de\/\"},{\"@type\":\"ListItem\",\"position\":2,\"name\":\"Shop\",\"item\":\"https:\/\/www.elementvape.de\/shop\/\"},{\"@type\":\"ListItem\",\"position\":3,\"name\":\"SQUIDZ Kaufen Einweg E-Zigarette 700 Z\u00dcGE\"}]},{\"@type\":\"WebSite\",\"@id\":\"https:\/\/www.elementvape.de\/#website\",\"url\":\"https:\/\/www.elementvape.de\/\",\"name\":\"ElementVape.de\",\"description\":\"\",\"publisher\":{\"@id\":\"https:\/\/www.elementvape.de\/#organization\"},\"potentialAction\":[{\"@type\":\"SearchAction\",\"target\":{\"@type\":\"EntryPoint\",\"urlTemplate\":\"https:\/\/www.elementvape.de\/?s={search_term_string}\"},\"query-input\":\"required name=search_term_string\"}],\"inLanguage\":\"ro-RO\"},{\"@type\":\"Organization\",\"@id\":\"https:\/\/www.elementvape.de\/#organization\",\"name\":\"ElementVape.DE\",\"url\":\"https:\/\/www.elementvape.de\/\",\"logo\":{\"@type\":\"ImageObject\",\"inLanguage\":\"ro-RO\",\"@id\":\"https:\/\/www.elementvape.de\/#\/schema\/logo\/image\/\",\"url\":\"https:\/\/www.elementvape.de\/wp-content\/uploads\/2024\/09\/cropped-1elementvape-3.png\",\"contentUrl\":\"https:\/\/www.elementvape.de\/wp-content\/uploads\/2024\/09\/cropped-1elementvape-3.png\",\"width\":285,\"height\":228,\"caption\":\"ElementVape.DE\"},\"image\":{\"@id\":\"https:\/\/www.elementvape.de\/#\/schema\/logo\/image\/\"}}]}<\/script>\n<!-- \/ Yoast SEO plugin. -->","yoast_head_json":{"title":"SQUIDZ Kaufen Einweg E-Zigarette 700 Z\u00dcGE | ElementVape.de","description":"Wir bieten SQUIDZ Kaufen Einweg E-Zigarette 700 Z\u00dcGE , Elementvape.de akzeptieren Gro\u00df-und Einzelhandel Bestellungen.","robots":{"index":"index","follow":"follow","max-snippet":"max-snippet:-1","max-image-preview":"max-image-preview:large","max-video-preview":"max-video-preview:-1"},"canonical":"https:\/\/www.elementvape.de\/ro\/produkt\/squidz-kaufen-einweg-e-zigarette-700-zuege\/","og_locale":"ro_RO","og_type":"article","og_title":"SQUIDZ Kaufen Einweg E-Zigarette 700 Z\u00dcGE | ElementVape.de","og_description":"Wir bieten SQUIDZ Kaufen Einweg E-Zigarette 700 Z\u00dcGE , Elementvape.de akzeptieren Gro\u00df-und Einzelhandel Bestellungen.","og_url":"https:\/\/www.elementvape.de\/ro\/produkt\/squidz-kaufen-einweg-e-zigarette-700-zuege\/","og_site_name":"ElementVape.de","article_modified_time":"2024-09-12T10:36:33+00:00","og_image":[{"width":1000,"height":1200,"url":"https:\/\/www.elementvape.de\/wp-content\/uploads\/2024\/06\/SQUIDZ-GrapeIce_1000x.progressive.webp","type":"image\/webp"}],"twitter_card":"summary_large_image","twitter_misc":{"Est. reading time":"1 minut"},"schema":{"@context":"https:\/\/schema.org","@graph":[{"@type":"WebPage","@id":"https:\/\/www.elementvape.de\/fi\/produkt\/squidz-kaufen-einweg-e-zigarette-700-zuege\/","url":"https:\/\/www.elementvape.de\/fi\/produkt\/squidz-kaufen-einweg-e-zigarette-700-zuege\/","name":"SQUIDZ Kaufen Einweg E-Zigarette 700 Z\u00dcGE | ElementVape.de","isPartOf":{"@id":"https:\/\/www.elementvape.de\/#website"},"primaryImageOfPage":{"@id":"https:\/\/www.elementvape.de\/fi\/produkt\/squidz-kaufen-einweg-e-zigarette-700-zuege\/#primaryimage"},"image":{"@id":"https:\/\/www.elementvape.de\/fi\/produkt\/squidz-kaufen-einweg-e-zigarette-700-zuege\/#primaryimage"},"thumbnailUrl":"https:\/\/www.elementvape.de\/wp-content\/uploads\/2024\/06\/SQUIDZ-GrapeIce_1000x.progressive.webp","datePublished":"2024-06-03T08:24:55+00:00","dateModified":"2024-09-12T10:36:33+00:00","description":"Wir bieten SQUIDZ Kaufen Einweg E-Zigarette 700 Z\u00dcGE , Elementvape.de akzeptieren Gro\u00df-und Einzelhandel Bestellungen.","breadcrumb":{"@id":"https:\/\/www.elementvape.de\/fi\/produkt\/squidz-kaufen-einweg-e-zigarette-700-zuege\/#breadcrumb"},"inLanguage":"ro-RO","potentialAction":[{"@type":"ReadAction","target":["https:\/\/www.elementvape.de\/fi\/produkt\/squidz-kaufen-einweg-e-zigarette-700-zuege\/"]}]},{"@type":"ImageObject","inLanguage":"ro-RO","@id":"https:\/\/www.elementvape.de\/fi\/produkt\/squidz-kaufen-einweg-e-zigarette-700-zuege\/#primaryimage","url":"https:\/\/www.elementvape.de\/wp-content\/uploads\/2024\/06\/SQUIDZ-GrapeIce_1000x.progressive.webp","contentUrl":"https:\/\/www.elementvape.de\/wp-content\/uploads\/2024\/06\/SQUIDZ-GrapeIce_1000x.progressive.webp","width":1000,"height":1200,"caption":"SQUIDZ-GrapeIce_1000x.progressive"},{"@type":"BreadcrumbList","@id":"https:\/\/www.elementvape.de\/fi\/produkt\/squidz-kaufen-einweg-e-zigarette-700-zuege\/#breadcrumb","itemListElement":[{"@type":"ListItem","position":1,"name":"Home","item":"https:\/\/www.elementvape.de\/"},{"@type":"ListItem","position":2,"name":"Shop","item":"https:\/\/www.elementvape.de\/shop\/"},{"@type":"ListItem","position":3,"name":"SQUIDZ Kaufen Einweg E-Zigarette 700 Z\u00dcGE"}]},{"@type":"WebSite","@id":"https:\/\/www.elementvape.de\/#website","url":"https:\/\/www.elementvape.de\/","name":"ElementVape.de","description":"","publisher":{"@id":"https:\/\/www.elementvape.de\/#organization"},"potentialAction":[{"@type":"SearchAction","target":{"@type":"EntryPoint","urlTemplate":"https:\/\/www.elementvape.de\/?s={search_term_string}"},"query-input":"required name=search_term_string"}],"inLanguage":"ro-RO"},{"@type":"Organization","@id":"https:\/\/www.elementvape.de\/#organization","name":"ElementVape.DE","url":"https:\/\/www.elementvape.de\/","logo":{"@type":"ImageObject","inLanguage":"ro-RO","@id":"https:\/\/www.elementvape.de\/#\/schema\/logo\/image\/","url":"https:\/\/www.elementvape.de\/wp-content\/uploads\/2024\/09\/cropped-1elementvape-3.png","contentUrl":"https:\/\/www.elementvape.de\/wp-content\/uploads\/2024\/09\/cropped-1elementvape-3.png","width":285,"height":228,"caption":"ElementVape.DE"},"image":{"@id":"https:\/\/www.elementvape.de\/#\/schema\/logo\/image\/"}}]}},"_links":{"self":[{"href":"https:\/\/www.elementvape.de\/ro\/wp-json\/wp\/v2\/product\/11496"}],"collection":[{"href":"https:\/\/www.elementvape.de\/ro\/wp-json\/wp\/v2\/product"}],"about":[{"href":"https:\/\/www.elementvape.de\/ro\/wp-json\/wp\/v2\/types\/product"}],"wp:featuredmedia":[{"embeddable":true,"href":"https:\/\/www.elementvape.de\/ro\/wp-json\/wp\/v2\/media\/11497"}],"wp:attachment":[{"href":"https:\/\/www.elementvape.de\/ro\/wp-json\/wp\/v2\/media?parent=11496"}],"wp:term":[{"taxonomy":"product_cat","embeddable":true,"href":"https:\/\/www.elementvape.de\/ro\/wp-json\/wp\/v2\/product_cat?post=11496"},{"taxonomy":"product_tag","embeddable":true,"href":"https:\/\/www.elementvape.de\/ro\/wp-json\/wp\/v2\/product_tag?post=11496"}],"curies":[{"name":"wp","href":"https:\/\/api.w.org\/{rel}","templated":true}]}}