{"id":11360,"date":"2024-05-31T10:16:21","date_gmt":"2024-05-31T10:16:21","guid":{"rendered":"https:\/\/www.elementvape.de\/?post_type=product&#038;p=11360"},"modified":"2024-09-12T10:36:36","modified_gmt":"2024-09-12T10:36:36","slug":"ske-crystal-bar-einweg-vape-e-zigarette","status":"publish","type":"product","link":"https:\/\/www.elementvape.de\/ro\/produkt\/ske-crystal-bar-einweg-vape-e-zigarette\/","title":{"rendered":"SKE CRYSTAL BAR \u021bigar\u0103 electronic\u0103 de unic\u0103 folosin\u021b\u0103"},"content":{"rendered":"<h2>SKE Crystal Wand \u2013 \u021aigar\u0103 electronic\u0103 de unic\u0103 folosin\u021b\u0103 20 mg\/ml<\/h2>\n<p>SKE Crystal Bar este o \u021bigar\u0103 electronic\u0103 de unic\u0103 folosin\u021b\u0103 cu un design elegant \u0219i simplu. Cu Crystal Vape ob\u021bine\u021bi o experien\u021b\u0103 de gust unic\u0103 \u0219i multiple posibilit\u0103\u021bi. Fie c\u0103 este fructat, dulce sau glaciar, pentru fiecare preferin\u021b\u0103 g\u0103si\u021bi ceva la SKE Crystal Wands. B\u0103\u021bul de cristal are o claritate cristalin\u0103 \u0219i o baterie integrat\u0103 de 500 mAh, suficient\u0103 pentru 600 de pufuri. Nu trebuie s\u0103 \u00eel \u00eenc\u0103rca\u021bi sau s\u0103 \u00eel reumple\u021bi, ci doar s\u0103 deschide\u021bi ambalajul \u0219i s\u0103 \u00eencepe\u021bi s\u0103 fuma\u021bi. Ideal pentru a fi luat cu tine sau ca dispozitiv de rezerv\u0103.<\/p>\n<p>Tehnologie Mesh-Coil<br \/>\nFiecare arom\u0103 are, datorit\u0103 tehnologiei Mesh-Coil, un gust bogat \u0219i autentic. Performan\u021ba acestui e-\u021bigar\u0103 este mult superioar\u0103 altor m\u0103rci. Dac\u0103 aprecia\u021bi gustul pur, nu pute\u021bi trece f\u0103r\u0103 aceast\u0103 \u021bigar\u0103 electronic\u0103.<\/p>\n<p>B\u0103\u021bul de cristal SKE con\u021bine 2 ml de lichid cu sare de nicotin\u0103, cu o concentra\u021bie de 20 mg. Con\u021binut optim de nicotin\u0103, ideal \u0219i pentru \u00eencep\u0103tori.<\/p>\n<h3>Arom\u0103 SKE Crystal Vape Bar:<\/h3>\n<p>\u00cenghe\u021bat\u0103 de banane: R\u0103coritoare \u0219i dulce, combinat\u0103 cu cremozitatea ghe\u021bii, ofer\u0103 o experien\u021b\u0103 de gust irezistibil\u0103.<br \/>\n\u00cenghe\u021bat\u0103 de fructe de p\u0103dure: Fructe de p\u0103dure r\u0103coroase se unesc \u00eentr-un parfum fructat \u0219i proasp\u0103t, care stimuleaz\u0103 sim\u021burile.<br \/>\nAfine-zmeur\u0103: Combin\u0103 dulcea\u021ba \u0219i aciditatea afineelor cu aciditatea zmeurei pentru o explozie de gust armonioas\u0103.<br \/>\nAlbastru glaciar: R\u0103ceala proasp\u0103t\u0103 \u00eent\u00e2lne\u0219te albastrul misterios \u0219i las\u0103 o senza\u021bie efervescent\u0103 pe v\u00e2rful limbii.<br \/>\nFuziune albastr\u0103: Un amestec palpitant de diferite fructe albastre pentru o experien\u021b\u0103 de gust excitant\u0103.<br \/>\nLimonad\u0103 Blue Razz: Limonad\u0103 picant\u0103 \u00eent\u00e2lne\u0219te afinele dulci-acri\u0219oare pentru un gust r\u0103coritor nou.<br \/>\n\u00cenghe\u021bat\u0103 de cire\u0219e: Dulcea\u021b\u0103 r\u0103coroas\u0103 cu o not\u0103 de cire\u0219e coapte pentru o pl\u0103cere fructat\u0103 \u0219i glaciar\u0103.<br \/>\n\u00cenghe\u021bat\u0103 Cola: Gust clasic de cola combinat cu o textur\u0103 glaciar\u0103 pentru o b\u0103utur\u0103 r\u0103coritoare \u0219i efervescent\u0103.<br \/>\nMentol proasp\u0103t: Clar \u0219i pur, ca o briz\u0103 glaciar\u0103, stimuleaz\u0103 sim\u021burile \u0219i r\u0103core\u0219te mintea.<br \/>\nMojito: O combina\u021bie efervescent\u0103 de ment\u0103, lime \u0219i rom, care surprinde esen\u021ba cocktail-ului clasic.<br \/>\nL\u0103m\u00e2ie cu miere: Dulcea\u021ba mierii \u00eent\u00e2lne\u0219te prospe\u021bimea l\u0103m\u00e2ii pentru o arom\u0103 armonioas\u0103 \u0219i calmant\u0103.<br \/>\nKiwi Passion Fruit Guava: Un cocktail tropical de fructe din kiwi, fructul pasiunii \u0219i guava pentru o experien\u021b\u0103 gustativ\u0103 exotic\u0103 \u0219i suculent\u0103.<br \/>\nL\u0103m\u00e2ie \u0219i lime: Echilibrul perfect \u00eentre l\u0103m\u00e2ie picant\u0103 \u0219i lime aromat asigur\u0103 o experien\u021b\u0103 r\u0103coritoare \u0219i citric\u0103.<br \/>\nL\u0103m\u00e2ie, piersic\u0103 \u0219i fructul pasiunii: O combina\u021bie delicioas\u0103 de l\u0103m\u00e2ie, piersic\u0103 \u0219i fructul pasiunii, care ofer\u0103 o dulcea\u021b\u0103 fructat\u0103.<br \/>\n\u00cenghe\u021bat\u0103 de mango: Mango suculent \u00eent\u00e2lne\u0219te gustul r\u0103coritor \u0219i asigur\u0103 o experien\u021b\u0103 tropical\u0103 care r\u0103sfa\u021b\u0103 papilele gustative.<br \/>\nMentol: Briza r\u0103coritoare a mentolului poate revigora \u0219i cur\u0103\u021ba mintea.<br \/>\nLimonad\u0103 roz: Limonad\u0103 dulce-fructat\u0103 cu o atingere de fructe de p\u0103dure ro\u0219ii, o pl\u0103cere delicioas\u0103 de var\u0103.<br \/>\nM\u0103r acru \u0219i afine: Combina\u021bia dintre m\u0103r verde acru \u0219i afine dulci asigur\u0103 o experien\u021b\u0103 gustativ\u0103 r\u0103coritoare \u0219i bogat\u0103.<br \/>\nAfine amare: Afinele amare ofer\u0103 o experien\u021b\u0103 gustativ\u0103 intens\u0103, provoc\u00e2nd papilele gustative.<br \/>\nExplozie de c\u0103p\u0219uni: C\u0103p\u0219uni suculente care \u00eenc\u00e2nt\u0103 palatul cu gustul lor dulce \u0219i fructat.<br \/>\n\u00cenghe\u021bat\u0103 de c\u0103p\u0219uni: \u00cenghe\u021bata cremoas\u0103 de c\u0103p\u0219uni aminte\u0219te de zilele calde de var\u0103 \u0219i r\u0103sfa\u021b\u0103 papilele gustative cu dulcea\u021ba sa.<br \/>\nS\u00e2nge de tigru: O combina\u021bie \u00eendr\u0103znea\u021b\u0103 de fructe exotice \u0219i arome puternice pentru o experien\u021b\u0103 gustativ\u0103 s\u0103lbatic\u0103 \u0219i palpitant\u0103.<br \/>\nTutun: Gustul acru \u0219i afumat al tutunului treze\u0219te un sentiment nostalgic at\u00e2t pentru cunosc\u0103tori, c\u00e2t \u0219i pentru entuzia\u0219ti.<br \/>\n\u00cenghe\u021bat\u0103 de pepene verde: Pepenele verde r\u0103coritor \u00eent\u00e2lne\u0219te ghea\u021ba \u0219i asigur\u0103 o experien\u021b\u0103 gustativ\u0103 de var\u0103 r\u0103coritoare.<br \/>\nGuma de pepene verde \u0219i c\u0103p\u0219uni: O combina\u021bie delicioas\u0103 de pepene verde suculent \u0219i c\u0103p\u0219uni dulci, \u00eenvelite \u00eentr-un gust subtil de gum\u0103 de mestecat.<\/p>\n<h3>Detalii:<\/h3>\n<p>\u021aigaret\u0103 electronic\u0103 de unic\u0103 folosin\u021b\u0103 SKE Crystal \u2013 \u021bigar\u0103 electronic\u0103 cu bobin\u0103 din plas\u0103<br \/>\nSKE Crystal Bar este o \u021bigar\u0103 electronic\u0103 de unic\u0103 folosin\u021b\u0103 cu un design elegant \u0219i simplu. Pentru o experien\u021b\u0103 pl\u0103cut\u0103 de fumat, sunt disponibile diferite arome.<br \/>\nCrystal Vape de la SKE are o baterie integrat\u0103 de 500 mAh, suficient\u0103 pentru 600 de pufuri. Nu trebuie \u00eenc\u0103rcat\u0103 sau reumplut\u0103, doar deschide\u021bi ambalajul \u0219i \u00eencepe\u021bi s\u0103 fuma\u021bi.<\/p>\n<p>Exist\u0103 peste 30 de arome diferite de Crystal Vape. Fiecare sortiment are un gust intens \u0219i autentic datorit\u0103 tehnologiei Mesh Coil.<\/p>\n<p>Fiecare SKE Crystal Vape Bar con\u021bine 2 ml de lichid cu sare de nicotin\u0103, cu o concentra\u021bie de 20 mg. Sarea de nicotin\u0103 asigur\u0103 o doz\u0103 bl\u00e2nd\u0103 \u0219i satisf\u0103c\u0103toare de nicotin\u0103, f\u0103r\u0103 senza\u021bie de g\u00e2t iritat.<\/p>\n<p>Trebuie doar s\u0103 o scoate\u021bi din ambalaj \u0219i s\u0103 trage\u021bi de gur\u0103. LED-ul de pe partea de jos se aprinde c\u00e2nd fuma\u021bi. Dac\u0103 LED-ul nu mai lumineaz\u0103 sau gustul dispare, SKE Crystal Bar este gol \u0219i poate fi aruncat.<\/p>","protected":false},"excerpt":{"rendered":"<p>SKE Crystal Wand \u2013 Elektronische Einwegzigarette 20 mg\/ml SKE Crystal Bar ist eine elektronische Einwegzigarette mit elegantem und schlichtem Design. Mit Crystal Vape erhalten Sie ein einzigartiges Geschmackserlebnis und vielf\u00e4ltige M\u00f6glichkeiten. Ob fruchtig, s\u00fc\u00df oder eisig, bei den SKE Crystal Wands ist f\u00fcr jeden etwas dabei. Der Kristallstab verf\u00fcgt \u00fcber eine kristallklare Optik und einen [&hellip;]<\/p>","protected":false},"featured_media":11382,"template":"","meta":{"inline_featured_image":false},"product_cat":[78,754,745,742,748,744,755,738,751],"product_tag":[679],"tiered_pricing_type":"fixed","tiered_pricing_fixed_rules":[],"tiered_pricing_percentage_rules":[],"tiered_pricing_minimum":1,"_administrator_tiered_pricing_type":"fixed","_administrator_tiered_pricing_fixed_rules":[],"_editor_tiered_pricing_type":"fixed","_editor_tiered_pricing_fixed_rules":[],"_author_tiered_pricing_type":"fixed","_author_tiered_pricing_fixed_rules":[],"_contributor_tiered_pricing_type":"fixed","_contributor_tiered_pricing_fixed_rules":[],"_subscriber_tiered_pricing_type":"fixed","_subscriber_tiered_pricing_fixed_rules":[],"_customer_tiered_pricing_type":"fixed","_customer_tiered_pricing_fixed_rules":[],"_shop_manager_tiered_pricing_type":"fixed","_shop_manager_tiered_pricing_fixed_rules":[],"_wpseo_manager_tiered_pricing_type":"fixed","_wpseo_manager_tiered_pricing_fixed_rules":[],"_wpseo_editor_tiered_pricing_type":"fixed","_wpseo_editor_tiered_pricing_fixed_rules":[],"_wholesale_customer_tiered_pricing_type":"fixed","_wholesale_customer_tiered_pricing_fixed_rules":[],"_marketer_tiered_pricing_type":"fixed","_marketer_tiered_pricing_fixed_rules":[],"_sales_manager_tiered_pricing_type":"fixed","_sales_manager_tiered_pricing_fixed_rules":[],"_sales_rep_tiered_pricing_type":"fixed","_sales_rep_tiered_pricing_fixed_rules":[],"yoast_head":"<!-- This site is optimized with the Yoast SEO plugin v23.3 - https:\/\/yoast.com\/wordpress\/plugins\/seo\/ -->\n<title>SKE CRYSTAL BAR EINWEG VAPE E-ZIGARETTE | ElementVape.de<\/title>\n<meta name=\"description\" content=\"Wir bieten SKE CRYSTAL BAR EINWEG VAPE E-ZIGARETTE , Elementvape.de akzeptieren Gro\u00df-und Einzelhandel Bestellungen.\" \/>\n<meta name=\"robots\" content=\"index, follow, max-snippet:-1, max-image-preview:large, max-video-preview:-1\" \/>\n<link rel=\"canonical\" href=\"https:\/\/www.elementvape.de\/ro\/produkt\/ske-crystal-bar-einweg-vape-e-zigarette\/\" \/>\n<meta property=\"og:locale\" content=\"ro_RO\" \/>\n<meta property=\"og:type\" content=\"article\" \/>\n<meta property=\"og:title\" content=\"SKE CRYSTAL BAR EINWEG VAPE E-ZIGARETTE | ElementVape.de\" \/>\n<meta property=\"og:description\" content=\"Wir bieten SKE CRYSTAL BAR EINWEG VAPE E-ZIGARETTE , Elementvape.de akzeptieren Gro\u00df-und Einzelhandel Bestellungen.\" \/>\n<meta property=\"og:url\" content=\"https:\/\/www.elementvape.de\/ro\/produkt\/ske-crystal-bar-einweg-vape-e-zigarette\/\" \/>\n<meta property=\"og:site_name\" content=\"ElementVape.de\" \/>\n<meta property=\"article:modified_time\" content=\"2024-09-12T10:36:36+00:00\" \/>\n<meta property=\"og:image\" content=\"https:\/\/www.elementvape.de\/wp-content\/uploads\/2024\/05\/SKE-CRYSTAL-BAR-.jpg\" \/>\n\t<meta property=\"og:image:width\" content=\"1120\" \/>\n\t<meta property=\"og:image:height\" content=\"1120\" \/>\n\t<meta property=\"og:image:type\" content=\"image\/jpeg\" \/>\n<meta name=\"twitter:card\" content=\"summary_large_image\" \/>\n<meta name=\"twitter:label1\" content=\"Est. reading time\" \/>\n\t<meta name=\"twitter:data1\" content=\"4 minute\" \/>\n<script type=\"application\/ld+json\" class=\"yoast-schema-graph\">{\"@context\":\"https:\/\/schema.org\",\"@graph\":[{\"@type\":\"WebPage\",\"@id\":\"https:\/\/www.elementvape.de\/produkt\/ske-crystal-bar-einweg-vape-e-zigarette\/\",\"url\":\"https:\/\/www.elementvape.de\/produkt\/ske-crystal-bar-einweg-vape-e-zigarette\/\",\"name\":\"SKE CRYSTAL BAR EINWEG VAPE E-ZIGARETTE | ElementVape.de\",\"isPartOf\":{\"@id\":\"https:\/\/www.elementvape.de\/#website\"},\"primaryImageOfPage\":{\"@id\":\"https:\/\/www.elementvape.de\/produkt\/ske-crystal-bar-einweg-vape-e-zigarette\/#primaryimage\"},\"image\":{\"@id\":\"https:\/\/www.elementvape.de\/produkt\/ske-crystal-bar-einweg-vape-e-zigarette\/#primaryimage\"},\"thumbnailUrl\":\"https:\/\/www.elementvape.de\/wp-content\/uploads\/2024\/05\/SKE-CRYSTAL-BAR-.jpg\",\"datePublished\":\"2024-05-31T10:16:21+00:00\",\"dateModified\":\"2024-09-12T10:36:36+00:00\",\"description\":\"Wir bieten SKE CRYSTAL BAR EINWEG VAPE E-ZIGARETTE , Elementvape.de akzeptieren Gro\u00df-und Einzelhandel Bestellungen.\",\"breadcrumb\":{\"@id\":\"https:\/\/www.elementvape.de\/produkt\/ske-crystal-bar-einweg-vape-e-zigarette\/#breadcrumb\"},\"inLanguage\":\"ro-RO\",\"potentialAction\":[{\"@type\":\"ReadAction\",\"target\":[\"https:\/\/www.elementvape.de\/produkt\/ske-crystal-bar-einweg-vape-e-zigarette\/\"]}]},{\"@type\":\"ImageObject\",\"inLanguage\":\"ro-RO\",\"@id\":\"https:\/\/www.elementvape.de\/produkt\/ske-crystal-bar-einweg-vape-e-zigarette\/#primaryimage\",\"url\":\"https:\/\/www.elementvape.de\/wp-content\/uploads\/2024\/05\/SKE-CRYSTAL-BAR-.jpg\",\"contentUrl\":\"https:\/\/www.elementvape.de\/wp-content\/uploads\/2024\/05\/SKE-CRYSTAL-BAR-.jpg\",\"width\":1120,\"height\":1120,\"caption\":\"SKE CRYSTAL BAR\"},{\"@type\":\"BreadcrumbList\",\"@id\":\"https:\/\/www.elementvape.de\/produkt\/ske-crystal-bar-einweg-vape-e-zigarette\/#breadcrumb\",\"itemListElement\":[{\"@type\":\"ListItem\",\"position\":1,\"name\":\"Home\",\"item\":\"https:\/\/www.elementvape.de\/\"},{\"@type\":\"ListItem\",\"position\":2,\"name\":\"Shop\",\"item\":\"https:\/\/www.elementvape.de\/shop\/\"},{\"@type\":\"ListItem\",\"position\":3,\"name\":\"SKE CRYSTAL BAR EINWEG VAPE E-ZIGARETTE\"}]},{\"@type\":\"WebSite\",\"@id\":\"https:\/\/www.elementvape.de\/#website\",\"url\":\"https:\/\/www.elementvape.de\/\",\"name\":\"ElementVape.de\",\"description\":\"\",\"publisher\":{\"@id\":\"https:\/\/www.elementvape.de\/#organization\"},\"potentialAction\":[{\"@type\":\"SearchAction\",\"target\":{\"@type\":\"EntryPoint\",\"urlTemplate\":\"https:\/\/www.elementvape.de\/?s={search_term_string}\"},\"query-input\":\"required name=search_term_string\"}],\"inLanguage\":\"ro-RO\"},{\"@type\":\"Organization\",\"@id\":\"https:\/\/www.elementvape.de\/#organization\",\"name\":\"ElementVape.DE\",\"url\":\"https:\/\/www.elementvape.de\/\",\"logo\":{\"@type\":\"ImageObject\",\"inLanguage\":\"ro-RO\",\"@id\":\"https:\/\/www.elementvape.de\/#\/schema\/logo\/image\/\",\"url\":\"https:\/\/www.elementvape.de\/wp-content\/uploads\/2024\/09\/cropped-1elementvape-3.png\",\"contentUrl\":\"https:\/\/www.elementvape.de\/wp-content\/uploads\/2024\/09\/cropped-1elementvape-3.png\",\"width\":285,\"height\":228,\"caption\":\"ElementVape.DE\"},\"image\":{\"@id\":\"https:\/\/www.elementvape.de\/#\/schema\/logo\/image\/\"}}]}<\/script>\n<!-- \/ Yoast SEO plugin. -->","yoast_head_json":{"title":"SKE CRYSTAL BAR EINWEG VAPE E-ZIGARETTE | ElementVape.de","description":"Wir bieten SKE CRYSTAL BAR EINWEG VAPE E-ZIGARETTE , Elementvape.de akzeptieren Gro\u00df-und Einzelhandel Bestellungen.","robots":{"index":"index","follow":"follow","max-snippet":"max-snippet:-1","max-image-preview":"max-image-preview:large","max-video-preview":"max-video-preview:-1"},"canonical":"https:\/\/www.elementvape.de\/ro\/produkt\/ske-crystal-bar-einweg-vape-e-zigarette\/","og_locale":"ro_RO","og_type":"article","og_title":"SKE CRYSTAL BAR EINWEG VAPE E-ZIGARETTE | ElementVape.de","og_description":"Wir bieten SKE CRYSTAL BAR EINWEG VAPE E-ZIGARETTE , Elementvape.de akzeptieren Gro\u00df-und Einzelhandel Bestellungen.","og_url":"https:\/\/www.elementvape.de\/ro\/produkt\/ske-crystal-bar-einweg-vape-e-zigarette\/","og_site_name":"ElementVape.de","article_modified_time":"2024-09-12T10:36:36+00:00","og_image":[{"width":1120,"height":1120,"url":"https:\/\/www.elementvape.de\/wp-content\/uploads\/2024\/05\/SKE-CRYSTAL-BAR-.jpg","type":"image\/jpeg"}],"twitter_card":"summary_large_image","twitter_misc":{"Est. reading time":"4 minute"},"schema":{"@context":"https:\/\/schema.org","@graph":[{"@type":"WebPage","@id":"https:\/\/www.elementvape.de\/produkt\/ske-crystal-bar-einweg-vape-e-zigarette\/","url":"https:\/\/www.elementvape.de\/produkt\/ske-crystal-bar-einweg-vape-e-zigarette\/","name":"SKE CRYSTAL BAR EINWEG VAPE E-ZIGARETTE | ElementVape.de","isPartOf":{"@id":"https:\/\/www.elementvape.de\/#website"},"primaryImageOfPage":{"@id":"https:\/\/www.elementvape.de\/produkt\/ske-crystal-bar-einweg-vape-e-zigarette\/#primaryimage"},"image":{"@id":"https:\/\/www.elementvape.de\/produkt\/ske-crystal-bar-einweg-vape-e-zigarette\/#primaryimage"},"thumbnailUrl":"https:\/\/www.elementvape.de\/wp-content\/uploads\/2024\/05\/SKE-CRYSTAL-BAR-.jpg","datePublished":"2024-05-31T10:16:21+00:00","dateModified":"2024-09-12T10:36:36+00:00","description":"Wir bieten SKE CRYSTAL BAR EINWEG VAPE E-ZIGARETTE , Elementvape.de akzeptieren Gro\u00df-und Einzelhandel Bestellungen.","breadcrumb":{"@id":"https:\/\/www.elementvape.de\/produkt\/ske-crystal-bar-einweg-vape-e-zigarette\/#breadcrumb"},"inLanguage":"ro-RO","potentialAction":[{"@type":"ReadAction","target":["https:\/\/www.elementvape.de\/produkt\/ske-crystal-bar-einweg-vape-e-zigarette\/"]}]},{"@type":"ImageObject","inLanguage":"ro-RO","@id":"https:\/\/www.elementvape.de\/produkt\/ske-crystal-bar-einweg-vape-e-zigarette\/#primaryimage","url":"https:\/\/www.elementvape.de\/wp-content\/uploads\/2024\/05\/SKE-CRYSTAL-BAR-.jpg","contentUrl":"https:\/\/www.elementvape.de\/wp-content\/uploads\/2024\/05\/SKE-CRYSTAL-BAR-.jpg","width":1120,"height":1120,"caption":"SKE CRYSTAL BAR"},{"@type":"BreadcrumbList","@id":"https:\/\/www.elementvape.de\/produkt\/ske-crystal-bar-einweg-vape-e-zigarette\/#breadcrumb","itemListElement":[{"@type":"ListItem","position":1,"name":"Home","item":"https:\/\/www.elementvape.de\/"},{"@type":"ListItem","position":2,"name":"Shop","item":"https:\/\/www.elementvape.de\/shop\/"},{"@type":"ListItem","position":3,"name":"SKE CRYSTAL BAR EINWEG VAPE E-ZIGARETTE"}]},{"@type":"WebSite","@id":"https:\/\/www.elementvape.de\/#website","url":"https:\/\/www.elementvape.de\/","name":"ElementVape.de","description":"","publisher":{"@id":"https:\/\/www.elementvape.de\/#organization"},"potentialAction":[{"@type":"SearchAction","target":{"@type":"EntryPoint","urlTemplate":"https:\/\/www.elementvape.de\/?s={search_term_string}"},"query-input":"required name=search_term_string"}],"inLanguage":"ro-RO"},{"@type":"Organization","@id":"https:\/\/www.elementvape.de\/#organization","name":"ElementVape.DE","url":"https:\/\/www.elementvape.de\/","logo":{"@type":"ImageObject","inLanguage":"ro-RO","@id":"https:\/\/www.elementvape.de\/#\/schema\/logo\/image\/","url":"https:\/\/www.elementvape.de\/wp-content\/uploads\/2024\/09\/cropped-1elementvape-3.png","contentUrl":"https:\/\/www.elementvape.de\/wp-content\/uploads\/2024\/09\/cropped-1elementvape-3.png","width":285,"height":228,"caption":"ElementVape.DE"},"image":{"@id":"https:\/\/www.elementvape.de\/#\/schema\/logo\/image\/"}}]}},"_links":{"self":[{"href":"https:\/\/www.elementvape.de\/ro\/wp-json\/wp\/v2\/product\/11360"}],"collection":[{"href":"https:\/\/www.elementvape.de\/ro\/wp-json\/wp\/v2\/product"}],"about":[{"href":"https:\/\/www.elementvape.de\/ro\/wp-json\/wp\/v2\/types\/product"}],"wp:featuredmedia":[{"embeddable":true,"href":"https:\/\/www.elementvape.de\/ro\/wp-json\/wp\/v2\/media\/11382"}],"wp:attachment":[{"href":"https:\/\/www.elementvape.de\/ro\/wp-json\/wp\/v2\/media?parent=11360"}],"wp:term":[{"taxonomy":"product_cat","embeddable":true,"href":"https:\/\/www.elementvape.de\/ro\/wp-json\/wp\/v2\/product_cat?post=11360"},{"taxonomy":"product_tag","embeddable":true,"href":"https:\/\/www.elementvape.de\/ro\/wp-json\/wp\/v2\/product_tag?post=11360"}],"curies":[{"name":"wp","href":"https:\/\/api.w.org\/{rel}","templated":true}]}}