{"id":11238,"date":"2024-05-31T06:56:40","date_gmt":"2024-05-31T06:56:40","guid":{"rendered":"https:\/\/www.elementvape.de\/?post_type=product&#038;p=11238"},"modified":"2024-09-12T10:36:38","modified_gmt":"2024-09-12T10:36:38","slug":"187-stick-v2-e-shisha-kaufen","status":"publish","type":"product","link":"https:\/\/www.elementvape.de\/ro\/produkt\/187-stick-v2-e-shisha-kaufen\/","title":{"rendered":"187 Stick V2 E-Shisha Cump\u0103r\u0103"},"content":{"rendered":"<p>\u021aigaret\u0103 electronic\u0103 de unic\u0103 folosin\u021b\u0103 187 V2<\/p>\n<p>\u021aigara electronic\u0103 de unic\u0103 folosin\u021b\u0103 187 V2 asigur\u0103 o experien\u021b\u0103 de fumat r\u0103coritoare. Aceast\u0103 \u021bigar\u0103 electronic\u0103 de unic\u0103 folosin\u021b\u0103 de la 187 Stra\u00dfenbande surprinde perfect aromele populare ale sortimentelor de tutun \u0219i lichid pentru shisha, oferind cu tehnologia avansat\u0103 Mesh-Coil \u0219i bateria puternic\u0103 un vapori intensi pentru p\u00e2n\u0103 la 600 de pufuri f\u0103r\u0103 a compromite gustul.<\/p>\n<p>Repere \u0219i avantaje ale \u021big\u0103rii electronice de unic\u0103 folosin\u021b\u0103 187 V2<\/p>\n<p>U\u0219or de utilizat:<br \/>\nF\u0103r\u0103 cuno\u0219tin\u021be speciale: Perfect\u0103 pentru \u00eencep\u0103tori \u0219i profesioni\u0219ti deopotriv\u0103, deoarece nu necesit\u0103 accesorii sau cuno\u0219tin\u021be speciale.<br \/>\nPreg\u0103tit\u0103 de utilizare imediat: Folosi\u021bi \u021bigara electronic\u0103 oric\u00e2nd \u0219i oriunde, f\u0103r\u0103 a fi nevoie s\u0103 o \u00eenc\u0103rca\u021bi sau s\u0103 o reumple\u021bi.<br \/>\nCurat\u0103 \u0219i practic\u0103: F\u0103r\u0103 gudron, monoxid de carbon sau de\u0219euri din reumplere sau cur\u0103\u021bare.<\/p>\n<p>Gust puternic:<br \/>\nTehnologie Mesh Coil: Asigur\u0103 un gust pl\u0103cut \u0219i bogat.<\/p>\n<p>Transparen\u021b\u0103:<br \/>\nIndicator nivel lichid: Prin tubul transparent de aspira\u021bie, nivelul lichidului poate fi verificat oric\u00e2nd.<\/p>\n<p>De ce s\u0103 alege\u021bi 187 Vape V2?<\/p>\n<p>Vape V2 187 este perfect pentru to\u021bi cei care caut\u0103 o \u021bigar\u0103 electronic\u0103 de unic\u0103 folosin\u021b\u0103 practic\u0103 \u0219i u\u0219or de utilizat. Cu o baterie puternic\u0103 \u0219i tehnologie Mesh-Coil de \u00eenalt\u0103 calitate, asigur\u0103 o experien\u021b\u0103 de fumat intens\u0103 \u0219i de durat\u0103, f\u0103r\u0103 a fi nevoie de configur\u0103ri complicate sau accesorii.<\/p>\n<p>Specifica\u021bii tehnice \u0219i caracteristici<\/p>\n<p>Putere baterie: 500 mAh, bucurie \u00eendelungat\u0103 de la \u021bigara electronic\u0103.<br \/>\nNum\u0103rul de trasee: Fiecare dispozitiv poate suporta p\u00e2n\u0103 la 600 de trasee, f\u0103r\u0103 a-\u0219i pierde gustul.<\/p>\n<p>Capacitate E-Liquid: 2,0 ml, con\u021binut de nicotin\u0103 20 mg\/ml.<br \/>\nRezisten\u021b\u0103: Rezisten\u021b\u0103 integrat\u0103 Fresor-Mesh pentru o distribu\u021bie mai bun\u0103 a aromei.<br \/>\nDesign: Design abstract, cel mai bun aspect \u00een stilul clasic 187.<br \/>\nDimensiuni: \u00cen\u0103l\u021bime aproximativ 10,5 cm, diametru exterior aproximativ 1,7 cm, greutate 29 de grame.<\/p>\n<p>\u021aigareta electronic\u0103 de unic\u0103 folosin\u021b\u0103 187 V2 combin\u0103 gustul r\u0103coritor cu u\u0219urin\u021ba \u00een utilizare \u0219i calitatea tehnic\u0103. Este ideal\u0103 pentru vaperii care caut\u0103 o experien\u021b\u0103 de vaping f\u0103r\u0103 stres, intens\u0103. Cu tehnologia avansat\u0103 Mesh-Coil \u0219i performan\u021ba puternic\u0103 a bateriei, 187 V2 ofer\u0103 arom\u0103 bogat\u0103 \u0219i de durat\u0103, f\u0103r\u0103 compromisuri \u00een privin\u021ba gustului, fiind u\u0219or de manevrat \u0219i utilizat.<\/p>","protected":false},"excerpt":{"rendered":"<p>187 V2 elektronische Einweg zigarette Die Einweg-E-Zigarette 187 V2 sorgt f\u00fcr ein erfrischendes Raucherlebnis. Diese Einweg-E-Zigarette von 187 Stra\u00dfenbande f\u00e4ngt die beliebten Aromen des Shisha-Tabak- und Liquid-Sortiments perfekt ein und sorgt mit ihrer fortschrittlichen Mesh-Coil-Technologie und der starken Akkuleistung f\u00fcr intensiven Dampfgenuss f\u00fcr bis zu 600 Z\u00fcge ohne Einbu\u00dfen jeglichen Geschmacks. Highlights und Vorteile der [&hellip;]<\/p>","protected":false},"featured_media":11239,"template":"","meta":{"inline_featured_image":false},"product_cat":[78,754,745,742,748,744,755,738,751],"product_tag":[679],"tiered_pricing_type":"fixed","tiered_pricing_fixed_rules":[],"tiered_pricing_percentage_rules":[],"tiered_pricing_minimum":1,"_administrator_tiered_pricing_type":"fixed","_administrator_tiered_pricing_fixed_rules":[],"_editor_tiered_pricing_type":"fixed","_editor_tiered_pricing_fixed_rules":[],"_author_tiered_pricing_type":"fixed","_author_tiered_pricing_fixed_rules":[],"_contributor_tiered_pricing_type":"fixed","_contributor_tiered_pricing_fixed_rules":[],"_subscriber_tiered_pricing_type":"fixed","_subscriber_tiered_pricing_fixed_rules":[],"_customer_tiered_pricing_type":"fixed","_customer_tiered_pricing_fixed_rules":[],"_shop_manager_tiered_pricing_type":"fixed","_shop_manager_tiered_pricing_fixed_rules":[],"_wpseo_manager_tiered_pricing_type":"fixed","_wpseo_manager_tiered_pricing_fixed_rules":[],"_wpseo_editor_tiered_pricing_type":"fixed","_wpseo_editor_tiered_pricing_fixed_rules":[],"_wholesale_customer_tiered_pricing_type":"fixed","_wholesale_customer_tiered_pricing_fixed_rules":[],"_marketer_tiered_pricing_type":"fixed","_marketer_tiered_pricing_fixed_rules":[],"_sales_manager_tiered_pricing_type":"fixed","_sales_manager_tiered_pricing_fixed_rules":[],"_sales_rep_tiered_pricing_type":"fixed","_sales_rep_tiered_pricing_fixed_rules":[],"yoast_head":"<!-- This site is optimized with the Yoast SEO plugin v23.3 - https:\/\/yoast.com\/wordpress\/plugins\/seo\/ -->\n<title>187 Stick V2 E-Shisha Kaufen | ElementVape.de<\/title>\n<meta name=\"description\" content=\"Wir bieten 187 Stick V2 E-Shisha Kaufen , Elementvape.de akzeptieren Gro\u00df-und Einzelhandel Bestellungen.\" \/>\n<meta name=\"robots\" content=\"index, follow, max-snippet:-1, max-image-preview:large, max-video-preview:-1\" \/>\n<link rel=\"canonical\" href=\"https:\/\/www.elementvape.de\/ro\/produkt\/187-stick-v2-e-shisha-kaufen\/\" \/>\n<meta property=\"og:locale\" content=\"ro_RO\" \/>\n<meta property=\"og:type\" content=\"article\" \/>\n<meta property=\"og:title\" content=\"187 Stick V2 E-Shisha Kaufen | ElementVape.de\" \/>\n<meta property=\"og:description\" content=\"Wir bieten 187 Stick V2 E-Shisha Kaufen , Elementvape.de akzeptieren Gro\u00df-und Einzelhandel Bestellungen.\" \/>\n<meta property=\"og:url\" content=\"https:\/\/www.elementvape.de\/ro\/produkt\/187-stick-v2-e-shisha-kaufen\/\" \/>\n<meta property=\"og:site_name\" content=\"ElementVape.de\" \/>\n<meta property=\"article:modified_time\" content=\"2024-09-12T10:36:38+00:00\" \/>\n<meta property=\"og:image\" content=\"https:\/\/www.elementvape.de\/wp-content\/uploads\/2024\/05\/187-stick-v2-e-shisha-tropicana-20mg.jpg\" \/>\n\t<meta property=\"og:image:width\" content=\"1120\" \/>\n\t<meta property=\"og:image:height\" content=\"1120\" \/>\n\t<meta property=\"og:image:type\" content=\"image\/jpeg\" \/>\n<meta name=\"twitter:card\" content=\"summary_large_image\" \/>\n<meta name=\"twitter:label1\" content=\"Est. reading time\" \/>\n\t<meta name=\"twitter:data1\" content=\"2 minute\" \/>\n<script type=\"application\/ld+json\" class=\"yoast-schema-graph\">{\"@context\":\"https:\/\/schema.org\",\"@graph\":[{\"@type\":\"WebPage\",\"@id\":\"https:\/\/www.elementvape.de\/es\/produkt\/187-stick-v2-e-shisha-kaufen\/\",\"url\":\"https:\/\/www.elementvape.de\/es\/produkt\/187-stick-v2-e-shisha-kaufen\/\",\"name\":\"187 Stick V2 E-Shisha Kaufen | ElementVape.de\",\"isPartOf\":{\"@id\":\"https:\/\/www.elementvape.de\/#website\"},\"primaryImageOfPage\":{\"@id\":\"https:\/\/www.elementvape.de\/es\/produkt\/187-stick-v2-e-shisha-kaufen\/#primaryimage\"},\"image\":{\"@id\":\"https:\/\/www.elementvape.de\/es\/produkt\/187-stick-v2-e-shisha-kaufen\/#primaryimage\"},\"thumbnailUrl\":\"https:\/\/www.elementvape.de\/wp-content\/uploads\/2024\/05\/187-stick-v2-e-shisha-tropicana-20mg.jpg\",\"datePublished\":\"2024-05-31T06:56:40+00:00\",\"dateModified\":\"2024-09-12T10:36:38+00:00\",\"description\":\"Wir bieten 187 Stick V2 E-Shisha Kaufen , Elementvape.de akzeptieren Gro\u00df-und Einzelhandel Bestellungen.\",\"breadcrumb\":{\"@id\":\"https:\/\/www.elementvape.de\/es\/produkt\/187-stick-v2-e-shisha-kaufen\/#breadcrumb\"},\"inLanguage\":\"ro-RO\",\"potentialAction\":[{\"@type\":\"ReadAction\",\"target\":[\"https:\/\/www.elementvape.de\/es\/produkt\/187-stick-v2-e-shisha-kaufen\/\"]}]},{\"@type\":\"ImageObject\",\"inLanguage\":\"ro-RO\",\"@id\":\"https:\/\/www.elementvape.de\/es\/produkt\/187-stick-v2-e-shisha-kaufen\/#primaryimage\",\"url\":\"https:\/\/www.elementvape.de\/wp-content\/uploads\/2024\/05\/187-stick-v2-e-shisha-tropicana-20mg.jpg\",\"contentUrl\":\"https:\/\/www.elementvape.de\/wp-content\/uploads\/2024\/05\/187-stick-v2-e-shisha-tropicana-20mg.jpg\",\"width\":1120,\"height\":1120,\"caption\":\"187-stick-v2-e-shisha-tropicana-20mg\"},{\"@type\":\"BreadcrumbList\",\"@id\":\"https:\/\/www.elementvape.de\/es\/produkt\/187-stick-v2-e-shisha-kaufen\/#breadcrumb\",\"itemListElement\":[{\"@type\":\"ListItem\",\"position\":1,\"name\":\"Home\",\"item\":\"https:\/\/www.elementvape.de\/\"},{\"@type\":\"ListItem\",\"position\":2,\"name\":\"Shop\",\"item\":\"https:\/\/www.elementvape.de\/shop\/\"},{\"@type\":\"ListItem\",\"position\":3,\"name\":\"187 Stick V2 E-Shisha Kaufen\"}]},{\"@type\":\"WebSite\",\"@id\":\"https:\/\/www.elementvape.de\/#website\",\"url\":\"https:\/\/www.elementvape.de\/\",\"name\":\"ElementVape.de\",\"description\":\"\",\"publisher\":{\"@id\":\"https:\/\/www.elementvape.de\/#organization\"},\"potentialAction\":[{\"@type\":\"SearchAction\",\"target\":{\"@type\":\"EntryPoint\",\"urlTemplate\":\"https:\/\/www.elementvape.de\/?s={search_term_string}\"},\"query-input\":\"required name=search_term_string\"}],\"inLanguage\":\"ro-RO\"},{\"@type\":\"Organization\",\"@id\":\"https:\/\/www.elementvape.de\/#organization\",\"name\":\"ElementVape.DE\",\"url\":\"https:\/\/www.elementvape.de\/\",\"logo\":{\"@type\":\"ImageObject\",\"inLanguage\":\"ro-RO\",\"@id\":\"https:\/\/www.elementvape.de\/#\/schema\/logo\/image\/\",\"url\":\"https:\/\/www.elementvape.de\/wp-content\/uploads\/2024\/09\/cropped-1elementvape-3.png\",\"contentUrl\":\"https:\/\/www.elementvape.de\/wp-content\/uploads\/2024\/09\/cropped-1elementvape-3.png\",\"width\":285,\"height\":228,\"caption\":\"ElementVape.DE\"},\"image\":{\"@id\":\"https:\/\/www.elementvape.de\/#\/schema\/logo\/image\/\"}}]}<\/script>\n<!-- \/ Yoast SEO plugin. -->","yoast_head_json":{"title":"187 Stick V2 E-Shisha Kaufen | ElementVape.de","description":"Wir bieten 187 Stick V2 E-Shisha Kaufen , Elementvape.de akzeptieren Gro\u00df-und Einzelhandel Bestellungen.","robots":{"index":"index","follow":"follow","max-snippet":"max-snippet:-1","max-image-preview":"max-image-preview:large","max-video-preview":"max-video-preview:-1"},"canonical":"https:\/\/www.elementvape.de\/ro\/produkt\/187-stick-v2-e-shisha-kaufen\/","og_locale":"ro_RO","og_type":"article","og_title":"187 Stick V2 E-Shisha Kaufen | ElementVape.de","og_description":"Wir bieten 187 Stick V2 E-Shisha Kaufen , Elementvape.de akzeptieren Gro\u00df-und Einzelhandel Bestellungen.","og_url":"https:\/\/www.elementvape.de\/ro\/produkt\/187-stick-v2-e-shisha-kaufen\/","og_site_name":"ElementVape.de","article_modified_time":"2024-09-12T10:36:38+00:00","og_image":[{"width":1120,"height":1120,"url":"https:\/\/www.elementvape.de\/wp-content\/uploads\/2024\/05\/187-stick-v2-e-shisha-tropicana-20mg.jpg","type":"image\/jpeg"}],"twitter_card":"summary_large_image","twitter_misc":{"Est. reading time":"2 minute"},"schema":{"@context":"https:\/\/schema.org","@graph":[{"@type":"WebPage","@id":"https:\/\/www.elementvape.de\/es\/produkt\/187-stick-v2-e-shisha-kaufen\/","url":"https:\/\/www.elementvape.de\/es\/produkt\/187-stick-v2-e-shisha-kaufen\/","name":"187 Stick V2 E-Shisha Kaufen | ElementVape.de","isPartOf":{"@id":"https:\/\/www.elementvape.de\/#website"},"primaryImageOfPage":{"@id":"https:\/\/www.elementvape.de\/es\/produkt\/187-stick-v2-e-shisha-kaufen\/#primaryimage"},"image":{"@id":"https:\/\/www.elementvape.de\/es\/produkt\/187-stick-v2-e-shisha-kaufen\/#primaryimage"},"thumbnailUrl":"https:\/\/www.elementvape.de\/wp-content\/uploads\/2024\/05\/187-stick-v2-e-shisha-tropicana-20mg.jpg","datePublished":"2024-05-31T06:56:40+00:00","dateModified":"2024-09-12T10:36:38+00:00","description":"Wir bieten 187 Stick V2 E-Shisha Kaufen , Elementvape.de akzeptieren Gro\u00df-und Einzelhandel Bestellungen.","breadcrumb":{"@id":"https:\/\/www.elementvape.de\/es\/produkt\/187-stick-v2-e-shisha-kaufen\/#breadcrumb"},"inLanguage":"ro-RO","potentialAction":[{"@type":"ReadAction","target":["https:\/\/www.elementvape.de\/es\/produkt\/187-stick-v2-e-shisha-kaufen\/"]}]},{"@type":"ImageObject","inLanguage":"ro-RO","@id":"https:\/\/www.elementvape.de\/es\/produkt\/187-stick-v2-e-shisha-kaufen\/#primaryimage","url":"https:\/\/www.elementvape.de\/wp-content\/uploads\/2024\/05\/187-stick-v2-e-shisha-tropicana-20mg.jpg","contentUrl":"https:\/\/www.elementvape.de\/wp-content\/uploads\/2024\/05\/187-stick-v2-e-shisha-tropicana-20mg.jpg","width":1120,"height":1120,"caption":"187-stick-v2-e-shisha-tropicana-20mg"},{"@type":"BreadcrumbList","@id":"https:\/\/www.elementvape.de\/es\/produkt\/187-stick-v2-e-shisha-kaufen\/#breadcrumb","itemListElement":[{"@type":"ListItem","position":1,"name":"Home","item":"https:\/\/www.elementvape.de\/"},{"@type":"ListItem","position":2,"name":"Shop","item":"https:\/\/www.elementvape.de\/shop\/"},{"@type":"ListItem","position":3,"name":"187 Stick V2 E-Shisha Kaufen"}]},{"@type":"WebSite","@id":"https:\/\/www.elementvape.de\/#website","url":"https:\/\/www.elementvape.de\/","name":"ElementVape.de","description":"","publisher":{"@id":"https:\/\/www.elementvape.de\/#organization"},"potentialAction":[{"@type":"SearchAction","target":{"@type":"EntryPoint","urlTemplate":"https:\/\/www.elementvape.de\/?s={search_term_string}"},"query-input":"required name=search_term_string"}],"inLanguage":"ro-RO"},{"@type":"Organization","@id":"https:\/\/www.elementvape.de\/#organization","name":"ElementVape.DE","url":"https:\/\/www.elementvape.de\/","logo":{"@type":"ImageObject","inLanguage":"ro-RO","@id":"https:\/\/www.elementvape.de\/#\/schema\/logo\/image\/","url":"https:\/\/www.elementvape.de\/wp-content\/uploads\/2024\/09\/cropped-1elementvape-3.png","contentUrl":"https:\/\/www.elementvape.de\/wp-content\/uploads\/2024\/09\/cropped-1elementvape-3.png","width":285,"height":228,"caption":"ElementVape.DE"},"image":{"@id":"https:\/\/www.elementvape.de\/#\/schema\/logo\/image\/"}}]}},"_links":{"self":[{"href":"https:\/\/www.elementvape.de\/ro\/wp-json\/wp\/v2\/product\/11238"}],"collection":[{"href":"https:\/\/www.elementvape.de\/ro\/wp-json\/wp\/v2\/product"}],"about":[{"href":"https:\/\/www.elementvape.de\/ro\/wp-json\/wp\/v2\/types\/product"}],"wp:featuredmedia":[{"embeddable":true,"href":"https:\/\/www.elementvape.de\/ro\/wp-json\/wp\/v2\/media\/11239"}],"wp:attachment":[{"href":"https:\/\/www.elementvape.de\/ro\/wp-json\/wp\/v2\/media?parent=11238"}],"wp:term":[{"taxonomy":"product_cat","embeddable":true,"href":"https:\/\/www.elementvape.de\/ro\/wp-json\/wp\/v2\/product_cat?post=11238"},{"taxonomy":"product_tag","embeddable":true,"href":"https:\/\/www.elementvape.de\/ro\/wp-json\/wp\/v2\/product_tag?post=11238"}],"curies":[{"name":"wp","href":"https:\/\/api.w.org\/{rel}","templated":true}]}}