{"id":10679,"date":"2024-05-25T09:11:34","date_gmt":"2024-05-25T09:11:34","guid":{"rendered":"https:\/\/www.elementvape.de\/?post_type=product&#038;p=10679"},"modified":"2024-09-12T10:31:41","modified_gmt":"2024-09-12T10:31:41","slug":"elf-bar-te5000-einweg-vape-5000-zuege","status":"publish","type":"product","link":"https:\/\/www.elementvape.de\/ro\/produkt\/elf-bar-te5000-einweg-vape-5000-zuege\/","title":{"rendered":"Elf Bar TE5000 Vape de unic\u0103 folosin\u021b\u0103 5000 Pufuri"},"content":{"rendered":"<div class=\"card__header\">\n<h2 class=\"card__title heading h3\"><span>Descriere<\/span><\/h2>\n<\/div>\n<div class=\"card__section\">\n<div class=\"rte text--pull\"><span>Experimenta\u021bi nori uria\u0219i \u0219i 5000 de pufuri de pl\u0103cere celestial\u0103 cu Vape-ul de unic\u0103 folosin\u021b\u0103 Elf Bar TE5000! Cu 50 mg (5,0 %) nicotin\u0103 pe volum, 13,5 ml lichid electronic preumplut, baterie integrat\u0103 de 550 mAh \u0219i 15 op\u021biuni de arome, ve\u021bi deveni instantaneu expert \u00een vapare. Deoarece nu este reumplibil, \u00eel pute\u021bi arunca \u0219i dup\u0103 5000 de pufuri s\u0103 v\u0103 lua\u021bi unul nou.<\/span><\/div>\n<div class=\"rte text--pull\">\n<h3><span>Parametri:<\/span><\/h3>\n<p><span>50 mg (5,0 %) nicotin\u0103 pe volum.<\/span><br \/>\n<span>13,5 ml lichid electronic preumplut.<\/span><br \/>\n<span>Aproximativ 5000 de pufuri pe dispozitiv.<\/span><br \/>\n<span>Baterie integrat\u0103 de 550 mAh.<\/span><br \/>\n<span>Nu este reumplibil \u0219i poate fi \u00eenc\u0103rcat.<\/span><br \/>\n<span>Rezisten\u021b\u0103 premium din plas\u0103.<\/span><br \/>\n<span>15 op\u021biuni de arome<\/span><\/div>\n<div class=\"rte text--pull\">\n<h3><span>Arome:<\/span><\/h3>\n<p><span>M\u0103r \u0219i piersic\u0103<\/span><br \/>\n<span>Blue Razz Ice<\/span><br \/>\n<span>Limonad\u0103 Blue Razz<\/span><br \/>\n<span>\u00cenghe\u021bat\u0103 de afine<\/span><br \/>\n<span>Vat\u0103 de zah\u0103r<\/span><br \/>\n<span>Energie<\/span><br \/>\n<span>Strugure<\/span><br \/>\n<span>Piersic\u0103 suculent\u0103<\/span><br \/>\n<span>Kiwi Fructul pasiunii Guava<\/span><br \/>\n<span>Ananas Mango Portocaliu<\/span><br \/>\n<span>C\u0103p\u0219uni Banane<\/span><br \/>\n<span>\u00cenghe\u021bat\u0103 cu c\u0103p\u0219uni<\/span><br \/>\n<span>\u00cenghe\u021bat\u0103 cu c\u0103p\u0219uni<\/span><br \/>\n<span>\u00cenghe\u021bat\u0103 cu vanilie<\/span><br \/>\n<span>Ghea\u021b\u0103 de pepene<\/span><\/div>\n<div class=\"rte text--pull\">\n<h3><span>Lista de ambalare:<\/span><\/h3>\n<p><span>1 x Vape de unic\u0103 folosin\u021b\u0103 Elf Bar TE5000 5000 pufuri<\/span><\/div>\n<\/div>","protected":false},"excerpt":{"rendered":"<p>Experimenta\u021bi nori uria\u0219i \u0219i 5000 de pufuri de pl\u0103cere celestial\u0103 cu Vape-ul de unic\u0103 folosin\u021b\u0103 Elf Bar TE5000! Cu 50 mg (5,0 %) nicotin\u0103 pe volum, 13,5 ml lichid electronic preumplut, baterie integrat\u0103 de 550 mAh \u0219i 15 op\u021biuni de arome, ve\u021bi deveni instantaneu expert \u00een vapare. Deoarece nu este reumplibil, \u00eel pute\u021bi arunca \u0219i dup\u0103 5000 de pufuri s\u0103 v\u0103 lua\u021bi unul nou.<\/p>","protected":false},"featured_media":10695,"template":"","meta":{"inline_featured_image":false},"product_cat":[78,750,737,736,749],"product_tag":[678],"tiered_pricing_type":"fixed","tiered_pricing_fixed_rules":[],"tiered_pricing_percentage_rules":[],"tiered_pricing_minimum":1,"_administrator_tiered_pricing_type":"fixed","_administrator_tiered_pricing_fixed_rules":[],"_editor_tiered_pricing_type":"fixed","_editor_tiered_pricing_fixed_rules":[],"_author_tiered_pricing_type":"fixed","_author_tiered_pricing_fixed_rules":[],"_contributor_tiered_pricing_type":"fixed","_contributor_tiered_pricing_fixed_rules":[],"_subscriber_tiered_pricing_type":"fixed","_subscriber_tiered_pricing_fixed_rules":[],"_customer_tiered_pricing_type":"fixed","_customer_tiered_pricing_fixed_rules":[],"_shop_manager_tiered_pricing_type":"fixed","_shop_manager_tiered_pricing_fixed_rules":[],"_wpseo_manager_tiered_pricing_type":"fixed","_wpseo_manager_tiered_pricing_fixed_rules":[],"_wpseo_editor_tiered_pricing_type":"fixed","_wpseo_editor_tiered_pricing_fixed_rules":[],"_wholesale_customer_tiered_pricing_type":"fixed","_wholesale_customer_tiered_pricing_fixed_rules":[],"_marketer_tiered_pricing_type":"fixed","_marketer_tiered_pricing_fixed_rules":[],"_sales_manager_tiered_pricing_type":"fixed","_sales_manager_tiered_pricing_fixed_rules":[],"_sales_rep_tiered_pricing_type":"fixed","_sales_rep_tiered_pricing_fixed_rules":[],"yoast_head":"<!-- This site is optimized with the Yoast SEO plugin v23.3 - https:\/\/yoast.com\/wordpress\/plugins\/seo\/ -->\n<title>Elf Bar TE5000 Einweg-Vape 5000 Z\u00fcge | ElementVape.de<\/title>\n<meta name=\"description\" content=\"Wir bieten Elf Bar TE5000 Einweg-Vape 5000 Z\u00fcge , Elementvape.de akzeptieren Gro\u00df-und Einzelhandel Bestellungen.\" \/>\n<meta name=\"robots\" content=\"index, follow, max-snippet:-1, max-image-preview:large, max-video-preview:-1\" \/>\n<link rel=\"canonical\" href=\"https:\/\/www.elementvape.de\/ro\/produkt\/elf-bar-te5000-einweg-vape-5000-zuege\/\" \/>\n<meta property=\"og:locale\" content=\"ro_RO\" \/>\n<meta property=\"og:type\" content=\"article\" \/>\n<meta property=\"og:title\" content=\"Elf Bar TE5000 Einweg-Vape 5000 Z\u00fcge | ElementVape.de\" \/>\n<meta property=\"og:description\" content=\"Wir bieten Elf Bar TE5000 Einweg-Vape 5000 Z\u00fcge , Elementvape.de akzeptieren Gro\u00df-und Einzelhandel Bestellungen.\" \/>\n<meta property=\"og:url\" content=\"https:\/\/www.elementvape.de\/ro\/produkt\/elf-bar-te5000-einweg-vape-5000-zuege\/\" \/>\n<meta property=\"og:site_name\" content=\"ElementVape.de\" \/>\n<meta property=\"article:modified_time\" content=\"2024-09-12T10:31:41+00:00\" \/>\n<meta property=\"og:image\" content=\"https:\/\/www.elementvape.de\/wp-content\/uploads\/2024\/05\/Elf-Bar-TE5000-Disposable-Vape-10.jpg\" \/>\n\t<meta property=\"og:image:width\" content=\"800\" \/>\n\t<meta property=\"og:image:height\" content=\"800\" \/>\n\t<meta property=\"og:image:type\" content=\"image\/jpeg\" \/>\n<meta name=\"twitter:card\" content=\"summary_large_image\" \/>\n<meta name=\"twitter:label1\" content=\"Est. reading time\" \/>\n\t<meta name=\"twitter:data1\" content=\"1 minut\" \/>\n<script type=\"application\/ld+json\" class=\"yoast-schema-graph\">{\"@context\":\"https:\/\/schema.org\",\"@graph\":[{\"@type\":\"WebPage\",\"@id\":\"https:\/\/www.elementvape.de\/sv\/produkt\/elf-bar-te5000-einweg-vape-5000-zuege\/\",\"url\":\"https:\/\/www.elementvape.de\/sv\/produkt\/elf-bar-te5000-einweg-vape-5000-zuege\/\",\"name\":\"Elf Bar TE5000 Einweg-Vape 5000 Z\u00fcge | ElementVape.de\",\"isPartOf\":{\"@id\":\"https:\/\/www.elementvape.de\/#website\"},\"primaryImageOfPage\":{\"@id\":\"https:\/\/www.elementvape.de\/sv\/produkt\/elf-bar-te5000-einweg-vape-5000-zuege\/#primaryimage\"},\"image\":{\"@id\":\"https:\/\/www.elementvape.de\/sv\/produkt\/elf-bar-te5000-einweg-vape-5000-zuege\/#primaryimage\"},\"thumbnailUrl\":\"https:\/\/www.elementvape.de\/wp-content\/uploads\/2024\/05\/Elf-Bar-TE5000-Disposable-Vape-10.jpg\",\"datePublished\":\"2024-05-25T09:11:34+00:00\",\"dateModified\":\"2024-09-12T10:31:41+00:00\",\"description\":\"Wir bieten Elf Bar TE5000 Einweg-Vape 5000 Z\u00fcge , Elementvape.de akzeptieren Gro\u00df-und Einzelhandel Bestellungen.\",\"breadcrumb\":{\"@id\":\"https:\/\/www.elementvape.de\/sv\/produkt\/elf-bar-te5000-einweg-vape-5000-zuege\/#breadcrumb\"},\"inLanguage\":\"ro-RO\",\"potentialAction\":[{\"@type\":\"ReadAction\",\"target\":[\"https:\/\/www.elementvape.de\/sv\/produkt\/elf-bar-te5000-einweg-vape-5000-zuege\/\"]}]},{\"@type\":\"ImageObject\",\"inLanguage\":\"ro-RO\",\"@id\":\"https:\/\/www.elementvape.de\/sv\/produkt\/elf-bar-te5000-einweg-vape-5000-zuege\/#primaryimage\",\"url\":\"https:\/\/www.elementvape.de\/wp-content\/uploads\/2024\/05\/Elf-Bar-TE5000-Disposable-Vape-10.jpg\",\"contentUrl\":\"https:\/\/www.elementvape.de\/wp-content\/uploads\/2024\/05\/Elf-Bar-TE5000-Disposable-Vape-10.jpg\",\"width\":800,\"height\":800,\"caption\":\"Elf-Bar-TE5000-Disposable-Vape-10\"},{\"@type\":\"BreadcrumbList\",\"@id\":\"https:\/\/www.elementvape.de\/sv\/produkt\/elf-bar-te5000-einweg-vape-5000-zuege\/#breadcrumb\",\"itemListElement\":[{\"@type\":\"ListItem\",\"position\":1,\"name\":\"Home\",\"item\":\"https:\/\/www.elementvape.de\/\"},{\"@type\":\"ListItem\",\"position\":2,\"name\":\"Shop\",\"item\":\"https:\/\/www.elementvape.de\/shop\/\"},{\"@type\":\"ListItem\",\"position\":3,\"name\":\"Elf Bar TE5000 Einweg-Vape 5000 Z\u00fcge\"}]},{\"@type\":\"WebSite\",\"@id\":\"https:\/\/www.elementvape.de\/#website\",\"url\":\"https:\/\/www.elementvape.de\/\",\"name\":\"ElementVape.de\",\"description\":\"\",\"publisher\":{\"@id\":\"https:\/\/www.elementvape.de\/#organization\"},\"potentialAction\":[{\"@type\":\"SearchAction\",\"target\":{\"@type\":\"EntryPoint\",\"urlTemplate\":\"https:\/\/www.elementvape.de\/?s={search_term_string}\"},\"query-input\":\"required name=search_term_string\"}],\"inLanguage\":\"ro-RO\"},{\"@type\":\"Organization\",\"@id\":\"https:\/\/www.elementvape.de\/#organization\",\"name\":\"ElementVape.DE\",\"url\":\"https:\/\/www.elementvape.de\/\",\"logo\":{\"@type\":\"ImageObject\",\"inLanguage\":\"ro-RO\",\"@id\":\"https:\/\/www.elementvape.de\/#\/schema\/logo\/image\/\",\"url\":\"https:\/\/www.elementvape.de\/wp-content\/uploads\/2024\/09\/cropped-1elementvape-3.png\",\"contentUrl\":\"https:\/\/www.elementvape.de\/wp-content\/uploads\/2024\/09\/cropped-1elementvape-3.png\",\"width\":285,\"height\":228,\"caption\":\"ElementVape.DE\"},\"image\":{\"@id\":\"https:\/\/www.elementvape.de\/#\/schema\/logo\/image\/\"}}]}<\/script>\n<!-- \/ Yoast SEO plugin. -->","yoast_head_json":{"title":"Elf Bar TE5000 Einweg-Vape 5000 Z\u00fcge | ElementVape.de","description":"Wir bieten Elf Bar TE5000 Einweg-Vape 5000 Z\u00fcge , Elementvape.de akzeptieren Gro\u00df-und Einzelhandel Bestellungen.","robots":{"index":"index","follow":"follow","max-snippet":"max-snippet:-1","max-image-preview":"max-image-preview:large","max-video-preview":"max-video-preview:-1"},"canonical":"https:\/\/www.elementvape.de\/ro\/produkt\/elf-bar-te5000-einweg-vape-5000-zuege\/","og_locale":"ro_RO","og_type":"article","og_title":"Elf Bar TE5000 Einweg-Vape 5000 Z\u00fcge | ElementVape.de","og_description":"Wir bieten Elf Bar TE5000 Einweg-Vape 5000 Z\u00fcge , Elementvape.de akzeptieren Gro\u00df-und Einzelhandel Bestellungen.","og_url":"https:\/\/www.elementvape.de\/ro\/produkt\/elf-bar-te5000-einweg-vape-5000-zuege\/","og_site_name":"ElementVape.de","article_modified_time":"2024-09-12T10:31:41+00:00","og_image":[{"width":800,"height":800,"url":"https:\/\/www.elementvape.de\/wp-content\/uploads\/2024\/05\/Elf-Bar-TE5000-Disposable-Vape-10.jpg","type":"image\/jpeg"}],"twitter_card":"summary_large_image","twitter_misc":{"Est. reading time":"1 minut"},"schema":{"@context":"https:\/\/schema.org","@graph":[{"@type":"WebPage","@id":"https:\/\/www.elementvape.de\/sv\/produkt\/elf-bar-te5000-einweg-vape-5000-zuege\/","url":"https:\/\/www.elementvape.de\/sv\/produkt\/elf-bar-te5000-einweg-vape-5000-zuege\/","name":"Elf Bar TE5000 Einweg-Vape 5000 Z\u00fcge | ElementVape.de","isPartOf":{"@id":"https:\/\/www.elementvape.de\/#website"},"primaryImageOfPage":{"@id":"https:\/\/www.elementvape.de\/sv\/produkt\/elf-bar-te5000-einweg-vape-5000-zuege\/#primaryimage"},"image":{"@id":"https:\/\/www.elementvape.de\/sv\/produkt\/elf-bar-te5000-einweg-vape-5000-zuege\/#primaryimage"},"thumbnailUrl":"https:\/\/www.elementvape.de\/wp-content\/uploads\/2024\/05\/Elf-Bar-TE5000-Disposable-Vape-10.jpg","datePublished":"2024-05-25T09:11:34+00:00","dateModified":"2024-09-12T10:31:41+00:00","description":"Wir bieten Elf Bar TE5000 Einweg-Vape 5000 Z\u00fcge , Elementvape.de akzeptieren Gro\u00df-und Einzelhandel Bestellungen.","breadcrumb":{"@id":"https:\/\/www.elementvape.de\/sv\/produkt\/elf-bar-te5000-einweg-vape-5000-zuege\/#breadcrumb"},"inLanguage":"ro-RO","potentialAction":[{"@type":"ReadAction","target":["https:\/\/www.elementvape.de\/sv\/produkt\/elf-bar-te5000-einweg-vape-5000-zuege\/"]}]},{"@type":"ImageObject","inLanguage":"ro-RO","@id":"https:\/\/www.elementvape.de\/sv\/produkt\/elf-bar-te5000-einweg-vape-5000-zuege\/#primaryimage","url":"https:\/\/www.elementvape.de\/wp-content\/uploads\/2024\/05\/Elf-Bar-TE5000-Disposable-Vape-10.jpg","contentUrl":"https:\/\/www.elementvape.de\/wp-content\/uploads\/2024\/05\/Elf-Bar-TE5000-Disposable-Vape-10.jpg","width":800,"height":800,"caption":"Elf-Bar-TE5000-Disposable-Vape-10"},{"@type":"BreadcrumbList","@id":"https:\/\/www.elementvape.de\/sv\/produkt\/elf-bar-te5000-einweg-vape-5000-zuege\/#breadcrumb","itemListElement":[{"@type":"ListItem","position":1,"name":"Home","item":"https:\/\/www.elementvape.de\/"},{"@type":"ListItem","position":2,"name":"Shop","item":"https:\/\/www.elementvape.de\/shop\/"},{"@type":"ListItem","position":3,"name":"Elf Bar TE5000 Einweg-Vape 5000 Z\u00fcge"}]},{"@type":"WebSite","@id":"https:\/\/www.elementvape.de\/#website","url":"https:\/\/www.elementvape.de\/","name":"ElementVape.de","description":"","publisher":{"@id":"https:\/\/www.elementvape.de\/#organization"},"potentialAction":[{"@type":"SearchAction","target":{"@type":"EntryPoint","urlTemplate":"https:\/\/www.elementvape.de\/?s={search_term_string}"},"query-input":"required name=search_term_string"}],"inLanguage":"ro-RO"},{"@type":"Organization","@id":"https:\/\/www.elementvape.de\/#organization","name":"ElementVape.DE","url":"https:\/\/www.elementvape.de\/","logo":{"@type":"ImageObject","inLanguage":"ro-RO","@id":"https:\/\/www.elementvape.de\/#\/schema\/logo\/image\/","url":"https:\/\/www.elementvape.de\/wp-content\/uploads\/2024\/09\/cropped-1elementvape-3.png","contentUrl":"https:\/\/www.elementvape.de\/wp-content\/uploads\/2024\/09\/cropped-1elementvape-3.png","width":285,"height":228,"caption":"ElementVape.DE"},"image":{"@id":"https:\/\/www.elementvape.de\/#\/schema\/logo\/image\/"}}]}},"_links":{"self":[{"href":"https:\/\/www.elementvape.de\/ro\/wp-json\/wp\/v2\/product\/10679"}],"collection":[{"href":"https:\/\/www.elementvape.de\/ro\/wp-json\/wp\/v2\/product"}],"about":[{"href":"https:\/\/www.elementvape.de\/ro\/wp-json\/wp\/v2\/types\/product"}],"wp:featuredmedia":[{"embeddable":true,"href":"https:\/\/www.elementvape.de\/ro\/wp-json\/wp\/v2\/media\/10695"}],"wp:attachment":[{"href":"https:\/\/www.elementvape.de\/ro\/wp-json\/wp\/v2\/media?parent=10679"}],"wp:term":[{"taxonomy":"product_cat","embeddable":true,"href":"https:\/\/www.elementvape.de\/ro\/wp-json\/wp\/v2\/product_cat?post=10679"},{"taxonomy":"product_tag","embeddable":true,"href":"https:\/\/www.elementvape.de\/ro\/wp-json\/wp\/v2\/product_tag?post=10679"}],"curies":[{"name":"wp","href":"https:\/\/api.w.org\/{rel}","templated":true}]}}