{"id":10493,"date":"2024-05-16T09:27:51","date_gmt":"2024-05-16T09:27:51","guid":{"rendered":"https:\/\/www.elementvape.de\/?post_type=product&#038;p=10493"},"modified":"2025-12-06T05:56:08","modified_gmt":"2025-12-06T05:56:08","slug":"randm-tornado-15000-vape","status":"publish","type":"product","link":"https:\/\/www.elementvape.de\/ro\/produkt\/randm-tornado-15000-vape\/","title":{"rendered":"RANDM TORNADO 15000 Pufuri VAPE"},"content":{"rendered":"<h2>RandM Tornado 15000 \u2013 O lume nou\u0103 E-\u021bigarete<\/h2>\n<p>Introducere RandM Tornado 15000<br \/>\nRandM Tornado 15000 marcheaz\u0103 o etap\u0103 important\u0103 ca cel mai nou dispozitiv din seria renumit\u0103 RandM Tornado de la RandM. Cu impresionan\u021bi 15.000 de pufuri, acest dispozitiv stabile\u0219te un nou standard pentru durabilitate \u0219i performan\u021b\u0103.<\/p>\n<h2>Func\u021bii RandM Tornado 15000<\/h2>\n<p>RandM Tornado 15000 are multe caracteristici remarcabile care o fac cea mai bun\u0103 \u021bigar\u0103 electronic\u0103 Tornado.<\/p>\n<p>Cutie de 25 ml, capteaz\u0103 15.000 de pufuri: Cu cutia mare de 25 ml, pute\u021bi savura p\u00e2n\u0103 la 15.000 de pufuri. Astfel, RandM Tornado 15000 este ideal pentru pl\u0103cere de lung\u0103 durat\u0103 \u0219i fumat continuu.<\/p>\n<p>Afi\u0219aj digital de performan\u021b\u0103: Cu afi\u0219ajul digital de performan\u021b\u0103, pute\u021bi monitoriza \u00een orice moment nivelul bateriei \u0219i \u00eel pute\u021bi \u00eenc\u0103rca la timp, pentru a v\u0103 bucura de o experien\u021b\u0103 de fumat f\u0103r\u0103 \u00eentreruperi.<\/p>\n<p>Conector de \u00eenc\u0103rcare Type-C: Conectorul modern de \u00eenc\u0103rcare Type-C permite o \u00eenc\u0103rcare rapid\u0103 \u0219i comod\u0103 a dispozitivului, astfel \u00eenc\u00e2t s\u0103 petrece\u021bi mai pu\u021bin timp a\u0219tept\u00e2nd \u0219i mai mult timp vaporiz\u00e2nd.<\/p>\n<p>Baterie de 850 mAh: RandM Tornado 15000 este echipat cu o baterie puternic\u0103 de 850 mAh, care ofer\u0103 suficient\u0103 energie pentru fumat \u00eendelungat, f\u0103r\u0103 griji legate de \u00eenc\u0103rcare.<\/p>\n<p>Rezisten\u021b\u0103 Mesh (0,90 Ohm): Rezisten\u021ba Mesh \u00eencorporat\u0103, cu o rezisten\u021b\u0103 de 0,90 Ohm, asigur\u0103 vaporizarea uniform\u0103 \u0219i eficient\u0103 a lichidelor preferate, rezult\u00e2nd un gust bogat \u0219i nori de vapori densi.<\/p>\n<p>CELE MAI NOI LICHIDE CU CEL MAI BUN GUST: Datorit\u0103 tehnologiei avansate de vaporizare, care eviden\u021biaz\u0103 gustul complet \u0219i aroma lichidului, RandM Tornado 15000 are cea mai recent\u0103 lichid\u0103 cu cel mai delicios gust.<\/p>\n<h3>Beneficiile RandM Tornado 15000<\/h3>\n<p>Experien\u021b\u0103 de vapare de durat\u0103: Cu rezervorul s\u0103u spa\u021bios \u0219i bateria puternic\u0103, RandM Tornado 15000 v\u0103 ofer\u0103 o pl\u0103cere de vapare de lung\u0103 durat\u0103, pe care o pute\u021bi savura \u00eentreaga zi.<\/p>\n<p>Performan\u021b\u0103 EXCEP\u021aIONAL\u0102: Cu tehnologie avansat\u0103, RandM Tornado 15000 ofer\u0103 o performan\u021b\u0103 remarcabil\u0103, capabil\u0103 s\u0103 satisfac\u0103 chiar \u0219i cei mai exigen\u021bi vapori.<\/p>\n<p>DESIGN PRIETENOS UTILIZATORULUI: Cu un design u\u0219or de utilizat \u0219i simplu, RandM Tornado 15000 este potrivit at\u00e2t pentru \u00eencep\u0103tori, c\u00e2t \u0219i pentru vapori experimenta\u021bi.<\/p>\n<h3>Aplicare \u0219i utilizare a RandM Tornado 15000<\/h3>\n<p>Versatilitate: RandM Tornado 15000 este perfect pentru utilizare acas\u0103, \u00een deplasare sau la evenimente sociale.<\/p>\n<p>U\u0219or de utilizat: Cu designul s\u0103u prietenos pentru utilizator, RandM Tornado 15000 este u\u0219or de folosit, astfel \u00eenc\u00e2t s\u0103 v\u0103 pute\u021bi concentra pe experien\u021ba de vaping.<\/p>\n<p>De ce s\u0103 alege\u021bi RandM Tornado 15000?<br \/>\nMARCA DE CALITATE RANDM: Ca parte a m\u0103rcii renumite RandM, RandM Tornado 15000 reprezint\u0103 calitate \u0219i inova\u021bie \u0219i v\u0103 ofer\u0103 o experien\u021b\u0103 de vaping de prim\u0103 clas\u0103, \u00een care pute\u021bi avea \u00eencredere.<\/p>\n<p>TEHNOLOGIE INOVATOARE: Cu tehnologie avansat\u0103, RandM Tornado 15000 stabile\u0219te un nou standard \u00een vaping \u0219i v\u0103 ofer\u0103 o pl\u0103cere de vaping unic\u0103 \u0219i inegalabil\u0103.<\/p>\n<p>GARAN\u021aIE A SATISFAC\u021aIEI CLIEN\u021aILOR: Cu RandM Tornado 15000, v\u0103 pute\u021bi baza pe performan\u021b\u0103 de prim\u0103 clas\u0103 \u0219i satisfac\u021bie excep\u021bional\u0103 a clien\u021bilor.<\/p>\n<h3>Oferim urm\u0103toarele arome cu RandM Tornado 15000<\/h3>\n<p>M\u0103r-Peach-Pere<br \/>\n\u00cenghe\u021bat\u0103 de banan\u0103<br \/>\nLimonad\u0103 de fructe de p\u0103dure<br \/>\nCire\u0219 Razz albastru<br \/>\nGum\u0103 de mestecat cu afine<br \/>\nCire\u0219e, afine \u0219i meri\u0219oare<br \/>\nRodie \u0219i afine<br \/>\nZmeur\u0103 Bluesour<br \/>\nCola de cire\u0219e<br \/>\nursule\u021b de gelatin\u0103<br \/>\n\u00cenghe\u021bat\u0103 de ghea\u021b\u0103<br \/>\nKiwi, fructul pasiunii \u0219i guava<br \/>\nLemon \u0219i lime<br \/>\nGhea\u021b\u0103 Luch<br \/>\nMango pe ghea\u021b\u0103<br \/>\nDomnul Blue<br \/>\nBomboan\u0103 de piersici \u0219i afine<br \/>\nGhea\u021b\u0103 Energie Ro\u0219ie<br \/>\nC\u0103p\u0219uni cu banan\u0103<br \/>\nC\u0103p\u0219uni Struguri<br \/>\nC\u0103p\u0219uni Kiwi<br \/>\nC\u0103p\u0219uni Red Bull<br \/>\nLimonad\u0103 C\u0103p\u0219uni Pepene Galben<\/p>","protected":false},"excerpt":{"rendered":"<p>RandM Tornado 15000 \u2013 Eine neue Welt E-Zigaretten RandM Tornado 15000 Einf\u00fchrung Der RandM Tornado 15000 markiert einen Meilenstein als neuestes Ger\u00e4t in der renommierten RandM Tornado-Reihe von RandM. Mit beeindruckenden 15.000 Z\u00fcgen setzt dieses Ger\u00e4t einen neuen Standard f\u00fcr Haltbarkeit und Leistung. RandM Tornado 15000 Funktionen Die RandM Tornado 15000 verf\u00fcgt \u00fcber viele bemerkenswerte [&hellip;]<\/p>","protected":false},"featured_media":10490,"template":"","meta":{"inline_featured_image":false},"product_cat":[15,78,735,746,741,733,747,740,734,753,754,745,742,748,750,737,736,749,752,756,739,743,744,755,738,751],"product_tag":[710,709,674],"tiered_pricing_type":"fixed","tiered_pricing_fixed_rules":{"50":"8.09","110":"7.64","210":"7.19","510":"6.74","1100":"6.29"},"tiered_pricing_percentage_rules":[],"tiered_pricing_minimum":1,"_administrator_tiered_pricing_type":"fixed","_administrator_tiered_pricing_fixed_rules":[],"_editor_tiered_pricing_type":"fixed","_editor_tiered_pricing_fixed_rules":[],"_author_tiered_pricing_type":"fixed","_author_tiered_pricing_fixed_rules":[],"_contributor_tiered_pricing_type":"fixed","_contributor_tiered_pricing_fixed_rules":[],"_subscriber_tiered_pricing_type":"fixed","_subscriber_tiered_pricing_fixed_rules":[],"_customer_tiered_pricing_type":"fixed","_customer_tiered_pricing_fixed_rules":[],"_shop_manager_tiered_pricing_type":"fixed","_shop_manager_tiered_pricing_fixed_rules":[],"_wpseo_manager_tiered_pricing_type":"fixed","_wpseo_manager_tiered_pricing_fixed_rules":[],"_wpseo_editor_tiered_pricing_type":"fixed","_wpseo_editor_tiered_pricing_fixed_rules":[],"_wholesale_customer_tiered_pricing_type":"fixed","_wholesale_customer_tiered_pricing_fixed_rules":[],"_marketer_tiered_pricing_type":"fixed","_marketer_tiered_pricing_fixed_rules":[],"_sales_manager_tiered_pricing_type":"fixed","_sales_manager_tiered_pricing_fixed_rules":[],"_sales_rep_tiered_pricing_type":"fixed","_sales_rep_tiered_pricing_fixed_rules":[],"yoast_head":"<!-- This site is optimized with the Yoast SEO plugin v23.3 - https:\/\/yoast.com\/wordpress\/plugins\/seo\/ -->\n<title>RANDM TORNADO 15000 Puffs VAPE | ElementVape.de<\/title>\n<meta name=\"description\" content=\"Wir bieten RANDM TORNADO 15000 Puffs VAPE , Elementvape.de akzeptieren Gro\u00df-und Einzelhandel Bestellungen.\" \/>\n<meta name=\"robots\" content=\"index, follow, max-snippet:-1, max-image-preview:large, max-video-preview:-1\" \/>\n<link rel=\"canonical\" href=\"https:\/\/www.elementvape.de\/ro\/produkt\/randm-tornado-15000-vape\/\" \/>\n<meta property=\"og:locale\" content=\"ro_RO\" \/>\n<meta property=\"og:type\" content=\"article\" \/>\n<meta property=\"og:title\" content=\"RANDM TORNADO 15000 Puffs VAPE | ElementVape.de\" \/>\n<meta property=\"og:description\" content=\"Wir bieten RANDM TORNADO 15000 Puffs VAPE , Elementvape.de akzeptieren Gro\u00df-und Einzelhandel Bestellungen.\" \/>\n<meta property=\"og:url\" content=\"https:\/\/www.elementvape.de\/ro\/produkt\/randm-tornado-15000-vape\/\" \/>\n<meta property=\"og:site_name\" content=\"ElementVape.de\" \/>\n<meta property=\"article:modified_time\" content=\"2025-12-06T05:56:08+00:00\" \/>\n<meta property=\"og:image\" content=\"https:\/\/www.elementvape.de\/wp-content\/uploads\/2024\/05\/Fumot-Randm-Tornado-15000-Disposable-Vape-15000-Puffs-9.webp\" \/>\n\t<meta property=\"og:image:width\" content=\"800\" \/>\n\t<meta property=\"og:image:height\" content=\"800\" \/>\n\t<meta property=\"og:image:type\" content=\"image\/webp\" \/>\n<meta name=\"twitter:card\" content=\"summary_large_image\" \/>\n<meta name=\"twitter:label1\" content=\"Est. reading time\" \/>\n\t<meta name=\"twitter:data1\" content=\"3 minute\" \/>\n<script type=\"application\/ld+json\" class=\"yoast-schema-graph\">{\"@context\":\"https:\/\/schema.org\",\"@graph\":[{\"@type\":\"WebPage\",\"@id\":\"https:\/\/www.elementvape.de\/da\/produkt\/randm-tornado-15000-vape\/\",\"url\":\"https:\/\/www.elementvape.de\/da\/produkt\/randm-tornado-15000-vape\/\",\"name\":\"RANDM TORNADO 15000 Puffs VAPE | ElementVape.de\",\"isPartOf\":{\"@id\":\"https:\/\/www.elementvape.de\/#website\"},\"primaryImageOfPage\":{\"@id\":\"https:\/\/www.elementvape.de\/da\/produkt\/randm-tornado-15000-vape\/#primaryimage\"},\"image\":{\"@id\":\"https:\/\/www.elementvape.de\/da\/produkt\/randm-tornado-15000-vape\/#primaryimage\"},\"thumbnailUrl\":\"https:\/\/www.elementvape.de\/wp-content\/uploads\/2024\/05\/Fumot-Randm-Tornado-15000-Disposable-Vape-15000-Puffs-9.webp\",\"datePublished\":\"2024-05-16T09:27:51+00:00\",\"dateModified\":\"2025-12-06T05:56:08+00:00\",\"description\":\"Wir bieten RANDM TORNADO 15000 Puffs VAPE , Elementvape.de akzeptieren Gro\u00df-und Einzelhandel Bestellungen.\",\"breadcrumb\":{\"@id\":\"https:\/\/www.elementvape.de\/da\/produkt\/randm-tornado-15000-vape\/#breadcrumb\"},\"inLanguage\":\"ro-RO\",\"potentialAction\":[{\"@type\":\"ReadAction\",\"target\":[\"https:\/\/www.elementvape.de\/da\/produkt\/randm-tornado-15000-vape\/\"]}]},{\"@type\":\"ImageObject\",\"inLanguage\":\"ro-RO\",\"@id\":\"https:\/\/www.elementvape.de\/da\/produkt\/randm-tornado-15000-vape\/#primaryimage\",\"url\":\"https:\/\/www.elementvape.de\/wp-content\/uploads\/2024\/05\/Fumot-Randm-Tornado-15000-Disposable-Vape-15000-Puffs-9.webp\",\"contentUrl\":\"https:\/\/www.elementvape.de\/wp-content\/uploads\/2024\/05\/Fumot-Randm-Tornado-15000-Disposable-Vape-15000-Puffs-9.webp\",\"width\":800,\"height\":800},{\"@type\":\"BreadcrumbList\",\"@id\":\"https:\/\/www.elementvape.de\/da\/produkt\/randm-tornado-15000-vape\/#breadcrumb\",\"itemListElement\":[{\"@type\":\"ListItem\",\"position\":1,\"name\":\"Home\",\"item\":\"https:\/\/www.elementvape.de\/\"},{\"@type\":\"ListItem\",\"position\":2,\"name\":\"Shop\",\"item\":\"https:\/\/www.elementvape.de\/shop\/\"},{\"@type\":\"ListItem\",\"position\":3,\"name\":\"RANDM TORNADO 15000 Puffs VAPE\"}]},{\"@type\":\"WebSite\",\"@id\":\"https:\/\/www.elementvape.de\/#website\",\"url\":\"https:\/\/www.elementvape.de\/\",\"name\":\"ElementVape.de\",\"description\":\"\",\"publisher\":{\"@id\":\"https:\/\/www.elementvape.de\/#organization\"},\"potentialAction\":[{\"@type\":\"SearchAction\",\"target\":{\"@type\":\"EntryPoint\",\"urlTemplate\":\"https:\/\/www.elementvape.de\/?s={search_term_string}\"},\"query-input\":\"required name=search_term_string\"}],\"inLanguage\":\"ro-RO\"},{\"@type\":\"Organization\",\"@id\":\"https:\/\/www.elementvape.de\/#organization\",\"name\":\"ElementVape.DE\",\"url\":\"https:\/\/www.elementvape.de\/\",\"logo\":{\"@type\":\"ImageObject\",\"inLanguage\":\"ro-RO\",\"@id\":\"https:\/\/www.elementvape.de\/#\/schema\/logo\/image\/\",\"url\":\"https:\/\/www.elementvape.de\/wp-content\/uploads\/2024\/09\/cropped-1elementvape-3.png\",\"contentUrl\":\"https:\/\/www.elementvape.de\/wp-content\/uploads\/2024\/09\/cropped-1elementvape-3.png\",\"width\":285,\"height\":228,\"caption\":\"ElementVape.DE\"},\"image\":{\"@id\":\"https:\/\/www.elementvape.de\/#\/schema\/logo\/image\/\"}}]}<\/script>\n<!-- \/ Yoast SEO plugin. -->","yoast_head_json":{"title":"RANDM TORNADO 15000 Puffs VAPE | ElementVape.de","description":"Wir bieten RANDM TORNADO 15000 Puffs VAPE , Elementvape.de akzeptieren Gro\u00df-und Einzelhandel Bestellungen.","robots":{"index":"index","follow":"follow","max-snippet":"max-snippet:-1","max-image-preview":"max-image-preview:large","max-video-preview":"max-video-preview:-1"},"canonical":"https:\/\/www.elementvape.de\/ro\/produkt\/randm-tornado-15000-vape\/","og_locale":"ro_RO","og_type":"article","og_title":"RANDM TORNADO 15000 Puffs VAPE | ElementVape.de","og_description":"Wir bieten RANDM TORNADO 15000 Puffs VAPE , Elementvape.de akzeptieren Gro\u00df-und Einzelhandel Bestellungen.","og_url":"https:\/\/www.elementvape.de\/ro\/produkt\/randm-tornado-15000-vape\/","og_site_name":"ElementVape.de","article_modified_time":"2025-12-06T05:56:08+00:00","og_image":[{"width":800,"height":800,"url":"https:\/\/www.elementvape.de\/wp-content\/uploads\/2024\/05\/Fumot-Randm-Tornado-15000-Disposable-Vape-15000-Puffs-9.webp","type":"image\/webp"}],"twitter_card":"summary_large_image","twitter_misc":{"Est. reading time":"3 minute"},"schema":{"@context":"https:\/\/schema.org","@graph":[{"@type":"WebPage","@id":"https:\/\/www.elementvape.de\/da\/produkt\/randm-tornado-15000-vape\/","url":"https:\/\/www.elementvape.de\/da\/produkt\/randm-tornado-15000-vape\/","name":"RANDM TORNADO 15000 Puffs VAPE | ElementVape.de","isPartOf":{"@id":"https:\/\/www.elementvape.de\/#website"},"primaryImageOfPage":{"@id":"https:\/\/www.elementvape.de\/da\/produkt\/randm-tornado-15000-vape\/#primaryimage"},"image":{"@id":"https:\/\/www.elementvape.de\/da\/produkt\/randm-tornado-15000-vape\/#primaryimage"},"thumbnailUrl":"https:\/\/www.elementvape.de\/wp-content\/uploads\/2024\/05\/Fumot-Randm-Tornado-15000-Disposable-Vape-15000-Puffs-9.webp","datePublished":"2024-05-16T09:27:51+00:00","dateModified":"2025-12-06T05:56:08+00:00","description":"Wir bieten RANDM TORNADO 15000 Puffs VAPE , Elementvape.de akzeptieren Gro\u00df-und Einzelhandel Bestellungen.","breadcrumb":{"@id":"https:\/\/www.elementvape.de\/da\/produkt\/randm-tornado-15000-vape\/#breadcrumb"},"inLanguage":"ro-RO","potentialAction":[{"@type":"ReadAction","target":["https:\/\/www.elementvape.de\/da\/produkt\/randm-tornado-15000-vape\/"]}]},{"@type":"ImageObject","inLanguage":"ro-RO","@id":"https:\/\/www.elementvape.de\/da\/produkt\/randm-tornado-15000-vape\/#primaryimage","url":"https:\/\/www.elementvape.de\/wp-content\/uploads\/2024\/05\/Fumot-Randm-Tornado-15000-Disposable-Vape-15000-Puffs-9.webp","contentUrl":"https:\/\/www.elementvape.de\/wp-content\/uploads\/2024\/05\/Fumot-Randm-Tornado-15000-Disposable-Vape-15000-Puffs-9.webp","width":800,"height":800},{"@type":"BreadcrumbList","@id":"https:\/\/www.elementvape.de\/da\/produkt\/randm-tornado-15000-vape\/#breadcrumb","itemListElement":[{"@type":"ListItem","position":1,"name":"Home","item":"https:\/\/www.elementvape.de\/"},{"@type":"ListItem","position":2,"name":"Shop","item":"https:\/\/www.elementvape.de\/shop\/"},{"@type":"ListItem","position":3,"name":"RANDM TORNADO 15000 Puffs VAPE"}]},{"@type":"WebSite","@id":"https:\/\/www.elementvape.de\/#website","url":"https:\/\/www.elementvape.de\/","name":"ElementVape.de","description":"","publisher":{"@id":"https:\/\/www.elementvape.de\/#organization"},"potentialAction":[{"@type":"SearchAction","target":{"@type":"EntryPoint","urlTemplate":"https:\/\/www.elementvape.de\/?s={search_term_string}"},"query-input":"required name=search_term_string"}],"inLanguage":"ro-RO"},{"@type":"Organization","@id":"https:\/\/www.elementvape.de\/#organization","name":"ElementVape.DE","url":"https:\/\/www.elementvape.de\/","logo":{"@type":"ImageObject","inLanguage":"ro-RO","@id":"https:\/\/www.elementvape.de\/#\/schema\/logo\/image\/","url":"https:\/\/www.elementvape.de\/wp-content\/uploads\/2024\/09\/cropped-1elementvape-3.png","contentUrl":"https:\/\/www.elementvape.de\/wp-content\/uploads\/2024\/09\/cropped-1elementvape-3.png","width":285,"height":228,"caption":"ElementVape.DE"},"image":{"@id":"https:\/\/www.elementvape.de\/#\/schema\/logo\/image\/"}}]}},"_links":{"self":[{"href":"https:\/\/www.elementvape.de\/ro\/wp-json\/wp\/v2\/product\/10493"}],"collection":[{"href":"https:\/\/www.elementvape.de\/ro\/wp-json\/wp\/v2\/product"}],"about":[{"href":"https:\/\/www.elementvape.de\/ro\/wp-json\/wp\/v2\/types\/product"}],"wp:featuredmedia":[{"embeddable":true,"href":"https:\/\/www.elementvape.de\/ro\/wp-json\/wp\/v2\/media\/10490"}],"wp:attachment":[{"href":"https:\/\/www.elementvape.de\/ro\/wp-json\/wp\/v2\/media?parent=10493"}],"wp:term":[{"taxonomy":"product_cat","embeddable":true,"href":"https:\/\/www.elementvape.de\/ro\/wp-json\/wp\/v2\/product_cat?post=10493"},{"taxonomy":"product_tag","embeddable":true,"href":"https:\/\/www.elementvape.de\/ro\/wp-json\/wp\/v2\/product_tag?post=10493"}],"curies":[{"name":"wp","href":"https:\/\/api.w.org\/{rel}","templated":true}]}}