{"id":10317,"date":"2024-04-29T09:18:40","date_gmt":"2024-04-29T09:18:40","guid":{"rendered":"https:\/\/www.elementvape.de\/?post_type=product&#038;p=10317"},"modified":"2025-04-02T02:02:45","modified_gmt":"2025-04-02T02:02:45","slug":"randm-tornado-7000-einweg-vape-7000-puffs-eu-lagerraum","status":"publish","type":"product","link":"https:\/\/www.elementvape.de\/ro\/produkt\/randm-tornado-7000-einweg-vape-7000-puffs-eu-lagerraum\/","title":{"rendered":"RandM Tornado 7000 \u021aig\u0103ri electronice 7000 Pufuri Cump\u0103r\u0103 depozit \u00een UE"},"content":{"rendered":"<p>Acest inventar va fi actualizat pe 27 decembrie. Cantitatea minim\u0103 de comand\u0103 pentru \u021big\u0103ri electronice este de 1 pachet, care con\u021bine 10 \u021big\u0103ri electronice. Pute\u021bi alege aroma preferat\u0103.<\/p>\n<p>Pre\u021bul acestui produs corespunde pre\u021bului a 10 vape-uri<\/p>\n<p>Dac\u0103 dori\u021bi s\u0103 afla\u021bi cea mai recent\u0103 disponibilitate \u00een stoc, m\u0103 pute\u021bi contacta prin email<br \/>\nEmail: <strong>elementvapede@gmail.com<\/strong><\/p>\n<h1>RandM Tornado 7000: Experien\u021ba suprem\u0103 de vaping<\/h1>\n<h2>V\u0103 prezent\u0103m: RandM Tornado 7000: Dezl\u0103n\u021buie furtuna de arome<\/h2>\n<p>Experimenta\u021bi ceva extraordinar cu RandM Tornado 7000, un dispozitiv de vapare cunoscut pentru gustul s\u0103u curat \u0219i lin. Acest vape excep\u021bional a fost conceput pentru a v\u0103 oferi o c\u0103l\u0103torie gustativ\u0103 captivant\u0103 la fiecare inhalare. Indiferent dac\u0103 sunte\u021bi un vaper experimentat sau abia \u00eencepe\u021bi, <strong>RandM Tornado 7000<\/strong> garanteaz\u0103 o experien\u021b\u0103 de vaping palpitant\u0103, care v\u0103 va face s\u0103 reveni\u021bi mereu pentru mai mult.<\/p>\n<h2>Durat\u0103 de via\u021b\u0103 a bateriei neegalat\u0103 \u0219i design prietenos<\/h2>\n<p>Cu o baterie re\u00eenc\u0103rcabil\u0103 puternic\u0103 de 1000 mAh, RandM Tornado 7000 asigur\u0103 sesiuni de vapare mai lungi, f\u0103r\u0103 a fi nevoie de \u00eenc\u0103rcare frecvent\u0103. Spune\u021bi adio c\u0103ut\u0103rii enervante a unei surse de energie. Acest atomizor este proiectat pentru durabilitate \u0219i v\u0103 ofer\u0103 pl\u0103cere continu\u0103 de vapare.<\/p>\n<p>Designul ergonomic al <strong>RandM Tornado 7000<\/strong> este o dovad\u0103 a m\u0103iestriei sale superioare. Dispozitivul se potrive\u0219te confortabil \u00een m\u00e2n\u0103 \u0219i este u\u0219or de purtat \u0219i utilizat oriunde. Construc\u021bia sa sub\u021bire \u0219i robust\u0103 garanteaz\u0103 o experien\u021b\u0103 de vapare de prim\u0103 clas\u0103, f\u0103r\u0103 zgomote sau sunete neobi\u0219nuite \u00een timpul func\u021bion\u0103rii.<\/p>\n<h4>Parametru<\/h4>\n<p>2 % Sare de nikotin\u0103<br \/>\n14 ml E-Lichid<br \/>\n7000 de pufuri per dispozitiv<br \/>\nControlul fluxului de aer<br \/>\n\u00cenc\u0103rc\u0103tor de tip C<br \/>\nBaterie re\u00eenc\u0103rcabil\u0103<br \/>\nBaterie integrat\u0103 de 850 mAh<br \/>\n5 arome disponibile<br \/>\n10 buc\u0103\u021bi \u00eentr-o cutie de prezentare<\/p>\n<h3>Vapat f\u0103r\u0103 efort cu confort pre-umplut<\/h3>\n<p>Gata cu reumplerile complicate sau schimb\u0103rile complicate de rezisten\u021b\u0103. RandM Tornado 7000 este pre-umplut cu 14 ml de nicotin\u0103 salin\u0103 de 70 mg \u0219i este gata de utilizare direct din cutie. Asta \u00eenseamn\u0103 c\u0103 v\u0103 pute\u021bi bucura de vapat imediat, f\u0103r\u0103 a v\u0103 face griji cu privire la configurare sau \u00eentre\u021binere. Pur \u0219i simplu inhala\u021bi prin mu\u0219tiucul dispozitivului \u0219i savura\u021bi p\u00e2n\u0103 la 7.000 de pufuri \u00eenainte de a fi nevoie s\u0103 \u00eel re\u00eenc\u0103rca\u021bi.<\/p>\n<h3>Cufunda\u021bi-v\u0103 \u00eentr-o experien\u021b\u0103 de vapat plin\u0103 de culoare<\/h3>\n<p>L\u0103sa\u021bi-v\u0103 captivat de luminile RGB vibrante ale RandM Tornado 7000. C\u00e2nd trage\u021bi un puf, partea inferioar\u0103 a dispozitivului se aprinde, afi\u0219\u00e2nd o palet\u0103 fascinant\u0103 de culori. De la galben vesel la ro\u0219u aprins, albastru lini\u0219titor la verde calmant \u0219i violet \u00eenc\u00e2nt\u0103tor, aceste lumini adaug\u0103 o not\u0103 de pl\u0103cere vizual\u0103 sesiunilor dvs. de vapat. Luminile v\u0103 \u00eenso\u021besc pufurile \u0219i continu\u0103 s\u0103 str\u0103luceasc\u0103 timp de aproximativ 7 secunde, cre\u00e2nd o experien\u021b\u0103 cu adev\u0103rat captivant\u0103.<\/p>\n<h3>Flux de aer personalizabil \u0219i rezisten\u021b\u0103 mesh avansat\u0103<\/h3>\n<p>RandM Tornado 7000 ofer\u0103 un flux de aer reglabil, permi\u021b\u00e2ndu-v\u0103 s\u0103 v\u0103 personaliza\u021bi experien\u021ba de vapat dup\u0103 bunul plac. Regla\u021bi fin fluxul de aer pentru a ob\u021bine echilibrul perfect \u00eentre arom\u0103 \u0219i produc\u021bia de vapori, asigur\u00e2nd de fiecare dat\u0103 un vapat satisf\u0103c\u0103tor.<\/p>\n<p>Echipat cu o rezisten\u021b\u0103 mesh de \u00eenalt\u0103 calitate, ofer\u0103 <strong>RandM Tornado 7000<\/strong> o produc\u021bie excep\u021bional\u0103 de arom\u0103 \u0219i vapori. Tehnologia mesh-coil asigur\u0103 o distribu\u021bie uniform\u0103 a c\u0103ldurii, rezult\u00e2nd pufuri fine \u0219i consistente. Fi\u021bi preg\u0103tit s\u0103 fi\u021bi uimit de bog\u0103\u021bia \u0219i profunzimea aromelor pe care le ve\u021bi experimenta cu acest dispozitiv de vapat remarcabil.<\/p>\n<h3>R\u0103sf\u0103\u021ba\u021bi-v\u0103 cu o varietate de arome<\/h3>\n<p>Cu <strong>RandM Tornado 7000<\/strong> papilele gustative vor fi r\u0103sf\u0103\u021bate cu o gam\u0103 larg\u0103 de arome care satisfac fiecare palat. Alege\u021bi dintr-o selec\u021bie impresionant\u0103 de p\u00e2n\u0103 la 50 de arome, inclusiv un amestec delicios de fructe, bun\u0103t\u0103\u021bi dulci, b\u0103uturi r\u0103coritoare \u0219i amestecuri r\u0103coritoare de fructe cu ghea\u021b\u0103. Indiferent dac\u0103 t\u00e2nji\u021bi dup\u0103 o senza\u021bie fructat\u0103 acidulat\u0103, un r\u0103sf\u0103\u021b dulce nostalgic sau un vapat carbogazos inspirat de o b\u0103utur\u0103 r\u0103coritoare, RandM Tornado 7000 are o arom\u0103 care v\u0103 va transporta \u00een fericirea vapatului.<\/p>\n<h4>Experimenta\u021bi diferen\u021ba RandM<\/h4>\n<p>C\u00e2nd vine vorba de vaporizatoare de unic\u0103 folosin\u021b\u0103, RandM Tornado 7000 este cu adev\u0103rat un schimb\u0103tor de jocuri. Bateria re\u00eenc\u0103rcabil\u0103 este de \u00eenalt\u0103 calitate \u0219i practic\u0103<\/p>\n<h4>Comanda\u021bi ast\u0103zi RandM Tornado 7000<\/h4>\n<p>Sunte\u021bi gata s\u0103 v\u0103 \u00eembun\u0103t\u0103\u021bi\u021bi experien\u021ba de vaping? Nu rata\u021bi func\u021biile incredibile \u0219i aromele pe care le ofer\u0103 RandM Tornado 7000. Plasa\u021bi comanda ast\u0103zi \u0219i p\u0103trunde\u021bi \u00een lumea norilor aromatiza\u021bi \u0219i a vapingului f\u0103r\u0103 efort.<\/p>\n<h4>gust:<\/h4>\n<p>1. Afine Zmeur\u0103<br \/>\n2. Fructe de p\u0103dure mixte<br \/>\n3. C\u0103p\u0219uni Pepene Verde<br \/>\n4. Afine pe ghea\u021b\u0103<br \/>\n5. Piersic\u0103 Ghea\u021b\u0103<\/p>\n<p>&nbsp;<\/p>","protected":false},"excerpt":{"rendered":"<p>Dieses Inventar wird am 27. Dezember aktualisiert. Die Mindestbestellmenge f\u00fcr E-Zigaretten betr\u00e4gt 1 Packung, die 10 E-Zigaretten enth\u00e4lt. Sie k\u00f6nnen Ihren Lieblingsgeschmack w\u00e4hlen. Der Preis dieses Produkts entspricht dem Preis von 10 vapes Wenn Sie den neuesten Lagerbestand erfahren m\u00f6chten, k\u00f6nnen Sie mich per\u00a0E-Mail kontaktieren E-Mail: elementvapede@gmail.com RandM Tornado 7000: Das ultimative Dampferlebnis Wir stellen [&hellip;]<\/p>","protected":false},"featured_media":10327,"template":"","meta":{"inline_featured_image":false},"product_cat":[15,78,735,746,741,733,747,740,734,753,754,745,742,748,750,737,736,749,752,756,739,743,744,755,738,751],"product_tag":[710,709,681],"tiered_pricing_type":"fixed","tiered_pricing_fixed_rules":{"50":"7.40","110":"6.99","210":"6.58","510":"6.17","1100":"5.75"},"tiered_pricing_percentage_rules":[],"tiered_pricing_minimum":1,"_administrator_tiered_pricing_type":"fixed","_administrator_tiered_pricing_fixed_rules":[],"_editor_tiered_pricing_type":"fixed","_editor_tiered_pricing_fixed_rules":[],"_author_tiered_pricing_type":"fixed","_author_tiered_pricing_fixed_rules":[],"_contributor_tiered_pricing_type":"fixed","_contributor_tiered_pricing_fixed_rules":[],"_subscriber_tiered_pricing_type":"fixed","_subscriber_tiered_pricing_fixed_rules":[],"_customer_tiered_pricing_type":"fixed","_customer_tiered_pricing_fixed_rules":[],"_shop_manager_tiered_pricing_type":"fixed","_shop_manager_tiered_pricing_fixed_rules":[],"_wpseo_manager_tiered_pricing_type":"fixed","_wpseo_manager_tiered_pricing_fixed_rules":[],"_wpseo_editor_tiered_pricing_type":"fixed","_wpseo_editor_tiered_pricing_fixed_rules":[],"_wholesale_customer_tiered_pricing_type":"fixed","_wholesale_customer_tiered_pricing_fixed_rules":[],"_marketer_tiered_pricing_type":"fixed","_marketer_tiered_pricing_fixed_rules":[],"_sales_manager_tiered_pricing_type":"fixed","_sales_manager_tiered_pricing_fixed_rules":[],"_sales_rep_tiered_pricing_type":"fixed","_sales_rep_tiered_pricing_fixed_rules":[],"yoast_head":"<!-- This site is optimized with the Yoast SEO plugin v23.3 - https:\/\/yoast.com\/wordpress\/plugins\/seo\/ -->\n<title>RandM Tornado 7000 E-Zigaretten 7000 Puffs Kaufen Eu lagerraum | ElementVape.de<\/title>\n<meta name=\"description\" content=\"Wir bieten RandM Tornado 7000 E-Zigaretten 7000 Puffs Kaufen Eu lagerraum , Elementvape.de akzeptieren Gro\u00df-und Einzelhandel Bestellungen.\" \/>\n<meta name=\"robots\" content=\"index, follow, max-snippet:-1, max-image-preview:large, max-video-preview:-1\" \/>\n<link rel=\"canonical\" href=\"https:\/\/www.elementvape.de\/ro\/produkt\/randm-tornado-7000-einweg-vape-7000-puffs-eu-lagerraum\/\" \/>\n<meta property=\"og:locale\" content=\"ro_RO\" \/>\n<meta property=\"og:type\" content=\"article\" \/>\n<meta property=\"og:title\" content=\"RandM Tornado 7000 E-Zigaretten 7000 Puffs Kaufen Eu lagerraum | ElementVape.de\" \/>\n<meta property=\"og:description\" content=\"Wir bieten RandM Tornado 7000 E-Zigaretten 7000 Puffs Kaufen Eu lagerraum , Elementvape.de akzeptieren Gro\u00df-und Einzelhandel Bestellungen.\" \/>\n<meta property=\"og:url\" content=\"https:\/\/www.elementvape.de\/ro\/produkt\/randm-tornado-7000-einweg-vape-7000-puffs-eu-lagerraum\/\" \/>\n<meta property=\"og:site_name\" content=\"ElementVape.de\" \/>\n<meta property=\"article:modified_time\" content=\"2025-04-02T02:02:45+00:00\" \/>\n<meta property=\"og:image\" content=\"https:\/\/www.elementvape.de\/wp-content\/uploads\/2024\/04\/PINK-LEMONADE_1024x1024.webp\" \/>\n\t<meta property=\"og:image:width\" content=\"1024\" \/>\n\t<meta property=\"og:image:height\" content=\"512\" \/>\n\t<meta property=\"og:image:type\" content=\"image\/webp\" \/>\n<meta name=\"twitter:card\" content=\"summary_large_image\" \/>\n<meta name=\"twitter:label1\" content=\"Est. reading time\" \/>\n\t<meta name=\"twitter:data1\" content=\"4 minute\" \/>\n<script type=\"application\/ld+json\" class=\"yoast-schema-graph\">{\"@context\":\"https:\/\/schema.org\",\"@graph\":[{\"@type\":\"WebPage\",\"@id\":\"https:\/\/www.elementvape.de\/produkt\/randm-tornado-7000-einweg-vape-7000-puffs-eu-lagerraum\/\",\"url\":\"https:\/\/www.elementvape.de\/produkt\/randm-tornado-7000-einweg-vape-7000-puffs-eu-lagerraum\/\",\"name\":\"RandM Tornado 7000 E-Zigaretten 7000 Puffs Kaufen Eu lagerraum | ElementVape.de\",\"isPartOf\":{\"@id\":\"https:\/\/www.elementvape.de\/#website\"},\"primaryImageOfPage\":{\"@id\":\"https:\/\/www.elementvape.de\/produkt\/randm-tornado-7000-einweg-vape-7000-puffs-eu-lagerraum\/#primaryimage\"},\"image\":{\"@id\":\"https:\/\/www.elementvape.de\/produkt\/randm-tornado-7000-einweg-vape-7000-puffs-eu-lagerraum\/#primaryimage\"},\"thumbnailUrl\":\"https:\/\/www.elementvape.de\/wp-content\/uploads\/2024\/04\/PINK-LEMONADE_1024x1024.webp\",\"datePublished\":\"2024-04-29T09:18:40+00:00\",\"dateModified\":\"2025-04-02T02:02:45+00:00\",\"description\":\"Wir bieten RandM Tornado 7000 E-Zigaretten 7000 Puffs Kaufen Eu lagerraum , Elementvape.de akzeptieren Gro\u00df-und Einzelhandel Bestellungen.\",\"breadcrumb\":{\"@id\":\"https:\/\/www.elementvape.de\/produkt\/randm-tornado-7000-einweg-vape-7000-puffs-eu-lagerraum\/#breadcrumb\"},\"inLanguage\":\"ro-RO\",\"potentialAction\":[{\"@type\":\"ReadAction\",\"target\":[\"https:\/\/www.elementvape.de\/produkt\/randm-tornado-7000-einweg-vape-7000-puffs-eu-lagerraum\/\"]}]},{\"@type\":\"ImageObject\",\"inLanguage\":\"ro-RO\",\"@id\":\"https:\/\/www.elementvape.de\/produkt\/randm-tornado-7000-einweg-vape-7000-puffs-eu-lagerraum\/#primaryimage\",\"url\":\"https:\/\/www.elementvape.de\/wp-content\/uploads\/2024\/04\/PINK-LEMONADE_1024x1024.webp\",\"contentUrl\":\"https:\/\/www.elementvape.de\/wp-content\/uploads\/2024\/04\/PINK-LEMONADE_1024x1024.webp\",\"width\":1024,\"height\":512,\"caption\":\"PINK-LEMONADE_1024x1024\"},{\"@type\":\"BreadcrumbList\",\"@id\":\"https:\/\/www.elementvape.de\/produkt\/randm-tornado-7000-einweg-vape-7000-puffs-eu-lagerraum\/#breadcrumb\",\"itemListElement\":[{\"@type\":\"ListItem\",\"position\":1,\"name\":\"Home\",\"item\":\"https:\/\/www.elementvape.de\/\"},{\"@type\":\"ListItem\",\"position\":2,\"name\":\"Shop\",\"item\":\"https:\/\/www.elementvape.de\/shop\/\"},{\"@type\":\"ListItem\",\"position\":3,\"name\":\"RandM Tornado 7000 E-Zigaretten 7000 Puffs Kaufen Eu lagerraum\"}]},{\"@type\":\"WebSite\",\"@id\":\"https:\/\/www.elementvape.de\/#website\",\"url\":\"https:\/\/www.elementvape.de\/\",\"name\":\"ElementVape.de\",\"description\":\"\",\"publisher\":{\"@id\":\"https:\/\/www.elementvape.de\/#organization\"},\"potentialAction\":[{\"@type\":\"SearchAction\",\"target\":{\"@type\":\"EntryPoint\",\"urlTemplate\":\"https:\/\/www.elementvape.de\/?s={search_term_string}\"},\"query-input\":\"required name=search_term_string\"}],\"inLanguage\":\"ro-RO\"},{\"@type\":\"Organization\",\"@id\":\"https:\/\/www.elementvape.de\/#organization\",\"name\":\"ElementVape.DE\",\"url\":\"https:\/\/www.elementvape.de\/\",\"logo\":{\"@type\":\"ImageObject\",\"inLanguage\":\"ro-RO\",\"@id\":\"https:\/\/www.elementvape.de\/#\/schema\/logo\/image\/\",\"url\":\"https:\/\/www.elementvape.de\/wp-content\/uploads\/2024\/09\/cropped-1elementvape-3.png\",\"contentUrl\":\"https:\/\/www.elementvape.de\/wp-content\/uploads\/2024\/09\/cropped-1elementvape-3.png\",\"width\":285,\"height\":228,\"caption\":\"ElementVape.DE\"},\"image\":{\"@id\":\"https:\/\/www.elementvape.de\/#\/schema\/logo\/image\/\"}}]}<\/script>\n<!-- \/ Yoast SEO plugin. -->","yoast_head_json":{"title":"RandM Tornado 7000 E-Zigaretten 7000 Puffs Kaufen Eu lagerraum | ElementVape.de","description":"Wir bieten RandM Tornado 7000 E-Zigaretten 7000 Puffs Kaufen Eu lagerraum , Elementvape.de akzeptieren Gro\u00df-und Einzelhandel Bestellungen.","robots":{"index":"index","follow":"follow","max-snippet":"max-snippet:-1","max-image-preview":"max-image-preview:large","max-video-preview":"max-video-preview:-1"},"canonical":"https:\/\/www.elementvape.de\/ro\/produkt\/randm-tornado-7000-einweg-vape-7000-puffs-eu-lagerraum\/","og_locale":"ro_RO","og_type":"article","og_title":"RandM Tornado 7000 E-Zigaretten 7000 Puffs Kaufen Eu lagerraum | ElementVape.de","og_description":"Wir bieten RandM Tornado 7000 E-Zigaretten 7000 Puffs Kaufen Eu lagerraum , Elementvape.de akzeptieren Gro\u00df-und Einzelhandel Bestellungen.","og_url":"https:\/\/www.elementvape.de\/ro\/produkt\/randm-tornado-7000-einweg-vape-7000-puffs-eu-lagerraum\/","og_site_name":"ElementVape.de","article_modified_time":"2025-04-02T02:02:45+00:00","og_image":[{"width":1024,"height":512,"url":"https:\/\/www.elementvape.de\/wp-content\/uploads\/2024\/04\/PINK-LEMONADE_1024x1024.webp","type":"image\/webp"}],"twitter_card":"summary_large_image","twitter_misc":{"Est. reading time":"4 minute"},"schema":{"@context":"https:\/\/schema.org","@graph":[{"@type":"WebPage","@id":"https:\/\/www.elementvape.de\/produkt\/randm-tornado-7000-einweg-vape-7000-puffs-eu-lagerraum\/","url":"https:\/\/www.elementvape.de\/produkt\/randm-tornado-7000-einweg-vape-7000-puffs-eu-lagerraum\/","name":"RandM Tornado 7000 E-Zigaretten 7000 Puffs Kaufen Eu lagerraum | ElementVape.de","isPartOf":{"@id":"https:\/\/www.elementvape.de\/#website"},"primaryImageOfPage":{"@id":"https:\/\/www.elementvape.de\/produkt\/randm-tornado-7000-einweg-vape-7000-puffs-eu-lagerraum\/#primaryimage"},"image":{"@id":"https:\/\/www.elementvape.de\/produkt\/randm-tornado-7000-einweg-vape-7000-puffs-eu-lagerraum\/#primaryimage"},"thumbnailUrl":"https:\/\/www.elementvape.de\/wp-content\/uploads\/2024\/04\/PINK-LEMONADE_1024x1024.webp","datePublished":"2024-04-29T09:18:40+00:00","dateModified":"2025-04-02T02:02:45+00:00","description":"Wir bieten RandM Tornado 7000 E-Zigaretten 7000 Puffs Kaufen Eu lagerraum , Elementvape.de akzeptieren Gro\u00df-und Einzelhandel Bestellungen.","breadcrumb":{"@id":"https:\/\/www.elementvape.de\/produkt\/randm-tornado-7000-einweg-vape-7000-puffs-eu-lagerraum\/#breadcrumb"},"inLanguage":"ro-RO","potentialAction":[{"@type":"ReadAction","target":["https:\/\/www.elementvape.de\/produkt\/randm-tornado-7000-einweg-vape-7000-puffs-eu-lagerraum\/"]}]},{"@type":"ImageObject","inLanguage":"ro-RO","@id":"https:\/\/www.elementvape.de\/produkt\/randm-tornado-7000-einweg-vape-7000-puffs-eu-lagerraum\/#primaryimage","url":"https:\/\/www.elementvape.de\/wp-content\/uploads\/2024\/04\/PINK-LEMONADE_1024x1024.webp","contentUrl":"https:\/\/www.elementvape.de\/wp-content\/uploads\/2024\/04\/PINK-LEMONADE_1024x1024.webp","width":1024,"height":512,"caption":"PINK-LEMONADE_1024x1024"},{"@type":"BreadcrumbList","@id":"https:\/\/www.elementvape.de\/produkt\/randm-tornado-7000-einweg-vape-7000-puffs-eu-lagerraum\/#breadcrumb","itemListElement":[{"@type":"ListItem","position":1,"name":"Home","item":"https:\/\/www.elementvape.de\/"},{"@type":"ListItem","position":2,"name":"Shop","item":"https:\/\/www.elementvape.de\/shop\/"},{"@type":"ListItem","position":3,"name":"RandM Tornado 7000 E-Zigaretten 7000 Puffs Kaufen Eu lagerraum"}]},{"@type":"WebSite","@id":"https:\/\/www.elementvape.de\/#website","url":"https:\/\/www.elementvape.de\/","name":"ElementVape.de","description":"","publisher":{"@id":"https:\/\/www.elementvape.de\/#organization"},"potentialAction":[{"@type":"SearchAction","target":{"@type":"EntryPoint","urlTemplate":"https:\/\/www.elementvape.de\/?s={search_term_string}"},"query-input":"required name=search_term_string"}],"inLanguage":"ro-RO"},{"@type":"Organization","@id":"https:\/\/www.elementvape.de\/#organization","name":"ElementVape.DE","url":"https:\/\/www.elementvape.de\/","logo":{"@type":"ImageObject","inLanguage":"ro-RO","@id":"https:\/\/www.elementvape.de\/#\/schema\/logo\/image\/","url":"https:\/\/www.elementvape.de\/wp-content\/uploads\/2024\/09\/cropped-1elementvape-3.png","contentUrl":"https:\/\/www.elementvape.de\/wp-content\/uploads\/2024\/09\/cropped-1elementvape-3.png","width":285,"height":228,"caption":"ElementVape.DE"},"image":{"@id":"https:\/\/www.elementvape.de\/#\/schema\/logo\/image\/"}}]}},"_links":{"self":[{"href":"https:\/\/www.elementvape.de\/ro\/wp-json\/wp\/v2\/product\/10317"}],"collection":[{"href":"https:\/\/www.elementvape.de\/ro\/wp-json\/wp\/v2\/product"}],"about":[{"href":"https:\/\/www.elementvape.de\/ro\/wp-json\/wp\/v2\/types\/product"}],"wp:featuredmedia":[{"embeddable":true,"href":"https:\/\/www.elementvape.de\/ro\/wp-json\/wp\/v2\/media\/10327"}],"wp:attachment":[{"href":"https:\/\/www.elementvape.de\/ro\/wp-json\/wp\/v2\/media?parent=10317"}],"wp:term":[{"taxonomy":"product_cat","embeddable":true,"href":"https:\/\/www.elementvape.de\/ro\/wp-json\/wp\/v2\/product_cat?post=10317"},{"taxonomy":"product_tag","embeddable":true,"href":"https:\/\/www.elementvape.de\/ro\/wp-json\/wp\/v2\/product_tag?post=10317"}],"curies":[{"name":"wp","href":"https:\/\/api.w.org\/{rel}","templated":true}]}}