{"id":10307,"date":"2024-04-29T08:01:21","date_gmt":"2024-04-29T08:01:21","guid":{"rendered":"https:\/\/www.elementvape.de\/?post_type=product&#038;p=10307"},"modified":"2026-01-05T19:11:18","modified_gmt":"2026-01-05T19:11:18","slug":"randm-tornado-9000-einweg-vape-9000-puffs-eu-lagerraum","status":"publish","type":"product","link":"https:\/\/www.elementvape.de\/ro\/produkt\/randm-tornado-9000-einweg-vape-9000-puffs-eu-lagerraum\/","title":{"rendered":"Randm Tornado 9000, vaporizator de unic\u0103 folosin\u021b\u0103, 9000 de inhal\u0103ri, depozit \u00een UE"},"content":{"rendered":"<p>Cantitatea minim\u0103 de comand\u0103 pentru \u021big\u0103ri electronice este de 1 pachet cu 10 \u021big\u0103ri electronice. Pute\u021bi alege aroma preferat\u0103.<\/p>\n<p>Pre\u021bul pentru acest produs este valabil pentru 10 vape-uri.<\/p>\n<p>Email: <a rel=\"noreferrer\">elementvapede@gmail.com<\/a><\/p>\n<hr \/>\n<h2><strong>RandM Tornado 9000: Experien\u021ba suprem\u0103 de vaping<\/strong><\/h2>\n<p><strong>V\u0103 prezent\u0103m: RandM Tornado 9000 \u2013 O furtun\u0103 de arome dezl\u0103n\u021buit\u0103<\/strong><\/p>\n<p>Bucura\u021bi-v\u0103 de o experien\u021b\u0103 excep\u021bional\u0103 cu RandM Tornado 9000, un dispozitiv de vapare cunoscut pentru gustul s\u0103u curat \u0219i bl\u00e2nd. Acest \u021bigar\u0103 electronic\u0103 extraordinar\u0103 a fost conceput\u0103 pentru a v\u0103 oferi o c\u0103l\u0103torie gustativ\u0103 ame\u021bitoare la fiecare inhalare. Indiferent dac\u0103 sunte\u021bi un vaporer experimentat sau un \u00eencep\u0103tor, RandM Tornado 9000 cu siguran\u021b\u0103 v\u0103 va oferi o experien\u021b\u0103 de vapare palpitant\u0103, care v\u0103 va face s\u0103 reveni\u021bi mereu pentru mai mult.<\/p>\n<h3><strong>Durat\u0103 de via\u021b\u0103 a bateriei f\u0103r\u0103 egal \u0219i design prietenos cu utilizatorul<\/strong><\/h3>\n<p>RandM Tornado 9000 este echipat cu o baterie puternic\u0103, astfel \u00eenc\u00e2t s\u0103 pute\u021bi savura perioade mai lungi de vapare f\u0103r\u0103 a fi nevoie s\u0103 \u00eenc\u0103rca\u021bi frecvent. Spune\u021bi adio dificult\u0103\u021bilor de a g\u0103si o surs\u0103 de energie. Acest atomizor este durabil \u0219i v\u0103 ofer\u0103 o pl\u0103cere continu\u0103 de vapare.<\/p>\n<p>Designul ergonomic al RandM Tornado 9000 este o dovad\u0103 a m\u0103iestriei sale superioare. Dispozitivul se potrive\u0219te bine \u00een m\u00e2n\u0103, este portabil \u0219i u\u0219or de utilizat oriunde. Designul s\u0103u sub\u021bire \u0219i totodat\u0103 robust asigur\u0103 o experien\u021b\u0103 de vapare de prim\u0103 clas\u0103, f\u0103r\u0103 zgomote sau sunete neobi\u0219nuite \u00een timpul func\u021bion\u0103rii.<\/p>\n<p><strong>Volum<\/strong><\/p>\n<ul>\n<li>Sare de nicotin\u0103 2%<\/li>\n<li>18 ml lichid pentru \u021big\u0103ri electronice<\/li>\n<li>Spul\u0103 din plas\u0103<\/li>\n<li>Baterie re\u00eenc\u0103rcabil\u0103<\/li>\n<li>Baterie integrat\u0103 de 850 mAh<\/li>\n<li>Disponibil \u00een 20 de arome<\/li>\n<li>Livrat \u00eentr-o cutie de prezentare cu 10 buc\u0103\u021bi<\/li>\n<li>200 de buc\u0103\u021bi pe carton<\/li>\n<\/ul>\n<h4><strong>\u00cembarca\u021bi-v\u0103 \u00een lumea \u021big\u0103rilor electronice pline de culoare<\/strong><\/h4>\n<p>Iluminarea RGB a RandM Tornado 9000 este fascinant\u0103. \u00cen timp ce trage\u021bi, partea de jos a dispozitivului se ilumineaz\u0103 \u0219i afi\u0219eaz\u0103 o serie de culori fascinante, de la galben vesel, la ro\u0219u aprins, albastru lini\u0219titor, verde calmant \u0219i violet captivant. Luminile adaug\u0103 o not\u0103 de pl\u0103cere vizual\u0103 experien\u021bei dvs. de vapare. Luminile se adapteaz\u0103 la inhal\u0103ri \u0219i clipesc timp de aproximativ \u0219apte secunde, cre\u00e2nd o experien\u021b\u0103 cu adev\u0103rat imersiv\u0103.<\/p>\n<p><strong>Flux de aer reglabil \u0219i bobine din plas\u0103 avansate<\/strong><\/p>\n<p>RandM Tornado 9000 dispune de o bobin\u0103 din plas\u0103 de \u00eenalt\u0103 calitate, care asigur\u0103 o produc\u021bie excelent\u0103 de gust \u0219i vapori. Tehnologia bobinei din plas\u0103 asigur\u0103 o distribu\u021bie uniform\u0103 a c\u0103ldurii pentru o senza\u021bie constant\u0103. Ve\u021bi fi surprins de bog\u0103\u021bia \u0219i profunzimea gustului.<\/p>\n<h3><strong>Comanda\u021bi acum RandM Tornado 9000<\/strong><\/h3>\n<p>Sunte\u021bi gata s\u0103 v\u0103 \u00eembun\u0103t\u0103\u021bi\u021bi experien\u021ba de vaping? Nu rata\u021bi func\u021biile incredibile \u0219i aromele pe care RandM Tornado 9000 le are de oferit. Plasa\u021bi acum comanda \u0219i p\u0103trunde\u021bi \u00eentr-o lume de nori parfumati \u0219i fumat f\u0103r\u0103 efort.<\/p>","protected":false},"excerpt":{"rendered":"<p>Die Mindestbestellmenge f\u00fcr E-Zigaretten betr\u00e4gt 1 Packung mit 10 E-Zigaretten. Sie k\u00f6nnen Ihren Lieblingsgeschmack w\u00e4hlen. Der Preis f\u00fcr dieses Produkt gilt f\u00fcr 10 Vapes. E-Mail: elementvapede@gmail.com RandM Tornado 9000: Das ultimative Dampferlebnis Wir stellen vor: RandM Tornado 9000 \u2013 Ein Geschmackssturm entfesselt Genie\u00dfen Sie ein au\u00dfergew\u00f6hnliches Erlebnis mit dem RandM Tornado 9000, einem Dampfger\u00e4t, das [&hellip;]<\/p>","protected":false},"featured_media":10315,"template":"","meta":{"inline_featured_image":false},"product_cat":[15,78,735,746,741,733,747,740,734,753,754,745,742,748,750,737,736,749,752,756,739,743,744,755,738,751],"product_tag":[710,709,684],"tiered_pricing_type":"fixed","tiered_pricing_fixed_rules":{"50":"7.92","110":"7.48","210":"7.04","510":"6.6","1100":"6.16"},"tiered_pricing_percentage_rules":[],"tiered_pricing_minimum":1,"_administrator_tiered_pricing_type":"fixed","_administrator_tiered_pricing_fixed_rules":[],"_editor_tiered_pricing_type":"fixed","_editor_tiered_pricing_fixed_rules":[],"_author_tiered_pricing_type":"fixed","_author_tiered_pricing_fixed_rules":[],"_contributor_tiered_pricing_type":"fixed","_contributor_tiered_pricing_fixed_rules":[],"_subscriber_tiered_pricing_type":"fixed","_subscriber_tiered_pricing_fixed_rules":[],"_customer_tiered_pricing_type":"fixed","_customer_tiered_pricing_fixed_rules":[],"_shop_manager_tiered_pricing_type":"fixed","_shop_manager_tiered_pricing_fixed_rules":[],"_wpseo_manager_tiered_pricing_type":"fixed","_wpseo_manager_tiered_pricing_fixed_rules":[],"_wpseo_editor_tiered_pricing_type":"fixed","_wpseo_editor_tiered_pricing_fixed_rules":[],"_wholesale_customer_tiered_pricing_type":"fixed","_wholesale_customer_tiered_pricing_fixed_rules":[],"_marketer_tiered_pricing_type":"fixed","_marketer_tiered_pricing_fixed_rules":[],"_sales_manager_tiered_pricing_type":"fixed","_sales_manager_tiered_pricing_fixed_rules":[],"_sales_rep_tiered_pricing_type":"fixed","_sales_rep_tiered_pricing_fixed_rules":[],"yoast_head":"<!-- This site is optimized with the Yoast SEO plugin v23.3 - https:\/\/yoast.com\/wordpress\/plugins\/seo\/ -->\n<title>Randm Tornado 9000 Einweg Vape 9000 Puffs Eu lagerraum | ElementVape.de<\/title>\n<meta name=\"description\" content=\"Wir bieten Randm Tornado 9000 Einweg Vape 9000 Puffs Eu lagerraum , Elementvape.de akzeptieren Gro\u00df-und Einzelhandel Bestellungen.\" \/>\n<meta name=\"robots\" content=\"index, follow, max-snippet:-1, max-image-preview:large, max-video-preview:-1\" \/>\n<link rel=\"canonical\" href=\"https:\/\/www.elementvape.de\/ro\/produkt\/randm-tornado-9000-einweg-vape-9000-puffs-eu-lagerraum\/\" \/>\n<meta property=\"og:locale\" content=\"ro_RO\" \/>\n<meta property=\"og:type\" content=\"article\" \/>\n<meta property=\"og:title\" content=\"Randm Tornado 9000 Einweg Vape 9000 Puffs Eu lagerraum | ElementVape.de\" \/>\n<meta property=\"og:description\" content=\"Wir bieten Randm Tornado 9000 Einweg Vape 9000 Puffs Eu lagerraum , Elementvape.de akzeptieren Gro\u00df-und Einzelhandel Bestellungen.\" \/>\n<meta property=\"og:url\" content=\"https:\/\/www.elementvape.de\/ro\/produkt\/randm-tornado-9000-einweg-vape-9000-puffs-eu-lagerraum\/\" \/>\n<meta property=\"og:site_name\" content=\"ElementVape.de\" \/>\n<meta property=\"article:modified_time\" content=\"2026-01-05T19:11:18+00:00\" \/>\n<meta property=\"og:image\" content=\"https:\/\/www.elementvape.de\/wp-content\/uploads\/2024\/04\/RandM-Tornado-9000-Puffs-10.webp\" \/>\n\t<meta property=\"og:image:width\" content=\"800\" \/>\n\t<meta property=\"og:image:height\" content=\"800\" \/>\n\t<meta property=\"og:image:type\" content=\"image\/webp\" \/>\n<meta name=\"twitter:card\" content=\"summary_large_image\" \/>\n<meta name=\"twitter:label1\" content=\"Est. reading time\" \/>\n\t<meta name=\"twitter:data1\" content=\"3 minute\" \/>\n<script type=\"application\/ld+json\" class=\"yoast-schema-graph\">{\"@context\":\"https:\/\/schema.org\",\"@graph\":[{\"@type\":\"WebPage\",\"@id\":\"https:\/\/www.elementvape.de\/produkt\/randm-tornado-9000-einweg-vape-9000-puffs-eu-lagerraum\/\",\"url\":\"https:\/\/www.elementvape.de\/produkt\/randm-tornado-9000-einweg-vape-9000-puffs-eu-lagerraum\/\",\"name\":\"Randm Tornado 9000 Einweg Vape 9000 Puffs Eu lagerraum | ElementVape.de\",\"isPartOf\":{\"@id\":\"https:\/\/www.elementvape.de\/#website\"},\"primaryImageOfPage\":{\"@id\":\"https:\/\/www.elementvape.de\/produkt\/randm-tornado-9000-einweg-vape-9000-puffs-eu-lagerraum\/#primaryimage\"},\"image\":{\"@id\":\"https:\/\/www.elementvape.de\/produkt\/randm-tornado-9000-einweg-vape-9000-puffs-eu-lagerraum\/#primaryimage\"},\"thumbnailUrl\":\"https:\/\/www.elementvape.de\/wp-content\/uploads\/2024\/04\/RandM-Tornado-9000-Puffs-10.webp\",\"datePublished\":\"2024-04-29T08:01:21+00:00\",\"dateModified\":\"2026-01-05T19:11:18+00:00\",\"description\":\"Wir bieten Randm Tornado 9000 Einweg Vape 9000 Puffs Eu lagerraum , Elementvape.de akzeptieren Gro\u00df-und Einzelhandel Bestellungen.\",\"breadcrumb\":{\"@id\":\"https:\/\/www.elementvape.de\/produkt\/randm-tornado-9000-einweg-vape-9000-puffs-eu-lagerraum\/#breadcrumb\"},\"inLanguage\":\"ro-RO\",\"potentialAction\":[{\"@type\":\"ReadAction\",\"target\":[\"https:\/\/www.elementvape.de\/produkt\/randm-tornado-9000-einweg-vape-9000-puffs-eu-lagerraum\/\"]}]},{\"@type\":\"ImageObject\",\"inLanguage\":\"ro-RO\",\"@id\":\"https:\/\/www.elementvape.de\/produkt\/randm-tornado-9000-einweg-vape-9000-puffs-eu-lagerraum\/#primaryimage\",\"url\":\"https:\/\/www.elementvape.de\/wp-content\/uploads\/2024\/04\/RandM-Tornado-9000-Puffs-10.webp\",\"contentUrl\":\"https:\/\/www.elementvape.de\/wp-content\/uploads\/2024\/04\/RandM-Tornado-9000-Puffs-10.webp\",\"width\":800,\"height\":800},{\"@type\":\"BreadcrumbList\",\"@id\":\"https:\/\/www.elementvape.de\/produkt\/randm-tornado-9000-einweg-vape-9000-puffs-eu-lagerraum\/#breadcrumb\",\"itemListElement\":[{\"@type\":\"ListItem\",\"position\":1,\"name\":\"Home\",\"item\":\"https:\/\/www.elementvape.de\/\"},{\"@type\":\"ListItem\",\"position\":2,\"name\":\"Shop\",\"item\":\"https:\/\/www.elementvape.de\/shop\/\"},{\"@type\":\"ListItem\",\"position\":3,\"name\":\"Randm Tornado 9000 Einweg Vape 9000 Puffs Eu lagerraum\"}]},{\"@type\":\"WebSite\",\"@id\":\"https:\/\/www.elementvape.de\/#website\",\"url\":\"https:\/\/www.elementvape.de\/\",\"name\":\"ElementVape.de\",\"description\":\"\",\"publisher\":{\"@id\":\"https:\/\/www.elementvape.de\/#organization\"},\"potentialAction\":[{\"@type\":\"SearchAction\",\"target\":{\"@type\":\"EntryPoint\",\"urlTemplate\":\"https:\/\/www.elementvape.de\/?s={search_term_string}\"},\"query-input\":\"required name=search_term_string\"}],\"inLanguage\":\"ro-RO\"},{\"@type\":\"Organization\",\"@id\":\"https:\/\/www.elementvape.de\/#organization\",\"name\":\"ElementVape.DE\",\"url\":\"https:\/\/www.elementvape.de\/\",\"logo\":{\"@type\":\"ImageObject\",\"inLanguage\":\"ro-RO\",\"@id\":\"https:\/\/www.elementvape.de\/#\/schema\/logo\/image\/\",\"url\":\"https:\/\/www.elementvape.de\/wp-content\/uploads\/2024\/09\/cropped-1elementvape-3.png\",\"contentUrl\":\"https:\/\/www.elementvape.de\/wp-content\/uploads\/2024\/09\/cropped-1elementvape-3.png\",\"width\":285,\"height\":228,\"caption\":\"ElementVape.DE\"},\"image\":{\"@id\":\"https:\/\/www.elementvape.de\/#\/schema\/logo\/image\/\"}}]}<\/script>\n<!-- \/ Yoast SEO plugin. -->","yoast_head_json":{"title":"Randm Tornado 9000 Einweg Vape 9000 Puffs Eu lagerraum | ElementVape.de","description":"Wir bieten Randm Tornado 9000 Einweg Vape 9000 Puffs Eu lagerraum , Elementvape.de akzeptieren Gro\u00df-und Einzelhandel Bestellungen.","robots":{"index":"index","follow":"follow","max-snippet":"max-snippet:-1","max-image-preview":"max-image-preview:large","max-video-preview":"max-video-preview:-1"},"canonical":"https:\/\/www.elementvape.de\/ro\/produkt\/randm-tornado-9000-einweg-vape-9000-puffs-eu-lagerraum\/","og_locale":"ro_RO","og_type":"article","og_title":"Randm Tornado 9000 Einweg Vape 9000 Puffs Eu lagerraum | ElementVape.de","og_description":"Wir bieten Randm Tornado 9000 Einweg Vape 9000 Puffs Eu lagerraum , Elementvape.de akzeptieren Gro\u00df-und Einzelhandel Bestellungen.","og_url":"https:\/\/www.elementvape.de\/ro\/produkt\/randm-tornado-9000-einweg-vape-9000-puffs-eu-lagerraum\/","og_site_name":"ElementVape.de","article_modified_time":"2026-01-05T19:11:18+00:00","og_image":[{"width":800,"height":800,"url":"https:\/\/www.elementvape.de\/wp-content\/uploads\/2024\/04\/RandM-Tornado-9000-Puffs-10.webp","type":"image\/webp"}],"twitter_card":"summary_large_image","twitter_misc":{"Est. reading time":"3 minute"},"schema":{"@context":"https:\/\/schema.org","@graph":[{"@type":"WebPage","@id":"https:\/\/www.elementvape.de\/produkt\/randm-tornado-9000-einweg-vape-9000-puffs-eu-lagerraum\/","url":"https:\/\/www.elementvape.de\/produkt\/randm-tornado-9000-einweg-vape-9000-puffs-eu-lagerraum\/","name":"Randm Tornado 9000 Einweg Vape 9000 Puffs Eu lagerraum | ElementVape.de","isPartOf":{"@id":"https:\/\/www.elementvape.de\/#website"},"primaryImageOfPage":{"@id":"https:\/\/www.elementvape.de\/produkt\/randm-tornado-9000-einweg-vape-9000-puffs-eu-lagerraum\/#primaryimage"},"image":{"@id":"https:\/\/www.elementvape.de\/produkt\/randm-tornado-9000-einweg-vape-9000-puffs-eu-lagerraum\/#primaryimage"},"thumbnailUrl":"https:\/\/www.elementvape.de\/wp-content\/uploads\/2024\/04\/RandM-Tornado-9000-Puffs-10.webp","datePublished":"2024-04-29T08:01:21+00:00","dateModified":"2026-01-05T19:11:18+00:00","description":"Wir bieten Randm Tornado 9000 Einweg Vape 9000 Puffs Eu lagerraum , Elementvape.de akzeptieren Gro\u00df-und Einzelhandel Bestellungen.","breadcrumb":{"@id":"https:\/\/www.elementvape.de\/produkt\/randm-tornado-9000-einweg-vape-9000-puffs-eu-lagerraum\/#breadcrumb"},"inLanguage":"ro-RO","potentialAction":[{"@type":"ReadAction","target":["https:\/\/www.elementvape.de\/produkt\/randm-tornado-9000-einweg-vape-9000-puffs-eu-lagerraum\/"]}]},{"@type":"ImageObject","inLanguage":"ro-RO","@id":"https:\/\/www.elementvape.de\/produkt\/randm-tornado-9000-einweg-vape-9000-puffs-eu-lagerraum\/#primaryimage","url":"https:\/\/www.elementvape.de\/wp-content\/uploads\/2024\/04\/RandM-Tornado-9000-Puffs-10.webp","contentUrl":"https:\/\/www.elementvape.de\/wp-content\/uploads\/2024\/04\/RandM-Tornado-9000-Puffs-10.webp","width":800,"height":800},{"@type":"BreadcrumbList","@id":"https:\/\/www.elementvape.de\/produkt\/randm-tornado-9000-einweg-vape-9000-puffs-eu-lagerraum\/#breadcrumb","itemListElement":[{"@type":"ListItem","position":1,"name":"Home","item":"https:\/\/www.elementvape.de\/"},{"@type":"ListItem","position":2,"name":"Shop","item":"https:\/\/www.elementvape.de\/shop\/"},{"@type":"ListItem","position":3,"name":"Randm Tornado 9000 Einweg Vape 9000 Puffs Eu lagerraum"}]},{"@type":"WebSite","@id":"https:\/\/www.elementvape.de\/#website","url":"https:\/\/www.elementvape.de\/","name":"ElementVape.de","description":"","publisher":{"@id":"https:\/\/www.elementvape.de\/#organization"},"potentialAction":[{"@type":"SearchAction","target":{"@type":"EntryPoint","urlTemplate":"https:\/\/www.elementvape.de\/?s={search_term_string}"},"query-input":"required name=search_term_string"}],"inLanguage":"ro-RO"},{"@type":"Organization","@id":"https:\/\/www.elementvape.de\/#organization","name":"ElementVape.DE","url":"https:\/\/www.elementvape.de\/","logo":{"@type":"ImageObject","inLanguage":"ro-RO","@id":"https:\/\/www.elementvape.de\/#\/schema\/logo\/image\/","url":"https:\/\/www.elementvape.de\/wp-content\/uploads\/2024\/09\/cropped-1elementvape-3.png","contentUrl":"https:\/\/www.elementvape.de\/wp-content\/uploads\/2024\/09\/cropped-1elementvape-3.png","width":285,"height":228,"caption":"ElementVape.DE"},"image":{"@id":"https:\/\/www.elementvape.de\/#\/schema\/logo\/image\/"}}]}},"_links":{"self":[{"href":"https:\/\/www.elementvape.de\/ro\/wp-json\/wp\/v2\/product\/10307"}],"collection":[{"href":"https:\/\/www.elementvape.de\/ro\/wp-json\/wp\/v2\/product"}],"about":[{"href":"https:\/\/www.elementvape.de\/ro\/wp-json\/wp\/v2\/types\/product"}],"wp:featuredmedia":[{"embeddable":true,"href":"https:\/\/www.elementvape.de\/ro\/wp-json\/wp\/v2\/media\/10315"}],"wp:attachment":[{"href":"https:\/\/www.elementvape.de\/ro\/wp-json\/wp\/v2\/media?parent=10307"}],"wp:term":[{"taxonomy":"product_cat","embeddable":true,"href":"https:\/\/www.elementvape.de\/ro\/wp-json\/wp\/v2\/product_cat?post=10307"},{"taxonomy":"product_tag","embeddable":true,"href":"https:\/\/www.elementvape.de\/ro\/wp-json\/wp\/v2\/product_tag?post=10307"}],"curies":[{"name":"wp","href":"https:\/\/api.w.org\/{rel}","templated":true}]}}