{"id":8791,"date":"2024-04-20T06:56:29","date_gmt":"2024-04-20T06:56:29","guid":{"rendered":"https:\/\/www.elementvape.de\/?post_type=product&#038;p=8791"},"modified":"2024-09-12T10:32:24","modified_gmt":"2024-09-12T10:32:24","slug":"pro-pod-kit-25w-900mah-batterie-vthru-pro-mit-3ml","status":"publish","type":"product","link":"https:\/\/www.elementvape.de\/pt\/produkt\/pro-pod-kit-25w-900mah-batterie-vthru-pro-mit-3ml\/","title":{"rendered":"Voopoo V. Thru Pro kit de c\u00e1psulas 25w bateria de 900mAh Vthru Pro com cartucho Vmate V2 3ml 0.7\/1,2 ohm cigarro eletr\u00f3nico vape"},"content":{"rendered":"<p>&nbsp;<\/p>\n<div class=\"product-specs-list-container\">\n<ul class=\"product-specs-list util-clearfix\">\n<li class=\"product-prop line-limit-length\"><span class=\"property-title\">Apar\u00eancia:\u00a0<\/span><span class=\"property-desc line-limit-length\">Forma da Caixa<\/span><\/li>\n<li class=\"product-prop line-limit-length\"><span class=\"property-title\">Bateria Compat\u00edvel:\u00a0<\/span><span class=\"property-desc line-limit-length\">Nenhum<\/span><\/li>\n<li class=\"product-prop line-limit-length\"><span class=\"property-title\">Fun\u00e7\u00e3o de Monitoriza\u00e7\u00e3o do N\u00famero de Fuma\u00e7as:\u00a0<\/span><span class=\"property-desc line-limit-length\">N\u00e3o<\/span><\/li>\n<li class=\"product-prop line-limit-length\"><span class=\"property-title\">Estojo de Silicone:\u00a0<\/span><span class=\"property-desc line-limit-length\">N\u00e3o<\/span><\/li>\n<li class=\"product-prop line-limit-length\"><span class=\"property-title\">Regula\u00e7\u00e3o de Temperatura:\u00a0<\/span><span class=\"property-desc line-limit-length\">N\u00e3o<\/span><\/li>\n<li class=\"product-prop line-limit-length\"><span class=\"property-title\">Bateria Embutida ou Externa:\u00a0<\/span><span class=\"property-desc line-limit-length\">Embebida<\/span><\/li>\n<li class=\"product-prop line-limit-length\"><span class=\"property-title\">Fun\u00e7\u00e3o de Prote\u00e7\u00e3o contra Curto-Circuito:\u00a0<\/span><span class=\"property-desc line-limit-length\">Ja<\/span><\/li>\n<li class=\"product-prop line-limit-length\"><span class=\"property-title\">Fun\u00e7\u00e3o de Prote\u00e7\u00e3o contra Sobreaquecimento:\u00a0<\/span><span class=\"property-desc line-limit-length\">N\u00e3o<\/span><\/li>\n<li class=\"product-prop line-limit-length\"><span class=\"property-title\">Fun\u00e7\u00e3o de alarme de baixa tens\u00e3o:\u00a0<\/span><span class=\"property-desc line-limit-length\">Ja<\/span><\/li>\n<li class=\"product-prop line-limit-length\"><span class=\"property-title\">Fun\u00e7\u00e3o de identifica\u00e7\u00e3o do vaporizador:\u00a0<\/span><span class=\"property-desc line-limit-length\">Ja<\/span><\/li>\n<li class=\"product-prop line-limit-length\"><span class=\"property-title\">Modos de configura\u00e7\u00e3o TCR:\u00a0<\/span><span class=\"property-desc line-limit-length\">N\u00e3o<\/span><\/li>\n<li class=\"product-prop line-limit-length\"><span class=\"property-title\">Capacidade nominal:\u00a0<\/span><span class=\"property-desc line-limit-length\">900 mAh<\/span><\/li>\n<li class=\"product-prop line-limit-length\"><span class=\"property-title\">Bateria compat\u00edvel: 18350\u00a0<\/span><span class=\"property-desc line-limit-length\">Metal<\/span><\/li>\n<li class=\"product-prop line-limit-length\"><span class=\"property-title\">Modelo compat\u00edvel:\u00a0<\/span><span class=\"property-desc line-limit-length\">Vape de Cigarro Eletr\u00f3nico<\/span><\/li>\n<li class=\"product-prop line-limit-length\"><span class=\"property-title\">N\u00famero do modelo:\u00a0<\/span><span class=\"property-desc line-limit-length\">Kit de Vape V.THRU Pro Pod da VOOPOO<\/span><\/li>\n<li class=\"product-prop line-limit-length\"><span class=\"property-title\">Carregador USB:\u00a0<\/span><span class=\"property-desc line-limit-length\">Ja<\/span><\/li>\n<li class=\"product-prop line-limit-length\"><span class=\"property-title\">Atualiza\u00e7\u00e3o de firmware:\u00a0<\/span><span class=\"property-desc line-limit-length\">N\u00e3o<\/span><\/li>\n<li class=\"product-prop line-limit-length\"><span class=\"property-title\">Fun\u00e7\u00e3o de monitoriza\u00e7\u00e3o do n\u00famero de fumos: N\u00e3o\u00a0<\/span><span class=\"property-desc line-limit-length\">Ja<\/span><\/li>\n<li class=\"product-prop line-limit-length\"><span class=\"property-title\">Tipo:\u00a0<\/span><span class=\"property-desc line-limit-length\">Com bateria<\/span><\/li>\n<li class=\"product-prop line-limit-length\"><span class=\"property-title\">Nome da marca:\u00a0<\/span><span class=\"property-desc line-limit-length\">VOOPOO<\/span><\/li>\n<li class=\"product-prop line-limit-length\"><span class=\"property-title\">Origem:\u00a0<\/span><span class=\"property-desc line-limit-length\">CN (Origem)<\/span><\/li>\n<\/ul>\n<\/div>\n<div class=\"detailmodule_html\">\n<div class=\"detail-desc-decorate-richtext\">\n<div class=\"detailmodule_text\">\n<p>&nbsp;<\/p>\n<p id=\"tl_1\" class=\"detail-desc-decorate-title\" style=\"font-family: OpenSans; font-size: 20px; font-weight: 900; line-height: 28px; margin-bottom: 12px;\">Kit de Vape Original Voopoo V. Thru Pro Pod 25W Bateria de 900mAh V atrav\u00e9s de cartucho vazio de 3ml, cigarro eletr\u00f4nico vaporizador<\/p>\n<\/div>\n<div class=\"detailmodule_text\">\n<p id=\"tl_2\" class=\"detail-desc-decorate-title\" style=\"font-family: OpenSans; font-size: 20px; font-weight: 900; line-height: 28px; margin-bottom: 12px;\">Descri\u00e7\u00e3o breve do kit Voopoo v. thru pro:<\/p>\n<p id=\"tl_3\" class=\"detail-desc-decorate-content\" style=\"font-family: OpenSans; font-size: 14px; font-weight: 300; line-height: 20px; margin-bottom: 12px;\">O kit v. thru pro \u00e9 um conjunto de arranque f\u00e1cil de usar e de baixo custo, com tamanho compacto, mas alto desempenho. Funciona com uma bateria embutida de 900mAh e carregamento r\u00e1pido Tipo-C 5V\/1a. Com design sem bot\u00e3o, o v. thru pro \u00e9 f\u00e1cil de iniciar, pegar e inalar. Inclui um cartucho vazio de 3ml com resist\u00eancia de 0,7 Ohm e dois pods V. Thru Pro de 1,2 Ohm, que oferecem m\u00e1xima resolu\u00e7\u00e3o e sabor. O chip Gen mant\u00e9m uma tens\u00e3o de sa\u00edda constante para proporcionar uma experi\u00eancia de sabor perfeita. A tela OLED de 0,69 polegadas mostra as informa\u00e7\u00f5es do dispositivo. Tamb\u00e9m possui um modo inteligente de seguran\u00e7a infantil para evitar que crian\u00e7as iniciem acidentalmente. Com o design de encaixe completo de 360\u00b0, voc\u00ea sentir\u00e1 o sabor, sem necessidade de pod. O design magn\u00e9tico de suc\u00e7\u00e3o e travamento, juntamente com o sistema de encaixe super f\u00e1cil, garantem uma fixa\u00e7\u00e3o firme e remo\u00e7\u00e3o f\u00e1cil.<\/p>\n<\/div>\n<div class=\"detailmodule_text\">\n<p id=\"tl_4\" class=\"detail-desc-decorate-title\" style=\"font-family: OpenSans; font-size: 20px; font-weight: 900; line-height: 28px; margin-bottom: 12px;\">Recurso:<\/p>\n<p id=\"tl_5\" class=\"detail-desc-decorate-content\" style=\"font-family: OpenSans; font-size: 14px; font-weight: 300; line-height: 20px; margin-bottom: 12px;\">In\u00edcio por indu\u00e7\u00e3o de ar<br \/>\nCapacidade do cartucho vazio 3ml<br \/>\nPod duplo de 0,7 &amp; 1,2\u03a9<br \/>\nTela OLED de 0,69 polegadas<br \/>\nBateria embutida de 900mAh<br \/>\nModo inteligente para crian\u00e7as seguro<br \/>\nDesign completo de l\u00e1bios de 360\u00b0<br \/>\nSuc\u00e7\u00e3o magn\u00e9tica e fivela dupla<br \/>\nRefor\u00e7o<br \/>\nEspa\u00e7o de condensado independente e descart\u00e1vel<\/p>\n<\/div>\n<div class=\"detailmodule_text\">\n<p id=\"tl_6\" class=\"detail-desc-decorate-title\" style=\"font-family: OpenSans; font-size: 20px; font-weight: 900; line-height: 28px; margin-bottom: 12px;\">Especifica\u00e7\u00f5es<\/p>\n<p id=\"tl_7\" class=\"detail-desc-decorate-content\" style=\"font-family: OpenSans; font-size: 14px; font-weight: 300; line-height: 20px; margin-bottom: 12px;\">Nome do produto: v. thru pro<br \/>\nTamanho: 28,5*14,9*95,5mm<br \/>\nPeso: 44g<br \/>\nFaixa de pot\u00eancia: 5-25w<br \/>\nCapacidade: 3ml<br \/>\nFaixa de resist\u00eancia: 0,7 &amp; 1,2\u03a9<br \/>\nTens\u00e3o de sa\u00edda: 3,2-4,2 V<br \/>\nBateria: 900mAh embutida<\/p>\n<\/div>\n<div class=\"detailmodule_text\">\n<p id=\"tl_8\" class=\"detail-desc-decorate-title\" style=\"font-family: OpenSans; font-size: 20px; font-weight: 900; line-height: 28px; margin-bottom: 12px;\">Lista de embalagem<\/p>\n<p id=\"tl_9\" class=\"detail-desc-decorate-content\" style=\"font-family: OpenSans; font-size: 14px; font-weight: 300; line-height: 20px; margin-bottom: 12px;\">Aviso importante: a embalagem do kit novo e antigo do v. thru pro ser\u00e1 enviada aleatoriamente.<\/p>\n<p>Lista de pacote (kit novo):<br \/>\n1 * dispositivo v. thru pro<br \/>\n1 * cartucho vmate v2 (0,7 Ohm\/3ml)<br \/>\n1 * cartucho vmate v2 (1,2 Ohm\/3ml)<br \/>\n1 * Cabo Tipo-C<br \/>\n1 * manual do usu\u00e1rio<\/p>\n<p>Lista de pacote (kit antigo):<br \/>\n1 * dispositivo v. thru pro<br \/>\n1 * pod v. thru pro (0,7 Ohm\/3ml)<br \/>\n1 * pod v. thru pro (1,2 Ohm\/3ml)<br \/>\n1 * Cabo Tipo-C<br \/>\n1 * manual do usu\u00e1rio<\/p>\n<\/div>\n<div class=\"detailmodule_image\"><img decoding=\"async\" loading=\"lazy\" class=\"detail-desc-decorate-image\" src=\"https:\/\/ae01.alicdn.com\/kf\/Hb96528f62cc74b26bea851a1e776d990s.jpg\" \/><\/div>\n<div class=\"detailmodule_image\"><img decoding=\"async\" loading=\"lazy\" class=\"detail-desc-decorate-image\" style=\"margin-bottom: 10px;\" src=\"https:\/\/ae01.alicdn.com\/kf\/S8667a54d58524668965bed2f2dc7cbdct.jpg\" \/><br \/>\n<img decoding=\"async\" loading=\"lazy\" class=\"detail-desc-decorate-image\" src=\"https:\/\/ae01.alicdn.com\/kf\/H7fbc308cb9f7424b836d8c53f8cf8a0bP.jpg\" \/><br \/>\n<img decoding=\"async\" loading=\"lazy\" class=\"detail-desc-decorate-image\" src=\"https:\/\/ae01.alicdn.com\/kf\/H41420df517f24564983673e4f6be9d7cf.jpg\" \/><br \/>\n<img decoding=\"async\" loading=\"lazy\" class=\"detail-desc-decorate-image\" src=\"https:\/\/ae01.alicdn.com\/kf\/H4d840733967c4b0cacbf1db08dbcfcc6e.jpg\" \/><br \/>\n<img decoding=\"async\" loading=\"lazy\" class=\"detail-desc-decorate-image\" src=\"https:\/\/ae01.alicdn.com\/kf\/H7e3e691bf021499fa5b3affe3f90da96P.jpg\" \/><br \/>\n<img decoding=\"async\" loading=\"lazy\" class=\"detail-desc-decorate-image\" src=\"https:\/\/ae01.alicdn.com\/kf\/Hc03c4b145d764c5199ae2767c5bbd32ff.jpg\" \/><br \/>\n<img decoding=\"async\" loading=\"lazy\" class=\"detail-desc-decorate-image\" src=\"https:\/\/ae01.alicdn.com\/kf\/Hfe89e81db40949fd93c7140c65c216bfv.jpg\" \/><br \/>\n<img decoding=\"async\" loading=\"lazy\" class=\"detail-desc-decorate-image\" style=\"margin-bottom: 10px;\" src=\"https:\/\/ae01.alicdn.com\/kf\/Se4017182eab2461e86f3ea9089378f1fS.jpg\" \/><\/div>\n<p>&nbsp;<\/p>\n<\/div>\n<\/div>","protected":false},"excerpt":{"rendered":"<p>&nbsp; Aussehen:\u00a0Box Form Kompatibler Akku:\u00a0Kein \u00dcberwachung Funktion Von Rauchen Anzahl:\u00a0Nein Silikon Fall:\u00a0Nein Temperaturregelung:\u00a0Nein Eingebaute Oder Externe Batterie:\u00a0Eingebaute Kurzschlussschutz Funktion:\u00a0Ja \u00dcberhitzungsschutz-funktion:\u00a0Nein Niederspannungsalarmfunktion:\u00a0Ja Zerst\u00e4uber Identifikation Funktion:\u00a0Ja TCR Einstellung Modi:\u00a0Nein Nominale Kapazit\u00e4t:\u00a0900 mAh Material:\u00a0Metall Compatible Model:\u00a0Electronic Cigarette Vape Modellnummer:\u00a0VOOPOO V.THRU Pro Pod Vape Kit Usb-ladeger\u00e4t:\u00a0Ja Firmware-upgrade:\u00a0Nein Display:\u00a0Ja Art:\u00a0Mit Batterie Markenname:\u00a0VOOPOO Ursprung:\u00a0CN (Herkunft) &nbsp; Original Voopoo V. Thru Pro [&hellip;]<\/p>","protected":false},"featured_media":8792,"template":"","meta":{"inline_featured_image":false},"product_cat":[750,737,736,749,76],"product_tag":[],"tiered_pricing_type":"fixed","tiered_pricing_fixed_rules":[],"tiered_pricing_percentage_rules":[],"tiered_pricing_minimum":1,"_administrator_tiered_pricing_type":"fixed","_administrator_tiered_pricing_fixed_rules":[],"_editor_tiered_pricing_type":"fixed","_editor_tiered_pricing_fixed_rules":[],"_author_tiered_pricing_type":"fixed","_author_tiered_pricing_fixed_rules":[],"_contributor_tiered_pricing_type":"fixed","_contributor_tiered_pricing_fixed_rules":[],"_subscriber_tiered_pricing_type":"fixed","_subscriber_tiered_pricing_fixed_rules":[],"_customer_tiered_pricing_type":"fixed","_customer_tiered_pricing_fixed_rules":[],"_shop_manager_tiered_pricing_type":"fixed","_shop_manager_tiered_pricing_fixed_rules":[],"_wpseo_manager_tiered_pricing_type":"fixed","_wpseo_manager_tiered_pricing_fixed_rules":[],"_wpseo_editor_tiered_pricing_type":"fixed","_wpseo_editor_tiered_pricing_fixed_rules":[],"_wholesale_customer_tiered_pricing_type":"fixed","_wholesale_customer_tiered_pricing_fixed_rules":[],"_marketer_tiered_pricing_type":"fixed","_marketer_tiered_pricing_fixed_rules":[],"_sales_manager_tiered_pricing_type":"fixed","_sales_manager_tiered_pricing_fixed_rules":[],"_sales_rep_tiered_pricing_type":"fixed","_sales_rep_tiered_pricing_fixed_rules":[],"yoast_head":"<!-- This site is optimized with the Yoast SEO plugin v23.3 - https:\/\/yoast.com\/wordpress\/plugins\/seo\/ -->\n<title>Voopoo v. thru pro pod kit 25w 900mah batterie vthru pro mit 3ml vmate v2 patrone 0.7\/1,2 ohm elektronische zigarette vape | ElementVape.de<\/title>\n<meta name=\"description\" content=\"Wir bieten Voopoo v. thru pro pod kit 25w 900mah batterie vthru pro mit 3ml vmate v2 patrone 0.7\/1,2 ohm elektronische zigarette vape , Elementvape.de akzeptieren Gro\u00df-und Einzelhandel Bestellungen.\" \/>\n<meta name=\"robots\" content=\"index, follow, max-snippet:-1, max-image-preview:large, max-video-preview:-1\" \/>\n<link rel=\"canonical\" href=\"https:\/\/www.elementvape.de\/pt\/produkt\/pro-pod-kit-25w-900mah-batterie-vthru-pro-mit-3ml\/\" \/>\n<meta property=\"og:locale\" content=\"pt_PT\" \/>\n<meta property=\"og:type\" content=\"article\" \/>\n<meta property=\"og:title\" content=\"Voopoo v. thru pro pod kit 25w 900mah batterie vthru pro mit 3ml vmate v2 patrone 0.7\/1,2 ohm elektronische zigarette vape | ElementVape.de\" \/>\n<meta property=\"og:description\" content=\"Wir bieten Voopoo v. thru pro pod kit 25w 900mah batterie vthru pro mit 3ml vmate v2 patrone 0.7\/1,2 ohm elektronische zigarette vape , Elementvape.de akzeptieren Gro\u00df-und Einzelhandel Bestellungen.\" \/>\n<meta property=\"og:url\" content=\"https:\/\/www.elementvape.de\/pt\/produkt\/pro-pod-kit-25w-900mah-batterie-vthru-pro-mit-3ml\/\" \/>\n<meta property=\"og:site_name\" content=\"ElementVape.de\" \/>\n<meta property=\"article:modified_time\" content=\"2024-09-12T10:32:24+00:00\" \/>\n<meta property=\"og:image\" content=\"https:\/\/ae01.alicdn.com\/kf\/S878ac8cf8b83442db544a2541ddb12dbD\/Original-voopoo-v-thru-pro-pod-kit-25w-900mah-batterie-vthru-pro-mit-3ml-vmate-v2.jpg\" \/>\n\t<meta property=\"og:image:width\" content=\"800\" \/>\n\t<meta property=\"og:image:height\" content=\"800\" \/>\n\t<meta property=\"og:image:type\" content=\"image\/jpeg\" \/>\n<meta name=\"twitter:card\" content=\"summary_large_image\" \/>\n<meta name=\"twitter:label1\" content=\"Est. reading time\" \/>\n\t<meta name=\"twitter:data1\" content=\"5 minutos\" \/>\n<script type=\"application\/ld+json\" class=\"yoast-schema-graph\">{\"@context\":\"https:\/\/schema.org\",\"@graph\":[{\"@type\":\"WebPage\",\"@id\":\"https:\/\/www.elementvape.de\/es\/produkt\/pro-pod-kit-25w-900mah-batterie-vthru-pro-mit-3ml\/\",\"url\":\"https:\/\/www.elementvape.de\/es\/produkt\/pro-pod-kit-25w-900mah-batterie-vthru-pro-mit-3ml\/\",\"name\":\"Voopoo v. thru pro pod kit 25w 900mah batterie vthru pro mit 3ml vmate v2 patrone 0.7\/1,2 ohm elektronische zigarette vape | ElementVape.de\",\"isPartOf\":{\"@id\":\"https:\/\/www.elementvape.de\/#website\"},\"primaryImageOfPage\":{\"@id\":\"https:\/\/www.elementvape.de\/es\/produkt\/pro-pod-kit-25w-900mah-batterie-vthru-pro-mit-3ml\/#primaryimage\"},\"image\":{\"@id\":\"https:\/\/www.elementvape.de\/es\/produkt\/pro-pod-kit-25w-900mah-batterie-vthru-pro-mit-3ml\/#primaryimage\"},\"thumbnailUrl\":\"https:\/\/ae01.alicdn.com\/kf\/S878ac8cf8b83442db544a2541ddb12dbD\/Original-voopoo-v-thru-pro-pod-kit-25w-900mah-batterie-vthru-pro-mit-3ml-vmate-v2.jpg\",\"datePublished\":\"2024-04-20T06:56:29+00:00\",\"dateModified\":\"2024-09-12T10:32:24+00:00\",\"description\":\"Wir bieten Voopoo v. thru pro pod kit 25w 900mah batterie vthru pro mit 3ml vmate v2 patrone 0.7\/1,2 ohm elektronische zigarette vape , Elementvape.de akzeptieren Gro\u00df-und Einzelhandel Bestellungen.\",\"breadcrumb\":{\"@id\":\"https:\/\/www.elementvape.de\/es\/produkt\/pro-pod-kit-25w-900mah-batterie-vthru-pro-mit-3ml\/#breadcrumb\"},\"inLanguage\":\"pt-PT\",\"potentialAction\":[{\"@type\":\"ReadAction\",\"target\":[\"https:\/\/www.elementvape.de\/es\/produkt\/pro-pod-kit-25w-900mah-batterie-vthru-pro-mit-3ml\/\"]}]},{\"@type\":\"ImageObject\",\"inLanguage\":\"pt-PT\",\"@id\":\"https:\/\/www.elementvape.de\/es\/produkt\/pro-pod-kit-25w-900mah-batterie-vthru-pro-mit-3ml\/#primaryimage\",\"url\":\"https:\/\/ae01.alicdn.com\/kf\/S878ac8cf8b83442db544a2541ddb12dbD\/Original-voopoo-v-thru-pro-pod-kit-25w-900mah-batterie-vthru-pro-mit-3ml-vmate-v2.jpg\",\"contentUrl\":\"https:\/\/ae01.alicdn.com\/kf\/S878ac8cf8b83442db544a2541ddb12dbD\/Original-voopoo-v-thru-pro-pod-kit-25w-900mah-batterie-vthru-pro-mit-3ml-vmate-v2.jpg\",\"width\":800,\"height\":800},{\"@type\":\"BreadcrumbList\",\"@id\":\"https:\/\/www.elementvape.de\/es\/produkt\/pro-pod-kit-25w-900mah-batterie-vthru-pro-mit-3ml\/#breadcrumb\",\"itemListElement\":[{\"@type\":\"ListItem\",\"position\":1,\"name\":\"Home\",\"item\":\"https:\/\/www.elementvape.de\/\"},{\"@type\":\"ListItem\",\"position\":2,\"name\":\"Shop\",\"item\":\"https:\/\/www.elementvape.de\/shop\/\"},{\"@type\":\"ListItem\",\"position\":3,\"name\":\"Voopoo v. thru pro pod kit 25w 900mah batterie vthru pro mit 3ml vmate v2 patrone 0.7\/1,2 ohm elektronische zigarette vape\"}]},{\"@type\":\"WebSite\",\"@id\":\"https:\/\/www.elementvape.de\/#website\",\"url\":\"https:\/\/www.elementvape.de\/\",\"name\":\"ElementVape.de\",\"description\":\"\",\"publisher\":{\"@id\":\"https:\/\/www.elementvape.de\/#organization\"},\"potentialAction\":[{\"@type\":\"SearchAction\",\"target\":{\"@type\":\"EntryPoint\",\"urlTemplate\":\"https:\/\/www.elementvape.de\/?s={search_term_string}\"},\"query-input\":\"required name=search_term_string\"}],\"inLanguage\":\"pt-PT\"},{\"@type\":\"Organization\",\"@id\":\"https:\/\/www.elementvape.de\/#organization\",\"name\":\"ElementVape.DE\",\"url\":\"https:\/\/www.elementvape.de\/\",\"logo\":{\"@type\":\"ImageObject\",\"inLanguage\":\"pt-PT\",\"@id\":\"https:\/\/www.elementvape.de\/#\/schema\/logo\/image\/\",\"url\":\"https:\/\/www.elementvape.de\/wp-content\/uploads\/2024\/09\/cropped-1elementvape-3.png\",\"contentUrl\":\"https:\/\/www.elementvape.de\/wp-content\/uploads\/2024\/09\/cropped-1elementvape-3.png\",\"width\":285,\"height\":228,\"caption\":\"ElementVape.DE\"},\"image\":{\"@id\":\"https:\/\/www.elementvape.de\/#\/schema\/logo\/image\/\"}}]}<\/script>\n<!-- \/ Yoast SEO plugin. -->","yoast_head_json":{"title":"Voopoo v. thru pro pod kit 25w 900mah batterie vthru pro mit 3ml vmate v2 patrone 0.7\/1,2 ohm elektronische zigarette vape | ElementVape.de","description":"Wir bieten Voopoo v. thru pro pod kit 25w 900mah batterie vthru pro mit 3ml vmate v2 patrone 0.7\/1,2 ohm elektronische zigarette vape , Elementvape.de akzeptieren Gro\u00df-und Einzelhandel Bestellungen.","robots":{"index":"index","follow":"follow","max-snippet":"max-snippet:-1","max-image-preview":"max-image-preview:large","max-video-preview":"max-video-preview:-1"},"canonical":"https:\/\/www.elementvape.de\/pt\/produkt\/pro-pod-kit-25w-900mah-batterie-vthru-pro-mit-3ml\/","og_locale":"pt_PT","og_type":"article","og_title":"Voopoo v. thru pro pod kit 25w 900mah batterie vthru pro mit 3ml vmate v2 patrone 0.7\/1,2 ohm elektronische zigarette vape | ElementVape.de","og_description":"Wir bieten Voopoo v. thru pro pod kit 25w 900mah batterie vthru pro mit 3ml vmate v2 patrone 0.7\/1,2 ohm elektronische zigarette vape , Elementvape.de akzeptieren Gro\u00df-und Einzelhandel Bestellungen.","og_url":"https:\/\/www.elementvape.de\/pt\/produkt\/pro-pod-kit-25w-900mah-batterie-vthru-pro-mit-3ml\/","og_site_name":"ElementVape.de","article_modified_time":"2024-09-12T10:32:24+00:00","og_image":[{"width":800,"height":800,"url":"https:\/\/ae01.alicdn.com\/kf\/S878ac8cf8b83442db544a2541ddb12dbD\/Original-voopoo-v-thru-pro-pod-kit-25w-900mah-batterie-vthru-pro-mit-3ml-vmate-v2.jpg","type":"image\/jpeg"}],"twitter_card":"summary_large_image","twitter_misc":{"Est. reading time":"5 minutos"},"schema":{"@context":"https:\/\/schema.org","@graph":[{"@type":"WebPage","@id":"https:\/\/www.elementvape.de\/es\/produkt\/pro-pod-kit-25w-900mah-batterie-vthru-pro-mit-3ml\/","url":"https:\/\/www.elementvape.de\/es\/produkt\/pro-pod-kit-25w-900mah-batterie-vthru-pro-mit-3ml\/","name":"Voopoo v. thru pro pod kit 25w 900mah batterie vthru pro mit 3ml vmate v2 patrone 0.7\/1,2 ohm elektronische zigarette vape | ElementVape.de","isPartOf":{"@id":"https:\/\/www.elementvape.de\/#website"},"primaryImageOfPage":{"@id":"https:\/\/www.elementvape.de\/es\/produkt\/pro-pod-kit-25w-900mah-batterie-vthru-pro-mit-3ml\/#primaryimage"},"image":{"@id":"https:\/\/www.elementvape.de\/es\/produkt\/pro-pod-kit-25w-900mah-batterie-vthru-pro-mit-3ml\/#primaryimage"},"thumbnailUrl":"https:\/\/ae01.alicdn.com\/kf\/S878ac8cf8b83442db544a2541ddb12dbD\/Original-voopoo-v-thru-pro-pod-kit-25w-900mah-batterie-vthru-pro-mit-3ml-vmate-v2.jpg","datePublished":"2024-04-20T06:56:29+00:00","dateModified":"2024-09-12T10:32:24+00:00","description":"Wir bieten Voopoo v. thru pro pod kit 25w 900mah batterie vthru pro mit 3ml vmate v2 patrone 0.7\/1,2 ohm elektronische zigarette vape , Elementvape.de akzeptieren Gro\u00df-und Einzelhandel Bestellungen.","breadcrumb":{"@id":"https:\/\/www.elementvape.de\/es\/produkt\/pro-pod-kit-25w-900mah-batterie-vthru-pro-mit-3ml\/#breadcrumb"},"inLanguage":"pt-PT","potentialAction":[{"@type":"ReadAction","target":["https:\/\/www.elementvape.de\/es\/produkt\/pro-pod-kit-25w-900mah-batterie-vthru-pro-mit-3ml\/"]}]},{"@type":"ImageObject","inLanguage":"pt-PT","@id":"https:\/\/www.elementvape.de\/es\/produkt\/pro-pod-kit-25w-900mah-batterie-vthru-pro-mit-3ml\/#primaryimage","url":"https:\/\/ae01.alicdn.com\/kf\/S878ac8cf8b83442db544a2541ddb12dbD\/Original-voopoo-v-thru-pro-pod-kit-25w-900mah-batterie-vthru-pro-mit-3ml-vmate-v2.jpg","contentUrl":"https:\/\/ae01.alicdn.com\/kf\/S878ac8cf8b83442db544a2541ddb12dbD\/Original-voopoo-v-thru-pro-pod-kit-25w-900mah-batterie-vthru-pro-mit-3ml-vmate-v2.jpg","width":800,"height":800},{"@type":"BreadcrumbList","@id":"https:\/\/www.elementvape.de\/es\/produkt\/pro-pod-kit-25w-900mah-batterie-vthru-pro-mit-3ml\/#breadcrumb","itemListElement":[{"@type":"ListItem","position":1,"name":"Home","item":"https:\/\/www.elementvape.de\/"},{"@type":"ListItem","position":2,"name":"Shop","item":"https:\/\/www.elementvape.de\/shop\/"},{"@type":"ListItem","position":3,"name":"Voopoo v. thru pro pod kit 25w 900mah batterie vthru pro mit 3ml vmate v2 patrone 0.7\/1,2 ohm elektronische zigarette vape"}]},{"@type":"WebSite","@id":"https:\/\/www.elementvape.de\/#website","url":"https:\/\/www.elementvape.de\/","name":"ElementVape.de","description":"","publisher":{"@id":"https:\/\/www.elementvape.de\/#organization"},"potentialAction":[{"@type":"SearchAction","target":{"@type":"EntryPoint","urlTemplate":"https:\/\/www.elementvape.de\/?s={search_term_string}"},"query-input":"required name=search_term_string"}],"inLanguage":"pt-PT"},{"@type":"Organization","@id":"https:\/\/www.elementvape.de\/#organization","name":"ElementVape.DE","url":"https:\/\/www.elementvape.de\/","logo":{"@type":"ImageObject","inLanguage":"pt-PT","@id":"https:\/\/www.elementvape.de\/#\/schema\/logo\/image\/","url":"https:\/\/www.elementvape.de\/wp-content\/uploads\/2024\/09\/cropped-1elementvape-3.png","contentUrl":"https:\/\/www.elementvape.de\/wp-content\/uploads\/2024\/09\/cropped-1elementvape-3.png","width":285,"height":228,"caption":"ElementVape.DE"},"image":{"@id":"https:\/\/www.elementvape.de\/#\/schema\/logo\/image\/"}}]}},"_links":{"self":[{"href":"https:\/\/www.elementvape.de\/pt\/wp-json\/wp\/v2\/product\/8791"}],"collection":[{"href":"https:\/\/www.elementvape.de\/pt\/wp-json\/wp\/v2\/product"}],"about":[{"href":"https:\/\/www.elementvape.de\/pt\/wp-json\/wp\/v2\/types\/product"}],"wp:featuredmedia":[{"embeddable":true,"href":"https:\/\/www.elementvape.de\/pt\/wp-json\/wp\/v2\/media\/8792"}],"wp:attachment":[{"href":"https:\/\/www.elementvape.de\/pt\/wp-json\/wp\/v2\/media?parent=8791"}],"wp:term":[{"taxonomy":"product_cat","embeddable":true,"href":"https:\/\/www.elementvape.de\/pt\/wp-json\/wp\/v2\/product_cat?post=8791"},{"taxonomy":"product_tag","embeddable":true,"href":"https:\/\/www.elementvape.de\/pt\/wp-json\/wp\/v2\/product_tag?post=8791"}],"curies":[{"name":"wp","href":"https:\/\/api.w.org\/{rel}","templated":true}]}}