{"id":8625,"date":"2024-04-20T06:44:39","date_gmt":"2024-04-20T06:44:39","guid":{"rendered":"https:\/\/www.elementvape.de\/?post_type=product&#038;p=8625"},"modified":"2024-09-12T10:32:32","modified_gmt":"2024-09-12T10:32:32","slug":"rincoe-jelly-box-v1-pod-vape-kit-3ml","status":"publish","type":"product","link":"https:\/\/www.elementvape.de\/pt\/produkt\/rincoe-jelly-box-v1-pod-vape-kit-3ml\/","title":{"rendered":"Kit de Vape de Caixa Rincoe Jelly V1 Pod 3ml cartucho vazio V-Patrone 0,8 Ohm Bateria de 750mAh 16W cigarro eletr\u00f4nico com Lanyard"},"content":{"rendered":"<p>&nbsp;<\/p>\n<div class=\"product-specs-list-container\">\n<ul class=\"product-specs-list util-clearfix\">\n<li class=\"product-prop line-limit-length\"><span class=\"property-title\">Apar\u00eancia:\u00a0<\/span><span class=\"property-desc line-limit-length\">Forma cil\u00edndrica<\/span><\/li>\n<li class=\"product-prop line-limit-length\"><span class=\"property-title\">Bateria Compat\u00edvel:\u00a0<\/span><span class=\"property-desc line-limit-length\">Nenhum<\/span><\/li>\n<li class=\"product-prop line-limit-length\"><span class=\"property-title\">Fun\u00e7\u00e3o de Monitoriza\u00e7\u00e3o do N\u00famero de Fuma\u00e7as:\u00a0<\/span><span class=\"property-desc line-limit-length\">N\u00e3o<\/span><\/li>\n<li class=\"product-prop line-limit-length\"><span class=\"property-title\">Estojo de Silicone:\u00a0<\/span><span class=\"property-desc line-limit-length\">N\u00e3o<\/span><\/li>\n<li class=\"product-prop line-limit-length\"><span class=\"property-title\">Regula\u00e7\u00e3o de Temperatura:\u00a0<\/span><span class=\"property-desc line-limit-length\">N\u00e3o<\/span><\/li>\n<li class=\"product-prop line-limit-length\"><span class=\"property-title\">Bateria Embutida ou Externa:\u00a0<\/span><span class=\"property-desc line-limit-length\">Embebida<\/span><\/li>\n<li class=\"product-prop line-limit-length\"><span class=\"property-title\">Fun\u00e7\u00e3o de Prote\u00e7\u00e3o contra Curto-Circuito:\u00a0<\/span><span class=\"property-desc line-limit-length\">Ja<\/span><\/li>\n<li class=\"product-prop line-limit-length\"><span class=\"property-title\">Fun\u00e7\u00e3o de Prote\u00e7\u00e3o contra Sobreaquecimento:\u00a0<\/span><span class=\"property-desc line-limit-length\">Ja<\/span><\/li>\n<li class=\"product-prop line-limit-length\"><span class=\"property-title\">Fun\u00e7\u00e3o de alarme de baixa tens\u00e3o:\u00a0<\/span><span class=\"property-desc line-limit-length\">N\u00e3o<\/span><\/li>\n<li class=\"product-prop line-limit-length\"><span class=\"property-title\">Fun\u00e7\u00e3o de identifica\u00e7\u00e3o do vaporizador:\u00a0<\/span><span class=\"property-desc line-limit-length\">N\u00e3o<\/span><\/li>\n<li class=\"product-prop line-limit-length\"><span class=\"property-title\">Modos de configura\u00e7\u00e3o TCR:\u00a0<\/span><span class=\"property-desc line-limit-length\">N\u00e3o<\/span><\/li>\n<li class=\"product-prop line-limit-length\"><span class=\"property-title\">Capacidade nominal:\u00a0<\/span><span class=\"property-desc line-limit-length\">Bateria compat\u00edvel: Nenhuma<\/span><\/li>\n<li class=\"product-prop line-limit-length\"><span class=\"property-title\">Bateria compat\u00edvel: 18350\u00a0<\/span><span class=\"property-desc line-limit-length\">Metal<\/span><\/li>\n<li class=\"product-prop line-limit-length\"><span class=\"property-title\">Modelo compat\u00edvel:\u00a0<\/span><span class=\"property-desc line-limit-length\">Pod V1 V2 V3 1.0ohm, 0.8ohm<\/span><\/li>\n<li class=\"product-prop line-limit-length\"><span class=\"property-title\">N\u00famero do modelo:\u00a0<\/span><span class=\"property-desc line-limit-length\">Kit Rincoe Jellybox V1<\/span><\/li>\n<li class=\"product-prop line-limit-length\"><span class=\"property-title\">Carregador USB:\u00a0<\/span><span class=\"property-desc line-limit-length\">Ja<\/span><\/li>\n<li class=\"product-prop line-limit-length\"><span class=\"property-title\">Atualiza\u00e7\u00e3o de firmware:\u00a0<\/span><span class=\"property-desc line-limit-length\">N\u00e3o<\/span><\/li>\n<li class=\"product-prop line-limit-length\"><span class=\"property-title\">Fun\u00e7\u00e3o de monitoriza\u00e7\u00e3o do n\u00famero de fumos: N\u00e3o\u00a0<\/span><span class=\"property-desc line-limit-length\">N\u00e3o<\/span><\/li>\n<li class=\"product-prop line-limit-length\"><span class=\"property-title\">Tipo:\u00a0<\/span><span class=\"property-desc line-limit-length\">Com bateria<\/span><\/li>\n<li class=\"product-prop line-limit-length\"><span class=\"property-title\">Nome da marca:\u00a0<\/span><span class=\"property-desc line-limit-length\">Fun\u00e7\u00e3o de monitoriza\u00e7\u00e3o do n\u00famero de fumos: N\u00e3o<\/span><\/li>\n<li class=\"product-prop line-limit-length\"><span class=\"property-title\">Origem:\u00a0<\/span><span class=\"property-desc line-limit-length\">CN (Origem)<\/span><\/li>\n<\/ul>\n<\/div>\n<div class=\"detailmodule_html\">\n<div class=\"detail-desc-decorate-richtext\">\n<div class=\"detailmodule_dynamic\"><\/div>\n<p><strong><span id=\"tl_1\" style=\"font-size: 22px;\">Kit de Vape Rincoe Jelly box V1 Original Pod 3ml V-Patr\u00f3n vazio, 0,8 Ohm, bateria de 750mAh, 16W, cigarro eletr\u00f4nico com cord\u00e3o<\/span><\/strong><\/p>\n<p><strong id=\"tl_2\">Descri\u00e7\u00e3o:<\/strong><\/p>\n<p id=\"tl_3\">O kit Rincoe Jelly box V1 \u00e9 mais leve, pesando apenas 30,2g, e pode atingir uma pot\u00eancia de sa\u00edda de at\u00e9 16 Watts, suportada por uma bateria de 750mAh. Compat\u00edvel com o pod Jelly box V de capacidade vazia de 3ml, possui uma vida \u00fatil mais longa, al\u00e9m de um design \u00e0 prova de vazamentos que melhora a experi\u00eancia de uso. Tamb\u00e9m possui indicador de bateria LED para mostrar os diferentes n\u00edveis de pot\u00eancia, ajudando a controlar melhor o seu dispositivo. Al\u00e9m disso, conta com v\u00e1rias fun\u00e7\u00f5es de prote\u00e7\u00e3o para aumentar a seguran\u00e7a do uso.<\/p>\n<p><strong id=\"tl_4\">Par\u00e2metros:<\/strong><\/p>\n<p id=\"tl_5\">Capa de silicone: N\u00e3o<\/p>\n<p id=\"tl_6\">Dimens\u00e3o: 79,5*28*15,5mm<\/p>\n<p id=\"tl_7\">Cores: azul, laranja, verde, cinza, vermelho<\/p>\n<p id=\"tl_8\">Pot\u00eancia de sa\u00edda: 10w-16w<\/p>\n<p id=\"tl_9\">Bateria: integrada de 750mah<\/p>\n<p id=\"tl_10\">Tens\u00e3o de entrada: 3,2 V-4,2 V<\/p>\n<p id=\"tl_11\">Com 3 luzes LED<\/p>\n<p id=\"tl_12\">Tamanho leve e port\u00e1til, f\u00e1cil de transportar<\/p>\n<p id=\"tl_13\">Conex\u00e3o de carregamento Tipo-C<\/p>\n<p id=\"tl_14\">Tens\u00e3o de carregamento: 5v\/600ma<\/p>\n<p id=\"tl_15\">Efici\u00eancia: 95%<\/p>\n<p id=\"tl_16\">Peso: 30,2g<\/p>\n<p id=\"tl_17\">Indicador LED da bateria<\/p>\n<p id=\"tl_18\">Prote\u00e7\u00e3o contra sobrecarga<\/p>\n<p id=\"tl_19\">Prote\u00e7\u00e3o contra curto-circuito<\/p>\n<p id=\"tl_20\">Prote\u00e7\u00e3o contra sobreaquecimento<\/p>\n<p id=\"tl_21\">Prote\u00e7\u00e3o contra baixa tens\u00e3o<\/p>\n<p id=\"tl_22\">Prote\u00e7\u00e3o contra sobrecorrente de sa\u00edda<\/p>\n<p id=\"tl_23\">Material do pod: pctg<\/p>\n<p id=\"tl_24\">Capacidade do Pod: 3ml<\/p>\n<p id=\"tl_25\">Resist\u00eancia da bobina: 0,8 Ohm-3,0 Ohm<\/p>\n<p id=\"tl_26\">Compat\u00edvel com jelly box v pod:<\/p>\n<p id=\"tl_27\">Bobina Mesh 1,0 Ohm<\/p>\n<p id=\"tl_28\">Bobina Mesh 0,8 Ohm<\/p>\n<p id=\"tl_29\">Experi\u00eancia de vaping Mtl<\/p>\n<p><strong id=\"tl_30\">Pacote:<\/strong><\/p>\n<p id=\"tl_31\">1 * Dispositivo Jelly box v1 (750mah)<\/p>\n<p id=\"tl_32\">1 * Cartucho Jelly box v Pod (0,8 Ohm\/3ml) para mtl<\/p>\n<p id=\"tl_33\">1 * Cabo de carregamento Tipo-C<\/p>\n<p id=\"tl_34\">1 * cord\u00e3o de pesco\u00e7o<\/p>\n<p id=\"tl_35\">1 * Cart\u00e3o de certificado<\/p>\n<p id=\"tl_36\">1 * cart\u00e3o de garantia<\/p>\n<p id=\"tl_37\">1 * manual do usu\u00e1rio<\/p>\n<p><img decoding=\"async\" loading=\"lazy\" src=\"https:\/\/ae01.alicdn.com\/kf\/S2721b7c362f64799bea18401ae0a5183O.jpg\" \/><img decoding=\"async\" loading=\"lazy\" src=\"https:\/\/ae01.alicdn.com\/kf\/S11830a6847614427a53b53b47794eb4aw.jpg\" \/><img decoding=\"async\" loading=\"lazy\" src=\"https:\/\/ae01.alicdn.com\/kf\/S88fdc51c057845acb81e3d0ffbc7ab35C.jpg\" \/><img decoding=\"async\" loading=\"lazy\" src=\"https:\/\/ae01.alicdn.com\/kf\/Sa1c6657d70a142c6905edb99028f2c55Y.jpg\" \/><img decoding=\"async\" loading=\"lazy\" src=\"https:\/\/ae01.alicdn.com\/kf\/S5c4d6ec455ec46b38a135a65a36341eeJ.jpg\" \/><img decoding=\"async\" loading=\"lazy\" src=\"https:\/\/ae01.alicdn.com\/kf\/Sc46474e9e7b241e3967830c8d51c40adP.jpg\" \/><img decoding=\"async\" loading=\"lazy\" src=\"https:\/\/ae01.alicdn.com\/kf\/S05c6fef736fd432d93f743dcc1bfac43t.jpg\" \/><img decoding=\"async\" loading=\"lazy\" src=\"https:\/\/ae01.alicdn.com\/kf\/Sccbd77d5f3c248fe9c87f591d6b5eca67.jpg\" \/><img decoding=\"async\" loading=\"lazy\" src=\"https:\/\/ae01.alicdn.com\/kf\/S65e24a7af5d74fa3a6dbab4faa883bd4e.jpg\" \/><img decoding=\"async\" loading=\"lazy\" src=\"https:\/\/ae01.alicdn.com\/kf\/Sfcd8156be98a4c0fba9849487b3f91e2y.jpg\" \/><img decoding=\"async\" loading=\"lazy\" src=\"https:\/\/ae01.alicdn.com\/kf\/S036a0bbc5a4a4117ad7cbd86fb7affadC.jpg\" \/><img decoding=\"async\" loading=\"lazy\" src=\"https:\/\/ae01.alicdn.com\/kf\/S588d31b9c7864573b822d8ec931906c9W.jpg\" \/><img decoding=\"async\" loading=\"lazy\" src=\"https:\/\/ae01.alicdn.com\/kf\/S8397bfe6b3934a0685878339dca85ed98.jpg\" \/><\/p>\n<p>&nbsp;<\/p>\n<\/div>\n<\/div>","protected":false},"excerpt":{"rendered":"<p>&nbsp; Aussehen:\u00a0Zylindrische Form Kompatibler Akku:\u00a0Kein \u00dcberwachung Funktion Von Rauchen Anzahl:\u00a0Nein Silikon Fall:\u00a0Nein Temperaturregelung:\u00a0Nein Eingebaute Oder Externe Batterie:\u00a0Eingebaute Kurzschlussschutz Funktion:\u00a0Ja \u00dcberhitzungsschutz-funktion:\u00a0Ja Niederspannungsalarmfunktion:\u00a0Nein Zerst\u00e4uber Identifikation Funktion:\u00a0Nein TCR Einstellung Modi:\u00a0Nein Nominale Kapazit\u00e4t:\u00a0750 mAh Material:\u00a0Metall Compatible Model:\u00a0V1 V2 V3 pod 1.0ohm,0.8ohm Modellnummer:\u00a0Rincoe Jellybox V1 Kit Usb-ladeger\u00e4t:\u00a0Ja Firmware-upgrade:\u00a0Nein Display:\u00a0Nein Art:\u00a0Mit Batterie Markenname:\u00a0Rincoe Ursprung:\u00a0CN (Herkunft) Original Rincoe Jelly box V1 Pod [&hellip;]<\/p>","protected":false},"featured_media":8626,"template":"","meta":{"inline_featured_image":false},"product_cat":[750,737,736,749,76],"product_tag":[],"tiered_pricing_type":"fixed","tiered_pricing_fixed_rules":[],"tiered_pricing_percentage_rules":[],"tiered_pricing_minimum":1,"_administrator_tiered_pricing_type":"fixed","_administrator_tiered_pricing_fixed_rules":[],"_editor_tiered_pricing_type":"fixed","_editor_tiered_pricing_fixed_rules":[],"_author_tiered_pricing_type":"fixed","_author_tiered_pricing_fixed_rules":[],"_contributor_tiered_pricing_type":"fixed","_contributor_tiered_pricing_fixed_rules":[],"_subscriber_tiered_pricing_type":"fixed","_subscriber_tiered_pricing_fixed_rules":[],"_customer_tiered_pricing_type":"fixed","_customer_tiered_pricing_fixed_rules":[],"_shop_manager_tiered_pricing_type":"fixed","_shop_manager_tiered_pricing_fixed_rules":[],"_wpseo_manager_tiered_pricing_type":"fixed","_wpseo_manager_tiered_pricing_fixed_rules":[],"_wpseo_editor_tiered_pricing_type":"fixed","_wpseo_editor_tiered_pricing_fixed_rules":[],"_wholesale_customer_tiered_pricing_type":"fixed","_wholesale_customer_tiered_pricing_fixed_rules":[],"_marketer_tiered_pricing_type":"fixed","_marketer_tiered_pricing_fixed_rules":[],"_sales_manager_tiered_pricing_type":"fixed","_sales_manager_tiered_pricing_fixed_rules":[],"_sales_rep_tiered_pricing_type":"fixed","_sales_rep_tiered_pricing_fixed_rules":[],"yoast_head":"<!-- This site is optimized with the Yoast SEO plugin v23.3 - https:\/\/yoast.com\/wordpress\/plugins\/seo\/ -->\n<title>Rincoe Jelly box V1 Pod Vape Kit 3ml leere V-Patrone 0,8 Ohm 750mAh Batterie 16W Mtl elektronische Zigarette mit Lanyard | ElementVape.de<\/title>\n<meta name=\"description\" content=\"Wir bieten Rincoe Jelly box V1 Pod Vape Kit 3ml leere V-Patrone 0,8 Ohm 750mAh Batterie 16W Mtl elektronische Zigarette mit Lanyard , Elementvape.de akzeptieren Gro\u00df-und Einzelhandel Bestellungen.\" \/>\n<meta name=\"robots\" content=\"index, follow, max-snippet:-1, max-image-preview:large, max-video-preview:-1\" \/>\n<link rel=\"canonical\" href=\"https:\/\/www.elementvape.de\/pt\/produkt\/rincoe-jelly-box-v1-pod-vape-kit-3ml\/\" \/>\n<meta property=\"og:locale\" content=\"pt_PT\" \/>\n<meta property=\"og:type\" content=\"article\" \/>\n<meta property=\"og:title\" content=\"Rincoe Jelly box V1 Pod Vape Kit 3ml leere V-Patrone 0,8 Ohm 750mAh Batterie 16W Mtl elektronische Zigarette mit Lanyard | ElementVape.de\" \/>\n<meta property=\"og:description\" content=\"Wir bieten Rincoe Jelly box V1 Pod Vape Kit 3ml leere V-Patrone 0,8 Ohm 750mAh Batterie 16W Mtl elektronische Zigarette mit Lanyard , Elementvape.de akzeptieren Gro\u00df-und Einzelhandel Bestellungen.\" \/>\n<meta property=\"og:url\" content=\"https:\/\/www.elementvape.de\/pt\/produkt\/rincoe-jelly-box-v1-pod-vape-kit-3ml\/\" \/>\n<meta property=\"og:site_name\" content=\"ElementVape.de\" \/>\n<meta property=\"article:modified_time\" content=\"2024-09-12T10:32:32+00:00\" \/>\n<meta property=\"og:image\" content=\"https:\/\/ae01.alicdn.com\/kf\/S840f68b3263f4e5493636c8eb3ed08b8E\/Original-Rincoe-Jelly-box-V1-Pod-Vape-Kit-3ml-leere-V-Patrone-0-8-Ohm-750mAh.jpg\" \/>\n\t<meta property=\"og:image:width\" content=\"1000\" \/>\n\t<meta property=\"og:image:height\" content=\"1000\" \/>\n\t<meta property=\"og:image:type\" content=\"image\/jpeg\" \/>\n<meta name=\"twitter:card\" content=\"summary_large_image\" \/>\n<meta name=\"twitter:label1\" content=\"Est. reading time\" \/>\n\t<meta name=\"twitter:data1\" content=\"5 minutos\" \/>\n<script type=\"application\/ld+json\" class=\"yoast-schema-graph\">{\"@context\":\"https:\/\/schema.org\",\"@graph\":[{\"@type\":\"WebPage\",\"@id\":\"https:\/\/www.elementvape.de\/produkt\/rincoe-jelly-box-v1-pod-vape-kit-3ml\/\",\"url\":\"https:\/\/www.elementvape.de\/produkt\/rincoe-jelly-box-v1-pod-vape-kit-3ml\/\",\"name\":\"Rincoe Jelly box V1 Pod Vape Kit 3ml leere V-Patrone 0,8 Ohm 750mAh Batterie 16W Mtl elektronische Zigarette mit Lanyard | ElementVape.de\",\"isPartOf\":{\"@id\":\"https:\/\/www.elementvape.de\/#website\"},\"primaryImageOfPage\":{\"@id\":\"https:\/\/www.elementvape.de\/produkt\/rincoe-jelly-box-v1-pod-vape-kit-3ml\/#primaryimage\"},\"image\":{\"@id\":\"https:\/\/www.elementvape.de\/produkt\/rincoe-jelly-box-v1-pod-vape-kit-3ml\/#primaryimage\"},\"thumbnailUrl\":\"https:\/\/ae01.alicdn.com\/kf\/S840f68b3263f4e5493636c8eb3ed08b8E\/Original-Rincoe-Jelly-box-V1-Pod-Vape-Kit-3ml-leere-V-Patrone-0-8-Ohm-750mAh.jpg\",\"datePublished\":\"2024-04-20T06:44:39+00:00\",\"dateModified\":\"2024-09-12T10:32:32+00:00\",\"description\":\"Wir bieten Rincoe Jelly box V1 Pod Vape Kit 3ml leere V-Patrone 0,8 Ohm 750mAh Batterie 16W Mtl elektronische Zigarette mit Lanyard , Elementvape.de akzeptieren Gro\u00df-und Einzelhandel Bestellungen.\",\"breadcrumb\":{\"@id\":\"https:\/\/www.elementvape.de\/produkt\/rincoe-jelly-box-v1-pod-vape-kit-3ml\/#breadcrumb\"},\"inLanguage\":\"pt-PT\",\"potentialAction\":[{\"@type\":\"ReadAction\",\"target\":[\"https:\/\/www.elementvape.de\/produkt\/rincoe-jelly-box-v1-pod-vape-kit-3ml\/\"]}]},{\"@type\":\"ImageObject\",\"inLanguage\":\"pt-PT\",\"@id\":\"https:\/\/www.elementvape.de\/produkt\/rincoe-jelly-box-v1-pod-vape-kit-3ml\/#primaryimage\",\"url\":\"https:\/\/ae01.alicdn.com\/kf\/S840f68b3263f4e5493636c8eb3ed08b8E\/Original-Rincoe-Jelly-box-V1-Pod-Vape-Kit-3ml-leere-V-Patrone-0-8-Ohm-750mAh.jpg\",\"contentUrl\":\"https:\/\/ae01.alicdn.com\/kf\/S840f68b3263f4e5493636c8eb3ed08b8E\/Original-Rincoe-Jelly-box-V1-Pod-Vape-Kit-3ml-leere-V-Patrone-0-8-Ohm-750mAh.jpg\",\"width\":1000,\"height\":1000},{\"@type\":\"BreadcrumbList\",\"@id\":\"https:\/\/www.elementvape.de\/produkt\/rincoe-jelly-box-v1-pod-vape-kit-3ml\/#breadcrumb\",\"itemListElement\":[{\"@type\":\"ListItem\",\"position\":1,\"name\":\"Home\",\"item\":\"https:\/\/www.elementvape.de\/\"},{\"@type\":\"ListItem\",\"position\":2,\"name\":\"Shop\",\"item\":\"https:\/\/www.elementvape.de\/shop\/\"},{\"@type\":\"ListItem\",\"position\":3,\"name\":\"Rincoe Jelly box V1 Pod Vape Kit 3ml leere V-Patrone 0,8 Ohm 750mAh Batterie 16W Mtl elektronische Zigarette mit Lanyard\"}]},{\"@type\":\"WebSite\",\"@id\":\"https:\/\/www.elementvape.de\/#website\",\"url\":\"https:\/\/www.elementvape.de\/\",\"name\":\"ElementVape.de\",\"description\":\"\",\"publisher\":{\"@id\":\"https:\/\/www.elementvape.de\/#organization\"},\"potentialAction\":[{\"@type\":\"SearchAction\",\"target\":{\"@type\":\"EntryPoint\",\"urlTemplate\":\"https:\/\/www.elementvape.de\/?s={search_term_string}\"},\"query-input\":\"required name=search_term_string\"}],\"inLanguage\":\"pt-PT\"},{\"@type\":\"Organization\",\"@id\":\"https:\/\/www.elementvape.de\/#organization\",\"name\":\"ElementVape.DE\",\"url\":\"https:\/\/www.elementvape.de\/\",\"logo\":{\"@type\":\"ImageObject\",\"inLanguage\":\"pt-PT\",\"@id\":\"https:\/\/www.elementvape.de\/#\/schema\/logo\/image\/\",\"url\":\"https:\/\/www.elementvape.de\/wp-content\/uploads\/2024\/09\/cropped-1elementvape-3.png\",\"contentUrl\":\"https:\/\/www.elementvape.de\/wp-content\/uploads\/2024\/09\/cropped-1elementvape-3.png\",\"width\":285,\"height\":228,\"caption\":\"ElementVape.DE\"},\"image\":{\"@id\":\"https:\/\/www.elementvape.de\/#\/schema\/logo\/image\/\"}}]}<\/script>\n<!-- \/ Yoast SEO plugin. -->","yoast_head_json":{"title":"Rincoe Jelly box V1 Pod Vape Kit 3ml leere V-Patrone 0,8 Ohm 750mAh Batterie 16W Mtl elektronische Zigarette mit Lanyard | ElementVape.de","description":"Wir bieten Rincoe Jelly box V1 Pod Vape Kit 3ml leere V-Patrone 0,8 Ohm 750mAh Batterie 16W Mtl elektronische Zigarette mit Lanyard , Elementvape.de akzeptieren Gro\u00df-und Einzelhandel Bestellungen.","robots":{"index":"index","follow":"follow","max-snippet":"max-snippet:-1","max-image-preview":"max-image-preview:large","max-video-preview":"max-video-preview:-1"},"canonical":"https:\/\/www.elementvape.de\/pt\/produkt\/rincoe-jelly-box-v1-pod-vape-kit-3ml\/","og_locale":"pt_PT","og_type":"article","og_title":"Rincoe Jelly box V1 Pod Vape Kit 3ml leere V-Patrone 0,8 Ohm 750mAh Batterie 16W Mtl elektronische Zigarette mit Lanyard | ElementVape.de","og_description":"Wir bieten Rincoe Jelly box V1 Pod Vape Kit 3ml leere V-Patrone 0,8 Ohm 750mAh Batterie 16W Mtl elektronische Zigarette mit Lanyard , Elementvape.de akzeptieren Gro\u00df-und Einzelhandel Bestellungen.","og_url":"https:\/\/www.elementvape.de\/pt\/produkt\/rincoe-jelly-box-v1-pod-vape-kit-3ml\/","og_site_name":"ElementVape.de","article_modified_time":"2024-09-12T10:32:32+00:00","og_image":[{"width":1000,"height":1000,"url":"https:\/\/ae01.alicdn.com\/kf\/S840f68b3263f4e5493636c8eb3ed08b8E\/Original-Rincoe-Jelly-box-V1-Pod-Vape-Kit-3ml-leere-V-Patrone-0-8-Ohm-750mAh.jpg","type":"image\/jpeg"}],"twitter_card":"summary_large_image","twitter_misc":{"Est. reading time":"5 minutos"},"schema":{"@context":"https:\/\/schema.org","@graph":[{"@type":"WebPage","@id":"https:\/\/www.elementvape.de\/produkt\/rincoe-jelly-box-v1-pod-vape-kit-3ml\/","url":"https:\/\/www.elementvape.de\/produkt\/rincoe-jelly-box-v1-pod-vape-kit-3ml\/","name":"Rincoe Jelly box V1 Pod Vape Kit 3ml leere V-Patrone 0,8 Ohm 750mAh Batterie 16W Mtl elektronische Zigarette mit Lanyard | ElementVape.de","isPartOf":{"@id":"https:\/\/www.elementvape.de\/#website"},"primaryImageOfPage":{"@id":"https:\/\/www.elementvape.de\/produkt\/rincoe-jelly-box-v1-pod-vape-kit-3ml\/#primaryimage"},"image":{"@id":"https:\/\/www.elementvape.de\/produkt\/rincoe-jelly-box-v1-pod-vape-kit-3ml\/#primaryimage"},"thumbnailUrl":"https:\/\/ae01.alicdn.com\/kf\/S840f68b3263f4e5493636c8eb3ed08b8E\/Original-Rincoe-Jelly-box-V1-Pod-Vape-Kit-3ml-leere-V-Patrone-0-8-Ohm-750mAh.jpg","datePublished":"2024-04-20T06:44:39+00:00","dateModified":"2024-09-12T10:32:32+00:00","description":"Wir bieten Rincoe Jelly box V1 Pod Vape Kit 3ml leere V-Patrone 0,8 Ohm 750mAh Batterie 16W Mtl elektronische Zigarette mit Lanyard , Elementvape.de akzeptieren Gro\u00df-und Einzelhandel Bestellungen.","breadcrumb":{"@id":"https:\/\/www.elementvape.de\/produkt\/rincoe-jelly-box-v1-pod-vape-kit-3ml\/#breadcrumb"},"inLanguage":"pt-PT","potentialAction":[{"@type":"ReadAction","target":["https:\/\/www.elementvape.de\/produkt\/rincoe-jelly-box-v1-pod-vape-kit-3ml\/"]}]},{"@type":"ImageObject","inLanguage":"pt-PT","@id":"https:\/\/www.elementvape.de\/produkt\/rincoe-jelly-box-v1-pod-vape-kit-3ml\/#primaryimage","url":"https:\/\/ae01.alicdn.com\/kf\/S840f68b3263f4e5493636c8eb3ed08b8E\/Original-Rincoe-Jelly-box-V1-Pod-Vape-Kit-3ml-leere-V-Patrone-0-8-Ohm-750mAh.jpg","contentUrl":"https:\/\/ae01.alicdn.com\/kf\/S840f68b3263f4e5493636c8eb3ed08b8E\/Original-Rincoe-Jelly-box-V1-Pod-Vape-Kit-3ml-leere-V-Patrone-0-8-Ohm-750mAh.jpg","width":1000,"height":1000},{"@type":"BreadcrumbList","@id":"https:\/\/www.elementvape.de\/produkt\/rincoe-jelly-box-v1-pod-vape-kit-3ml\/#breadcrumb","itemListElement":[{"@type":"ListItem","position":1,"name":"Home","item":"https:\/\/www.elementvape.de\/"},{"@type":"ListItem","position":2,"name":"Shop","item":"https:\/\/www.elementvape.de\/shop\/"},{"@type":"ListItem","position":3,"name":"Rincoe Jelly box V1 Pod Vape Kit 3ml leere V-Patrone 0,8 Ohm 750mAh Batterie 16W Mtl elektronische Zigarette mit Lanyard"}]},{"@type":"WebSite","@id":"https:\/\/www.elementvape.de\/#website","url":"https:\/\/www.elementvape.de\/","name":"ElementVape.de","description":"","publisher":{"@id":"https:\/\/www.elementvape.de\/#organization"},"potentialAction":[{"@type":"SearchAction","target":{"@type":"EntryPoint","urlTemplate":"https:\/\/www.elementvape.de\/?s={search_term_string}"},"query-input":"required name=search_term_string"}],"inLanguage":"pt-PT"},{"@type":"Organization","@id":"https:\/\/www.elementvape.de\/#organization","name":"ElementVape.DE","url":"https:\/\/www.elementvape.de\/","logo":{"@type":"ImageObject","inLanguage":"pt-PT","@id":"https:\/\/www.elementvape.de\/#\/schema\/logo\/image\/","url":"https:\/\/www.elementvape.de\/wp-content\/uploads\/2024\/09\/cropped-1elementvape-3.png","contentUrl":"https:\/\/www.elementvape.de\/wp-content\/uploads\/2024\/09\/cropped-1elementvape-3.png","width":285,"height":228,"caption":"ElementVape.DE"},"image":{"@id":"https:\/\/www.elementvape.de\/#\/schema\/logo\/image\/"}}]}},"_links":{"self":[{"href":"https:\/\/www.elementvape.de\/pt\/wp-json\/wp\/v2\/product\/8625"}],"collection":[{"href":"https:\/\/www.elementvape.de\/pt\/wp-json\/wp\/v2\/product"}],"about":[{"href":"https:\/\/www.elementvape.de\/pt\/wp-json\/wp\/v2\/types\/product"}],"wp:featuredmedia":[{"embeddable":true,"href":"https:\/\/www.elementvape.de\/pt\/wp-json\/wp\/v2\/media\/8626"}],"wp:attachment":[{"href":"https:\/\/www.elementvape.de\/pt\/wp-json\/wp\/v2\/media?parent=8625"}],"wp:term":[{"taxonomy":"product_cat","embeddable":true,"href":"https:\/\/www.elementvape.de\/pt\/wp-json\/wp\/v2\/product_cat?post=8625"},{"taxonomy":"product_tag","embeddable":true,"href":"https:\/\/www.elementvape.de\/pt\/wp-json\/wp\/v2\/product_tag?post=8625"}],"curies":[{"name":"wp","href":"https:\/\/api.w.org\/{rel}","templated":true}]}}