{"id":8564,"date":"2024-04-20T06:41:15","date_gmt":"2024-04-20T06:41:15","guid":{"rendered":"https:\/\/www.elementvape.de\/?post_type=product&#038;p=8564"},"modified":"2024-12-12T06:36:52","modified_gmt":"2024-12-12T06:36:52","slug":"dampfs-turm-v-pm-pod-48-ml","status":"publish","type":"product","link":"https:\/\/www.elementvape.de\/pt\/produkt\/dampfs-turm-v-pm-pod-48-ml\/","title":{"rendered":"Vape Vort V-PM Pod 4,8 ml cartucho Doppels pule 0,3-1,5 Ohm sistema aberto Vape cigarro eletr\u00f4nico Vaporizador vs Vinci x"},"content":{"rendered":"<h2>Vape Vort V-PM Pod 4,8 ml cartucho Doppels pule 0,3-1,5 Ohm sistema aberto Vape cigarro eletr\u00f4nico Vaporizador vs Vinci x<\/h2>\n<div class=\"product-specs-list-container\">\n<ul class=\"product-specs-list util-clearfix\">\n<li class=\"product-prop line-limit-length\"><span class=\"property-title\">Apar\u00eancia:\u00a0<\/span><span class=\"property-desc line-limit-length\">Forma cil\u00edndrica<\/span><\/li>\n<li class=\"product-prop line-limit-length\"><span class=\"property-title\">Bateria Compat\u00edvel:\u00a0<\/span><span class=\"property-desc line-limit-length\">18650<\/span><\/li>\n<li class=\"product-prop line-limit-length\"><span class=\"property-title\">Fun\u00e7\u00e3o de Monitoriza\u00e7\u00e3o do N\u00famero de Fuma\u00e7as:\u00a0<\/span><span class=\"property-desc line-limit-length\">Ja<\/span><\/li>\n<li class=\"product-prop line-limit-length\"><span class=\"property-title\">Estojo de Silicone:\u00a0<\/span><span class=\"property-desc line-limit-length\">N\u00e3o<\/span><\/li>\n<li class=\"product-prop line-limit-length\"><span class=\"property-title\">Regula\u00e7\u00e3o de Temperatura:\u00a0<\/span><span class=\"property-desc line-limit-length\">N\u00e3o<\/span><\/li>\n<li class=\"product-prop line-limit-length\"><span class=\"property-title\">Bateria Embutida ou Externa:\u00a0<\/span><span class=\"property-desc line-limit-length\">Externo<\/span><\/li>\n<li class=\"product-prop line-limit-length\"><span class=\"property-title\">Fun\u00e7\u00e3o de Prote\u00e7\u00e3o contra Curto-Circuito:\u00a0<\/span><span class=\"property-desc line-limit-length\">Ja<\/span><\/li>\n<li class=\"product-prop line-limit-length\"><span class=\"property-title\">Fun\u00e7\u00e3o de Prote\u00e7\u00e3o contra Sobreaquecimento:\u00a0<\/span><span class=\"property-desc line-limit-length\">Ja<\/span><\/li>\n<li class=\"product-prop line-limit-length\"><span class=\"property-title\">Fun\u00e7\u00e3o de alarme de baixa tens\u00e3o:\u00a0<\/span><span class=\"property-desc line-limit-length\">Ja<\/span><\/li>\n<li class=\"product-prop line-limit-length\"><span class=\"property-title\">Fun\u00e7\u00e3o de identifica\u00e7\u00e3o do vaporizador:\u00a0<\/span><span class=\"property-desc line-limit-length\">Ja<\/span><\/li>\n<li class=\"product-prop line-limit-length\"><span class=\"property-title\">Modos de configura\u00e7\u00e3o TCR:\u00a0<\/span><span class=\"property-desc line-limit-length\">N\u00e3o<\/span><\/li>\n<li class=\"product-prop line-limit-length\"><span class=\"property-title\">Capacidade nominal:\u00a0<\/span><span class=\"property-desc line-limit-length\">Nenhum<\/span><\/li>\n<li class=\"product-prop line-limit-length\"><span class=\"property-title\">Bateria compat\u00edvel: 18350\u00a0<\/span><span class=\"property-desc line-limit-length\">Pl\u00e1stico<\/span><\/li>\n<li class=\"product-prop line-limit-length\"><span class=\"property-title\">Modelo compat\u00edvel:\u00a0<\/span><span class=\"property-desc line-limit-length\">Vape Pod Mod<\/span><\/li>\n<li class=\"product-prop line-limit-length\"><span class=\"property-title\">N\u00famero do modelo:\u00a0<\/span><span class=\"property-desc line-limit-length\">Pod mod PM<\/span><\/li>\n<li class=\"product-prop line-limit-length\"><span class=\"property-title\">Carregador USB:\u00a0<\/span><span class=\"property-desc line-limit-length\">Ja<\/span><\/li>\n<li class=\"product-prop line-limit-length\"><span class=\"property-title\">Atualiza\u00e7\u00e3o de firmware:\u00a0<\/span><span class=\"property-desc line-limit-length\">N\u00e3o<\/span><\/li>\n<li class=\"product-prop line-limit-length\"><span class=\"property-title\">Fun\u00e7\u00e3o de monitoriza\u00e7\u00e3o do n\u00famero de fumos: N\u00e3o\u00a0<\/span><span class=\"property-desc line-limit-length\">Ja<\/span><\/li>\n<li class=\"product-prop line-limit-length\"><span class=\"property-title\">Tipo:\u00a0<\/span><span class=\"property-desc line-limit-length\">Sem Bateria<\/span><\/li>\n<li class=\"product-prop line-limit-length\"><span class=\"property-title\">Nome da marca:\u00a0<\/span><span class=\"property-desc line-limit-length\">vapor storm<\/span><\/li>\n<li class=\"product-prop line-limit-length\"><span class=\"property-title\">Origem:\u00a0<\/span><span class=\"property-desc line-limit-length\">CN (Origem)<\/span><\/li>\n<li class=\"product-prop line-limit-length\"><span class=\"property-title\">Fun\u00e7\u00e3o de Rel\u00f3gio:\u00a0<\/span><span class=\"property-desc line-limit-length\">fogo e bot\u00e3o<\/span><\/li>\n<li class=\"product-prop line-limit-length\"><span class=\"property-title\">N\u00e9voa Limpa:\u00a0<\/span><span class=\"property-desc line-limit-length\">fogo e \u2013 bot\u00e3o<\/span><\/li>\n<li class=\"product-prop line-limit-length\"><span class=\"property-title\">Pot\u00eancia vari\u00e1vel:\u00a0<\/span><span class=\"property-desc line-limit-length\">5w-40w<\/span><\/li>\n<li class=\"product-prop line-limit-length\"><span class=\"property-title\">Tempo de vapor cont\u00ednuo:\u00a0<\/span><span class=\"property-desc line-limit-length\">10 segundos<\/span><\/li>\n<li class=\"product-prop line-limit-length\"><span class=\"property-title\">Tempo de suspens\u00e3o do visor:\u00a0<\/span><span class=\"property-desc line-limit-length\">15 segundos<\/span><\/li>\n<li class=\"product-prop line-limit-length\"><span class=\"property-title\">Tamanho:\u00a0<\/span><span class=\"property-desc line-limit-length\">119*33*28mm<\/span><\/li>\n<li class=\"product-prop line-limit-length\"><span class=\"property-title\">Resist\u00eancia da Bobina:\u00a0<\/span><span class=\"property-desc line-limit-length\">Bobina dupla, uma \u00e9 0.3ohm, a outra \u00e9 0.6ohm<\/span><\/li>\n<li class=\"product-prop line-limit-length\"><span class=\"property-title\">Adequado:\u00a0<\/span><span class=\"property-desc line-limit-length\">Sistema de Vape Pod Mod<\/span><\/li>\n<\/ul>\n<\/div>\n<div class=\"detailmodule_html\">\n<div class=\"detail-desc-decorate-richtext\">\n<div class=\"detailmodule_image\"><\/div>\n<div class=\"detailmodule_image\"><\/div>\n<div class=\"detailmodule_text\">\n<p id=\"tl_1\" class=\"detail-desc-decorate-content\" style=\"font-family: OpenSans; font-size: 14px; font-weight: 300; line-height: 20px; margin-bottom: 12px;\">Novo sistema de vapor V-Pod com torre de vapor pm, cartucho de 4,8 ml, doble puxada, 0,3-1,5 Ohm, sem bateria, sistema de vape de cigarro eletr\u00f4nico vs Vinci x<\/p>\n<\/div>\n<div class=\"detailmodule_text\">\n<p id=\"tl_2\" class=\"detail-desc-decorate-title\" style=\"font-family: OpenSans; font-size: 20px; font-weight: 900; line-height: 28px; margin-bottom: 12px;\">Argumento de venda<\/p>\n<p id=\"tl_3\" class=\"detail-desc-decorate-content\" style=\"font-family: OpenSans; font-size: 14px; font-weight: 300; line-height: 20px; margin-bottom: 12px;\">1. bateria individual externa. Pot\u00eancia ajust\u00e1vel de 5w-40w<br \/>\n2. Doble puxada: uma de 0,3 Ohm, outra de 0,6 Ohm<br \/>\n3. Material seguro para alimentos ABS e PCTG, padr\u00e3o para cartucho de pod<\/p>\n<\/div>\n<div class=\"detailmodule_text\">\n<p id=\"tl_4\" class=\"detail-desc-decorate-title\" style=\"font-family: OpenSans; font-size: 20px; font-weight: 900; line-height: 28px; margin-bottom: 12px;\">Pacote:<\/p>\n<p id=\"tl_5\" class=\"detail-desc-decorate-content\" style=\"font-family: OpenSans; font-size: 14px; font-weight: 300; line-height: 20px; margin-bottom: 12px;\">1 x cartucho pm (sem bateria)<br \/>\n1 x cabo USB<br \/>\n1 x manual<br \/>\n2 x resist\u00eancia<\/p>\n<\/div>\n<div class=\"detailmodule_text-image\">\n<p id=\"tl_6\" class=\"detail-desc-decorate-title\" style=\"font-family: OpenSans; font-size: 20px; font-weight: 900; line-height: 28px; margin-bottom: 12px;\">Produtos exibidos:<\/p>\n<div><img decoding=\"async\" loading=\"lazy\" class=\"detail-desc-decorate-image\" src=\"https:\/\/ae01.alicdn.com\/kf\/He07d883df88c43d3b5682db4de209720o.jpg\" \/><br \/>\n<img decoding=\"async\" loading=\"lazy\" class=\"detail-desc-decorate-image\" src=\"https:\/\/ae01.alicdn.com\/kf\/H462ca6dd05444fa49be4fa59e9edff1cu.jpg\" \/><br \/>\n<img decoding=\"async\" loading=\"lazy\" class=\"detail-desc-decorate-image\" src=\"https:\/\/ae01.alicdn.com\/kf\/H4d5c6e44204b4c85aebe726c96784b73o.jpg\" \/><\/div>\n<\/div>\n<div class=\"detailmodule_text-image\"><img decoding=\"async\" loading=\"lazy\" class=\"detail-desc-decorate-image\" src=\"https:\/\/ae01.alicdn.com\/kf\/Hbcf1bbbdfa3341e3baf83bcffe3e072a3.jpg\" \/><br \/>\n<img decoding=\"async\" loading=\"lazy\" class=\"detail-desc-decorate-image\" src=\"https:\/\/ae01.alicdn.com\/kf\/He90d25ecbfdd401ca39be1668f29a417W.jpg\" \/><br \/>\n<img decoding=\"async\" loading=\"lazy\" class=\"detail-desc-decorate-image\" src=\"https:\/\/ae01.alicdn.com\/kf\/Hcec35d4f85a74f8d84e9e0557713f6bcc.jpg\" \/><br \/>\n<img decoding=\"async\" loading=\"lazy\" class=\"detail-desc-decorate-image\" src=\"https:\/\/ae01.alicdn.com\/kf\/Hfc9120d71f904938be09a03355d985cf6.jpg\" \/><br \/>\n<img decoding=\"async\" loading=\"lazy\" class=\"detail-desc-decorate-image\" src=\"https:\/\/ae01.alicdn.com\/kf\/H5d4796411243444da761dd723bd9cf00N.jpg\" \/><br \/>\n<img decoding=\"async\" loading=\"lazy\" class=\"detail-desc-decorate-image\" src=\"https:\/\/ae01.alicdn.com\/kf\/H6e71f6b168594facae219cee2ebb80fbl.jpg\" \/><br \/>\n<img decoding=\"async\" loading=\"lazy\" class=\"detail-desc-decorate-image\" src=\"https:\/\/ae01.alicdn.com\/kf\/H7426a801dcf7440ab0bb22c16b601993J.jpg\" \/><br \/>\n<img decoding=\"async\" loading=\"lazy\" class=\"detail-desc-decorate-image\" src=\"https:\/\/ae01.alicdn.com\/kf\/H577641219cfd4ce29d80a2325795202aD.jpg\" \/><br \/>\n<img decoding=\"async\" loading=\"lazy\" class=\"detail-desc-decorate-image\" src=\"https:\/\/ae01.alicdn.com\/kf\/H287cc93cf462471e882be4d7eb5c48956.jpg\" \/><\/div>\n<p>&nbsp;<\/p>\n<\/div>\n<\/div>","protected":false},"excerpt":{"rendered":"<p>Dampfs turm V-PM Pod 4,8 ml Patrone Doppels pule 0, 3-1, 5 Ohm offenes System Vape elektronische Zigarette Vapor izer vs Vinci x Aussehen:\u00a0Zylindrische Form Kompatibler Akku:\u00a018650 \u00dcberwachung Funktion Von Rauchen Anzahl:\u00a0Ja Silikon Fall:\u00a0Nein Temperaturregelung:\u00a0Nein Eingebaute Oder Externe Batterie:\u00a0External Kurzschlussschutz Funktion:\u00a0Ja \u00dcberhitzungsschutz-funktion:\u00a0Ja Niederspannungsalarmfunktion:\u00a0Ja Zerst\u00e4uber Identifikation Funktion:\u00a0Ja TCR Einstellung Modi:\u00a0Nein Nominale Kapazit\u00e4t:\u00a0Kein Material:\u00a0Plastik Compatible Model:\u00a0Pod Mod [&hellip;]<\/p>","protected":false},"featured_media":8565,"template":"","meta":{"inline_featured_image":false},"product_cat":[15,750,737,736,749,76,81],"product_tag":[],"tiered_pricing_type":"fixed","tiered_pricing_fixed_rules":[],"tiered_pricing_percentage_rules":[],"tiered_pricing_minimum":1,"_administrator_tiered_pricing_type":"fixed","_administrator_tiered_pricing_fixed_rules":[],"_editor_tiered_pricing_type":"fixed","_editor_tiered_pricing_fixed_rules":[],"_author_tiered_pricing_type":"fixed","_author_tiered_pricing_fixed_rules":[],"_contributor_tiered_pricing_type":"fixed","_contributor_tiered_pricing_fixed_rules":[],"_subscriber_tiered_pricing_type":"fixed","_subscriber_tiered_pricing_fixed_rules":[],"_customer_tiered_pricing_type":"fixed","_customer_tiered_pricing_fixed_rules":[],"_shop_manager_tiered_pricing_type":"fixed","_shop_manager_tiered_pricing_fixed_rules":[],"_wpseo_manager_tiered_pricing_type":"fixed","_wpseo_manager_tiered_pricing_fixed_rules":[],"_wpseo_editor_tiered_pricing_type":"fixed","_wpseo_editor_tiered_pricing_fixed_rules":[],"_wholesale_customer_tiered_pricing_type":"fixed","_wholesale_customer_tiered_pricing_fixed_rules":[],"_marketer_tiered_pricing_type":"fixed","_marketer_tiered_pricing_fixed_rules":[],"_sales_manager_tiered_pricing_type":"fixed","_sales_manager_tiered_pricing_fixed_rules":[],"_sales_rep_tiered_pricing_type":"fixed","_sales_rep_tiered_pricing_fixed_rules":[],"yoast_head":"<!-- This site is optimized with the Yoast SEO plugin v23.3 - https:\/\/yoast.com\/wordpress\/plugins\/seo\/ -->\n<title>Dampfs turm V-PM Pod 4,8 ml Patrone Doppels pule 0, 3-1, 5 Ohm offenes System Vape elektronische Zigarette Vapor izer vs Vinci x | ElementVape.de<\/title>\n<meta name=\"description\" content=\"Wir bieten Dampfs turm V-PM Pod 4,8 ml Patrone Doppels pule 0, 3-1, 5 Ohm offenes System Vape elektronische Zigarette Vapor izer vs Vinci x , Elementvape.de akzeptieren Gro\u00df-und Einzelhandel Bestellungen.\" \/>\n<meta name=\"robots\" content=\"index, follow, max-snippet:-1, max-image-preview:large, max-video-preview:-1\" \/>\n<link rel=\"canonical\" href=\"https:\/\/www.elementvape.de\/pt\/produkt\/dampfs-turm-v-pm-pod-48-ml\/\" \/>\n<meta property=\"og:locale\" content=\"pt_PT\" \/>\n<meta property=\"og:type\" content=\"article\" \/>\n<meta property=\"og:title\" content=\"Dampfs turm V-PM Pod 4,8 ml Patrone Doppels pule 0, 3-1, 5 Ohm offenes System Vape elektronische Zigarette Vapor izer vs Vinci x | ElementVape.de\" \/>\n<meta property=\"og:description\" content=\"Wir bieten Dampfs turm V-PM Pod 4,8 ml Patrone Doppels pule 0, 3-1, 5 Ohm offenes System Vape elektronische Zigarette Vapor izer vs Vinci x , Elementvape.de akzeptieren Gro\u00df-und Einzelhandel Bestellungen.\" \/>\n<meta property=\"og:url\" content=\"https:\/\/www.elementvape.de\/pt\/produkt\/dampfs-turm-v-pm-pod-48-ml\/\" \/>\n<meta property=\"og:site_name\" content=\"ElementVape.de\" \/>\n<meta property=\"article:modified_time\" content=\"2024-12-12T06:36:52+00:00\" \/>\n<meta property=\"og:image\" content=\"https:\/\/ae01.alicdn.com\/kf\/H76c573492a3b4740ba4dc7ad522b7531y\/Dampfs-turm-V-PM-Pod-4-8-ml-Patrone-Doppels-pule-0-3-1-5-Ohm.jpg\" \/>\n\t<meta property=\"og:image:width\" content=\"1000\" \/>\n\t<meta property=\"og:image:height\" content=\"1000\" \/>\n\t<meta property=\"og:image:type\" content=\"image\/jpeg\" \/>\n<meta name=\"twitter:card\" content=\"summary_large_image\" \/>\n<meta name=\"twitter:label1\" content=\"Est. reading time\" \/>\n\t<meta name=\"twitter:data1\" content=\"4 minutos\" \/>\n<script type=\"application\/ld+json\" class=\"yoast-schema-graph\">{\"@context\":\"https:\/\/schema.org\",\"@graph\":[{\"@type\":\"WebPage\",\"@id\":\"https:\/\/www.elementvape.de\/produkt\/dampfs-turm-v-pm-pod-48-ml\/\",\"url\":\"https:\/\/www.elementvape.de\/produkt\/dampfs-turm-v-pm-pod-48-ml\/\",\"name\":\"Dampfs turm V-PM Pod 4,8 ml Patrone Doppels pule 0, 3-1, 5 Ohm offenes System Vape elektronische Zigarette Vapor izer vs Vinci x | ElementVape.de\",\"isPartOf\":{\"@id\":\"https:\/\/www.elementvape.de\/#website\"},\"primaryImageOfPage\":{\"@id\":\"https:\/\/www.elementvape.de\/produkt\/dampfs-turm-v-pm-pod-48-ml\/#primaryimage\"},\"image\":{\"@id\":\"https:\/\/www.elementvape.de\/produkt\/dampfs-turm-v-pm-pod-48-ml\/#primaryimage\"},\"thumbnailUrl\":\"https:\/\/ae01.alicdn.com\/kf\/H76c573492a3b4740ba4dc7ad522b7531y\/Dampfs-turm-V-PM-Pod-4-8-ml-Patrone-Doppels-pule-0-3-1-5-Ohm.jpg\",\"datePublished\":\"2024-04-20T06:41:15+00:00\",\"dateModified\":\"2024-12-12T06:36:52+00:00\",\"description\":\"Wir bieten Dampfs turm V-PM Pod 4,8 ml Patrone Doppels pule 0, 3-1, 5 Ohm offenes System Vape elektronische Zigarette Vapor izer vs Vinci x , Elementvape.de akzeptieren Gro\u00df-und Einzelhandel Bestellungen.\",\"breadcrumb\":{\"@id\":\"https:\/\/www.elementvape.de\/produkt\/dampfs-turm-v-pm-pod-48-ml\/#breadcrumb\"},\"inLanguage\":\"pt-PT\",\"potentialAction\":[{\"@type\":\"ReadAction\",\"target\":[\"https:\/\/www.elementvape.de\/produkt\/dampfs-turm-v-pm-pod-48-ml\/\"]}]},{\"@type\":\"ImageObject\",\"inLanguage\":\"pt-PT\",\"@id\":\"https:\/\/www.elementvape.de\/produkt\/dampfs-turm-v-pm-pod-48-ml\/#primaryimage\",\"url\":\"https:\/\/ae01.alicdn.com\/kf\/H76c573492a3b4740ba4dc7ad522b7531y\/Dampfs-turm-V-PM-Pod-4-8-ml-Patrone-Doppels-pule-0-3-1-5-Ohm.jpg\",\"contentUrl\":\"https:\/\/ae01.alicdn.com\/kf\/H76c573492a3b4740ba4dc7ad522b7531y\/Dampfs-turm-V-PM-Pod-4-8-ml-Patrone-Doppels-pule-0-3-1-5-Ohm.jpg\",\"width\":1000,\"height\":1000},{\"@type\":\"BreadcrumbList\",\"@id\":\"https:\/\/www.elementvape.de\/produkt\/dampfs-turm-v-pm-pod-48-ml\/#breadcrumb\",\"itemListElement\":[{\"@type\":\"ListItem\",\"position\":1,\"name\":\"Home\",\"item\":\"https:\/\/www.elementvape.de\/\"},{\"@type\":\"ListItem\",\"position\":2,\"name\":\"Shop\",\"item\":\"https:\/\/www.elementvape.de\/shop\/\"},{\"@type\":\"ListItem\",\"position\":3,\"name\":\"Dampfs turm V-PM Pod 4,8 ml Patrone Doppels pule 0, 3-1, 5 Ohm offenes System Vape elektronische Zigarette Vapor izer vs Vinci x\"}]},{\"@type\":\"WebSite\",\"@id\":\"https:\/\/www.elementvape.de\/#website\",\"url\":\"https:\/\/www.elementvape.de\/\",\"name\":\"ElementVape.de\",\"description\":\"\",\"publisher\":{\"@id\":\"https:\/\/www.elementvape.de\/#organization\"},\"potentialAction\":[{\"@type\":\"SearchAction\",\"target\":{\"@type\":\"EntryPoint\",\"urlTemplate\":\"https:\/\/www.elementvape.de\/?s={search_term_string}\"},\"query-input\":\"required name=search_term_string\"}],\"inLanguage\":\"pt-PT\"},{\"@type\":\"Organization\",\"@id\":\"https:\/\/www.elementvape.de\/#organization\",\"name\":\"ElementVape.DE\",\"url\":\"https:\/\/www.elementvape.de\/\",\"logo\":{\"@type\":\"ImageObject\",\"inLanguage\":\"pt-PT\",\"@id\":\"https:\/\/www.elementvape.de\/#\/schema\/logo\/image\/\",\"url\":\"https:\/\/www.elementvape.de\/wp-content\/uploads\/2024\/09\/cropped-1elementvape-3.png\",\"contentUrl\":\"https:\/\/www.elementvape.de\/wp-content\/uploads\/2024\/09\/cropped-1elementvape-3.png\",\"width\":285,\"height\":228,\"caption\":\"ElementVape.DE\"},\"image\":{\"@id\":\"https:\/\/www.elementvape.de\/#\/schema\/logo\/image\/\"}}]}<\/script>\n<!-- \/ Yoast SEO plugin. -->","yoast_head_json":{"title":"Dampfs turm V-PM Pod 4,8 ml Patrone Doppels pule 0, 3-1, 5 Ohm offenes System Vape elektronische Zigarette Vapor izer vs Vinci x | ElementVape.de","description":"Wir bieten Dampfs turm V-PM Pod 4,8 ml Patrone Doppels pule 0, 3-1, 5 Ohm offenes System Vape elektronische Zigarette Vapor izer vs Vinci x , Elementvape.de akzeptieren Gro\u00df-und Einzelhandel Bestellungen.","robots":{"index":"index","follow":"follow","max-snippet":"max-snippet:-1","max-image-preview":"max-image-preview:large","max-video-preview":"max-video-preview:-1"},"canonical":"https:\/\/www.elementvape.de\/pt\/produkt\/dampfs-turm-v-pm-pod-48-ml\/","og_locale":"pt_PT","og_type":"article","og_title":"Dampfs turm V-PM Pod 4,8 ml Patrone Doppels pule 0, 3-1, 5 Ohm offenes System Vape elektronische Zigarette Vapor izer vs Vinci x | ElementVape.de","og_description":"Wir bieten Dampfs turm V-PM Pod 4,8 ml Patrone Doppels pule 0, 3-1, 5 Ohm offenes System Vape elektronische Zigarette Vapor izer vs Vinci x , Elementvape.de akzeptieren Gro\u00df-und Einzelhandel Bestellungen.","og_url":"https:\/\/www.elementvape.de\/pt\/produkt\/dampfs-turm-v-pm-pod-48-ml\/","og_site_name":"ElementVape.de","article_modified_time":"2024-12-12T06:36:52+00:00","og_image":[{"width":1000,"height":1000,"url":"https:\/\/ae01.alicdn.com\/kf\/H76c573492a3b4740ba4dc7ad522b7531y\/Dampfs-turm-V-PM-Pod-4-8-ml-Patrone-Doppels-pule-0-3-1-5-Ohm.jpg","type":"image\/jpeg"}],"twitter_card":"summary_large_image","twitter_misc":{"Est. reading time":"4 minutos"},"schema":{"@context":"https:\/\/schema.org","@graph":[{"@type":"WebPage","@id":"https:\/\/www.elementvape.de\/produkt\/dampfs-turm-v-pm-pod-48-ml\/","url":"https:\/\/www.elementvape.de\/produkt\/dampfs-turm-v-pm-pod-48-ml\/","name":"Dampfs turm V-PM Pod 4,8 ml Patrone Doppels pule 0, 3-1, 5 Ohm offenes System Vape elektronische Zigarette Vapor izer vs Vinci x | ElementVape.de","isPartOf":{"@id":"https:\/\/www.elementvape.de\/#website"},"primaryImageOfPage":{"@id":"https:\/\/www.elementvape.de\/produkt\/dampfs-turm-v-pm-pod-48-ml\/#primaryimage"},"image":{"@id":"https:\/\/www.elementvape.de\/produkt\/dampfs-turm-v-pm-pod-48-ml\/#primaryimage"},"thumbnailUrl":"https:\/\/ae01.alicdn.com\/kf\/H76c573492a3b4740ba4dc7ad522b7531y\/Dampfs-turm-V-PM-Pod-4-8-ml-Patrone-Doppels-pule-0-3-1-5-Ohm.jpg","datePublished":"2024-04-20T06:41:15+00:00","dateModified":"2024-12-12T06:36:52+00:00","description":"Wir bieten Dampfs turm V-PM Pod 4,8 ml Patrone Doppels pule 0, 3-1, 5 Ohm offenes System Vape elektronische Zigarette Vapor izer vs Vinci x , Elementvape.de akzeptieren Gro\u00df-und Einzelhandel Bestellungen.","breadcrumb":{"@id":"https:\/\/www.elementvape.de\/produkt\/dampfs-turm-v-pm-pod-48-ml\/#breadcrumb"},"inLanguage":"pt-PT","potentialAction":[{"@type":"ReadAction","target":["https:\/\/www.elementvape.de\/produkt\/dampfs-turm-v-pm-pod-48-ml\/"]}]},{"@type":"ImageObject","inLanguage":"pt-PT","@id":"https:\/\/www.elementvape.de\/produkt\/dampfs-turm-v-pm-pod-48-ml\/#primaryimage","url":"https:\/\/ae01.alicdn.com\/kf\/H76c573492a3b4740ba4dc7ad522b7531y\/Dampfs-turm-V-PM-Pod-4-8-ml-Patrone-Doppels-pule-0-3-1-5-Ohm.jpg","contentUrl":"https:\/\/ae01.alicdn.com\/kf\/H76c573492a3b4740ba4dc7ad522b7531y\/Dampfs-turm-V-PM-Pod-4-8-ml-Patrone-Doppels-pule-0-3-1-5-Ohm.jpg","width":1000,"height":1000},{"@type":"BreadcrumbList","@id":"https:\/\/www.elementvape.de\/produkt\/dampfs-turm-v-pm-pod-48-ml\/#breadcrumb","itemListElement":[{"@type":"ListItem","position":1,"name":"Home","item":"https:\/\/www.elementvape.de\/"},{"@type":"ListItem","position":2,"name":"Shop","item":"https:\/\/www.elementvape.de\/shop\/"},{"@type":"ListItem","position":3,"name":"Dampfs turm V-PM Pod 4,8 ml Patrone Doppels pule 0, 3-1, 5 Ohm offenes System Vape elektronische Zigarette Vapor izer vs Vinci x"}]},{"@type":"WebSite","@id":"https:\/\/www.elementvape.de\/#website","url":"https:\/\/www.elementvape.de\/","name":"ElementVape.de","description":"","publisher":{"@id":"https:\/\/www.elementvape.de\/#organization"},"potentialAction":[{"@type":"SearchAction","target":{"@type":"EntryPoint","urlTemplate":"https:\/\/www.elementvape.de\/?s={search_term_string}"},"query-input":"required name=search_term_string"}],"inLanguage":"pt-PT"},{"@type":"Organization","@id":"https:\/\/www.elementvape.de\/#organization","name":"ElementVape.DE","url":"https:\/\/www.elementvape.de\/","logo":{"@type":"ImageObject","inLanguage":"pt-PT","@id":"https:\/\/www.elementvape.de\/#\/schema\/logo\/image\/","url":"https:\/\/www.elementvape.de\/wp-content\/uploads\/2024\/09\/cropped-1elementvape-3.png","contentUrl":"https:\/\/www.elementvape.de\/wp-content\/uploads\/2024\/09\/cropped-1elementvape-3.png","width":285,"height":228,"caption":"ElementVape.DE"},"image":{"@id":"https:\/\/www.elementvape.de\/#\/schema\/logo\/image\/"}}]}},"_links":{"self":[{"href":"https:\/\/www.elementvape.de\/pt\/wp-json\/wp\/v2\/product\/8564"}],"collection":[{"href":"https:\/\/www.elementvape.de\/pt\/wp-json\/wp\/v2\/product"}],"about":[{"href":"https:\/\/www.elementvape.de\/pt\/wp-json\/wp\/v2\/types\/product"}],"wp:featuredmedia":[{"embeddable":true,"href":"https:\/\/www.elementvape.de\/pt\/wp-json\/wp\/v2\/media\/8565"}],"wp:attachment":[{"href":"https:\/\/www.elementvape.de\/pt\/wp-json\/wp\/v2\/media?parent=8564"}],"wp:term":[{"taxonomy":"product_cat","embeddable":true,"href":"https:\/\/www.elementvape.de\/pt\/wp-json\/wp\/v2\/product_cat?post=8564"},{"taxonomy":"product_tag","embeddable":true,"href":"https:\/\/www.elementvape.de\/pt\/wp-json\/wp\/v2\/product_tag?post=8564"}],"curies":[{"name":"wp","href":"https:\/\/api.w.org\/{rel}","templated":true}]}}