{"id":8163,"date":"2024-04-20T07:50:52","date_gmt":"2024-04-20T07:50:52","guid":{"rendered":"https:\/\/www.elementvape.de\/?post_type=product&#038;p=8163"},"modified":"2024-09-12T10:32:04","modified_gmt":"2024-09-12T10:32:04","slug":"coolvape-ultraduennes-mechanisches-modul-18650-batterie-vape","status":"publish","type":"product","link":"https:\/\/www.elementvape.de\/pt\/produkt\/coolvape-ultraduennes-mechanisches-modul-18650-batterie-vape\/","title":{"rendered":"Coolvape m\u00f3dulo mec\u00e2nico ultrafino com bateria 18650 Vape"},"content":{"rendered":"<p>&nbsp;<\/p>\n<div class=\"product-specs-list-container\">\n<ul class=\"product-specs-list util-clearfix\">\n<li class=\"product-prop line-limit-length\"><span class=\"property-title\">Fun\u00e7\u00e3o de Monitoriza\u00e7\u00e3o do N\u00famero de Fuma\u00e7as:\u00a0<\/span><span class=\"property-desc line-limit-length\">N\u00e3o<\/span><\/li>\n<li class=\"product-prop line-limit-length\"><span class=\"property-title\">Estojo de Silicone:\u00a0<\/span><span class=\"property-desc line-limit-length\">N\u00e3o<\/span><\/li>\n<li class=\"product-prop line-limit-length\"><span class=\"property-title\">Fun\u00e7\u00e3o de Prote\u00e7\u00e3o contra Curto-Circuito:\u00a0<\/span><span class=\"property-desc line-limit-length\">N\u00e3o<\/span><\/li>\n<li class=\"product-prop line-limit-length\"><span class=\"property-title\">Fun\u00e7\u00e3o de Prote\u00e7\u00e3o contra Sobreaquecimento:\u00a0<\/span><span class=\"property-desc line-limit-length\">N\u00e3o<\/span><\/li>\n<li class=\"product-prop line-limit-length\"><span class=\"property-title\">Fun\u00e7\u00e3o de alarme de baixa tens\u00e3o:\u00a0<\/span><span class=\"property-desc line-limit-length\">N\u00e3o<\/span><\/li>\n<li class=\"product-prop line-limit-length\"><span class=\"property-title\">Fun\u00e7\u00e3o de identifica\u00e7\u00e3o do vaporizador:\u00a0<\/span><span class=\"property-desc line-limit-length\">N\u00e3o<\/span><\/li>\n<li class=\"product-prop line-limit-length\"><span class=\"property-title\">Regula\u00e7\u00e3o de Temperatura:\u00a0<\/span><span class=\"property-desc line-limit-length\">N\u00e3o<\/span><\/li>\n<li class=\"product-prop line-limit-length\"><span class=\"property-title\">Modos de configura\u00e7\u00e3o TCR:\u00a0<\/span><span class=\"property-desc line-limit-length\">N\u00e3o<\/span><\/li>\n<li class=\"product-prop line-limit-length\"><span class=\"property-title\">Capacidade nominal:\u00a0<\/span><span class=\"property-desc line-limit-length\">Nenhum<\/span><\/li>\n<li class=\"product-prop line-limit-length\"><span class=\"property-title\">Bateria Compat\u00edvel:\u00a0<\/span><span class=\"property-desc line-limit-length\">18650<\/span><\/li>\n<li class=\"product-prop line-limit-length\"><span class=\"property-title\">Bateria compat\u00edvel: 18350\u00a0<\/span><span class=\"property-desc line-limit-length\">Metal<\/span><\/li>\n<li class=\"product-prop line-limit-length\"><span class=\"property-title\">Modelo compat\u00edvel:\u00a0<\/span><span class=\"property-desc line-limit-length\">Mod mec\u00e2nico de pe\u00e7a fina com carnage rda<\/span><\/li>\n<li class=\"product-prop line-limit-length\"><span class=\"property-title\">N\u00famero do modelo:\u00a0<\/span><span class=\"property-desc line-limit-length\">Mod mec\u00e2nico de pe\u00e7a fina com carnage rda<\/span><\/li>\n<li class=\"product-prop line-limit-length\"><span class=\"property-title\">Atualiza\u00e7\u00e3o de firmware:\u00a0<\/span><span class=\"property-desc line-limit-length\">N\u00e3o<\/span><\/li>\n<li class=\"product-prop line-limit-length\"><span class=\"property-title\">Carregador USB:\u00a0<\/span><span class=\"property-desc line-limit-length\">N\u00e3o<\/span><\/li>\n<li class=\"product-prop line-limit-length\"><span class=\"property-title\">Fun\u00e7\u00e3o de monitoriza\u00e7\u00e3o do n\u00famero de fumos: N\u00e3o\u00a0<\/span><span class=\"property-desc line-limit-length\">N\u00e3o<\/span><\/li>\n<li class=\"product-prop line-limit-length\"><span class=\"property-title\">Bateria Embutida ou Externa:\u00a0<\/span><span class=\"property-desc line-limit-length\">Ja<\/span><\/li>\n<li class=\"product-prop line-limit-length\"><span class=\"property-title\">Tipo:\u00a0<\/span><span class=\"property-desc line-limit-length\">Mod Mec\u00e2nico<\/span><\/li>\n<li class=\"product-prop line-limit-length\"><span class=\"property-title\">Nome da marca:\u00a0<\/span><span class=\"property-desc line-limit-length\">WOLF COOLVAPE<\/span><\/li>\n<li class=\"product-prop line-limit-length\"><span class=\"property-title\">Origem:\u00a0<\/span><span class=\"property-desc line-limit-length\">CN (Origem)<\/span><\/li>\n<li class=\"product-prop line-limit-length\"><span class=\"property-title\">material:\u00a0<\/span><span class=\"property-desc line-limit-length\">lat\u00e3o<\/span><\/li>\n<li class=\"product-prop line-limit-length\"><span class=\"property-title\">rosca:\u00a0<\/span><span class=\"property-desc line-limit-length\">rosca 510<\/span><\/li>\n<li class=\"product-prop line-limit-length\"><span class=\"property-title\">di\u00e2metro:\u00a0<\/span><span class=\"property-desc line-limit-length\">25mm<\/span><\/li>\n<li class=\"product-prop line-limit-length\"><span class=\"property-title\">cor:\u00a0<\/span><span class=\"property-desc line-limit-length\">preto, dourado, prateado<\/span><\/li>\n<\/ul>\n<\/div>\n<div class=\"detailmodule_html\">\n<div class=\"detail-desc-decorate-richtext\">\n<div class=\"detailmodule_dynamic\"><\/div>\n<div class=\"detailmodule_text-image\"><a class=\"\" href=\"https:\/\/www.aliexpress.com\/item\/4001352741719.html?spm=a2g0o.productlist.0.0.272a44deDlJWlL&amp;algo_pvid=6543054e-43b1-4c1a-9ea2-15262a433322&amp;algo_expid=6543054e-43b1-4c1a-9ea2-15262a433322-0&amp;btsid=0b86d81616026663248217463eb6ff&amp;ws_ab_test=searchweb0_0,searchweb201602_,searchweb201603_\" target=\"_self\" rel=\"noopener\"><img decoding=\"async\" loading=\"lazy\" class=\"detail-desc-decorate-image\" src=\"https:\/\/ae01.alicdn.com\/kf\/Hef62607fef64458ba375384ea17c8d24s.jpg\" \/><\/a><a class=\"\" href=\"https:\/\/www.aliexpress.com\/item\/1005001312177316.html?spm=a2g0o.productlist.0.0.448c17054DkG36&amp;algo_pvid=5e17b23e-386d-4065-8cd2-0c82776bff2a&amp;algo_expid=5e17b23e-386d-4065-8cd2-0c82776bff2a-0&amp;btsid=0b86d81915994621126772318e9751&amp;ws_ab_test=searchweb0_0,searchweb201602_,searchweb201603_\" target=\"_self\" rel=\"noopener\"><img decoding=\"async\" loading=\"lazy\" class=\"detail-desc-decorate-image\" src=\"https:\/\/ae01.alicdn.com\/kf\/H59d79e23474a4b6db0f0a5ef54e6e3a2T.jpg\" \/><\/a><a class=\"\" href=\"https:\/\/www.aliexpress.com\/item\/4001365821324.html?spm=a2g0o.productlist.0.0.160b6b23aspEDC&amp;algo_pvid=f6ffb044-7385-4a37-8d7c-f1a96deebce7&amp;algo_expid=f6ffb044-7385-4a37-8d7c-f1a96deebce7-0&amp;btsid=0bb47a1a15994732939643164ee5c9&amp;ws_ab_test=searchweb0_0,searchweb201602_,searchweb201603_\" target=\"_self\" rel=\"noopener\"><img decoding=\"async\" loading=\"lazy\" class=\"detail-desc-decorate-image\" src=\"https:\/\/ae01.alicdn.com\/kf\/H294af405488c4f399425348d4ef0ff79c.jpg\" \/><\/a><a class=\"\" href=\"https:\/\/www.aliexpress.com\/item\/1005001352352714.html?spm=a2g0o.productlist.0.0.2c3a5f00wlO1Ij&amp;algo_pvid=082440a2-a9e0-4cbd-b9ed-0de233838df2&amp;algo_expid=082440a2-a9e0-4cbd-b9ed-0de233838df2-0&amp;btsid=0bb47a1a15994733895255083ee5c9&amp;ws_ab_test=searchweb0_0,searchweb201602_,searchweb201603_\" target=\"_self\" rel=\"noopener\"><img decoding=\"async\" loading=\"lazy\" class=\"detail-desc-decorate-image\" src=\"https:\/\/ae01.alicdn.com\/kf\/H9924dd30ac8b4bf8ad624fabd584257bM.jpg\" \/><\/a><a class=\"\" href=\"https:\/\/www.aliexpress.com\/item\/4001318025907.html?spm=2114.12010610.8148356.3.722e1d0c8fx4ZP\" target=\"_self\" rel=\"noopener\"><img decoding=\"async\" loading=\"lazy\" class=\"detail-desc-decorate-image\" src=\"https:\/\/ae01.alicdn.com\/kf\/H44e857cff1e74ec997d9c7cec115c822l.jpg\" \/><\/a><a class=\"\" href=\"https:\/\/www.aliexpress.com\/item\/4001317988303.html?spm=2114.12010610.8148356.5.37891d0ccy54DK\" target=\"_self\" rel=\"noopener\"><img decoding=\"async\" loading=\"lazy\" class=\"detail-desc-decorate-image\" src=\"https:\/\/ae01.alicdn.com\/kf\/H9216c130ba9943d0ab84a766f08f71527.jpg\" \/><\/a><a class=\"\" href=\"https:\/\/www.aliexpress.com\/item\/4001321020891.html?spm=2114.12010610.8148356.13.73e01d0cs2mALW\" target=\"_self\" rel=\"noopener\"><img decoding=\"async\" loading=\"lazy\" class=\"detail-desc-decorate-image\" src=\"https:\/\/ae01.alicdn.com\/kf\/H4237082bcc674dca9295cbfcb2af7de9o.jpg\" \/><\/a><\/div>\n<div class=\"detailmodule_text-image\"><img decoding=\"async\" loading=\"lazy\" class=\"detail-desc-decorate-image\" src=\"https:\/\/ae01.alicdn.com\/kf\/Ha4e53acbd6de4dada7943c8d674545f0m.jpg\" \/><img decoding=\"async\" loading=\"lazy\" class=\"detail-desc-decorate-image\" src=\"https:\/\/ae01.alicdn.com\/kf\/H3f6dccbe16fc478a9102f321dd48a0b2X.jpg\" \/><img decoding=\"async\" loading=\"lazy\" class=\"detail-desc-decorate-image\" src=\"https:\/\/ae01.alicdn.com\/kf\/Hdea2c3c68a154019aec6f9f29a01f3f6C.jpg\" \/><img decoding=\"async\" loading=\"lazy\" class=\"detail-desc-decorate-image\" src=\"https:\/\/ae01.alicdn.com\/kf\/H998588a727484a2d83edda6430e58846p.jpg\" \/><img decoding=\"async\" loading=\"lazy\" class=\"detail-desc-decorate-image\" src=\"https:\/\/ae01.alicdn.com\/kf\/Hf45dff8ee3a04f80b468b1dc966cbcfdj.jpg\" \/><img decoding=\"async\" loading=\"lazy\" class=\"detail-desc-decorate-image\" src=\"https:\/\/ae01.alicdn.com\/kf\/Hb41ada1617dc4630a49b61701d03aada8.jpg\" \/><img decoding=\"async\" loading=\"lazy\" class=\"detail-desc-decorate-image\" src=\"https:\/\/ae01.alicdn.com\/kf\/H71f20f99e2b5424b8824837751b42514B.jpg\" \/><img decoding=\"async\" loading=\"lazy\" class=\"detail-desc-decorate-image\" src=\"https:\/\/ae01.alicdn.com\/kf\/Hc167d693f4e047ffabbad3885adecccd2.jpg\" \/><\/div>\n<div class=\"detailmodule_text-image\">\n<p class=\"detail-desc-decorate-content\" style=\"font-family: OpenSans; font-size: 14px; font-weight: 300; line-height: 20px; margin-bottom: 12px;\">Aviso:<br \/>\n1. Trabalhamos duro e de forma inteligente para atender \u00e0s suas necessidades. Mas se tiver algum problema ao receber o pacote, por favor, entre em contato conosco por mensagem ou gerente de com\u00e9rcio. Responderemos dentro de 24 horas e trabalharemos consigo at\u00e9 estar satisfeito. Por favor, n\u00e3o abra uma disputa antes de comunicar conosco.<br \/>\n2. na entrega, verifique o seu pacote antes de assinar. Se perceber que o pacote est\u00e1 anormal, pode recusar-se a assinar e entrar em contacto connosco.<\/p>\n<p>Envio:<br \/>\n1. os pedidos ser\u00e3o processados dentro de dias \u00fateis ap\u00f3s a verifica\u00e7\u00e3o do pagamento. Para proteger tanto compradores quanto vendedores, pode levar at\u00e9 24 horas para o AliExpress verificar o pagamento.<br \/>\n2. enviamos apenas para o endere\u00e7o de pedido confirmado. O seu endere\u00e7o de pedido deve coincidir com o seu endere\u00e7o de entrega.<br \/>\n3. envio gratuito para todos os artigos, para alguns pa\u00edses, pode haver custos adicionais de envio. O prazo de entrega \u00e9 de 30-45 dias. Se precisar de uma entrega r\u00e1pida, por favor, entre em contato conosco.<\/p>\n<p>Pol\u00edtica de devolu\u00e7\u00e3o:<br \/>\n1. todos os itens devolvidos devem estar em condi\u00e7\u00f5es originais.<br \/>\n2. o comprador paga os custos de envio de devolu\u00e7\u00e3o.<\/p>\n<p>Feedback:<br \/>\n1. se estiver satisfeito com os nossos produtos, esperamos sinceramente que possa deixar-nos um feedback positivo. Ao mesmo tempo, deixaremos um feedback positivo para si.<br \/>\n2. naturalmente, por qualquer motivo, se n\u00e3o estiver satisfeito com os nossos produtos, por favor, entre em contato connosco antes de deixar um feedback neutro ou negativo. Responderemos dentro de 24 horas e ajudaremos a resolver os problemas.<\/p>\n<\/div>\n<p>&nbsp;<\/p>\n<\/div>\n<\/div>","protected":false},"excerpt":{"rendered":"<p>&nbsp; \u00dcberwachung Funktion Von Rauchen Anzahl:\u00a0Nein Silikon Fall:\u00a0Nein Kurzschlussschutz Funktion:\u00a0Nein \u00dcberhitzungsschutz-funktion:\u00a0Nein Niederspannungsalarmfunktion:\u00a0Nein Zerst\u00e4uber Identifikation Funktion:\u00a0Nein Temperaturregelung:\u00a0Nein TCR Einstellung Modi:\u00a0Nein Nominale Kapazit\u00e4t:\u00a0Kein Kompatibler Akku:\u00a018650 Material:\u00a0Metall Compatible Model:\u00a0Slim piece mod mechanical mods with carnage rda Modellnummer:\u00a0Slim piece mod mechanical mods with carnage rda Firmware-upgrade:\u00a0Nein Usb-ladeger\u00e4t:\u00a0Nein Display:\u00a0Nein Eingebaute Oder Externe Batterie:\u00a0Ja Art:\u00a0Mechanische Mod Markenname:\u00a0WOLF COOLVAPE Ursprung:\u00a0CN (Herkunft) material:\u00a0brass [&hellip;]<\/p>","protected":false},"featured_media":8164,"template":"","meta":{"inline_featured_image":false},"product_cat":[15,78,750,737,736,749,77],"product_tag":[],"tiered_pricing_type":"fixed","tiered_pricing_fixed_rules":[],"tiered_pricing_percentage_rules":[],"tiered_pricing_minimum":1,"_administrator_tiered_pricing_type":"fixed","_administrator_tiered_pricing_fixed_rules":[],"_editor_tiered_pricing_type":"fixed","_editor_tiered_pricing_fixed_rules":[],"_author_tiered_pricing_type":"fixed","_author_tiered_pricing_fixed_rules":[],"_contributor_tiered_pricing_type":"fixed","_contributor_tiered_pricing_fixed_rules":[],"_subscriber_tiered_pricing_type":"fixed","_subscriber_tiered_pricing_fixed_rules":[],"_customer_tiered_pricing_type":"fixed","_customer_tiered_pricing_fixed_rules":[],"_shop_manager_tiered_pricing_type":"fixed","_shop_manager_tiered_pricing_fixed_rules":[],"_wpseo_manager_tiered_pricing_type":"fixed","_wpseo_manager_tiered_pricing_fixed_rules":[],"_wpseo_editor_tiered_pricing_type":"fixed","_wpseo_editor_tiered_pricing_fixed_rules":[],"_wholesale_customer_tiered_pricing_type":"fixed","_wholesale_customer_tiered_pricing_fixed_rules":[],"_marketer_tiered_pricing_type":"fixed","_marketer_tiered_pricing_fixed_rules":[],"_sales_manager_tiered_pricing_type":"fixed","_sales_manager_tiered_pricing_fixed_rules":[],"_sales_rep_tiered_pricing_type":"fixed","_sales_rep_tiered_pricing_fixed_rules":[],"yoast_head":"<!-- This site is optimized with the Yoast SEO plugin v23.3 - https:\/\/yoast.com\/wordpress\/plugins\/seo\/ -->\n<title>Coolvape ultrad\u00fcnnes mechanisches Modul 18650 Batterie-Vape | ElementVape.de<\/title>\n<meta name=\"description\" content=\"Wir bieten Coolvape ultrad\u00fcnnes mechanisches Modul 18650 Batterie-Vape , Elementvape.de akzeptieren Gro\u00df-und Einzelhandel Bestellungen.\" \/>\n<meta name=\"robots\" content=\"index, follow, max-snippet:-1, max-image-preview:large, max-video-preview:-1\" \/>\n<link rel=\"canonical\" href=\"https:\/\/www.elementvape.de\/pt\/produkt\/coolvape-ultraduennes-mechanisches-modul-18650-batterie-vape\/\" \/>\n<meta property=\"og:locale\" content=\"pt_PT\" \/>\n<meta property=\"og:type\" content=\"article\" \/>\n<meta property=\"og:title\" content=\"Coolvape ultrad\u00fcnnes mechanisches Modul 18650 Batterie-Vape | ElementVape.de\" \/>\n<meta property=\"og:description\" content=\"Wir bieten Coolvape ultrad\u00fcnnes mechanisches Modul 18650 Batterie-Vape , Elementvape.de akzeptieren Gro\u00df-und Einzelhandel Bestellungen.\" \/>\n<meta property=\"og:url\" content=\"https:\/\/www.elementvape.de\/pt\/produkt\/coolvape-ultraduennes-mechanisches-modul-18650-batterie-vape\/\" \/>\n<meta property=\"og:site_name\" content=\"ElementVape.de\" \/>\n<meta property=\"article:modified_time\" content=\"2024-09-12T10:32:04+00:00\" \/>\n<meta property=\"og:image\" content=\"https:\/\/ae01.alicdn.com\/kf\/Hf74c1ba38e0145f7b46f177cfda71cd3W\/Coolvape-D-nne-st-ck-mod-mechanische-mods-mit-carnage-rda-25mm-durchmesser-messing-material-18650.jpg\" \/>\n\t<meta property=\"og:image:width\" content=\"1000\" \/>\n\t<meta property=\"og:image:height\" content=\"1000\" \/>\n\t<meta property=\"og:image:type\" content=\"image\/jpeg\" \/>\n<meta name=\"twitter:card\" content=\"summary_large_image\" \/>\n<meta name=\"twitter:label1\" content=\"Est. reading time\" \/>\n\t<meta name=\"twitter:data1\" content=\"6 minutos\" \/>\n<script type=\"application\/ld+json\" class=\"yoast-schema-graph\">{\"@context\":\"https:\/\/schema.org\",\"@graph\":[{\"@type\":\"WebPage\",\"@id\":\"https:\/\/www.elementvape.de\/produkt\/coolvape-ultraduennes-mechanisches-modul-18650-batterie-vape\/\",\"url\":\"https:\/\/www.elementvape.de\/produkt\/coolvape-ultraduennes-mechanisches-modul-18650-batterie-vape\/\",\"name\":\"Coolvape ultrad\u00fcnnes mechanisches Modul 18650 Batterie-Vape | ElementVape.de\",\"isPartOf\":{\"@id\":\"https:\/\/www.elementvape.de\/#website\"},\"primaryImageOfPage\":{\"@id\":\"https:\/\/www.elementvape.de\/produkt\/coolvape-ultraduennes-mechanisches-modul-18650-batterie-vape\/#primaryimage\"},\"image\":{\"@id\":\"https:\/\/www.elementvape.de\/produkt\/coolvape-ultraduennes-mechanisches-modul-18650-batterie-vape\/#primaryimage\"},\"thumbnailUrl\":\"https:\/\/ae01.alicdn.com\/kf\/Hf74c1ba38e0145f7b46f177cfda71cd3W\/Coolvape-D-nne-st-ck-mod-mechanische-mods-mit-carnage-rda-25mm-durchmesser-messing-material-18650.jpg\",\"datePublished\":\"2024-04-20T07:50:52+00:00\",\"dateModified\":\"2024-09-12T10:32:04+00:00\",\"description\":\"Wir bieten Coolvape ultrad\u00fcnnes mechanisches Modul 18650 Batterie-Vape , Elementvape.de akzeptieren Gro\u00df-und Einzelhandel Bestellungen.\",\"breadcrumb\":{\"@id\":\"https:\/\/www.elementvape.de\/produkt\/coolvape-ultraduennes-mechanisches-modul-18650-batterie-vape\/#breadcrumb\"},\"inLanguage\":\"pt-PT\",\"potentialAction\":[{\"@type\":\"ReadAction\",\"target\":[\"https:\/\/www.elementvape.de\/produkt\/coolvape-ultraduennes-mechanisches-modul-18650-batterie-vape\/\"]}]},{\"@type\":\"ImageObject\",\"inLanguage\":\"pt-PT\",\"@id\":\"https:\/\/www.elementvape.de\/produkt\/coolvape-ultraduennes-mechanisches-modul-18650-batterie-vape\/#primaryimage\",\"url\":\"https:\/\/ae01.alicdn.com\/kf\/Hf74c1ba38e0145f7b46f177cfda71cd3W\/Coolvape-D-nne-st-ck-mod-mechanische-mods-mit-carnage-rda-25mm-durchmesser-messing-material-18650.jpg\",\"contentUrl\":\"https:\/\/ae01.alicdn.com\/kf\/Hf74c1ba38e0145f7b46f177cfda71cd3W\/Coolvape-D-nne-st-ck-mod-mechanische-mods-mit-carnage-rda-25mm-durchmesser-messing-material-18650.jpg\",\"width\":1000,\"height\":1000},{\"@type\":\"BreadcrumbList\",\"@id\":\"https:\/\/www.elementvape.de\/produkt\/coolvape-ultraduennes-mechanisches-modul-18650-batterie-vape\/#breadcrumb\",\"itemListElement\":[{\"@type\":\"ListItem\",\"position\":1,\"name\":\"Home\",\"item\":\"https:\/\/www.elementvape.de\/\"},{\"@type\":\"ListItem\",\"position\":2,\"name\":\"Shop\",\"item\":\"https:\/\/www.elementvape.de\/shop\/\"},{\"@type\":\"ListItem\",\"position\":3,\"name\":\"Coolvape ultrad\u00fcnnes mechanisches Modul 18650 Batterie-Vape\"}]},{\"@type\":\"WebSite\",\"@id\":\"https:\/\/www.elementvape.de\/#website\",\"url\":\"https:\/\/www.elementvape.de\/\",\"name\":\"ElementVape.de\",\"description\":\"\",\"publisher\":{\"@id\":\"https:\/\/www.elementvape.de\/#organization\"},\"potentialAction\":[{\"@type\":\"SearchAction\",\"target\":{\"@type\":\"EntryPoint\",\"urlTemplate\":\"https:\/\/www.elementvape.de\/?s={search_term_string}\"},\"query-input\":\"required name=search_term_string\"}],\"inLanguage\":\"pt-PT\"},{\"@type\":\"Organization\",\"@id\":\"https:\/\/www.elementvape.de\/#organization\",\"name\":\"ElementVape.DE\",\"url\":\"https:\/\/www.elementvape.de\/\",\"logo\":{\"@type\":\"ImageObject\",\"inLanguage\":\"pt-PT\",\"@id\":\"https:\/\/www.elementvape.de\/#\/schema\/logo\/image\/\",\"url\":\"https:\/\/www.elementvape.de\/wp-content\/uploads\/2024\/09\/cropped-1elementvape-3.png\",\"contentUrl\":\"https:\/\/www.elementvape.de\/wp-content\/uploads\/2024\/09\/cropped-1elementvape-3.png\",\"width\":285,\"height\":228,\"caption\":\"ElementVape.DE\"},\"image\":{\"@id\":\"https:\/\/www.elementvape.de\/#\/schema\/logo\/image\/\"}}]}<\/script>\n<!-- \/ Yoast SEO plugin. -->","yoast_head_json":{"title":"Coolvape ultrad\u00fcnnes mechanisches Modul 18650 Batterie-Vape | ElementVape.de","description":"Wir bieten Coolvape ultrad\u00fcnnes mechanisches Modul 18650 Batterie-Vape , Elementvape.de akzeptieren Gro\u00df-und Einzelhandel Bestellungen.","robots":{"index":"index","follow":"follow","max-snippet":"max-snippet:-1","max-image-preview":"max-image-preview:large","max-video-preview":"max-video-preview:-1"},"canonical":"https:\/\/www.elementvape.de\/pt\/produkt\/coolvape-ultraduennes-mechanisches-modul-18650-batterie-vape\/","og_locale":"pt_PT","og_type":"article","og_title":"Coolvape ultrad\u00fcnnes mechanisches Modul 18650 Batterie-Vape | ElementVape.de","og_description":"Wir bieten Coolvape ultrad\u00fcnnes mechanisches Modul 18650 Batterie-Vape , Elementvape.de akzeptieren Gro\u00df-und Einzelhandel Bestellungen.","og_url":"https:\/\/www.elementvape.de\/pt\/produkt\/coolvape-ultraduennes-mechanisches-modul-18650-batterie-vape\/","og_site_name":"ElementVape.de","article_modified_time":"2024-09-12T10:32:04+00:00","og_image":[{"width":1000,"height":1000,"url":"https:\/\/ae01.alicdn.com\/kf\/Hf74c1ba38e0145f7b46f177cfda71cd3W\/Coolvape-D-nne-st-ck-mod-mechanische-mods-mit-carnage-rda-25mm-durchmesser-messing-material-18650.jpg","type":"image\/jpeg"}],"twitter_card":"summary_large_image","twitter_misc":{"Est. reading time":"6 minutos"},"schema":{"@context":"https:\/\/schema.org","@graph":[{"@type":"WebPage","@id":"https:\/\/www.elementvape.de\/produkt\/coolvape-ultraduennes-mechanisches-modul-18650-batterie-vape\/","url":"https:\/\/www.elementvape.de\/produkt\/coolvape-ultraduennes-mechanisches-modul-18650-batterie-vape\/","name":"Coolvape ultrad\u00fcnnes mechanisches Modul 18650 Batterie-Vape | ElementVape.de","isPartOf":{"@id":"https:\/\/www.elementvape.de\/#website"},"primaryImageOfPage":{"@id":"https:\/\/www.elementvape.de\/produkt\/coolvape-ultraduennes-mechanisches-modul-18650-batterie-vape\/#primaryimage"},"image":{"@id":"https:\/\/www.elementvape.de\/produkt\/coolvape-ultraduennes-mechanisches-modul-18650-batterie-vape\/#primaryimage"},"thumbnailUrl":"https:\/\/ae01.alicdn.com\/kf\/Hf74c1ba38e0145f7b46f177cfda71cd3W\/Coolvape-D-nne-st-ck-mod-mechanische-mods-mit-carnage-rda-25mm-durchmesser-messing-material-18650.jpg","datePublished":"2024-04-20T07:50:52+00:00","dateModified":"2024-09-12T10:32:04+00:00","description":"Wir bieten Coolvape ultrad\u00fcnnes mechanisches Modul 18650 Batterie-Vape , Elementvape.de akzeptieren Gro\u00df-und Einzelhandel Bestellungen.","breadcrumb":{"@id":"https:\/\/www.elementvape.de\/produkt\/coolvape-ultraduennes-mechanisches-modul-18650-batterie-vape\/#breadcrumb"},"inLanguage":"pt-PT","potentialAction":[{"@type":"ReadAction","target":["https:\/\/www.elementvape.de\/produkt\/coolvape-ultraduennes-mechanisches-modul-18650-batterie-vape\/"]}]},{"@type":"ImageObject","inLanguage":"pt-PT","@id":"https:\/\/www.elementvape.de\/produkt\/coolvape-ultraduennes-mechanisches-modul-18650-batterie-vape\/#primaryimage","url":"https:\/\/ae01.alicdn.com\/kf\/Hf74c1ba38e0145f7b46f177cfda71cd3W\/Coolvape-D-nne-st-ck-mod-mechanische-mods-mit-carnage-rda-25mm-durchmesser-messing-material-18650.jpg","contentUrl":"https:\/\/ae01.alicdn.com\/kf\/Hf74c1ba38e0145f7b46f177cfda71cd3W\/Coolvape-D-nne-st-ck-mod-mechanische-mods-mit-carnage-rda-25mm-durchmesser-messing-material-18650.jpg","width":1000,"height":1000},{"@type":"BreadcrumbList","@id":"https:\/\/www.elementvape.de\/produkt\/coolvape-ultraduennes-mechanisches-modul-18650-batterie-vape\/#breadcrumb","itemListElement":[{"@type":"ListItem","position":1,"name":"Home","item":"https:\/\/www.elementvape.de\/"},{"@type":"ListItem","position":2,"name":"Shop","item":"https:\/\/www.elementvape.de\/shop\/"},{"@type":"ListItem","position":3,"name":"Coolvape ultrad\u00fcnnes mechanisches Modul 18650 Batterie-Vape"}]},{"@type":"WebSite","@id":"https:\/\/www.elementvape.de\/#website","url":"https:\/\/www.elementvape.de\/","name":"ElementVape.de","description":"","publisher":{"@id":"https:\/\/www.elementvape.de\/#organization"},"potentialAction":[{"@type":"SearchAction","target":{"@type":"EntryPoint","urlTemplate":"https:\/\/www.elementvape.de\/?s={search_term_string}"},"query-input":"required name=search_term_string"}],"inLanguage":"pt-PT"},{"@type":"Organization","@id":"https:\/\/www.elementvape.de\/#organization","name":"ElementVape.DE","url":"https:\/\/www.elementvape.de\/","logo":{"@type":"ImageObject","inLanguage":"pt-PT","@id":"https:\/\/www.elementvape.de\/#\/schema\/logo\/image\/","url":"https:\/\/www.elementvape.de\/wp-content\/uploads\/2024\/09\/cropped-1elementvape-3.png","contentUrl":"https:\/\/www.elementvape.de\/wp-content\/uploads\/2024\/09\/cropped-1elementvape-3.png","width":285,"height":228,"caption":"ElementVape.DE"},"image":{"@id":"https:\/\/www.elementvape.de\/#\/schema\/logo\/image\/"}}]}},"_links":{"self":[{"href":"https:\/\/www.elementvape.de\/pt\/wp-json\/wp\/v2\/product\/8163"}],"collection":[{"href":"https:\/\/www.elementvape.de\/pt\/wp-json\/wp\/v2\/product"}],"about":[{"href":"https:\/\/www.elementvape.de\/pt\/wp-json\/wp\/v2\/types\/product"}],"wp:featuredmedia":[{"embeddable":true,"href":"https:\/\/www.elementvape.de\/pt\/wp-json\/wp\/v2\/media\/8164"}],"wp:attachment":[{"href":"https:\/\/www.elementvape.de\/pt\/wp-json\/wp\/v2\/media?parent=8163"}],"wp:term":[{"taxonomy":"product_cat","embeddable":true,"href":"https:\/\/www.elementvape.de\/pt\/wp-json\/wp\/v2\/product_cat?post=8163"},{"taxonomy":"product_tag","embeddable":true,"href":"https:\/\/www.elementvape.de\/pt\/wp-json\/wp\/v2\/product_tag?post=8163"}],"curies":[{"name":"wp","href":"https:\/\/api.w.org\/{rel}","templated":true}]}}