{"id":8150,"date":"2024-04-20T07:49:06","date_gmt":"2024-04-20T07:49:06","guid":{"rendered":"https:\/\/www.elementvape.de\/?post_type=product&#038;p=8150"},"modified":"2024-09-12T10:32:05","modified_gmt":"2024-09-12T10:32:05","slug":"voopoo-argus-pro-pod-mod-kit-pod-tank-e-zigarette","status":"publish","type":"product","link":"https:\/\/www.elementvape.de\/pt\/produkt\/voopoo-argus-pro-pod-mod-kit-pod-tank-e-zigarette\/","title":{"rendered":"Kit de mod de pod Voopoo Argus Pro com tanque de pod, cigarro eletr\u00f3nico"},"content":{"rendered":"<p>&nbsp;<\/p>\n<div class=\"product-specs-list-container\">\n<ul class=\"product-specs-list util-clearfix\">\n<li class=\"product-prop line-limit-length\"><span class=\"property-title\">Apar\u00eancia:\u00a0<\/span><span class=\"property-desc line-limit-length\">Forma cil\u00edndrica<\/span><\/li>\n<li class=\"product-prop line-limit-length\"><span class=\"property-title\">Regula\u00e7\u00e3o de Temperatura:\u00a0<\/span><span class=\"property-desc line-limit-length\">Ja<\/span><\/li>\n<li class=\"product-prop line-limit-length\"><span class=\"property-title\">Bateria Embutida ou Externa:\u00a0<\/span><span class=\"property-desc line-limit-length\">Embebida<\/span><\/li>\n<li class=\"product-prop line-limit-length\"><span class=\"property-title\">Fun\u00e7\u00e3o de Prote\u00e7\u00e3o contra Curto-Circuito:\u00a0<\/span><span class=\"property-desc line-limit-length\">Ja<\/span><\/li>\n<li class=\"product-prop line-limit-length\"><span class=\"property-title\">Fun\u00e7\u00e3o de Prote\u00e7\u00e3o contra Sobreaquecimento:\u00a0<\/span><span class=\"property-desc line-limit-length\">Ja<\/span><\/li>\n<li class=\"product-prop line-limit-length\"><span class=\"property-title\">Fun\u00e7\u00e3o de alarme de baixa tens\u00e3o:\u00a0<\/span><span class=\"property-desc line-limit-length\">Ja<\/span><\/li>\n<li class=\"product-prop line-limit-length\"><span class=\"property-title\">Fun\u00e7\u00e3o de identifica\u00e7\u00e3o do vaporizador:\u00a0<\/span><span class=\"property-desc line-limit-length\">Ja<\/span><\/li>\n<li class=\"product-prop line-limit-length\"><span class=\"property-title\">Modos de configura\u00e7\u00e3o TCR:\u00a0<\/span><span class=\"property-desc line-limit-length\">N\u00e3o<\/span><\/li>\n<li class=\"product-prop line-limit-length\"><span class=\"property-title\">Bateria compat\u00edvel: 18350\u00a0<\/span><span class=\"property-desc line-limit-length\">Liga de Zinco Couro PCTG<\/span><\/li>\n<li class=\"product-prop line-limit-length\"><span class=\"property-title\">Modelo compat\u00edvel:\u00a0<\/span><span class=\"property-desc line-limit-length\">Tanque PnP VOOPOO, Tanque MTL, todas as bobinas PnP<\/span><\/li>\n<li class=\"product-prop line-limit-length\"><span class=\"property-title\">N\u00famero do modelo:\u00a0<\/span><span class=\"property-desc line-limit-length\">Kit VOOPOO Argus Pro<\/span><\/li>\n<li class=\"product-prop line-limit-length\"><span class=\"property-title\">Carregador USB:\u00a0<\/span><span class=\"property-desc line-limit-length\">Ja<\/span><\/li>\n<li class=\"product-prop line-limit-length\"><span class=\"property-title\">Atualiza\u00e7\u00e3o de firmware:\u00a0<\/span><span class=\"property-desc line-limit-length\">Ja<\/span><\/li>\n<li class=\"product-prop line-limit-length\"><span class=\"property-title\">Fun\u00e7\u00e3o de monitoriza\u00e7\u00e3o do n\u00famero de fumos: N\u00e3o\u00a0<\/span><span class=\"property-desc line-limit-length\">Ja<\/span><\/li>\n<li class=\"product-prop line-limit-length\"><span class=\"property-title\">Tipo:\u00a0<\/span><span class=\"property-desc line-limit-length\">Outros<\/span><\/li>\n<li class=\"product-prop line-limit-length\"><span class=\"property-title\">Nome da marca:\u00a0<\/span><span class=\"property-desc line-limit-length\">VOOPOO<\/span><\/li>\n<li class=\"product-prop line-limit-length\"><span class=\"property-title\">Origem:\u00a0<\/span><span class=\"property-desc line-limit-length\">CN (Origem)<\/span><\/li>\n<li class=\"product-prop line-limit-length\"><span class=\"property-title\">Tens\u00e3o de Sa\u00edda:\u00a0<\/span><span class=\"property-desc line-limit-length\">3,2V-4,2V<\/span><\/li>\n<li class=\"product-prop line-limit-length\"><span class=\"property-title\">Capacidade do Pod:\u00a0<\/span><span class=\"property-desc line-limit-length\">4,5ml<\/span><\/li>\n<li class=\"product-prop line-limit-length\"><span class=\"property-title\">Modelo de Chip:\u00a0<\/span><span class=\"property-desc line-limit-length\">GENE.TT<\/span><\/li>\n<li class=\"product-prop line-limit-length\"><span class=\"property-title\">Faixa de Resist\u00eancia:\u00a0<\/span><span class=\"property-desc line-limit-length\">0,1ohm-3,0ohm<\/span><\/li>\n<li class=\"product-prop line-limit-length\"><span class=\"property-title\">Design do Pod:\u00a0<\/span><span class=\"property-desc line-limit-length\">Base Magn\u00e9tica<\/span><\/li>\n<li class=\"product-prop line-limit-length\"><span class=\"property-title\">Bateria Argus Pro:\u00a0<\/span><span class=\"property-desc line-limit-length\">Bateria Integrada de 3000mAh<\/span><\/li>\n<li class=\"product-prop line-limit-length\"><span class=\"property-title\">Bateria Argus X:\u00a0<\/span><span class=\"property-desc line-limit-length\">Bateria 18650 (N\u00e3o inclu\u00edda)<\/span><\/li>\n<li class=\"product-prop line-limit-length\"><span class=\"property-title\">Resist\u00eancia da Bobina:\u00a0<\/span><span class=\"property-desc line-limit-length\">0,15ohm (PnP-VM6), 0,3ohm (PnP-VM1)<\/span><\/li>\n<li class=\"product-prop line-limit-length\"><span class=\"property-title\">Tela Argus Pro:\u00a0<\/span><span class=\"property-desc line-limit-length\">TFT de 0,96 polegadas<\/span><\/li>\n<li class=\"product-prop line-limit-length\"><span class=\"property-title\">Tela Argus X:\u00a0<\/span><span class=\"property-desc line-limit-length\">OLED de 0,87 polegadas<\/span><\/li>\n<li class=\"product-prop line-limit-length\"><span class=\"property-title\">Carregar:\u00a0<\/span><span class=\"property-desc line-limit-length\">Carregamento USB<\/span><\/li>\n<li class=\"product-prop line-limit-length\"><span class=\"property-title\">Sugest\u00e3o de E-L\u00edquido:\u00a0<\/span><span class=\"property-desc line-limit-length\">E-L\u00edquido Normal (Nico\u00edna Menor que 10mg)<\/span><\/li>\n<\/ul>\n<\/div>\n<div class=\"detailmodule_html\">\n<div class=\"detail-desc-decorate-richtext\">\n<div class=\"detailmodule_text\" style=\", roboto, arial, helvetica, sans-serif, simsun;font-size: 14px; font-weight: 400; letter-spacing: normal; text-align: start; margin: 0px; padding: 0px;\" align=\"start\">\n<div class=\"detailmodule_text\" style=\", roboto, arial, helvetica, sans-serif, simsun;font-size: 14px; font-weight: 400; letter-spacing: normal; text-align: start; margin: 0px; padding: 0px;\" align=\"start\">\n<p><span style=\"font-family: georgia, serif;\"><span style=\"font-family: georgia, serif;\"><strong id=\"tl_1\">\ud83d\udce3Boas not\u00edcias\ud83d\udce3:<\/strong><\/span><\/span><span style=\"font-family: georgia, serif;\"><span style=\"font-family: georgia, serif;\"><span id=\"tl_2\" style=\"font-family: georgia, serif;\">O nosso armaz\u00e9m na Europa j\u00e1 est\u00e1 em funcionamento! Todos os pacotes s\u00e3o enviados a partir de Portugal, e o tempo de entrega real \u00e9 de apenas um a sete dias \u00fateis!<\/span><\/span><\/span><\/p>\n<\/div>\n<p><span style=\"font-family: georgia, serif;\"><span style=\"font-family: georgia, serif;\"><strong id=\"tl_3\">\u2705Dispon\u00edvel para\u2705:<\/strong><\/span><\/span><span id=\"tl_4\" style=\"font-family: georgia, serif;\">Alemanha, Fran\u00e7a, It\u00e1lia, \u00c1ustria, B\u00e9lgica, Bulg\u00e1ria, Cro\u00e1cia, Portugal, Rom\u00e9nia, Eslov\u00e1quia, Eslov\u00e9nia e Su\u00e9cia.<\/span><\/p>\n<\/div>\n<p><span style=\"font-family: arial, helvetica, sans-serif;\"><strong id=\"tl_5\">Voopoo Argus Pro<\/strong><\/span><\/p>\n<div class=\"detailmodule_text\" style=\", sans-serif;font-size: 14px; font-weight: 400; letter-spacing: normal; text-align: start;\" align=\"start\">\n<p class=\"detail-desc-decorate-title\" style=\"line-height: 1.4; margin: 0px 0px 1em 0px;\"><strong id=\"tl_6\">Lista de embalagem<\/strong><\/p>\n<p id=\"tl_7\" class=\"detail-desc-decorate-content\" style=\"line-height: 1.4; margin: 0px 0px 1em 0px;\">1 * dispositivo argus pro<br \/>\n1 * pod PnP (4,5 ml)<br \/>\n1 * PnP-VM6, 0,15 Ohm<br \/>\n1 * PnP-VM1, 0,3 Ohm<br \/>\n1 * Cabo Tipo-C<br \/>\n1 * manual do usu\u00e1rio<\/p>\n<\/div>\n<div class=\"detailmodule_text\" style=\", sans-serif;font-size: 14px; font-weight: 400; letter-spacing: normal; text-align: start;\" align=\"start\">\n<p class=\"detail-desc-decorate-title\" style=\"line-height: 1.4; margin: 0px 0px 1em 0px;\"><strong id=\"tl_8\">Detalhes:<\/strong><\/p>\n<p id=\"tl_9\" class=\"detail-desc-decorate-content\" style=\"line-height: 1.4; margin: 0px 0px 1em 0px;\">1. Design de couro em metal artesanal<br \/>\n2. Bateria interna de 3000mAh e chip Gen. TT no interior<br \/>\n3. Equipado com uma tela de cores de 100 polegadas<br \/>\n4. Acende em 0,001 segundos<br \/>\n5. oferece identifica\u00e7\u00e3o inteligente de bobina, modo inteligente, modo RBA, etc<br \/>\n6. Faixa de pot\u00eancia ajust\u00e1vel de 5-80w<br \/>\n7. Carregamento r\u00e1pido Tipo-C e 5v\/2a<br \/>\n8. Tanque de pod PNP de 4,5 ml<br \/>\n9. Sistema inovador de fluxo de ar infinito<br \/>\n10. Compat\u00edvel com todas as bobinas PNP, incluindo RBA<br \/>\n11. Sete prote\u00e7\u00f5es de seguran\u00e7a: prote\u00e7\u00e3o contra sobrecarga, prote\u00e7\u00e3o contra curto-circuito, prote\u00e7\u00e3o contra sobrecarga, prote\u00e7\u00e3o de pot\u00eancia m\u00e1xima, prote\u00e7\u00e3o contra sobretens\u00e3o de sa\u00edda, prote\u00e7\u00e3o contra descarga excessiva, prote\u00e7\u00e3o contra temperatura excessiva<\/p>\n<\/div>\n<div class=\"detailmodule_text\" style=\", sans-serif;font-size: 14px; font-weight: 400; letter-spacing: normal; text-align: start;\" align=\"start\">\n<p class=\"detail-desc-decorate-title\" style=\"line-height: 1.4; margin: 0px 0px 1em 0px;\"><strong id=\"tl_10\">Par\u00e2metros:<\/strong><\/p>\n<ul>\n<li>\n<p id=\"tl_11\">Marca: voopoo<\/p>\n<\/li>\n<li>\n<p id=\"tl_12\">Nome do produto: kit Argus Pro<\/p>\n<\/li>\n<li>\n<p id=\"tl_13\">Material: PCTG + liga + couro<\/p>\n<\/li>\n<li>\n<p id=\"tl_14\">Capacidade do pod: 4,5 ml<\/p>\n<\/li>\n<li>\n<p id=\"tl_15\">Resist\u00eancia: 0,15\u03a9 (PnP-VM6); 0,3\u03a9 (PnP-VM1)<\/p>\n<\/li>\n<li>\n<p id=\"tl_16\">Capacidade da bateria: bateria embutida de 3000mAh<\/p>\n<\/li>\n<li>\n<p id=\"tl_17\">Pot\u00eancia de sa\u00edda: 5-80w<\/p>\n<\/li>\n<li>\n<p id=\"tl_18\">Tens\u00e3o de sa\u00edda: 3,2-4,2 V<\/p>\n<\/li>\n<li>\n<p id=\"tl_19\">Resist\u00eancia: 0,1-3,0 Ohm<\/p>\n<\/li>\n<li>\n<p id=\"tl_20\">Chip: Gen. tt<\/p>\n<\/li>\n<li>\n<p id=\"tl_21\">Tamanho da tela: 0,96 polegadas<\/p>\n<\/li>\n<\/ul>\n<\/div>\n<p class=\"detailmodule_text-image\"><img decoding=\"async\" loading=\"lazy\" class=\"detail-desc-decorate-image\" src=\"https:\/\/ae04.alicdn.com\/kf\/H6901bc64846b4b59beff17e2bfde3395f.jpg\" \/><img decoding=\"async\" loading=\"lazy\" class=\"detail-desc-decorate-image\" src=\"https:\/\/ae04.alicdn.com\/kf\/H4e70ef33ad7841d38e4bfa30601e7f49j.jpg\" \/><img decoding=\"async\" loading=\"lazy\" class=\"detail-desc-decorate-image\" src=\"https:\/\/ae04.alicdn.com\/kf\/H5e4c244293b84b20bdcd579f6145290ds.jpg\" \/><img decoding=\"async\" loading=\"lazy\" class=\"detail-desc-decorate-image\" src=\"https:\/\/ae04.alicdn.com\/kf\/H97ef93d3c55d482f89d899c0b233b4abm.jpg\" \/><img decoding=\"async\" loading=\"lazy\" src=\"https:\/\/ae01.alicdn.com\/kf\/H3223cfcdbae64ae4ad5a3c6fd762e4dfV.jpg\" \/><img decoding=\"async\" loading=\"lazy\" src=\"https:\/\/ae01.alicdn.com\/kf\/Hec1af62767ee45ddbaf74ca94aa5d7a9f.jpg\" \/><img decoding=\"async\" loading=\"lazy\" src=\"https:\/\/ae01.alicdn.com\/kf\/H57386d51c9f242c6b0837bd7ea85a4a0w.jpg\" \/><img decoding=\"async\" loading=\"lazy\" src=\"https:\/\/ae01.alicdn.com\/kf\/H7b77676963da42d9938a9756b0a11b69y.jpg\" \/><img decoding=\"async\" loading=\"lazy\" src=\"https:\/\/ae01.alicdn.com\/kf\/H4c0f743d13c94dc09da02b10a9a1230cB.jpg\" \/><img decoding=\"async\" loading=\"lazy\" class=\"detail-desc-decorate-image\" src=\"https:\/\/ae04.alicdn.com\/kf\/H95475a7b2ed2461e9e18c5632eef2fffk.jpg\" \/><img decoding=\"async\" loading=\"lazy\" class=\"detail-desc-decorate-image\" src=\"https:\/\/ae04.alicdn.com\/kf\/Hf155c5aaa7f346b6b0b25d298067563e9.jpg\" \/><img decoding=\"async\" loading=\"lazy\" class=\"detail-desc-decorate-image\" src=\"https:\/\/ae04.alicdn.com\/kf\/H4916979132be46f7bedbddd0131d73118.jpg\" \/><img decoding=\"async\" loading=\"lazy\" class=\"detail-desc-decorate-image\" src=\"https:\/\/ae04.alicdn.com\/kf\/Hd84b5c829a2242d391612660fe9b81e3O.jpg\" \/><img decoding=\"async\" loading=\"lazy\" class=\"detail-desc-decorate-image\" src=\"https:\/\/ae04.alicdn.com\/kf\/H5f1ad5c0994e48a4b1e88bdb4587b0aat.jpg\" \/><img decoding=\"async\" loading=\"lazy\" src=\"https:\/\/ae01.alicdn.com\/kf\/H3475bf11c7ae4ec5ae03bbc1aa16a938g.png\" \/><img decoding=\"async\" loading=\"lazy\" src=\"https:\/\/ae01.alicdn.com\/kf\/H5144a823700b45a1ad6598fe44e5ca67p.png\" \/><img decoding=\"async\" loading=\"lazy\" class=\"detail-desc-decorate-image\" src=\"https:\/\/ae01.alicdn.com\/kf\/H4631de87c6124376873296c6f5dd0075n.jpg\" \/><\/p>\n<div class=\"detailmodule_image\"><img decoding=\"async\" loading=\"lazy\" class=\"detail-desc-decorate-image\" src=\"https:\/\/ae01.alicdn.com\/kf\/H278ed9397ecc40609653e795105e89aaH.jpg\" \/><br \/>\n<img decoding=\"async\" loading=\"lazy\" class=\"detail-desc-decorate-image\" src=\"https:\/\/ae01.alicdn.com\/kf\/H41ec718ebd6f491183cff1a2997a9682W.jpg\" \/><br \/>\n<img decoding=\"async\" loading=\"lazy\" class=\"detail-desc-decorate-image\" src=\"https:\/\/ae01.alicdn.com\/kf\/H0cbc333d6101443bad30d41b4b9177e6R.jpg\" \/><br \/>\n<img decoding=\"async\" loading=\"lazy\" class=\"detail-desc-decorate-image\" src=\"https:\/\/ae01.alicdn.com\/kf\/Hea760b4de13148e9ac56cb735eba93d4W.jpg\" \/><img decoding=\"async\" loading=\"lazy\" class=\"detail-desc-decorate-image\" src=\"https:\/\/ae01.alicdn.com\/kf\/H78c4821e5b96434b871d80696fb659c6n.jpg\" \/><br \/>\n<img decoding=\"async\" loading=\"lazy\" class=\"detail-desc-decorate-image\" src=\"https:\/\/ae01.alicdn.com\/kf\/H25f1535becc6495796e3ae153fa8b70aH.jpg\" \/><\/p>\n<\/div>\n<p>&nbsp;<\/p>\n<\/div>\n<\/div>","protected":false},"excerpt":{"rendered":"<p>&nbsp; Aussehen:\u00a0Zylindrische Form Temperaturregelung:\u00a0Ja Eingebaute Oder Externe Batterie:\u00a0Eingebaute Kurzschlussschutz Funktion:\u00a0Ja \u00dcberhitzungsschutz-funktion:\u00a0Ja Niederspannungsalarmfunktion:\u00a0Ja Zerst\u00e4uber Identifikation Funktion:\u00a0Ja TCR Einstellung Modi:\u00a0Nein Material:\u00a0Zinc Alloy Leather PCTG Compatible Model:\u00a0VOOPOO PnP Pod Tank, MTL Tank, all PnP coils Modellnummer:\u00a0VOOPOO Argus Pro Kit Usb-ladeger\u00e4t:\u00a0Ja Firmware-upgrade:\u00a0Ja Display:\u00a0Ja Art:\u00a0Andere Markenname:\u00a0VOOPOO Ursprung:\u00a0CN (Herkunft) Output Voltage:\u00a03.2V-4.2V Pod Capacity:\u00a04.5ml Chip Model:\u00a0GENE.TT Resistance Range:\u00a00.1ohm-3.0ohm Pod Design:\u00a0Magnetic Base Argus [&hellip;]<\/p>","protected":false},"featured_media":8152,"template":"","meta":{"inline_featured_image":false},"product_cat":[750,737,736,749,77],"product_tag":[],"tiered_pricing_type":"fixed","tiered_pricing_fixed_rules":[],"tiered_pricing_percentage_rules":[],"tiered_pricing_minimum":1,"_administrator_tiered_pricing_type":"fixed","_administrator_tiered_pricing_fixed_rules":[],"_editor_tiered_pricing_type":"fixed","_editor_tiered_pricing_fixed_rules":[],"_author_tiered_pricing_type":"fixed","_author_tiered_pricing_fixed_rules":[],"_contributor_tiered_pricing_type":"fixed","_contributor_tiered_pricing_fixed_rules":[],"_subscriber_tiered_pricing_type":"fixed","_subscriber_tiered_pricing_fixed_rules":[],"_customer_tiered_pricing_type":"fixed","_customer_tiered_pricing_fixed_rules":[],"_shop_manager_tiered_pricing_type":"fixed","_shop_manager_tiered_pricing_fixed_rules":[],"_wpseo_manager_tiered_pricing_type":"fixed","_wpseo_manager_tiered_pricing_fixed_rules":[],"_wpseo_editor_tiered_pricing_type":"fixed","_wpseo_editor_tiered_pricing_fixed_rules":[],"_wholesale_customer_tiered_pricing_type":"fixed","_wholesale_customer_tiered_pricing_fixed_rules":[],"_marketer_tiered_pricing_type":"fixed","_marketer_tiered_pricing_fixed_rules":[],"_sales_manager_tiered_pricing_type":"fixed","_sales_manager_tiered_pricing_fixed_rules":[],"_sales_rep_tiered_pricing_type":"fixed","_sales_rep_tiered_pricing_fixed_rules":[],"yoast_head":"<!-- This site is optimized with the Yoast SEO plugin v23.3 - https:\/\/yoast.com\/wordpress\/plugins\/seo\/ -->\n<title>Voopoo argus Pro pod mod kit pod tank E-Zigarette | ElementVape.de<\/title>\n<meta name=\"description\" content=\"Wir bieten Voopoo argus Pro pod mod kit pod tank E-Zigarette , Elementvape.de akzeptieren Gro\u00df-und Einzelhandel Bestellungen.\" \/>\n<meta name=\"robots\" content=\"index, follow, max-snippet:-1, max-image-preview:large, max-video-preview:-1\" \/>\n<link rel=\"canonical\" href=\"https:\/\/www.elementvape.de\/pt\/produkt\/voopoo-argus-pro-pod-mod-kit-pod-tank-e-zigarette\/\" \/>\n<meta property=\"og:locale\" content=\"pt_PT\" \/>\n<meta property=\"og:type\" content=\"article\" \/>\n<meta property=\"og:title\" content=\"Voopoo argus Pro pod mod kit pod tank E-Zigarette | ElementVape.de\" \/>\n<meta property=\"og:description\" content=\"Wir bieten Voopoo argus Pro pod mod kit pod tank E-Zigarette , Elementvape.de akzeptieren Gro\u00df-und Einzelhandel Bestellungen.\" \/>\n<meta property=\"og:url\" content=\"https:\/\/www.elementvape.de\/pt\/produkt\/voopoo-argus-pro-pod-mod-kit-pod-tank-e-zigarette\/\" \/>\n<meta property=\"og:site_name\" content=\"ElementVape.de\" \/>\n<meta property=\"article:modified_time\" content=\"2024-09-12T10:32:05+00:00\" \/>\n<meta property=\"og:image\" content=\"https:\/\/ae01.alicdn.com\/kf\/Sfba7ffa4c9e1429aa3f066e823fb67a2W\/Voopoo-argus-pro-pod-mod-kit-80w-4-5-ml-pnp-pod-tank-3000mah-batterie-pod.jpg\" \/>\n\t<meta property=\"og:image:width\" content=\"1000\" \/>\n\t<meta property=\"og:image:height\" content=\"1000\" \/>\n\t<meta property=\"og:image:type\" content=\"image\/jpeg\" \/>\n<meta name=\"twitter:card\" content=\"summary_large_image\" \/>\n<meta name=\"twitter:label1\" content=\"Est. reading time\" \/>\n\t<meta name=\"twitter:data1\" content=\"7 minutos\" \/>\n<script type=\"application\/ld+json\" class=\"yoast-schema-graph\">{\"@context\":\"https:\/\/schema.org\",\"@graph\":[{\"@type\":\"WebPage\",\"@id\":\"https:\/\/www.elementvape.de\/produkt\/voopoo-argus-pro-pod-mod-kit-pod-tank-e-zigarette\/\",\"url\":\"https:\/\/www.elementvape.de\/produkt\/voopoo-argus-pro-pod-mod-kit-pod-tank-e-zigarette\/\",\"name\":\"Voopoo argus Pro pod mod kit pod tank E-Zigarette | ElementVape.de\",\"isPartOf\":{\"@id\":\"https:\/\/www.elementvape.de\/#website\"},\"primaryImageOfPage\":{\"@id\":\"https:\/\/www.elementvape.de\/produkt\/voopoo-argus-pro-pod-mod-kit-pod-tank-e-zigarette\/#primaryimage\"},\"image\":{\"@id\":\"https:\/\/www.elementvape.de\/produkt\/voopoo-argus-pro-pod-mod-kit-pod-tank-e-zigarette\/#primaryimage\"},\"thumbnailUrl\":\"https:\/\/ae01.alicdn.com\/kf\/Sfba7ffa4c9e1429aa3f066e823fb67a2W\/Voopoo-argus-pro-pod-mod-kit-80w-4-5-ml-pnp-pod-tank-3000mah-batterie-pod.jpg\",\"datePublished\":\"2024-04-20T07:49:06+00:00\",\"dateModified\":\"2024-09-12T10:32:05+00:00\",\"description\":\"Wir bieten Voopoo argus Pro pod mod kit pod tank E-Zigarette , Elementvape.de akzeptieren Gro\u00df-und Einzelhandel Bestellungen.\",\"breadcrumb\":{\"@id\":\"https:\/\/www.elementvape.de\/produkt\/voopoo-argus-pro-pod-mod-kit-pod-tank-e-zigarette\/#breadcrumb\"},\"inLanguage\":\"pt-PT\",\"potentialAction\":[{\"@type\":\"ReadAction\",\"target\":[\"https:\/\/www.elementvape.de\/produkt\/voopoo-argus-pro-pod-mod-kit-pod-tank-e-zigarette\/\"]}]},{\"@type\":\"ImageObject\",\"inLanguage\":\"pt-PT\",\"@id\":\"https:\/\/www.elementvape.de\/produkt\/voopoo-argus-pro-pod-mod-kit-pod-tank-e-zigarette\/#primaryimage\",\"url\":\"https:\/\/ae01.alicdn.com\/kf\/Sfba7ffa4c9e1429aa3f066e823fb67a2W\/Voopoo-argus-pro-pod-mod-kit-80w-4-5-ml-pnp-pod-tank-3000mah-batterie-pod.jpg\",\"contentUrl\":\"https:\/\/ae01.alicdn.com\/kf\/Sfba7ffa4c9e1429aa3f066e823fb67a2W\/Voopoo-argus-pro-pod-mod-kit-80w-4-5-ml-pnp-pod-tank-3000mah-batterie-pod.jpg\",\"width\":1000,\"height\":1000},{\"@type\":\"BreadcrumbList\",\"@id\":\"https:\/\/www.elementvape.de\/produkt\/voopoo-argus-pro-pod-mod-kit-pod-tank-e-zigarette\/#breadcrumb\",\"itemListElement\":[{\"@type\":\"ListItem\",\"position\":1,\"name\":\"Home\",\"item\":\"https:\/\/www.elementvape.de\/\"},{\"@type\":\"ListItem\",\"position\":2,\"name\":\"Shop\",\"item\":\"https:\/\/www.elementvape.de\/shop\/\"},{\"@type\":\"ListItem\",\"position\":3,\"name\":\"Voopoo argus Pro pod mod kit pod tank E-Zigarette\"}]},{\"@type\":\"WebSite\",\"@id\":\"https:\/\/www.elementvape.de\/#website\",\"url\":\"https:\/\/www.elementvape.de\/\",\"name\":\"ElementVape.de\",\"description\":\"\",\"publisher\":{\"@id\":\"https:\/\/www.elementvape.de\/#organization\"},\"potentialAction\":[{\"@type\":\"SearchAction\",\"target\":{\"@type\":\"EntryPoint\",\"urlTemplate\":\"https:\/\/www.elementvape.de\/?s={search_term_string}\"},\"query-input\":\"required name=search_term_string\"}],\"inLanguage\":\"pt-PT\"},{\"@type\":\"Organization\",\"@id\":\"https:\/\/www.elementvape.de\/#organization\",\"name\":\"ElementVape.DE\",\"url\":\"https:\/\/www.elementvape.de\/\",\"logo\":{\"@type\":\"ImageObject\",\"inLanguage\":\"pt-PT\",\"@id\":\"https:\/\/www.elementvape.de\/#\/schema\/logo\/image\/\",\"url\":\"https:\/\/www.elementvape.de\/wp-content\/uploads\/2024\/09\/cropped-1elementvape-3.png\",\"contentUrl\":\"https:\/\/www.elementvape.de\/wp-content\/uploads\/2024\/09\/cropped-1elementvape-3.png\",\"width\":285,\"height\":228,\"caption\":\"ElementVape.DE\"},\"image\":{\"@id\":\"https:\/\/www.elementvape.de\/#\/schema\/logo\/image\/\"}}]}<\/script>\n<!-- \/ Yoast SEO plugin. -->","yoast_head_json":{"title":"Voopoo argus Pro pod mod kit pod tank E-Zigarette | ElementVape.de","description":"Wir bieten Voopoo argus Pro pod mod kit pod tank E-Zigarette , Elementvape.de akzeptieren Gro\u00df-und Einzelhandel Bestellungen.","robots":{"index":"index","follow":"follow","max-snippet":"max-snippet:-1","max-image-preview":"max-image-preview:large","max-video-preview":"max-video-preview:-1"},"canonical":"https:\/\/www.elementvape.de\/pt\/produkt\/voopoo-argus-pro-pod-mod-kit-pod-tank-e-zigarette\/","og_locale":"pt_PT","og_type":"article","og_title":"Voopoo argus Pro pod mod kit pod tank E-Zigarette | ElementVape.de","og_description":"Wir bieten Voopoo argus Pro pod mod kit pod tank E-Zigarette , Elementvape.de akzeptieren Gro\u00df-und Einzelhandel Bestellungen.","og_url":"https:\/\/www.elementvape.de\/pt\/produkt\/voopoo-argus-pro-pod-mod-kit-pod-tank-e-zigarette\/","og_site_name":"ElementVape.de","article_modified_time":"2024-09-12T10:32:05+00:00","og_image":[{"width":1000,"height":1000,"url":"https:\/\/ae01.alicdn.com\/kf\/Sfba7ffa4c9e1429aa3f066e823fb67a2W\/Voopoo-argus-pro-pod-mod-kit-80w-4-5-ml-pnp-pod-tank-3000mah-batterie-pod.jpg","type":"image\/jpeg"}],"twitter_card":"summary_large_image","twitter_misc":{"Est. reading time":"7 minutos"},"schema":{"@context":"https:\/\/schema.org","@graph":[{"@type":"WebPage","@id":"https:\/\/www.elementvape.de\/produkt\/voopoo-argus-pro-pod-mod-kit-pod-tank-e-zigarette\/","url":"https:\/\/www.elementvape.de\/produkt\/voopoo-argus-pro-pod-mod-kit-pod-tank-e-zigarette\/","name":"Voopoo argus Pro pod mod kit pod tank E-Zigarette | ElementVape.de","isPartOf":{"@id":"https:\/\/www.elementvape.de\/#website"},"primaryImageOfPage":{"@id":"https:\/\/www.elementvape.de\/produkt\/voopoo-argus-pro-pod-mod-kit-pod-tank-e-zigarette\/#primaryimage"},"image":{"@id":"https:\/\/www.elementvape.de\/produkt\/voopoo-argus-pro-pod-mod-kit-pod-tank-e-zigarette\/#primaryimage"},"thumbnailUrl":"https:\/\/ae01.alicdn.com\/kf\/Sfba7ffa4c9e1429aa3f066e823fb67a2W\/Voopoo-argus-pro-pod-mod-kit-80w-4-5-ml-pnp-pod-tank-3000mah-batterie-pod.jpg","datePublished":"2024-04-20T07:49:06+00:00","dateModified":"2024-09-12T10:32:05+00:00","description":"Wir bieten Voopoo argus Pro pod mod kit pod tank E-Zigarette , Elementvape.de akzeptieren Gro\u00df-und Einzelhandel Bestellungen.","breadcrumb":{"@id":"https:\/\/www.elementvape.de\/produkt\/voopoo-argus-pro-pod-mod-kit-pod-tank-e-zigarette\/#breadcrumb"},"inLanguage":"pt-PT","potentialAction":[{"@type":"ReadAction","target":["https:\/\/www.elementvape.de\/produkt\/voopoo-argus-pro-pod-mod-kit-pod-tank-e-zigarette\/"]}]},{"@type":"ImageObject","inLanguage":"pt-PT","@id":"https:\/\/www.elementvape.de\/produkt\/voopoo-argus-pro-pod-mod-kit-pod-tank-e-zigarette\/#primaryimage","url":"https:\/\/ae01.alicdn.com\/kf\/Sfba7ffa4c9e1429aa3f066e823fb67a2W\/Voopoo-argus-pro-pod-mod-kit-80w-4-5-ml-pnp-pod-tank-3000mah-batterie-pod.jpg","contentUrl":"https:\/\/ae01.alicdn.com\/kf\/Sfba7ffa4c9e1429aa3f066e823fb67a2W\/Voopoo-argus-pro-pod-mod-kit-80w-4-5-ml-pnp-pod-tank-3000mah-batterie-pod.jpg","width":1000,"height":1000},{"@type":"BreadcrumbList","@id":"https:\/\/www.elementvape.de\/produkt\/voopoo-argus-pro-pod-mod-kit-pod-tank-e-zigarette\/#breadcrumb","itemListElement":[{"@type":"ListItem","position":1,"name":"Home","item":"https:\/\/www.elementvape.de\/"},{"@type":"ListItem","position":2,"name":"Shop","item":"https:\/\/www.elementvape.de\/shop\/"},{"@type":"ListItem","position":3,"name":"Voopoo argus Pro pod mod kit pod tank E-Zigarette"}]},{"@type":"WebSite","@id":"https:\/\/www.elementvape.de\/#website","url":"https:\/\/www.elementvape.de\/","name":"ElementVape.de","description":"","publisher":{"@id":"https:\/\/www.elementvape.de\/#organization"},"potentialAction":[{"@type":"SearchAction","target":{"@type":"EntryPoint","urlTemplate":"https:\/\/www.elementvape.de\/?s={search_term_string}"},"query-input":"required name=search_term_string"}],"inLanguage":"pt-PT"},{"@type":"Organization","@id":"https:\/\/www.elementvape.de\/#organization","name":"ElementVape.DE","url":"https:\/\/www.elementvape.de\/","logo":{"@type":"ImageObject","inLanguage":"pt-PT","@id":"https:\/\/www.elementvape.de\/#\/schema\/logo\/image\/","url":"https:\/\/www.elementvape.de\/wp-content\/uploads\/2024\/09\/cropped-1elementvape-3.png","contentUrl":"https:\/\/www.elementvape.de\/wp-content\/uploads\/2024\/09\/cropped-1elementvape-3.png","width":285,"height":228,"caption":"ElementVape.DE"},"image":{"@id":"https:\/\/www.elementvape.de\/#\/schema\/logo\/image\/"}}]}},"_links":{"self":[{"href":"https:\/\/www.elementvape.de\/pt\/wp-json\/wp\/v2\/product\/8150"}],"collection":[{"href":"https:\/\/www.elementvape.de\/pt\/wp-json\/wp\/v2\/product"}],"about":[{"href":"https:\/\/www.elementvape.de\/pt\/wp-json\/wp\/v2\/types\/product"}],"wp:featuredmedia":[{"embeddable":true,"href":"https:\/\/www.elementvape.de\/pt\/wp-json\/wp\/v2\/media\/8152"}],"wp:attachment":[{"href":"https:\/\/www.elementvape.de\/pt\/wp-json\/wp\/v2\/media?parent=8150"}],"wp:term":[{"taxonomy":"product_cat","embeddable":true,"href":"https:\/\/www.elementvape.de\/pt\/wp-json\/wp\/v2\/product_cat?post=8150"},{"taxonomy":"product_tag","embeddable":true,"href":"https:\/\/www.elementvape.de\/pt\/wp-json\/wp\/v2\/product_tag?post=8150"}],"curies":[{"name":"wp","href":"https:\/\/api.w.org\/{rel}","templated":true}]}}