{"id":8118,"date":"2024-04-20T07:44:38","date_gmt":"2024-04-20T07:44:38","guid":{"rendered":"https:\/\/www.elementvape.de\/?post_type=product&#038;p=8118"},"modified":"2024-09-12T10:32:07","modified_gmt":"2024-09-12T10:32:07","slug":"wolfcoolvape-e-zigaretten-vape-120-w-box-modul-kit","status":"publish","type":"product","link":"https:\/\/www.elementvape.de\/pt\/produkt\/wolfcoolvape-e-zigaretten-vape-120-w-box-modul-kit\/","title":{"rendered":"Wolfcoolvape kit de cigarro eletr\u00f3nico Vape com mod de caixa de 120 W e bateria de 1800 mAh"},"content":{"rendered":"<p>&nbsp;<\/p>\n<div class=\"product-specs-list-container\">\n<ul class=\"product-specs-list util-clearfix\">\n<li class=\"product-prop line-limit-length\"><span class=\"property-title\">Apar\u00eancia:\u00a0<\/span><span class=\"property-desc line-limit-length\">Forma da Caixa<\/span><\/li>\n<li class=\"product-prop line-limit-length\"><span class=\"property-title\">Bateria Compat\u00edvel:\u00a0<\/span><span class=\"property-desc line-limit-length\">Nenhum<\/span><\/li>\n<li class=\"product-prop line-limit-length\"><span class=\"property-title\">Fun\u00e7\u00e3o de Monitoriza\u00e7\u00e3o do N\u00famero de Fuma\u00e7as:\u00a0<\/span><span class=\"property-desc line-limit-length\">N\u00e3o<\/span><\/li>\n<li class=\"product-prop line-limit-length\"><span class=\"property-title\">Estojo de Silicone:\u00a0<\/span><span class=\"property-desc line-limit-length\">N\u00e3o<\/span><\/li>\n<li class=\"product-prop line-limit-length\"><span class=\"property-title\">Regula\u00e7\u00e3o de Temperatura:\u00a0<\/span><span class=\"property-desc line-limit-length\">N\u00e3o<\/span><\/li>\n<li class=\"product-prop line-limit-length\"><span class=\"property-title\">Bateria Embutida ou Externa:\u00a0<\/span><span class=\"property-desc line-limit-length\">Embebida<\/span><\/li>\n<li class=\"product-prop line-limit-length\"><span class=\"property-title\">Fun\u00e7\u00e3o de Prote\u00e7\u00e3o contra Curto-Circuito:\u00a0<\/span><span class=\"property-desc line-limit-length\">Ja<\/span><\/li>\n<li class=\"product-prop line-limit-length\"><span class=\"property-title\">Fun\u00e7\u00e3o de Prote\u00e7\u00e3o contra Sobreaquecimento:\u00a0<\/span><span class=\"property-desc line-limit-length\">Ja<\/span><\/li>\n<li class=\"product-prop line-limit-length\"><span class=\"property-title\">Fun\u00e7\u00e3o de alarme de baixa tens\u00e3o:\u00a0<\/span><span class=\"property-desc line-limit-length\">N\u00e3o<\/span><\/li>\n<li class=\"product-prop line-limit-length\"><span class=\"property-title\">Fun\u00e7\u00e3o de identifica\u00e7\u00e3o do vaporizador:\u00a0<\/span><span class=\"property-desc line-limit-length\">N\u00e3o<\/span><\/li>\n<li class=\"product-prop line-limit-length\"><span class=\"property-title\">Modos de configura\u00e7\u00e3o TCR:\u00a0<\/span><span class=\"property-desc line-limit-length\">N\u00e3o<\/span><\/li>\n<li class=\"product-prop line-limit-length\"><span class=\"property-title\">Capacidade nominal:\u00a0<\/span><span class=\"property-desc line-limit-length\">1800 mAh<\/span><\/li>\n<li class=\"product-prop line-limit-length\"><span class=\"property-title\">Bateria compat\u00edvel: 18350\u00a0<\/span><span class=\"property-desc line-limit-length\">Metal<\/span><\/li>\n<li class=\"product-prop line-limit-length\"><span class=\"property-title\">Modelo compat\u00edvel:\u00a0<\/span><span class=\"property-desc line-limit-length\">Wolfcoolvape Cigarros Electr\u00f3nicos Vape Kit de Caixa 120W 1800mah OLED<\/span><\/li>\n<li class=\"product-prop line-limit-length\"><span class=\"property-title\">N\u00famero do modelo:\u00a0<\/span><span class=\"property-desc line-limit-length\">Wolfcoolvape Cigarros Electr\u00f3nicos Vape Kit de Caixa 120W 1800mah OLED<\/span><\/li>\n<li class=\"product-prop line-limit-length\"><span class=\"property-title\">Carregador USB:\u00a0<\/span><span class=\"property-desc line-limit-length\">Ja<\/span><\/li>\n<li class=\"product-prop line-limit-length\"><span class=\"property-title\">Atualiza\u00e7\u00e3o de firmware:\u00a0<\/span><span class=\"property-desc line-limit-length\">N\u00e3o<\/span><\/li>\n<li class=\"product-prop line-limit-length\"><span class=\"property-title\">Fun\u00e7\u00e3o de monitoriza\u00e7\u00e3o do n\u00famero de fumos: N\u00e3o\u00a0<\/span><span class=\"property-desc line-limit-length\">Ja<\/span><\/li>\n<li class=\"product-prop line-limit-length\"><span class=\"property-title\">Tipo:\u00a0<\/span><span class=\"property-desc line-limit-length\">Com bateria<\/span><\/li>\n<li class=\"product-prop line-limit-length\"><span class=\"property-title\">Nome da marca:\u00a0<\/span><span class=\"property-desc line-limit-length\">WOLF COOLVAPE<\/span><\/li>\n<li class=\"product-prop line-limit-length\"><span class=\"property-title\">Origem:\u00a0<\/span><span class=\"property-desc line-limit-length\">CN (Origem)<\/span><\/li>\n<\/ul>\n<\/div>\n<div class=\"detailmodule_html\">\n<div class=\"detail-desc-decorate-richtext\">\n<div class=\"detailmodule_text-image\">\n<div class=\"detailmodule_media\">\n<div class=\"video-container-1100202521669\">\n<div id=\"1100202521669\" class=\"detail-video\" data-previewurl=\"https:\/\/ae01.alicdn.com\/kf\/Scdb02e7963114b9fbecf5d02daef0ca1Q.jpg\"><\/div>\n<\/div>\n<\/div>\n<p id=\"tl_1\" class=\"detail-desc-decorate-title\" style=\"font-family: OpenSans; font-size: 20px; font-weight: 900; line-height: 28px; margin-bottom: 12px;\">Wolfcoolvape cigarros eletr\u00f3nicos vape kit de caixa 120w 1800mah ecr\u00e3 OLED kit de vaporizador de cigarro eletr\u00f4nico 2,5 ml<\/p>\n<p id=\"tl_2\" class=\"detail-desc-decorate-content\" style=\"font-family: OpenSans; font-size: 14px; font-weight: 300; line-height: 20px; margin-bottom: 12px;\">Jogador Wolfcoolvape avalia experi\u00eancia com consolas eletr\u00f3nicas<\/p>\n<p>Nota: Se desejar analisar um sabor melhor, este produto n\u00e3o \u00e9 adequado para si. Se for um jogador experiente, deve entender que deve procurar um que possa controlar a temperatura.<br \/>\nNo entanto, ao trocar para outros vaporizadores como mtl dl rta rda, etc., a fun\u00e7\u00e3o da m\u00e1quina s\u00f3 pode ser usada, ou pode alter\u00e1-la por si pr\u00f3prio.<br \/>\nVerifique a resist\u00eancia do fio de aquecimento.<\/p>\n<p>O produto \u00e9 de grande vapor \u2014\u2014\u2014- S\u00f3 quero divertir-me<br \/>\nDescri\u00e7\u00e3o da fun\u00e7\u00e3o:<br \/>\nOs produtos s\u00e3o universais, com conex\u00e3o tipo 510. Pode tamb\u00e9m ver produtos semelhantes na plataforma, e as fun\u00e7\u00f5es s\u00e3o realmente iguais.<br \/>\nEste produto apenas altera os n\u00fameros, a resist\u00eancia e a voltagem s\u00e3o para decora\u00e7\u00e3o (\u00e9 mais conveniente do que o ajuste de voltagem de tr\u00eas posi\u00e7\u00f5es)<\/p>\n<p>Se deseja grande vapor, pode comprar<\/p>\n<p>Por que o wolfcoolvape recomenda este produto?<br \/>\nResposta: 1. a qualidade \u00e9 aceit\u00e1vel. Se n\u00e3o for o vaporizador original, deve substitu\u00ed-lo por outro vaporizador, mas sempre usando um vaporizador com conex\u00e3o tipo 510. N\u00e3o force demais ao torcer.<br \/>\n2. \u00e9 para iniciantes. Se quiser tornar-se um mestre, DIY e ajuste s\u00e3o os melhores (encontre outros locais para comprar)<\/p>\n<\/div>\n<div class=\"detailmodule_text-image\"><img decoding=\"async\" loading=\"lazy\" class=\"detail-desc-decorate-image\" src=\"https:\/\/ae01.alicdn.com\/kf\/Scebfa41f81214dfa8fac3b1246a220efE.jpg\" \/><br \/>\n<img decoding=\"async\" loading=\"lazy\" class=\"detail-desc-decorate-image\" src=\"https:\/\/ae01.alicdn.com\/kf\/S81262fbe904d40ed95dd69aa0ecfbddag.jpg\" \/><br \/>\n<img decoding=\"async\" loading=\"lazy\" class=\"detail-desc-decorate-image\" src=\"https:\/\/ae01.alicdn.com\/kf\/S58a5606316e943eebb7d956c71c4e78eO.jpg\" \/><br \/>\n<img decoding=\"async\" loading=\"lazy\" class=\"detail-desc-decorate-image\" src=\"https:\/\/ae01.alicdn.com\/kf\/S96166073b2694d2d89ea19090d8823b4t.jpg\" \/><br \/>\n<img decoding=\"async\" loading=\"lazy\" class=\"detail-desc-decorate-image\" src=\"https:\/\/ae01.alicdn.com\/kf\/S31d5942aa44e481ca94f5f403462f5a97.jpg\" \/><br \/>\n<img decoding=\"async\" loading=\"lazy\" class=\"detail-desc-decorate-image\" src=\"https:\/\/ae01.alicdn.com\/kf\/S25b996817f5e41dc8f3a3b4ca08165702.jpg\" \/><\/div>\n<p>&nbsp;<\/p>\n<\/div>\n<\/div>","protected":false},"excerpt":{"rendered":"<p>&nbsp; Aussehen:\u00a0Box Form Kompatibler Akku:\u00a0Kein \u00dcberwachung Funktion Von Rauchen Anzahl:\u00a0Nein Silikon Fall:\u00a0Nein Temperaturregelung:\u00a0Nein Eingebaute Oder Externe Batterie:\u00a0Eingebaute Kurzschlussschutz Funktion:\u00a0Ja \u00dcberhitzungsschutz-funktion:\u00a0Ja Niederspannungsalarmfunktion:\u00a0Nein Zerst\u00e4uber Identifikation Funktion:\u00a0Nein TCR Einstellung Modi:\u00a0Nein Nominale Kapazit\u00e4t:\u00a01800 mAh Material:\u00a0Metall Compatible Model:\u00a0wolfcoolvape Electronic Cigarettes Vape 120W Box Mod Kit 1800mah OLED Modellnummer:\u00a0wolfcoolvape Electronic Cigarettes Vape 120W Box Mod Kit 1800mah OLED Usb-ladeger\u00e4t:\u00a0Ja Firmware-upgrade:\u00a0Nein Display:\u00a0Ja [&hellip;]<\/p>","protected":false},"featured_media":8120,"template":"","meta":{"inline_featured_image":false},"product_cat":[78,750,737,736,749,77],"product_tag":[],"tiered_pricing_type":"fixed","tiered_pricing_fixed_rules":[],"tiered_pricing_percentage_rules":[],"tiered_pricing_minimum":1,"_administrator_tiered_pricing_type":"fixed","_administrator_tiered_pricing_fixed_rules":[],"_editor_tiered_pricing_type":"fixed","_editor_tiered_pricing_fixed_rules":[],"_author_tiered_pricing_type":"fixed","_author_tiered_pricing_fixed_rules":[],"_contributor_tiered_pricing_type":"fixed","_contributor_tiered_pricing_fixed_rules":[],"_subscriber_tiered_pricing_type":"fixed","_subscriber_tiered_pricing_fixed_rules":[],"_customer_tiered_pricing_type":"fixed","_customer_tiered_pricing_fixed_rules":[],"_shop_manager_tiered_pricing_type":"fixed","_shop_manager_tiered_pricing_fixed_rules":[],"_wpseo_manager_tiered_pricing_type":"fixed","_wpseo_manager_tiered_pricing_fixed_rules":[],"_wpseo_editor_tiered_pricing_type":"fixed","_wpseo_editor_tiered_pricing_fixed_rules":[],"_wholesale_customer_tiered_pricing_type":"fixed","_wholesale_customer_tiered_pricing_fixed_rules":[],"_marketer_tiered_pricing_type":"fixed","_marketer_tiered_pricing_fixed_rules":[],"_sales_manager_tiered_pricing_type":"fixed","_sales_manager_tiered_pricing_fixed_rules":[],"_sales_rep_tiered_pricing_type":"fixed","_sales_rep_tiered_pricing_fixed_rules":[],"yoast_head":"<!-- This site is optimized with the Yoast SEO plugin v23.3 - https:\/\/yoast.com\/wordpress\/plugins\/seo\/ -->\n<title>Wolfcoolvape E-Zigaretten-Vape-120-W-Box-Modul-Kit | ElementVape.de<\/title>\n<meta name=\"description\" content=\"Wir bieten Wolfcoolvape E-Zigaretten-Vape-120-W-Box-Modul-Kit , Elementvape.de akzeptieren Gro\u00df-und Einzelhandel Bestellungen.\" \/>\n<meta name=\"robots\" content=\"index, follow, max-snippet:-1, max-image-preview:large, max-video-preview:-1\" \/>\n<link rel=\"canonical\" href=\"https:\/\/www.elementvape.de\/pt\/produkt\/wolfcoolvape-e-zigaretten-vape-120-w-box-modul-kit\/\" \/>\n<meta property=\"og:locale\" content=\"pt_PT\" \/>\n<meta property=\"og:type\" content=\"article\" \/>\n<meta property=\"og:title\" content=\"Wolfcoolvape E-Zigaretten-Vape-120-W-Box-Modul-Kit | ElementVape.de\" \/>\n<meta property=\"og:description\" content=\"Wir bieten Wolfcoolvape E-Zigaretten-Vape-120-W-Box-Modul-Kit , Elementvape.de akzeptieren Gro\u00df-und Einzelhandel Bestellungen.\" \/>\n<meta property=\"og:url\" content=\"https:\/\/www.elementvape.de\/pt\/produkt\/wolfcoolvape-e-zigaretten-vape-120-w-box-modul-kit\/\" \/>\n<meta property=\"og:site_name\" content=\"ElementVape.de\" \/>\n<meta property=\"article:modified_time\" content=\"2024-09-12T10:32:07+00:00\" \/>\n<meta property=\"og:image\" content=\"https:\/\/ae01.alicdn.com\/kf\/S58a5606316e943eebb7d956c71c4e78eO\/Wolfcoolvape-elektronische-zigaretten-vape-120w-box-mod-kit-1800mah-oled-bildschirm-e-zigaretten-verdampfer-kit-2.jpg\" \/>\n\t<meta property=\"og:image:width\" content=\"1000\" \/>\n\t<meta property=\"og:image:height\" content=\"1000\" \/>\n\t<meta property=\"og:image:type\" content=\"image\/jpeg\" \/>\n<meta name=\"twitter:card\" content=\"summary_large_image\" \/>\n<meta name=\"twitter:label1\" content=\"Est. reading time\" \/>\n\t<meta name=\"twitter:data1\" content=\"4 minutos\" \/>\n<script type=\"application\/ld+json\" class=\"yoast-schema-graph\">{\"@context\":\"https:\/\/schema.org\",\"@graph\":[{\"@type\":\"WebPage\",\"@id\":\"https:\/\/www.elementvape.de\/da\/produkt\/wolfcoolvape-e-zigaretten-vape-120-w-box-modul-kit\/\",\"url\":\"https:\/\/www.elementvape.de\/da\/produkt\/wolfcoolvape-e-zigaretten-vape-120-w-box-modul-kit\/\",\"name\":\"Wolfcoolvape E-Zigaretten-Vape-120-W-Box-Modul-Kit | ElementVape.de\",\"isPartOf\":{\"@id\":\"https:\/\/www.elementvape.de\/#website\"},\"primaryImageOfPage\":{\"@id\":\"https:\/\/www.elementvape.de\/da\/produkt\/wolfcoolvape-e-zigaretten-vape-120-w-box-modul-kit\/#primaryimage\"},\"image\":{\"@id\":\"https:\/\/www.elementvape.de\/da\/produkt\/wolfcoolvape-e-zigaretten-vape-120-w-box-modul-kit\/#primaryimage\"},\"thumbnailUrl\":\"https:\/\/ae01.alicdn.com\/kf\/S58a5606316e943eebb7d956c71c4e78eO\/Wolfcoolvape-elektronische-zigaretten-vape-120w-box-mod-kit-1800mah-oled-bildschirm-e-zigaretten-verdampfer-kit-2.jpg\",\"datePublished\":\"2024-04-20T07:44:38+00:00\",\"dateModified\":\"2024-09-12T10:32:07+00:00\",\"description\":\"Wir bieten Wolfcoolvape E-Zigaretten-Vape-120-W-Box-Modul-Kit , Elementvape.de akzeptieren Gro\u00df-und Einzelhandel Bestellungen.\",\"breadcrumb\":{\"@id\":\"https:\/\/www.elementvape.de\/da\/produkt\/wolfcoolvape-e-zigaretten-vape-120-w-box-modul-kit\/#breadcrumb\"},\"inLanguage\":\"pt-PT\",\"potentialAction\":[{\"@type\":\"ReadAction\",\"target\":[\"https:\/\/www.elementvape.de\/da\/produkt\/wolfcoolvape-e-zigaretten-vape-120-w-box-modul-kit\/\"]}]},{\"@type\":\"ImageObject\",\"inLanguage\":\"pt-PT\",\"@id\":\"https:\/\/www.elementvape.de\/da\/produkt\/wolfcoolvape-e-zigaretten-vape-120-w-box-modul-kit\/#primaryimage\",\"url\":\"https:\/\/ae01.alicdn.com\/kf\/S58a5606316e943eebb7d956c71c4e78eO\/Wolfcoolvape-elektronische-zigaretten-vape-120w-box-mod-kit-1800mah-oled-bildschirm-e-zigaretten-verdampfer-kit-2.jpg\",\"contentUrl\":\"https:\/\/ae01.alicdn.com\/kf\/S58a5606316e943eebb7d956c71c4e78eO\/Wolfcoolvape-elektronische-zigaretten-vape-120w-box-mod-kit-1800mah-oled-bildschirm-e-zigaretten-verdampfer-kit-2.jpg\",\"width\":1000,\"height\":1000},{\"@type\":\"BreadcrumbList\",\"@id\":\"https:\/\/www.elementvape.de\/da\/produkt\/wolfcoolvape-e-zigaretten-vape-120-w-box-modul-kit\/#breadcrumb\",\"itemListElement\":[{\"@type\":\"ListItem\",\"position\":1,\"name\":\"Home\",\"item\":\"https:\/\/www.elementvape.de\/\"},{\"@type\":\"ListItem\",\"position\":2,\"name\":\"Shop\",\"item\":\"https:\/\/www.elementvape.de\/shop\/\"},{\"@type\":\"ListItem\",\"position\":3,\"name\":\"Wolfcoolvape E-Zigaretten-Vape-120-W-Box-Modul-Kit\"}]},{\"@type\":\"WebSite\",\"@id\":\"https:\/\/www.elementvape.de\/#website\",\"url\":\"https:\/\/www.elementvape.de\/\",\"name\":\"ElementVape.de\",\"description\":\"\",\"publisher\":{\"@id\":\"https:\/\/www.elementvape.de\/#organization\"},\"potentialAction\":[{\"@type\":\"SearchAction\",\"target\":{\"@type\":\"EntryPoint\",\"urlTemplate\":\"https:\/\/www.elementvape.de\/?s={search_term_string}\"},\"query-input\":\"required name=search_term_string\"}],\"inLanguage\":\"pt-PT\"},{\"@type\":\"Organization\",\"@id\":\"https:\/\/www.elementvape.de\/#organization\",\"name\":\"ElementVape.DE\",\"url\":\"https:\/\/www.elementvape.de\/\",\"logo\":{\"@type\":\"ImageObject\",\"inLanguage\":\"pt-PT\",\"@id\":\"https:\/\/www.elementvape.de\/#\/schema\/logo\/image\/\",\"url\":\"https:\/\/www.elementvape.de\/wp-content\/uploads\/2024\/09\/cropped-1elementvape-3.png\",\"contentUrl\":\"https:\/\/www.elementvape.de\/wp-content\/uploads\/2024\/09\/cropped-1elementvape-3.png\",\"width\":285,\"height\":228,\"caption\":\"ElementVape.DE\"},\"image\":{\"@id\":\"https:\/\/www.elementvape.de\/#\/schema\/logo\/image\/\"}}]}<\/script>\n<!-- \/ Yoast SEO plugin. -->","yoast_head_json":{"title":"Wolfcoolvape E-Zigaretten-Vape-120-W-Box-Modul-Kit | ElementVape.de","description":"Wir bieten Wolfcoolvape E-Zigaretten-Vape-120-W-Box-Modul-Kit , Elementvape.de akzeptieren Gro\u00df-und Einzelhandel Bestellungen.","robots":{"index":"index","follow":"follow","max-snippet":"max-snippet:-1","max-image-preview":"max-image-preview:large","max-video-preview":"max-video-preview:-1"},"canonical":"https:\/\/www.elementvape.de\/pt\/produkt\/wolfcoolvape-e-zigaretten-vape-120-w-box-modul-kit\/","og_locale":"pt_PT","og_type":"article","og_title":"Wolfcoolvape E-Zigaretten-Vape-120-W-Box-Modul-Kit | ElementVape.de","og_description":"Wir bieten Wolfcoolvape E-Zigaretten-Vape-120-W-Box-Modul-Kit , Elementvape.de akzeptieren Gro\u00df-und Einzelhandel Bestellungen.","og_url":"https:\/\/www.elementvape.de\/pt\/produkt\/wolfcoolvape-e-zigaretten-vape-120-w-box-modul-kit\/","og_site_name":"ElementVape.de","article_modified_time":"2024-09-12T10:32:07+00:00","og_image":[{"width":1000,"height":1000,"url":"https:\/\/ae01.alicdn.com\/kf\/S58a5606316e943eebb7d956c71c4e78eO\/Wolfcoolvape-elektronische-zigaretten-vape-120w-box-mod-kit-1800mah-oled-bildschirm-e-zigaretten-verdampfer-kit-2.jpg","type":"image\/jpeg"}],"twitter_card":"summary_large_image","twitter_misc":{"Est. reading time":"4 minutos"},"schema":{"@context":"https:\/\/schema.org","@graph":[{"@type":"WebPage","@id":"https:\/\/www.elementvape.de\/da\/produkt\/wolfcoolvape-e-zigaretten-vape-120-w-box-modul-kit\/","url":"https:\/\/www.elementvape.de\/da\/produkt\/wolfcoolvape-e-zigaretten-vape-120-w-box-modul-kit\/","name":"Wolfcoolvape E-Zigaretten-Vape-120-W-Box-Modul-Kit | ElementVape.de","isPartOf":{"@id":"https:\/\/www.elementvape.de\/#website"},"primaryImageOfPage":{"@id":"https:\/\/www.elementvape.de\/da\/produkt\/wolfcoolvape-e-zigaretten-vape-120-w-box-modul-kit\/#primaryimage"},"image":{"@id":"https:\/\/www.elementvape.de\/da\/produkt\/wolfcoolvape-e-zigaretten-vape-120-w-box-modul-kit\/#primaryimage"},"thumbnailUrl":"https:\/\/ae01.alicdn.com\/kf\/S58a5606316e943eebb7d956c71c4e78eO\/Wolfcoolvape-elektronische-zigaretten-vape-120w-box-mod-kit-1800mah-oled-bildschirm-e-zigaretten-verdampfer-kit-2.jpg","datePublished":"2024-04-20T07:44:38+00:00","dateModified":"2024-09-12T10:32:07+00:00","description":"Wir bieten Wolfcoolvape E-Zigaretten-Vape-120-W-Box-Modul-Kit , Elementvape.de akzeptieren Gro\u00df-und Einzelhandel Bestellungen.","breadcrumb":{"@id":"https:\/\/www.elementvape.de\/da\/produkt\/wolfcoolvape-e-zigaretten-vape-120-w-box-modul-kit\/#breadcrumb"},"inLanguage":"pt-PT","potentialAction":[{"@type":"ReadAction","target":["https:\/\/www.elementvape.de\/da\/produkt\/wolfcoolvape-e-zigaretten-vape-120-w-box-modul-kit\/"]}]},{"@type":"ImageObject","inLanguage":"pt-PT","@id":"https:\/\/www.elementvape.de\/da\/produkt\/wolfcoolvape-e-zigaretten-vape-120-w-box-modul-kit\/#primaryimage","url":"https:\/\/ae01.alicdn.com\/kf\/S58a5606316e943eebb7d956c71c4e78eO\/Wolfcoolvape-elektronische-zigaretten-vape-120w-box-mod-kit-1800mah-oled-bildschirm-e-zigaretten-verdampfer-kit-2.jpg","contentUrl":"https:\/\/ae01.alicdn.com\/kf\/S58a5606316e943eebb7d956c71c4e78eO\/Wolfcoolvape-elektronische-zigaretten-vape-120w-box-mod-kit-1800mah-oled-bildschirm-e-zigaretten-verdampfer-kit-2.jpg","width":1000,"height":1000},{"@type":"BreadcrumbList","@id":"https:\/\/www.elementvape.de\/da\/produkt\/wolfcoolvape-e-zigaretten-vape-120-w-box-modul-kit\/#breadcrumb","itemListElement":[{"@type":"ListItem","position":1,"name":"Home","item":"https:\/\/www.elementvape.de\/"},{"@type":"ListItem","position":2,"name":"Shop","item":"https:\/\/www.elementvape.de\/shop\/"},{"@type":"ListItem","position":3,"name":"Wolfcoolvape E-Zigaretten-Vape-120-W-Box-Modul-Kit"}]},{"@type":"WebSite","@id":"https:\/\/www.elementvape.de\/#website","url":"https:\/\/www.elementvape.de\/","name":"ElementVape.de","description":"","publisher":{"@id":"https:\/\/www.elementvape.de\/#organization"},"potentialAction":[{"@type":"SearchAction","target":{"@type":"EntryPoint","urlTemplate":"https:\/\/www.elementvape.de\/?s={search_term_string}"},"query-input":"required name=search_term_string"}],"inLanguage":"pt-PT"},{"@type":"Organization","@id":"https:\/\/www.elementvape.de\/#organization","name":"ElementVape.DE","url":"https:\/\/www.elementvape.de\/","logo":{"@type":"ImageObject","inLanguage":"pt-PT","@id":"https:\/\/www.elementvape.de\/#\/schema\/logo\/image\/","url":"https:\/\/www.elementvape.de\/wp-content\/uploads\/2024\/09\/cropped-1elementvape-3.png","contentUrl":"https:\/\/www.elementvape.de\/wp-content\/uploads\/2024\/09\/cropped-1elementvape-3.png","width":285,"height":228,"caption":"ElementVape.DE"},"image":{"@id":"https:\/\/www.elementvape.de\/#\/schema\/logo\/image\/"}}]}},"_links":{"self":[{"href":"https:\/\/www.elementvape.de\/pt\/wp-json\/wp\/v2\/product\/8118"}],"collection":[{"href":"https:\/\/www.elementvape.de\/pt\/wp-json\/wp\/v2\/product"}],"about":[{"href":"https:\/\/www.elementvape.de\/pt\/wp-json\/wp\/v2\/types\/product"}],"wp:featuredmedia":[{"embeddable":true,"href":"https:\/\/www.elementvape.de\/pt\/wp-json\/wp\/v2\/media\/8120"}],"wp:attachment":[{"href":"https:\/\/www.elementvape.de\/pt\/wp-json\/wp\/v2\/media?parent=8118"}],"wp:term":[{"taxonomy":"product_cat","embeddable":true,"href":"https:\/\/www.elementvape.de\/pt\/wp-json\/wp\/v2\/product_cat?post=8118"},{"taxonomy":"product_tag","embeddable":true,"href":"https:\/\/www.elementvape.de\/pt\/wp-json\/wp\/v2\/product_tag?post=8118"}],"curies":[{"name":"wp","href":"https:\/\/api.w.org\/{rel}","templated":true}]}}