{"id":8102,"date":"2024-04-20T05:53:44","date_gmt":"2024-04-20T05:53:44","guid":{"rendered":"https:\/\/www.elementvape.de\/?post_type=product&#038;p=8102"},"modified":"2024-09-12T10:34:13","modified_gmt":"2024-09-12T10:34:13","slug":"geekvape-max-100-kit-100w-box-mod-vape","status":"publish","type":"product","link":"https:\/\/www.elementvape.de\/pt\/produkt\/geekvape-max-100-kit-100w-box-mod-vape\/","title":{"rendered":"GeekVape Max 100 Kit Mod de Caixa 100W Vape 5,5 ML Z Sub ohm Tanque eletr\u00f4nico para cigarro vaporizador compat\u00edvel com bateria 21700\/18650"},"content":{"rendered":"<p>&nbsp;<\/p>\n<div class=\"product-specs-list-container\">\n<ul class=\"product-specs-list util-clearfix\">\n<li class=\"product-prop line-limit-length\"><span class=\"property-title\">Apar\u00eancia:\u00a0<\/span><span class=\"property-desc line-limit-length\">Forma da Caixa<\/span><\/li>\n<li class=\"product-prop line-limit-length\"><span class=\"property-title\">Bateria Compat\u00edvel:\u00a0<\/span><span class=\"property-desc line-limit-length\">Nenhum<\/span><\/li>\n<li class=\"product-prop line-limit-length\"><span class=\"property-title\">Fun\u00e7\u00e3o de Monitoriza\u00e7\u00e3o do N\u00famero de Fuma\u00e7as:\u00a0<\/span><span class=\"property-desc line-limit-length\">N\u00e3o<\/span><\/li>\n<li class=\"product-prop line-limit-length\"><span class=\"property-title\">Estojo de Silicone:\u00a0<\/span><span class=\"property-desc line-limit-length\">N\u00e3o<\/span><\/li>\n<li class=\"product-prop line-limit-length\"><span class=\"property-title\">Regula\u00e7\u00e3o de Temperatura:\u00a0<\/span><span class=\"property-desc line-limit-length\">N\u00e3o<\/span><\/li>\n<li class=\"product-prop line-limit-length\"><span class=\"property-title\">Bateria Embutida ou Externa:\u00a0<\/span><span class=\"property-desc line-limit-length\">Embebida<\/span><\/li>\n<li class=\"product-prop line-limit-length\"><span class=\"property-title\">Fun\u00e7\u00e3o de Prote\u00e7\u00e3o contra Curto-Circuito:\u00a0<\/span><span class=\"property-desc line-limit-length\">Ja<\/span><\/li>\n<li class=\"product-prop line-limit-length\"><span class=\"property-title\">Fun\u00e7\u00e3o de Prote\u00e7\u00e3o contra Sobreaquecimento:\u00a0<\/span><span class=\"property-desc line-limit-length\">Ja<\/span><\/li>\n<li class=\"product-prop line-limit-length\"><span class=\"property-title\">Fun\u00e7\u00e3o de alarme de baixa tens\u00e3o:\u00a0<\/span><span class=\"property-desc line-limit-length\">Ja<\/span><\/li>\n<li class=\"product-prop line-limit-length\"><span class=\"property-title\">Fun\u00e7\u00e3o de identifica\u00e7\u00e3o do vaporizador:\u00a0<\/span><span class=\"property-desc line-limit-length\">Ja<\/span><\/li>\n<li class=\"product-prop line-limit-length\"><span class=\"property-title\">Modos de configura\u00e7\u00e3o TCR:\u00a0<\/span><span class=\"property-desc line-limit-length\">N\u00e3o<\/span><\/li>\n<li class=\"product-prop line-limit-length\"><span class=\"property-title\">Capacidade nominal:\u00a0<\/span><span class=\"property-desc line-limit-length\">Nenhum<\/span><\/li>\n<li class=\"product-prop line-limit-length\"><span class=\"property-title\">Bateria compat\u00edvel: 18350\u00a0<\/span><span class=\"property-desc line-limit-length\">Metal<\/span><\/li>\n<li class=\"product-prop line-limit-length\"><span class=\"property-title\">Modelo compat\u00edvel:\u00a0<\/span><span class=\"property-desc line-limit-length\">Pod de Cigarro Eletr\u00f3nico Vaporizador RDTA<\/span><\/li>\n<li class=\"product-prop line-limit-length\"><span class=\"property-title\">N\u00famero do modelo:\u00a0<\/span><span class=\"property-desc line-limit-length\">Kit GeekVape Max100<\/span><\/li>\n<li class=\"product-prop line-limit-length\"><span class=\"property-title\">Carregador USB:\u00a0<\/span><span class=\"property-desc line-limit-length\">Ja<\/span><\/li>\n<li class=\"product-prop line-limit-length\"><span class=\"property-title\">Atualiza\u00e7\u00e3o de firmware:\u00a0<\/span><span class=\"property-desc line-limit-length\">N\u00e3o<\/span><\/li>\n<li class=\"product-prop line-limit-length\"><span class=\"property-title\">Fun\u00e7\u00e3o de monitoriza\u00e7\u00e3o do n\u00famero de fumos: N\u00e3o\u00a0<\/span><span class=\"property-desc line-limit-length\">Ja<\/span><\/li>\n<li class=\"product-prop line-limit-length\"><span class=\"property-title\">Tipo:\u00a0<\/span><span class=\"property-desc line-limit-length\">Sem Bateria<\/span><\/li>\n<li class=\"product-prop line-limit-length\"><span class=\"property-title\">Nome da marca:\u00a0<\/span><span class=\"property-desc line-limit-length\">GEEKVAPE<\/span><\/li>\n<li class=\"product-prop line-limit-length\"><span class=\"property-title\">Origem:\u00a0<\/span><span class=\"property-desc line-limit-length\">CN (Origem)<\/span><\/li>\n<\/ul>\n<\/div>\n<div class=\"detailmodule_html\">\n<div class=\"detail-desc-decorate-richtext\">\n<div class=\"detailmodule_text\">\n<div><\/div>\n<p id=\"tl_1\" class=\"detail-desc-decorate-title\" style=\"font-family: OpenSans; font-size: 20px; font-weight: 900; line-height: 28px; margin-bottom: 12px;\">Kit original Geekvape Max100 5,5 W Box Mod Vape ml Z Sub Ohm Tanque cigarro eletr\u00f4nico Vaporizador compat\u00edvel com bateria<\/p>\n<\/div>\n<div class=\"detailmodule_text\">\n<p id=\"tl_2\" class=\"detail-desc-decorate-title\" style=\"font-family: OpenSans; font-size: 20px; font-weight: 900; line-height: 28px; margin-bottom: 12px;\">Descri\u00e7\u00e3o:<\/p>\n<p id=\"tl_3\" class=\"detail-desc-decorate-content\" style=\"font-family: OpenSans; font-size: 14px; font-weight: 300; line-height: 20px; margin-bottom: 12px;\">O kit Max100 inclui um mod de caixa de 100w e um tanque Z sub ohm de 5,5 ml. Utilizando a nova tecnologia tri-Proof, o Max100 possui classifica\u00e7\u00e3o IP68 \u00e0 prova de \u00e1gua e poeira, al\u00e9m de maior resist\u00eancia a impactos, oferecendo maior prote\u00e7\u00e3o ao dispositivo. Al\u00e9m disso, com o design A-LOCK, evita-se a press\u00e3o acidental, e pode-se impedir que pressionar bot\u00f5es inadvertidamente cause superaquecimento das bobinas ou do mod. O kit Max100 suporta bateria \u00fanica 21700\/18650, e um adaptador para bateria 18650 est\u00e1 inclu\u00eddo no pacote. O tanque Z sub ohm de 5,5 ml possui capacidade de reservat\u00f3rio de l\u00edquidos e sistema de fluxo de ar superior \u00e0 prova de vazamentos. Compat\u00edvel com bobinas de 0,15, 0,2, 0,4 e 0,5 Ohm.<\/p>\n<\/div>\n<div class=\"detailmodule_text\">\n<p id=\"tl_4\" class=\"detail-desc-decorate-title\" style=\"font-family: OpenSans; font-size: 20px; font-weight: 900; line-height: 28px; margin-bottom: 12px;\">Par\u00e2metros:<\/p>\n<p id=\"tl_5\" class=\"detail-desc-decorate-content\" style=\"font-family: OpenSans; font-size: 14px; font-weight: 300; line-height: 20px; margin-bottom: 12px;\">Marca: geekvape<br \/>\nNome do produto: kit max100<br \/>\nPot\u00eancia de sa\u00edda: 5w-100w<br \/>\nTens\u00e3o de entrada: 3,2 V-4,25 V<br \/>\nTens\u00e3o de sa\u00edda: 0-8,5 V (m\u00e1x. 8,5 V)<br \/>\nTens\u00e3o m\u00ednima: 3,2 V \u00b1 0,1 V<br \/>\nFaixa de resist\u00eancia: 0,1 Ohm-3,0 Ohm<br \/>\nTempo m\u00e1ximo de vaporiza\u00e7\u00e3o: 10s<br \/>\nRegula\u00e7\u00e3o de temperatura: 100\u00b0C-315\u00b0C (passo de 1\u00b0C), 200\u00b0F-600\u00b0F (passo de 5\u00b0F)<br \/>\nBateria: 21700\/18650 (bateria \u00fanica, n\u00e3o desmont\u00e1vel, substitu\u00edvel)<br \/>\nCarregamento: Tipo-C 5V\/2A<br \/>\nTela: ecr\u00e3 TFT colorido de 1,1 polegadas<br \/>\nCapacidade: 5,5 ml<br \/>\nDimens\u00f5es: 42,06*31,5*143,8mm<br \/>\nCor: Prata, Vermelho, Azul, Arco-\u00edris, Preto<\/p>\n<\/div>\n<div class=\"detailmodule_text\">\n<p id=\"tl_6\" class=\"detail-desc-decorate-title\" style=\"font-family: OpenSans; font-size: 20px; font-weight: 900; line-height: 28px; margin-bottom: 12px;\">Detalhes:<\/p>\n<p id=\"tl_7\" class=\"detail-desc-decorate-content\" style=\"font-family: OpenSans; font-size: 14px; font-weight: 300; line-height: 20px; margin-bottom: 12px;\">1. Segunda gera\u00e7\u00e3o da tecnologia tri-Proof da geekvape<br \/>\n2. Pot\u00eancia m\u00e1xima de 100w, nova aegis max<br \/>\n3. novo ecr\u00e3 completo de 1,1 polegadas<br \/>\n4. bateria individual 21700\/18650<br \/>\n5. combinado com tanque Sub Ohm de 5,5 ml<br \/>\n6. Conex\u00e3o de carregamento Tipo-C com tampa flip na parte superior<br \/>\n7. classifica\u00e7\u00e3o IP68 \u00e0 prova de \u00e1gua e poeira, resistente a choques<br \/>\n8. design com fun\u00e7\u00e3o de bloqueio A<br \/>\n9. sistema de fluxo de ar superior \u00e0 prova de vazamentos<br \/>\n10. orif\u00edcio de enchimento ampliado e fluxo de ar para maior entrada de ar<br \/>\n11. suporta bobinas de 0,15, 0,2, 4,8 ohm e 0,25 ohm<\/p>\n<\/div>\n<div class=\"detailmodule_text\">\n<p id=\"tl_8\" class=\"detail-desc-decorate-title\" style=\"font-family: OpenSans; font-size: 20px; font-weight: 900; line-height: 28px; margin-bottom: 12px;\">Pacote:<\/p>\n<p id=\"tl_9\" class=\"detail-desc-decorate-content\" style=\"font-family: OpenSans; font-size: 14px; font-weight: 300; line-height: 20px; margin-bottom: 12px;\">1 * mod GeekVape Max100<br \/>\n1 * Tanque GeekVape Z Sub Ohm de 5,5 ml<br \/>\n1 * Bobina GeekVape Z de 0,2 ohm (pr\u00e9-instalada, 70-80w)<br \/>\n1 * Bobina GeekVape Z de 0,25 ohm (de substitui\u00e7\u00e3o, 45-57w)<br \/>\n1 * Ferramenta para bobinas<br \/>\n1 * pacote de pe\u00e7as de substitui\u00e7\u00e3o<br \/>\n1 * tubo de vidro de substitui\u00e7\u00e3o (5,5 ml)<br \/>\n1 * cabo USB Tipo-C<br \/>\n1 * adaptador de bateria 18650<\/p>\n<\/div>\n<div class=\"detailmodule_image\"><img decoding=\"async\" loading=\"lazy\" class=\"detail-desc-decorate-image\" src=\"https:\/\/ae01.alicdn.com\/kf\/Seb6307a0c7ef42848fac34b696dff86ce.jpg\" \/><br \/>\n<img decoding=\"async\" loading=\"lazy\" class=\"detail-desc-decorate-image\" src=\"https:\/\/ae01.alicdn.com\/kf\/S8851c4fd64a84817b954a3c05a4815dcO.jpg\" \/><br \/>\n<img decoding=\"async\" loading=\"lazy\" class=\"detail-desc-decorate-image\" src=\"https:\/\/ae01.alicdn.com\/kf\/S5100df41965c41329fe46c8bcc879a74R.jpg\" \/><br \/>\n<img decoding=\"async\" loading=\"lazy\" class=\"detail-desc-decorate-image\" src=\"https:\/\/ae01.alicdn.com\/kf\/S71a29dab9e6642759fdd1b1d19ba02e4D.jpg\" \/><br \/>\n<img decoding=\"async\" loading=\"lazy\" class=\"detail-desc-decorate-image\" src=\"https:\/\/ae01.alicdn.com\/kf\/See10465f1ac540fb900ce6131d8c227dD.jpg\" \/><br \/>\n<img decoding=\"async\" loading=\"lazy\" class=\"detail-desc-decorate-image\" src=\"https:\/\/ae01.alicdn.com\/kf\/Sf72515ce5a2d4c2f80381d9bb6391388O.jpg\" \/><br \/>\n<img decoding=\"async\" loading=\"lazy\" class=\"detail-desc-decorate-image\" src=\"https:\/\/ae01.alicdn.com\/kf\/S74cc49e1cfe74fcbb5eea046e9116e9dr.jpg\" \/><br \/>\n<img decoding=\"async\" loading=\"lazy\" class=\"detail-desc-decorate-image\" src=\"https:\/\/ae01.alicdn.com\/kf\/Sb14c860c6e9f46fbba461fb8bab6803ds.jpg\" \/><br \/>\n<img decoding=\"async\" loading=\"lazy\" class=\"detail-desc-decorate-image\" src=\"https:\/\/ae01.alicdn.com\/kf\/Sdcea64049ee74383ad0d2ca380404a27G.jpg\" \/><\/div>\n<p>&nbsp;<\/p>\n<\/div>\n<\/div>","protected":false},"excerpt":{"rendered":"<p>&nbsp; Aussehen:\u00a0Box Form Kompatibler Akku:\u00a0Kein \u00dcberwachung Funktion Von Rauchen Anzahl:\u00a0Nein Silikon Fall:\u00a0Nein Temperaturregelung:\u00a0Nein Eingebaute Oder Externe Batterie:\u00a0Eingebaute Kurzschlussschutz Funktion:\u00a0Ja \u00dcberhitzungsschutz-funktion:\u00a0Ja Niederspannungsalarmfunktion:\u00a0Ja Zerst\u00e4uber Identifikation Funktion:\u00a0Ja TCR Einstellung Modi:\u00a0Nein Nominale Kapazit\u00e4t:\u00a0Kein Material:\u00a0Metall Compatible Model:\u00a0Electronic Cigarette Pod RDTA Vaporizer Modellnummer:\u00a0GeekVape Max100 Kit Usb-ladeger\u00e4t:\u00a0Ja Firmware-upgrade:\u00a0Nein Display:\u00a0Ja Art:\u00a0Ohne Batterie Markenname:\u00a0GEEKVAPE Ursprung:\u00a0CN (Herkunft) Original Geekvape Max100 Kit 5,5 W Box Mod [&hellip;]<\/p>","protected":false},"featured_media":8103,"template":"","meta":{"inline_featured_image":false},"product_cat":[752,756,739,743,77],"product_tag":[],"tiered_pricing_type":"fixed","tiered_pricing_fixed_rules":[],"tiered_pricing_percentage_rules":[],"tiered_pricing_minimum":1,"_administrator_tiered_pricing_type":"fixed","_administrator_tiered_pricing_fixed_rules":[],"_editor_tiered_pricing_type":"fixed","_editor_tiered_pricing_fixed_rules":[],"_author_tiered_pricing_type":"fixed","_author_tiered_pricing_fixed_rules":[],"_contributor_tiered_pricing_type":"fixed","_contributor_tiered_pricing_fixed_rules":[],"_subscriber_tiered_pricing_type":"fixed","_subscriber_tiered_pricing_fixed_rules":[],"_customer_tiered_pricing_type":"fixed","_customer_tiered_pricing_fixed_rules":[],"_shop_manager_tiered_pricing_type":"fixed","_shop_manager_tiered_pricing_fixed_rules":[],"_wpseo_manager_tiered_pricing_type":"fixed","_wpseo_manager_tiered_pricing_fixed_rules":[],"_wpseo_editor_tiered_pricing_type":"fixed","_wpseo_editor_tiered_pricing_fixed_rules":[],"_wholesale_customer_tiered_pricing_type":"fixed","_wholesale_customer_tiered_pricing_fixed_rules":[],"_marketer_tiered_pricing_type":"fixed","_marketer_tiered_pricing_fixed_rules":[],"_sales_manager_tiered_pricing_type":"fixed","_sales_manager_tiered_pricing_fixed_rules":[],"_sales_rep_tiered_pricing_type":"fixed","_sales_rep_tiered_pricing_fixed_rules":[],"yoast_head":"<!-- This site is optimized with the Yoast SEO plugin v23.3 - https:\/\/yoast.com\/wordpress\/plugins\/seo\/ -->\n<title>GeekVape Max 100 Kit 100W Box Mod Vape 5,5 ML Z Sub ohm 2021 Tank Elektronische Zigarette Verdampfer fit 21700\/18650 Batterie | ElementVape.de<\/title>\n<meta name=\"description\" content=\"Wir bieten GeekVape Max 100 Kit 100W Box Mod Vape 5,5 ML Z Sub ohm 2021 Tank Elektronische Zigarette Verdampfer fit 21700\/18650 Batterie , Elementvape.de akzeptieren Gro\u00df-und Einzelhandel Bestellungen.\" \/>\n<meta name=\"robots\" content=\"index, follow, max-snippet:-1, max-image-preview:large, max-video-preview:-1\" \/>\n<link rel=\"canonical\" href=\"https:\/\/www.elementvape.de\/pt\/produkt\/geekvape-max-100-kit-100w-box-mod-vape\/\" \/>\n<meta property=\"og:locale\" content=\"pt_PT\" \/>\n<meta property=\"og:type\" content=\"article\" \/>\n<meta property=\"og:title\" content=\"GeekVape Max 100 Kit 100W Box Mod Vape 5,5 ML Z Sub ohm 2021 Tank Elektronische Zigarette Verdampfer fit 21700\/18650 Batterie | ElementVape.de\" \/>\n<meta property=\"og:description\" content=\"Wir bieten GeekVape Max 100 Kit 100W Box Mod Vape 5,5 ML Z Sub ohm 2021 Tank Elektronische Zigarette Verdampfer fit 21700\/18650 Batterie , Elementvape.de akzeptieren Gro\u00df-und Einzelhandel Bestellungen.\" \/>\n<meta property=\"og:url\" content=\"https:\/\/www.elementvape.de\/pt\/produkt\/geekvape-max-100-kit-100w-box-mod-vape\/\" \/>\n<meta property=\"og:site_name\" content=\"ElementVape.de\" \/>\n<meta property=\"article:modified_time\" content=\"2024-09-12T10:34:13+00:00\" \/>\n<meta property=\"og:image\" content=\"https:\/\/ae01.alicdn.com\/kf\/S320f3f6020d7438d8efa47ea3067318bK\/Original-GeekVape-Max-100-Kit-100W-Box-Mod-Vape-5-5-ML-Z-Sub-ohm-2021.jpg\" \/>\n\t<meta property=\"og:image:width\" content=\"800\" \/>\n\t<meta property=\"og:image:height\" content=\"800\" \/>\n\t<meta property=\"og:image:type\" content=\"image\/jpeg\" \/>\n<meta name=\"twitter:card\" content=\"summary_large_image\" \/>\n<meta name=\"twitter:label1\" content=\"Est. reading time\" \/>\n\t<meta name=\"twitter:data1\" content=\"5 minutos\" \/>\n<script type=\"application\/ld+json\" class=\"yoast-schema-graph\">{\"@context\":\"https:\/\/schema.org\",\"@graph\":[{\"@type\":\"WebPage\",\"@id\":\"https:\/\/www.elementvape.de\/produkt\/geekvape-max-100-kit-100w-box-mod-vape\/\",\"url\":\"https:\/\/www.elementvape.de\/produkt\/geekvape-max-100-kit-100w-box-mod-vape\/\",\"name\":\"GeekVape Max 100 Kit 100W Box Mod Vape 5,5 ML Z Sub ohm 2021 Tank Elektronische Zigarette Verdampfer fit 21700\/18650 Batterie | ElementVape.de\",\"isPartOf\":{\"@id\":\"https:\/\/www.elementvape.de\/#website\"},\"primaryImageOfPage\":{\"@id\":\"https:\/\/www.elementvape.de\/produkt\/geekvape-max-100-kit-100w-box-mod-vape\/#primaryimage\"},\"image\":{\"@id\":\"https:\/\/www.elementvape.de\/produkt\/geekvape-max-100-kit-100w-box-mod-vape\/#primaryimage\"},\"thumbnailUrl\":\"https:\/\/ae01.alicdn.com\/kf\/S320f3f6020d7438d8efa47ea3067318bK\/Original-GeekVape-Max-100-Kit-100W-Box-Mod-Vape-5-5-ML-Z-Sub-ohm-2021.jpg\",\"datePublished\":\"2024-04-20T05:53:44+00:00\",\"dateModified\":\"2024-09-12T10:34:13+00:00\",\"description\":\"Wir bieten GeekVape Max 100 Kit 100W Box Mod Vape 5,5 ML Z Sub ohm 2021 Tank Elektronische Zigarette Verdampfer fit 21700\/18650 Batterie , Elementvape.de akzeptieren Gro\u00df-und Einzelhandel Bestellungen.\",\"breadcrumb\":{\"@id\":\"https:\/\/www.elementvape.de\/produkt\/geekvape-max-100-kit-100w-box-mod-vape\/#breadcrumb\"},\"inLanguage\":\"pt-PT\",\"potentialAction\":[{\"@type\":\"ReadAction\",\"target\":[\"https:\/\/www.elementvape.de\/produkt\/geekvape-max-100-kit-100w-box-mod-vape\/\"]}]},{\"@type\":\"ImageObject\",\"inLanguage\":\"pt-PT\",\"@id\":\"https:\/\/www.elementvape.de\/produkt\/geekvape-max-100-kit-100w-box-mod-vape\/#primaryimage\",\"url\":\"https:\/\/ae01.alicdn.com\/kf\/S320f3f6020d7438d8efa47ea3067318bK\/Original-GeekVape-Max-100-Kit-100W-Box-Mod-Vape-5-5-ML-Z-Sub-ohm-2021.jpg\",\"contentUrl\":\"https:\/\/ae01.alicdn.com\/kf\/S320f3f6020d7438d8efa47ea3067318bK\/Original-GeekVape-Max-100-Kit-100W-Box-Mod-Vape-5-5-ML-Z-Sub-ohm-2021.jpg\",\"width\":800,\"height\":800},{\"@type\":\"BreadcrumbList\",\"@id\":\"https:\/\/www.elementvape.de\/produkt\/geekvape-max-100-kit-100w-box-mod-vape\/#breadcrumb\",\"itemListElement\":[{\"@type\":\"ListItem\",\"position\":1,\"name\":\"Home\",\"item\":\"https:\/\/www.elementvape.de\/\"},{\"@type\":\"ListItem\",\"position\":2,\"name\":\"Shop\",\"item\":\"https:\/\/www.elementvape.de\/shop\/\"},{\"@type\":\"ListItem\",\"position\":3,\"name\":\"GeekVape Max 100 Kit 100W Box Mod Vape 5,5 ML Z Sub ohm 2021 Tank Elektronische Zigarette Verdampfer fit 21700\/18650 Batterie\"}]},{\"@type\":\"WebSite\",\"@id\":\"https:\/\/www.elementvape.de\/#website\",\"url\":\"https:\/\/www.elementvape.de\/\",\"name\":\"ElementVape.de\",\"description\":\"\",\"publisher\":{\"@id\":\"https:\/\/www.elementvape.de\/#organization\"},\"potentialAction\":[{\"@type\":\"SearchAction\",\"target\":{\"@type\":\"EntryPoint\",\"urlTemplate\":\"https:\/\/www.elementvape.de\/?s={search_term_string}\"},\"query-input\":\"required name=search_term_string\"}],\"inLanguage\":\"pt-PT\"},{\"@type\":\"Organization\",\"@id\":\"https:\/\/www.elementvape.de\/#organization\",\"name\":\"ElementVape.DE\",\"url\":\"https:\/\/www.elementvape.de\/\",\"logo\":{\"@type\":\"ImageObject\",\"inLanguage\":\"pt-PT\",\"@id\":\"https:\/\/www.elementvape.de\/#\/schema\/logo\/image\/\",\"url\":\"https:\/\/www.elementvape.de\/wp-content\/uploads\/2024\/09\/cropped-1elementvape-3.png\",\"contentUrl\":\"https:\/\/www.elementvape.de\/wp-content\/uploads\/2024\/09\/cropped-1elementvape-3.png\",\"width\":285,\"height\":228,\"caption\":\"ElementVape.DE\"},\"image\":{\"@id\":\"https:\/\/www.elementvape.de\/#\/schema\/logo\/image\/\"}}]}<\/script>\n<!-- \/ Yoast SEO plugin. -->","yoast_head_json":{"title":"GeekVape Max 100 Kit 100W Box Mod Vape 5,5 ML Z Sub ohm 2021 Tank Elektronische Zigarette Verdampfer fit 21700\/18650 Batterie | ElementVape.de","description":"Wir bieten GeekVape Max 100 Kit 100W Box Mod Vape 5,5 ML Z Sub ohm 2021 Tank Elektronische Zigarette Verdampfer fit 21700\/18650 Batterie , Elementvape.de akzeptieren Gro\u00df-und Einzelhandel Bestellungen.","robots":{"index":"index","follow":"follow","max-snippet":"max-snippet:-1","max-image-preview":"max-image-preview:large","max-video-preview":"max-video-preview:-1"},"canonical":"https:\/\/www.elementvape.de\/pt\/produkt\/geekvape-max-100-kit-100w-box-mod-vape\/","og_locale":"pt_PT","og_type":"article","og_title":"GeekVape Max 100 Kit 100W Box Mod Vape 5,5 ML Z Sub ohm 2021 Tank Elektronische Zigarette Verdampfer fit 21700\/18650 Batterie | ElementVape.de","og_description":"Wir bieten GeekVape Max 100 Kit 100W Box Mod Vape 5,5 ML Z Sub ohm 2021 Tank Elektronische Zigarette Verdampfer fit 21700\/18650 Batterie , Elementvape.de akzeptieren Gro\u00df-und Einzelhandel Bestellungen.","og_url":"https:\/\/www.elementvape.de\/pt\/produkt\/geekvape-max-100-kit-100w-box-mod-vape\/","og_site_name":"ElementVape.de","article_modified_time":"2024-09-12T10:34:13+00:00","og_image":[{"width":800,"height":800,"url":"https:\/\/ae01.alicdn.com\/kf\/S320f3f6020d7438d8efa47ea3067318bK\/Original-GeekVape-Max-100-Kit-100W-Box-Mod-Vape-5-5-ML-Z-Sub-ohm-2021.jpg","type":"image\/jpeg"}],"twitter_card":"summary_large_image","twitter_misc":{"Est. reading time":"5 minutos"},"schema":{"@context":"https:\/\/schema.org","@graph":[{"@type":"WebPage","@id":"https:\/\/www.elementvape.de\/produkt\/geekvape-max-100-kit-100w-box-mod-vape\/","url":"https:\/\/www.elementvape.de\/produkt\/geekvape-max-100-kit-100w-box-mod-vape\/","name":"GeekVape Max 100 Kit 100W Box Mod Vape 5,5 ML Z Sub ohm 2021 Tank Elektronische Zigarette Verdampfer fit 21700\/18650 Batterie | ElementVape.de","isPartOf":{"@id":"https:\/\/www.elementvape.de\/#website"},"primaryImageOfPage":{"@id":"https:\/\/www.elementvape.de\/produkt\/geekvape-max-100-kit-100w-box-mod-vape\/#primaryimage"},"image":{"@id":"https:\/\/www.elementvape.de\/produkt\/geekvape-max-100-kit-100w-box-mod-vape\/#primaryimage"},"thumbnailUrl":"https:\/\/ae01.alicdn.com\/kf\/S320f3f6020d7438d8efa47ea3067318bK\/Original-GeekVape-Max-100-Kit-100W-Box-Mod-Vape-5-5-ML-Z-Sub-ohm-2021.jpg","datePublished":"2024-04-20T05:53:44+00:00","dateModified":"2024-09-12T10:34:13+00:00","description":"Wir bieten GeekVape Max 100 Kit 100W Box Mod Vape 5,5 ML Z Sub ohm 2021 Tank Elektronische Zigarette Verdampfer fit 21700\/18650 Batterie , Elementvape.de akzeptieren Gro\u00df-und Einzelhandel Bestellungen.","breadcrumb":{"@id":"https:\/\/www.elementvape.de\/produkt\/geekvape-max-100-kit-100w-box-mod-vape\/#breadcrumb"},"inLanguage":"pt-PT","potentialAction":[{"@type":"ReadAction","target":["https:\/\/www.elementvape.de\/produkt\/geekvape-max-100-kit-100w-box-mod-vape\/"]}]},{"@type":"ImageObject","inLanguage":"pt-PT","@id":"https:\/\/www.elementvape.de\/produkt\/geekvape-max-100-kit-100w-box-mod-vape\/#primaryimage","url":"https:\/\/ae01.alicdn.com\/kf\/S320f3f6020d7438d8efa47ea3067318bK\/Original-GeekVape-Max-100-Kit-100W-Box-Mod-Vape-5-5-ML-Z-Sub-ohm-2021.jpg","contentUrl":"https:\/\/ae01.alicdn.com\/kf\/S320f3f6020d7438d8efa47ea3067318bK\/Original-GeekVape-Max-100-Kit-100W-Box-Mod-Vape-5-5-ML-Z-Sub-ohm-2021.jpg","width":800,"height":800},{"@type":"BreadcrumbList","@id":"https:\/\/www.elementvape.de\/produkt\/geekvape-max-100-kit-100w-box-mod-vape\/#breadcrumb","itemListElement":[{"@type":"ListItem","position":1,"name":"Home","item":"https:\/\/www.elementvape.de\/"},{"@type":"ListItem","position":2,"name":"Shop","item":"https:\/\/www.elementvape.de\/shop\/"},{"@type":"ListItem","position":3,"name":"GeekVape Max 100 Kit 100W Box Mod Vape 5,5 ML Z Sub ohm 2021 Tank Elektronische Zigarette Verdampfer fit 21700\/18650 Batterie"}]},{"@type":"WebSite","@id":"https:\/\/www.elementvape.de\/#website","url":"https:\/\/www.elementvape.de\/","name":"ElementVape.de","description":"","publisher":{"@id":"https:\/\/www.elementvape.de\/#organization"},"potentialAction":[{"@type":"SearchAction","target":{"@type":"EntryPoint","urlTemplate":"https:\/\/www.elementvape.de\/?s={search_term_string}"},"query-input":"required name=search_term_string"}],"inLanguage":"pt-PT"},{"@type":"Organization","@id":"https:\/\/www.elementvape.de\/#organization","name":"ElementVape.DE","url":"https:\/\/www.elementvape.de\/","logo":{"@type":"ImageObject","inLanguage":"pt-PT","@id":"https:\/\/www.elementvape.de\/#\/schema\/logo\/image\/","url":"https:\/\/www.elementvape.de\/wp-content\/uploads\/2024\/09\/cropped-1elementvape-3.png","contentUrl":"https:\/\/www.elementvape.de\/wp-content\/uploads\/2024\/09\/cropped-1elementvape-3.png","width":285,"height":228,"caption":"ElementVape.DE"},"image":{"@id":"https:\/\/www.elementvape.de\/#\/schema\/logo\/image\/"}}]}},"_links":{"self":[{"href":"https:\/\/www.elementvape.de\/pt\/wp-json\/wp\/v2\/product\/8102"}],"collection":[{"href":"https:\/\/www.elementvape.de\/pt\/wp-json\/wp\/v2\/product"}],"about":[{"href":"https:\/\/www.elementvape.de\/pt\/wp-json\/wp\/v2\/types\/product"}],"wp:featuredmedia":[{"embeddable":true,"href":"https:\/\/www.elementvape.de\/pt\/wp-json\/wp\/v2\/media\/8103"}],"wp:attachment":[{"href":"https:\/\/www.elementvape.de\/pt\/wp-json\/wp\/v2\/media?parent=8102"}],"wp:term":[{"taxonomy":"product_cat","embeddable":true,"href":"https:\/\/www.elementvape.de\/pt\/wp-json\/wp\/v2\/product_cat?post=8102"},{"taxonomy":"product_tag","embeddable":true,"href":"https:\/\/www.elementvape.de\/pt\/wp-json\/wp\/v2\/product_tag?post=8102"}],"curies":[{"name":"wp","href":"https:\/\/api.w.org\/{rel}","templated":true}]}}