{"id":7724,"date":"2024-04-20T07:30:22","date_gmt":"2024-04-20T07:30:22","guid":{"rendered":"https:\/\/www.elementvape.de\/?post_type=product&#038;p=7724"},"modified":"2024-09-12T10:32:14","modified_gmt":"2024-09-12T10:32:14","slug":"runtz-runty-vape-1-ml-kartusche-280-mah-wiederaufladbarer-akku","status":"publish","type":"product","link":"https:\/\/www.elementvape.de\/pt\/produkt\/runtz-runty-vape-1-ml-kartusche-280-mah-wiederaufladbarer-akku\/","title":{"rendered":"Cartucho Runtz Runty Vape 1 ml, bateria recarreg\u00e1vel de 280 mAh"},"content":{"rendered":"<p>&nbsp;<\/p>\n<div class=\"product-specs-list-container\">\n<ul class=\"product-specs-list util-clearfix\">\n<li class=\"product-prop line-limit-length\"><span class=\"property-title\">Apar\u00eancia:\u00a0<\/span><span class=\"property-desc line-limit-length\">Forma da Caixa<\/span><\/li>\n<li class=\"product-prop line-limit-length\"><span class=\"property-title\">Bateria Compat\u00edvel:\u00a0<\/span><span class=\"property-desc line-limit-length\">18350<\/span><\/li>\n<li class=\"product-prop line-limit-length\"><span class=\"property-title\">Fun\u00e7\u00e3o de Monitoriza\u00e7\u00e3o do N\u00famero de Fuma\u00e7as:\u00a0<\/span><span class=\"property-desc line-limit-length\">N\u00e3o<\/span><\/li>\n<li class=\"product-prop line-limit-length\"><span class=\"property-title\">Estojo de Silicone:\u00a0<\/span><span class=\"property-desc line-limit-length\">N\u00e3o<\/span><\/li>\n<li class=\"product-prop line-limit-length\"><span class=\"property-title\">Regula\u00e7\u00e3o de Temperatura:\u00a0<\/span><span class=\"property-desc line-limit-length\">N\u00e3o<\/span><\/li>\n<li class=\"product-prop line-limit-length\"><span class=\"property-title\">Bateria Embutida ou Externa:\u00a0<\/span><span class=\"property-desc line-limit-length\">Embebida<\/span><\/li>\n<li class=\"product-prop line-limit-length\"><span class=\"property-title\">Fun\u00e7\u00e3o de Prote\u00e7\u00e3o contra Curto-Circuito:\u00a0<\/span><span class=\"property-desc line-limit-length\">Ja<\/span><\/li>\n<li class=\"product-prop line-limit-length\"><span class=\"property-title\">Fun\u00e7\u00e3o de Prote\u00e7\u00e3o contra Sobreaquecimento:\u00a0<\/span><span class=\"property-desc line-limit-length\">Ja<\/span><\/li>\n<li class=\"product-prop line-limit-length\"><span class=\"property-title\">Fun\u00e7\u00e3o de alarme de baixa tens\u00e3o:\u00a0<\/span><span class=\"property-desc line-limit-length\">N\u00e3o<\/span><\/li>\n<li class=\"product-prop line-limit-length\"><span class=\"property-title\">Fun\u00e7\u00e3o de identifica\u00e7\u00e3o do vaporizador:\u00a0<\/span><span class=\"property-desc line-limit-length\">N\u00e3o<\/span><\/li>\n<li class=\"product-prop line-limit-length\"><span class=\"property-title\">Modos de configura\u00e7\u00e3o TCR:\u00a0<\/span><span class=\"property-desc line-limit-length\">N\u00e3o<\/span><\/li>\n<li class=\"product-prop line-limit-length\"><span class=\"property-title\">Capacidade nominal:\u00a0<\/span><span class=\"property-desc line-limit-length\">&lt;700 mAh<\/span><\/li>\n<li class=\"product-prop line-limit-length\"><span class=\"property-title\">Bateria compat\u00edvel: 18350\u00a0<\/span><span class=\"property-desc line-limit-length\">Pl\u00e1stico<\/span><\/li>\n<li class=\"product-prop line-limit-length\"><span class=\"property-title\">Modelo compat\u00edvel:\u00a0<\/span><span class=\"property-desc line-limit-length\">\u00f3leo espesso<\/span><\/li>\n<li class=\"product-prop line-limit-length\"><span class=\"property-title\">N\u00famero do modelo:\u00a0<\/span><span class=\"property-desc line-limit-length\">Vape de diamante com lanterna<\/span><\/li>\n<li class=\"product-prop line-limit-length\"><span class=\"property-title\">Carregador USB:\u00a0<\/span><span class=\"property-desc line-limit-length\">Ja<\/span><\/li>\n<li class=\"product-prop line-limit-length\"><span class=\"property-title\">Atualiza\u00e7\u00e3o de firmware:\u00a0<\/span><span class=\"property-desc line-limit-length\">N\u00e3o<\/span><\/li>\n<li class=\"product-prop line-limit-length\"><span class=\"property-title\">Fun\u00e7\u00e3o de monitoriza\u00e7\u00e3o do n\u00famero de fumos: N\u00e3o\u00a0<\/span><span class=\"property-desc line-limit-length\">N\u00e3o<\/span><\/li>\n<li class=\"product-prop line-limit-length\"><span class=\"property-title\">Tipo:\u00a0<\/span><span class=\"property-desc line-limit-length\">descart\u00e1vel<\/span><\/li>\n<li class=\"product-prop line-limit-length\"><span class=\"property-title\">Nome da marca:\u00a0<\/span><span class=\"property-desc line-limit-length\">Capa de silicone: N\u00e3o<\/span><\/li>\n<li class=\"product-prop line-limit-length\"><span class=\"property-title\">Origem:\u00a0<\/span><span class=\"property-desc line-limit-length\">CN (Origem)<\/span><\/li>\n<li class=\"product-prop line-limit-length\"><span class=\"property-title\">cor:\u00a0<\/span><span class=\"property-desc line-limit-length\">branco<\/span><\/li>\n<li class=\"product-prop line-limit-length\"><span class=\"property-title\">capacidade da bateria:\u00a0<\/span><span class=\"property-desc line-limit-length\">Descri\u00e7\u00e3o:\\n\\nCapacidade de \u00f3leo: 2,0 ml\\nBateria: 280mAh\\nTamanho do orif\u00edcio de \u00f3leo: 2*1,8mm\\nBobina: bobina de cer\u00e2mica aprimorada\\nResist\u00eancia: 1,4 Ohm\\nRecheio: Recheio superior\\nBateria recarreg\u00e1vel na base\\n\\nEnviamos os pinos com pod vazio (n\u00e3o pr\u00e9-preenchido)\\nPor favor, note que o produto n\u00e3o vem embalado com caixa, etiquetas ou carregador\\n\\nVantagens:\\n\\n1. Vape pen recarreg\u00e1vel oferece pot\u00eancia suficiente para destilados grossos\\n2. Design para \u00f3leo grosso, oferece grandes nuvens e tiro suave\\n3. Design de veda\u00e7\u00e3o apertada sem vazamentos\\n4. Bobina de cer\u00e2mica aprimorada oferece sabor puro, sem queimar\\n5. Design compacto, port\u00e1til, f\u00e1cil de usar, com estilo moderno\\n6. Janela vis\u00edvel\\n7. Design de travamento por encaixe para f\u00e1cil tampagem\\n8. Sistema de pod fechado\\n9. Reabastecimento f\u00e1cil\\n10. Qualidade est\u00e1vel, desempenho est\u00e1vel, pre\u00e7o competitivo\\n11. Oferece servi\u00e7o OEM<\/span><\/li>\n<li class=\"product-prop line-limit-length\"><span class=\"property-title\">capacidade do cartucho:\u00a0<\/span><span class=\"property-desc line-limit-length\">Cinza<\/span><\/li>\n<\/ul>\n<\/div>\n<div class=\"detailmodule_html\">\n<div class=\"detail-desc-decorate-richtext\">\n<div>\n<div>\n<div style=\"text-align: center;\" align=\"center\"><span id=\"tl_1\" style=\"font-size: 20px;\">Cigarro eletr\u00f4nico runtz runty vape 1ml dispositivo vazio Pods 280mah bateria recarreg\u00e1vel para \u00f3leo grosso Vaper descart\u00e1vel vaporizar<\/span><\/div>\n<div><strong><span id=\"tl_2\" style=\"font-size: 20px;\">Descri\u00e7\u00e3o:<\/span><\/strong><\/p>\n<p><span id=\"tl_3\" style=\"font-size: 16px;\">Capacidade de \u00f3leo: 2,0 ml<br \/>\nBateria: 280mah<br \/>\nTamanho do orif\u00edcio de \u00f3leo: 2*1,8mm<br \/>\nBobina: bobina de cer\u00e2mica aprimorada<br \/>\nResist\u00eancia: 1,4 Ohm,<br \/>\nEnchimento: Enchimento superior<br \/>\nBase recarreg\u00e1vel<\/span><\/p>\n<p><span style=\"font-size: 14px;\"><span style=\"font-size: 14px;\"><span style=\"font-size: 14px;\"><span id=\"tl_4\" style=\"font-size: 14px;\">Enviamos os pinos com pod vazio (n\u00e3o pr\u00e9-preenchido)<\/span><\/span><\/span><\/span><\/div>\n<div><span style=\"font-size: 14px;\"><span style=\"font-size: 14px;\"><strong><span style=\"font-size: 14px;\"><span id=\"tl_5\" style=\"font-size: 14px;\">Por favor, note que o produto n\u00e3o \u00e9 enviado com embalagens de cart\u00e3o, etiquetas ou instru\u00e7\u00f5es de carregamento<\/span><\/span><\/strong><\/span><\/span><\/p>\n<p><strong><span id=\"tl_6\" style=\"font-size: 20px;\">Vantagem:<\/span><\/strong><\/p>\n<p><span id=\"tl_7\" style=\"font-size: 16px;\">1. Vape pen recarreg\u00e1vel oferece energia suficiente para destilados grossos<br \/>\n2. Design para \u00f3leo grosso, oferece grande nuvem e tiro suave<br \/>\n3. Design \u00e0 prova de vazamentos, veda\u00e7\u00e3o apertada<br \/>\n4. bobina de cer\u00e2mica aprimorada oferece sabor puro, sem queimar<br \/>\n5. design elegante, port\u00e1til, f\u00e1cil de usar, design moderno<br \/>\n6. janela vis\u00edvel<br \/>\n7. design de encaixe com travamento para enchimento f\u00e1cil<br \/>\n8. sistema de pod fechado<br \/>\n9. enchimento f\u00e1cil<br \/>\n10. qualidade est\u00e1vel, desempenho est\u00e1vel, pre\u00e7o competitivo<br \/>\n11. Oferece servi\u00e7o OEM<\/span><\/p>\n<p><img decoding=\"async\" loading=\"lazy\" style=\"width: 800px;\" src=\"https:\/\/ae01.alicdn.com\/kf\/S405d0745a85b4a8e972a0fb10a54047dp.jpg?width=800&amp;height=800&amp;hash=1600\" width=\"800px\" \/><\/p>\n<p><img loading=\"lazy\" decoding=\"async\" src=\"https:\/\/ae01.alicdn.com\/kf\/S8b66b46078f14ac8b671218951f67ca6H.jpg?width=800&amp;height=800&amp;hash=1600\" width=\"1000\" height=\"1000\" \/><\/p>\n<p><img decoding=\"async\" loading=\"lazy\" src=\"https:\/\/ae01.alicdn.com\/kf\/Sc1065d6ed9144f1f95c2215511279152u.jpg?width=800&amp;height=800&amp;hash=1600\" \/><\/p>\n<p><img decoding=\"async\" loading=\"lazy\" src=\"https:\/\/ae01.alicdn.com\/kf\/S3a6849897ebb432285d78b7e2a033726A.jpg?width=800&amp;height=800&amp;hash=1600\" \/><\/p>\n<p><img decoding=\"async\" loading=\"lazy\" src=\"https:\/\/ae01.alicdn.com\/kf\/S238227d972534911bcaa9f760119a0259.jpg?width=800&amp;height=800&amp;hash=1600\" \/><\/p>\n<p><img decoding=\"async\" loading=\"lazy\" src=\"https:\/\/ae01.alicdn.com\/kf\/S1b9f2339eb524be19ee4968e2266fbeea.jpg?width=800&amp;height=800&amp;hash=1600\" \/><\/p>\n<p><img decoding=\"async\" loading=\"lazy\" src=\"https:\/\/ae01.alicdn.com\/kf\/Sd0bfb775cabc480b84593043963f0eb1I.jpg?width=800&amp;height=800&amp;hash=1600\" \/><\/p>\n<p><img decoding=\"async\" loading=\"lazy\" src=\"https:\/\/ae01.alicdn.com\/kf\/S17464e7c81004de09a129d0532d9ee754.jpg?width=800&amp;height=800&amp;hash=1600\" \/><\/p>\n<p><img decoding=\"async\" loading=\"lazy\" src=\"https:\/\/ae01.alicdn.com\/kf\/Sb721b6cb60fe4f80800a6ef3d8d51f9dO.jpg?width=800&amp;height=800&amp;hash=1600\" \/><\/div>\n<div><img decoding=\"async\" loading=\"lazy\" style=\"width: 800px;\" src=\"https:\/\/ae01.alicdn.com\/kf\/Scfb3efcfda554b4eb7b6d856c7814070L.jpg?width=800&amp;height=1333&amp;hash=2133\" width=\"800px\" \/><\/div>\n<p>&nbsp;<\/p>\n<\/div>\n<\/div>\n<\/div>\n<\/div>","protected":false},"excerpt":{"rendered":"<p>&nbsp; Aussehen:\u00a0Box Form Kompatibler Akku:\u00a018350 \u00dcberwachung Funktion Von Rauchen Anzahl:\u00a0Nein Silikon Fall:\u00a0Nein Temperaturregelung:\u00a0Nein Eingebaute Oder Externe Batterie:\u00a0Eingebaute Kurzschlussschutz Funktion:\u00a0Ja \u00dcberhitzungsschutz-funktion:\u00a0Ja Niederspannungsalarmfunktion:\u00a0Nein Zerst\u00e4uber Identifikation Funktion:\u00a0Nein TCR Einstellung Modi:\u00a0Nein Nominale Kapazit\u00e4t:\u00a0&lt;700 mAh Material:\u00a0Plastik Compatible Model:\u00a0thick oil Modellnummer:\u00a0Torch diamond vape Usb-ladeger\u00e4t:\u00a0Ja Firmware-upgrade:\u00a0Nein Display:\u00a0Nein Art:\u00a0disposable Markenname:\u00a0SUB TWO Ursprung:\u00a0CN (Herkunft) color:\u00a0white battery capacity:\u00a0280mah cartridge capacity:\u00a02ml Elektronische Zigarette runtz runty vape [&hellip;]<\/p>","protected":false},"featured_media":7725,"template":"","meta":{"inline_featured_image":false},"product_cat":[78,750,737,736,749,76],"product_tag":[],"tiered_pricing_type":"fixed","tiered_pricing_fixed_rules":[],"tiered_pricing_percentage_rules":[],"tiered_pricing_minimum":1,"_administrator_tiered_pricing_type":"fixed","_administrator_tiered_pricing_fixed_rules":[],"_editor_tiered_pricing_type":"fixed","_editor_tiered_pricing_fixed_rules":[],"_author_tiered_pricing_type":"fixed","_author_tiered_pricing_fixed_rules":[],"_contributor_tiered_pricing_type":"fixed","_contributor_tiered_pricing_fixed_rules":[],"_subscriber_tiered_pricing_type":"fixed","_subscriber_tiered_pricing_fixed_rules":[],"_customer_tiered_pricing_type":"fixed","_customer_tiered_pricing_fixed_rules":[],"_shop_manager_tiered_pricing_type":"fixed","_shop_manager_tiered_pricing_fixed_rules":[],"_wpseo_manager_tiered_pricing_type":"fixed","_wpseo_manager_tiered_pricing_fixed_rules":[],"_wpseo_editor_tiered_pricing_type":"fixed","_wpseo_editor_tiered_pricing_fixed_rules":[],"_wholesale_customer_tiered_pricing_type":"fixed","_wholesale_customer_tiered_pricing_fixed_rules":[],"_marketer_tiered_pricing_type":"fixed","_marketer_tiered_pricing_fixed_rules":[],"_sales_manager_tiered_pricing_type":"fixed","_sales_manager_tiered_pricing_fixed_rules":[],"_sales_rep_tiered_pricing_type":"fixed","_sales_rep_tiered_pricing_fixed_rules":[],"yoast_head":"<!-- This site is optimized with the Yoast SEO plugin v23.3 - https:\/\/yoast.com\/wordpress\/plugins\/seo\/ -->\n<title>Runtz Runty Vape 1 ml Kartusche, 280 mAh wiederaufladbarer Akku | ElementVape.de<\/title>\n<meta name=\"description\" content=\"Wir bieten Runtz Runty Vape 1 ml Kartusche, 280 mAh wiederaufladbarer Akku , Elementvape.de akzeptieren Gro\u00df-und Einzelhandel Bestellungen.\" \/>\n<meta name=\"robots\" content=\"index, follow, max-snippet:-1, max-image-preview:large, max-video-preview:-1\" \/>\n<link rel=\"canonical\" href=\"https:\/\/www.elementvape.de\/pt\/produkt\/runtz-runty-vape-1-ml-kartusche-280-mah-wiederaufladbarer-akku\/\" \/>\n<meta property=\"og:locale\" content=\"pt_PT\" \/>\n<meta property=\"og:type\" content=\"article\" \/>\n<meta property=\"og:title\" content=\"Runtz Runty Vape 1 ml Kartusche, 280 mAh wiederaufladbarer Akku | ElementVape.de\" \/>\n<meta property=\"og:description\" content=\"Wir bieten Runtz Runty Vape 1 ml Kartusche, 280 mAh wiederaufladbarer Akku , Elementvape.de akzeptieren Gro\u00df-und Einzelhandel Bestellungen.\" \/>\n<meta property=\"og:url\" content=\"https:\/\/www.elementvape.de\/pt\/produkt\/runtz-runty-vape-1-ml-kartusche-280-mah-wiederaufladbarer-akku\/\" \/>\n<meta property=\"og:site_name\" content=\"ElementVape.de\" \/>\n<meta property=\"article:modified_time\" content=\"2024-09-12T10:32:14+00:00\" \/>\n<meta property=\"og:image\" content=\"https:\/\/ae01.alicdn.com\/kf\/S938f3531439b4642b1b32b50d8a1c4aaX\/Elektronische-Zigarette-runtz-runty-vape-1ml-leere-Ger-t-Pods-280mah-wiederauf-ladbare-Batterie-f-r.jpg\" \/>\n\t<meta property=\"og:image:width\" content=\"800\" \/>\n\t<meta property=\"og:image:height\" content=\"800\" \/>\n\t<meta property=\"og:image:type\" content=\"image\/jpeg\" \/>\n<meta name=\"twitter:card\" content=\"summary_large_image\" \/>\n<meta name=\"twitter:label1\" content=\"Est. reading time\" \/>\n\t<meta name=\"twitter:data1\" content=\"4 minutos\" \/>\n<script type=\"application\/ld+json\" class=\"yoast-schema-graph\">{\"@context\":\"https:\/\/schema.org\",\"@graph\":[{\"@type\":\"WebPage\",\"@id\":\"https:\/\/www.elementvape.de\/produkt\/runtz-runty-vape-1-ml-kartusche-280-mah-wiederaufladbarer-akku\/\",\"url\":\"https:\/\/www.elementvape.de\/produkt\/runtz-runty-vape-1-ml-kartusche-280-mah-wiederaufladbarer-akku\/\",\"name\":\"Runtz Runty Vape 1 ml Kartusche, 280 mAh wiederaufladbarer Akku | ElementVape.de\",\"isPartOf\":{\"@id\":\"https:\/\/www.elementvape.de\/#website\"},\"primaryImageOfPage\":{\"@id\":\"https:\/\/www.elementvape.de\/produkt\/runtz-runty-vape-1-ml-kartusche-280-mah-wiederaufladbarer-akku\/#primaryimage\"},\"image\":{\"@id\":\"https:\/\/www.elementvape.de\/produkt\/runtz-runty-vape-1-ml-kartusche-280-mah-wiederaufladbarer-akku\/#primaryimage\"},\"thumbnailUrl\":\"https:\/\/ae01.alicdn.com\/kf\/S938f3531439b4642b1b32b50d8a1c4aaX\/Elektronische-Zigarette-runtz-runty-vape-1ml-leere-Ger-t-Pods-280mah-wiederauf-ladbare-Batterie-f-r.jpg\",\"datePublished\":\"2024-04-20T07:30:22+00:00\",\"dateModified\":\"2024-09-12T10:32:14+00:00\",\"description\":\"Wir bieten Runtz Runty Vape 1 ml Kartusche, 280 mAh wiederaufladbarer Akku , Elementvape.de akzeptieren Gro\u00df-und Einzelhandel Bestellungen.\",\"breadcrumb\":{\"@id\":\"https:\/\/www.elementvape.de\/produkt\/runtz-runty-vape-1-ml-kartusche-280-mah-wiederaufladbarer-akku\/#breadcrumb\"},\"inLanguage\":\"pt-PT\",\"potentialAction\":[{\"@type\":\"ReadAction\",\"target\":[\"https:\/\/www.elementvape.de\/produkt\/runtz-runty-vape-1-ml-kartusche-280-mah-wiederaufladbarer-akku\/\"]}]},{\"@type\":\"ImageObject\",\"inLanguage\":\"pt-PT\",\"@id\":\"https:\/\/www.elementvape.de\/produkt\/runtz-runty-vape-1-ml-kartusche-280-mah-wiederaufladbarer-akku\/#primaryimage\",\"url\":\"https:\/\/ae01.alicdn.com\/kf\/S938f3531439b4642b1b32b50d8a1c4aaX\/Elektronische-Zigarette-runtz-runty-vape-1ml-leere-Ger-t-Pods-280mah-wiederauf-ladbare-Batterie-f-r.jpg\",\"contentUrl\":\"https:\/\/ae01.alicdn.com\/kf\/S938f3531439b4642b1b32b50d8a1c4aaX\/Elektronische-Zigarette-runtz-runty-vape-1ml-leere-Ger-t-Pods-280mah-wiederauf-ladbare-Batterie-f-r.jpg\",\"width\":800,\"height\":800},{\"@type\":\"BreadcrumbList\",\"@id\":\"https:\/\/www.elementvape.de\/produkt\/runtz-runty-vape-1-ml-kartusche-280-mah-wiederaufladbarer-akku\/#breadcrumb\",\"itemListElement\":[{\"@type\":\"ListItem\",\"position\":1,\"name\":\"Home\",\"item\":\"https:\/\/www.elementvape.de\/\"},{\"@type\":\"ListItem\",\"position\":2,\"name\":\"Shop\",\"item\":\"https:\/\/www.elementvape.de\/shop\/\"},{\"@type\":\"ListItem\",\"position\":3,\"name\":\"Runtz Runty Vape 1 ml Kartusche, 280 mAh wiederaufladbarer Akku\"}]},{\"@type\":\"WebSite\",\"@id\":\"https:\/\/www.elementvape.de\/#website\",\"url\":\"https:\/\/www.elementvape.de\/\",\"name\":\"ElementVape.de\",\"description\":\"\",\"publisher\":{\"@id\":\"https:\/\/www.elementvape.de\/#organization\"},\"potentialAction\":[{\"@type\":\"SearchAction\",\"target\":{\"@type\":\"EntryPoint\",\"urlTemplate\":\"https:\/\/www.elementvape.de\/?s={search_term_string}\"},\"query-input\":\"required name=search_term_string\"}],\"inLanguage\":\"pt-PT\"},{\"@type\":\"Organization\",\"@id\":\"https:\/\/www.elementvape.de\/#organization\",\"name\":\"ElementVape.DE\",\"url\":\"https:\/\/www.elementvape.de\/\",\"logo\":{\"@type\":\"ImageObject\",\"inLanguage\":\"pt-PT\",\"@id\":\"https:\/\/www.elementvape.de\/#\/schema\/logo\/image\/\",\"url\":\"https:\/\/www.elementvape.de\/wp-content\/uploads\/2024\/09\/cropped-1elementvape-3.png\",\"contentUrl\":\"https:\/\/www.elementvape.de\/wp-content\/uploads\/2024\/09\/cropped-1elementvape-3.png\",\"width\":285,\"height\":228,\"caption\":\"ElementVape.DE\"},\"image\":{\"@id\":\"https:\/\/www.elementvape.de\/#\/schema\/logo\/image\/\"}}]}<\/script>\n<!-- \/ Yoast SEO plugin. -->","yoast_head_json":{"title":"Runtz Runty Vape 1 ml Kartusche, 280 mAh wiederaufladbarer Akku | ElementVape.de","description":"Wir bieten Runtz Runty Vape 1 ml Kartusche, 280 mAh wiederaufladbarer Akku , Elementvape.de akzeptieren Gro\u00df-und Einzelhandel Bestellungen.","robots":{"index":"index","follow":"follow","max-snippet":"max-snippet:-1","max-image-preview":"max-image-preview:large","max-video-preview":"max-video-preview:-1"},"canonical":"https:\/\/www.elementvape.de\/pt\/produkt\/runtz-runty-vape-1-ml-kartusche-280-mah-wiederaufladbarer-akku\/","og_locale":"pt_PT","og_type":"article","og_title":"Runtz Runty Vape 1 ml Kartusche, 280 mAh wiederaufladbarer Akku | ElementVape.de","og_description":"Wir bieten Runtz Runty Vape 1 ml Kartusche, 280 mAh wiederaufladbarer Akku , Elementvape.de akzeptieren Gro\u00df-und Einzelhandel Bestellungen.","og_url":"https:\/\/www.elementvape.de\/pt\/produkt\/runtz-runty-vape-1-ml-kartusche-280-mah-wiederaufladbarer-akku\/","og_site_name":"ElementVape.de","article_modified_time":"2024-09-12T10:32:14+00:00","og_image":[{"width":800,"height":800,"url":"https:\/\/ae01.alicdn.com\/kf\/S938f3531439b4642b1b32b50d8a1c4aaX\/Elektronische-Zigarette-runtz-runty-vape-1ml-leere-Ger-t-Pods-280mah-wiederauf-ladbare-Batterie-f-r.jpg","type":"image\/jpeg"}],"twitter_card":"summary_large_image","twitter_misc":{"Est. reading time":"4 minutos"},"schema":{"@context":"https:\/\/schema.org","@graph":[{"@type":"WebPage","@id":"https:\/\/www.elementvape.de\/produkt\/runtz-runty-vape-1-ml-kartusche-280-mah-wiederaufladbarer-akku\/","url":"https:\/\/www.elementvape.de\/produkt\/runtz-runty-vape-1-ml-kartusche-280-mah-wiederaufladbarer-akku\/","name":"Runtz Runty Vape 1 ml Kartusche, 280 mAh wiederaufladbarer Akku | ElementVape.de","isPartOf":{"@id":"https:\/\/www.elementvape.de\/#website"},"primaryImageOfPage":{"@id":"https:\/\/www.elementvape.de\/produkt\/runtz-runty-vape-1-ml-kartusche-280-mah-wiederaufladbarer-akku\/#primaryimage"},"image":{"@id":"https:\/\/www.elementvape.de\/produkt\/runtz-runty-vape-1-ml-kartusche-280-mah-wiederaufladbarer-akku\/#primaryimage"},"thumbnailUrl":"https:\/\/ae01.alicdn.com\/kf\/S938f3531439b4642b1b32b50d8a1c4aaX\/Elektronische-Zigarette-runtz-runty-vape-1ml-leere-Ger-t-Pods-280mah-wiederauf-ladbare-Batterie-f-r.jpg","datePublished":"2024-04-20T07:30:22+00:00","dateModified":"2024-09-12T10:32:14+00:00","description":"Wir bieten Runtz Runty Vape 1 ml Kartusche, 280 mAh wiederaufladbarer Akku , Elementvape.de akzeptieren Gro\u00df-und Einzelhandel Bestellungen.","breadcrumb":{"@id":"https:\/\/www.elementvape.de\/produkt\/runtz-runty-vape-1-ml-kartusche-280-mah-wiederaufladbarer-akku\/#breadcrumb"},"inLanguage":"pt-PT","potentialAction":[{"@type":"ReadAction","target":["https:\/\/www.elementvape.de\/produkt\/runtz-runty-vape-1-ml-kartusche-280-mah-wiederaufladbarer-akku\/"]}]},{"@type":"ImageObject","inLanguage":"pt-PT","@id":"https:\/\/www.elementvape.de\/produkt\/runtz-runty-vape-1-ml-kartusche-280-mah-wiederaufladbarer-akku\/#primaryimage","url":"https:\/\/ae01.alicdn.com\/kf\/S938f3531439b4642b1b32b50d8a1c4aaX\/Elektronische-Zigarette-runtz-runty-vape-1ml-leere-Ger-t-Pods-280mah-wiederauf-ladbare-Batterie-f-r.jpg","contentUrl":"https:\/\/ae01.alicdn.com\/kf\/S938f3531439b4642b1b32b50d8a1c4aaX\/Elektronische-Zigarette-runtz-runty-vape-1ml-leere-Ger-t-Pods-280mah-wiederauf-ladbare-Batterie-f-r.jpg","width":800,"height":800},{"@type":"BreadcrumbList","@id":"https:\/\/www.elementvape.de\/produkt\/runtz-runty-vape-1-ml-kartusche-280-mah-wiederaufladbarer-akku\/#breadcrumb","itemListElement":[{"@type":"ListItem","position":1,"name":"Home","item":"https:\/\/www.elementvape.de\/"},{"@type":"ListItem","position":2,"name":"Shop","item":"https:\/\/www.elementvape.de\/shop\/"},{"@type":"ListItem","position":3,"name":"Runtz Runty Vape 1 ml Kartusche, 280 mAh wiederaufladbarer Akku"}]},{"@type":"WebSite","@id":"https:\/\/www.elementvape.de\/#website","url":"https:\/\/www.elementvape.de\/","name":"ElementVape.de","description":"","publisher":{"@id":"https:\/\/www.elementvape.de\/#organization"},"potentialAction":[{"@type":"SearchAction","target":{"@type":"EntryPoint","urlTemplate":"https:\/\/www.elementvape.de\/?s={search_term_string}"},"query-input":"required name=search_term_string"}],"inLanguage":"pt-PT"},{"@type":"Organization","@id":"https:\/\/www.elementvape.de\/#organization","name":"ElementVape.DE","url":"https:\/\/www.elementvape.de\/","logo":{"@type":"ImageObject","inLanguage":"pt-PT","@id":"https:\/\/www.elementvape.de\/#\/schema\/logo\/image\/","url":"https:\/\/www.elementvape.de\/wp-content\/uploads\/2024\/09\/cropped-1elementvape-3.png","contentUrl":"https:\/\/www.elementvape.de\/wp-content\/uploads\/2024\/09\/cropped-1elementvape-3.png","width":285,"height":228,"caption":"ElementVape.DE"},"image":{"@id":"https:\/\/www.elementvape.de\/#\/schema\/logo\/image\/"}}]}},"_links":{"self":[{"href":"https:\/\/www.elementvape.de\/pt\/wp-json\/wp\/v2\/product\/7724"}],"collection":[{"href":"https:\/\/www.elementvape.de\/pt\/wp-json\/wp\/v2\/product"}],"about":[{"href":"https:\/\/www.elementvape.de\/pt\/wp-json\/wp\/v2\/types\/product"}],"wp:featuredmedia":[{"embeddable":true,"href":"https:\/\/www.elementvape.de\/pt\/wp-json\/wp\/v2\/media\/7725"}],"wp:attachment":[{"href":"https:\/\/www.elementvape.de\/pt\/wp-json\/wp\/v2\/media?parent=7724"}],"wp:term":[{"taxonomy":"product_cat","embeddable":true,"href":"https:\/\/www.elementvape.de\/pt\/wp-json\/wp\/v2\/product_cat?post=7724"},{"taxonomy":"product_tag","embeddable":true,"href":"https:\/\/www.elementvape.de\/pt\/wp-json\/wp\/v2\/product_tag?post=7724"}],"curies":[{"name":"wp","href":"https:\/\/api.w.org\/{rel}","templated":true}]}}