{"id":7611,"date":"2024-04-20T07:05:08","date_gmt":"2024-04-20T07:05:08","guid":{"rendered":"https:\/\/www.elementvape.de\/?post_type=product&#038;p=7611"},"modified":"2024-09-12T10:32:21","modified_gmt":"2024-09-12T10:32:21","slug":"voopoo-argus-p1-kit-aromazerstaeuber","status":"publish","type":"product","link":"https:\/\/www.elementvape.de\/pt\/produkt\/voopoo-argus-p1-kit-aromazerstaeuber\/","title":{"rendered":"Kit Voopoo Argus P1 Aromizador de n\u00e9voa"},"content":{"rendered":"<p>&nbsp;<\/p>\n<div class=\"product-specs-list-container\">\n<ul class=\"product-specs-list util-clearfix\">\n<li class=\"product-prop line-limit-length\"><span class=\"property-title\">Apar\u00eancia:\u00a0<\/span><span class=\"property-desc line-limit-length\">Forma da Caixa<\/span><\/li>\n<li class=\"product-prop line-limit-length\"><span class=\"property-title\">Bateria Compat\u00edvel:\u00a0<\/span><span class=\"property-desc line-limit-length\">Nenhum<\/span><\/li>\n<li class=\"product-prop line-limit-length\"><span class=\"property-title\">Fun\u00e7\u00e3o de Monitoriza\u00e7\u00e3o do N\u00famero de Fuma\u00e7as:\u00a0<\/span><span class=\"property-desc line-limit-length\">N\u00e3o<\/span><\/li>\n<li class=\"product-prop line-limit-length\"><span class=\"property-title\">Estojo de Silicone:\u00a0<\/span><span class=\"property-desc line-limit-length\">N\u00e3o<\/span><\/li>\n<li class=\"product-prop line-limit-length\"><span class=\"property-title\">Regula\u00e7\u00e3o de Temperatura:\u00a0<\/span><span class=\"property-desc line-limit-length\">N\u00e3o<\/span><\/li>\n<li class=\"product-prop line-limit-length\"><span class=\"property-title\">Fun\u00e7\u00e3o de Prote\u00e7\u00e3o contra Curto-Circuito:\u00a0<\/span><span class=\"property-desc line-limit-length\">N\u00e3o<\/span><\/li>\n<li class=\"product-prop line-limit-length\"><span class=\"property-title\">Fun\u00e7\u00e3o de Prote\u00e7\u00e3o contra Sobreaquecimento:\u00a0<\/span><span class=\"property-desc line-limit-length\">Ja<\/span><\/li>\n<li class=\"product-prop line-limit-length\"><span class=\"property-title\">Fun\u00e7\u00e3o de alarme de baixa tens\u00e3o:\u00a0<\/span><span class=\"property-desc line-limit-length\">Ja<\/span><\/li>\n<li class=\"product-prop line-limit-length\"><span class=\"property-title\">Fun\u00e7\u00e3o de identifica\u00e7\u00e3o do vaporizador:\u00a0<\/span><span class=\"property-desc line-limit-length\">Ja<\/span><\/li>\n<li class=\"product-prop line-limit-length\"><span class=\"property-title\">Modos de configura\u00e7\u00e3o TCR:\u00a0<\/span><span class=\"property-desc line-limit-length\">N\u00e3o<\/span><\/li>\n<li class=\"product-prop line-limit-length\"><span class=\"property-title\">Capacidade nominal:\u00a0<\/span><span class=\"property-desc line-limit-length\">Nenhum<\/span><\/li>\n<li class=\"product-prop line-limit-length\"><span class=\"property-title\">Bateria compat\u00edvel: 18350\u00a0<\/span><span class=\"property-desc line-limit-length\">Metal<\/span><\/li>\n<li class=\"product-prop line-limit-length\"><span class=\"property-title\">Modelo compat\u00edvel:\u00a0<\/span><span class=\"property-desc line-limit-length\">Vaporizador de Cigarro Eletr\u00f4nico<\/span><\/li>\n<li class=\"product-prop line-limit-length\"><span class=\"property-title\">N\u00famero do modelo:\u00a0<\/span><span class=\"property-desc line-limit-length\">Kit VOOPOO Argus P1<\/span><\/li>\n<li class=\"product-prop line-limit-length\"><span class=\"property-title\">Carregador USB:\u00a0<\/span><span class=\"property-desc line-limit-length\">Ja<\/span><\/li>\n<li class=\"product-prop line-limit-length\"><span class=\"property-title\">Atualiza\u00e7\u00e3o de firmware:\u00a0<\/span><span class=\"property-desc line-limit-length\">N\u00e3o<\/span><\/li>\n<li class=\"product-prop line-limit-length\"><span class=\"property-title\">Fun\u00e7\u00e3o de monitoriza\u00e7\u00e3o do n\u00famero de fumos: N\u00e3o\u00a0<\/span><span class=\"property-desc line-limit-length\">N\u00e3o<\/span><\/li>\n<li class=\"product-prop line-limit-length\"><span class=\"property-title\">Tipo:\u00a0<\/span><span class=\"property-desc line-limit-length\">Com bateria<\/span><\/li>\n<li class=\"product-prop line-limit-length\"><span class=\"property-title\">Nome da marca:\u00a0<\/span><span class=\"property-desc line-limit-length\">VOOPOO<\/span><\/li>\n<li class=\"product-prop line-limit-length\"><span class=\"property-title\">Origem:\u00a0<\/span><span class=\"property-desc line-limit-length\">CN (Origem)<\/span><\/li>\n<\/ul>\n<\/div>\n<div class=\"detailmodule_html\">\n<div class=\"detail-desc-decorate-richtext\">\n<div class=\"detailmodule_text\">\n<p id=\"tl_1\" class=\"detail-desc-decorate-title\" style=\"font-family: OpenSans; font-size: 20px; font-weight: 900; line-height: 28px; margin-bottom: 12px;\">Kit Original Voopoo Argus P1 20W Bateria de 800mAh Vape 2ml Cartucho Argus Pod Bobina 0,7 Ohm\/1,2 Ohm E-Cigarros atomizador<\/p>\n<p id=\"tl_2\" class=\"detail-desc-decorate-content\" style=\"font-family: OpenSans; font-size: 14px; font-weight: 300; line-height: 20px; margin-bottom: 12px;\">O kit Argus P1 adota um estilo futurista mec\u00e2nico com apar\u00eancia semi-met\u00e1lica e semi-transparente para demonstrar beleza robusta e requintada. \u00c9 alimentado por uma bateria embutida de 800mAh com m\u00e1ximo de 20W e carregamento Tipo-C. Tamb\u00e9m suporta carregamento r\u00e1pido de 15W PD para realizar carga completa em 18 minutos. Vale mencionar que a bobina de 1,2\u03a9 pode suportar 2 horas de vaping ap\u00f3s 5 minutos de carga, com cada puxada. Equipado com o chip inteligente Gen. Ai 1,2 na lateral transparente, o Argus P1 pode ajustar automaticamente as for\u00e7as adequadas para economizar energia e manter a vida \u00fatil da bateria. Al\u00e9m disso, a tecnologia de atomiza\u00e7\u00e3o ito pode proporcionar o m\u00e1ximo prazer de sabor e vapor. Possui tamb\u00e9m ajuste lateral de ar para fluxo de ar de apertado a livre e entrada de ar de 4 orif\u00edcios para sabor suave. O Argus P1 \u00e9 compat\u00edvel com a cartucho Argus Pod de 0,7\u03a9\/1,2\u03a9, cartucho vazio Argus Pod e bobina Voopoo ito. Tem capacidade de 2ml, sistema de enchimento lateral simples e design patenteado \u00e0 prova de vazamentos. O Argus P1 tamb\u00e9m possui o bocal ergon\u00f4mico avan\u00e7ado, que se encaixa perfeitamente nos seus l\u00e1bios. Basta adquiri-lo.<\/p>\n<\/div>\n<div class=\"detailmodule_text\">\n<p id=\"tl_3\" class=\"detail-desc-decorate-title\" style=\"font-family: OpenSans; font-size: 20px; font-weight: 900; line-height: 28px; margin-bottom: 12px;\">Par\u00e2metros:<\/p>\n<p id=\"tl_4\" class=\"detail-desc-decorate-content\" style=\"font-family: OpenSans; font-size: 14px; font-weight: 300; line-height: 20px; margin-bottom: 12px;\">Marca: voopoo<br \/>\nNome do produto: kit argus p1<br \/>\nBateria: bateria embutida de 800mah<br \/>\nPot\u00eancia de sa\u00edda: 5-20w<br \/>\nTens\u00e3o de sa\u00edda: 3,2-4,2 V<br \/>\nTipo de carregamento: carregamento Tipo-C<br \/>\nM\u00e9todo de carregamento: carregamento r\u00e1pido PD de 15w<br \/>\nFaixa de resist\u00eancia: 0,5-3,0\u03a9<br \/>\nCapacidade do cartucho vazio: 2ml<br \/>\nPreenchimento: preenchimento lateral<br \/>\nFluxo de ar: fluxo de ar ajust\u00e1vel<br \/>\nCompat\u00edvel com: cartucho Argus Pod Voopoo de 0,7\u03a9\/1,2\u03a9<br \/>\nMaterial: liga de zinco + PC<br \/>\nTamanho do produto: 74,6*46,7*17,4mm<br \/>\nTamanho da embalagem: 103*103*40mm<br \/>\nTamanho da caixa: 540*225*230mm (9,3 kg (\u00b1 0,4 kg), 50 unidades)<br \/>\nCor: preto, prateado, vermelho, gun metal, verde<\/p>\n<\/div>\n<div class=\"detailmodule_text\">\n<p id=\"tl_5\" class=\"detail-desc-decorate-title\" style=\"font-family: OpenSans; font-size: 20px; font-weight: 900; line-height: 28px; margin-bottom: 12px;\">Detalhes:<\/p>\n<p id=\"tl_6\" class=\"detail-desc-decorate-content\" style=\"font-family: OpenSans; font-size: 14px; font-weight: 300; line-height: 20px; margin-bottom: 12px;\">1. Estilo futurista mec\u00e2nico, semi-met\u00e1lico e semi-transparente<br \/>\n2. Bateria embutida de 800mah com m\u00e1ximo de 20w e carregamento Tipo-C<br \/>\n3. suportado pelo m\u00e9todo de carregamento r\u00e1pido PD<br \/>\n4. Chip Ai 1.2 Gen. e ajuste de sa\u00edda Ai<br \/>\n5. ajuste lateral do ar e entrada de ar de 4 orif\u00edcios<br \/>\n6. tecnologia de atomiza\u00e7\u00e3o ITO e design \u00e0 prova de fugas patenteado<br \/>\n7. boquilha ergon\u00f3mica avan\u00e7ada para se ajustar perfeitamente ao seu l\u00e1bio<br \/>\n8. compat\u00edvel com a c\u00e1psula Argus 0.7\u03a9\/1.2\u03a9<br \/>\n9. capacidade vazia de 2ml, sistema de enchimento lateral f\u00e1cil<br \/>\n10. feito de liga de zinco + material de PC, dur\u00e1vel em uso<br \/>\n11. prote\u00e7\u00e3o de seguran\u00e7a m\u00faltipla para garantir o uso seguro<\/p>\n<\/div>\n<div class=\"detailmodule_text\">\n<p id=\"tl_7\" class=\"detail-desc-decorate-title\" style=\"font-family: OpenSans; font-size: 20px; font-weight: 900; line-height: 28px; margin-bottom: 12px;\">O pacote inclui:<\/p>\n<p id=\"tl_8\" class=\"detail-desc-decorate-content\" style=\"font-family: OpenSans; font-size: 14px; font-weight: 300; line-height: 20px; margin-bottom: 12px;\">1 * dispositivo Voopoo Argus P1<br \/>\n1 * C\u00e1psula Voopoo Argus 0.7\u03a9<br \/>\n1 * C\u00e1psula Voopoo Argus 1.2\u03a9<br \/>\n1 * Cabo Tipo-C<br \/>\n1 * manual do usu\u00e1rio<br \/>\n1 * cord\u00e3o de pesco\u00e7o<\/p>\n<\/div>\n<div class=\"detailmodule_image\"><img decoding=\"async\" loading=\"lazy\" class=\"detail-desc-decorate-image\" src=\"https:\/\/ae01.alicdn.com\/kf\/Sed1efa8abb024f419b12029d139efe890.jpg\" \/><br \/>\n<img decoding=\"async\" loading=\"lazy\" class=\"detail-desc-decorate-image\" src=\"https:\/\/ae01.alicdn.com\/kf\/S0c1487d884db4d0583b12618b1bed105q.jpg\" \/><br \/>\n<img decoding=\"async\" loading=\"lazy\" class=\"detail-desc-decorate-image\" src=\"https:\/\/ae01.alicdn.com\/kf\/Sa90ccfa5e64f44169b88e4bc301be5f22.jpg\" \/><br \/>\n<img decoding=\"async\" loading=\"lazy\" class=\"detail-desc-decorate-image\" src=\"https:\/\/ae01.alicdn.com\/kf\/S116118a193fa4c9394a78c6d74a6de307.jpg\" \/><br \/>\n<img decoding=\"async\" loading=\"lazy\" class=\"detail-desc-decorate-image\" src=\"https:\/\/ae01.alicdn.com\/kf\/S0103ac1922d34736963821b50b33e79aH.jpg\" \/><br \/>\n<img decoding=\"async\" loading=\"lazy\" class=\"detail-desc-decorate-image\" src=\"https:\/\/ae01.alicdn.com\/kf\/Sc93bdbdf920548a4b424e6816d874de3A.jpg\" \/><br \/>\n<img decoding=\"async\" loading=\"lazy\" class=\"detail-desc-decorate-image\" src=\"https:\/\/ae01.alicdn.com\/kf\/Sd79e485322e044259efa43ad20e1ed69B.jpg\" \/><br \/>\n<img decoding=\"async\" loading=\"lazy\" class=\"detail-desc-decorate-image\" src=\"https:\/\/ae01.alicdn.com\/kf\/S0fc79fe6d1314bd0baaf92940529e65bG.jpg\" \/><br \/>\n<img decoding=\"async\" loading=\"lazy\" class=\"detail-desc-decorate-image\" src=\"https:\/\/ae01.alicdn.com\/kf\/Sf8f2c56be84c44769aa12d8e4bb88dedR.jpg\" \/><br \/>\n<img decoding=\"async\" loading=\"lazy\" class=\"detail-desc-decorate-image\" src=\"https:\/\/ae01.alicdn.com\/kf\/Sf92ea93269854eafb90b1b70c9ce02f7J.jpg\" \/><\/div>\n<div class=\"detailmodule_image\"><img decoding=\"async\" loading=\"lazy\" class=\"detail-desc-decorate-image\" src=\"https:\/\/ae01.alicdn.com\/kf\/S8ef0f6b4a9804692abc297bbb26c5c8bT.jpg\" \/><br \/>\n<img decoding=\"async\" loading=\"lazy\" class=\"detail-desc-decorate-image\" src=\"https:\/\/ae01.alicdn.com\/kf\/S8246ff7c308c43038077b7d2bd8f89a6E.jpg\" \/><br \/>\n<img decoding=\"async\" loading=\"lazy\" class=\"detail-desc-decorate-image\" src=\"https:\/\/ae01.alicdn.com\/kf\/S0fe29fd38cbd4338be39672335e32e87Y.jpg\" \/><\/div>\n<p>&nbsp;<\/p>\n<\/div>\n<\/div>","protected":false},"excerpt":{"rendered":"<p>&nbsp; Aussehen:\u00a0Box Form Kompatibler Akku:\u00a0Kein \u00dcberwachung Funktion Von Rauchen Anzahl:\u00a0Nein Silikon Fall:\u00a0Nein Temperaturregelung:\u00a0Nein Kurzschlussschutz Funktion:\u00a0Nein \u00dcberhitzungsschutz-funktion:\u00a0Ja Niederspannungsalarmfunktion:\u00a0Ja Zerst\u00e4uber Identifikation Funktion:\u00a0Ja TCR Einstellung Modi:\u00a0Nein Nominale Kapazit\u00e4t:\u00a0Kein Material:\u00a0Metall Compatible Model:\u00a0Electronic Cigarette Vaporizer Modellnummer:\u00a0VOOPOO Argus P1 Kit Usb-ladeger\u00e4t:\u00a0Ja Firmware-upgrade:\u00a0Nein Display:\u00a0Nein Art:\u00a0Mit Batterie Markenname:\u00a0VOOPOO Ursprung:\u00a0CN (Herkunft) Original Voopoo Argus P1 Kit 20W 800mAh Batterie Vape 2ml Argus Pod Patrone [&hellip;]<\/p>","protected":false},"featured_media":7612,"template":"","meta":{"inline_featured_image":false},"product_cat":[78,750,737,736,749,76],"product_tag":[],"tiered_pricing_type":"fixed","tiered_pricing_fixed_rules":[],"tiered_pricing_percentage_rules":[],"tiered_pricing_minimum":1,"_administrator_tiered_pricing_type":"fixed","_administrator_tiered_pricing_fixed_rules":[],"_editor_tiered_pricing_type":"fixed","_editor_tiered_pricing_fixed_rules":[],"_author_tiered_pricing_type":"fixed","_author_tiered_pricing_fixed_rules":[],"_contributor_tiered_pricing_type":"fixed","_contributor_tiered_pricing_fixed_rules":[],"_subscriber_tiered_pricing_type":"fixed","_subscriber_tiered_pricing_fixed_rules":[],"_customer_tiered_pricing_type":"fixed","_customer_tiered_pricing_fixed_rules":[],"_shop_manager_tiered_pricing_type":"fixed","_shop_manager_tiered_pricing_fixed_rules":[],"_wpseo_manager_tiered_pricing_type":"fixed","_wpseo_manager_tiered_pricing_fixed_rules":[],"_wpseo_editor_tiered_pricing_type":"fixed","_wpseo_editor_tiered_pricing_fixed_rules":[],"_wholesale_customer_tiered_pricing_type":"fixed","_wholesale_customer_tiered_pricing_fixed_rules":[],"_marketer_tiered_pricing_type":"fixed","_marketer_tiered_pricing_fixed_rules":[],"_sales_manager_tiered_pricing_type":"fixed","_sales_manager_tiered_pricing_fixed_rules":[],"_sales_rep_tiered_pricing_type":"fixed","_sales_rep_tiered_pricing_fixed_rules":[],"yoast_head":"<!-- This site is optimized with the Yoast SEO plugin v23.3 - https:\/\/yoast.com\/wordpress\/plugins\/seo\/ -->\n<title>Voopoo Argus P1 Kit Aromazerst\u00e4uber | ElementVape.de<\/title>\n<meta name=\"description\" content=\"Wir bieten Voopoo Argus P1 Kit Aromazerst\u00e4uber , Elementvape.de akzeptieren Gro\u00df-und Einzelhandel Bestellungen.\" \/>\n<meta name=\"robots\" content=\"index, follow, max-snippet:-1, max-image-preview:large, max-video-preview:-1\" \/>\n<link rel=\"canonical\" href=\"https:\/\/www.elementvape.de\/pt\/produkt\/voopoo-argus-p1-kit-aromazerstaeuber\/\" \/>\n<meta property=\"og:locale\" content=\"pt_PT\" \/>\n<meta property=\"og:type\" content=\"article\" \/>\n<meta property=\"og:title\" content=\"Voopoo Argus P1 Kit Aromazerst\u00e4uber | ElementVape.de\" \/>\n<meta property=\"og:description\" content=\"Wir bieten Voopoo Argus P1 Kit Aromazerst\u00e4uber , Elementvape.de akzeptieren Gro\u00df-und Einzelhandel Bestellungen.\" \/>\n<meta property=\"og:url\" content=\"https:\/\/www.elementvape.de\/pt\/produkt\/voopoo-argus-p1-kit-aromazerstaeuber\/\" \/>\n<meta property=\"og:site_name\" content=\"ElementVape.de\" \/>\n<meta property=\"article:modified_time\" content=\"2024-09-12T10:32:21+00:00\" \/>\n<meta property=\"og:image\" content=\"https:\/\/ae01.alicdn.com\/kf\/Sa7c42d84ca2748ffbae83df45e1a89d27\/Original-Voopoo-Argus-P1-Kit-20W-800mAh-Batterie-Vape-2ml-Argus-Pod-Patrone-0-7-Ohm.jpg\" \/>\n\t<meta property=\"og:image:width\" content=\"800\" \/>\n\t<meta property=\"og:image:height\" content=\"800\" \/>\n\t<meta property=\"og:image:type\" content=\"image\/jpeg\" \/>\n<meta name=\"twitter:card\" content=\"summary_large_image\" \/>\n<meta name=\"twitter:label1\" content=\"Est. reading time\" \/>\n\t<meta name=\"twitter:data1\" content=\"6 minutos\" \/>\n<script type=\"application\/ld+json\" class=\"yoast-schema-graph\">{\"@context\":\"https:\/\/schema.org\",\"@graph\":[{\"@type\":\"WebPage\",\"@id\":\"https:\/\/www.elementvape.de\/produkt\/voopoo-argus-p1-kit-aromazerstaeuber\/\",\"url\":\"https:\/\/www.elementvape.de\/produkt\/voopoo-argus-p1-kit-aromazerstaeuber\/\",\"name\":\"Voopoo Argus P1 Kit Aromazerst\u00e4uber | ElementVape.de\",\"isPartOf\":{\"@id\":\"https:\/\/www.elementvape.de\/#website\"},\"primaryImageOfPage\":{\"@id\":\"https:\/\/www.elementvape.de\/produkt\/voopoo-argus-p1-kit-aromazerstaeuber\/#primaryimage\"},\"image\":{\"@id\":\"https:\/\/www.elementvape.de\/produkt\/voopoo-argus-p1-kit-aromazerstaeuber\/#primaryimage\"},\"thumbnailUrl\":\"https:\/\/ae01.alicdn.com\/kf\/Sa7c42d84ca2748ffbae83df45e1a89d27\/Original-Voopoo-Argus-P1-Kit-20W-800mAh-Batterie-Vape-2ml-Argus-Pod-Patrone-0-7-Ohm.jpg\",\"datePublished\":\"2024-04-20T07:05:08+00:00\",\"dateModified\":\"2024-09-12T10:32:21+00:00\",\"description\":\"Wir bieten Voopoo Argus P1 Kit Aromazerst\u00e4uber , Elementvape.de akzeptieren Gro\u00df-und Einzelhandel Bestellungen.\",\"breadcrumb\":{\"@id\":\"https:\/\/www.elementvape.de\/produkt\/voopoo-argus-p1-kit-aromazerstaeuber\/#breadcrumb\"},\"inLanguage\":\"pt-PT\",\"potentialAction\":[{\"@type\":\"ReadAction\",\"target\":[\"https:\/\/www.elementvape.de\/produkt\/voopoo-argus-p1-kit-aromazerstaeuber\/\"]}]},{\"@type\":\"ImageObject\",\"inLanguage\":\"pt-PT\",\"@id\":\"https:\/\/www.elementvape.de\/produkt\/voopoo-argus-p1-kit-aromazerstaeuber\/#primaryimage\",\"url\":\"https:\/\/ae01.alicdn.com\/kf\/Sa7c42d84ca2748ffbae83df45e1a89d27\/Original-Voopoo-Argus-P1-Kit-20W-800mAh-Batterie-Vape-2ml-Argus-Pod-Patrone-0-7-Ohm.jpg\",\"contentUrl\":\"https:\/\/ae01.alicdn.com\/kf\/Sa7c42d84ca2748ffbae83df45e1a89d27\/Original-Voopoo-Argus-P1-Kit-20W-800mAh-Batterie-Vape-2ml-Argus-Pod-Patrone-0-7-Ohm.jpg\",\"width\":800,\"height\":800},{\"@type\":\"BreadcrumbList\",\"@id\":\"https:\/\/www.elementvape.de\/produkt\/voopoo-argus-p1-kit-aromazerstaeuber\/#breadcrumb\",\"itemListElement\":[{\"@type\":\"ListItem\",\"position\":1,\"name\":\"Home\",\"item\":\"https:\/\/www.elementvape.de\/\"},{\"@type\":\"ListItem\",\"position\":2,\"name\":\"Shop\",\"item\":\"https:\/\/www.elementvape.de\/shop\/\"},{\"@type\":\"ListItem\",\"position\":3,\"name\":\"Voopoo Argus P1 Kit Aromazerst\u00e4uber\"}]},{\"@type\":\"WebSite\",\"@id\":\"https:\/\/www.elementvape.de\/#website\",\"url\":\"https:\/\/www.elementvape.de\/\",\"name\":\"ElementVape.de\",\"description\":\"\",\"publisher\":{\"@id\":\"https:\/\/www.elementvape.de\/#organization\"},\"potentialAction\":[{\"@type\":\"SearchAction\",\"target\":{\"@type\":\"EntryPoint\",\"urlTemplate\":\"https:\/\/www.elementvape.de\/?s={search_term_string}\"},\"query-input\":\"required name=search_term_string\"}],\"inLanguage\":\"pt-PT\"},{\"@type\":\"Organization\",\"@id\":\"https:\/\/www.elementvape.de\/#organization\",\"name\":\"ElementVape.DE\",\"url\":\"https:\/\/www.elementvape.de\/\",\"logo\":{\"@type\":\"ImageObject\",\"inLanguage\":\"pt-PT\",\"@id\":\"https:\/\/www.elementvape.de\/#\/schema\/logo\/image\/\",\"url\":\"https:\/\/www.elementvape.de\/wp-content\/uploads\/2024\/09\/cropped-1elementvape-3.png\",\"contentUrl\":\"https:\/\/www.elementvape.de\/wp-content\/uploads\/2024\/09\/cropped-1elementvape-3.png\",\"width\":285,\"height\":228,\"caption\":\"ElementVape.DE\"},\"image\":{\"@id\":\"https:\/\/www.elementvape.de\/#\/schema\/logo\/image\/\"}}]}<\/script>\n<!-- \/ Yoast SEO plugin. -->","yoast_head_json":{"title":"Voopoo Argus P1 Kit Aromazerst\u00e4uber | ElementVape.de","description":"Wir bieten Voopoo Argus P1 Kit Aromazerst\u00e4uber , Elementvape.de akzeptieren Gro\u00df-und Einzelhandel Bestellungen.","robots":{"index":"index","follow":"follow","max-snippet":"max-snippet:-1","max-image-preview":"max-image-preview:large","max-video-preview":"max-video-preview:-1"},"canonical":"https:\/\/www.elementvape.de\/pt\/produkt\/voopoo-argus-p1-kit-aromazerstaeuber\/","og_locale":"pt_PT","og_type":"article","og_title":"Voopoo Argus P1 Kit Aromazerst\u00e4uber | ElementVape.de","og_description":"Wir bieten Voopoo Argus P1 Kit Aromazerst\u00e4uber , Elementvape.de akzeptieren Gro\u00df-und Einzelhandel Bestellungen.","og_url":"https:\/\/www.elementvape.de\/pt\/produkt\/voopoo-argus-p1-kit-aromazerstaeuber\/","og_site_name":"ElementVape.de","article_modified_time":"2024-09-12T10:32:21+00:00","og_image":[{"width":800,"height":800,"url":"https:\/\/ae01.alicdn.com\/kf\/Sa7c42d84ca2748ffbae83df45e1a89d27\/Original-Voopoo-Argus-P1-Kit-20W-800mAh-Batterie-Vape-2ml-Argus-Pod-Patrone-0-7-Ohm.jpg","type":"image\/jpeg"}],"twitter_card":"summary_large_image","twitter_misc":{"Est. reading time":"6 minutos"},"schema":{"@context":"https:\/\/schema.org","@graph":[{"@type":"WebPage","@id":"https:\/\/www.elementvape.de\/produkt\/voopoo-argus-p1-kit-aromazerstaeuber\/","url":"https:\/\/www.elementvape.de\/produkt\/voopoo-argus-p1-kit-aromazerstaeuber\/","name":"Voopoo Argus P1 Kit Aromazerst\u00e4uber | ElementVape.de","isPartOf":{"@id":"https:\/\/www.elementvape.de\/#website"},"primaryImageOfPage":{"@id":"https:\/\/www.elementvape.de\/produkt\/voopoo-argus-p1-kit-aromazerstaeuber\/#primaryimage"},"image":{"@id":"https:\/\/www.elementvape.de\/produkt\/voopoo-argus-p1-kit-aromazerstaeuber\/#primaryimage"},"thumbnailUrl":"https:\/\/ae01.alicdn.com\/kf\/Sa7c42d84ca2748ffbae83df45e1a89d27\/Original-Voopoo-Argus-P1-Kit-20W-800mAh-Batterie-Vape-2ml-Argus-Pod-Patrone-0-7-Ohm.jpg","datePublished":"2024-04-20T07:05:08+00:00","dateModified":"2024-09-12T10:32:21+00:00","description":"Wir bieten Voopoo Argus P1 Kit Aromazerst\u00e4uber , Elementvape.de akzeptieren Gro\u00df-und Einzelhandel Bestellungen.","breadcrumb":{"@id":"https:\/\/www.elementvape.de\/produkt\/voopoo-argus-p1-kit-aromazerstaeuber\/#breadcrumb"},"inLanguage":"pt-PT","potentialAction":[{"@type":"ReadAction","target":["https:\/\/www.elementvape.de\/produkt\/voopoo-argus-p1-kit-aromazerstaeuber\/"]}]},{"@type":"ImageObject","inLanguage":"pt-PT","@id":"https:\/\/www.elementvape.de\/produkt\/voopoo-argus-p1-kit-aromazerstaeuber\/#primaryimage","url":"https:\/\/ae01.alicdn.com\/kf\/Sa7c42d84ca2748ffbae83df45e1a89d27\/Original-Voopoo-Argus-P1-Kit-20W-800mAh-Batterie-Vape-2ml-Argus-Pod-Patrone-0-7-Ohm.jpg","contentUrl":"https:\/\/ae01.alicdn.com\/kf\/Sa7c42d84ca2748ffbae83df45e1a89d27\/Original-Voopoo-Argus-P1-Kit-20W-800mAh-Batterie-Vape-2ml-Argus-Pod-Patrone-0-7-Ohm.jpg","width":800,"height":800},{"@type":"BreadcrumbList","@id":"https:\/\/www.elementvape.de\/produkt\/voopoo-argus-p1-kit-aromazerstaeuber\/#breadcrumb","itemListElement":[{"@type":"ListItem","position":1,"name":"Home","item":"https:\/\/www.elementvape.de\/"},{"@type":"ListItem","position":2,"name":"Shop","item":"https:\/\/www.elementvape.de\/shop\/"},{"@type":"ListItem","position":3,"name":"Voopoo Argus P1 Kit Aromazerst\u00e4uber"}]},{"@type":"WebSite","@id":"https:\/\/www.elementvape.de\/#website","url":"https:\/\/www.elementvape.de\/","name":"ElementVape.de","description":"","publisher":{"@id":"https:\/\/www.elementvape.de\/#organization"},"potentialAction":[{"@type":"SearchAction","target":{"@type":"EntryPoint","urlTemplate":"https:\/\/www.elementvape.de\/?s={search_term_string}"},"query-input":"required name=search_term_string"}],"inLanguage":"pt-PT"},{"@type":"Organization","@id":"https:\/\/www.elementvape.de\/#organization","name":"ElementVape.DE","url":"https:\/\/www.elementvape.de\/","logo":{"@type":"ImageObject","inLanguage":"pt-PT","@id":"https:\/\/www.elementvape.de\/#\/schema\/logo\/image\/","url":"https:\/\/www.elementvape.de\/wp-content\/uploads\/2024\/09\/cropped-1elementvape-3.png","contentUrl":"https:\/\/www.elementvape.de\/wp-content\/uploads\/2024\/09\/cropped-1elementvape-3.png","width":285,"height":228,"caption":"ElementVape.DE"},"image":{"@id":"https:\/\/www.elementvape.de\/#\/schema\/logo\/image\/"}}]}},"_links":{"self":[{"href":"https:\/\/www.elementvape.de\/pt\/wp-json\/wp\/v2\/product\/7611"}],"collection":[{"href":"https:\/\/www.elementvape.de\/pt\/wp-json\/wp\/v2\/product"}],"about":[{"href":"https:\/\/www.elementvape.de\/pt\/wp-json\/wp\/v2\/types\/product"}],"wp:featuredmedia":[{"embeddable":true,"href":"https:\/\/www.elementvape.de\/pt\/wp-json\/wp\/v2\/media\/7612"}],"wp:attachment":[{"href":"https:\/\/www.elementvape.de\/pt\/wp-json\/wp\/v2\/media?parent=7611"}],"wp:term":[{"taxonomy":"product_cat","embeddable":true,"href":"https:\/\/www.elementvape.de\/pt\/wp-json\/wp\/v2\/product_cat?post=7611"},{"taxonomy":"product_tag","embeddable":true,"href":"https:\/\/www.elementvape.de\/pt\/wp-json\/wp\/v2\/product_tag?post=7611"}],"curies":[{"name":"wp","href":"https:\/\/api.w.org\/{rel}","templated":true}]}}