{"id":7563,"date":"2024-04-20T07:04:20","date_gmt":"2024-04-20T07:04:20","guid":{"rendered":"https:\/\/www.elementvape.de\/?post_type=product&#038;p=7563"},"modified":"2024-09-12T10:32:21","modified_gmt":"2024-09-12T10:32:21","slug":"5er-pack-leere-wiederaufladbare-batterien-fuer-puffla-vape-pen-kartuschen","status":"publish","type":"product","link":"https:\/\/www.elementvape.de\/pt\/produkt\/5er-pack-leere-wiederaufladbare-batterien-fuer-puffla-vape-pen-kartuschen\/","title":{"rendered":"Pack de 5 baterias recarreg\u00e1veis vazias para cartuchos Puffla Vape Pen"},"content":{"rendered":"<p>&nbsp;<\/p>\n<div class=\"product-specs-list-container\">\n<ul class=\"product-specs-list util-clearfix\">\n<li class=\"product-prop line-limit-length\"><span class=\"property-title\">Apar\u00eancia:\u00a0<\/span><span class=\"property-desc line-limit-length\">Forma da Caixa<\/span><\/li>\n<li class=\"product-prop line-limit-length\"><span class=\"property-title\">Bateria Compat\u00edvel:\u00a0<\/span><span class=\"property-desc line-limit-length\">18350<\/span><\/li>\n<li class=\"product-prop line-limit-length\"><span class=\"property-title\">Fun\u00e7\u00e3o de Monitoriza\u00e7\u00e3o do N\u00famero de Fuma\u00e7as:\u00a0<\/span><span class=\"property-desc line-limit-length\">N\u00e3o<\/span><\/li>\n<li class=\"product-prop line-limit-length\"><span class=\"property-title\">Estojo de Silicone:\u00a0<\/span><span class=\"property-desc line-limit-length\">N\u00e3o<\/span><\/li>\n<li class=\"product-prop line-limit-length\"><span class=\"property-title\">Regula\u00e7\u00e3o de Temperatura:\u00a0<\/span><span class=\"property-desc line-limit-length\">N\u00e3o<\/span><\/li>\n<li class=\"product-prop line-limit-length\"><span class=\"property-title\">Bateria Embutida ou Externa:\u00a0<\/span><span class=\"property-desc line-limit-length\">Embebida<\/span><\/li>\n<li class=\"product-prop line-limit-length\"><span class=\"property-title\">Fun\u00e7\u00e3o de Prote\u00e7\u00e3o contra Curto-Circuito:\u00a0<\/span><span class=\"property-desc line-limit-length\">Ja<\/span><\/li>\n<li class=\"product-prop line-limit-length\"><span class=\"property-title\">Fun\u00e7\u00e3o de Prote\u00e7\u00e3o contra Sobreaquecimento:\u00a0<\/span><span class=\"property-desc line-limit-length\">N\u00e3o<\/span><\/li>\n<li class=\"product-prop line-limit-length\"><span class=\"property-title\">Fun\u00e7\u00e3o de alarme de baixa tens\u00e3o:\u00a0<\/span><span class=\"property-desc line-limit-length\">N\u00e3o<\/span><\/li>\n<li class=\"product-prop line-limit-length\"><span class=\"property-title\">Fun\u00e7\u00e3o de identifica\u00e7\u00e3o do vaporizador:\u00a0<\/span><span class=\"property-desc line-limit-length\">N\u00e3o<\/span><\/li>\n<li class=\"product-prop line-limit-length\"><span class=\"property-title\">Modos de configura\u00e7\u00e3o TCR:\u00a0<\/span><span class=\"property-desc line-limit-length\">N\u00e3o<\/span><\/li>\n<li class=\"product-prop line-limit-length\"><span class=\"property-title\">Capacidade nominal:\u00a0<\/span><span class=\"property-desc line-limit-length\">&lt;700 mAh<\/span><\/li>\n<li class=\"product-prop line-limit-length\"><span class=\"property-title\">Bateria compat\u00edvel: 18350\u00a0<\/span><span class=\"property-desc line-limit-length\">Metal<\/span><\/li>\n<li class=\"product-prop line-limit-length\"><span class=\"property-title\">Modelo compat\u00edvel:\u00a0<\/span><span class=\"property-desc line-limit-length\">\u00f3leo espesso<\/span><\/li>\n<li class=\"product-prop line-limit-length\"><span class=\"property-title\">N\u00famero do modelo:\u00a0<\/span><span class=\"property-desc line-limit-length\">Puffla Vape Pen<\/span><\/li>\n<li class=\"product-prop line-limit-length\"><span class=\"property-title\">Carregador USB:\u00a0<\/span><span class=\"property-desc line-limit-length\">Ja<\/span><\/li>\n<li class=\"product-prop line-limit-length\"><span class=\"property-title\">Atualiza\u00e7\u00e3o de firmware:\u00a0<\/span><span class=\"property-desc line-limit-length\">N\u00e3o<\/span><\/li>\n<li class=\"product-prop line-limit-length\"><span class=\"property-title\">Fun\u00e7\u00e3o de monitoriza\u00e7\u00e3o do n\u00famero de fumos: N\u00e3o\u00a0<\/span><span class=\"property-desc line-limit-length\">N\u00e3o<\/span><\/li>\n<li class=\"product-prop line-limit-length\"><span class=\"property-title\">Tipo:\u00a0<\/span><span class=\"property-desc line-limit-length\">descart\u00e1vel<\/span><\/li>\n<li class=\"product-prop line-limit-length\"><span class=\"property-title\">Nome da marca:\u00a0<\/span><span class=\"property-desc line-limit-length\">Capa de silicone: N\u00e3o<\/span><\/li>\n<li class=\"product-prop line-limit-length\"><span class=\"property-title\">Origem:\u00a0<\/span><span class=\"property-desc line-limit-length\">CN (Origem)<\/span><\/li>\n<li class=\"product-prop line-limit-length\"><span class=\"property-title\">Capacidade do Pod:\u00a0<\/span><span class=\"property-desc line-limit-length\">2,0ml<\/span><\/li>\n<li class=\"product-prop line-limit-length\"><span class=\"property-title\">Bateria:\u00a0<\/span><span class=\"property-desc line-limit-length\">Descri\u00e7\u00e3o:\\n\\nCapacidade de \u00f3leo: 2,0 ml\\nBateria: 280mAh\\nTamanho do orif\u00edcio de \u00f3leo: 2*1,8mm\\nBobina: bobina de cer\u00e2mica aprimorada\\nResist\u00eancia: 1,4 Ohm\\nRecheio: Recheio superior\\nBateria recarreg\u00e1vel na base\\n\\nEnviamos os pinos com pod vazio (n\u00e3o pr\u00e9-preenchido)\\nPor favor, note que o produto n\u00e3o vem embalado com caixa, etiquetas ou carregador\\n\\nVantagens:\\n\\n1. Vape pen recarreg\u00e1vel oferece pot\u00eancia suficiente para destilados grossos\\n2. Design para \u00f3leo grosso, oferece grandes nuvens e tiro suave\\n3. Design de veda\u00e7\u00e3o apertada sem vazamentos\\n4. Bobina de cer\u00e2mica aprimorada oferece sabor puro, sem queimar\\n5. Design compacto, port\u00e1til, f\u00e1cil de usar, com estilo moderno\\n6. Janela vis\u00edvel\\n7. Design de travamento por encaixe para f\u00e1cil tampagem\\n8. Sistema de pod fechado\\n9. Reabastecimento f\u00e1cil\\n10. Qualidade est\u00e1vel, desempenho est\u00e1vel, pre\u00e7o competitivo\\n11. Oferece servi\u00e7o OEM<\/span><\/li>\n<li class=\"product-prop line-limit-length\"><span class=\"property-title\">Material do tanque:\u00a0<\/span><span class=\"property-desc line-limit-length\">PCTG<\/span><\/li>\n<li class=\"product-prop line-limit-length\"><span class=\"property-title\">Bobina de aquecimento:\u00a0<\/span><span class=\"property-desc line-limit-length\">Bobina de cer\u00e2mica<\/span><\/li>\n<li class=\"product-prop line-limit-length\"><span class=\"property-title\">Resist\u00eancia:\u00a0<\/span><span class=\"property-desc line-limit-length\">1,2ohm<\/span><\/li>\n<li class=\"product-prop line-limit-length\"><span class=\"property-title\">Luz LED:\u00a0<\/span><span class=\"property-desc line-limit-length\">branco\/azul<\/span><\/li>\n<\/ul>\n<\/div>\n<div class=\"detailmodule_html\">\n<div class=\"detail-desc-decorate-richtext\">\n<div>\n<div style=\"text-align: center;\" align=\"center\"><span id=\"tl_1\" style=\"font-size: 20px;\">5 pe\u00e7as de Puffla Vape Pens E Cigarros Pods 2ml vapes vazias Bobina de cer\u00e2mica Bateria de 280mAh com embalagem para \u00f3leo grosso<\/span><\/div>\n<div>\n<div><\/div>\n<div style=\"position: relative;\"><span style=\"font-size: 20px;\"><span id=\"tl_2\">Especifica\u00e7\u00f5es:<\/span><\/span><\/div>\n<div style=\"position: relative;\"><\/div>\n<div style=\"position: relative;\"><span style=\"font-size: 16px;\"><span id=\"tl_3\">Dimens\u00e3o: 63,5*22*12,3mm<\/span><\/span><\/div>\n<div style=\"position: relative;\"><span style=\"font-size: 16px;\"><span id=\"tl_4\">Bateria: 280mah<\/span><\/span><\/div>\n<div style=\"position: relative;\"><span style=\"font-size: 16px;\"><span id=\"tl_5\">Capacidade do tanque: 2,0 ml<\/span><\/span><\/div>\n<div style=\"position: relative;\"><span style=\"font-size: 16px;\"><span id=\"tl_6\">Material do tanque: pctg<\/span><\/span><\/div>\n<div style=\"position: relative;\"><span style=\"font-size: 16px;\"><span id=\"tl_7\">Bobina de aquecimento: bobina de cer\u00e2mica<\/span><\/span><\/div>\n<div style=\"position: relative;\"><span style=\"font-size: 16px;\"><span id=\"tl_8\">Resist\u00eancia: 1.2\u03a9<\/span><\/span><\/div>\n<div style=\"position: relative;\"><span style=\"font-size: 16px;\"><span id=\"tl_9\">Conex\u00e3o de carregamento: USB Tipo C<\/span><\/span><\/div>\n<div style=\"position: relative;\"><span style=\"font-size: 16px;\"><span id=\"tl_10\">Luz LED: branco\/azul<\/span><\/span><\/div>\n<div style=\"position: relative;\"><\/div>\n<div style=\"position: relative;\"><span style=\"font-size: 16px;\"><span id=\"tl_11\">Observa\u00e7\u00e3o:<\/span><\/span><\/div>\n<div style=\"position: relative;\"><span style=\"font-size: 16px;\"><span id=\"tl_12\">1. Todas as cartuchos s\u00e3o enviados com o tanque vazio.<\/span><\/span><\/div>\n<div style=\"position: relative;\">\n<p><span style=\"font-size: 16px;\"><span id=\"tl_13\">2. As cores e capacidades s\u00e3o selecionadas aleatoriamente, a menos que especificadas nas encomendas.<\/span><\/span><\/p>\n<p><img decoding=\"async\" loading=\"lazy\" src=\"https:\/\/ae01.alicdn.com\/kf\/S59e05031bbb444bda4d9a0201177b6a2F.jpg?width=800&amp;height=800&amp;hash=1600\" \/><br \/>\n<img decoding=\"async\" loading=\"lazy\" src=\"https:\/\/ae01.alicdn.com\/kf\/Scf4814bbb7934e8b8c0536de8a1bb5beV.jpg?width=800&amp;height=800&amp;hash=1600\" \/><br \/>\n<img decoding=\"async\" loading=\"lazy\" src=\"https:\/\/ae01.alicdn.com\/kf\/S528ceba9b91841e08c83d1ad906d54fbh.jpg?width=800&amp;height=800&amp;hash=1600\" \/><br \/>\n<img decoding=\"async\" loading=\"lazy\" src=\"https:\/\/ae01.alicdn.com\/kf\/S0cab61828c1f44e4a3b5396ae3150f639.jpg?width=800&amp;height=800&amp;hash=1600\" \/><br \/>\n<img decoding=\"async\" loading=\"lazy\" src=\"https:\/\/ae01.alicdn.com\/kf\/Saa4d077e082b41fbae0dcdfe60e806fd3.jpg?width=800&amp;height=800&amp;hash=1600\" \/><br \/>\n<img decoding=\"async\" loading=\"lazy\" src=\"https:\/\/ae01.alicdn.com\/kf\/S7e986653f07347c780b3351e139273d95.jpg?width=800&amp;height=800&amp;hash=1600\" \/><br \/>\n<img decoding=\"async\" loading=\"lazy\" src=\"https:\/\/ae01.alicdn.com\/kf\/Sf335acf964db4ec2bbb4605c09dbd885V.jpg?width=800&amp;height=800&amp;hash=1600\" \/><br \/>\n<img decoding=\"async\" loading=\"lazy\" src=\"https:\/\/ae01.alicdn.com\/kf\/Sf559e4e29e434bada0dda65a98a728c9F.jpg?width=800&amp;height=800&amp;hash=1600\" \/><br \/>\n<img decoding=\"async\" loading=\"lazy\" src=\"https:\/\/ae01.alicdn.com\/kf\/S736cb3d3cd3e487b8804725116c2c8e1Y.jpg?width=800&amp;height=800&amp;hash=1600\" \/><br \/>\n<img decoding=\"async\" loading=\"lazy\" src=\"https:\/\/ae01.alicdn.com\/kf\/Sfc6f5dbb37a14877812d331a9c4ec9c6H.jpg?width=800&amp;height=800&amp;hash=1600\" \/><\/p>\n<\/div>\n<\/div>\n<div><\/div>\n<\/div>\n<p>&nbsp;<\/p>\n<\/div>\n<\/div>","protected":false},"excerpt":{"rendered":"<p>&nbsp; Aussehen:\u00a0Box Form Kompatibler Akku:\u00a018350 \u00dcberwachung Funktion Von Rauchen Anzahl:\u00a0Nein Silikon Fall:\u00a0Nein Temperaturregelung:\u00a0Nein Eingebaute Oder Externe Batterie:\u00a0Eingebaute Kurzschlussschutz Funktion:\u00a0Ja \u00dcberhitzungsschutz-funktion:\u00a0Nein Niederspannungsalarmfunktion:\u00a0Nein Zerst\u00e4uber Identifikation Funktion:\u00a0Nein TCR Einstellung Modi:\u00a0Nein Nominale Kapazit\u00e4t:\u00a0&lt;700 mAh Material:\u00a0Metall Compatible Model:\u00a0thich oil Modellnummer:\u00a0Puffla Vape Pen Usb-ladeger\u00e4t:\u00a0Ja Firmware-upgrade:\u00a0Nein Display:\u00a0Nein Art:\u00a0disposable Markenname:\u00a0SUB TWO Ursprung:\u00a0CN (Herkunft) Pod Capacity:\u00a02.0ml Battery:\u00a0280mah Tank material:\u00a0PCTG Heating coil:\u00a0Ceramic coil Resistance:\u00a01.2ohm LED [&hellip;]<\/p>","protected":false},"featured_media":7565,"template":"","meta":{"inline_featured_image":false},"product_cat":[78,750,737,736,749,76],"product_tag":[],"tiered_pricing_type":"fixed","tiered_pricing_fixed_rules":[],"tiered_pricing_percentage_rules":[],"tiered_pricing_minimum":1,"_administrator_tiered_pricing_type":"fixed","_administrator_tiered_pricing_fixed_rules":[],"_editor_tiered_pricing_type":"fixed","_editor_tiered_pricing_fixed_rules":[],"_author_tiered_pricing_type":"fixed","_author_tiered_pricing_fixed_rules":[],"_contributor_tiered_pricing_type":"fixed","_contributor_tiered_pricing_fixed_rules":[],"_subscriber_tiered_pricing_type":"fixed","_subscriber_tiered_pricing_fixed_rules":[],"_customer_tiered_pricing_type":"fixed","_customer_tiered_pricing_fixed_rules":[],"_shop_manager_tiered_pricing_type":"fixed","_shop_manager_tiered_pricing_fixed_rules":[],"_wpseo_manager_tiered_pricing_type":"fixed","_wpseo_manager_tiered_pricing_fixed_rules":[],"_wpseo_editor_tiered_pricing_type":"fixed","_wpseo_editor_tiered_pricing_fixed_rules":[],"_wholesale_customer_tiered_pricing_type":"fixed","_wholesale_customer_tiered_pricing_fixed_rules":[],"_marketer_tiered_pricing_type":"fixed","_marketer_tiered_pricing_fixed_rules":[],"_sales_manager_tiered_pricing_type":"fixed","_sales_manager_tiered_pricing_fixed_rules":[],"_sales_rep_tiered_pricing_type":"fixed","_sales_rep_tiered_pricing_fixed_rules":[],"yoast_head":"<!-- This site is optimized with the Yoast SEO plugin v23.3 - https:\/\/yoast.com\/wordpress\/plugins\/seo\/ -->\n<title>5er-Pack leere wiederaufladbare Batterien f\u00fcr Puffla Vape Pen-Kartuschen | ElementVape.de<\/title>\n<meta name=\"description\" content=\"Wir bieten 5er-Pack leere wiederaufladbare Batterien f\u00fcr Puffla Vape Pen-Kartuschen , Elementvape.de akzeptieren Gro\u00df-und Einzelhandel Bestellungen.\" \/>\n<meta name=\"robots\" content=\"index, follow, max-snippet:-1, max-image-preview:large, max-video-preview:-1\" \/>\n<link rel=\"canonical\" href=\"https:\/\/www.elementvape.de\/pt\/produkt\/5er-pack-leere-wiederaufladbare-batterien-fuer-puffla-vape-pen-kartuschen\/\" \/>\n<meta property=\"og:locale\" content=\"pt_PT\" \/>\n<meta property=\"og:type\" content=\"article\" \/>\n<meta property=\"og:title\" content=\"5er-Pack leere wiederaufladbare Batterien f\u00fcr Puffla Vape Pen-Kartuschen | ElementVape.de\" \/>\n<meta property=\"og:description\" content=\"Wir bieten 5er-Pack leere wiederaufladbare Batterien f\u00fcr Puffla Vape Pen-Kartuschen , Elementvape.de akzeptieren Gro\u00df-und Einzelhandel Bestellungen.\" \/>\n<meta property=\"og:url\" content=\"https:\/\/www.elementvape.de\/pt\/produkt\/5er-pack-leere-wiederaufladbare-batterien-fuer-puffla-vape-pen-kartuschen\/\" \/>\n<meta property=\"og:site_name\" content=\"ElementVape.de\" \/>\n<meta property=\"article:modified_time\" content=\"2024-09-12T10:32:21+00:00\" \/>\n<meta property=\"og:image\" content=\"https:\/\/ae01.alicdn.com\/kf\/S11a4afbca42a4391b57baf9226396a44E\/5-st-cke-leere-Puffla-Vape-Pen-Pods-2ml-280mAh-Keramik-spule-und-Zigaretten-wiederauf-ladbare.jpg\" \/>\n\t<meta property=\"og:image:width\" content=\"800\" \/>\n\t<meta property=\"og:image:height\" content=\"800\" \/>\n\t<meta property=\"og:image:type\" content=\"image\/jpeg\" \/>\n<meta name=\"twitter:card\" content=\"summary_large_image\" \/>\n<meta name=\"twitter:label1\" content=\"Est. reading time\" \/>\n\t<meta name=\"twitter:data1\" content=\"4 minutos\" \/>\n<script type=\"application\/ld+json\" class=\"yoast-schema-graph\">{\"@context\":\"https:\/\/schema.org\",\"@graph\":[{\"@type\":\"WebPage\",\"@id\":\"https:\/\/www.elementvape.de\/produkt\/5er-pack-leere-wiederaufladbare-batterien-fuer-puffla-vape-pen-kartuschen\/\",\"url\":\"https:\/\/www.elementvape.de\/produkt\/5er-pack-leere-wiederaufladbare-batterien-fuer-puffla-vape-pen-kartuschen\/\",\"name\":\"5er-Pack leere wiederaufladbare Batterien f\u00fcr Puffla Vape Pen-Kartuschen | ElementVape.de\",\"isPartOf\":{\"@id\":\"https:\/\/www.elementvape.de\/#website\"},\"primaryImageOfPage\":{\"@id\":\"https:\/\/www.elementvape.de\/produkt\/5er-pack-leere-wiederaufladbare-batterien-fuer-puffla-vape-pen-kartuschen\/#primaryimage\"},\"image\":{\"@id\":\"https:\/\/www.elementvape.de\/produkt\/5er-pack-leere-wiederaufladbare-batterien-fuer-puffla-vape-pen-kartuschen\/#primaryimage\"},\"thumbnailUrl\":\"https:\/\/ae01.alicdn.com\/kf\/S11a4afbca42a4391b57baf9226396a44E\/5-st-cke-leere-Puffla-Vape-Pen-Pods-2ml-280mAh-Keramik-spule-und-Zigaretten-wiederauf-ladbare.jpg\",\"datePublished\":\"2024-04-20T07:04:20+00:00\",\"dateModified\":\"2024-09-12T10:32:21+00:00\",\"description\":\"Wir bieten 5er-Pack leere wiederaufladbare Batterien f\u00fcr Puffla Vape Pen-Kartuschen , Elementvape.de akzeptieren Gro\u00df-und Einzelhandel Bestellungen.\",\"breadcrumb\":{\"@id\":\"https:\/\/www.elementvape.de\/produkt\/5er-pack-leere-wiederaufladbare-batterien-fuer-puffla-vape-pen-kartuschen\/#breadcrumb\"},\"inLanguage\":\"pt-PT\",\"potentialAction\":[{\"@type\":\"ReadAction\",\"target\":[\"https:\/\/www.elementvape.de\/produkt\/5er-pack-leere-wiederaufladbare-batterien-fuer-puffla-vape-pen-kartuschen\/\"]}]},{\"@type\":\"ImageObject\",\"inLanguage\":\"pt-PT\",\"@id\":\"https:\/\/www.elementvape.de\/produkt\/5er-pack-leere-wiederaufladbare-batterien-fuer-puffla-vape-pen-kartuschen\/#primaryimage\",\"url\":\"https:\/\/ae01.alicdn.com\/kf\/S11a4afbca42a4391b57baf9226396a44E\/5-st-cke-leere-Puffla-Vape-Pen-Pods-2ml-280mAh-Keramik-spule-und-Zigaretten-wiederauf-ladbare.jpg\",\"contentUrl\":\"https:\/\/ae01.alicdn.com\/kf\/S11a4afbca42a4391b57baf9226396a44E\/5-st-cke-leere-Puffla-Vape-Pen-Pods-2ml-280mAh-Keramik-spule-und-Zigaretten-wiederauf-ladbare.jpg\",\"width\":800,\"height\":800},{\"@type\":\"BreadcrumbList\",\"@id\":\"https:\/\/www.elementvape.de\/produkt\/5er-pack-leere-wiederaufladbare-batterien-fuer-puffla-vape-pen-kartuschen\/#breadcrumb\",\"itemListElement\":[{\"@type\":\"ListItem\",\"position\":1,\"name\":\"Home\",\"item\":\"https:\/\/www.elementvape.de\/\"},{\"@type\":\"ListItem\",\"position\":2,\"name\":\"Shop\",\"item\":\"https:\/\/www.elementvape.de\/shop\/\"},{\"@type\":\"ListItem\",\"position\":3,\"name\":\"5er-Pack leere wiederaufladbare Batterien f\u00fcr Puffla Vape Pen-Kartuschen\"}]},{\"@type\":\"WebSite\",\"@id\":\"https:\/\/www.elementvape.de\/#website\",\"url\":\"https:\/\/www.elementvape.de\/\",\"name\":\"ElementVape.de\",\"description\":\"\",\"publisher\":{\"@id\":\"https:\/\/www.elementvape.de\/#organization\"},\"potentialAction\":[{\"@type\":\"SearchAction\",\"target\":{\"@type\":\"EntryPoint\",\"urlTemplate\":\"https:\/\/www.elementvape.de\/?s={search_term_string}\"},\"query-input\":\"required name=search_term_string\"}],\"inLanguage\":\"pt-PT\"},{\"@type\":\"Organization\",\"@id\":\"https:\/\/www.elementvape.de\/#organization\",\"name\":\"ElementVape.DE\",\"url\":\"https:\/\/www.elementvape.de\/\",\"logo\":{\"@type\":\"ImageObject\",\"inLanguage\":\"pt-PT\",\"@id\":\"https:\/\/www.elementvape.de\/#\/schema\/logo\/image\/\",\"url\":\"https:\/\/www.elementvape.de\/wp-content\/uploads\/2024\/09\/cropped-1elementvape-3.png\",\"contentUrl\":\"https:\/\/www.elementvape.de\/wp-content\/uploads\/2024\/09\/cropped-1elementvape-3.png\",\"width\":285,\"height\":228,\"caption\":\"ElementVape.DE\"},\"image\":{\"@id\":\"https:\/\/www.elementvape.de\/#\/schema\/logo\/image\/\"}}]}<\/script>\n<!-- \/ Yoast SEO plugin. -->","yoast_head_json":{"title":"5er-Pack leere wiederaufladbare Batterien f\u00fcr Puffla Vape Pen-Kartuschen | ElementVape.de","description":"Wir bieten 5er-Pack leere wiederaufladbare Batterien f\u00fcr Puffla Vape Pen-Kartuschen , Elementvape.de akzeptieren Gro\u00df-und Einzelhandel Bestellungen.","robots":{"index":"index","follow":"follow","max-snippet":"max-snippet:-1","max-image-preview":"max-image-preview:large","max-video-preview":"max-video-preview:-1"},"canonical":"https:\/\/www.elementvape.de\/pt\/produkt\/5er-pack-leere-wiederaufladbare-batterien-fuer-puffla-vape-pen-kartuschen\/","og_locale":"pt_PT","og_type":"article","og_title":"5er-Pack leere wiederaufladbare Batterien f\u00fcr Puffla Vape Pen-Kartuschen | ElementVape.de","og_description":"Wir bieten 5er-Pack leere wiederaufladbare Batterien f\u00fcr Puffla Vape Pen-Kartuschen , Elementvape.de akzeptieren Gro\u00df-und Einzelhandel Bestellungen.","og_url":"https:\/\/www.elementvape.de\/pt\/produkt\/5er-pack-leere-wiederaufladbare-batterien-fuer-puffla-vape-pen-kartuschen\/","og_site_name":"ElementVape.de","article_modified_time":"2024-09-12T10:32:21+00:00","og_image":[{"width":800,"height":800,"url":"https:\/\/ae01.alicdn.com\/kf\/S11a4afbca42a4391b57baf9226396a44E\/5-st-cke-leere-Puffla-Vape-Pen-Pods-2ml-280mAh-Keramik-spule-und-Zigaretten-wiederauf-ladbare.jpg","type":"image\/jpeg"}],"twitter_card":"summary_large_image","twitter_misc":{"Est. reading time":"4 minutos"},"schema":{"@context":"https:\/\/schema.org","@graph":[{"@type":"WebPage","@id":"https:\/\/www.elementvape.de\/produkt\/5er-pack-leere-wiederaufladbare-batterien-fuer-puffla-vape-pen-kartuschen\/","url":"https:\/\/www.elementvape.de\/produkt\/5er-pack-leere-wiederaufladbare-batterien-fuer-puffla-vape-pen-kartuschen\/","name":"5er-Pack leere wiederaufladbare Batterien f\u00fcr Puffla Vape Pen-Kartuschen | ElementVape.de","isPartOf":{"@id":"https:\/\/www.elementvape.de\/#website"},"primaryImageOfPage":{"@id":"https:\/\/www.elementvape.de\/produkt\/5er-pack-leere-wiederaufladbare-batterien-fuer-puffla-vape-pen-kartuschen\/#primaryimage"},"image":{"@id":"https:\/\/www.elementvape.de\/produkt\/5er-pack-leere-wiederaufladbare-batterien-fuer-puffla-vape-pen-kartuschen\/#primaryimage"},"thumbnailUrl":"https:\/\/ae01.alicdn.com\/kf\/S11a4afbca42a4391b57baf9226396a44E\/5-st-cke-leere-Puffla-Vape-Pen-Pods-2ml-280mAh-Keramik-spule-und-Zigaretten-wiederauf-ladbare.jpg","datePublished":"2024-04-20T07:04:20+00:00","dateModified":"2024-09-12T10:32:21+00:00","description":"Wir bieten 5er-Pack leere wiederaufladbare Batterien f\u00fcr Puffla Vape Pen-Kartuschen , Elementvape.de akzeptieren Gro\u00df-und Einzelhandel Bestellungen.","breadcrumb":{"@id":"https:\/\/www.elementvape.de\/produkt\/5er-pack-leere-wiederaufladbare-batterien-fuer-puffla-vape-pen-kartuschen\/#breadcrumb"},"inLanguage":"pt-PT","potentialAction":[{"@type":"ReadAction","target":["https:\/\/www.elementvape.de\/produkt\/5er-pack-leere-wiederaufladbare-batterien-fuer-puffla-vape-pen-kartuschen\/"]}]},{"@type":"ImageObject","inLanguage":"pt-PT","@id":"https:\/\/www.elementvape.de\/produkt\/5er-pack-leere-wiederaufladbare-batterien-fuer-puffla-vape-pen-kartuschen\/#primaryimage","url":"https:\/\/ae01.alicdn.com\/kf\/S11a4afbca42a4391b57baf9226396a44E\/5-st-cke-leere-Puffla-Vape-Pen-Pods-2ml-280mAh-Keramik-spule-und-Zigaretten-wiederauf-ladbare.jpg","contentUrl":"https:\/\/ae01.alicdn.com\/kf\/S11a4afbca42a4391b57baf9226396a44E\/5-st-cke-leere-Puffla-Vape-Pen-Pods-2ml-280mAh-Keramik-spule-und-Zigaretten-wiederauf-ladbare.jpg","width":800,"height":800},{"@type":"BreadcrumbList","@id":"https:\/\/www.elementvape.de\/produkt\/5er-pack-leere-wiederaufladbare-batterien-fuer-puffla-vape-pen-kartuschen\/#breadcrumb","itemListElement":[{"@type":"ListItem","position":1,"name":"Home","item":"https:\/\/www.elementvape.de\/"},{"@type":"ListItem","position":2,"name":"Shop","item":"https:\/\/www.elementvape.de\/shop\/"},{"@type":"ListItem","position":3,"name":"5er-Pack leere wiederaufladbare Batterien f\u00fcr Puffla Vape Pen-Kartuschen"}]},{"@type":"WebSite","@id":"https:\/\/www.elementvape.de\/#website","url":"https:\/\/www.elementvape.de\/","name":"ElementVape.de","description":"","publisher":{"@id":"https:\/\/www.elementvape.de\/#organization"},"potentialAction":[{"@type":"SearchAction","target":{"@type":"EntryPoint","urlTemplate":"https:\/\/www.elementvape.de\/?s={search_term_string}"},"query-input":"required name=search_term_string"}],"inLanguage":"pt-PT"},{"@type":"Organization","@id":"https:\/\/www.elementvape.de\/#organization","name":"ElementVape.DE","url":"https:\/\/www.elementvape.de\/","logo":{"@type":"ImageObject","inLanguage":"pt-PT","@id":"https:\/\/www.elementvape.de\/#\/schema\/logo\/image\/","url":"https:\/\/www.elementvape.de\/wp-content\/uploads\/2024\/09\/cropped-1elementvape-3.png","contentUrl":"https:\/\/www.elementvape.de\/wp-content\/uploads\/2024\/09\/cropped-1elementvape-3.png","width":285,"height":228,"caption":"ElementVape.DE"},"image":{"@id":"https:\/\/www.elementvape.de\/#\/schema\/logo\/image\/"}}]}},"_links":{"self":[{"href":"https:\/\/www.elementvape.de\/pt\/wp-json\/wp\/v2\/product\/7563"}],"collection":[{"href":"https:\/\/www.elementvape.de\/pt\/wp-json\/wp\/v2\/product"}],"about":[{"href":"https:\/\/www.elementvape.de\/pt\/wp-json\/wp\/v2\/types\/product"}],"wp:featuredmedia":[{"embeddable":true,"href":"https:\/\/www.elementvape.de\/pt\/wp-json\/wp\/v2\/media\/7565"}],"wp:attachment":[{"href":"https:\/\/www.elementvape.de\/pt\/wp-json\/wp\/v2\/media?parent=7563"}],"wp:term":[{"taxonomy":"product_cat","embeddable":true,"href":"https:\/\/www.elementvape.de\/pt\/wp-json\/wp\/v2\/product_cat?post=7563"},{"taxonomy":"product_tag","embeddable":true,"href":"https:\/\/www.elementvape.de\/pt\/wp-json\/wp\/v2\/product_tag?post=7563"}],"curies":[{"name":"wp","href":"https:\/\/api.w.org\/{rel}","templated":true}]}}