{"id":7539,"date":"2024-04-20T07:00:43","date_gmt":"2024-04-20T07:00:43","guid":{"rendered":"https:\/\/www.elementvape.de\/?post_type=product&#038;p=7539"},"modified":"2024-09-12T10:32:23","modified_gmt":"2024-09-12T10:32:23","slug":"packwoods-runtz-x-vape-pen-device-pod-kit-2","status":"publish","type":"product","link":"https:\/\/www.elementvape.de\/pt\/produkt\/packwoods-runtz-x-vape-pen-device-pod-kit-2\/","title":{"rendered":"Packwoods Runtz x Vape Pen Dispositivo Pod Kit-2"},"content":{"rendered":"<p>&nbsp;<\/p>\n<div class=\"product-specs-list-container\">\n<ul class=\"product-specs-list util-clearfix\">\n<li class=\"product-prop line-limit-length\"><span class=\"property-title\">Apar\u00eancia:\u00a0<\/span><span class=\"property-desc line-limit-length\">Forma da Caixa<\/span><\/li>\n<li class=\"product-prop line-limit-length\"><span class=\"property-title\">Bateria Compat\u00edvel:\u00a0<\/span><span class=\"property-desc line-limit-length\">18500<\/span><\/li>\n<li class=\"product-prop line-limit-length\"><span class=\"property-title\">Fun\u00e7\u00e3o de Monitoriza\u00e7\u00e3o do N\u00famero de Fuma\u00e7as:\u00a0<\/span><span class=\"property-desc line-limit-length\">N\u00e3o<\/span><\/li>\n<li class=\"product-prop line-limit-length\"><span class=\"property-title\">Estojo de Silicone:\u00a0<\/span><span class=\"property-desc line-limit-length\">N\u00e3o<\/span><\/li>\n<li class=\"product-prop line-limit-length\"><span class=\"property-title\">Regula\u00e7\u00e3o de Temperatura:\u00a0<\/span><span class=\"property-desc line-limit-length\">N\u00e3o<\/span><\/li>\n<li class=\"product-prop line-limit-length\"><span class=\"property-title\">Bateria Embutida ou Externa:\u00a0<\/span><span class=\"property-desc line-limit-length\">Embebida<\/span><\/li>\n<li class=\"product-prop line-limit-length\"><span class=\"property-title\">Fun\u00e7\u00e3o de Prote\u00e7\u00e3o contra Curto-Circuito:\u00a0<\/span><span class=\"property-desc line-limit-length\">Ja<\/span><\/li>\n<li class=\"product-prop line-limit-length\"><span class=\"property-title\">Fun\u00e7\u00e3o de Prote\u00e7\u00e3o contra Sobreaquecimento:\u00a0<\/span><span class=\"property-desc line-limit-length\">N\u00e3o<\/span><\/li>\n<li class=\"product-prop line-limit-length\"><span class=\"property-title\">Fun\u00e7\u00e3o de alarme de baixa tens\u00e3o:\u00a0<\/span><span class=\"property-desc line-limit-length\">N\u00e3o<\/span><\/li>\n<li class=\"product-prop line-limit-length\"><span class=\"property-title\">Fun\u00e7\u00e3o de identifica\u00e7\u00e3o do vaporizador:\u00a0<\/span><span class=\"property-desc line-limit-length\">N\u00e3o<\/span><\/li>\n<li class=\"product-prop line-limit-length\"><span class=\"property-title\">Modos de configura\u00e7\u00e3o TCR:\u00a0<\/span><span class=\"property-desc line-limit-length\">N\u00e3o<\/span><\/li>\n<li class=\"product-prop line-limit-length\"><span class=\"property-title\">Capacidade nominal:\u00a0<\/span><span class=\"property-desc line-limit-length\">&lt;700 mAh<\/span><\/li>\n<li class=\"product-prop line-limit-length\"><span class=\"property-title\">Bateria compat\u00edvel: 18350\u00a0<\/span><span class=\"property-desc line-limit-length\">Pl\u00e1stico<\/span><\/li>\n<li class=\"product-prop line-limit-length\"><span class=\"property-title\">Modelo compat\u00edvel:\u00a0<\/span><span class=\"property-desc line-limit-length\">cartuchos de \u00f3leo espesso<\/span><\/li>\n<li class=\"product-prop line-limit-length\"><span class=\"property-title\">N\u00famero do modelo:\u00a0<\/span><span class=\"property-desc line-limit-length\">Kit de Vape Packwoods x Runty<\/span><\/li>\n<li class=\"product-prop line-limit-length\"><span class=\"property-title\">Carregador USB:\u00a0<\/span><span class=\"property-desc line-limit-length\">Ja<\/span><\/li>\n<li class=\"product-prop line-limit-length\"><span class=\"property-title\">Atualiza\u00e7\u00e3o de firmware:\u00a0<\/span><span class=\"property-desc line-limit-length\">N\u00e3o<\/span><\/li>\n<li class=\"product-prop line-limit-length\"><span class=\"property-title\">Fun\u00e7\u00e3o de monitoriza\u00e7\u00e3o do n\u00famero de fumos: N\u00e3o\u00a0<\/span><span class=\"property-desc line-limit-length\">N\u00e3o<\/span><\/li>\n<li class=\"product-prop line-limit-length\"><span class=\"property-title\">Tipo:\u00a0<\/span><span class=\"property-desc line-limit-length\">descart\u00e1vel<\/span><\/li>\n<li class=\"product-prop line-limit-length\"><span class=\"property-title\">Nome da marca:\u00a0<\/span><span class=\"property-desc line-limit-length\">Capa de silicone: N\u00e3o<\/span><\/li>\n<li class=\"product-prop line-limit-length\"><span class=\"property-title\">Origem:\u00a0<\/span><span class=\"property-desc line-limit-length\">CN (Origem)<\/span><\/li>\n<li class=\"product-prop line-limit-length\"><span class=\"property-title\">cor:\u00a0<\/span><span class=\"property-desc line-limit-length\">enviado por misto<\/span><\/li>\n<li class=\"product-prop line-limit-length\"><span class=\"property-title\">capacidade da bateria:\u00a0<\/span><span class=\"property-desc line-limit-length\">Bateria Compat\u00edvel: 18500<\/span><\/li>\n<li class=\"product-prop line-limit-length\"><span class=\"property-title\">capacidade do cartucho:\u00a0<\/span><span class=\"property-desc line-limit-length\">1ml<\/span><\/li>\n<li class=\"product-prop line-limit-length\"><span class=\"property-title\">uso para:\u00a0<\/span><span class=\"property-desc line-limit-length\">\u00f3leo espesso<\/span><\/li>\n<li class=\"product-prop line-limit-length\"><span class=\"property-title\">tipo A:\u00a0<\/span><span class=\"property-desc line-limit-length\">kits de cigarro eletr\u00f4nico<\/span><\/li>\n<li class=\"product-prop line-limit-length\"><span class=\"property-title\">tipo B:\u00a0<\/span><span class=\"property-desc line-limit-length\">Caneta de vape com cartucho<\/span><\/li>\n<\/ul>\n<\/div>\n<div class=\"detailmodule_html\">\n<div class=\"detail-desc-decorate-richtext\">\n<div style=\"text-align: center;\" align=\"center\"><\/div>\n<div><img decoding=\"async\" loading=\"lazy\" src=\"https:\/\/ae01.alicdn.com\/kf\/S6c69382fb7b2406cac7c10922ea0360d8.jpg?width=3653&amp;height=300&amp;hash=3953\" \/><br \/>\n<span style=\"font-size: 22px;\"><span style=\"font-size: 26px;\"><span id=\"tl_1\">Informa\u00e7\u00f5es do produto:<br \/>\nCaracter\u00edstica do produto: padr\u00e3o aleat\u00f3rio<\/span><\/span><\/span><span style=\"font-size: 22px;\"><span style=\"font-size: 18px;\"><span id=\"tl_2\">Capacidade do cartucho: 1,0 ml<\/span><\/span><\/span><span style=\"font-size: 22px;\"><span style=\"font-size: 18px;\"><span id=\"tl_3\">Capacidade da bateria: 380mah<\/span><\/span><\/span><\/p>\n<p><span style=\"font-size: 22px;\"><span style=\"font-size: 18px;\"><span id=\"tl_4\">Uso para: \u00f3leo espesso<\/span><\/span><\/span><\/p>\n<p><span style=\"font-size: 22px;\"><span style=\"font-size: 18px;\"><span id=\"tl_5\">Pacote: embalado com caixa<\/span><\/span><\/span><br \/>\n<img decoding=\"async\" loading=\"lazy\" src=\"https:\/\/ae01.alicdn.com\/kf\/S540f89946c2343648843441d797961ea9.jpg?width=3653&amp;height=300&amp;hash=3953\" \/><\/p>\n<p><img decoding=\"async\" loading=\"lazy\" src=\"https:\/\/ae01.alicdn.com\/kf\/S2422ff310df548858461a5e3f279da09f.jpg?width=1000&amp;height=1000&amp;hash=2000\" \/><br \/>\n<img decoding=\"async\" loading=\"lazy\" src=\"https:\/\/ae01.alicdn.com\/kf\/S34909c0bf419460b826c7b36747188ba9.jpg?width=1000&amp;height=1000&amp;hash=2000\" \/><br \/>\n<img decoding=\"async\" loading=\"lazy\" src=\"https:\/\/ae01.alicdn.com\/kf\/S6907d38e4dfa4afd8c3fc36ff60b8720E.jpg?width=1000&amp;height=1000&amp;hash=2000\" \/><br \/>\n<img decoding=\"async\" loading=\"lazy\" src=\"https:\/\/ae01.alicdn.com\/kf\/Se8b445e7146e4cf595557310f8f6245cl.jpg?width=1000&amp;height=1000&amp;hash=2000\" \/><br \/>\n<img decoding=\"async\" loading=\"lazy\" src=\"https:\/\/ae01.alicdn.com\/kf\/Saa100b7c41734d50a353d44106f1dd3bU.jpg?width=1000&amp;height=1000&amp;hash=2000\" \/><br \/>\n<img decoding=\"async\" loading=\"lazy\" src=\"https:\/\/ae01.alicdn.com\/kf\/S97e35853ac4241efa42cc4fb773b0627p.jpg?width=1000&amp;height=1000&amp;hash=2000\" \/><br \/>\n<img decoding=\"async\" loading=\"lazy\" src=\"https:\/\/ae01.alicdn.com\/kf\/Sac673c7bca7f4c3590b7cb49a0ce08820.jpg?width=1000&amp;height=1000&amp;hash=2000\" \/><br \/>\n<img decoding=\"async\" loading=\"lazy\" src=\"https:\/\/ae01.alicdn.com\/kf\/S610609c9d6d1463baef7a566d2c6e32bd.jpg?width=1000&amp;height=1000&amp;hash=2000\" \/><br \/>\n<img decoding=\"async\" loading=\"lazy\" src=\"https:\/\/ae01.alicdn.com\/kf\/S9af612e6c95c4304b268048f298f78cde.jpg?width=1000&amp;height=1000&amp;hash=2000\" \/><br \/>\n<img decoding=\"async\" loading=\"lazy\" src=\"https:\/\/ae01.alicdn.com\/kf\/S2d0c357ffe604d5ea300b3019f35f1d3D.jpg?width=1000&amp;height=1000&amp;hash=2000\" \/><br \/>\n<img decoding=\"async\" loading=\"lazy\" src=\"https:\/\/ae01.alicdn.com\/kf\/S3ca770b01e444e50a052dbdb70f13d0dp.jpg?width=1000&amp;height=1000&amp;hash=2000\" \/><br \/>\n<img decoding=\"async\" loading=\"lazy\" src=\"https:\/\/ae01.alicdn.com\/kf\/Sc00e2f4688514820a5740162a91530b6y.jpg?width=1000&amp;height=1000&amp;hash=2000\" \/><br \/>\n<img decoding=\"async\" loading=\"lazy\" src=\"https:\/\/ae01.alicdn.com\/kf\/Sa5dfa20a425c47c6844f3469a61f25adI.jpg?width=1000&amp;height=1000&amp;hash=2000\" \/><br \/>\n<img decoding=\"async\" loading=\"lazy\" src=\"https:\/\/ae01.alicdn.com\/kf\/S663903458f824f07a08e526de60354b0m.jpg?width=1000&amp;height=1000&amp;hash=2000\" \/><br \/>\n<img decoding=\"async\" loading=\"lazy\" src=\"https:\/\/ae01.alicdn.com\/kf\/Sdb05400d950b468388f4c366245bd5acL.jpg?width=1000&amp;height=1000&amp;hash=2000\" \/><br \/>\n<img decoding=\"async\" loading=\"lazy\" src=\"https:\/\/ae01.alicdn.com\/kf\/S506b3b7d1dca4cb396dbdd059ce2fbb7D.jpg?width=1000&amp;height=1000&amp;hash=2000\" \/><\/p>\n<p><img decoding=\"async\" loading=\"lazy\" src=\"https:\/\/ae01.alicdn.com\/kf\/Sef1cbb64fc94471dbb03e121ab5a6408p.jpg?width=1000&amp;height=1000&amp;hash=2000\" \/><br \/>\n<img decoding=\"async\" loading=\"lazy\" src=\"https:\/\/ae01.alicdn.com\/kf\/S0ca62f77000b4c498417431ab5d42a36t.jpg?width=1000&amp;height=1000&amp;hash=2000\" \/><br \/>\n<img decoding=\"async\" loading=\"lazy\" src=\"https:\/\/ae01.alicdn.com\/kf\/Sa5617b3263fc4088ad0f46e6da7f0a07H.jpg?width=1000&amp;height=1000&amp;hash=2000\" \/><br \/>\n<img decoding=\"async\" loading=\"lazy\" src=\"https:\/\/ae01.alicdn.com\/kf\/Se180a6a1822d4e15b67118543ac02e7en.jpg?width=1000&amp;height=1000&amp;hash=2000\" \/><br \/>\n<img decoding=\"async\" loading=\"lazy\" src=\"https:\/\/ae01.alicdn.com\/kf\/S9a0e722e9a684b478016b8f66af965628.jpg?width=1000&amp;height=1000&amp;hash=2000\" \/><br \/>\n<img decoding=\"async\" loading=\"lazy\" src=\"https:\/\/ae01.alicdn.com\/kf\/Sc0fd9019bbf7443884758da138f0bb796.jpg?width=1000&amp;height=1000&amp;hash=2000\" \/><br \/>\n<img decoding=\"async\" loading=\"lazy\" src=\"https:\/\/ae01.alicdn.com\/kf\/S31ab787bf42d4b8e8ba59376a3dfd2a5R.jpg?width=1000&amp;height=1000&amp;hash=2000\" \/><br \/>\n<img decoding=\"async\" loading=\"lazy\" src=\"https:\/\/ae01.alicdn.com\/kf\/S57623a2ae4f14a729dcded74525fecc32.jpg?width=1000&amp;height=1000&amp;hash=2000\" \/><br \/>\n<img decoding=\"async\" loading=\"lazy\" src=\"https:\/\/ae01.alicdn.com\/kf\/Sc185c2b11ee547b0b0fc4bce71d616630.jpg?width=1000&amp;height=1000&amp;hash=2000\" \/><br \/>\n<img decoding=\"async\" loading=\"lazy\" src=\"https:\/\/ae01.alicdn.com\/kf\/S9a3c5e4006ff476d9566c7a24c04763eS.jpg?width=1000&amp;height=1000&amp;hash=2000\" \/><\/p>\n<p><img decoding=\"async\" loading=\"lazy\" src=\"https:\/\/ae01.alicdn.com\/kf\/S8c0e8e04080f4e7287b59bcfc6289826f.jpg?width=909&amp;height=1286&amp;hash=2195\" \/><\/p>\n<\/div>\n<div><\/div>\n<p>&nbsp;<\/p>\n<\/div>\n<\/div>","protected":false},"excerpt":{"rendered":"<p>&nbsp; Aussehen:\u00a0Box Form Kompatibler Akku:\u00a018500 \u00dcberwachung Funktion Von Rauchen Anzahl:\u00a0Nein Silikon Fall:\u00a0Nein Temperaturregelung:\u00a0Nein Eingebaute Oder Externe Batterie:\u00a0Eingebaute Kurzschlussschutz Funktion:\u00a0Ja \u00dcberhitzungsschutz-funktion:\u00a0Nein Niederspannungsalarmfunktion:\u00a0Nein Zerst\u00e4uber Identifikation Funktion:\u00a0Nein TCR Einstellung Modi:\u00a0Nein Nominale Kapazit\u00e4t:\u00a0&lt;700 mAh Material:\u00a0Plastik Compatible Model:\u00a0thich oil cartridges Modellnummer:\u00a0Runty x Packwoods Vape Pod Kit Usb-ladeger\u00e4t:\u00a0Ja Firmware-upgrade:\u00a0Nein Display:\u00a0Nein Art:\u00a0disposable Markenname:\u00a0SUB TWO Ursprung:\u00a0CN (Herkunft) color:\u00a0send by mixed battery capacity:\u00a0380mah pod [&hellip;]<\/p>","protected":false},"featured_media":7540,"template":"","meta":{"inline_featured_image":false},"product_cat":[78,750,737,736,749,76],"product_tag":[],"tiered_pricing_type":"fixed","tiered_pricing_fixed_rules":[],"tiered_pricing_percentage_rules":[],"tiered_pricing_minimum":1,"_administrator_tiered_pricing_type":"fixed","_administrator_tiered_pricing_fixed_rules":[],"_editor_tiered_pricing_type":"fixed","_editor_tiered_pricing_fixed_rules":[],"_author_tiered_pricing_type":"fixed","_author_tiered_pricing_fixed_rules":[],"_contributor_tiered_pricing_type":"fixed","_contributor_tiered_pricing_fixed_rules":[],"_subscriber_tiered_pricing_type":"fixed","_subscriber_tiered_pricing_fixed_rules":[],"_customer_tiered_pricing_type":"fixed","_customer_tiered_pricing_fixed_rules":[],"_shop_manager_tiered_pricing_type":"fixed","_shop_manager_tiered_pricing_fixed_rules":[],"_wpseo_manager_tiered_pricing_type":"fixed","_wpseo_manager_tiered_pricing_fixed_rules":[],"_wpseo_editor_tiered_pricing_type":"fixed","_wpseo_editor_tiered_pricing_fixed_rules":[],"_wholesale_customer_tiered_pricing_type":"fixed","_wholesale_customer_tiered_pricing_fixed_rules":[],"_marketer_tiered_pricing_type":"fixed","_marketer_tiered_pricing_fixed_rules":[],"_sales_manager_tiered_pricing_type":"fixed","_sales_manager_tiered_pricing_fixed_rules":[],"_sales_rep_tiered_pricing_type":"fixed","_sales_rep_tiered_pricing_fixed_rules":[],"yoast_head":"<!-- This site is optimized with the Yoast SEO plugin v23.3 - https:\/\/yoast.com\/wordpress\/plugins\/seo\/ -->\n<title>Packwoods Runtz x Vape Pen Device Pod Kit-2 | ElementVape.de<\/title>\n<meta name=\"description\" content=\"Wir bieten Packwoods Runtz x Vape Pen Device Pod Kit-2 , Elementvape.de akzeptieren Gro\u00df-und Einzelhandel Bestellungen.\" \/>\n<meta name=\"robots\" content=\"index, follow, max-snippet:-1, max-image-preview:large, max-video-preview:-1\" \/>\n<link rel=\"canonical\" href=\"https:\/\/www.elementvape.de\/pt\/produkt\/packwoods-runtz-x-vape-pen-device-pod-kit-2\/\" \/>\n<meta property=\"og:locale\" content=\"pt_PT\" \/>\n<meta property=\"og:type\" content=\"article\" \/>\n<meta property=\"og:title\" content=\"Packwoods Runtz x Vape Pen Device Pod Kit-2 | ElementVape.de\" \/>\n<meta property=\"og:description\" content=\"Wir bieten Packwoods Runtz x Vape Pen Device Pod Kit-2 , Elementvape.de akzeptieren Gro\u00df-und Einzelhandel Bestellungen.\" \/>\n<meta property=\"og:url\" content=\"https:\/\/www.elementvape.de\/pt\/produkt\/packwoods-runtz-x-vape-pen-device-pod-kit-2\/\" \/>\n<meta property=\"og:site_name\" content=\"ElementVape.de\" \/>\n<meta property=\"article:modified_time\" content=\"2024-09-12T10:32:23+00:00\" \/>\n<meta property=\"og:image\" content=\"https:\/\/ae01.alicdn.com\/kf\/S3fc51b2db6e24fea987a555dd0fa2e21n\/E-Zigaretten-Pack-woods-Runty-x-Vape-Pen-leer-dicke-l-wagen-Ger-t-Pod-Kits.jpg\" \/>\n\t<meta property=\"og:image:width\" content=\"1000\" \/>\n\t<meta property=\"og:image:height\" content=\"1000\" \/>\n\t<meta property=\"og:image:type\" content=\"image\/jpeg\" \/>\n<meta name=\"twitter:card\" content=\"summary_large_image\" \/>\n<meta name=\"twitter:label1\" content=\"Est. reading time\" \/>\n\t<meta name=\"twitter:data1\" content=\"7 minutos\" \/>\n<script type=\"application\/ld+json\" class=\"yoast-schema-graph\">{\"@context\":\"https:\/\/schema.org\",\"@graph\":[{\"@type\":\"WebPage\",\"@id\":\"https:\/\/www.elementvape.de\/nl\/produkt\/packwoods-runtz-x-vape-pen-device-pod-kit-2\/\",\"url\":\"https:\/\/www.elementvape.de\/nl\/produkt\/packwoods-runtz-x-vape-pen-device-pod-kit-2\/\",\"name\":\"Packwoods Runtz x Vape Pen Device Pod Kit-2 | ElementVape.de\",\"isPartOf\":{\"@id\":\"https:\/\/www.elementvape.de\/#website\"},\"primaryImageOfPage\":{\"@id\":\"https:\/\/www.elementvape.de\/nl\/produkt\/packwoods-runtz-x-vape-pen-device-pod-kit-2\/#primaryimage\"},\"image\":{\"@id\":\"https:\/\/www.elementvape.de\/nl\/produkt\/packwoods-runtz-x-vape-pen-device-pod-kit-2\/#primaryimage\"},\"thumbnailUrl\":\"https:\/\/ae01.alicdn.com\/kf\/S3fc51b2db6e24fea987a555dd0fa2e21n\/E-Zigaretten-Pack-woods-Runty-x-Vape-Pen-leer-dicke-l-wagen-Ger-t-Pod-Kits.jpg\",\"datePublished\":\"2024-04-20T07:00:43+00:00\",\"dateModified\":\"2024-09-12T10:32:23+00:00\",\"description\":\"Wir bieten Packwoods Runtz x Vape Pen Device Pod Kit-2 , Elementvape.de akzeptieren Gro\u00df-und Einzelhandel Bestellungen.\",\"breadcrumb\":{\"@id\":\"https:\/\/www.elementvape.de\/nl\/produkt\/packwoods-runtz-x-vape-pen-device-pod-kit-2\/#breadcrumb\"},\"inLanguage\":\"pt-PT\",\"potentialAction\":[{\"@type\":\"ReadAction\",\"target\":[\"https:\/\/www.elementvape.de\/nl\/produkt\/packwoods-runtz-x-vape-pen-device-pod-kit-2\/\"]}]},{\"@type\":\"ImageObject\",\"inLanguage\":\"pt-PT\",\"@id\":\"https:\/\/www.elementvape.de\/nl\/produkt\/packwoods-runtz-x-vape-pen-device-pod-kit-2\/#primaryimage\",\"url\":\"https:\/\/ae01.alicdn.com\/kf\/S3fc51b2db6e24fea987a555dd0fa2e21n\/E-Zigaretten-Pack-woods-Runty-x-Vape-Pen-leer-dicke-l-wagen-Ger-t-Pod-Kits.jpg\",\"contentUrl\":\"https:\/\/ae01.alicdn.com\/kf\/S3fc51b2db6e24fea987a555dd0fa2e21n\/E-Zigaretten-Pack-woods-Runty-x-Vape-Pen-leer-dicke-l-wagen-Ger-t-Pod-Kits.jpg\",\"width\":1000,\"height\":1000},{\"@type\":\"BreadcrumbList\",\"@id\":\"https:\/\/www.elementvape.de\/nl\/produkt\/packwoods-runtz-x-vape-pen-device-pod-kit-2\/#breadcrumb\",\"itemListElement\":[{\"@type\":\"ListItem\",\"position\":1,\"name\":\"Home\",\"item\":\"https:\/\/www.elementvape.de\/\"},{\"@type\":\"ListItem\",\"position\":2,\"name\":\"Shop\",\"item\":\"https:\/\/www.elementvape.de\/shop\/\"},{\"@type\":\"ListItem\",\"position\":3,\"name\":\"Packwoods Runtz x Vape Pen Device Pod Kit-2\"}]},{\"@type\":\"WebSite\",\"@id\":\"https:\/\/www.elementvape.de\/#website\",\"url\":\"https:\/\/www.elementvape.de\/\",\"name\":\"ElementVape.de\",\"description\":\"\",\"publisher\":{\"@id\":\"https:\/\/www.elementvape.de\/#organization\"},\"potentialAction\":[{\"@type\":\"SearchAction\",\"target\":{\"@type\":\"EntryPoint\",\"urlTemplate\":\"https:\/\/www.elementvape.de\/?s={search_term_string}\"},\"query-input\":\"required name=search_term_string\"}],\"inLanguage\":\"pt-PT\"},{\"@type\":\"Organization\",\"@id\":\"https:\/\/www.elementvape.de\/#organization\",\"name\":\"ElementVape.DE\",\"url\":\"https:\/\/www.elementvape.de\/\",\"logo\":{\"@type\":\"ImageObject\",\"inLanguage\":\"pt-PT\",\"@id\":\"https:\/\/www.elementvape.de\/#\/schema\/logo\/image\/\",\"url\":\"https:\/\/www.elementvape.de\/wp-content\/uploads\/2024\/09\/cropped-1elementvape-3.png\",\"contentUrl\":\"https:\/\/www.elementvape.de\/wp-content\/uploads\/2024\/09\/cropped-1elementvape-3.png\",\"width\":285,\"height\":228,\"caption\":\"ElementVape.DE\"},\"image\":{\"@id\":\"https:\/\/www.elementvape.de\/#\/schema\/logo\/image\/\"}}]}<\/script>\n<!-- \/ Yoast SEO plugin. -->","yoast_head_json":{"title":"Packwoods Runtz x Vape Pen Device Pod Kit-2 | ElementVape.de","description":"Wir bieten Packwoods Runtz x Vape Pen Device Pod Kit-2 , Elementvape.de akzeptieren Gro\u00df-und Einzelhandel Bestellungen.","robots":{"index":"index","follow":"follow","max-snippet":"max-snippet:-1","max-image-preview":"max-image-preview:large","max-video-preview":"max-video-preview:-1"},"canonical":"https:\/\/www.elementvape.de\/pt\/produkt\/packwoods-runtz-x-vape-pen-device-pod-kit-2\/","og_locale":"pt_PT","og_type":"article","og_title":"Packwoods Runtz x Vape Pen Device Pod Kit-2 | ElementVape.de","og_description":"Wir bieten Packwoods Runtz x Vape Pen Device Pod Kit-2 , Elementvape.de akzeptieren Gro\u00df-und Einzelhandel Bestellungen.","og_url":"https:\/\/www.elementvape.de\/pt\/produkt\/packwoods-runtz-x-vape-pen-device-pod-kit-2\/","og_site_name":"ElementVape.de","article_modified_time":"2024-09-12T10:32:23+00:00","og_image":[{"width":1000,"height":1000,"url":"https:\/\/ae01.alicdn.com\/kf\/S3fc51b2db6e24fea987a555dd0fa2e21n\/E-Zigaretten-Pack-woods-Runty-x-Vape-Pen-leer-dicke-l-wagen-Ger-t-Pod-Kits.jpg","type":"image\/jpeg"}],"twitter_card":"summary_large_image","twitter_misc":{"Est. reading time":"7 minutos"},"schema":{"@context":"https:\/\/schema.org","@graph":[{"@type":"WebPage","@id":"https:\/\/www.elementvape.de\/nl\/produkt\/packwoods-runtz-x-vape-pen-device-pod-kit-2\/","url":"https:\/\/www.elementvape.de\/nl\/produkt\/packwoods-runtz-x-vape-pen-device-pod-kit-2\/","name":"Packwoods Runtz x Vape Pen Device Pod Kit-2 | ElementVape.de","isPartOf":{"@id":"https:\/\/www.elementvape.de\/#website"},"primaryImageOfPage":{"@id":"https:\/\/www.elementvape.de\/nl\/produkt\/packwoods-runtz-x-vape-pen-device-pod-kit-2\/#primaryimage"},"image":{"@id":"https:\/\/www.elementvape.de\/nl\/produkt\/packwoods-runtz-x-vape-pen-device-pod-kit-2\/#primaryimage"},"thumbnailUrl":"https:\/\/ae01.alicdn.com\/kf\/S3fc51b2db6e24fea987a555dd0fa2e21n\/E-Zigaretten-Pack-woods-Runty-x-Vape-Pen-leer-dicke-l-wagen-Ger-t-Pod-Kits.jpg","datePublished":"2024-04-20T07:00:43+00:00","dateModified":"2024-09-12T10:32:23+00:00","description":"Wir bieten Packwoods Runtz x Vape Pen Device Pod Kit-2 , Elementvape.de akzeptieren Gro\u00df-und Einzelhandel Bestellungen.","breadcrumb":{"@id":"https:\/\/www.elementvape.de\/nl\/produkt\/packwoods-runtz-x-vape-pen-device-pod-kit-2\/#breadcrumb"},"inLanguage":"pt-PT","potentialAction":[{"@type":"ReadAction","target":["https:\/\/www.elementvape.de\/nl\/produkt\/packwoods-runtz-x-vape-pen-device-pod-kit-2\/"]}]},{"@type":"ImageObject","inLanguage":"pt-PT","@id":"https:\/\/www.elementvape.de\/nl\/produkt\/packwoods-runtz-x-vape-pen-device-pod-kit-2\/#primaryimage","url":"https:\/\/ae01.alicdn.com\/kf\/S3fc51b2db6e24fea987a555dd0fa2e21n\/E-Zigaretten-Pack-woods-Runty-x-Vape-Pen-leer-dicke-l-wagen-Ger-t-Pod-Kits.jpg","contentUrl":"https:\/\/ae01.alicdn.com\/kf\/S3fc51b2db6e24fea987a555dd0fa2e21n\/E-Zigaretten-Pack-woods-Runty-x-Vape-Pen-leer-dicke-l-wagen-Ger-t-Pod-Kits.jpg","width":1000,"height":1000},{"@type":"BreadcrumbList","@id":"https:\/\/www.elementvape.de\/nl\/produkt\/packwoods-runtz-x-vape-pen-device-pod-kit-2\/#breadcrumb","itemListElement":[{"@type":"ListItem","position":1,"name":"Home","item":"https:\/\/www.elementvape.de\/"},{"@type":"ListItem","position":2,"name":"Shop","item":"https:\/\/www.elementvape.de\/shop\/"},{"@type":"ListItem","position":3,"name":"Packwoods Runtz x Vape Pen Device Pod Kit-2"}]},{"@type":"WebSite","@id":"https:\/\/www.elementvape.de\/#website","url":"https:\/\/www.elementvape.de\/","name":"ElementVape.de","description":"","publisher":{"@id":"https:\/\/www.elementvape.de\/#organization"},"potentialAction":[{"@type":"SearchAction","target":{"@type":"EntryPoint","urlTemplate":"https:\/\/www.elementvape.de\/?s={search_term_string}"},"query-input":"required name=search_term_string"}],"inLanguage":"pt-PT"},{"@type":"Organization","@id":"https:\/\/www.elementvape.de\/#organization","name":"ElementVape.DE","url":"https:\/\/www.elementvape.de\/","logo":{"@type":"ImageObject","inLanguage":"pt-PT","@id":"https:\/\/www.elementvape.de\/#\/schema\/logo\/image\/","url":"https:\/\/www.elementvape.de\/wp-content\/uploads\/2024\/09\/cropped-1elementvape-3.png","contentUrl":"https:\/\/www.elementvape.de\/wp-content\/uploads\/2024\/09\/cropped-1elementvape-3.png","width":285,"height":228,"caption":"ElementVape.DE"},"image":{"@id":"https:\/\/www.elementvape.de\/#\/schema\/logo\/image\/"}}]}},"_links":{"self":[{"href":"https:\/\/www.elementvape.de\/pt\/wp-json\/wp\/v2\/product\/7539"}],"collection":[{"href":"https:\/\/www.elementvape.de\/pt\/wp-json\/wp\/v2\/product"}],"about":[{"href":"https:\/\/www.elementvape.de\/pt\/wp-json\/wp\/v2\/types\/product"}],"wp:featuredmedia":[{"embeddable":true,"href":"https:\/\/www.elementvape.de\/pt\/wp-json\/wp\/v2\/media\/7540"}],"wp:attachment":[{"href":"https:\/\/www.elementvape.de\/pt\/wp-json\/wp\/v2\/media?parent=7539"}],"wp:term":[{"taxonomy":"product_cat","embeddable":true,"href":"https:\/\/www.elementvape.de\/pt\/wp-json\/wp\/v2\/product_cat?post=7539"},{"taxonomy":"product_tag","embeddable":true,"href":"https:\/\/www.elementvape.de\/pt\/wp-json\/wp\/v2\/product_tag?post=7539"}],"curies":[{"name":"wp","href":"https:\/\/api.w.org\/{rel}","templated":true}]}}